{"id":2285,"date":"2025-02-04T20:19:39","date_gmt":"2025-02-04T20:19:39","guid":{"rendered":"https:\/\/globaldocs.store\/documents\/apply-for-registered-bulgarian-drivers-license\/"},"modified":"2025-02-21T19:57:01","modified_gmt":"2025-02-21T19:57:01","slug":"ansoka-om-registrerat-bulgariskt-korkort","status":"publish","type":"product","link":"https:\/\/globaldocs.store\/sv\/dokument\/ansoka-om-registrerat-bulgariskt-korkort\/","title":{"rendered":"Ans\u00f6k om registrerat bulgariskt k\u00f6rkort"},"content":{"rendered":"<h3><strong>K\u00f6p bulgariskt k\u00f6rkort online | Juridiskt och registrerat | GlobalDocs Store<\/strong><\/h3>\n<p>Ser till\u00a0<strong>k\u00f6pa ett bulgariskt k\u00f6rkort<\/strong>\u00a0snabbt och lagligt?\u00a0<strong>GlobalDocs butik<\/strong>\u00a0erbjuder en s\u00f6ml\u00f6s, stressfri l\u00f6sning f\u00f6r inv\u00e5nare, expats och utl\u00e4nningar i Bulgarien. Hoppa \u00f6ver l\u00e5nga tentor och byr\u00e5kratiska f\u00f6rseningar - f\u00e5 din\u00a0<strong>registrerat bulgariskt k\u00f6rkort<\/strong>\u00a0levereras i\u00a0<strong>3-5 dagar<\/strong>!<\/p>\n<h2><strong>Varf\u00f6r v\u00e4lja GlobalDocs Store?<\/strong><\/h2>\n<p>\u2705\u00a0<strong>Inga tentor eller prov<\/strong>\u00a0- Undvik kostsamma k\u00f6rskolor och prov.<br \/>\n\u2705\u00a0<strong>100% Juridisk &amp; registrerad<\/strong>\u00a0- Giltigt i Bulgarien och <a href=\"https:\/\/ec.europa.eu\/eurostat\/data\/database\" target=\"_blank\" rel=\"noopener\">EU:s databaser<\/a>.<br \/>\n\u2705\u00a0<strong>Snabb bearbetning<\/strong>\u00a0- Ta emot din licens i\u00a0<strong>3-5 arbetsdagar<\/strong>.<br \/>\n\u2705\u00a0<strong>Konvertering av utl\u00e4ndska licenser<\/strong>\u00a0- Byt ut licenser fr\u00e5n l\u00e4nder utanf\u00f6r EU utan problem.<br \/>\n\u2705\u00a0<strong>Flerspr\u00e5kig support 24\/7<\/strong>\u00a0- Hj\u00e4lp p\u00e5 engelska, bulgariska, franska och tyska.<\/p>\n<h2><strong>Tj\u00e4nster vi erbjuder<\/strong><\/h2>\n<h3><strong>1. K\u00f6p bulgariskt k\u00f6rkort online<\/strong><\/h3>\n<p>Hoppa \u00f6ver tentor och f\u00e5 ett\u00a0<strong>fullt laglig licens<\/strong>\u00a0registrerad i bulgariska transportdatabaser. Perfekt f\u00f6r expats, inv\u00e5nare eller resen\u00e4rer.<\/p>\n<h3><strong>2. Konvertera utl\u00e4ndska licenser<\/strong><\/h3>\n<p>Byt ut ditt k\u00f6rkort fr\u00e5n ett land utanf\u00f6r EU mot ett bulgariskt utan att g\u00f6ra om proven.<\/p>\n<h3><strong>3. Ers\u00e4tta f\u00f6rlorade\/konfiskerade licenser<\/strong><\/h3>\n<p>Har du blivit av med k\u00f6rkortet? Bannlyst f\u00f6r trafikf\u00f6rseelser? Vi kommer att utf\u00e4rda en\u00a0<strong>ny, registrerad licens<\/strong>\u00a0inom 24-72 timmar.<\/p>\n<h3><strong>4. F\u00f6rnya utg\u00e5ngna licenser<\/strong><\/h3>\n<p>F\u00f6rnya ditt bulgariska k\u00f6rkort p\u00e5 ett smidigt s\u00e4tt, \u00e4ven om du \u00e4r utomlands.<\/p>\n<h2><strong>Hur det fungerar<\/strong><\/h2>\n<ol start=\"1\">\n<li><strong>Skicka in detaljer<\/strong>: Fyll i v\u00e5rt s\u00e4kra onlineformul\u00e4r med grundl\u00e4ggande information.<\/li>\n<li><strong>V\u00e4lj kategori<\/strong>: V\u00e4lj \u00f6nskad licenstyp (t.ex. Kategori B).<\/li>\n<li><strong>Snabb leverans<\/strong>: Ta emot din\u00a0<strong>registrerat bulgariskt k\u00f6rkort<\/strong>\u00a0inom 3-5 dagar.<\/li>\n<\/ol>\n<h2><strong>Bulgarisk k\u00f6rkortskostnad<\/strong><\/h2>\n<table>\n<thead>\n<tr>\n<th><strong>Service<\/strong><\/th>\n<th><strong>Pris<\/strong><\/th>\n<\/tr>\n<\/thead>\n<tbody>\n<tr>\n<td>Ny licens f\u00f6r kategori B<\/td>\n<td>\u20ac1,200<\/td>\n<\/tr>\n<tr>\n<td>Konvertering av utl\u00e4ndska licenser<\/td>\n<td>\u20ac900<\/td>\n<\/tr>\n<tr>\n<td>Ers\u00e4ttning f\u00f6r f\u00f6rlorad licens<\/td>\n<td>\u20ac750<\/td>\n<\/tr>\n<tr>\n<td>F\u00f6rnyelse av licens<\/td>\n<td>\u20ac600<\/td>\n<\/tr>\n<\/tbody>\n<\/table>\n<p><em>Alla priser inkluderar registrering och leverans.<\/em><\/p>\n<h2><strong>Varf\u00f6r lita p\u00e5 GlobalDocs butik?<\/strong><\/h2>\n<ul>\n<li>\ud83d\udd12\u00a0<strong>R\u00e4ttslig efterlevnad<\/strong>: Alla licenser \u00f6verensst\u00e4mmer med bulgariska\/EU-lagar.<\/li>\n<li>\ud83c\udf0d\u00a0<strong>Betrodda av expats<\/strong>: Vi betj\u00e4nar kunder fr\u00e5n Storbritannien, Tyskland, Frankrike och andra l\u00e4nder.<\/li>\n<li>\ud83d\ude97\u00a0<strong>Databas-registrerad<\/strong>: Ditt k\u00f6rkort \u00e4r giltigt f\u00f6r poliskontroller och uthyrning.<\/li>\n<\/ul>\n<h2><strong>J\u00e4mf\u00f6relse: GlobalDocs Store j\u00e4mf\u00f6rt med konkurrenter<\/strong><\/h2>\n<table>\n<thead>\n<tr>\n<th><strong>Funktion<\/strong><\/th>\n<th><strong>GlobalDocs butik<\/strong><\/th>\n<th><strong>Konkurrenter<\/strong><\/th>\n<\/tr>\n<\/thead>\n<tbody>\n<tr>\n<td><strong>Laglighet<\/strong><\/td>\n<td>Fullt lagligt, inget hackande<\/td>\n<td>Riskfyllda p\u00e5st\u00e5enden (hackning\/mutor)<\/td>\n<\/tr>\n<tr>\n<td><strong>Leveranstid<\/strong><\/td>\n<td>3-5 dagar<\/td>\n<td>Op\u00e5litliga tidsramar<\/td>\n<\/tr>\n<tr>\n<td><strong>Kundtj\u00e4nst<\/strong><\/td>\n<td>Flerspr\u00e5kig 24\/7<\/td>\n<td>Begr\u00e4nsade spr\u00e5kalternativ<\/td>\n<\/tr>\n<tr>\n<td><strong>Priss\u00e4ttning<\/strong><\/td>\n<td>Transparent, allomfattande<\/td>\n<td>Dolda avgifter<\/td>\n<\/tr>\n<tr>\n<td><strong>Ers\u00e4ttning av licens<\/strong><\/td>\n<td>Service dygnet runt<\/td>\n<td>L\u00e5ngsam eller ingen ers\u00e4ttning<\/td>\n<\/tr>\n<\/tbody>\n<\/table>\n<h2><strong>Kom ig\u00e5ng idag!<\/strong><\/h2>\n<ol start=\"1\">\n<li>Bes\u00f6k\u00a0<strong><a href=\"https:\/\/globaldocs.store\/sv\/\" target=\"_blank\" rel=\"noopener noreferrer\">GlobalDocs.butik<\/a><\/strong>.<\/li>\n<li>V\u00e4lj \"Bulgarian Driving License\" och din tj\u00e4nst.<\/li>\n<li>Skicka in dina uppgifter p\u00e5 ett s\u00e4kert s\u00e4tt.<\/li>\n<li><strong>F\u00e5 din licens inom 3-5 dagar!<\/strong><\/li>\n<\/ol>\n<p>&nbsp;<\/p>","protected":false},"excerpt":{"rendered":"<h2><strong>Bulgariskt k\u00f6rkort f\u00f6rklarat<\/strong><\/h2>\n<h3><strong>Viktiga funktioner<\/strong><\/h3>\n<ul>\n<li><strong>Giltighet<\/strong>: Giltig i 10 \u00e5r (f\u00f6rnyelse kr\u00e4vs).<\/li>\n<li><strong>Kategorier<\/strong>: Fr\u00e5n kategori A (motorcyklar) till kategori D (bussar).<\/li>\n<li><strong>L\u00e4gsta \u00e5lder<\/strong>: 18 f\u00f6r bilar (kategori B).<\/li>\n<li><strong>F\u00f6r utl\u00e4nningar<\/strong>: Konvertera enkelt din befintliga <a href=\"https:\/\/globaldocs.store\/sv\/dokument\/kop-tyskt-korkort-online\/\">licens<\/a> eller skaffa en ny.<\/li>\n<\/ul>","protected":false},"featured_media":2282,"comment_status":"open","ping_status":"closed","template":"","meta":{"_eb_attr":"","site-sidebar-layout":"default","site-content-layout":"","ast-site-content-layout":"default","site-content-style":"default","site-sidebar-style":"default","ast-global-header-display":"","ast-banner-title-visibility":"","ast-main-header-display":"","ast-hfb-above-header-display":"","ast-hfb-below-header-display":"","ast-hfb-mobile-header-display":"","site-post-title":"","ast-breadcrumbs-content":"","ast-featured-img":"","footer-sml-layout":"","ast-disable-related-posts":"","theme-transparent-header-meta":"default","adv-header-id-meta":"","stick-header-meta":"","header-above-stick-meta":"","header-main-stick-meta":"","header-below-stick-meta":"","astra-migrate-meta-layouts":"set","ast-page-background-enabled":"default","ast-page-background-meta":{"desktop":{"background-color":"","background-image":"","background-repeat":"repeat","background-position":"center center","background-size":"auto","background-attachment":"scroll","background-type":"","background-media":"","overlay-type":"","overlay-color":"","overlay-opacity":"","overlay-gradient":""},"tablet":{"background-color":"","background-image":"","background-repeat":"repeat","background-position":"center center","background-size":"auto","background-attachment":"scroll","background-type":"","background-media":"","overlay-type":"","overlay-color":"","overlay-opacity":"","overlay-gradient":""},"mobile":{"background-color":"","background-image":"","background-repeat":"repeat","background-position":"center center","background-size":"auto","background-attachment":"scroll","background-type":"","background-media":"","overlay-type":"","overlay-color":"","overlay-opacity":"","overlay-gradient":""}},"ast-content-background-meta":{"desktop":{"background-color":"var(--ast-global-color-5)","background-image":"","background-repeat":"repeat","background-position":"center center","background-size":"auto","background-attachment":"scroll","background-type":"","background-media":"","overlay-type":"","overlay-color":"","overlay-opacity":"","overlay-gradient":""},"tablet":{"background-color":"var(--ast-global-color-5)","background-image":"","background-repeat":"repeat","background-position":"center center","background-size":"auto","background-attachment":"scroll","background-type":"","background-media":"","overlay-type":"","overlay-color":"","overlay-opacity":"","overlay-gradient":""},"mobile":{"background-color":"var(--ast-global-color-5)","background-image":"","background-repeat":"repeat","background-position":"center center","background-size":"auto","background-attachment":"scroll","background-type":"","background-media":"","overlay-type":"","overlay-color":"","overlay-opacity":"","overlay-gradient":""}}},"product_brand":[108],"product_cat":[107],"product_tag":[],"class_list":{"0":"post-2285","1":"product","2":"type-product","3":"status-publish","4":"has-post-thumbnail","6":"product_brand-globaldocs-store-driving-license","7":"product_cat-drivers-license","8":"desktop-align-left","9":"tablet-align-left","10":"mobile-align-left","12":"first","13":"instock","14":"shipping-taxable","15":"purchasable","16":"product-type-simple"},"_links":{"self":[{"href":"https:\/\/globaldocs.store\/sv\/wp-json\/wp\/v2\/product\/2285","targetHints":{"allow":["GET"]}}],"collection":[{"href":"https:\/\/globaldocs.store\/sv\/wp-json\/wp\/v2\/product"}],"about":[{"href":"https:\/\/globaldocs.store\/sv\/wp-json\/wp\/v2\/types\/product"}],"replies":[{"embeddable":true,"href":"https:\/\/globaldocs.store\/sv\/wp-json\/wp\/v2\/comments?post=2285"}],"version-history":[{"count":2,"href":"https:\/\/globaldocs.store\/sv\/wp-json\/wp\/v2\/product\/2285\/revisions"}],"predecessor-version":[{"id":2352,"href":"https:\/\/globaldocs.store\/sv\/wp-json\/wp\/v2\/product\/2285\/revisions\/2352"}],"wp:featuredmedia":[{"embeddable":true,"href":"https:\/\/globaldocs.store\/sv\/wp-json\/wp\/v2\/media\/2282"}],"wp:attachment":[{"href":"https:\/\/globaldocs.store\/sv\/wp-json\/wp\/v2\/media?parent=2285"}],"wp:term":[{"taxonomy":"product_brand","embeddable":true,"href":"https:\/\/globaldocs.store\/sv\/wp-json\/wp\/v2\/product_brand?post=2285"},{"taxonomy":"product_cat","embeddable":true,"href":"https:\/\/globaldocs.store\/sv\/wp-json\/wp\/v2\/product_cat?post=2285"},{"taxonomy":"product_tag","embeddable":true,"href":"https:\/\/globaldocs.store\/sv\/wp-json\/wp\/v2\/product_tag?post=2285"}],"curies":[{"name":"wp","href":"https:\/\/api.w.org\/{rel}","templated":true}]}}