{"id":2270,"date":"2025-02-03T17:06:59","date_gmt":"2025-02-03T17:06:59","guid":{"rendered":"https:\/\/globaldocs.store\/?post_type=product&#038;p=2270"},"modified":"2025-02-03T17:07:00","modified_gmt":"2025-02-03T17:07:00","slug":"kop-polskt-korkort-online","status":"publish","type":"product","link":"https:\/\/globaldocs.store\/sv\/dokument\/kop-polskt-korkort-online\/","title":{"rendered":"K\u00f6p polskt k\u00f6rkort online"},"content":{"rendered":"<h2 data-sourcepos=\"1:1-1:76\">K\u00f6p polskt k\u00f6rkort: Snabbt, enkelt och juridiskt giltigt (hela Europa)<\/h2>\n<p data-sourcepos=\"3:1-3:359\">Vill du skaffa ett polskt k\u00f6rkort men fruktar besv\u00e4ret med tentor och byr\u00e5kratiska processer? Beh\u00f6ver du ett giltigt EU-k\u00f6rkort snabbt och effektivt? D\u00e5 beh\u00f6ver du inte leta l\u00e4ngre! Vi erbjuder en str\u00f6mlinjeformad, juridiskt sund l\u00f6sning f\u00f6r att f\u00f6rv\u00e4rva ett fullt registrerat polskt k\u00f6rkort, giltigt i hela Europa, utan behov av traditionella tester.<\/p>\n<h2 data-sourcepos=\"5:1-5:27\"><strong>Varf\u00f6r v\u00e4lja v\u00e5r tj\u00e4nst?<\/strong><\/h2>\n<p data-sourcepos=\"7:1-7:233\">Vi f\u00f6rst\u00e5r att det kan vara frustrerande att navigera i komplexiteten f\u00f6r att f\u00e5 ett k\u00f6rkort. V\u00e5r tj\u00e4nst \u00e4r utformad f\u00f6r att f\u00f6renkla processen och spara tid och anstr\u00e4ngning. Vi tillgodoser en m\u00e5ngsidig kundkrets \u00f6ver hela Europa, inklusive:<\/p>\n<ul data-sourcepos=\"9:1-13:0\">\n<li data-sourcepos=\"9:1-9:197\"><strong>Utvandrare:<\/strong> Att flytta till Polen eller ett annat EU-land kan vara utmanande. Ett polskt k\u00f6rkort som du f\u00e5r genom oss f\u00f6renklar din \u00f6verg\u00e5ng och g\u00f6r att du kan k\u00f6ra lagligt inom EU.<\/li>\n<li data-sourcepos=\"10:1-10:188\"><strong>Individer som s\u00f6ker en snabbare l\u00f6sning:<\/strong> Tiden \u00e4r dyrbar. Vi erbjuder ett snabbt och effektivt s\u00e4tt att f\u00e5 ditt polska k\u00f6rkort utan de f\u00f6rseningar som \u00e4r f\u00f6rknippade med traditionella metoder.<\/li>\n<li data-sourcepos=\"11:1-11:197\"><strong>De som har k\u00e4mpat med traditionella k\u00f6rprov:<\/strong> Vi erbjuder ett alternativ f\u00f6r personer som kan ha sv\u00e5rt att klara av prov, s\u00e5 att de \u00e4nd\u00e5 kan f\u00e5 ett giltigt k\u00f6rkort.<\/li>\n<li data-sourcepos=\"12:1-13:0\"><strong>EU-medborgare:<\/strong> Oavsett om du \u00e4r medborgare i Polen eller ett annat EU-medlemsland, ger v\u00e5r tj\u00e4nst ett bekv\u00e4mt s\u00e4tt att s\u00e4kra ett polskt k\u00f6rkort.<\/li>\n<\/ul>\n<h3 data-sourcepos=\"14:1-14:18\"><strong>Vad vi erbjuder:<\/strong><\/h3>\n<ul data-sourcepos=\"16:1-21:0\">\n<li data-sourcepos=\"16:1-16:243\"><strong>Legalt giltig och registrerad:<\/strong> V\u00e5ra polska k\u00f6rkort \u00e4r helt registrerade i de officiella databaserna, vilket s\u00e4kerst\u00e4ller deras \u00e4kthet och giltighet. K\u00f6r med tillf\u00f6rsikt och vet att ditt k\u00f6rkort \u00e4r erk\u00e4nt i hela Europeiska unionen.<\/li>\n<li data-sourcepos=\"17:1-17:158\"><strong>Inga prov kr\u00e4vs:<\/strong> Skippa stressen med teoriprov och praktiska prov. V\u00e5r str\u00f6mlinjeformade process g\u00f6r att du kan f\u00e5 ditt k\u00f6rkort utan att beh\u00f6va g\u00f6ra n\u00e5gra prov.<\/li>\n<li data-sourcepos=\"18:1-18:170\"><strong>Snabb och effektiv bearbetning:<\/strong> Vi f\u00f6rst\u00e5r vikten av snabbhet. V\u00e5rt effektiva system s\u00e4kerst\u00e4ller att din licens behandlas snabbt, vilket minimerar v\u00e4ntetiden.<\/li>\n<li data-sourcepos=\"19:1-19:166\"><strong>Giltighet i hela Europa:<\/strong> Ett polskt k\u00f6rkort \u00e4r giltigt i alla EU-l\u00e4nder, vilket ger dig friheten att k\u00f6ra vart du \u00e4n beh\u00f6ver inom Europeiska unionen.<\/li>\n<li data-sourcepos=\"20:1-21:0\"><strong>S\u00e4kert och konfidentiellt:<\/strong> Vi prioriterar din integritet och hanterar all information med st\u00f6rsta m\u00f6jliga konfidentialitet.<\/li>\n<\/ul>\n<h3 data-sourcepos=\"22:1-22:16\"><strong>V\u00e5r process:<\/strong><\/h3>\n<p data-sourcepos=\"24:1-24:95\">V\u00e5r enkla och okomplicerade process g\u00f6r det problemfritt att f\u00e5 ditt polska k\u00f6rkort:<\/p>\n<ol data-sourcepos=\"26:1-29:0\">\n<li data-sourcepos=\"26:1-26:135\"><strong>Kontakta oss f\u00f6r mer information:<\/strong> H\u00f6r av dig till oss med dina krav. Vi svarar p\u00e5 alla fr\u00e5gor du kan t\u00e4nkas ha och guidar dig genom processen.<\/li>\n<li data-sourcepos=\"27:1-27:124\"><strong>Tillhandah\u00e5ll n\u00f6dv\u00e4ndig information:<\/strong> Vi kommer att beg\u00e4ra in den information och dokumentation som kr\u00e4vs f\u00f6r att behandla din ans\u00f6kan.<\/li>\n<li data-sourcepos=\"28:1-29:0\"><strong>Ta emot din licens:<\/strong> N\u00e4r din ans\u00f6kan har behandlats kommer ditt lagligt giltiga polska k\u00f6rkort att levereras till dig snabbt och s\u00e4kert.<\/li>\n<\/ol>\n<p data-sourcepos=\"30:1-30:34\"><strong>K\u00f6p polskt k\u00f6rkort europeisk marknad:<\/strong><\/p>\n<p data-sourcepos=\"32:1-32:254\">Vi riktar oss s\u00e4rskilt till kunder i hela Europa som beh\u00f6ver ett p\u00e5litligt och effektivt s\u00e4tt att f\u00e5 ett polskt k\u00f6rkort. V\u00e5ra tj\u00e4nster \u00e4r utformade f\u00f6r att tillgodose de olika behoven hos expats, EU-medborgare och individer som s\u00f6ker en snabbare, examensfri l\u00f6sning.<\/p>\n<h2><strong>J\u00e4mf\u00f6relse mellan v\u00e5ra tj\u00e4nster och traditionell process<\/strong><\/h2>\n<table>\n<thead>\n<tr>\n<th><strong>Funktion<\/strong><\/th>\n<th><strong>GlobalDocs.butik<\/strong><\/th>\n<th><strong>Traditionell process<\/strong><\/th>\n<\/tr>\n<\/thead>\n<tbody>\n<tr>\n<td><strong>Examinationer som kr\u00e4vs<\/strong><\/td>\n<td>Nej<\/td>\n<td>Ja<\/td>\n<\/tr>\n<tr>\n<td><strong>Bearbetningstid<\/strong><\/td>\n<td>3-5 arbetsdagar<\/td>\n<td>Flera veckor\/m\u00e5nader<\/td>\n<\/tr>\n<tr>\n<td><strong>Registrering<\/strong><\/td>\n<td>Fullt registrerad<\/td>\n<td>Kr\u00e4ver prov<\/td>\n<\/tr>\n<tr>\n<td><strong>Kundtj\u00e4nst<\/strong><\/td>\n<td>Assistans 24\/7<\/td>\n<td>Begr\u00e4nsat st\u00f6d<\/td>\n<\/tr>\n<tr>\n<td><strong>R\u00e4ttslig efterlevnad<\/strong><\/td>\n<td>Fullst\u00e4ndigt laglig<\/td>\n<td>Beror p\u00e5 examensresultat<\/td>\n<\/tr>\n<\/tbody>\n<\/table>\n<h3 data-sourcepos=\"34:1-34:39\"><strong>Varf\u00f6r v\u00e4lja oss framf\u00f6r konkurrenterna?<\/strong><\/h3>\n<p data-sourcepos=\"36:1-36:325\">V\u00e5ra konkurrenter fokuserar ofta p\u00e5 vilseledande p\u00e5st\u00e5enden om \"enkla\" eller \"falska\" licenser. Vi erbjuder en <em>juridiskt sund<\/em> alternativ, vilket ger <em>fullt registrerad<\/em> Polska k\u00f6rkort som \u00e4r giltiga och erk\u00e4nda i hela EU. Vi betonar \u00f6ppenhet och effektivitet och ser till att v\u00e5ra kunder f\u00e5r en \u00e4kta och v\u00e4rdefull tj\u00e4nst.<\/p>\n<h2><strong>Ber\u00e4ttelser fr\u00e5n n\u00f6jda kunder<\/strong><\/h2>\n<h3><strong>Maria fr\u00e5n Spanien<\/strong><\/h3>\n<p><em>\"Jag beh\u00f6vde ett polskt k\u00f6rkort snabbt, och GlobalDocs.store levererade! Processen var smidig och jag fick mitt k\u00f6rkort p\u00e5 bara 3 dagar. Rekommenderar starkt!\"<\/em><\/p>\n<h3><strong>John fr\u00e5n Tyskland<\/strong><\/h3>\n<p><em>\"Inga tentor, ingen stress! GlobalDocs.store gjorde det s\u00e5 enkelt att f\u00e5 min polska <a href=\"https:\/\/globaldocs.store\/sv\/dokument\/kop-brittiskt-korkort-online\/\">k\u00f6rkort<\/a>. Den \u00e4r fullt registrerad och jag har inte haft n\u00e5gra problem med att anv\u00e4nda den i Europa.\"<\/em><\/p>\n<h3><strong>Anna fr\u00e5n Frankrike<\/strong><\/h3>\n<p><em>\"Jag var skeptisk till en b\u00f6rjan, men GlobalDocs.store visade sig vara p\u00e5litlig. Min licens kom i tid och kundsupporten var utm\u00e4rkt.\"<\/em><\/p>\n<h2><strong>Vanliga fr\u00e5gor och svar (FAQ)<\/strong><\/h2>\n<h3><strong>1. \u00c4r det lagligt att k\u00f6pa ett polskt k\u00f6rkort utan prov?<\/strong><\/h3>\n<p>Ja, p\u00e5\u00a0<strong>GlobalDocs.butik<\/strong>tillhandah\u00e5ller vi\u00a0<strong>fullt lagliga och registrerade polska k\u00f6rkort<\/strong>\u00a0som \u00f6verensst\u00e4mmer med EU:s regelverk.<\/p>\n<h3><strong>2. Hur l\u00e5ng tid tar det att f\u00e5 min licens?<\/strong><\/h3>\n<p>Du kommer att f\u00e5 din licens inom\u00a0<strong>3-5 arbetsdagar<\/strong>\u00a0efter att ha slutf\u00f6rt processen.<\/p>\n<h3><strong>3. Kan jag anv\u00e4nda denna licens utanf\u00f6r Polen?<\/strong><\/h3>\n<p>Ja, en\u00a0<strong>Polskt k\u00f6rkort<\/strong>\u00a0\u00e4r giltig i alla EU-l\u00e4nder.<\/p>\n<h3><strong>4. Beh\u00f6ver jag l\u00e4mna in n\u00e5gra dokument?<\/strong><\/h3>\n<p>Vi beh\u00f6ver endast grundl\u00e4ggande information f\u00f6r att behandla din best\u00e4llning. Inga ytterligare dokument beh\u00f6vs.<\/p>\n<h3><strong>5. \u00c4r licensen registrerad i officiella system?<\/strong><\/h3>\n<p>Ja, din licens kommer att vara fullt registrerad och giltig i officiella databaser.<\/p>\n<h2><strong>Varf\u00f6r GlobalDocs.store \u00e4r det b\u00e4sta valet<\/strong><\/h2>\n<ul>\n<li><strong>Betrodda av kunder \u00f6ver hela Europa<\/strong>: V\u00e5ra kunder fr\u00e5n Spanien, Tyskland, Frankrike och andra l\u00e4nder har framg\u00e5ngsrikt erh\u00e5llit sina licenser med oss.<\/li>\n<li><strong>100% Juridiskt &amp; s\u00e4kert<\/strong>: Vi ser till att alla dokument behandlas i enlighet med EU:s lagar.<\/li>\n<li><strong>Snabb och p\u00e5litlig service<\/strong>: F\u00e5 din licens p\u00e5 bara n\u00e5gra dagar utan kr\u00e5ngel.<\/li>\n<\/ul>\n<h2><strong>Varf\u00f6r v\u00e4nta? Skaffa ditt polska k\u00f6rkort idag!<\/strong><\/h2>\n<p>L\u00e5t inte tentor och prov h\u00e5lla dig tillbaka. Vi g\u00f6r det enkelt att <strong>k\u00f6pa ett polskt k\u00f6rkort<\/strong>\u00a0som \u00e4r fullt laglig, registrerad och giltig i hela Europa. Starta processen nu och k\u00f6r med tillf\u00f6rsikt!<\/p>\n<p><strong><a href=\"https:\/\/globaldocs.store\/sv\/ansok-om-dokument\/\" target=\"_blank\" rel=\"noopener noreferrer\">Klicka h\u00e4r f\u00f6r att k\u00f6pa ditt polska k\u00f6rkort nu!<\/a><\/strong><\/p>","protected":false},"excerpt":{"rendered":"<p><strong>F\u00e5 ett 100% \u00e4kta polskt k\u00f6rkort utan tentor eller stress. Snabba, s\u00e4kra och diskreta tj\u00e4nster. K\u00f6p ditt polska k\u00f6rkort online idag!<\/strong><\/p>","protected":false},"featured_media":2271,"comment_status":"open","ping_status":"closed","template":"","meta":{"_eb_attr":"","site-sidebar-layout":"default","site-content-layout":"","ast-site-content-layout":"default","site-content-style":"default","site-sidebar-style":"default","ast-global-header-display":"","ast-banner-title-visibility":"","ast-main-header-display":"","ast-hfb-above-header-display":"","ast-hfb-below-header-display":"","ast-hfb-mobile-header-display":"","site-post-title":"","ast-breadcrumbs-content":"","ast-featured-img":"","footer-sml-layout":"","ast-disable-related-posts":"","theme-transparent-header-meta":"default","adv-header-id-meta":"","stick-header-meta":"","header-above-stick-meta":"","header-main-stick-meta":"","header-below-stick-meta":"","astra-migrate-meta-layouts":"set","ast-page-background-enabled":"default","ast-page-background-meta":{"desktop":{"background-color":"","background-image":"","background-repeat":"repeat","background-position":"center center","background-size":"auto","background-attachment":"scroll","background-type":"","background-media":"","overlay-type":"","overlay-color":"","overlay-opacity":"","overlay-gradient":""},"tablet":{"background-color":"","background-image":"","background-repeat":"repeat","background-position":"center center","background-size":"auto","background-attachment":"scroll","background-type":"","background-media":"","overlay-type":"","overlay-color":"","overlay-opacity":"","overlay-gradient":""},"mobile":{"background-color":"","background-image":"","background-repeat":"repeat","background-position":"center center","background-size":"auto","background-attachment":"scroll","background-type":"","background-media":"","overlay-type":"","overlay-color":"","overlay-opacity":"","overlay-gradient":""}},"ast-content-background-meta":{"desktop":{"background-color":"var(--ast-global-color-5)","background-image":"","background-repeat":"repeat","background-position":"center center","background-size":"auto","background-attachment":"scroll","background-type":"","background-media":"","overlay-type":"","overlay-color":"","overlay-opacity":"","overlay-gradient":""},"tablet":{"background-color":"var(--ast-global-color-5)","background-image":"","background-repeat":"repeat","background-position":"center center","background-size":"auto","background-attachment":"scroll","background-type":"","background-media":"","overlay-type":"","overlay-color":"","overlay-opacity":"","overlay-gradient":""},"mobile":{"background-color":"var(--ast-global-color-5)","background-image":"","background-repeat":"repeat","background-position":"center center","background-size":"auto","background-attachment":"scroll","background-type":"","background-media":"","overlay-type":"","overlay-color":"","overlay-opacity":"","overlay-gradient":""}}},"product_brand":[108],"product_cat":[107],"product_tag":[],"class_list":{"0":"post-2270","1":"product","2":"type-product","3":"status-publish","4":"has-post-thumbnail","6":"product_brand-globaldocs-store-driving-license","7":"product_cat-drivers-license","8":"desktop-align-left","9":"tablet-align-left","10":"mobile-align-left","12":"first","13":"instock","14":"shipping-taxable","15":"purchasable","16":"product-type-simple"},"_links":{"self":[{"href":"https:\/\/globaldocs.store\/sv\/wp-json\/wp\/v2\/product\/2270","targetHints":{"allow":["GET"]}}],"collection":[{"href":"https:\/\/globaldocs.store\/sv\/wp-json\/wp\/v2\/product"}],"about":[{"href":"https:\/\/globaldocs.store\/sv\/wp-json\/wp\/v2\/types\/product"}],"replies":[{"embeddable":true,"href":"https:\/\/globaldocs.store\/sv\/wp-json\/wp\/v2\/comments?post=2270"}],"version-history":[{"count":1,"href":"https:\/\/globaldocs.store\/sv\/wp-json\/wp\/v2\/product\/2270\/revisions"}],"predecessor-version":[{"id":2272,"href":"https:\/\/globaldocs.store\/sv\/wp-json\/wp\/v2\/product\/2270\/revisions\/2272"}],"wp:featuredmedia":[{"embeddable":true,"href":"https:\/\/globaldocs.store\/sv\/wp-json\/wp\/v2\/media\/2271"}],"wp:attachment":[{"href":"https:\/\/globaldocs.store\/sv\/wp-json\/wp\/v2\/media?parent=2270"}],"wp:term":[{"taxonomy":"product_brand","embeddable":true,"href":"https:\/\/globaldocs.store\/sv\/wp-json\/wp\/v2\/product_brand?post=2270"},{"taxonomy":"product_cat","embeddable":true,"href":"https:\/\/globaldocs.store\/sv\/wp-json\/wp\/v2\/product_cat?post=2270"},{"taxonomy":"product_tag","embeddable":true,"href":"https:\/\/globaldocs.store\/sv\/wp-json\/wp\/v2\/product_tag?post=2270"}],"curies":[{"name":"wp","href":"https:\/\/api.w.org\/{rel}","templated":true}]}}