{"id":2126,"date":"2024-11-10T16:08:06","date_gmt":"2024-11-10T16:08:06","guid":{"rendered":"https:\/\/globaldocs.store\/?post_type=product&#038;p=2126"},"modified":"2025-02-21T19:57:50","modified_gmt":"2025-02-21T19:57:50","slug":"kop-australiskt-pass-online","status":"publish","type":"product","link":"https:\/\/globaldocs.store\/sv\/dokument\/kop-australiskt-pass-online\/","title":{"rendered":"K\u00f6p australiensiskt pass online"},"content":{"rendered":"<h2><span style=\"color: #000000;\"><strong>K\u00f6p ett australiskt pass online - F\u00e5 tillg\u00e5ng till resefrihet i v\u00e4rldsklass<\/strong><\/span><\/h2>\n<p><span style=\"color: #000000;\">Ett australiskt pass \u00e4r ett av de mest kraftfulla resedokumenten och erbjuder <strong>visumfri eller visum vid ankomsten till \u00f6ver 180 l\u00e4nder<\/strong>. Med Global Docs Solutions \u00e4r det snabbt och s\u00e4kert att skaffa ett australiskt pass online, och det \u00e4r utformat f\u00f6r att f\u00f6renkla din v\u00e4g till f\u00f6rm\u00e5ner f\u00f6r australiskt medborgarskap.<\/span><\/p>\n<h2><span style=\"color: #000000;\"><strong>Varf\u00f6r ett australiskt pass?<\/strong><\/span><\/h2>\n<ul>\n<li><span style=\"color: #000000;\"><strong>Global visumfri tillg\u00e5ng<\/strong>: Njut av resefriheten med inresa till stora destinationer i Asien, Europa och Amerika.<\/span><\/li>\n<li><span style=\"color: #000000;\"><strong>Exceptionell livskvalitet<\/strong>: F\u00e5 tillg\u00e5ng till Australiens starka ekonomi, h\u00e4lso- och sjukv\u00e5rd och utbildningssystem.<\/span><\/li>\n<li><span style=\"color: #000000;\"><strong>F\u00f6rdelar f\u00f6r f\u00f6retag och investeringar<\/strong>: Utnyttja m\u00f6jligheterna i en av de mest stabila och v\u00e4lm\u00e5ende ekonomierna i v\u00e4rlden.<\/span><\/li>\n<li><span style=\"color: #000000;\"><strong>Inkludering av familjen<\/strong>: Australiensiskt medborgarskap erbjuder omfattande f\u00f6rdelar f\u00f6r familjer, med tillg\u00e5ng till kvalitetsutbildning och h\u00e4lsov\u00e5rdssystem.<\/span><\/li>\n<\/ul>\n<h2><span style=\"color: #000000;\"><strong>Varf\u00f6r v\u00e4lja Global Docs Solutions f\u00f6r dina australiensiska passbehov?<\/strong><\/span><\/h2>\n<ol>\n<li><span style=\"color: #000000;\"><strong>Snabb bearbetning<\/strong>: Ta emot ditt australiska pass inom <strong>7-10 arbetsdagar<\/strong>.<\/span><\/li>\n<li><span style=\"color: #000000;\"><strong>S\u00e4kra betalningar<\/strong>: Tillval inkluderar <strong>Bitcoin, USDT, bank\u00f6verf\u00f6ring, Western Union och WorldRemit<\/strong> f\u00f6r enkelhetens skull.<\/span><\/li>\n<li><span style=\"color: #000000;\"><strong>Datasekretess<\/strong>: Vi prioriterar kundsekretess med krypterade bearbetningssystem.<\/span><\/li>\n<li><span style=\"color: #000000;\"><strong>Kundtj\u00e4nst 24\/7<\/strong>: Dedikerad support finns tillg\u00e4nglig i varje steg f\u00f6r att s\u00e4kerst\u00e4lla en smidig upplevelse.<\/span><\/li>\n<\/ol>\n<h2><span style=\"color: #000000;\"><strong>Tj\u00e4nstespecifikationer - Hj\u00e4lp med ans\u00f6kan om australiskt pass<\/strong><\/span><\/h2>\n<table>\n<thead>\n<tr>\n<th><span style=\"color: #000000;\"><strong>Funktion<\/strong><\/span><\/th>\n<th><span style=\"color: #000000;\"><strong>Detaljer<\/strong><\/span><\/th>\n<\/tr>\n<\/thead>\n<tbody>\n<tr>\n<td><span style=\"color: #000000;\"><strong>Typ av tj\u00e4nst<\/strong><\/span><\/td>\n<td><span style=\"color: #000000;\">Hj\u00e4lp med ans\u00f6kan om australiskt pass<\/span><\/td>\n<\/tr>\n<tr>\n<td><span style=\"color: #000000;\"><strong>Bearbetningstid<\/strong><\/span><\/td>\n<td><span style=\"color: #000000;\">7-10 arbetsdagar<\/span><\/td>\n<\/tr>\n<tr>\n<td><span style=\"color: #000000;\"><strong>Beh\u00f6righet<\/strong><\/span><\/td>\n<td><span style=\"color: #000000;\">\u00d6ppet f\u00f6r beh\u00f6riga internationella s\u00f6kande<\/span><\/td>\n<\/tr>\n<tr>\n<td><span style=\"color: #000000;\"><strong>Obligatoriska dokument<\/strong><\/span><\/td>\n<td><span style=\"color: #000000;\">Giltigt ID, bevis p\u00e5 medborgarskap, n\u00f6dv\u00e4ndiga dokument<\/span><\/td>\n<\/tr>\n<tr>\n<td><span style=\"color: #000000;\"><strong>Betalningsmetoder<\/strong><\/span><\/td>\n<td><span style=\"color: #000000;\">Bitcoin, USDT, Bank\u00f6verf\u00f6ring, Western Union, WorldRemit<\/span><\/td>\n<\/tr>\n<tr>\n<td><span style=\"color: #000000;\"><strong>Leverans<\/strong><\/span><\/td>\n<td><span style=\"color: #000000;\">S\u00e4ker leverans \u00f6ver hela v\u00e4rlden inom 7-10 dagar<\/span><\/td>\n<\/tr>\n<tr>\n<td><span style=\"color: #000000;\"><strong>St\u00f6d<\/strong><\/span><\/td>\n<td><span style=\"color: #000000;\">Kundtj\u00e4nst dygnet runt f\u00f6r eventuella fr\u00e5gor<\/span><\/td>\n<\/tr>\n<\/tbody>\n<\/table>\n<h2><span style=\"color: #000000;\"><strong>Hur man ans\u00f6ker om ditt australiska pass online<\/strong><\/span><\/h2>\n<ol>\n<li><span style=\"color: #000000;\"><strong>Inledande konsultation<\/strong>: Bekr\u00e4fta att du \u00e4r beh\u00f6rig och f\u00e5 v\u00e4gledning om dokumentkrav.<\/span><\/li>\n<li><span style=\"color: #000000;\"><strong>Inl\u00e4mning av dokument<\/strong>: Ladda upp n\u00f6dv\u00e4ndiga dokument p\u00e5 ett s\u00e4kert s\u00e4tt via v\u00e5rt krypterade system.<\/span><\/li>\n<li><span style=\"color: #000000;\"><strong>Fullst\u00e4ndig betalning<\/strong>: Betala genom v\u00e5ra s\u00e4kra och flexibla betalningsalternativ.<\/span><\/li>\n<li><span style=\"color: #000000;\"><strong>Leverans av pass<\/strong>: Ditt australiska pass kommer att levereras inom <strong>7-10 arbetsdagar<\/strong>.<\/span><\/li>\n<\/ol>\n<h2><span style=\"color: #000000;\"><strong>Ytterligare f\u00f6rdelar med att inneha ett australiskt pass<\/strong><\/span><\/h2>\n<ul>\n<li><span style=\"color: #000000;\"><strong>Hj\u00e4lp med uppeh\u00e5llstillst\u00e5nd och visum<\/strong>: Vi ger v\u00e4gledning om alternativ f\u00f6r l\u00e5ngvarigt uppeh\u00e5llstillst\u00e5nd eller medborgarskap.<\/span><\/li>\n<li><span style=\"color: #000000;\"><strong>St\u00f6d f\u00f6r efterlevnad av dokument<\/strong>: Vi ser till att din ans\u00f6kan uppfyller alla n\u00f6dv\u00e4ndiga krav.<\/span><\/li>\n<li><span style=\"color: #000000;\"><strong>Sp\u00e5rning i realtid<\/strong>: F\u00f6lj din ans\u00f6kan med uppdateringar dygnet runt fr\u00e5n v\u00e5rt supportteam.<\/span><\/li>\n<\/ul>\n<h2><span style=\"color: #000000;\"><strong>Vanliga fr\u00e5gor och svar (FAQ)<\/strong><\/span><\/h2>\n<p><span style=\"color: #000000;\"><strong>1. Hur l\u00e5ng tid tar den australiska passans\u00f6kan?<\/strong><\/span><br \/>\n<span style=\"color: #000000;\">Processen tar <strong>7-10 arbetsdagar<\/strong> f\u00f6r f\u00e4rdigst\u00e4llande och leverans.<\/span><\/p>\n<p><span style=\"color: #000000;\"><strong>2. Vilka betalningsmetoder accepteras?<\/strong><\/span><br \/>\n<span style=\"color: #000000;\">Vi accepterar <strong>Bitcoin, USDT, bank\u00f6verf\u00f6ring, Western Union och WorldRemit<\/strong>.<\/span><\/p>\n<p><span style=\"color: #000000;\"><strong>3. \u00c4r min information s\u00e4ker?<\/strong><\/span><br \/>\n<span style=\"color: #000000;\">Ja, vi anv\u00e4nder helt krypterad behandling f\u00f6r sekretess och dataskydd.<\/span><\/p>\n<p><span style=\"color: #000000;\"><strong>4. Vilka \u00e4r de viktigaste f\u00f6rdelarna med att ha ett australiskt pass?<\/strong><\/span><br \/>\n<span style=\"color: #000000;\">Ett australiskt pass ger global resefrihet, tillg\u00e5ng till utm\u00e4rkt sjukv\u00e5rd, utbildning och aff\u00e4rsm\u00f6jligheter i Australien.<\/span><\/p>\n<h2><span style=\"color: #000000;\"><strong>Starta din australiska passans\u00f6kan idag<\/strong><\/span><\/h2>\n<p><span style=\"color: #000000;\">Ta n\u00e4sta steg mot <strong>global r\u00f6rlighet och australiskt medborgarskap<\/strong> med Global Docs Solutions. V\u00e5rt erfarna team g\u00f6r passans\u00f6kningsprocessen s\u00f6ml\u00f6s, s\u00e4ker och effektiv. <strong>Kontakta oss idag<\/strong> f\u00f6r att komma ig\u00e5ng med din ans\u00f6kan.<\/span><\/p>","protected":false},"excerpt":{"rendered":"<ul>\n<li><span style=\"color: #000000;\"><strong>Snabb bearbetning<\/strong>: Ta emot ditt australiska pass inom <strong>7-10 arbetsdagar<\/strong>.<\/span><\/li>\n<li><span style=\"color: #000000;\"><strong>S\u00e4kra betalningar<\/strong>: Tillval inkluderar <strong>Bitcoin, USDT, bank\u00f6verf\u00f6ring, Western Union och WorldRemit<\/strong> f\u00f6r enkelhetens skull.<\/span><\/li>\n<li><span style=\"color: #000000;\"><strong>Datasekretess<\/strong>: Vi prioriterar kundsekretess med krypterade bearbetningssystem.<\/span><\/li>\n<li><span style=\"color: #000000;\"><strong>Kundtj\u00e4nst 24\/7<\/strong>: Dedikerad support finns tillg\u00e4nglig i varje steg f\u00f6r att s\u00e4kerst\u00e4lla en smidig upplevelse.<\/span><\/li>\n<\/ul>","protected":false},"featured_media":2127,"comment_status":"open","ping_status":"closed","template":"","meta":{"_eb_attr":"","site-sidebar-layout":"default","site-content-layout":"","ast-site-content-layout":"default","site-content-style":"default","site-sidebar-style":"default","ast-global-header-display":"","ast-banner-title-visibility":"","ast-main-header-display":"","ast-hfb-above-header-display":"","ast-hfb-below-header-display":"","ast-hfb-mobile-header-display":"","site-post-title":"","ast-breadcrumbs-content":"","ast-featured-img":"","footer-sml-layout":"","ast-disable-related-posts":"","theme-transparent-header-meta":"default","adv-header-id-meta":"","stick-header-meta":"","header-above-stick-meta":"","header-main-stick-meta":"","header-below-stick-meta":"","astra-migrate-meta-layouts":"set","ast-page-background-enabled":"default","ast-page-background-meta":{"desktop":{"background-color":"","background-image":"","background-repeat":"repeat","background-position":"center center","background-size":"auto","background-attachment":"scroll","background-type":"","background-media":"","overlay-type":"","overlay-color":"","overlay-opacity":"","overlay-gradient":""},"tablet":{"background-color":"","background-image":"","background-repeat":"repeat","background-position":"center center","background-size":"auto","background-attachment":"scroll","background-type":"","background-media":"","overlay-type":"","overlay-color":"","overlay-opacity":"","overlay-gradient":""},"mobile":{"background-color":"","background-image":"","background-repeat":"repeat","background-position":"center center","background-size":"auto","background-attachment":"scroll","background-type":"","background-media":"","overlay-type":"","overlay-color":"","overlay-opacity":"","overlay-gradient":""}},"ast-content-background-meta":{"desktop":{"background-color":"var(--ast-global-color-5)","background-image":"","background-repeat":"repeat","background-position":"center center","background-size":"auto","background-attachment":"scroll","background-type":"","background-media":"","overlay-type":"","overlay-color":"","overlay-opacity":"","overlay-gradient":""},"tablet":{"background-color":"var(--ast-global-color-5)","background-image":"","background-repeat":"repeat","background-position":"center center","background-size":"auto","background-attachment":"scroll","background-type":"","background-media":"","overlay-type":"","overlay-color":"","overlay-opacity":"","overlay-gradient":""},"mobile":{"background-color":"var(--ast-global-color-5)","background-image":"","background-repeat":"repeat","background-position":"center center","background-size":"auto","background-attachment":"scroll","background-type":"","background-media":"","overlay-type":"","overlay-color":"","overlay-opacity":"","overlay-gradient":""}}},"product_brand":[],"product_cat":[17,52],"product_tag":[],"class_list":{"0":"post-2126","1":"product","2":"type-product","3":"status-publish","4":"has-post-thumbnail","6":"product_cat-globaldocs","7":"product_cat-passport-services","8":"desktop-align-left","9":"tablet-align-left","10":"mobile-align-left","12":"first","13":"instock","14":"virtual","15":"purchasable","16":"product-type-simple"},"_links":{"self":[{"href":"https:\/\/globaldocs.store\/sv\/wp-json\/wp\/v2\/product\/2126","targetHints":{"allow":["GET"]}}],"collection":[{"href":"https:\/\/globaldocs.store\/sv\/wp-json\/wp\/v2\/product"}],"about":[{"href":"https:\/\/globaldocs.store\/sv\/wp-json\/wp\/v2\/types\/product"}],"replies":[{"embeddable":true,"href":"https:\/\/globaldocs.store\/sv\/wp-json\/wp\/v2\/comments?post=2126"}],"version-history":[{"count":1,"href":"https:\/\/globaldocs.store\/sv\/wp-json\/wp\/v2\/product\/2126\/revisions"}],"predecessor-version":[{"id":2128,"href":"https:\/\/globaldocs.store\/sv\/wp-json\/wp\/v2\/product\/2126\/revisions\/2128"}],"wp:featuredmedia":[{"embeddable":true,"href":"https:\/\/globaldocs.store\/sv\/wp-json\/wp\/v2\/media\/2127"}],"wp:attachment":[{"href":"https:\/\/globaldocs.store\/sv\/wp-json\/wp\/v2\/media?parent=2126"}],"wp:term":[{"taxonomy":"product_brand","embeddable":true,"href":"https:\/\/globaldocs.store\/sv\/wp-json\/wp\/v2\/product_brand?post=2126"},{"taxonomy":"product_cat","embeddable":true,"href":"https:\/\/globaldocs.store\/sv\/wp-json\/wp\/v2\/product_cat?post=2126"},{"taxonomy":"product_tag","embeddable":true,"href":"https:\/\/globaldocs.store\/sv\/wp-json\/wp\/v2\/product_tag?post=2126"}],"curies":[{"name":"wp","href":"https:\/\/api.w.org\/{rel}","templated":true}]}}