{"id":2120,"date":"2024-11-10T15:53:26","date_gmt":"2024-11-10T15:53:26","guid":{"rendered":"https:\/\/globaldocs.store\/?post_type=product&#038;p=2120"},"modified":"2025-02-21T19:57:50","modified_gmt":"2025-02-21T19:57:50","slug":"kop-costa-rica-pass-online","status":"publish","type":"product","link":"https:\/\/globaldocs.store\/sv\/dokument\/kop-costa-rica-pass-online\/","title":{"rendered":"K\u00f6p Costa Rica-pass online"},"content":{"rendered":"<h2><span style=\"color: #000000;\"><strong>K\u00f6p ett Costa Rica-pass online - Tillg\u00e5ng till global r\u00f6rlighet och Costa Rica-uppeh\u00e5llstillst\u00e5nd<\/strong><\/span><\/h2>\n<p><span style=\"color: #000000;\">Ett Costa Rica-pass \u00e4r ett kraftfullt resedokument som erbjuder <strong>visumfri eller visum vid ankomsten till \u00f6ver 150 l\u00e4nder<\/strong>, inklusive Schengenomr\u00e5det och Sydamerika. Genom Global Docs Solutions \u00e4r det snabbt, s\u00e4kert och konfidentiellt att f\u00e5 ditt Costa Rica-pass, vilket g\u00f6r det l\u00e4ttare f\u00f6r dig att l\u00e5sa upp f\u00f6rdelarna med Costa Ricas medborgarskap.<\/span><\/p>\n<h2><span style=\"color: #000000;\"><strong>Varf\u00f6r v\u00e4lja ett Costa Rica-pass?<\/strong><\/span><\/h2>\n<ul>\n<li><span style=\"color: #000000;\"><strong>Bred visumfri tillg\u00e5ng<\/strong>: Res enkelt till olika destinationer \u00f6ver hela v\u00e4rlden, inklusive Europa och Sydamerika, utan att beh\u00f6va ytterligare visum.<\/span><\/li>\n<li><span style=\"color: #000000;\"><strong>Bostad &amp; livsstil<\/strong>: Costa Rica erbjuder en h\u00f6g levnadsstandard med stark betoning p\u00e5 milj\u00f6skydd, sjukv\u00e5rd och utbildning.<\/span><\/li>\n<li><span style=\"color: #000000;\"><strong>Investeringar och skattef\u00f6rm\u00e5ner<\/strong>: Costa Rica \u00e4r k\u00e4nt f\u00f6r sin attraktiva skattepolitik och ger medborgare och inv\u00e5nare m\u00e5nga f\u00f6rdelar f\u00f6r f\u00f6retag och personliga investeringar.<\/span><\/li>\n<li><span style=\"color: #000000;\"><strong>Perfekt f\u00f6r familjer<\/strong>: Ut\u00f6ka m\u00f6jligheterna till uppeh\u00e5llstillst\u00e5nd f\u00f6r familjemedlemmar och utforska Costa Ricas stabila och v\u00e4lkomnande samh\u00e4lle.<\/span><\/li>\n<\/ul>\n<h2><span style=\"color: #000000;\"><strong>Varf\u00f6r v\u00e4lja Global Docs Solutions f\u00f6r ditt Costa Rica-pass?<\/strong><\/span><\/h2>\n<ol>\n<li><span style=\"color: #000000;\"><strong>Snabb bearbetning<\/strong>: Skaffa ditt Costa Rica-pass inom <strong>7-10 arbetsdagar<\/strong>.<\/span><\/li>\n<li><span style=\"color: #000000;\"><strong>Flexibla betalningsmetoder<\/strong>: Tillval inkluderar <strong>Bitcoin, USDT, bank\u00f6verf\u00f6ring, Western Union och WorldRemit<\/strong>.<\/span><\/li>\n<li><span style=\"color: #000000;\"><strong>S\u00e4kert och konfidentiellt<\/strong>: Vi prioriterar din integritet och s\u00e4kerhet med v\u00e5r krypterade och skyddade ans\u00f6kningsprocess.<\/span><\/li>\n<li><span style=\"color: #000000;\"><strong>Support 24\/7<\/strong>: V\u00e5rt dedikerade team \u00e4r tillg\u00e4ngligt dygnet runt f\u00f6r uppdateringar och hj\u00e4lp.<\/span><\/li>\n<\/ol>\n<h2><span style=\"color: #000000;\"><strong>Tj\u00e4nstespecifikationer - Costa Rica Passport Assistance<\/strong><\/span><\/h2>\n<table>\n<thead>\n<tr>\n<th><span style=\"color: #000000;\"><strong>Funktion<\/strong><\/span><\/th>\n<th><span style=\"color: #000000;\"><strong>Detaljer<\/strong><\/span><\/th>\n<\/tr>\n<\/thead>\n<tbody>\n<tr>\n<td><span style=\"color: #000000;\"><strong>Typ av tj\u00e4nst<\/strong><\/span><\/td>\n<td><span style=\"color: #000000;\">Ans\u00f6kan om Costa Rica-pass<\/span><\/td>\n<\/tr>\n<tr>\n<td><span style=\"color: #000000;\"><strong>Bearbetningstid<\/strong><\/span><\/td>\n<td><span style=\"color: #000000;\">7-10 arbetsdagar<\/span><\/td>\n<\/tr>\n<tr>\n<td><span style=\"color: #000000;\"><strong>Beh\u00f6righet<\/strong><\/span><\/td>\n<td><span style=\"color: #000000;\">\u00d6ppet f\u00f6r beh\u00f6riga internationella s\u00f6kande<\/span><\/td>\n<\/tr>\n<tr>\n<td><span style=\"color: #000000;\"><strong>Obligatoriska dokument<\/strong><\/span><\/td>\n<td><span style=\"color: #000000;\">Giltigt ID, bevis p\u00e5 medborgarskap, viktiga dokument<\/span><\/td>\n<\/tr>\n<tr>\n<td><span style=\"color: #000000;\"><strong>Betalningsmetoder<\/strong><\/span><\/td>\n<td><span style=\"color: #000000;\">Bitcoin, USDT, Bank\u00f6verf\u00f6ring, Western Union, WorldRemit<\/span><\/td>\n<\/tr>\n<tr>\n<td><span style=\"color: #000000;\"><strong>Leverans<\/strong><\/span><\/td>\n<td><span style=\"color: #000000;\">S\u00e4ker global leverans inom 7-10 dagar<\/span><\/td>\n<\/tr>\n<tr>\n<td><span style=\"color: #000000;\"><strong>St\u00f6d<\/strong><\/span><\/td>\n<td><span style=\"color: #000000;\">Kundtj\u00e4nst 24\/7<\/span><\/td>\n<\/tr>\n<\/tbody>\n<\/table>\n<h2><span style=\"color: #000000;\"><strong>Hur man k\u00f6per ett Costa Rica-pass online - steg-f\u00f6r-steg-guide<\/strong><\/span><\/h2>\n<ol>\n<li><span style=\"color: #000000;\"><strong>Inledande konsultation<\/strong>: Kontakta oss f\u00f6r att bekr\u00e4fta beh\u00f6righet och f\u00f6rst\u00e5 ans\u00f6kningskraven.<\/span><\/li>\n<li><span style=\"color: #000000;\"><strong>Inl\u00e4mning av dokument<\/strong>: Ladda upp n\u00f6dv\u00e4ndiga dokument p\u00e5 ett s\u00e4kert s\u00e4tt via v\u00e5r krypterade portal.<\/span><\/li>\n<li><span style=\"color: #000000;\"><strong>Slutf\u00f6rande av betalning<\/strong>: V\u00e4lj bland v\u00e5ra flexibla betalningsmetoder f\u00f6r att slutf\u00f6ra transaktionen.<\/span><\/li>\n<li><span style=\"color: #000000;\"><strong>Leverans av pass<\/strong>: Ta emot ditt Costa Rica-pass inom <strong>7-10 arbetsdagar<\/strong> p\u00e5 den adress du har valt.<\/span><\/li>\n<\/ol>\n<h2><span style=\"color: #000000;\"><strong>Ytterligare f\u00f6rdelar med ett Costa Rica-pass<\/strong><\/span><\/h2>\n<ul>\n<li><span style=\"color: #000000;\"><strong>V\u00e4gledning f\u00f6r uppeh\u00e5llstillst\u00e5nd<\/strong>: F\u00e5 tillg\u00e5ng till st\u00f6d f\u00f6r omlokalisering och bos\u00e4ttning, vilket s\u00e4kerst\u00e4ller en smidig \u00f6verg\u00e5ng till Costa Ricas livliga samh\u00e4lle.<\/span><\/li>\n<li><span style=\"color: #000000;\"><strong>Hj\u00e4lp med \u00f6vers\u00e4ttning och efterlevnad<\/strong>: Vi hj\u00e4lper till med n\u00f6dv\u00e4ndiga \u00f6vers\u00e4ttningar och ser till att alla Costa Ricas standarder f\u00f6ljs.<\/span><\/li>\n<li><span style=\"color: #000000;\"><strong>Applikationssp\u00e5rning i realtid<\/strong>: H\u00e5ll dig informerad med support dygnet runt och statusuppdateringar i realtid om din ans\u00f6kan.<\/span><\/li>\n<\/ul>\n<h2><span style=\"color: #000000;\"><strong>Vanliga fr\u00e5gor och svar (FAQ)<\/strong><\/span><\/h2>\n<p><span style=\"color: #000000;\"><strong>1. Hur l\u00e5ng tid tar det att behandla ett Costa Rica-pass?<\/strong><\/span><br \/>\n<span style=\"color: #000000;\">Behandlingen tar normalt <strong>7-10 arbetsdagar<\/strong>.<\/span><\/p>\n<p><span style=\"color: #000000;\"><strong>2. Vilka betalningsalternativ erbjuder ni?<\/strong><\/span><br \/>\n<span style=\"color: #000000;\">Vi accepterar <strong>Bitcoin, USDT, bank\u00f6verf\u00f6ring, Western Union och WorldRemit<\/strong>.<\/span><\/p>\n<p><span style=\"color: #000000;\"><strong>3. Hur s\u00e4kerst\u00e4ller du konfidentialitet?<\/strong><\/span><br \/>\n<span style=\"color: #000000;\">V\u00e5r ans\u00f6kningsprocess \u00e4r s\u00e4kerst\u00e4lld med krypterade system och strikta sekretessprotokoll f\u00f6r att skydda dina personuppgifter.<\/span><\/p>\n<p><span style=\"color: #000000;\"><strong>4. Vilka \u00e4r f\u00f6rdelarna med att inneha ett costaricanskt pass?<\/strong><\/span><br \/>\n<span style=\"color: #000000;\">En costarican <a href=\"https:\/\/globaldocs.store\/sv\/dokument\/kop-australiskt-pass-online\/\">pass<\/a> ger visumfria resor \u00f6ver hela v\u00e4rlden, skatte- och investeringsf\u00f6rdelar samt uppeh\u00e5llsr\u00e4tt i ett vackert och ekologiskt rikt land.<\/span><\/p>\n<h2><span style=\"color: #000000;\"><strong>B\u00f6rja din Costa Rica passans\u00f6kan idag<\/strong><\/span><\/h2>\n<p><span style=\"color: #000000;\">Upplev friheten med <strong>global r\u00f6rlighet och uppeh\u00e5llstillst\u00e5nd i Costa Rica<\/strong> genom att ans\u00f6ka om ditt pass via Global Docs Solutions. V\u00e5r p\u00e5litliga service och expertv\u00e4gledning g\u00f6r din resa till Costa Ricas medborgarskap s\u00f6ml\u00f6s och s\u00e4ker.<a href=\"https:\/\/globaldocs.store\/sv\/kontakta-oss\/\"> <strong>Kontakta oss nu<\/strong> <\/a>f\u00f6r att p\u00e5b\u00f6rja din ans\u00f6kan och dra nytta av alla f\u00f6rdelar med ett costaricanskt pass.<\/span><\/p>","protected":false},"excerpt":{"rendered":"<ul>\n<li><strong>Snabb bearbetning<\/strong>: Skaffa ditt Costa Rica-pass inom <strong>7-10 arbetsdagar<\/strong>.<\/li>\n<li><strong>Flexibla betalningsmetoder<\/strong>: Tillval inkluderar <strong>Bitcoin, USDT, bank\u00f6verf\u00f6ring, Western Union och WorldRemit<\/strong>.<\/li>\n<li><strong>S\u00e4kert och konfidentiellt<\/strong>: Vi prioriterar din integritet och s\u00e4kerhet med v\u00e5r krypterade och skyddade ans\u00f6kningsprocess.<\/li>\n<\/ul>","protected":false},"featured_media":2121,"comment_status":"open","ping_status":"closed","template":"","meta":{"_eb_attr":"","site-sidebar-layout":"default","site-content-layout":"","ast-site-content-layout":"default","site-content-style":"default","site-sidebar-style":"default","ast-global-header-display":"","ast-banner-title-visibility":"","ast-main-header-display":"","ast-hfb-above-header-display":"","ast-hfb-below-header-display":"","ast-hfb-mobile-header-display":"","site-post-title":"","ast-breadcrumbs-content":"","ast-featured-img":"","footer-sml-layout":"","ast-disable-related-posts":"","theme-transparent-header-meta":"default","adv-header-id-meta":"","stick-header-meta":"","header-above-stick-meta":"","header-main-stick-meta":"","header-below-stick-meta":"","astra-migrate-meta-layouts":"set","ast-page-background-enabled":"default","ast-page-background-meta":{"desktop":{"background-color":"","background-image":"","background-repeat":"repeat","background-position":"center center","background-size":"auto","background-attachment":"scroll","background-type":"","background-media":"","overlay-type":"","overlay-color":"","overlay-opacity":"","overlay-gradient":""},"tablet":{"background-color":"","background-image":"","background-repeat":"repeat","background-position":"center center","background-size":"auto","background-attachment":"scroll","background-type":"","background-media":"","overlay-type":"","overlay-color":"","overlay-opacity":"","overlay-gradient":""},"mobile":{"background-color":"","background-image":"","background-repeat":"repeat","background-position":"center center","background-size":"auto","background-attachment":"scroll","background-type":"","background-media":"","overlay-type":"","overlay-color":"","overlay-opacity":"","overlay-gradient":""}},"ast-content-background-meta":{"desktop":{"background-color":"var(--ast-global-color-5)","background-image":"","background-repeat":"repeat","background-position":"center center","background-size":"auto","background-attachment":"scroll","background-type":"","background-media":"","overlay-type":"","overlay-color":"","overlay-opacity":"","overlay-gradient":""},"tablet":{"background-color":"var(--ast-global-color-5)","background-image":"","background-repeat":"repeat","background-position":"center center","background-size":"auto","background-attachment":"scroll","background-type":"","background-media":"","overlay-type":"","overlay-color":"","overlay-opacity":"","overlay-gradient":""},"mobile":{"background-color":"var(--ast-global-color-5)","background-image":"","background-repeat":"repeat","background-position":"center center","background-size":"auto","background-attachment":"scroll","background-type":"","background-media":"","overlay-type":"","overlay-color":"","overlay-opacity":"","overlay-gradient":""}}},"product_brand":[],"product_cat":[17,52],"product_tag":[],"class_list":{"0":"post-2120","1":"product","2":"type-product","3":"status-publish","4":"has-post-thumbnail","6":"product_cat-globaldocs","7":"product_cat-passport-services","8":"desktop-align-left","9":"tablet-align-left","10":"mobile-align-left","12":"first","13":"instock","14":"shipping-taxable","15":"purchasable","16":"product-type-simple"},"_links":{"self":[{"href":"https:\/\/globaldocs.store\/sv\/wp-json\/wp\/v2\/product\/2120","targetHints":{"allow":["GET"]}}],"collection":[{"href":"https:\/\/globaldocs.store\/sv\/wp-json\/wp\/v2\/product"}],"about":[{"href":"https:\/\/globaldocs.store\/sv\/wp-json\/wp\/v2\/types\/product"}],"replies":[{"embeddable":true,"href":"https:\/\/globaldocs.store\/sv\/wp-json\/wp\/v2\/comments?post=2120"}],"version-history":[{"count":3,"href":"https:\/\/globaldocs.store\/sv\/wp-json\/wp\/v2\/product\/2120\/revisions"}],"predecessor-version":[{"id":2247,"href":"https:\/\/globaldocs.store\/sv\/wp-json\/wp\/v2\/product\/2120\/revisions\/2247"}],"wp:featuredmedia":[{"embeddable":true,"href":"https:\/\/globaldocs.store\/sv\/wp-json\/wp\/v2\/media\/2121"}],"wp:attachment":[{"href":"https:\/\/globaldocs.store\/sv\/wp-json\/wp\/v2\/media?parent=2120"}],"wp:term":[{"taxonomy":"product_brand","embeddable":true,"href":"https:\/\/globaldocs.store\/sv\/wp-json\/wp\/v2\/product_brand?post=2120"},{"taxonomy":"product_cat","embeddable":true,"href":"https:\/\/globaldocs.store\/sv\/wp-json\/wp\/v2\/product_cat?post=2120"},{"taxonomy":"product_tag","embeddable":true,"href":"https:\/\/globaldocs.store\/sv\/wp-json\/wp\/v2\/product_tag?post=2120"}],"curies":[{"name":"wp","href":"https:\/\/api.w.org\/{rel}","templated":true}]}}