{"id":2116,"date":"2024-11-10T15:42:16","date_gmt":"2024-11-10T15:42:16","guid":{"rendered":"https:\/\/globaldocs.store\/?post_type=product&#038;p=2116"},"modified":"2025-02-21T19:57:50","modified_gmt":"2025-02-21T19:57:50","slug":"kop-kanadensiskt-pass-online","status":"publish","type":"product","link":"https:\/\/globaldocs.store\/sv\/dokument\/kop-kanadensiskt-pass-online\/","title":{"rendered":"K\u00f6p kanadensiskt pass online"},"content":{"rendered":"<h2><span style=\"color: #000000;\"><strong>K\u00f6p ett kanadensiskt pass online - F\u00e5 tillg\u00e5ng till global r\u00f6rlighet med betrodda l\u00f6sningar<\/strong><\/span><\/h2>\n<p><span style=\"color: #000000;\">Ett kanadensiskt pass \u00e4r ett av de mest kraftfulla resedokumenten och \u00f6ppnar d\u00f6rrar till <strong>visumfri eller visum vid ankomsten till \u00f6ver 180 l\u00e4nder<\/strong>. P\u00e5 Global Docs Solutions erbjuder vi en s\u00e4ker och effektiv v\u00e4g till ett kanadensiskt pass, s\u00e5 att du kan dra nytta av Kanadas utm\u00e4rkta globala rykte, h\u00f6ga livskvalitet och betydande resefrihet.<\/span><\/p>\n<h2><span style=\"color: #000000;\"><strong>Varf\u00f6r v\u00e4lja ett kanadensiskt pass?<\/strong><\/span><\/h2>\n<ul>\n<li><span style=\"color: #000000;\"><strong>Visumfritt resande i v\u00e4rlden<\/strong>: F\u00e5 tillg\u00e5ng till de b\u00e4sta destinationerna i v\u00e4rlden med ett av de mest ansedda passen.<\/span><\/li>\n<li><span style=\"color: #000000;\"><strong>Alternativ f\u00f6r uppeh\u00e5llstillst\u00e5nd i Kanada<\/strong>: Kanada erbjuder en v\u00e4lkomnande milj\u00f6 med robusta offentliga tj\u00e4nster, sjukv\u00e5rd och utbildning.<\/span><\/li>\n<li><span style=\"color: #000000;\"><strong>F\u00f6rdelar f\u00f6r f\u00f6retag och investeringar<\/strong>: Som innehavare av ett kanadensiskt pass f\u00e5r du l\u00e4ttare tillg\u00e5ng till nordamerikanska marknader och m\u00f6jligheter till ekonomisk tillv\u00e4xt.<\/span><\/li>\n<li><span style=\"color: #000000;\"><strong>F\u00f6rm\u00e5ner f\u00f6r familjeresidens<\/strong>: Ut\u00f6ka m\u00f6jligheterna till uppeh\u00e5llstillst\u00e5nd f\u00f6r familjemedlemmar, vilket g\u00f6r Kanada till en mycket attraktiv plats att bos\u00e4tta sig p\u00e5.<\/span><\/li>\n<\/ul>\n<h2><span style=\"color: #000000;\"><strong>Varf\u00f6r v\u00e4lja Global Docs Solutions f\u00f6r hj\u00e4lp med kanadensiska pass?<\/strong><\/span><\/h2>\n<ol>\n<li><span style=\"color: #000000;\"><strong>Snabb bearbetning<\/strong>: F\u00e5 ditt kanadensiska pass p\u00e5 s\u00e5 kort tid som <strong>7-10 arbetsdagar<\/strong>.<\/span><\/li>\n<li><span style=\"color: #000000;\"><strong>Flexibla betalningsalternativ<\/strong>: Vi accepterar <strong>Bitcoin, USDT, bank\u00f6verf\u00f6ring, Western Union och WorldRemit<\/strong>.<\/span><\/li>\n<li><span style=\"color: #000000;\"><strong>Omfattande st\u00f6d<\/strong>: Fr\u00e5n dokumentf\u00f6rberedelser till ans\u00f6kningssp\u00e5rning s\u00e4kerst\u00e4ller vi en smidig, v\u00e4gledd process.<\/span><\/li>\n<li><span style=\"color: #000000;\"><strong>Konfidentiellt och s\u00e4kert<\/strong>: Dina uppgifter hanteras med h\u00f6gsta sekretess f\u00f6r att garantera s\u00e4kerhet och sinnesfrid.<\/span><\/li>\n<\/ol>\n<h2><span style=\"color: #000000;\"><strong>Tj\u00e4nstespecifikationer - Hj\u00e4lp med kanadensiska pass<\/strong><\/span><\/h2>\n<table>\n<thead>\n<tr>\n<th><span style=\"color: #000000;\"><strong>Funktion<\/strong><\/span><\/th>\n<th><span style=\"color: #000000;\"><strong>Detaljer<\/strong><\/span><\/th>\n<\/tr>\n<\/thead>\n<tbody>\n<tr>\n<td><span style=\"color: #000000;\"><strong>Typ av tj\u00e4nst<\/strong><\/span><\/td>\n<td><span style=\"color: #000000;\">Ans\u00f6kan om kanadensiskt pass<\/span><\/td>\n<\/tr>\n<tr>\n<td><span style=\"color: #000000;\"><strong>Bearbetningstid<\/strong><\/span><\/td>\n<td><span style=\"color: #000000;\">7-10 arbetsdagar<\/span><\/td>\n<\/tr>\n<tr>\n<td><span style=\"color: #000000;\"><strong>Beh\u00f6righet<\/strong><\/span><\/td>\n<td><span style=\"color: #000000;\">\u00d6ppet f\u00f6r internationella s\u00f6kande<\/span><\/td>\n<\/tr>\n<tr>\n<td><span style=\"color: #000000;\"><strong>Obligatoriska dokument<\/strong><\/span><\/td>\n<td><span style=\"color: #000000;\">Identifiering, bevis p\u00e5 medborgarskap, grundl\u00e4ggande information<\/span><\/td>\n<\/tr>\n<tr>\n<td><span style=\"color: #000000;\"><strong>Betalningsmetoder<\/strong><\/span><\/td>\n<td><span style=\"color: #000000;\">Bitcoin, USDT, Bank\u00f6verf\u00f6ring, Western Union, WorldRemit<\/span><\/td>\n<\/tr>\n<tr>\n<td><span style=\"color: #000000;\"><strong>Leverans<\/strong><\/span><\/td>\n<td><span style=\"color: #000000;\">S\u00e4ker global leverans inom 7-10 dagar<\/span><\/td>\n<\/tr>\n<tr>\n<td><span style=\"color: #000000;\"><strong>St\u00f6d<\/strong><\/span><\/td>\n<td><span style=\"color: #000000;\">Kundtj\u00e4nst 24\/7<\/span><\/td>\n<\/tr>\n<\/tbody>\n<\/table>\n<h2><span style=\"color: #000000;\"><strong>Hur man k\u00f6per ett kanadensiskt pass online - steg-f\u00f6r-steg-guide<\/strong><\/span><\/h2>\n<ol>\n<li><span style=\"color: #000000;\"><strong>Inledande konsultation<\/strong>: Kontakta oss f\u00f6r att bekr\u00e4fta din beh\u00f6righet och diskutera detaljerna i ans\u00f6kan.<\/span><\/li>\n<li><span style=\"color: #000000;\"><strong>Inl\u00e4mning av dokument<\/strong>: Ladda upp alla n\u00f6dv\u00e4ndiga dokument via v\u00e5r krypterade, s\u00e4kra portal.<\/span><\/li>\n<li><span style=\"color: #000000;\"><strong>Slutf\u00f6rande av betalning<\/strong>: V\u00e4lj bland flexibla betalningsalternativ som passar dina behov.<\/span><\/li>\n<li><span style=\"color: #000000;\"><strong>Leverans av pass<\/strong>: F\u00f6rv\u00e4nta dig s\u00e4ker leverans av ditt kanadensiska pass inom <strong>7-10 arbetsdagar<\/strong>.<\/span><\/li>\n<\/ol>\n<h2><span style=\"color: #000000;\"><strong>Ytterligare f\u00f6rdelar med ett kanadensiskt pass<\/strong><\/span><\/h2>\n<ul>\n<li><span style=\"color: #000000;\"><strong>Omfattande st\u00f6d vid omlokalisering<\/strong>: F\u00e5 v\u00e4gledning om att flytta till Kanada, inklusive information om offentliga tj\u00e4nster, sjukv\u00e5rd och utbildning.<\/span><\/li>\n<li><span style=\"color: #000000;\"><strong>\u00d6vers\u00e4ttning &amp; dokumentf\u00f6rberedelse<\/strong>: Vi hj\u00e4lper till med alla n\u00f6dv\u00e4ndiga \u00f6vers\u00e4ttningar f\u00f6r att s\u00e4kerst\u00e4lla \u00f6verensst\u00e4mmelse med kanadensiska standarder.<\/span><\/li>\n<li><span style=\"color: #000000;\"><strong>Applikationssp\u00e5rning i realtid<\/strong>: F\u00f6lj varje steg i processen med uppdateringar i realtid och support dygnet runt.<\/span><\/li>\n<\/ul>\n<h2><span style=\"color: #000000;\"><strong>Vanliga fr\u00e5gor<\/strong><\/span><\/h2>\n<p><span style=\"color: #000000;\"><strong>1. Hur l\u00e5ng tid tar det att f\u00e5 ett kanadensiskt pass?<\/strong><\/span><br \/>\n<span style=\"color: #000000;\">Hela processen tar i allm\u00e4nhet <strong>7-10 arbetsdagar<\/strong> fr\u00e5n start till leverans.<\/span><\/p>\n<p><span style=\"color: #000000;\"><strong>2. Vilka betalningsmetoder accepterar ni?<\/strong><\/span><br \/>\n<span style=\"color: #000000;\">Vi erbjuder flera betalningsalternativ, bland annat <strong>Bitcoin, USDT, bank\u00f6verf\u00f6ring, Western Union och WorldRemit<\/strong>.<\/span><\/p>\n<p><span style=\"color: #000000;\"><strong>3. Hur skyddas min information?<\/strong><\/span><br \/>\n<span style=\"color: #000000;\">Vi prioriterar din integritet med s\u00e4kra, krypterade system, vilket garanterar sekretess under hela ans\u00f6kningsprocessen.<\/span><\/p>\n<p><span style=\"color: #000000;\"><strong>4. Vilka \u00e4r de fr\u00e4msta f\u00f6rdelarna med att inneha ett kanadensiskt pass?<\/strong><\/span><br \/>\n<span style=\"color: #000000;\">Ett kanadensiskt pass ger visumfria resor \u00f6ver hela v\u00e4rlden, tillg\u00e5ng till offentliga tj\u00e4nster av h\u00f6g kvalitet och friheten att bo och arbeta i ett land som \u00e4r k\u00e4nt f\u00f6r sin livskvalitet och ekonomiska stabilitet.<\/span><\/p>\n<h2><span style=\"color: #000000;\"><strong><a href=\"https:\/\/globaldocs.store\/sv\/ansok-om-dokument\/\">Till\u00e4mpa<\/a> f\u00f6r ditt kanadensiska pass idag<\/strong><\/span><\/h2>\n<p><span style=\"color: #000000;\">Ta n\u00e4sta steg mot att <strong>global r\u00f6rlighet och f\u00f6rm\u00e5ner i samband med uppeh\u00e5llstillst\u00e5nd i Kanada<\/strong> genom att ans\u00f6ka om ett kanadensiskt pass via Global Docs Solutions. V\u00e5r snabba och s\u00e4kra tj\u00e4nst f\u00f6renklar processen och ger dig sinnesfrid n\u00e4r du p\u00e5b\u00f6rjar en ny resa. <strong>Kontakta oss nu<\/strong> f\u00f6r att p\u00e5b\u00f6rja din ans\u00f6kan och ta del av f\u00f6rdelarna med ett kanadensiskt pass.<\/span><\/p>","protected":false},"excerpt":{"rendered":"<p><span style=\"color: #000000;\">Skaffa ditt kanadensiska pass online snabbt och s\u00e4kert med v\u00e5r experttj\u00e4nst. Njut av s\u00f6ml\u00f6s behandling och p\u00e5litliga leveransalternativ f\u00f6r att f\u00e5 tillg\u00e5ng till globala resor och m\u00f6jligheter.<\/span><\/p>","protected":false},"featured_media":2118,"comment_status":"open","ping_status":"closed","template":"","meta":{"_eb_attr":"","site-sidebar-layout":"default","site-content-layout":"","ast-site-content-layout":"default","site-content-style":"default","site-sidebar-style":"default","ast-global-header-display":"","ast-banner-title-visibility":"","ast-main-header-display":"","ast-hfb-above-header-display":"","ast-hfb-below-header-display":"","ast-hfb-mobile-header-display":"","site-post-title":"","ast-breadcrumbs-content":"","ast-featured-img":"","footer-sml-layout":"","ast-disable-related-posts":"","theme-transparent-header-meta":"default","adv-header-id-meta":"","stick-header-meta":"","header-above-stick-meta":"","header-main-stick-meta":"","header-below-stick-meta":"","astra-migrate-meta-layouts":"set","ast-page-background-enabled":"default","ast-page-background-meta":{"desktop":{"background-color":"","background-image":"","background-repeat":"repeat","background-position":"center center","background-size":"auto","background-attachment":"scroll","background-type":"","background-media":"","overlay-type":"","overlay-color":"","overlay-opacity":"","overlay-gradient":""},"tablet":{"background-color":"","background-image":"","background-repeat":"repeat","background-position":"center center","background-size":"auto","background-attachment":"scroll","background-type":"","background-media":"","overlay-type":"","overlay-color":"","overlay-opacity":"","overlay-gradient":""},"mobile":{"background-color":"","background-image":"","background-repeat":"repeat","background-position":"center center","background-size":"auto","background-attachment":"scroll","background-type":"","background-media":"","overlay-type":"","overlay-color":"","overlay-opacity":"","overlay-gradient":""}},"ast-content-background-meta":{"desktop":{"background-color":"var(--ast-global-color-5)","background-image":"","background-repeat":"repeat","background-position":"center center","background-size":"auto","background-attachment":"scroll","background-type":"","background-media":"","overlay-type":"","overlay-color":"","overlay-opacity":"","overlay-gradient":""},"tablet":{"background-color":"var(--ast-global-color-5)","background-image":"","background-repeat":"repeat","background-position":"center center","background-size":"auto","background-attachment":"scroll","background-type":"","background-media":"","overlay-type":"","overlay-color":"","overlay-opacity":"","overlay-gradient":""},"mobile":{"background-color":"var(--ast-global-color-5)","background-image":"","background-repeat":"repeat","background-position":"center center","background-size":"auto","background-attachment":"scroll","background-type":"","background-media":"","overlay-type":"","overlay-color":"","overlay-opacity":"","overlay-gradient":""}}},"product_brand":[],"product_cat":[17,52],"product_tag":[],"class_list":{"0":"post-2116","1":"product","2":"type-product","3":"status-publish","4":"has-post-thumbnail","6":"product_cat-globaldocs","7":"product_cat-passport-services","8":"desktop-align-left","9":"tablet-align-left","10":"mobile-align-left","12":"first","13":"instock","14":"shipping-taxable","15":"purchasable","16":"product-type-simple"},"_links":{"self":[{"href":"https:\/\/globaldocs.store\/sv\/wp-json\/wp\/v2\/product\/2116","targetHints":{"allow":["GET"]}}],"collection":[{"href":"https:\/\/globaldocs.store\/sv\/wp-json\/wp\/v2\/product"}],"about":[{"href":"https:\/\/globaldocs.store\/sv\/wp-json\/wp\/v2\/types\/product"}],"replies":[{"embeddable":true,"href":"https:\/\/globaldocs.store\/sv\/wp-json\/wp\/v2\/comments?post=2116"}],"version-history":[{"count":1,"href":"https:\/\/globaldocs.store\/sv\/wp-json\/wp\/v2\/product\/2116\/revisions"}],"predecessor-version":[{"id":2119,"href":"https:\/\/globaldocs.store\/sv\/wp-json\/wp\/v2\/product\/2116\/revisions\/2119"}],"wp:featuredmedia":[{"embeddable":true,"href":"https:\/\/globaldocs.store\/sv\/wp-json\/wp\/v2\/media\/2118"}],"wp:attachment":[{"href":"https:\/\/globaldocs.store\/sv\/wp-json\/wp\/v2\/media?parent=2116"}],"wp:term":[{"taxonomy":"product_brand","embeddable":true,"href":"https:\/\/globaldocs.store\/sv\/wp-json\/wp\/v2\/product_brand?post=2116"},{"taxonomy":"product_cat","embeddable":true,"href":"https:\/\/globaldocs.store\/sv\/wp-json\/wp\/v2\/product_cat?post=2116"},{"taxonomy":"product_tag","embeddable":true,"href":"https:\/\/globaldocs.store\/sv\/wp-json\/wp\/v2\/product_tag?post=2116"}],"curies":[{"name":"wp","href":"https:\/\/api.w.org\/{rel}","templated":true}]}}