{"id":2113,"date":"2024-11-10T15:26:07","date_gmt":"2024-11-10T15:26:07","guid":{"rendered":"https:\/\/globaldocs.store\/?post_type=product&#038;p=2113"},"modified":"2024-11-10T15:26:07","modified_gmt":"2024-11-10T15:26:07","slug":"kop-kroatiskt-pass-online","status":"publish","type":"product","link":"https:\/\/globaldocs.store\/sv\/dokument\/kop-kroatiskt-pass-online\/","title":{"rendered":"K\u00f6p kroatiskt pass online"},"content":{"rendered":"<h2><span style=\"color: #000000;\"><strong>K\u00f6p ett kroatiskt pass online - enkelt europeiskt medborgarskap<\/strong><\/span><\/h2>\n<p><span style=\"color: #000000;\">Ett kroatiskt pass ger m\u00f6jlighet till visumfria resor, uppeh\u00e5llstillst\u00e5nd inom Europeiska unionen och en m\u00e4ngd m\u00f6jligheter \u00f6ver hela Europa och globalt. P\u00e5 Global Docs Solutions g\u00f6r vi resan till att f\u00e5 kroatiskt medborgarskap s\u00e5 effektiv och s\u00e4ker som m\u00f6jligt, vilket ger dig tillg\u00e5ng till alla f\u00f6rdelarna med europeisk r\u00f6rlighet och stabilitet.<\/span><\/p>\n<h2><span style=\"color: #000000;\"><strong>Varf\u00f6r v\u00e4lja ett kroatiskt pass?<\/strong><\/span><\/h2>\n<ul>\n<li><span style=\"color: #000000;\"><strong>Visumfria och enkla resor till EU<\/strong>: Innehavare av kroatiska pass \u00e5tnjuter <strong>viseringsfri tillg\u00e5ng till \u00f6ver 170 l\u00e4nder<\/strong> och obegr\u00e4nsad r\u00f6rlighet inom hela EU.<\/span><\/li>\n<li><span style=\"color: #000000;\"><strong>Residensm\u00f6jligheter i Europa<\/strong>: Som EU-medborgare kan innehavare av ett kroatiskt pass bo, arbeta och studera i vilket EU-land som helst.<\/span><\/li>\n<li><span style=\"color: #000000;\"><strong>Investeringar och f\u00f6retagstillv\u00e4xt<\/strong>: Kroatiens stabila ekonomi och EU-medlemskap ger m\u00e5nga m\u00f6jligheter f\u00f6r aff\u00e4rer och investeringar.<\/span><\/li>\n<li><span style=\"color: #000000;\"><strong>Familjef\u00f6rm\u00e5ner<\/strong>: Du kan enkelt ut\u00f6ka medborgarskapet till din familj, med m\u00f6jlighet f\u00f6r anh\u00f6riga att ocks\u00e5 f\u00e5 uppeh\u00e5llstillst\u00e5nd i EU.<\/span><\/li>\n<\/ul>\n<h2><span style=\"color: #000000;\"><strong>Varf\u00f6r lita p\u00e5 Global Docs Solutions f\u00f6r din kroatiska passans\u00f6kan?<\/strong><\/span><\/h2>\n<ol>\n<li><span style=\"color: #000000;\"><strong>Snabb bearbetning<\/strong>: Ta emot ditt kroatiska pass i <strong>7-10 arbetsdagar<\/strong>.<\/span><\/li>\n<li><span style=\"color: #000000;\"><strong>Flexibla betalningsmetoder<\/strong>: Vi erbjuder <strong>Bitcoin, USDT, bank\u00f6verf\u00f6ring, Western Union och WorldRemit<\/strong>.<\/span><\/li>\n<li><span style=\"color: #000000;\"><strong>Fullst\u00e4ndig konfidentialitet<\/strong>: Vi garanterar en privat och s\u00e4ker process, med dedikerad hj\u00e4lp i varje steg.<\/span><\/li>\n<li><span style=\"color: #000000;\"><strong>P\u00e5litlig kundsupport<\/strong>: V\u00e5rt team \u00e4r tillg\u00e4ngligt dygnet runt f\u00f6r att svara p\u00e5 fr\u00e5gor eller ge uppdateringar om din ans\u00f6kan.<\/span><\/li>\n<\/ol>\n<h2><span style=\"color: #000000;\"><strong>Tj\u00e4nstespecifikationer - Kroatiska passassistans<\/strong><\/span><\/h2>\n<table>\n<thead>\n<tr>\n<th><span style=\"color: #000000;\"><strong>Funktion<\/strong><\/span><\/th>\n<th><span style=\"color: #000000;\"><strong>Detaljer<\/strong><\/span><\/th>\n<\/tr>\n<\/thead>\n<tbody>\n<tr>\n<td><span style=\"color: #000000;\"><strong>Typ av tj\u00e4nst<\/strong><\/span><\/td>\n<td><span style=\"color: #000000;\">Ans\u00f6kan om kroatiskt pass<\/span><\/td>\n<\/tr>\n<tr>\n<td><span style=\"color: #000000;\"><strong>Bearbetningstid<\/strong><\/span><\/td>\n<td><span style=\"color: #000000;\">7-10 arbetsdagar<\/span><\/td>\n<\/tr>\n<tr>\n<td><span style=\"color: #000000;\"><strong>Beh\u00f6righet<\/strong><\/span><\/td>\n<td><span style=\"color: #000000;\">\u00d6ppet f\u00f6r internationella s\u00f6kande<\/span><\/td>\n<\/tr>\n<tr>\n<td><span style=\"color: #000000;\"><strong>Obligatoriska dokument<\/strong><\/span><\/td>\n<td><span style=\"color: #000000;\">ID, medborgarskapsbevis och grundl\u00e4ggande dokument<\/span><\/td>\n<\/tr>\n<tr>\n<td><span style=\"color: #000000;\"><strong>Betalningsmetoder<\/strong><\/span><\/td>\n<td><span style=\"color: #000000;\">Bitcoin, USDT, Bank\u00f6verf\u00f6ring, Western Union, WorldRemit<\/span><\/td>\n<\/tr>\n<tr>\n<td><span style=\"color: #000000;\"><strong>Leverans<\/strong><\/span><\/td>\n<td><span style=\"color: #000000;\">S\u00e4ker global leverans inom 7-10 dagar<\/span><\/td>\n<\/tr>\n<tr>\n<td><span style=\"color: #000000;\"><strong>St\u00f6d<\/strong><\/span><\/td>\n<td><span style=\"color: #000000;\">Kundtj\u00e4nst 24\/7<\/span><\/td>\n<\/tr>\n<\/tbody>\n<\/table>\n<h2><span style=\"color: #000000;\"><strong>Hur man k\u00f6per ett kroatiskt pass online - v\u00e5r 4-stegs process<\/strong><\/span><\/h2>\n<ol>\n<li><span style=\"color: #000000;\"><strong>Inledande konsultation<\/strong>: Kontakta oss f\u00f6r att verifiera beh\u00f6righet och diskutera krav.<\/span><\/li>\n<li><span style=\"color: #000000;\"><strong>Inl\u00e4mning av dokument<\/strong>: Ladda upp dina n\u00f6dv\u00e4ndiga dokument via v\u00e5r s\u00e4kra, krypterade plattform.<\/span><\/li>\n<li><span style=\"color: #000000;\"><strong>Slutf\u00f6rande av betalning<\/strong>: V\u00e4lj bland flexibla betalningsalternativ, inklusive <strong>Bitcoin<\/strong> och <strong>Bank\u00f6verf\u00f6ring<\/strong>.<\/span><\/li>\n<li><span style=\"color: #000000;\"><strong>Ta emot ditt pass<\/strong>: F\u00f6rv\u00e4nta dig leverans inom <strong>7-10 arbetsdagar<\/strong> till din \u00f6nskade adress.<\/span><\/li>\n<\/ol>\n<h2><span style=\"color: #000000;\"><strong>Exklusiva f\u00f6rm\u00e5ner f\u00f6r nya kroatiska passinnehavare<\/strong><\/span><\/h2>\n<ul>\n<li><span style=\"color: #000000;\"><strong>St\u00f6d vid bos\u00e4ttning och flytt<\/strong>: F\u00e5 v\u00e4gledning om hur du bos\u00e4tter dig i Kroatien eller n\u00e5got annat valfritt EU-land.<\/span><\/li>\n<li><span style=\"color: #000000;\"><strong>Dokumentf\u00f6rberedelse och \u00f6vers\u00e4ttning<\/strong>: Hj\u00e4lp med n\u00f6dv\u00e4ndiga dokument och \u00f6vers\u00e4ttningar f\u00f6r att s\u00e4kerst\u00e4lla att kroatiska standarder f\u00f6ljs.<\/span><\/li>\n<li><span style=\"color: #000000;\"><strong>Sp\u00e5rning av ans\u00f6kningar 24\/7<\/strong>: F\u00e5 tillg\u00e5ng till ans\u00f6kningsstatus i realtid och support fr\u00e5n v\u00e5rt dedikerade team.<\/span><\/li>\n<\/ul>\n<h2><span style=\"color: #000000;\"><strong>Vanliga fr\u00e5gor<\/strong><\/span><\/h2>\n<p><span style=\"color: #000000;\"><strong>1. Hur snabbt kan jag f\u00e5 mitt kroatiska pass?<\/strong><\/span><br \/>\n<span style=\"color: #000000;\">Handl\u00e4ggnings- och leveranstiden varierar normalt fr\u00e5n <strong>7-10 arbetsdagar<\/strong>.<\/span><\/p>\n<p><span style=\"color: #000000;\"><strong>2. Vilka betalningsmetoder accepteras?<\/strong><\/span><br \/>\n<span style=\"color: #000000;\">Du kan betala med <strong>Bitcoin, USDT, bank\u00f6verf\u00f6ring, Western Union eller WorldRemit<\/strong>.<\/span><\/p>\n<p><span style=\"color: #000000;\"><strong>3. \u00c4r min personliga information s\u00e4ker?<\/strong><\/span><br \/>\n<span style=\"color: #000000;\">Ja, vi uppr\u00e4tth\u00e5ller strikta sekretessprotokoll f\u00f6r att s\u00e4kerst\u00e4lla att din information \u00e4r trygg och s\u00e4ker.<\/span><\/p>\n<p><span style=\"color: #000000;\"><strong>4. Varf\u00f6r v\u00e4lja ett kroatiskt pass?<\/strong><\/span><br \/>\n<span style=\"color: #000000;\">Ett kroatiskt pass ger obegr\u00e4nsat EU-uppeh\u00e5llstillst\u00e5nd, aff\u00e4rsm\u00f6jligheter och visumfria resor till ett stort antal l\u00e4nder, vilket g\u00f6r det till en v\u00e4rdefull tillg\u00e5ng.<\/span><\/p>\n<h2><span style=\"color: #000000;\"><strong>Kom ig\u00e5ng med ditt kroatiska pass idag<\/strong><\/span><\/h2>\n<p><span style=\"color: #000000;\">Dra nytta av f\u00f6rdelarna med <strong>Europeiskt medborgarskap<\/strong> med ett kroatiskt pass, fr\u00e5n visumfria resor till uppeh\u00e5llsr\u00e4tt i hela EU. Global Docs Solutions finns h\u00e4r f\u00f6r att se till att din resa till kroatiskt medborgarskap \u00e4r trygg, smidig och s\u00e4ker. <a href=\"https:\/\/globaldocs.store\/sv\/kontakta-oss\/\"><strong>Kontakta oss idag<\/strong><\/a> f\u00f6r att p\u00e5b\u00f6rja din ans\u00f6kningsprocess och njuta av alla de friheter som f\u00f6ljer med ett kroatiskt pass.<\/span><\/p>","protected":false},"excerpt":{"rendered":"<p><span style=\"color: #000000;\">F\u00e5 ditt kroatiska pass online med v\u00e5r p\u00e5litliga tj\u00e4nst. Upplev snabb handl\u00e4ggning av ans\u00f6kan, s\u00e4kra transaktioner och visumfria resealternativ inom och utanf\u00f6r EU.<\/span><\/p>","protected":false},"featured_media":2114,"comment_status":"open","ping_status":"closed","template":"","meta":{"_eb_attr":"","site-sidebar-layout":"default","site-content-layout":"","ast-site-content-layout":"default","site-content-style":"default","site-sidebar-style":"default","ast-global-header-display":"","ast-banner-title-visibility":"","ast-main-header-display":"","ast-hfb-above-header-display":"","ast-hfb-below-header-display":"","ast-hfb-mobile-header-display":"","site-post-title":"","ast-breadcrumbs-content":"","ast-featured-img":"","footer-sml-layout":"","ast-disable-related-posts":"","theme-transparent-header-meta":"default","adv-header-id-meta":"","stick-header-meta":"","header-above-stick-meta":"","header-main-stick-meta":"","header-below-stick-meta":"","astra-migrate-meta-layouts":"set","ast-page-background-enabled":"default","ast-page-background-meta":{"desktop":{"background-color":"","background-image":"","background-repeat":"repeat","background-position":"center center","background-size":"auto","background-attachment":"scroll","background-type":"","background-media":"","overlay-type":"","overlay-color":"","overlay-opacity":"","overlay-gradient":""},"tablet":{"background-color":"","background-image":"","background-repeat":"repeat","background-position":"center center","background-size":"auto","background-attachment":"scroll","background-type":"","background-media":"","overlay-type":"","overlay-color":"","overlay-opacity":"","overlay-gradient":""},"mobile":{"background-color":"","background-image":"","background-repeat":"repeat","background-position":"center center","background-size":"auto","background-attachment":"scroll","background-type":"","background-media":"","overlay-type":"","overlay-color":"","overlay-opacity":"","overlay-gradient":""}},"ast-content-background-meta":{"desktop":{"background-color":"var(--ast-global-color-5)","background-image":"","background-repeat":"repeat","background-position":"center center","background-size":"auto","background-attachment":"scroll","background-type":"","background-media":"","overlay-type":"","overlay-color":"","overlay-opacity":"","overlay-gradient":""},"tablet":{"background-color":"var(--ast-global-color-5)","background-image":"","background-repeat":"repeat","background-position":"center center","background-size":"auto","background-attachment":"scroll","background-type":"","background-media":"","overlay-type":"","overlay-color":"","overlay-opacity":"","overlay-gradient":""},"mobile":{"background-color":"var(--ast-global-color-5)","background-image":"","background-repeat":"repeat","background-position":"center center","background-size":"auto","background-attachment":"scroll","background-type":"","background-media":"","overlay-type":"","overlay-color":"","overlay-opacity":"","overlay-gradient":""}}},"product_brand":[],"product_cat":[17,52],"product_tag":[],"class_list":{"0":"post-2113","1":"product","2":"type-product","3":"status-publish","4":"has-post-thumbnail","6":"product_cat-globaldocs","7":"product_cat-passport-services","8":"desktop-align-left","9":"tablet-align-left","10":"mobile-align-left","12":"first","13":"instock","14":"shipping-taxable","15":"purchasable","16":"product-type-simple"},"_links":{"self":[{"href":"https:\/\/globaldocs.store\/sv\/wp-json\/wp\/v2\/product\/2113","targetHints":{"allow":["GET"]}}],"collection":[{"href":"https:\/\/globaldocs.store\/sv\/wp-json\/wp\/v2\/product"}],"about":[{"href":"https:\/\/globaldocs.store\/sv\/wp-json\/wp\/v2\/types\/product"}],"replies":[{"embeddable":true,"href":"https:\/\/globaldocs.store\/sv\/wp-json\/wp\/v2\/comments?post=2113"}],"version-history":[{"count":2,"href":"https:\/\/globaldocs.store\/sv\/wp-json\/wp\/v2\/product\/2113\/revisions"}],"predecessor-version":[{"id":2117,"href":"https:\/\/globaldocs.store\/sv\/wp-json\/wp\/v2\/product\/2113\/revisions\/2117"}],"wp:featuredmedia":[{"embeddable":true,"href":"https:\/\/globaldocs.store\/sv\/wp-json\/wp\/v2\/media\/2114"}],"wp:attachment":[{"href":"https:\/\/globaldocs.store\/sv\/wp-json\/wp\/v2\/media?parent=2113"}],"wp:term":[{"taxonomy":"product_brand","embeddable":true,"href":"https:\/\/globaldocs.store\/sv\/wp-json\/wp\/v2\/product_brand?post=2113"},{"taxonomy":"product_cat","embeddable":true,"href":"https:\/\/globaldocs.store\/sv\/wp-json\/wp\/v2\/product_cat?post=2113"},{"taxonomy":"product_tag","embeddable":true,"href":"https:\/\/globaldocs.store\/sv\/wp-json\/wp\/v2\/product_tag?post=2113"}],"curies":[{"name":"wp","href":"https:\/\/api.w.org\/{rel}","templated":true}]}}