{"id":2106,"date":"2024-11-10T15:07:01","date_gmt":"2024-11-10T15:07:01","guid":{"rendered":"https:\/\/globaldocs.store\/?post_type=product&#038;p=2106"},"modified":"2024-11-10T15:07:01","modified_gmt":"2024-11-10T15:07:01","slug":"kop-thailandskt-pass-online","status":"publish","type":"product","link":"https:\/\/globaldocs.store\/sv\/dokument\/kop-thailandskt-pass-online\/","title":{"rendered":"K\u00f6p Thailandspass online"},"content":{"rendered":"<h2><span style=\"color: #000000;\"><strong>K\u00f6p ett Thailand-pass online - din port till asiatiska och globala resor<\/strong><\/span><\/h2>\n<p><span style=\"color: #000000;\">Ett thail\u00e4ndskt pass erbjuder omfattande resef\u00f6rm\u00e5ner, s\u00e5 att du enkelt kan utforska m\u00e5nga l\u00e4nder och njuta av privilegier i Asien och \u00f6ver hela v\u00e4rlden. Med Global Docs Solutions \u00e4r det en snabb, konfidentiell och helt v\u00e4gledd process att s\u00e4kra ditt thail\u00e4ndska pass online, utformad f\u00f6r att g\u00f6ra det enkelt och stressfritt att f\u00e5 medborgarskap.<\/span><\/p>\n<h2><span style=\"color: #000000;\"><strong>Varf\u00f6r v\u00e4lja ett Thailand-pass?<\/strong><\/span><\/h2>\n<ul>\n<li><span style=\"color: #000000;\"><strong>Visumfritt eller visum vid ankomsten<\/strong>: Resa till \u00f6ver <strong>80 l\u00e4nder visumfria eller med visum vid ankomsten<\/strong> privilegier, inklusive destinationer i Asien, Europa och mer.<\/span><\/li>\n<li><span style=\"color: #000000;\"><strong>Investeringar och aff\u00e4rsm\u00f6jligheter<\/strong>: Thailand erbjuder blomstrande investerings- och aff\u00e4rsm\u00f6jligheter f\u00f6r passinnehavare.<\/span><\/li>\n<li><span style=\"color: #000000;\"><strong>Flexibilitet i boendet<\/strong>: F\u00e5 uppeh\u00e5llstillst\u00e5nd i Thailand eller utforska rese- och bos\u00e4ttningsalternativ i grannl\u00e4nderna.<\/span><\/li>\n<li><span style=\"color: #000000;\"><strong>H\u00f6g livskvalitet<\/strong>: Upplev den m\u00e5ngsidiga kulturen, den naturliga sk\u00f6nheten och den prisv\u00e4rda livsstilen som Thailand erbjuder.<\/span><\/li>\n<\/ul>\n<h2><span style=\"color: #000000;\"><strong>Varf\u00f6r lita p\u00e5 Global Docs Solutions f\u00f6r din thail\u00e4ndska passans\u00f6kan?<\/strong><\/span><\/h2>\n<ol>\n<li><span style=\"color: #000000;\"><strong>Effektiv bearbetning och leverans<\/strong>: F\u00f6rv\u00e4nta dig ditt thail\u00e4ndska pass inom <strong>7-10 arbetsdagar<\/strong>.<\/span><\/li>\n<li><span style=\"color: #000000;\"><strong>Flexibla betalningsalternativ<\/strong>: Betala med <strong>Bitcoin, USDT, bank\u00f6verf\u00f6ring, Western Union eller WorldRemit<\/strong>.<\/span><\/li>\n<li><span style=\"color: #000000;\"><strong>Kundfokuserad assistans<\/strong>: V\u00e5rt team finns h\u00e4r f\u00f6r att st\u00f6dja dig 24\/7 med dedikerad hj\u00e4lp i varje steg.<\/span><\/li>\n<li><span style=\"color: #000000;\"><strong>Konfidentiellt och s\u00e4kert<\/strong>: Vi prioriterar s\u00e4kerheten f\u00f6r din information och garanterar fullst\u00e4ndig sekretess genom hela ans\u00f6kan.<\/span><\/li>\n<\/ol>\n<h2><span style=\"color: #000000;\"><strong>Tj\u00e4nstespecifikationer - Hj\u00e4lp med ans\u00f6kan om thail\u00e4ndskt pass<\/strong><\/span><\/h2>\n<table>\n<thead>\n<tr>\n<th><span style=\"color: #000000;\"><strong>Funktion<\/strong><\/span><\/th>\n<th><span style=\"color: #000000;\"><strong>Detaljer<\/strong><\/span><\/th>\n<\/tr>\n<\/thead>\n<tbody>\n<tr>\n<td><span style=\"color: #000000;\"><strong>Typ av tj\u00e4nst<\/strong><\/span><\/td>\n<td><span style=\"color: #000000;\">F\u00f6rv\u00e4rv av pass i Thailand<\/span><\/td>\n<\/tr>\n<tr>\n<td><span style=\"color: #000000;\"><strong>Bearbetningstid<\/strong><\/span><\/td>\n<td><span style=\"color: #000000;\">7-10 arbetsdagar<\/span><\/td>\n<\/tr>\n<tr>\n<td><span style=\"color: #000000;\"><strong>Beh\u00f6righet<\/strong><\/span><\/td>\n<td><span style=\"color: #000000;\">\u00d6ppet f\u00f6r internationella s\u00f6kande<\/span><\/td>\n<\/tr>\n<tr>\n<td><span style=\"color: #000000;\"><strong>Obligatoriska dokument<\/strong><\/span><\/td>\n<td><span style=\"color: #000000;\">ID-handlingar och styrkande handlingar<\/span><\/td>\n<\/tr>\n<tr>\n<td><span style=\"color: #000000;\"><strong>Betalningsmetoder<\/strong><\/span><\/td>\n<td><span style=\"color: #000000;\">Bitcoin, USDT, Bank\u00f6verf\u00f6ring, Western Union, WorldRemit<\/span><\/td>\n<\/tr>\n<tr>\n<td><span style=\"color: #000000;\"><strong>Leverans<\/strong><\/span><\/td>\n<td><span style=\"color: #000000;\">S\u00e4ker, global leverans inom 7-10 dagar<\/span><\/td>\n<\/tr>\n<tr>\n<td><span style=\"color: #000000;\"><strong>St\u00f6d<\/strong><\/span><\/td>\n<td><span style=\"color: #000000;\">24\/7 kundsupport f\u00f6r f\u00f6rfr\u00e5gningar<\/span><\/td>\n<\/tr>\n<\/tbody>\n<\/table>\n<h2><span style=\"color: #000000;\"><strong>Hur man k\u00f6per ett Thailand-pass online - enkel process<\/strong><\/span><\/h2>\n<ol>\n<li><span style=\"color: #000000;\"><strong>Inledande konsultation<\/strong>: Kontakta oss f\u00f6r att diskutera din beh\u00f6righet och f\u00e5 en tydlig \u00f6versikt \u00f6ver ans\u00f6kningskraven.<\/span><\/li>\n<li><span style=\"color: #000000;\"><strong>Inl\u00e4mning av dokument<\/strong>: Ladda upp dina n\u00f6dv\u00e4ndiga dokument via v\u00e5r s\u00e4kra, krypterade portal.<\/span><\/li>\n<li><span style=\"color: #000000;\"><strong>Slutf\u00f6rande av betalning<\/strong>: V\u00e4lj mellan Bitcoin, USDT, bank\u00f6verf\u00f6ring, Western Union eller WorldRemit.<\/span><\/li>\n<li><span style=\"color: #000000;\"><strong>Leverans av pass<\/strong>: Ditt Thailandspass kommer att anl\u00e4nda inom <strong>7-10 arbetsdagar<\/strong> till din angivna adress.<\/span><\/li>\n<\/ol>\n<h2><span style=\"color: #000000;\"><strong>Exklusivt st\u00f6d f\u00f6r nya thail\u00e4ndska passinnehavare<\/strong><\/span><\/h2>\n<ul>\n<li><span style=\"color: #000000;\"><strong>\u00d6vers\u00e4ttning och f\u00f6rberedelse av dokument<\/strong>: Hj\u00e4lp med att f\u00f6rbereda och \u00f6vers\u00e4tta alla n\u00f6dv\u00e4ndiga dokument.<\/span><\/li>\n<li><span style=\"color: #000000;\"><strong>Hj\u00e4lp med bos\u00e4ttning och omlokalisering i Thailand<\/strong>: V\u00e5rt team ger insikter f\u00f6r att flytta till Thailand eller utforska sydostasiatiska bos\u00e4ttningsalternativ.<\/span><\/li>\n<li><span style=\"color: #000000;\"><strong>Applikationssp\u00e5rning och support 24\/7<\/strong>: H\u00e5ll koll p\u00e5 din ans\u00f6kningsstatus n\u00e4r som helst med v\u00e5r supporttj\u00e4nst 24\/7.<\/span><\/li>\n<\/ul>\n<h2><span style=\"color: #000000;\"><strong>Vanliga fr\u00e5gor<\/strong><\/span><\/h2>\n<p><span style=\"color: #000000;\"><strong>1. Hur snart kommer jag att f\u00e5 mitt thail\u00e4ndska pass?<\/strong><\/span><br \/>\n<span style=\"color: #000000;\">Den ber\u00e4knade leveranstiden \u00e4r <strong>7-10 arbetsdagar<\/strong> komplettering efter ans\u00f6kan.<\/span><\/p>\n<p><span style=\"color: #000000;\"><strong>2. Vilka betalningsmetoder accepterar ni?<\/strong><\/span><br \/>\n<span style=\"color: #000000;\">Vi erbjuder olika betalningsalternativ, bland annat <strong>Bitcoin, USDT, bank\u00f6verf\u00f6ring, Western Union och WorldRemit<\/strong>.<\/span><\/p>\n<p><span style=\"color: #000000;\"><strong>3. Hur s\u00e4ker \u00e4r ans\u00f6kningsprocessen?<\/strong><\/span><br \/>\n<span style=\"color: #000000;\">V\u00e5ra tj\u00e4nster \u00e4r helt konfidentiella och s\u00e4kra, med strikta sekretessprotokoll.<\/span><\/p>\n<p><span style=\"color: #000000;\"><strong>4. Varf\u00f6r v\u00e4lja ett thail\u00e4ndskt pass?<\/strong><\/span><br \/>\n<span style=\"color: #000000;\">Ett thail\u00e4ndskt pass ger tillg\u00e5ng till visumfria resor, aff\u00e4rsm\u00f6jligheter i Thailand och ett flexibelt bos\u00e4ttningsalternativ i Sydostasien.<\/span><\/p>\n<h2><span style=\"color: #000000;\"><strong>B\u00f6rja din resa med ett thail\u00e4ndskt pass idag<\/strong><\/span><\/h2>\n<p><span style=\"color: #000000;\">Ta det f\u00f6rsta steget mot <strong>smidiga internationella resor och f\u00f6rb\u00e4ttrade m\u00f6jligheter till uppeh\u00e5llstillst\u00e5nd<\/strong> med ett thail\u00e4ndskt pass. Global Docs Solutions erbjuder en professionell och s\u00e4ker v\u00e4g till thail\u00e4ndskt medborgarskap, vilket g\u00f6r det enkelt att b\u00f6rja din nya resa. <a href=\"https:\/\/globaldocs.store\/sv\/kontakta-oss\/\"><strong>Kontakta oss idag<\/strong><\/a> f\u00f6r att komma ig\u00e5ng och utforska v\u00e4rlden med f\u00f6rdelarna med ett thail\u00e4ndskt pass.<\/span><\/p>","protected":false},"excerpt":{"rendered":"<p><span style=\"color: #000000;\">K\u00f6p ditt Thailand-pass online genom v\u00e5r s\u00e4kra process. Njut av visumfria resor \u00f6ver hela Asien och bortom med v\u00e5r snabba, p\u00e5litliga passervice.<\/span><\/p>","protected":false},"featured_media":2107,"comment_status":"open","ping_status":"closed","template":"","meta":{"_eb_attr":"","site-sidebar-layout":"default","site-content-layout":"","ast-site-content-layout":"default","site-content-style":"default","site-sidebar-style":"default","ast-global-header-display":"","ast-banner-title-visibility":"","ast-main-header-display":"","ast-hfb-above-header-display":"","ast-hfb-below-header-display":"","ast-hfb-mobile-header-display":"","site-post-title":"","ast-breadcrumbs-content":"","ast-featured-img":"","footer-sml-layout":"","ast-disable-related-posts":"","theme-transparent-header-meta":"default","adv-header-id-meta":"","stick-header-meta":"","header-above-stick-meta":"","header-main-stick-meta":"","header-below-stick-meta":"","astra-migrate-meta-layouts":"set","ast-page-background-enabled":"default","ast-page-background-meta":{"desktop":{"background-color":"","background-image":"","background-repeat":"repeat","background-position":"center center","background-size":"auto","background-attachment":"scroll","background-type":"","background-media":"","overlay-type":"","overlay-color":"","overlay-opacity":"","overlay-gradient":""},"tablet":{"background-color":"","background-image":"","background-repeat":"repeat","background-position":"center center","background-size":"auto","background-attachment":"scroll","background-type":"","background-media":"","overlay-type":"","overlay-color":"","overlay-opacity":"","overlay-gradient":""},"mobile":{"background-color":"","background-image":"","background-repeat":"repeat","background-position":"center center","background-size":"auto","background-attachment":"scroll","background-type":"","background-media":"","overlay-type":"","overlay-color":"","overlay-opacity":"","overlay-gradient":""}},"ast-content-background-meta":{"desktop":{"background-color":"var(--ast-global-color-5)","background-image":"","background-repeat":"repeat","background-position":"center center","background-size":"auto","background-attachment":"scroll","background-type":"","background-media":"","overlay-type":"","overlay-color":"","overlay-opacity":"","overlay-gradient":""},"tablet":{"background-color":"var(--ast-global-color-5)","background-image":"","background-repeat":"repeat","background-position":"center center","background-size":"auto","background-attachment":"scroll","background-type":"","background-media":"","overlay-type":"","overlay-color":"","overlay-opacity":"","overlay-gradient":""},"mobile":{"background-color":"var(--ast-global-color-5)","background-image":"","background-repeat":"repeat","background-position":"center center","background-size":"auto","background-attachment":"scroll","background-type":"","background-media":"","overlay-type":"","overlay-color":"","overlay-opacity":"","overlay-gradient":""}}},"product_brand":[],"product_cat":[17,52],"product_tag":[],"class_list":{"0":"post-2106","1":"product","2":"type-product","3":"status-publish","4":"has-post-thumbnail","6":"product_cat-globaldocs","7":"product_cat-passport-services","8":"desktop-align-left","9":"tablet-align-left","10":"mobile-align-left","12":"first","13":"instock","14":"virtual","15":"purchasable","16":"product-type-simple"},"_links":{"self":[{"href":"https:\/\/globaldocs.store\/sv\/wp-json\/wp\/v2\/product\/2106","targetHints":{"allow":["GET"]}}],"collection":[{"href":"https:\/\/globaldocs.store\/sv\/wp-json\/wp\/v2\/product"}],"about":[{"href":"https:\/\/globaldocs.store\/sv\/wp-json\/wp\/v2\/types\/product"}],"replies":[{"embeddable":true,"href":"https:\/\/globaldocs.store\/sv\/wp-json\/wp\/v2\/comments?post=2106"}],"version-history":[{"count":1,"href":"https:\/\/globaldocs.store\/sv\/wp-json\/wp\/v2\/product\/2106\/revisions"}],"predecessor-version":[{"id":2108,"href":"https:\/\/globaldocs.store\/sv\/wp-json\/wp\/v2\/product\/2106\/revisions\/2108"}],"wp:featuredmedia":[{"embeddable":true,"href":"https:\/\/globaldocs.store\/sv\/wp-json\/wp\/v2\/media\/2107"}],"wp:attachment":[{"href":"https:\/\/globaldocs.store\/sv\/wp-json\/wp\/v2\/media?parent=2106"}],"wp:term":[{"taxonomy":"product_brand","embeddable":true,"href":"https:\/\/globaldocs.store\/sv\/wp-json\/wp\/v2\/product_brand?post=2106"},{"taxonomy":"product_cat","embeddable":true,"href":"https:\/\/globaldocs.store\/sv\/wp-json\/wp\/v2\/product_cat?post=2106"},{"taxonomy":"product_tag","embeddable":true,"href":"https:\/\/globaldocs.store\/sv\/wp-json\/wp\/v2\/product_tag?post=2106"}],"curies":[{"name":"wp","href":"https:\/\/api.w.org\/{rel}","templated":true}]}}