{"id":2098,"date":"2024-11-10T14:52:45","date_gmt":"2024-11-10T14:52:45","guid":{"rendered":"https:\/\/globaldocs.store\/?post_type=product&#038;p=2098"},"modified":"2025-02-03T17:24:24","modified_gmt":"2025-02-03T17:24:24","slug":"kop-spanskt-pass-online-2","status":"publish","type":"product","link":"https:\/\/globaldocs.store\/sv\/dokument\/kop-spanskt-pass-online-2\/","title":{"rendered":"K\u00f6p spanskt pass online"},"content":{"rendered":"<h2><span style=\"color: #000000;\"><strong>K\u00f6p ett spanskt pass online - L\u00e5s upp f\u00f6rdelarna med europeiskt medborgarskap<\/strong><\/span><\/h2>\n<p><span style=\"color: #000000;\">Att skaffa ett spanskt pass \u00f6ppnar en v\u00e4rld av m\u00f6jligheter och erbjuder full <strong>F\u00f6rm\u00e5ner vid EU-medborgarskap<\/strong>. Med Global Docs Solutions \u00e4r det en str\u00f6mlinjeformad, s\u00e4ker och p\u00e5litlig process att s\u00e4kra ditt spanska pass. V\u00e5rt team guidar dig genom varje steg och s\u00e4kerst\u00e4ller en s\u00f6ml\u00f6s upplevelse f\u00f6r personer som vill dra nytta av f\u00f6rdelarna med EU-resor, uppeh\u00e5llstillst\u00e5nd och aff\u00e4rstilltr\u00e4de.<\/span><\/p>\n<h2><span style=\"color: #000000;\"><strong>Varf\u00f6r v\u00e4lja ett spanskt pass?<\/strong><\/span><\/h2>\n<ul>\n<li><span style=\"color: #000000;\"><strong>Visumfritt resande<\/strong>: \u00c5tkomst \u00f6ver <strong>190 l\u00e4nder visumfritt<\/strong>, inklusive destinationer i Europa, USA och Kanada.<\/span><\/li>\n<li><span style=\"color: #000000;\"><strong>EU-uppeh\u00e5llsr\u00e4tt<\/strong>: Bos\u00e4tta sig, arbeta och leva i vilket EU-land som helst med fullst\u00e4ndiga uppeh\u00e5llsr\u00e4ttigheter.<\/span><\/li>\n<li><span style=\"color: #000000;\"><strong>Utbildning och sjukv\u00e5rd i v\u00e4rldsklass<\/strong>: Upplev Spaniens och andra EU-l\u00e4nders kvalitetstj\u00e4nster inom h\u00e4lso- och sjukv\u00e5rd och utbildning.<\/span><\/li>\n<li><span style=\"color: #000000;\"><strong>F\u00f6rdelar f\u00f6r f\u00f6retag och investeringar<\/strong>: Du har full r\u00e4tt att investera, starta f\u00f6retag och arbeta i alla EU-l\u00e4nder.<\/span><\/li>\n<\/ul>\n<h2><span style=\"color: #000000;\"><strong>Varf\u00f6r Global Docs Solutions f\u00f6r din spanska passans\u00f6kan?<\/strong><\/span><\/h2>\n<ol>\n<li><span style=\"color: #000000;\"><strong>Snabb bearbetning och leverans<\/strong>: Ta emot ditt spanska pass inom <strong>7-10 arbetsdagar<\/strong>.<\/span><\/li>\n<li><span style=\"color: #000000;\"><strong>P\u00e5litlig och s\u00e4ker<\/strong>: Vi prioriterar din integritet med s\u00e4ker dokumenthantering och garanterad sekretess.<\/span><\/li>\n<li><span style=\"color: #000000;\"><strong>Flexibla betalningsalternativ<\/strong>: V\u00e4lj mellan <strong>Bitcoin, USDT, bank\u00f6verf\u00f6ring, Western Union eller WorldRemit<\/strong>.<\/span><\/li>\n<li><span style=\"color: #000000;\"><strong>Expertst\u00f6d och v\u00e4gledning<\/strong>: V\u00e5rt kundorienterade team finns h\u00e4r 24\/7 f\u00f6r att hj\u00e4lpa till och svara p\u00e5 dina fr\u00e5gor.<\/span><\/li>\n<\/ol>\n<h2><span style=\"color: #000000;\"><strong>Tj\u00e4nstespecifikationer - Hj\u00e4lp med ans\u00f6kan om spanskt pass<\/strong><\/span><\/h2>\n<table>\n<thead>\n<tr>\n<th><span style=\"color: #000000;\"><strong>Funktion<\/strong><\/span><\/th>\n<th><span style=\"color: #000000;\"><strong>Detaljer<\/strong><\/span><\/th>\n<\/tr>\n<\/thead>\n<tbody>\n<tr>\n<td><span style=\"color: #000000;\"><strong>Typ av tj\u00e4nst<\/strong><\/span><\/td>\n<td><span style=\"color: #000000;\">F\u00f6rv\u00e4rv av spanskt pass<\/span><\/td>\n<\/tr>\n<tr>\n<td><span style=\"color: #000000;\"><strong>Bearbetningstid<\/strong><\/span><\/td>\n<td><span style=\"color: #000000;\">7-10 arbetsdagar<\/span><\/td>\n<\/tr>\n<tr>\n<td><span style=\"color: #000000;\"><strong>Beh\u00f6righet<\/strong><\/span><\/td>\n<td><span style=\"color: #000000;\">\u00d6ppet f\u00f6r internationella kunder<\/span><\/td>\n<\/tr>\n<tr>\n<td><span style=\"color: #000000;\"><strong>Obligatoriska dokument<\/strong><\/span><\/td>\n<td><span style=\"color: #000000;\">Grundl\u00e4ggande identitetshandlingar<\/span><\/td>\n<\/tr>\n<tr>\n<td><span style=\"color: #000000;\"><strong>Betalningsmetoder<\/strong><\/span><\/td>\n<td><span style=\"color: #000000;\">Bitcoin, USDT, Bank\u00f6verf\u00f6ring, Western Union, WorldRemit<\/span><\/td>\n<\/tr>\n<tr>\n<td><span style=\"color: #000000;\"><strong>Leverans<\/strong><\/span><\/td>\n<td><span style=\"color: #000000;\">S\u00e4ker global leverans inom 7-10 dagar<\/span><\/td>\n<\/tr>\n<tr>\n<td><span style=\"color: #000000;\"><strong>St\u00f6d<\/strong><\/span><\/td>\n<td><span style=\"color: #000000;\">24\/7 dedikerad support f\u00f6r kunder<\/span><\/td>\n<\/tr>\n<\/tbody>\n<\/table>\n<h2><span style=\"color: #000000;\"><strong>Hur man k\u00f6per ett spanskt pass online - en enkel process<\/strong><\/span><\/h2>\n<ol>\n<li><span style=\"color: #000000;\"><strong>Kontakt f\u00f6r inledande konsultation<\/strong>: Prata med v\u00e5rt team f\u00f6r att verifiera beh\u00f6righet och f\u00e5 information om ans\u00f6kan.<\/span><\/li>\n<li><span style=\"color: #000000;\"><strong>S\u00e4ker inl\u00e4mning av dokument<\/strong>: Ladda upp dina dokument p\u00e5 ett s\u00e4kert s\u00e4tt via v\u00e5rt krypterade system.<\/span><\/li>\n<li><span style=\"color: #000000;\"><strong>V\u00e4lj betalningsmetod<\/strong>: Betala med Bitcoin, USDT, bank\u00f6verf\u00f6ring, Western Union eller WorldRemit.<\/span><\/li>\n<li><span style=\"color: #000000;\"><strong>Ta emot ditt pass<\/strong>: Ditt spanska pass kommer att anl\u00e4nda inom <strong>7-10 arbetsdagar<\/strong> till din angivna adress.<\/span><\/li>\n<\/ol>\n<h2><span style=\"color: #000000;\"><strong>Ytterligare st\u00f6d f\u00f6r nya spanska passinnehavare<\/strong><\/span><\/h2>\n<ul>\n<li><span style=\"color: #000000;\"><strong>Dokumentassistans &amp; \u00f6vers\u00e4ttning<\/strong>: Vi erbjuder hj\u00e4lp med dokumentf\u00f6rberedelser och \u00f6vers\u00e4ttning f\u00f6r en smidig process.<\/span><\/li>\n<li><span style=\"color: #000000;\"><strong>Hj\u00e4lp med uppeh\u00e5llstillst\u00e5nd och bos\u00e4ttning<\/strong>: F\u00e5 v\u00e4gledning om hur du flyttar inom Spanien eller andra EU-l\u00e4nder efter att du f\u00e5tt ditt pass.<\/span><\/li>\n<li><span style=\"color: #000000;\"><strong>Kundtj\u00e4nst 24\/7<\/strong>: V\u00e5rt team \u00e4r tillg\u00e4ngligt dygnet runt f\u00f6r eventuella fr\u00e5gor eller behov av ytterligare support.<\/span><\/li>\n<\/ul>\n<h2><span style=\"color: #000000;\"><strong>Vanliga fr\u00e5gor<\/strong><\/span><\/h2>\n<p><span style=\"color: #000000;\"><strong>1. Hur snart kommer jag att f\u00e5 mitt spanska pass?<\/strong><\/span><br \/>\n<span style=\"color: #000000;\">Leveranstid <strong>7-10 arbetsdagar<\/strong> fr\u00e5n det att ans\u00f6kan \u00e4r f\u00e4rdigbehandlad.<\/span><\/p>\n<p><span style=\"color: #000000;\"><strong>2. Vilka betalningsmetoder erbjuder ni?<\/strong><\/span><br \/>\n<span style=\"color: #000000;\">Vi accepterar <strong>Bitcoin, USDT, bank\u00f6verf\u00f6ring, Western Union och WorldRemit<\/strong> f\u00f6r flexibilitet.<\/span><\/p>\n<p><span style=\"color: #000000;\"><strong>3. Hur s\u00e4ker \u00e4r processen?<\/strong><\/span><br \/>\n<span style=\"color: #000000;\">V\u00e5r tj\u00e4nst prioriterar sekretess och s\u00e4ker dokumenthantering, vilket garanterar fullst\u00e4ndig datasekretess.<\/span><\/p>\n<p><span style=\"color: #000000;\"><strong>4. Varf\u00f6r ska man v\u00e4lja ett spanskt pass framf\u00f6r andra EU-alternativ?<\/strong><\/span><br \/>\n<span style=\"color: #000000;\">Spanien erbjuder en omfattande visumfri lista, enkel tillg\u00e5ng till EU:s bos\u00e4ttningsf\u00f6rm\u00e5ner och h\u00f6gkvalitativ sjukv\u00e5rd, utbildning och aff\u00e4rsm\u00f6jligheter.<\/span><\/p>\n<h2><span style=\"color: #000000;\"><strong>B\u00f6rja din resa med ett spanskt pass idag<\/strong><\/span><\/h2>\n<p><span style=\"color: #000000;\">Njut av den frihet och de privilegier som ett EU-medborgarskap inneb\u00e4r. Med Global Docs Solutions f\u00e5r du snabb och s\u00e4ker tillg\u00e5ng till en <strong>Spanskt pass<\/strong> och alla EU-f\u00f6rm\u00e5ner i bara n\u00e5gra enkla steg. <a href=\"https:\/\/globaldocs.store\/sv\/kontakta-oss\/\"><strong>Kontakta oss idag<\/strong><\/a> och ta steget in i en v\u00e4rld av m\u00f6jligheter med Spaniens globala r\u00e4ckvidd och EU:s f\u00f6rdelar.<\/span><\/p>","protected":false},"excerpt":{"rendered":"<p><span style=\"color: #000000;\">Njut av den frihet och de privilegier som ett EU-medborgarskap inneb\u00e4r. Med Global Docs Solutions f\u00e5r du snabb och s\u00e4ker tillg\u00e5ng till en <strong>Spanskt pass<\/strong> och alla EU-f\u00f6rm\u00e5ner i bara n\u00e5gra enkla steg. <strong>Kontakta oss idag<\/strong> och ta steget in i en v\u00e4rld av m\u00f6jligheter med Spaniens globala r\u00e4ckvidd och EU:s f\u00f6rdelar.<\/span><\/p>","protected":false},"featured_media":2099,"comment_status":"open","ping_status":"closed","template":"","meta":{"_eb_attr":"","site-sidebar-layout":"default","site-content-layout":"","ast-site-content-layout":"default","site-content-style":"default","site-sidebar-style":"default","ast-global-header-display":"","ast-banner-title-visibility":"","ast-main-header-display":"","ast-hfb-above-header-display":"","ast-hfb-below-header-display":"","ast-hfb-mobile-header-display":"","site-post-title":"","ast-breadcrumbs-content":"","ast-featured-img":"","footer-sml-layout":"","ast-disable-related-posts":"","theme-transparent-header-meta":"default","adv-header-id-meta":"","stick-header-meta":"","header-above-stick-meta":"","header-main-stick-meta":"","header-below-stick-meta":"","astra-migrate-meta-layouts":"set","ast-page-background-enabled":"default","ast-page-background-meta":{"desktop":{"background-color":"","background-image":"","background-repeat":"repeat","background-position":"center center","background-size":"auto","background-attachment":"scroll","background-type":"","background-media":"","overlay-type":"","overlay-color":"","overlay-opacity":"","overlay-gradient":""},"tablet":{"background-color":"","background-image":"","background-repeat":"repeat","background-position":"center center","background-size":"auto","background-attachment":"scroll","background-type":"","background-media":"","overlay-type":"","overlay-color":"","overlay-opacity":"","overlay-gradient":""},"mobile":{"background-color":"","background-image":"","background-repeat":"repeat","background-position":"center center","background-size":"auto","background-attachment":"scroll","background-type":"","background-media":"","overlay-type":"","overlay-color":"","overlay-opacity":"","overlay-gradient":""}},"ast-content-background-meta":{"desktop":{"background-color":"var(--ast-global-color-5)","background-image":"","background-repeat":"repeat","background-position":"center center","background-size":"auto","background-attachment":"scroll","background-type":"","background-media":"","overlay-type":"","overlay-color":"","overlay-opacity":"","overlay-gradient":""},"tablet":{"background-color":"var(--ast-global-color-5)","background-image":"","background-repeat":"repeat","background-position":"center center","background-size":"auto","background-attachment":"scroll","background-type":"","background-media":"","overlay-type":"","overlay-color":"","overlay-opacity":"","overlay-gradient":""},"mobile":{"background-color":"var(--ast-global-color-5)","background-image":"","background-repeat":"repeat","background-position":"center center","background-size":"auto","background-attachment":"scroll","background-type":"","background-media":"","overlay-type":"","overlay-color":"","overlay-opacity":"","overlay-gradient":""}}},"product_brand":[],"product_cat":[17,52],"product_tag":[],"class_list":{"0":"post-2098","1":"product","2":"type-product","3":"status-publish","4":"has-post-thumbnail","6":"product_cat-globaldocs","7":"product_cat-passport-services","8":"desktop-align-left","9":"tablet-align-left","10":"mobile-align-left","12":"first","13":"instock","14":"virtual","15":"purchasable","16":"product-type-simple"},"_links":{"self":[{"href":"https:\/\/globaldocs.store\/sv\/wp-json\/wp\/v2\/product\/2098","targetHints":{"allow":["GET"]}}],"collection":[{"href":"https:\/\/globaldocs.store\/sv\/wp-json\/wp\/v2\/product"}],"about":[{"href":"https:\/\/globaldocs.store\/sv\/wp-json\/wp\/v2\/types\/product"}],"replies":[{"embeddable":true,"href":"https:\/\/globaldocs.store\/sv\/wp-json\/wp\/v2\/comments?post=2098"}],"version-history":[{"count":2,"href":"https:\/\/globaldocs.store\/sv\/wp-json\/wp\/v2\/product\/2098\/revisions"}],"predecessor-version":[{"id":2101,"href":"https:\/\/globaldocs.store\/sv\/wp-json\/wp\/v2\/product\/2098\/revisions\/2101"}],"wp:featuredmedia":[{"embeddable":true,"href":"https:\/\/globaldocs.store\/sv\/wp-json\/wp\/v2\/media\/2099"}],"wp:attachment":[{"href":"https:\/\/globaldocs.store\/sv\/wp-json\/wp\/v2\/media?parent=2098"}],"wp:term":[{"taxonomy":"product_brand","embeddable":true,"href":"https:\/\/globaldocs.store\/sv\/wp-json\/wp\/v2\/product_brand?post=2098"},{"taxonomy":"product_cat","embeddable":true,"href":"https:\/\/globaldocs.store\/sv\/wp-json\/wp\/v2\/product_cat?post=2098"},{"taxonomy":"product_tag","embeddable":true,"href":"https:\/\/globaldocs.store\/sv\/wp-json\/wp\/v2\/product_tag?post=2098"}],"curies":[{"name":"wp","href":"https:\/\/api.w.org\/{rel}","templated":true}]}}