{"id":2095,"date":"2024-11-10T11:59:55","date_gmt":"2024-11-10T11:59:55","guid":{"rendered":"https:\/\/globaldocs.store\/?post_type=product&#038;p=2095"},"modified":"2024-11-10T11:59:56","modified_gmt":"2024-11-10T11:59:56","slug":"kop-slovakiskt-pass-online","status":"publish","type":"product","link":"https:\/\/globaldocs.store\/sv\/dokument\/kop-slovakiskt-pass-online\/","title":{"rendered":"K\u00f6p slovakiskt pass online"},"content":{"rendered":"<h2><span style=\"color: #000000;\"><strong>K\u00f6p ett slovakiskt pass online - enkel tillg\u00e5ng till europeiskt medborgarskap<\/strong><\/span><\/h2>\n<p><span style=\"color: #000000;\">Ett slovakiskt pass l\u00e5ser upp d\u00f6rrarna till Europeiska unionen och ger <strong>viseringsfria resor<\/strong>, <strong>anst\u00e4llningsr\u00e4ttigheter<\/strong>, och <strong>bos\u00e4ttning i hela EU<\/strong>. P\u00e5 Global Docs Solutions \u00e4r vi specialiserade p\u00e5 att hj\u00e4lpa kunder att f\u00e5 sitt slovakiska pass snabbt och s\u00e4kert och erbjuder fullst\u00e4ndig v\u00e4gledning under hela processen. V\u00e5rt p\u00e5litliga team hanterar din ans\u00f6kan med professionalism och integritet, vilket g\u00f6r det enkelt att f\u00e5 f\u00f6rdelarna med EU-medborgarskap 2024\/25.<\/span><\/p>\n<h2><span style=\"color: #000000;\"><strong>F\u00f6rdelar med ett slovakiskt pass<\/strong><\/span><\/h2>\n<ul>\n<li><span style=\"color: #000000;\"><strong>Visumfritt resande<\/strong>: Utforska <strong>185+ l\u00e4nder<\/strong> \u00f6ver hela v\u00e4rlden, inklusive Schengenomr\u00e5det, USA, Kanada och Storbritannien, utan ytterligare visumkrav.<\/span><\/li>\n<li><span style=\"color: #000000;\"><strong>EU-uppeh\u00e5llstillst\u00e5nd och anst\u00e4llningsr\u00e4ttigheter<\/strong>: Med ett slovakiskt pass har du r\u00e4tt att bo, arbeta och studera i alla EU-l\u00e4nder.<\/span><\/li>\n<li><span style=\"color: #000000;\"><strong>Tillg\u00e5ng till tj\u00e4nster av h\u00f6g kvalitet<\/strong>: Dra nytta av EU:s h\u00e4lso- och sjukv\u00e5rd, utbildning och sociala tj\u00e4nster.<\/span><\/li>\n<li><span style=\"color: #000000;\"><strong>Aff\u00e4rs- och investeringsm\u00f6jligheter<\/strong>: S\u00e4kra aff\u00e4rsr\u00e4ttigheter i alla EU-l\u00e4nder p\u00e5 ett enkelt s\u00e4tt.<\/span><\/li>\n<\/ul>\n<h2><span style=\"color: #000000;\"><strong>Varf\u00f6r v\u00e4lja Global Docs Solutions f\u00f6r din slovakiska passans\u00f6kan?<\/strong><\/span><\/h2>\n<ol>\n<li><span style=\"color: #000000;\"><strong>Snabb och tillf\u00f6rlitlig bearbetning<\/strong>: Skaffa ditt slovakiska pass inom <strong>7-10 arbetsdagar<\/strong>.<\/span><\/li>\n<li><span style=\"color: #000000;\"><strong>S\u00e4kert och privat<\/strong>: Vi hanterar alla ans\u00f6kningar konfidentiellt och ser till att din information \u00e4r skyddad.<\/span><\/li>\n<li><span style=\"color: #000000;\"><strong>Flera betalningsalternativ<\/strong>: Betala via <strong>Bitcoin, USDT, Bank\u00f6verf\u00f6ring, Western Union<\/strong>, eller <strong>WorldRemit<\/strong> f\u00f6r din bekv\u00e4mlighet.<\/span><\/li>\n<li><span style=\"color: #000000;\"><strong>Kundorienterad support<\/strong>: V\u00e5rt team hj\u00e4lper dig dygnet runt och g\u00f6r varje steg i din ans\u00f6kan tydligt och enkelt.<\/span><\/li>\n<\/ol>\n<h2><span style=\"color: #000000;\"><strong>Tj\u00e4nstespecifikationer - Hj\u00e4lp med ans\u00f6kan om slovakiskt pass<\/strong><\/span><\/h2>\n<table>\n<thead>\n<tr>\n<th><span style=\"color: #000000;\"><strong>Funktion<\/strong><\/span><\/th>\n<th><span style=\"color: #000000;\"><strong>Detaljer<\/strong><\/span><\/th>\n<\/tr>\n<\/thead>\n<tbody>\n<tr>\n<td><span style=\"color: #000000;\"><strong>Typ av tj\u00e4nst<\/strong><\/span><\/td>\n<td><span style=\"color: #000000;\">F\u00f6rv\u00e4rv av slovakiskt pass<\/span><\/td>\n<\/tr>\n<tr>\n<td><span style=\"color: #000000;\"><strong>Bearbetningstid<\/strong><\/span><\/td>\n<td><span style=\"color: #000000;\">7-10 arbetsdagar<\/span><\/td>\n<\/tr>\n<tr>\n<td><span style=\"color: #000000;\"><strong>Beh\u00f6righet<\/strong><\/span><\/td>\n<td><span style=\"color: #000000;\">\u00d6ppet f\u00f6r internationella s\u00f6kande<\/span><\/td>\n<\/tr>\n<tr>\n<td><span style=\"color: #000000;\"><strong>Obligatoriska dokument<\/strong><\/span><\/td>\n<td><span style=\"color: #000000;\">Identifiering och eventuella n\u00f6dv\u00e4ndiga dokument<\/span><\/td>\n<\/tr>\n<tr>\n<td><span style=\"color: #000000;\"><strong>Betalningsmetoder<\/strong><\/span><\/td>\n<td><span style=\"color: #000000;\">Bitcoin, USDT, Bank\u00f6verf\u00f6ring, Western Union, WorldRemit<\/span><\/td>\n<\/tr>\n<tr>\n<td><span style=\"color: #000000;\"><strong>Leverans<\/strong><\/span><\/td>\n<td><span style=\"color: #000000;\">S\u00e4ker, global leverans inom 7-10 dagar<\/span><\/td>\n<\/tr>\n<tr>\n<td><span style=\"color: #000000;\"><strong>St\u00f6d<\/strong><\/span><\/td>\n<td><span style=\"color: #000000;\">Support dygnet runt via e-post, telefon och livechatt<\/span><\/td>\n<\/tr>\n<\/tbody>\n<\/table>\n<h2><span style=\"color: #000000;\"><strong>Hur man k\u00f6per ett slovakiskt pass online - enkla steg<\/strong><\/span><\/h2>\n<ol>\n<li><span style=\"color: #000000;\"><strong>Kontakta oss f\u00f6r konsultation<\/strong>: Kontakta oss f\u00f6r att diskutera beh\u00f6righet och svara p\u00e5 dina fr\u00e5gor.<\/span><\/li>\n<li><span style=\"color: #000000;\"><strong>Skicka in dokument p\u00e5 ett s\u00e4kert s\u00e4tt<\/strong>: Skicka dina dokument via v\u00e5r krypterade plattform.<\/span><\/li>\n<li><span style=\"color: #000000;\"><strong>Fullst\u00e4ndig betalning<\/strong>: V\u00e4lj mellan Bitcoin, USDT, bank\u00f6verf\u00f6ring, Western Union eller WorldRemit f\u00f6r s\u00f6ml\u00f6s betalning.<\/span><\/li>\n<li><span style=\"color: #000000;\"><strong>Leverans av pass<\/strong>: Ditt pass kommer att skickas inom <strong>7-10 arbetsdagar<\/strong>, s\u00e4kert till din \u00f6nskade adress.<\/span><\/li>\n<\/ol>\n<h2><span style=\"color: #000000;\"><strong>Ytterligare st\u00f6d f\u00f6r innehavare av slovakiska pass<\/strong><\/span><\/h2>\n<ul>\n<li><span style=\"color: #000000;\"><strong>Dokumentf\u00f6rberedelse och \u00f6vers\u00e4ttning<\/strong>: V\u00e5rt team hj\u00e4lper till med att f\u00f6rbereda och \u00f6vers\u00e4tta dokument, om s\u00e5 kr\u00e4vs.<\/span><\/li>\n<li><span style=\"color: #000000;\"><strong>St\u00f6d f\u00f6r uppeh\u00e5llstillst\u00e5nd<\/strong>: N\u00e4r du har f\u00e5tt ditt pass kan du f\u00e5 v\u00e4gledning om hur du bos\u00e4tter dig i Slovakien eller n\u00e5got annat EU-land.<\/span><\/li>\n<li><span style=\"color: #000000;\"><strong>24\/7 hj\u00e4lp med ans\u00f6kan<\/strong>: Fr\u00e5n b\u00f6rjan till slut finns v\u00e5rt team h\u00e4r f\u00f6r att svara p\u00e5 fr\u00e5gor och ge support.<\/span><\/li>\n<\/ul>\n<h2><span style=\"color: #000000;\"><strong>Vanliga fr\u00e5gor<\/strong><\/span><\/h2>\n<p><span style=\"color: #000000;\"><strong>1. Hur l\u00e5ng tid tar det att f\u00e5 mitt slovakiska pass?<\/strong><\/span><br \/>\n<span style=\"color: #000000;\">Leveranstid <strong>7-10 arbetsdagar<\/strong> fr\u00e5n det att din ans\u00f6kan \u00e4r komplett.<\/span><\/p>\n<p><span style=\"color: #000000;\"><strong>2. Vilka betalningsmetoder accepteras?<\/strong><\/span><br \/>\n<span style=\"color: #000000;\">Vi accepterar <strong>Bitcoin, USDT, Bank\u00f6verf\u00f6ring, Western Union<\/strong>, och <strong>WorldRemit<\/strong>.<\/span><\/p>\n<p><span style=\"color: #000000;\"><strong>3. \u00c4r min information s\u00e4ker?<\/strong><\/span><br \/>\n<span style=\"color: #000000;\">Ja, vi prioriterar strikt sekretess och ser till att dina uppgifter \u00e4r helt skyddade.<\/span><\/p>\n<p><span style=\"color: #000000;\"><strong>4. Vilka f\u00f6rdelar ger ett slovakiskt pass?<\/strong><\/span><br \/>\n<span style=\"color: #000000;\">Ett slovakiskt pass ger <strong>viseringsfri tillg\u00e5ng till \u00f6ver 185 l\u00e4nder<\/strong>, uppeh\u00e5llsr\u00e4tt i hela EU och m\u00f6jlighet att fritt arbeta, studera och f\u00e5 tillg\u00e5ng till EU:s tj\u00e4nster.<\/span><\/p>\n<h2><span style=\"color: #000000;\"><strong>Starta din slovakiska passans\u00f6kan idag - upplev f\u00f6rdelarna med EU-medborgarskap<\/strong><\/span><\/h2>\n<p><span style=\"color: #000000;\">Med Global Docs Solutions \u00e4r det enkelt, s\u00e4kert och snabbt att f\u00e5 ditt slovakiska pass. Ta det f\u00f6rsta steget mot <strong>Europeisk frihet och europeiska m\u00f6jligheter<\/strong> idag. <a href=\"https:\/\/globaldocs.store\/sv\/kontakta-oss\/\"><strong>Kontakta oss nu<\/strong><\/a> f\u00f6r att f\u00e5 tillf\u00f6rlitlig hj\u00e4lp och ta steget mot EU-medborgarskap med tillf\u00f6rsikt.<\/span><\/p>","protected":false},"excerpt":{"rendered":"<p>Global Docs Solutions, att f\u00e5 ditt slovakiska pass \u00e4r enkelt, s\u00e4kert och snabbt. Ta det f\u00f6rsta steget mot <strong>Europeisk frihet och europeiska m\u00f6jligheter<\/strong> idag. <strong>Kontakta oss nu<\/strong> f\u00f6r att f\u00e5 tillf\u00f6rlitlig hj\u00e4lp och ta steget mot EU-medborgarskap med tillf\u00f6rsikt.<\/p>","protected":false},"featured_media":2096,"comment_status":"open","ping_status":"closed","template":"","meta":{"_eb_attr":"","site-sidebar-layout":"default","site-content-layout":"","ast-site-content-layout":"default","site-content-style":"default","site-sidebar-style":"default","ast-global-header-display":"","ast-banner-title-visibility":"","ast-main-header-display":"","ast-hfb-above-header-display":"","ast-hfb-below-header-display":"","ast-hfb-mobile-header-display":"","site-post-title":"","ast-breadcrumbs-content":"","ast-featured-img":"","footer-sml-layout":"","ast-disable-related-posts":"","theme-transparent-header-meta":"default","adv-header-id-meta":"","stick-header-meta":"","header-above-stick-meta":"","header-main-stick-meta":"","header-below-stick-meta":"","astra-migrate-meta-layouts":"set","ast-page-background-enabled":"default","ast-page-background-meta":{"desktop":{"background-color":"","background-image":"","background-repeat":"repeat","background-position":"center center","background-size":"auto","background-attachment":"scroll","background-type":"","background-media":"","overlay-type":"","overlay-color":"","overlay-opacity":"","overlay-gradient":""},"tablet":{"background-color":"","background-image":"","background-repeat":"repeat","background-position":"center center","background-size":"auto","background-attachment":"scroll","background-type":"","background-media":"","overlay-type":"","overlay-color":"","overlay-opacity":"","overlay-gradient":""},"mobile":{"background-color":"","background-image":"","background-repeat":"repeat","background-position":"center center","background-size":"auto","background-attachment":"scroll","background-type":"","background-media":"","overlay-type":"","overlay-color":"","overlay-opacity":"","overlay-gradient":""}},"ast-content-background-meta":{"desktop":{"background-color":"var(--ast-global-color-5)","background-image":"","background-repeat":"repeat","background-position":"center center","background-size":"auto","background-attachment":"scroll","background-type":"","background-media":"","overlay-type":"","overlay-color":"","overlay-opacity":"","overlay-gradient":""},"tablet":{"background-color":"var(--ast-global-color-5)","background-image":"","background-repeat":"repeat","background-position":"center center","background-size":"auto","background-attachment":"scroll","background-type":"","background-media":"","overlay-type":"","overlay-color":"","overlay-opacity":"","overlay-gradient":""},"mobile":{"background-color":"var(--ast-global-color-5)","background-image":"","background-repeat":"repeat","background-position":"center center","background-size":"auto","background-attachment":"scroll","background-type":"","background-media":"","overlay-type":"","overlay-color":"","overlay-opacity":"","overlay-gradient":""}}},"product_brand":[],"product_cat":[17,52],"product_tag":[],"class_list":{"0":"post-2095","1":"product","2":"type-product","3":"status-publish","4":"has-post-thumbnail","6":"product_cat-globaldocs","7":"product_cat-passport-services","8":"desktop-align-left","9":"tablet-align-left","10":"mobile-align-left","12":"first","13":"instock","14":"virtual","15":"purchasable","16":"product-type-simple"},"_links":{"self":[{"href":"https:\/\/globaldocs.store\/sv\/wp-json\/wp\/v2\/product\/2095","targetHints":{"allow":["GET"]}}],"collection":[{"href":"https:\/\/globaldocs.store\/sv\/wp-json\/wp\/v2\/product"}],"about":[{"href":"https:\/\/globaldocs.store\/sv\/wp-json\/wp\/v2\/types\/product"}],"replies":[{"embeddable":true,"href":"https:\/\/globaldocs.store\/sv\/wp-json\/wp\/v2\/comments?post=2095"}],"version-history":[{"count":1,"href":"https:\/\/globaldocs.store\/sv\/wp-json\/wp\/v2\/product\/2095\/revisions"}],"predecessor-version":[{"id":2097,"href":"https:\/\/globaldocs.store\/sv\/wp-json\/wp\/v2\/product\/2095\/revisions\/2097"}],"wp:featuredmedia":[{"embeddable":true,"href":"https:\/\/globaldocs.store\/sv\/wp-json\/wp\/v2\/media\/2096"}],"wp:attachment":[{"href":"https:\/\/globaldocs.store\/sv\/wp-json\/wp\/v2\/media?parent=2095"}],"wp:term":[{"taxonomy":"product_brand","embeddable":true,"href":"https:\/\/globaldocs.store\/sv\/wp-json\/wp\/v2\/product_brand?post=2095"},{"taxonomy":"product_cat","embeddable":true,"href":"https:\/\/globaldocs.store\/sv\/wp-json\/wp\/v2\/product_cat?post=2095"},{"taxonomy":"product_tag","embeddable":true,"href":"https:\/\/globaldocs.store\/sv\/wp-json\/wp\/v2\/product_tag?post=2095"}],"curies":[{"name":"wp","href":"https:\/\/api.w.org\/{rel}","templated":true}]}}