{"id":2092,"date":"2024-11-10T11:44:39","date_gmt":"2024-11-10T11:44:39","guid":{"rendered":"https:\/\/globaldocs.store\/?post_type=product&#038;p=2092"},"modified":"2024-11-10T11:44:39","modified_gmt":"2024-11-10T11:44:39","slug":"kop-spanskt-pass-online","status":"publish","type":"product","link":"https:\/\/globaldocs.store\/sv\/dokument\/kop-spanskt-pass-online\/","title":{"rendered":"K\u00f6p slovenskt pass online"},"content":{"rendered":"<h2><span style=\"color: #000000;\"><strong>K\u00f6p slovenska pass online - din v\u00e4g till europeisk frihet<\/strong><\/span><\/h2>\n<p><span style=\"color: #000000;\">Ett slovenskt pass ger dig de privilegier som f\u00f6ljer av ett EU-medborgarskap, bland annat <strong>viseringsfria resor<\/strong>, <strong>anst\u00e4llningsr\u00e4ttigheter<\/strong>, och <strong><a href=\"https:\/\/globaldocs.store\/sv\/dokument\/cypriotiskt-pass-till-salu\/\">uppeh\u00e5llstillst\u00e5nd<\/a> tilltr\u00e4de<\/strong> i hela EU. P\u00e5 Global Docs Solutions effektiviserar vi processen f\u00f6r att hj\u00e4lpa dig att skaffa ditt slovenska pass snabbt och s\u00e4kert, med alla dokument hanterade diskret och s\u00e4kert. Lita p\u00e5 att v\u00e5rt erfarna team g\u00f6r det enkelt f\u00f6r dig att skaffa ett EU-pass som \u00e4r skr\u00e4ddarsytt f\u00f6r att uppfylla dina behov 2024\/25.<\/span><\/p>\n<h2><span style=\"color: #000000;\"><strong>F\u00f6rdelar med ett slovenskt pass<\/strong><\/span><\/h2>\n<ul>\n<li><span style=\"color: #000000;\"><strong>Global r\u00f6rlighet<\/strong>: Res fritt till \u00f6ver <strong>180 l\u00e4nder<\/strong> med Sloveniens starka pass, som t\u00e4cker destinationer som USA, Storbritannien, Kanada och Schengenomr\u00e5det.<\/span><\/li>\n<li><span style=\"color: #000000;\"><strong>R\u00e4tt till uppeh\u00e5llstillst\u00e5nd och arbete i hela EU<\/strong>: Som EU-medborgare kan du bo, arbeta och studera i alla EU:s medlemsl\u00e4nder utan ytterligare tillst\u00e5nd.<\/span><\/li>\n<li><span style=\"color: #000000;\"><strong>Livskvalitet<\/strong>: Dra nytta av Sloveniens h\u00f6ga standard inom sjukv\u00e5rd, utbildning och social stabilitet.<\/span><\/li>\n<li><span style=\"color: #000000;\"><strong>Investeringar och aff\u00e4rsm\u00f6jligheter<\/strong>: Det slovenska passet \u00f6ppnar upp f\u00f6r str\u00f6mlinjeformade aff\u00e4rs- och investeringsalternativ i hela Europa och bortom.<\/span><\/li>\n<\/ul>\n<h2><span style=\"color: #000000;\"><strong>Varf\u00f6r v\u00e4lja Global Docs Solutions f\u00f6r dina slovenska passbehov?<\/strong><\/span><\/h2>\n<ol>\n<li><span style=\"color: #000000;\"><strong>100% S\u00e4ker och konfidentiell hantering<\/strong>: Din integritet \u00e4r v\u00e5r prioritet. Alla ans\u00f6kningar hanteras med strikt sekretess.<\/span><\/li>\n<li><span style=\"color: #000000;\"><strong>Snabb och p\u00e5litlig leverans<\/strong>: Ta emot ditt slovenska pass inom <strong>7-10 arbetsdagar<\/strong>, levereras s\u00e4kert \u00f6ver hela v\u00e4rlden.<\/span><\/li>\n<li><span style=\"color: #000000;\"><strong>Flexibla betalningsalternativ<\/strong>: Vi accepterar <strong>Bitcoin, USDT, Bank\u00f6verf\u00f6ring, Western Union<\/strong>, och <strong>WorldRemit<\/strong> f\u00f6r din bekv\u00e4mlighet.<\/span><\/li>\n<li><span style=\"color: #000000;\"><strong>Kundtj\u00e4nst 24\/7<\/strong>: V\u00e5rt dedikerade team \u00e4r tillg\u00e4ngligt dygnet runt f\u00f6r att v\u00e4gleda dig genom varje steg.<\/span><\/li>\n<\/ol>\n<h2><span style=\"color: #000000;\"><strong>Tj\u00e4nstespecifikationer - Hj\u00e4lp med ans\u00f6kan om slovenskt pass<\/strong><\/span><\/h2>\n<table>\n<thead>\n<tr>\n<th><span style=\"color: #000000;\"><strong>Funktion<\/strong><\/span><\/th>\n<th><span style=\"color: #000000;\"><strong>Detaljer<\/strong><\/span><\/th>\n<\/tr>\n<\/thead>\n<tbody>\n<tr>\n<td><span style=\"color: #000000;\"><strong>Typ av tj\u00e4nst<\/strong><\/span><\/td>\n<td><span style=\"color: #000000;\">Slovensk passf\u00f6rv\u00e4rvstj\u00e4nst<\/span><\/td>\n<\/tr>\n<tr>\n<td><span style=\"color: #000000;\"><strong>Bearbetningstid<\/strong><\/span><\/td>\n<td><span style=\"color: #000000;\">7-10 arbetsdagar<\/span><\/td>\n<\/tr>\n<tr>\n<td><span style=\"color: #000000;\"><strong>Beh\u00f6righet<\/strong><\/span><\/td>\n<td><span style=\"color: #000000;\">\u00d6ppet f\u00f6r internationella s\u00f6kande<\/span><\/td>\n<\/tr>\n<tr>\n<td><span style=\"color: #000000;\"><strong>Obligatoriska dokument<\/strong><\/span><\/td>\n<td><span style=\"color: #000000;\">Grundl\u00e4ggande identifiering och andra n\u00f6dv\u00e4ndiga dokument<\/span><\/td>\n<\/tr>\n<tr>\n<td><span style=\"color: #000000;\"><strong>Betalningsmetoder<\/strong><\/span><\/td>\n<td><span style=\"color: #000000;\">Bitcoin, USDT, Bank\u00f6verf\u00f6ring, Western Union, WorldRemit<\/span><\/td>\n<\/tr>\n<tr>\n<td><span style=\"color: #000000;\"><strong>Leverans<\/strong><\/span><\/td>\n<td><span style=\"color: #000000;\">S\u00e4ker, global leverans inom 7-10 dagar<\/span><\/td>\n<\/tr>\n<tr>\n<td><span style=\"color: #000000;\"><strong>St\u00f6d<\/strong><\/span><\/td>\n<td><span style=\"color: #000000;\">24\/7 assistans via e-post, telefon och livechatt<\/span><\/td>\n<\/tr>\n<\/tbody>\n<\/table>\n<h2><span style=\"color: #000000;\"><strong>Hur man ans\u00f6ker om ett slovenskt pass online - steg-f\u00f6r-steg-guide<\/strong><\/span><\/h2>\n<ol>\n<li><span style=\"color: #000000;\"><strong>Inledande konsultation<\/strong>: Kontakta oss f\u00f6r att diskutera din beh\u00f6righet och dina krav.<\/span><\/li>\n<li><span style=\"color: #000000;\"><strong>Inl\u00e4mning av dokument<\/strong>: Skicka dina identitetshandlingar till oss p\u00e5 ett s\u00e4kert s\u00e4tt via v\u00e5r krypterade plattform.<\/span><\/li>\n<li><span style=\"color: #000000;\"><strong>Fullst\u00e4ndig betalning<\/strong>: V\u00e4lj mellan Bitcoin, USDT, Bank\u00f6verf\u00f6ring, Western Union eller WorldRemit f\u00f6r att slutf\u00f6ra din transaktion.<\/span><\/li>\n<li><span style=\"color: #000000;\"><strong>Snabb leverans<\/strong>: N\u00e4r ditt pass har behandlats kommer det att levereras direkt till din \u00f6nskade adress inom <strong>7-10 arbetsdagar<\/strong>.<\/span><\/li>\n<\/ol>\n<h2><span style=\"color: #000000;\"><strong>Ytterligare assistanstj\u00e4nster - omfattande st\u00f6d ut\u00f6ver passf\u00f6rv\u00e4rv<\/strong><\/span><\/h2>\n<ul>\n<li><span style=\"color: #000000;\"><strong>St\u00f6d f\u00f6r n\u00f6dv\u00e4ndig dokumentation<\/strong>: Vi hj\u00e4lper till med att ta fram eventuell ytterligare dokumentation f\u00f6r att s\u00e4kerst\u00e4lla en smidig ans\u00f6kningsprocess.<\/span><\/li>\n<li><span style=\"color: #000000;\"><strong>V\u00e4gledning f\u00f6r EU-uppeh\u00e5llstillst\u00e5nd<\/strong>: F\u00e5 insikter om registrering av uppeh\u00e5llstillst\u00e5nd i Slovenien eller n\u00e5got annat EU-land efter passf\u00f6rv\u00e4rv.<\/span><\/li>\n<li><span style=\"color: #000000;\"><strong>\u00d6vers\u00e4ttning &amp; dokumentf\u00f6rberedelse<\/strong>: F\u00f6r personer som inte talar slovenska erbjuder vi \u00f6vers\u00e4ttningstj\u00e4nster f\u00f6r att g\u00f6ra processen l\u00e4tt att f\u00f6rst\u00e5.<\/span><\/li>\n<\/ul>\n<h2><span style=\"color: #000000;\"><strong>Vanliga fr\u00e5gor och svar (FAQ)<\/strong><\/span><\/h2>\n<p><span style=\"color: #000000;\"><strong>1. Vad \u00e4r tidslinjen f\u00f6r att f\u00e5 mitt slovenska pass?<\/strong><\/span><br \/>\n<span style=\"color: #000000;\">Du kan f\u00f6rv\u00e4nta dig leverans inom <strong>7-10 arbetsdagar<\/strong> att fylla i din ans\u00f6kan.<\/span><\/p>\n<p><span style=\"color: #000000;\"><strong>2. Vilka betalningsmetoder finns tillg\u00e4ngliga?<\/strong><\/span><br \/>\n<span style=\"color: #000000;\">Vi accepterar <strong>Bitcoin, USDT, Bank\u00f6verf\u00f6ring, Western Union<\/strong>, och <strong>WorldRemit<\/strong>.<\/span><\/p>\n<p><span style=\"color: #000000;\"><strong>3. \u00c4r denna tj\u00e4nst s\u00e4ker?<\/strong><\/span><br \/>\n<span style=\"color: #000000;\">Ja, vi prioriterar s\u00e4kerhet och sekretess och garanterar en s\u00e4ker och privat transaktion f\u00f6r varje kund.<\/span><\/p>\n<p><span style=\"color: #000000;\"><strong>4. Kan jag arbeta och bo i vilket EU-land som helst med ett slovenskt pass?<\/strong><\/span><br \/>\n<span style=\"color: #000000;\">Absolut. Slovenska passinnehavare \u00e5tnjuter <strong>full r\u00e4tt till uppeh\u00e5llstillst\u00e5nd, anst\u00e4llning och utbildning<\/strong> i alla EU:s medlemsl\u00e4nder.<\/span><\/p>\n<h2><span style=\"color: #000000;\"><strong>Starta din ans\u00f6kan idag - s\u00e4kra ditt slovenska pass snabbt och s\u00e4kert<\/strong><\/span><\/h2>\n<p><span style=\"color: #000000;\">Bli en av tusentals n\u00f6jda kunder som har g\u00e5tt \u00f6ver till s\u00e4kra <strong>Medborgarskap i Europeiska unionen<\/strong> med ett slovenskt pass. V\u00e5rt team p\u00e5 Global Docs Solutions erbjuder expertv\u00e4gledning, snabb leverans och o\u00f6vertr\u00e4ffad kundsupport f\u00f6r att g\u00f6ra din EU-dr\u00f6m till verklighet. <a href=\"https:\/\/globaldocs.store\/sv\/ansok-om-dokument\/\"><strong>Ans\u00f6k idag<\/strong><\/a> och upplev den frihet och de f\u00f6rdelar som f\u00f6ljer med ett slovenskt pass.<\/span><\/p>","protected":false},"excerpt":{"rendered":"<p><span style=\"color: #000000;\">F\u00e5 EU-medborgarskap med ett slovenskt pass. V\u00e5r tj\u00e4nst ger en snabb och s\u00e4ker process f\u00f6r att f\u00f6rv\u00e4rva ditt slovenska pass online. Leverans inom 7-10 dagar!<\/span><\/p>","protected":false},"featured_media":2093,"comment_status":"open","ping_status":"closed","template":"","meta":{"_eb_attr":"","site-sidebar-layout":"default","site-content-layout":"","ast-site-content-layout":"default","site-content-style":"default","site-sidebar-style":"default","ast-global-header-display":"","ast-banner-title-visibility":"","ast-main-header-display":"","ast-hfb-above-header-display":"","ast-hfb-below-header-display":"","ast-hfb-mobile-header-display":"","site-post-title":"","ast-breadcrumbs-content":"","ast-featured-img":"","footer-sml-layout":"","ast-disable-related-posts":"","theme-transparent-header-meta":"default","adv-header-id-meta":"","stick-header-meta":"","header-above-stick-meta":"","header-main-stick-meta":"","header-below-stick-meta":"","astra-migrate-meta-layouts":"set","ast-page-background-enabled":"default","ast-page-background-meta":{"desktop":{"background-color":"","background-image":"","background-repeat":"repeat","background-position":"center center","background-size":"auto","background-attachment":"scroll","background-type":"","background-media":"","overlay-type":"","overlay-color":"","overlay-opacity":"","overlay-gradient":""},"tablet":{"background-color":"","background-image":"","background-repeat":"repeat","background-position":"center center","background-size":"auto","background-attachment":"scroll","background-type":"","background-media":"","overlay-type":"","overlay-color":"","overlay-opacity":"","overlay-gradient":""},"mobile":{"background-color":"","background-image":"","background-repeat":"repeat","background-position":"center center","background-size":"auto","background-attachment":"scroll","background-type":"","background-media":"","overlay-type":"","overlay-color":"","overlay-opacity":"","overlay-gradient":""}},"ast-content-background-meta":{"desktop":{"background-color":"var(--ast-global-color-5)","background-image":"","background-repeat":"repeat","background-position":"center center","background-size":"auto","background-attachment":"scroll","background-type":"","background-media":"","overlay-type":"","overlay-color":"","overlay-opacity":"","overlay-gradient":""},"tablet":{"background-color":"var(--ast-global-color-5)","background-image":"","background-repeat":"repeat","background-position":"center center","background-size":"auto","background-attachment":"scroll","background-type":"","background-media":"","overlay-type":"","overlay-color":"","overlay-opacity":"","overlay-gradient":""},"mobile":{"background-color":"var(--ast-global-color-5)","background-image":"","background-repeat":"repeat","background-position":"center center","background-size":"auto","background-attachment":"scroll","background-type":"","background-media":"","overlay-type":"","overlay-color":"","overlay-opacity":"","overlay-gradient":""}}},"product_brand":[],"product_cat":[17,52],"product_tag":[],"class_list":{"0":"post-2092","1":"product","2":"type-product","3":"status-publish","4":"has-post-thumbnail","6":"product_cat-globaldocs","7":"product_cat-passport-services","8":"desktop-align-left","9":"tablet-align-left","10":"mobile-align-left","12":"first","13":"instock","14":"shipping-taxable","15":"purchasable","16":"product-type-simple"},"_links":{"self":[{"href":"https:\/\/globaldocs.store\/sv\/wp-json\/wp\/v2\/product\/2092","targetHints":{"allow":["GET"]}}],"collection":[{"href":"https:\/\/globaldocs.store\/sv\/wp-json\/wp\/v2\/product"}],"about":[{"href":"https:\/\/globaldocs.store\/sv\/wp-json\/wp\/v2\/types\/product"}],"replies":[{"embeddable":true,"href":"https:\/\/globaldocs.store\/sv\/wp-json\/wp\/v2\/comments?post=2092"}],"version-history":[{"count":1,"href":"https:\/\/globaldocs.store\/sv\/wp-json\/wp\/v2\/product\/2092\/revisions"}],"predecessor-version":[{"id":2094,"href":"https:\/\/globaldocs.store\/sv\/wp-json\/wp\/v2\/product\/2092\/revisions\/2094"}],"wp:featuredmedia":[{"embeddable":true,"href":"https:\/\/globaldocs.store\/sv\/wp-json\/wp\/v2\/media\/2093"}],"wp:attachment":[{"href":"https:\/\/globaldocs.store\/sv\/wp-json\/wp\/v2\/media?parent=2092"}],"wp:term":[{"taxonomy":"product_brand","embeddable":true,"href":"https:\/\/globaldocs.store\/sv\/wp-json\/wp\/v2\/product_brand?post=2092"},{"taxonomy":"product_cat","embeddable":true,"href":"https:\/\/globaldocs.store\/sv\/wp-json\/wp\/v2\/product_cat?post=2092"},{"taxonomy":"product_tag","embeddable":true,"href":"https:\/\/globaldocs.store\/sv\/wp-json\/wp\/v2\/product_tag?post=2092"}],"curies":[{"name":"wp","href":"https:\/\/api.w.org\/{rel}","templated":true}]}}