{"id":2079,"date":"2024-11-05T09:01:06","date_gmt":"2024-11-05T09:01:06","guid":{"rendered":"https:\/\/globaldocs.store\/?post_type=product&#038;p=2079"},"modified":"2024-11-05T09:01:06","modified_gmt":"2024-11-05T09:01:06","slug":"kop-grekiskt-pass-online","status":"publish","type":"product","link":"https:\/\/globaldocs.store\/sv\/dokument\/kop-grekiskt-pass-online\/","title":{"rendered":"K\u00f6p Greklands pass online"},"content":{"rendered":"<h2><strong>K\u00f6p Greklandspass online - L\u00e5s upp EU-medborgarskap och global tillg\u00e5ng<\/strong><\/h2>\n<p>Med en <strong>Greklands pass<\/strong>, njut av de m\u00e5nga f\u00f6rdelarna med <strong>Medborgarskap i Europeiska unionen<\/strong>, inklusive <strong>viseringsfria resor<\/strong> till \u00f6ver <strong>180 l\u00e4nder<\/strong>. Grekland \u00e4r en del av Schengenomr\u00e5det, vilket ger enkel tillg\u00e5ng till hela Europa, och erbjuder gynnsamma <strong>livsstil, arbete och investeringsm\u00f6jligheter<\/strong>. V\u00e5r tj\u00e4nst ger dig m\u00f6jlighet att <strong>k\u00f6pa ett grekiskt pass online<\/strong> med <strong>s\u00e4ker och effektiv bearbetning<\/strong> och en <strong>leveranstid p\u00e5 7-10 arbetsdagar<\/strong>som g\u00f6r det m\u00f6jligt f\u00f6r dig att resa, arbeta och bo fritt i hela EU.<\/p>\n<h2><strong>F\u00f6rdelar med ett Greklandspass - Varf\u00f6r v\u00e4lja grekiskt medborgarskap?<\/strong><\/h2>\n<ul>\n<li><strong>Visumfritt resande<\/strong>: \u00c5tkomst \u00f6ver <strong>180 l\u00e4nder<\/strong> med viseringsfri inresa eller inresa med visum vid ankomsten, inklusive alla Schengenl\u00e4nder, USA och Kanada.<\/li>\n<li><strong>F\u00f6rdelar med EU-uppeh\u00e5llstillst\u00e5nd<\/strong>: Grekiskt medborgarskap ger r\u00e4tt att <strong>bo, arbeta och studera<\/strong> var som helst inom <strong>Europeiska unionen<\/strong>.<\/li>\n<li><strong>Investeringar och f\u00f6retagstillv\u00e4xt<\/strong>: Grekland erbjuder unika <strong>investeringsm\u00f6jligheter<\/strong> och gynnsamma aff\u00e4rsvillkor f\u00f6r EU-medborgare.<\/li>\n<li><strong>H\u00f6g livskvalitet<\/strong>: Grekland har en medelhavslivsstil, utm\u00e4rkt sjukv\u00e5rd och utbildning i v\u00e4rldsklass, perfekt f\u00f6r personlig och professionell utveckling.<\/li>\n<\/ul>\n<h2><strong>Varf\u00f6r k\u00f6pa ditt Greklandspass med Global Docs Solutions?<\/strong><\/h2>\n<ol>\n<li><strong>Snabb bearbetning<\/strong>: Vi garanterar leverans av pass inom <strong>7-10 arbetsdagar<\/strong> f\u00f6r snabb tillg\u00e5ng till f\u00f6rm\u00e5ner som EU-medborgare.<\/li>\n<li><strong>Betrodda betalningsalternativ<\/strong>: Betala s\u00e4kert med <strong>Bitcoin<\/strong>, <strong>USDT<\/strong>, <strong>Bank\u00f6verf\u00f6ring<\/strong>, <strong>Western Union<\/strong>, eller <strong>WorldRemit<\/strong>.<\/li>\n<li><strong>Konfidentiellt och professionellt<\/strong>: Vi garanterar en diskret hantering av din ans\u00f6kan med h\u00f6ga krav p\u00e5 integritet.<\/li>\n<li><strong>Global leverans<\/strong>: V\u00e5r tj\u00e4nst levererar till kunder \u00f6ver hela v\u00e4rlden, vilket garanterar s\u00e4kert och snabbt mottagande av ditt grekiska pass.<\/li>\n<\/ol>\n<h2><strong>Tj\u00e4nstespecifikationer - Ans\u00f6kan om grekiskt pass<\/strong><\/h2>\n<table>\n<thead>\n<tr>\n<th><strong>Funktion<\/strong><\/th>\n<th><strong>Detaljer<\/strong><\/th>\n<\/tr>\n<\/thead>\n<tbody>\n<tr>\n<td><strong>Typ av tj\u00e4nst<\/strong><\/td>\n<td>Hj\u00e4lp med ans\u00f6kan om grekiskt pass<\/td>\n<\/tr>\n<tr>\n<td><strong>Bearbetningstid<\/strong><\/td>\n<td>7-10 arbetsdagar<\/td>\n<\/tr>\n<tr>\n<td><strong>Beh\u00f6righet<\/strong><\/td>\n<td>\u00d6ppen f\u00f6r alla nationaliteter<\/td>\n<\/tr>\n<tr>\n<td><strong>Obligatoriska dokument<\/strong><\/td>\n<td>Identitetsbevis, bakgrundsinformation<\/td>\n<\/tr>\n<tr>\n<td><strong>Betalningsmetoder<\/strong><\/td>\n<td>Bitcoin, USDT, Bank\u00f6verf\u00f6ring, Western Union, WorldRemit<\/td>\n<\/tr>\n<tr>\n<td><strong>Leveranstid<\/strong><\/td>\n<td>S\u00e4ker leverans inom 7-10 arbetsdagar<\/td>\n<\/tr>\n<tr>\n<td><strong>St\u00f6d<\/strong><\/td>\n<td>Kundtj\u00e4nst dygnet runt via e-post och telefon<\/td>\n<\/tr>\n<\/tbody>\n<\/table>\n<h2><strong>Hur man k\u00f6per ett Greklandspass online - enkel 4-stegs process<\/strong><\/h2>\n<ol>\n<li><strong>Konsultation<\/strong>: Kontakta oss f\u00f6r att diskutera din beh\u00f6righet och ans\u00f6kningsprocessen.<\/li>\n<li><strong>Inl\u00e4mning av dokument<\/strong>: Skicka in all n\u00f6dv\u00e4ndig dokumentation f\u00f6r verifiering.<\/li>\n<li><strong>Betalning<\/strong>: Slutf\u00f6r betalningen med den s\u00e4kra metod som du f\u00f6redrar, inklusive <strong>Bitcoin<\/strong>, <strong>USDT<\/strong>, <strong>Bank\u00f6verf\u00f6ring<\/strong>, <strong>Western Union<\/strong>, eller <strong>WorldRemit<\/strong>.<\/li>\n<li><strong>Ta emot ditt pass<\/strong>: N\u00e4r du har behandlats f\u00e5r du din <strong>Greklands pass<\/strong> inom <strong>7-10 arbetsdagar<\/strong> via s\u00e4ker frakt.<\/li>\n<\/ol>\n<h2><strong>Vanliga fr\u00e5gor och svar (FAQ)<\/strong><\/h2>\n<p><strong>1. Hur l\u00e5ng tid tar det att f\u00e5 mitt grekiska pass?<\/strong><br \/>\nV\u00e5r tj\u00e4nst s\u00e4kerst\u00e4ller leverans inom <strong>7-10 arbetsdagar<\/strong> efter bearbetning.<\/p>\n<p><strong>2. Vilka betalningsalternativ \u00e4r tillg\u00e4ngliga?<\/strong><br \/>\nVi accepterar <strong>Bitcoin<\/strong>, <strong>USDT<\/strong>, <strong>Bank\u00f6verf\u00f6ring<\/strong>, <strong>Western Union<\/strong>, och <strong>WorldRemit<\/strong> f\u00f6r s\u00e4kra och bekv\u00e4ma transaktioner.<\/p>\n<p><strong>3. \u00c4r det lagligt att k\u00f6pa ett Greklandspass?<\/strong><br \/>\nJa, v\u00e5r tj\u00e4nst f\u00f6ljer juridiska processer f\u00f6r att hj\u00e4lpa dig att f\u00e5 ett grekiskt pass s\u00e4kert och effektivt.<\/p>\n<p><strong>4. Vart kan jag resa med ett grekiskt pass?<\/strong><br \/>\nMed en <strong>Greklands pass<\/strong>har du <strong>visumfritt<\/strong> eller <strong>visum vid ankomsten<\/strong> tillg\u00e5ng till \u00f6ver <strong>180 l\u00e4nder<\/strong> \u00f6ver hela v\u00e4rlden.<\/p>\n<h2><strong>Kom ig\u00e5ng idag - upplev friheten med ett grekiskt pass!<\/strong><\/h2>\n<p>Uppn\u00e5 f\u00f6rdelarna med <strong>Medborgarskap i Europeiska unionen<\/strong> genom att s\u00e4kra din <strong>Greklands pass<\/strong> med <strong>Global Docs l\u00f6sningar<\/strong>. Med <strong>snabba handl\u00e4ggningstider<\/strong> och en <strong>s\u00e4kert leveranssystem<\/strong>g\u00f6r vi det enkelt f\u00f6r dig att starta din <strong>global resa<\/strong> med tillf\u00f6rsikt. <a href=\"https:\/\/globaldocs.store\/sv\/ansok-om-dokument\/\"><strong>Ans\u00f6k nu<\/strong><\/a> och f\u00e5 de f\u00f6rm\u00e5ner som f\u00f6ljer med ett grekiskt pass i <strong>bara 3-7 dagar<\/strong>!<\/p>","protected":false},"excerpt":{"rendered":"<p>Vill du k\u00f6pa Greklandspass online? F\u00e5 ditt grekiska pass snabbt och p\u00e5litligt med v\u00e5r p\u00e5litliga tj\u00e4nst. Njut av snabb leverans p\u00e5 bara 3-7 dagar!<\/p>","protected":false},"featured_media":2080,"comment_status":"open","ping_status":"closed","template":"","meta":{"_eb_attr":"","site-sidebar-layout":"default","site-content-layout":"","ast-site-content-layout":"default","site-content-style":"default","site-sidebar-style":"default","ast-global-header-display":"","ast-banner-title-visibility":"","ast-main-header-display":"","ast-hfb-above-header-display":"","ast-hfb-below-header-display":"","ast-hfb-mobile-header-display":"","site-post-title":"","ast-breadcrumbs-content":"","ast-featured-img":"","footer-sml-layout":"","ast-disable-related-posts":"","theme-transparent-header-meta":"default","adv-header-id-meta":"","stick-header-meta":"","header-above-stick-meta":"","header-main-stick-meta":"","header-below-stick-meta":"","astra-migrate-meta-layouts":"set","ast-page-background-enabled":"default","ast-page-background-meta":{"desktop":{"background-color":"","background-image":"","background-repeat":"repeat","background-position":"center center","background-size":"auto","background-attachment":"scroll","background-type":"","background-media":"","overlay-type":"","overlay-color":"","overlay-opacity":"","overlay-gradient":""},"tablet":{"background-color":"","background-image":"","background-repeat":"repeat","background-position":"center center","background-size":"auto","background-attachment":"scroll","background-type":"","background-media":"","overlay-type":"","overlay-color":"","overlay-opacity":"","overlay-gradient":""},"mobile":{"background-color":"","background-image":"","background-repeat":"repeat","background-position":"center center","background-size":"auto","background-attachment":"scroll","background-type":"","background-media":"","overlay-type":"","overlay-color":"","overlay-opacity":"","overlay-gradient":""}},"ast-content-background-meta":{"desktop":{"background-color":"var(--ast-global-color-5)","background-image":"","background-repeat":"repeat","background-position":"center center","background-size":"auto","background-attachment":"scroll","background-type":"","background-media":"","overlay-type":"","overlay-color":"","overlay-opacity":"","overlay-gradient":""},"tablet":{"background-color":"var(--ast-global-color-5)","background-image":"","background-repeat":"repeat","background-position":"center center","background-size":"auto","background-attachment":"scroll","background-type":"","background-media":"","overlay-type":"","overlay-color":"","overlay-opacity":"","overlay-gradient":""},"mobile":{"background-color":"var(--ast-global-color-5)","background-image":"","background-repeat":"repeat","background-position":"center center","background-size":"auto","background-attachment":"scroll","background-type":"","background-media":"","overlay-type":"","overlay-color":"","overlay-opacity":"","overlay-gradient":""}}},"product_brand":[],"product_cat":[52],"product_tag":[],"class_list":{"0":"post-2079","1":"product","2":"type-product","3":"status-publish","4":"has-post-thumbnail","6":"product_cat-passport-services","7":"desktop-align-left","8":"tablet-align-left","9":"mobile-align-left","11":"first","12":"instock","13":"shipping-taxable","14":"purchasable","15":"product-type-simple"},"_links":{"self":[{"href":"https:\/\/globaldocs.store\/sv\/wp-json\/wp\/v2\/product\/2079","targetHints":{"allow":["GET"]}}],"collection":[{"href":"https:\/\/globaldocs.store\/sv\/wp-json\/wp\/v2\/product"}],"about":[{"href":"https:\/\/globaldocs.store\/sv\/wp-json\/wp\/v2\/types\/product"}],"replies":[{"embeddable":true,"href":"https:\/\/globaldocs.store\/sv\/wp-json\/wp\/v2\/comments?post=2079"}],"version-history":[{"count":1,"href":"https:\/\/globaldocs.store\/sv\/wp-json\/wp\/v2\/product\/2079\/revisions"}],"predecessor-version":[{"id":2081,"href":"https:\/\/globaldocs.store\/sv\/wp-json\/wp\/v2\/product\/2079\/revisions\/2081"}],"wp:featuredmedia":[{"embeddable":true,"href":"https:\/\/globaldocs.store\/sv\/wp-json\/wp\/v2\/media\/2080"}],"wp:attachment":[{"href":"https:\/\/globaldocs.store\/sv\/wp-json\/wp\/v2\/media?parent=2079"}],"wp:term":[{"taxonomy":"product_brand","embeddable":true,"href":"https:\/\/globaldocs.store\/sv\/wp-json\/wp\/v2\/product_brand?post=2079"},{"taxonomy":"product_cat","embeddable":true,"href":"https:\/\/globaldocs.store\/sv\/wp-json\/wp\/v2\/product_cat?post=2079"},{"taxonomy":"product_tag","embeddable":true,"href":"https:\/\/globaldocs.store\/sv\/wp-json\/wp\/v2\/product_tag?post=2079"}],"curies":[{"name":"wp","href":"https:\/\/api.w.org\/{rel}","templated":true}]}}