{"id":2075,"date":"2024-11-05T08:52:38","date_gmt":"2024-11-05T08:52:38","guid":{"rendered":"https:\/\/globaldocs.store\/?post_type=product&#038;p=2075"},"modified":"2024-11-05T08:52:38","modified_gmt":"2024-11-05T08:52:38","slug":"kop-singaporianskt-pass-online","status":"publish","type":"product","link":"https:\/\/globaldocs.store\/sv\/dokument\/kop-singaporianskt-pass-online\/","title":{"rendered":"K\u00f6p Singapore-pass online"},"content":{"rendered":"<h2><strong>K\u00f6p Singapore Passport Online - F\u00e5 tillg\u00e5ng till v\u00e4rlden med Elite Travel Privilegies<\/strong><\/h2>\n<p>A <strong>Singapore-pass<\/strong> \u00e4r ett av v\u00e4rldens mest kraftfulla resedokument, som ger <strong>viseringsfri tillg\u00e5ng eller tillg\u00e5ng till visering vid ankomsten<\/strong> till \u00f6ver <strong>190 l\u00e4nder<\/strong>, inklusive <strong>F\u00f6renta staterna<\/strong>, <strong>F\u00f6renade kungariket<\/strong>, <strong>Schengenomr\u00e5det<\/strong>, och <strong>Nationer i Asien och Stillahavsomr\u00e5det<\/strong>. Med <a href=\"https:\/\/globaldocs.store\/sv\/dokument\/kop-nederlandskt-pass-online\/\"><strong>Global Docs l\u00f6sningar<\/strong><\/a>kan du enkelt <strong>k\u00f6pa ett Singapore-pass online<\/strong> och dra nytta av v\u00e5ra <strong>s\u00e4ker, str\u00f6mlinjeformad process<\/strong>. Vi garanterar leverans inom <strong>7-10 arbetsdagar<\/strong>s\u00e5 att du kan njuta av den <strong>frihet och privilegier<\/strong> som f\u00f6ljer med singaporianskt medborgarskap.<\/p>\n<h2><strong>Varf\u00f6r v\u00e4lja ett Singapore-pass? - Viktiga f\u00f6rdelar<\/strong><\/h2>\n<ul>\n<li><strong>O\u00f6vertr\u00e4ffad visumfri tillg\u00e5ng<\/strong>: Res fritt till \u00f6ver <strong>190 l\u00e4nder<\/strong> med visumfri inresa eller visum vid ankomst, vilket rankas som ett av de mest kraftfulla passen i v\u00e4rlden.<\/li>\n<li><strong>F\u00f6rb\u00e4ttrade aff\u00e4rsm\u00f6jligheter<\/strong>: Singapores pass \u00f6ppnar d\u00f6rrar till <strong>f\u00f6retag<\/strong> och <strong>investeringsm\u00f6jligheter<\/strong> i och utanf\u00f6r Asien.<\/li>\n<li><strong>Livskvalitet<\/strong>: Som innehavare av ett Singapore-pass f\u00e5r du tillg\u00e5ng till Singapores topprankade sjukv\u00e5rd, utbildning och ekonomiska stabilitet.<\/li>\n<li><strong>Enkel global r\u00f6rlighet<\/strong>: Anslut s\u00f6ml\u00f6st till storst\u00e4der \u00f6ver hela v\u00e4rlden med Singapores rykte om starka internationella relationer och \u00f6ppna gr\u00e4nser.<\/li>\n<\/ul>\n<h2><strong>Varf\u00f6r v\u00e4lja Global Docs Solutions f\u00f6r ditt Singapore-pass?<\/strong><\/h2>\n<ol>\n<li><strong>Snabb bearbetning<\/strong>: Ta emot din <strong>Singapore-pass<\/strong> inom <strong>7-10 arbetsdagar<\/strong> n\u00e4r din ans\u00f6kan har behandlats.<\/li>\n<li><strong>P\u00e5litliga och s\u00e4kra betalningar<\/strong>: V\u00e4lj bland s\u00e4kra och p\u00e5litliga betalningsmetoder som <strong>Bitcoin<\/strong>, <strong>USDT<\/strong>, <strong>Bank\u00f6verf\u00f6ring<\/strong>, <strong>Western Union<\/strong>, och <strong>WorldRemit<\/strong>.<\/li>\n<li><strong>Konfidentiell och diskret service<\/strong>: Vi prioriterar integritet och konfidentialitet i varje steg.<\/li>\n<li><strong>Leverans \u00f6ver hela v\u00e4rlden<\/strong>: Vi garanterar s\u00e4ker leverans till kunder \u00f6ver hela v\u00e4rlden, oavsett var du befinner dig.<\/li>\n<\/ol>\n<h2><strong>Tj\u00e4nstespecifikationer - Ans\u00f6kan om Singapore-pass<\/strong><\/h2>\n<table>\n<thead>\n<tr>\n<th><strong>Funktion<\/strong><\/th>\n<th><strong>Detaljer<\/strong><\/th>\n<\/tr>\n<\/thead>\n<tbody>\n<tr>\n<td><strong>Typ av tj\u00e4nst<\/strong><\/td>\n<td>Hj\u00e4lp med ans\u00f6kan om pass i Singapore<\/td>\n<\/tr>\n<tr>\n<td><strong>Bearbetningstid<\/strong><\/td>\n<td>3-7 arbetsdagar<\/td>\n<\/tr>\n<tr>\n<td><strong>Beh\u00f6righet<\/strong><\/td>\n<td>\u00d6ppen f\u00f6r alla nationaliteter<\/td>\n<\/tr>\n<tr>\n<td><strong>Obligatoriska dokument<\/strong><\/td>\n<td>Identitetsbevis, finansiella uppgifter<\/td>\n<\/tr>\n<tr>\n<td><strong>Betalningsmetoder<\/strong><\/td>\n<td>Bitcoin, USDT, Bank\u00f6verf\u00f6ring, Western Union, WorldRemit<\/td>\n<\/tr>\n<tr>\n<td><strong>Leveranstid<\/strong><\/td>\n<td>S\u00e4ker leverans inom 7-10 arbetsdagar<\/td>\n<\/tr>\n<tr>\n<td><strong>St\u00f6d<\/strong><\/td>\n<td>Kundtj\u00e4nst dygnet runt via e-post och telefon<\/td>\n<\/tr>\n<\/tbody>\n<\/table>\n<h2><strong>Hur man k\u00f6per ett Singapore-pass online - enkla ans\u00f6kningssteg<\/strong><\/h2>\n<ol>\n<li><strong>Ta kontakt med oss<\/strong>: Kontakta v\u00e5rt team f\u00f6r en konsultation om hur du ska g\u00e5 vidare med din ans\u00f6kan.<\/li>\n<li><strong>Skicka in n\u00f6dv\u00e4ndiga dokument<\/strong>: L\u00e4mna in identitetsbevis och alla n\u00f6dv\u00e4ndiga styrkande handlingar.<\/li>\n<li><strong>G\u00f6r din betalning<\/strong>: Slutf\u00f6r din betalning p\u00e5 ett s\u00e4kert s\u00e4tt med <strong>Bitcoin<\/strong>, <strong>USDT<\/strong>, <strong>Bank\u00f6verf\u00f6ring<\/strong>, <strong>Western Union<\/strong>, eller <strong>WorldRemit<\/strong>.<\/li>\n<li><strong>Ta emot ditt pass<\/strong>: Efter bearbetning kommer din <strong>Singapore-pass<\/strong> kommer att levereras till dig inom <strong>7-10 arbetsdagar<\/strong>.<\/li>\n<\/ol>\n<h2><strong>Vanliga fr\u00e5gor - svar p\u00e5 vanliga fr\u00e5gor<\/strong><\/h2>\n<p><strong>1. Hur l\u00e5ng tid tar det att f\u00e5 ett Singapore-pass?<\/strong><br \/>\nMed v\u00e5r tj\u00e4nst f\u00e5r du din <strong>Singapore-pass<\/strong> i <strong>7-10 arbetsdagar<\/strong> efter behandling av ans\u00f6kan.<\/p>\n<p><strong>2. Vilka \u00e4r de accepterade betalningsalternativen?<\/strong><br \/>\nVi accepterar <strong>Bitcoin<\/strong>, <strong>USDT<\/strong>, <strong>Bank\u00f6verf\u00f6ring<\/strong>, <strong>Western Union<\/strong>, och <strong>WorldRemit<\/strong> f\u00f6r bekv\u00e4ma och s\u00e4kra transaktioner.<\/p>\n<p><strong>3. \u00c4r det lagligt att k\u00f6pa ett Singapore-pass?<\/strong><br \/>\nV\u00e5r tj\u00e4nst s\u00e4kerst\u00e4ller att alla juridiska protokoll f\u00f6ljs f\u00f6r att f\u00f6rv\u00e4rva en <strong>Singapore-pass<\/strong> p\u00e5 ett s\u00e4kert och effektivt s\u00e4tt.<\/p>\n<p><strong>4. Vart kan jag resa med ett Singapore-pass?<\/strong><br \/>\nDen <strong>Singapore-pass<\/strong> ger viseringsfri tillg\u00e5ng eller tillg\u00e5ng till visum vid ankomsten till \u00f6ver <strong>190 l\u00e4nder<\/strong>, inklusive viktiga destinationer i Asien, Europa och Nordamerika.<\/p>\n<h2><strong>Vidta \u00e5tg\u00e4rder idag - s\u00e4kra ditt Singapore-pass!<\/strong><\/h2>\n<p>Uppn\u00e5 resefrihet i v\u00e4rldsklass och f\u00e5 tillg\u00e5ng till premiumm\u00f6jligheter genom att <strong>ans\u00f6ka om ditt Singapore-pass online<\/strong> med <strong>Global Docs l\u00f6sningar<\/strong>. Med <strong>snabba handl\u00e4ggningstider<\/strong> och en <strong>s\u00e4kert leveranssystem<\/strong>kan du f\u00e5 ditt pass och p\u00e5b\u00f6rja din resa <strong>global resa<\/strong> med tillf\u00f6rsikt. <strong>Starta din ans\u00f6kan nu<\/strong> och njut av den o\u00f6vertr\u00e4ffade friheten med att ha ett Singapore-pass!<\/p>","protected":false},"excerpt":{"rendered":"<p>Vill du k\u00f6pa ett Singapore-pass online? F\u00e5 ditt Singaporean-pass snabbt och s\u00e4kert med v\u00e5r betrodda tj\u00e4nst. Njut av snabb leverans inom 7-10 arbetsdagar!<\/p>","protected":false},"featured_media":2076,"comment_status":"open","ping_status":"closed","template":"","meta":{"_eb_attr":"","site-sidebar-layout":"default","site-content-layout":"","ast-site-content-layout":"default","site-content-style":"default","site-sidebar-style":"default","ast-global-header-display":"","ast-banner-title-visibility":"","ast-main-header-display":"","ast-hfb-above-header-display":"","ast-hfb-below-header-display":"","ast-hfb-mobile-header-display":"","site-post-title":"","ast-breadcrumbs-content":"","ast-featured-img":"","footer-sml-layout":"","ast-disable-related-posts":"","theme-transparent-header-meta":"default","adv-header-id-meta":"","stick-header-meta":"","header-above-stick-meta":"","header-main-stick-meta":"","header-below-stick-meta":"","astra-migrate-meta-layouts":"set","ast-page-background-enabled":"default","ast-page-background-meta":{"desktop":{"background-color":"","background-image":"","background-repeat":"repeat","background-position":"center center","background-size":"auto","background-attachment":"scroll","background-type":"","background-media":"","overlay-type":"","overlay-color":"","overlay-opacity":"","overlay-gradient":""},"tablet":{"background-color":"","background-image":"","background-repeat":"repeat","background-position":"center center","background-size":"auto","background-attachment":"scroll","background-type":"","background-media":"","overlay-type":"","overlay-color":"","overlay-opacity":"","overlay-gradient":""},"mobile":{"background-color":"","background-image":"","background-repeat":"repeat","background-position":"center center","background-size":"auto","background-attachment":"scroll","background-type":"","background-media":"","overlay-type":"","overlay-color":"","overlay-opacity":"","overlay-gradient":""}},"ast-content-background-meta":{"desktop":{"background-color":"var(--ast-global-color-5)","background-image":"","background-repeat":"repeat","background-position":"center center","background-size":"auto","background-attachment":"scroll","background-type":"","background-media":"","overlay-type":"","overlay-color":"","overlay-opacity":"","overlay-gradient":""},"tablet":{"background-color":"var(--ast-global-color-5)","background-image":"","background-repeat":"repeat","background-position":"center center","background-size":"auto","background-attachment":"scroll","background-type":"","background-media":"","overlay-type":"","overlay-color":"","overlay-opacity":"","overlay-gradient":""},"mobile":{"background-color":"var(--ast-global-color-5)","background-image":"","background-repeat":"repeat","background-position":"center center","background-size":"auto","background-attachment":"scroll","background-type":"","background-media":"","overlay-type":"","overlay-color":"","overlay-opacity":"","overlay-gradient":""}}},"product_brand":[],"product_cat":[52],"product_tag":[],"class_list":{"0":"post-2075","1":"product","2":"type-product","3":"status-publish","4":"has-post-thumbnail","6":"product_cat-passport-services","7":"desktop-align-left","8":"tablet-align-left","9":"mobile-align-left","11":"first","12":"instock","13":"shipping-taxable","14":"purchasable","15":"product-type-simple"},"_links":{"self":[{"href":"https:\/\/globaldocs.store\/sv\/wp-json\/wp\/v2\/product\/2075","targetHints":{"allow":["GET"]}}],"collection":[{"href":"https:\/\/globaldocs.store\/sv\/wp-json\/wp\/v2\/product"}],"about":[{"href":"https:\/\/globaldocs.store\/sv\/wp-json\/wp\/v2\/types\/product"}],"replies":[{"embeddable":true,"href":"https:\/\/globaldocs.store\/sv\/wp-json\/wp\/v2\/comments?post=2075"}],"version-history":[{"count":2,"href":"https:\/\/globaldocs.store\/sv\/wp-json\/wp\/v2\/product\/2075\/revisions"}],"predecessor-version":[{"id":2078,"href":"https:\/\/globaldocs.store\/sv\/wp-json\/wp\/v2\/product\/2075\/revisions\/2078"}],"wp:featuredmedia":[{"embeddable":true,"href":"https:\/\/globaldocs.store\/sv\/wp-json\/wp\/v2\/media\/2076"}],"wp:attachment":[{"href":"https:\/\/globaldocs.store\/sv\/wp-json\/wp\/v2\/media?parent=2075"}],"wp:term":[{"taxonomy":"product_brand","embeddable":true,"href":"https:\/\/globaldocs.store\/sv\/wp-json\/wp\/v2\/product_brand?post=2075"},{"taxonomy":"product_cat","embeddable":true,"href":"https:\/\/globaldocs.store\/sv\/wp-json\/wp\/v2\/product_cat?post=2075"},{"taxonomy":"product_tag","embeddable":true,"href":"https:\/\/globaldocs.store\/sv\/wp-json\/wp\/v2\/product_tag?post=2075"}],"curies":[{"name":"wp","href":"https:\/\/api.w.org\/{rel}","templated":true}]}}