{"id":1992,"date":"2024-10-15T16:36:31","date_gmt":"2024-10-15T16:36:31","guid":{"rendered":"https:\/\/globaldocs.store\/?post_type=product&#038;p=1992"},"modified":"2025-02-04T15:06:49","modified_gmt":"2025-02-04T15:06:49","slug":"kop-romanskt-pass","status":"publish","type":"product","link":"https:\/\/globaldocs.store\/sv\/dokument\/kop-romanskt-pass\/","title":{"rendered":"Rum\u00e4niens pass online"},"content":{"rendered":"<h2><span style=\"color: #000000;\"><strong>K\u00f6p Rum\u00e4niens pass online - L\u00e5s upp f\u00f6rdelarna med EU-medborgarskap<\/strong><\/span><\/h2>\n<p><span style=\"color: #000000;\">Vill du oK\u00f6pa <strong>Rum\u00e4niens pass<\/strong> och f\u00e5 de r\u00e4ttigheter och privilegier som <strong>Medborgarskap i Europeiska unionen (EU)<\/strong>? P\u00e5 <strong>Global Docs l\u00f6sningar<\/strong>erbjuder vi en snabb, s\u00e4ker och p\u00e5litlig tj\u00e4nst f\u00f6r att hj\u00e4lpa dig <strong>k\u00f6pa rum\u00e4nskt pass online<\/strong>. Med v\u00e5r bekymmersfria process kan du f\u00e5 ditt pass inom <strong>7-10 arbetsdagar<\/strong>, vilket ger dig tillg\u00e5ng till <strong>viseringsfria resor<\/strong> och de m\u00e5nga f\u00f6rdelar som f\u00f6ljer med att vara EU-medborgare.<\/span><\/p>\n<p><span style=\"color: #000000;\">Rum\u00e4niens pass till\u00e5ter <strong>viseringsfritt eller visum vid ankomsten<\/strong> tillg\u00e5ng till <strong>176 l\u00e4nder<\/strong>, inklusive <strong>Schengenomr\u00e5det<\/strong>, den <strong>F\u00f6renta staterna<\/strong>, och <strong>F\u00f6renade kungariket<\/strong>. Med en <strong>Rum\u00e4niens pass<\/strong>kommer du att njuta av friheten att <strong>bo, arbeta och studera var som helst i EU<\/strong>, tillg\u00e5ng <strong>f\u00f6rstklassig sjukv\u00e5rd<\/strong>och dra nytta av en <strong>starkt socialt v\u00e4lf\u00e4rdssystem<\/strong>.<\/span><\/p>\n<h2><span style=\"color: #000000;\"><strong>Varf\u00f6r k\u00f6pa Rum\u00e4nien pass? - Viktiga f\u00f6rdelar<\/strong><\/span><\/h2>\n<ul>\n<li><span style=\"color: #000000;\"><strong>Visumfritt resande<\/strong>: Njut av <strong>viseringsfritt tilltr\u00e4de<\/strong> till <strong>176 l\u00e4nder<\/strong>, inklusive alla <strong>Schengenstaterna<\/strong>, den <strong>USA<\/strong>, och <strong>STORBRITANNIEN<\/strong>.<\/span><\/li>\n<li><span style=\"color: #000000;\"><strong>R\u00e4ttigheter som EU-medborgare<\/strong>: Som innehavare av ett rum\u00e4nskt pass f\u00e5r du r\u00e4tt till <strong>leva och arbeta fritt<\/strong> \u00f6ver hela <strong>Europeiska unionen<\/strong>, inklusive l\u00e4nder som Tyskland, Frankrike och Italien.<\/span><\/li>\n<li><span style=\"color: #000000;\"><strong>Aff\u00e4rs- och investeringsm\u00f6jligheter<\/strong>: Dra nytta av EU:s handelsavtal och investeringsm\u00f6jligheter med full tillg\u00e5ng till <strong>Den europeiska marknaden<\/strong>.<\/span><\/li>\n<li><span style=\"color: #000000;\"><strong>F\u00f6rb\u00e4ttrad livskvalitet<\/strong>: Dra nytta av <strong>H\u00e4lso- och sjukv\u00e5rd i EU<\/strong>utbildning och en h\u00f6g levnadsstandard med din <strong>Rum\u00e4nskt pass<\/strong>.<\/span><\/li>\n<\/ul>\n<p><span style=\"color: #000000;\">V\u00e5r tj\u00e4nst s\u00e4kerst\u00e4ller en snabb, s\u00e4ker och konfidentiell process, s\u00e5 att du kan f\u00e5 ditt k\u00f6p <strong>Rum\u00e4nskt pass<\/strong> s\u00e4kert och utan kr\u00e5ngel.<\/span><\/p>\n<h2><span style=\"color: #000000;\"><strong>Varf\u00f6r v\u00e4lja Global Docs Solutions f\u00f6r ditt rum\u00e4nska pass?<\/strong><\/span><\/h2>\n<ol>\n<li><span style=\"color: #000000;\"><strong>Snabb bearbetning<\/strong>: Ta emot din <strong>Rum\u00e4niens pass<\/strong> inom <strong>7-10 arbetsdagar<\/strong> efter att din ans\u00f6kan har behandlats.<\/span><\/li>\n<li><span style=\"color: #000000;\"><strong>S\u00e4kra betalningsmetoder<\/strong>: Vi erbjuder p\u00e5litliga och s\u00e4kra betalningsalternativ, inklusive <strong>Bitcoin<\/strong>, <strong>USDT<\/strong>, <strong>Bank\u00f6verf\u00f6ring<\/strong>, <strong>Western Union<\/strong>, och <strong>WorldRemit<\/strong>.<\/span><\/li>\n<li><span style=\"color: #000000;\"><strong>P\u00e5litlig k\u00e4lla<\/strong>: V\u00e5rt professionella team garanterar en smidig och laglig process och s\u00e4kerst\u00e4ller sekretess och leverans i r\u00e4tt tid.<\/span><\/li>\n<li><span style=\"color: #000000;\"><strong>Leverans \u00f6ver hela v\u00e4rlden<\/strong>: Vi erbjuder snabba och tillf\u00f6rlitliga leveranser till kunder \u00f6ver hela v\u00e4rlden.<\/span><\/li>\n<\/ol>\n<h2><span style=\"color: #000000;\"><strong>Tj\u00e4nstespecifikationer - Ans\u00f6kan om rum\u00e4nskt pass<\/strong><\/span><\/h2>\n<table>\n<thead>\n<tr>\n<th><span style=\"color: #000000;\"><strong>Funktion<\/strong><\/span><\/th>\n<th><span style=\"color: #000000;\"><strong>Detaljer<\/strong><\/span><\/th>\n<\/tr>\n<\/thead>\n<tbody>\n<tr>\n<td><span style=\"color: #000000;\"><strong>Typ av tj\u00e4nst<\/strong><\/span><\/td>\n<td><span style=\"color: #000000;\">Hj\u00e4lp med ans\u00f6kan om rum\u00e4nskt pass<\/span><\/td>\n<\/tr>\n<tr>\n<td><span style=\"color: #000000;\"><strong>Bearbetningstid<\/strong><\/span><\/td>\n<td><span style=\"color: #000000;\">7-10 arbetsdagar<\/span><\/td>\n<\/tr>\n<tr>\n<td><span style=\"color: #000000;\"><strong>Beh\u00f6righet<\/strong><\/span><\/td>\n<td><span style=\"color: #000000;\">\u00d6ppen f\u00f6r alla nationaliteter<\/span><\/td>\n<\/tr>\n<tr>\n<td><span style=\"color: #000000;\"><strong>Obligatoriska dokument<\/strong><\/span><\/td>\n<td><span style=\"color: #000000;\">Identitetsbevis, finansiella uppgifter<\/span><\/td>\n<\/tr>\n<tr>\n<td><span style=\"color: #000000;\"><strong>Betalningsmetoder<\/strong><\/span><\/td>\n<td><span style=\"color: #000000;\">Bitcoin, USDT, Bank\u00f6verf\u00f6ring, Western Union, WorldRemit<\/span><\/td>\n<\/tr>\n<tr>\n<td><span style=\"color: #000000;\"><strong>Leveranstid<\/strong><\/span><\/td>\n<td><span style=\"color: #000000;\">S\u00e4ker leverans inom 7-10 arbetsdagar<\/span><\/td>\n<\/tr>\n<tr>\n<td><span style=\"color: #000000;\"><strong>St\u00f6d<\/strong><\/span><\/td>\n<td><span style=\"color: #000000;\">Kundtj\u00e4nst dygnet runt via e-post och telefon<\/span><\/td>\n<\/tr>\n<\/tbody>\n<\/table>\n<h2><span style=\"color: #000000;\"><strong>Hur man k\u00f6per rum\u00e4nskt pass online - steg-f\u00f6r-steg-process<\/strong><\/span><\/h2>\n<ol>\n<li><span style=\"color: #000000;\"><strong>Kontakta oss<\/strong>: B\u00f6rja med att kontakta v\u00e5rt team f\u00f6r en personlig konsultation och instruktioner.<\/span><\/li>\n<li><span style=\"color: #000000;\"><strong>Skicka in dina dokument<\/strong>: L\u00e4mna in identitetsbevis och andra n\u00f6dv\u00e4ndiga handlingar f\u00f6r att p\u00e5b\u00f6rja ans\u00f6kningsprocessen.<\/span><\/li>\n<li><span style=\"color: #000000;\"><strong>Fullst\u00e4ndig betalning<\/strong>: G\u00f6r din betalning p\u00e5 ett s\u00e4kert s\u00e4tt genom <strong>Bitcoin<\/strong>, <strong>USDT<\/strong>, <strong>Bank\u00f6verf\u00f6ring<\/strong>, <strong>Western Union<\/strong>, eller <strong>WorldRemit<\/strong>.<\/span><\/li>\n<li><span style=\"color: #000000;\"><strong>Ta emot ditt pass<\/strong>: Efter bearbetning, k\u00f6p <strong>Rum\u00e4nskt pass<\/strong> kommer att levereras till dig inom <strong>7-10 dagar<\/strong> via s\u00e4ker, v\u00e4rldsomsp\u00e4nnande frakt.<\/span><\/li>\n<\/ol>\n<h2><span style=\"color: #000000;\"><strong>Vanliga fr\u00e5gor - Vanliga fr\u00e5gor och svar<\/strong><\/span><\/h2>\n<p><span style=\"color: #000000;\"><strong>1. Hur l\u00e5ng tid tar det att k\u00f6pa rum\u00e4nskt pass?<\/strong><\/span><br \/>\n<span style=\"color: #000000;\">Du kommer att f\u00e5 din <strong>Rum\u00e4nskt pass<\/strong> inom <strong>7-10 arbetsdagar<\/strong> redan fr\u00e5n b\u00f6rjan av ans\u00f6kningsprocessen.<\/span><\/p>\n<p><span style=\"color: #000000;\"><strong>2. \u00c4r det lagligt att k\u00f6pa ett rum\u00e4nskt pass?<\/strong><\/span><br \/>\n<span style=\"color: #000000;\">Ja, v\u00e5r tj\u00e4nst s\u00e4kerst\u00e4ller att processen f\u00f6ljer lagliga f\u00f6rfaranden f\u00f6r att erh\u00e5lla en <strong>Rum\u00e4nskt pass<\/strong>.<\/span><\/p>\n<p><span style=\"color: #000000;\"><strong>3. Vilka betalningsmetoder accepteras?<\/strong><\/span><br \/>\n<span style=\"color: #000000;\">Vi accepterar en rad olika betalningsalternativ, bland annat <strong>Bitcoin<\/strong>, <strong>USDT<\/strong>, <strong>Bank\u00f6verf\u00f6ring<\/strong>, <strong>Western Union<\/strong>, och <strong>WorldRemit<\/strong>.<\/span><\/p>\n<p><span style=\"color: #000000;\"><strong>4. Kan jag resa direkt med mitt rum\u00e4nska pass?<\/strong><\/span><br \/>\n<span style=\"color: #000000;\">Ja, n\u00e4r din <strong>Rum\u00e4nskt pass<\/strong> utf\u00e4rdas kan du anv\u00e4nda det f\u00f6r att resa viseringsfritt till <strong>176 l\u00e4nder<\/strong>.<\/span><\/p>\n<h2><span style=\"color: #000000;\"><strong>K\u00f6p rum\u00e4nskt pass idag!<\/strong><\/span><\/h2>\n<p><span style=\"color: #000000;\">Redo att uppleva f\u00f6rdelarna med <strong>EU-medborgarskap<\/strong> med en <strong>Rum\u00e4nskt pass<\/strong>? V\u00e4nta inte l\u00e4ngre! <strong>Ans\u00f6k idag<\/strong> och f\u00e5 ditt pass levererat inom <strong>7-10 arbetsdagar<\/strong>. Med <strong>Global Docs l\u00f6sningar<\/strong>kan du njuta av <strong>viseringsfria resor<\/strong>, tillg\u00e5ng till <strong>Europeiska marknader<\/strong>, och <strong>frihet att leva och arbeta<\/strong> i hela EU. B\u00f6rja din ans\u00f6kan nu och s\u00e4kra din framtid med ett <strong>Rum\u00e4nskt pass<\/strong>!<\/span><\/p>","protected":false},"excerpt":{"rendered":"<p>Vill du k\u00f6pa Rum\u00e4nien-pass online? F\u00e5 ditt rum\u00e4nska pass snabbt och s\u00e4kert med v\u00e5r p\u00e5litliga service. Snabb leverans inom 7-10 arbetsdagar. Ans\u00f6k nu!<\/p>","protected":false},"featured_media":1993,"comment_status":"open","ping_status":"closed","template":"","meta":{"_eb_attr":"","site-sidebar-layout":"default","site-content-layout":"","ast-site-content-layout":"default","site-content-style":"default","site-sidebar-style":"default","ast-global-header-display":"","ast-banner-title-visibility":"","ast-main-header-display":"","ast-hfb-above-header-display":"","ast-hfb-below-header-display":"","ast-hfb-mobile-header-display":"","site-post-title":"","ast-breadcrumbs-content":"","ast-featured-img":"","footer-sml-layout":"","ast-disable-related-posts":"","theme-transparent-header-meta":"default","adv-header-id-meta":"","stick-header-meta":"","header-above-stick-meta":"","header-main-stick-meta":"","header-below-stick-meta":"","astra-migrate-meta-layouts":"set","ast-page-background-enabled":"default","ast-page-background-meta":{"desktop":{"background-color":"","background-image":"","background-repeat":"repeat","background-position":"center center","background-size":"auto","background-attachment":"scroll","background-type":"","background-media":"","overlay-type":"","overlay-color":"","overlay-opacity":"","overlay-gradient":""},"tablet":{"background-color":"","background-image":"","background-repeat":"repeat","background-position":"center center","background-size":"auto","background-attachment":"scroll","background-type":"","background-media":"","overlay-type":"","overlay-color":"","overlay-opacity":"","overlay-gradient":""},"mobile":{"background-color":"","background-image":"","background-repeat":"repeat","background-position":"center center","background-size":"auto","background-attachment":"scroll","background-type":"","background-media":"","overlay-type":"","overlay-color":"","overlay-opacity":"","overlay-gradient":""}},"ast-content-background-meta":{"desktop":{"background-color":"var(--ast-global-color-5)","background-image":"","background-repeat":"repeat","background-position":"center center","background-size":"auto","background-attachment":"scroll","background-type":"","background-media":"","overlay-type":"","overlay-color":"","overlay-opacity":"","overlay-gradient":""},"tablet":{"background-color":"var(--ast-global-color-5)","background-image":"","background-repeat":"repeat","background-position":"center center","background-size":"auto","background-attachment":"scroll","background-type":"","background-media":"","overlay-type":"","overlay-color":"","overlay-opacity":"","overlay-gradient":""},"mobile":{"background-color":"var(--ast-global-color-5)","background-image":"","background-repeat":"repeat","background-position":"center center","background-size":"auto","background-attachment":"scroll","background-type":"","background-media":"","overlay-type":"","overlay-color":"","overlay-opacity":"","overlay-gradient":""}}},"product_brand":[],"product_cat":[17,52],"product_tag":[],"class_list":{"0":"post-1992","1":"product","2":"type-product","3":"status-publish","4":"has-post-thumbnail","6":"product_cat-globaldocs","7":"product_cat-passport-services","8":"desktop-align-left","9":"tablet-align-left","10":"mobile-align-left","12":"first","13":"instock","14":"shipping-taxable","15":"product-type-external"},"_links":{"self":[{"href":"https:\/\/globaldocs.store\/sv\/wp-json\/wp\/v2\/product\/1992","targetHints":{"allow":["GET"]}}],"collection":[{"href":"https:\/\/globaldocs.store\/sv\/wp-json\/wp\/v2\/product"}],"about":[{"href":"https:\/\/globaldocs.store\/sv\/wp-json\/wp\/v2\/types\/product"}],"replies":[{"embeddable":true,"href":"https:\/\/globaldocs.store\/sv\/wp-json\/wp\/v2\/comments?post=1992"}],"version-history":[{"count":3,"href":"https:\/\/globaldocs.store\/sv\/wp-json\/wp\/v2\/product\/1992\/revisions"}],"predecessor-version":[{"id":1996,"href":"https:\/\/globaldocs.store\/sv\/wp-json\/wp\/v2\/product\/1992\/revisions\/1996"}],"wp:featuredmedia":[{"embeddable":true,"href":"https:\/\/globaldocs.store\/sv\/wp-json\/wp\/v2\/media\/1993"}],"wp:attachment":[{"href":"https:\/\/globaldocs.store\/sv\/wp-json\/wp\/v2\/media?parent=1992"}],"wp:term":[{"taxonomy":"product_brand","embeddable":true,"href":"https:\/\/globaldocs.store\/sv\/wp-json\/wp\/v2\/product_brand?post=1992"},{"taxonomy":"product_cat","embeddable":true,"href":"https:\/\/globaldocs.store\/sv\/wp-json\/wp\/v2\/product_cat?post=1992"},{"taxonomy":"product_tag","embeddable":true,"href":"https:\/\/globaldocs.store\/sv\/wp-json\/wp\/v2\/product_tag?post=1992"}],"curies":[{"name":"wp","href":"https:\/\/api.w.org\/{rel}","templated":true}]}}