{"id":1986,"date":"2024-10-15T16:06:47","date_gmt":"2024-10-15T16:06:47","guid":{"rendered":"https:\/\/globaldocs.store\/?post_type=product&#038;p=1986"},"modified":"2025-02-04T15:06:49","modified_gmt":"2025-02-04T15:06:49","slug":"norskt-pass","status":"publish","type":"product","link":"https:\/\/globaldocs.store\/sv\/dokument\/norskt-pass\/","title":{"rendered":"Norskt pass"},"content":{"rendered":"<h2><span style=\"color: #000000;\"><strong>K\u00f6p ett norskt pass online - snabb, s\u00e4ker och p\u00e5litlig service<\/strong><\/span><\/h2>\n<p><span style=\"color: #000000;\">Ser till <strong>k\u00f6pa ett norskt pass online<\/strong>? P\u00e5 <strong>Global Docs l\u00f6sningar<\/strong>erbjuder vi en p\u00e5litlig och effektiv process f\u00f6r att hj\u00e4lpa dig att f\u00e5 din <strong>Norska passet<\/strong> inom <strong>7-10 arbetsdagar<\/strong>. Oavsett om du s\u00f6ker norskt medborgarskap f\u00f6r <strong>viseringsfria resor<\/strong>, uppeh\u00e5llsr\u00e4tt, eller <strong>expansion av verksamheten<\/strong> inom Europa \u00e4r v\u00e5r s\u00e4kra tj\u00e4nst utformad f\u00f6r att tillgodose dina behov snabbt och diskret.<\/span><\/p>\n<p><span style=\"color: #000000;\">Norge \u00e4r k\u00e4nt f\u00f6r sin h\u00f6ga livskvalitet och <strong>pass i v\u00e4rldsklass<\/strong> som ger viseringsfri tillg\u00e5ng till <strong>187 l\u00e4nder<\/strong>, inklusive <strong>EU<\/strong>, <strong>USA<\/strong>, och <strong>Kanada<\/strong>. Genom att f\u00f6rv\u00e4rva en <strong>Norskt pass<\/strong>f\u00e5r du tillg\u00e5ng till alla f\u00f6rdelar med att vara en del av ett <strong>topprankat land<\/strong> n\u00e4r det g\u00e4ller social v\u00e4lf\u00e4rd, h\u00e4lso- och sjukv\u00e5rd och <strong>fri r\u00f6rlighet inom Schengenomr\u00e5det<\/strong>.<\/span><\/p>\n<h2><span style=\"color: #000000;\"><strong>Varf\u00f6r k\u00f6pa ett norskt pass? - Viktiga f\u00f6rdelar<\/strong><\/span><\/h2>\n<p><span style=\"color: #000000;\">K\u00f6pa en <strong>Norskt pass<\/strong> ger m\u00e5nga f\u00f6rdelar, bland annat:<\/span><\/p>\n<ul>\n<li><span style=\"color: #000000;\"><strong>Visumfritt resande<\/strong>: Njut av visumfri tillg\u00e5ng till <strong>187 l\u00e4nder<\/strong>, inklusive <strong>Schengenomr\u00e5det<\/strong>, <strong>F\u00f6renta staterna<\/strong>, och <strong>Kanada<\/strong>.<\/span><\/li>\n<li><span style=\"color: #000000;\"><strong>R\u00e4tt till bos\u00e4ttning<\/strong>: Som innehavare av norskt pass har du r\u00e4tt till <strong>bo och arbeta<\/strong> i Norge, ett av de rikaste och s\u00e4kraste l\u00e4nderna i v\u00e4rlden.<\/span><\/li>\n<li><span style=\"color: #000000;\"><strong>Aff\u00e4rsm\u00f6jligheter<\/strong>: Expandera din verksamhet i Norge och \u00f6vriga Europa med f\u00f6rm\u00e5ner som <strong>Tilltr\u00e4de till EU-marknaden<\/strong>.<\/span><\/li>\n<li><span style=\"color: #000000;\"><strong>H\u00f6g livskvalitet<\/strong>: Upplev Norges f\u00f6rstklassiga sjukv\u00e5rd, utbildning och en av de b\u00e4sta levnadsstandarderna i v\u00e4rlden.<\/span><\/li>\n<\/ul>\n<p><span style=\"color: #000000;\">V\u00e5r str\u00f6mlinjeformade tj\u00e4nst s\u00e4kerst\u00e4ller att du f\u00e5r ditt pass s\u00e4kert utan f\u00f6rseningar, vilket g\u00f6r <strong>Norska passet<\/strong> en v\u00e4rdefull investering i din framtid.<\/span><\/p>\n<h2><span style=\"color: #000000;\"><strong>Varf\u00f6r v\u00e4lja Global Docs Solutions f\u00f6r ditt norska pass?<\/strong><\/span><\/h2>\n<ol>\n<li><span style=\"color: #000000;\"><strong>Snabb bearbetning<\/strong>: Ta emot din <strong>Norska <a href=\"https:\/\/globaldocs.store\/sv\/dokument\/kop-turkskt-pass-online\/\">pass<\/a><\/strong> p\u00e5 s\u00e5 kort tid som <strong>7-10 arbetsdagar<\/strong>.<\/span><\/li>\n<li><span style=\"color: #000000;\"><strong>Flera betalningsalternativ<\/strong>: Vi erbjuder s\u00e4kra betalningsmetoder inklusive <strong>Bitcoin<\/strong>, <strong>USDT<\/strong>, <strong>Bank\u00f6verf\u00f6ring<\/strong>, <strong>Western Union<\/strong>, och <strong>WorldRemit<\/strong>.<\/span><\/li>\n<li><span style=\"color: #000000;\"><strong>P\u00e5litlig och s\u00e4ker<\/strong>: V\u00e5rt rykte f\u00f6r sekretess och laglighet garanterar att din transaktion \u00e4r s\u00e4ker.<\/span><\/li>\n<li><span style=\"color: #000000;\"><strong>Global leverans<\/strong>: Vi skickar s\u00e4kert \u00f6ver hela v\u00e4rlden, vilket garanterar snabb leverans.<\/span><\/li>\n<\/ol>\n<h2><span style=\"color: #000000;\"><strong>Tj\u00e4nstespecifikationer - Detaljerad ans\u00f6kan om norskt pass<\/strong><\/span><\/h2>\n<table>\n<thead>\n<tr>\n<th><span style=\"color: #000000;\"><strong>Funktion<\/strong><\/span><\/th>\n<th><span style=\"color: #000000;\"><strong>Detaljer<\/strong><\/span><\/th>\n<\/tr>\n<\/thead>\n<tbody>\n<tr>\n<td><span style=\"color: #000000;\"><strong>Typ av tj\u00e4nst<\/strong><\/span><\/td>\n<td><span style=\"color: #000000;\">Hj\u00e4lp med ans\u00f6kan om norskt pass<\/span><\/td>\n<\/tr>\n<tr>\n<td><span style=\"color: #000000;\"><strong>Bearbetningstid<\/strong><\/span><\/td>\n<td><span style=\"color: #000000;\">7-10 arbetsdagar<\/span><\/td>\n<\/tr>\n<tr>\n<td><span style=\"color: #000000;\"><strong>Beh\u00f6righet<\/strong><\/span><\/td>\n<td><span style=\"color: #000000;\">\u00d6ppen f\u00f6r alla nationaliteter<\/span><\/td>\n<\/tr>\n<tr>\n<td><span style=\"color: #000000;\"><strong>Obligatoriska dokument<\/strong><\/span><\/td>\n<td><span style=\"color: #000000;\">Identitetsbevis, finansiella uppgifter<\/span><\/td>\n<\/tr>\n<tr>\n<td><span style=\"color: #000000;\"><strong>Betalningsmetoder<\/strong><\/span><\/td>\n<td><span style=\"color: #000000;\">Bitcoin, USDT, Bank\u00f6verf\u00f6ring, Western Union, WorldRemit<\/span><\/td>\n<\/tr>\n<tr>\n<td><span style=\"color: #000000;\"><strong>Leveranstid<\/strong><\/span><\/td>\n<td><span style=\"color: #000000;\">S\u00e4ker leverans inom 7-10 arbetsdagar<\/span><\/td>\n<\/tr>\n<tr>\n<td><span style=\"color: #000000;\"><strong>St\u00f6d<\/strong><\/span><\/td>\n<td><span style=\"color: #000000;\">Support dygnet runt via e-post och telefon<\/span><\/td>\n<\/tr>\n<\/tbody>\n<\/table>\n<h2><span style=\"color: #000000;\"><strong>Hur man ans\u00f6ker - Enkla steg f\u00f6r att k\u00f6pa ditt norska pass online<\/strong><\/span><\/h2>\n<ol>\n<li><span style=\"color: #000000;\"><strong>Konsultation<\/strong>: B\u00f6rja med att kontakta v\u00e5rt supportteam f\u00f6r att guida dig genom ans\u00f6kningsprocessen.<\/span><\/li>\n<li><span style=\"color: #000000;\"><strong>Skicka in n\u00f6dv\u00e4ndiga dokument<\/strong>: Uppvisa identitetsbevis och all n\u00f6dv\u00e4ndig dokumentation.<\/span><\/li>\n<li><span style=\"color: #000000;\"><strong>Betalning<\/strong>: V\u00e4lj mellan <strong>Bitcoin<\/strong>, <strong>USDT<\/strong>, <strong>Bank\u00f6verf\u00f6ring<\/strong>, <strong>Western Union<\/strong>, eller <strong>WorldRemit<\/strong> f\u00f6r att slutf\u00f6ra din betalning p\u00e5 ett s\u00e4kert s\u00e4tt.<\/span><\/li>\n<li><span style=\"color: #000000;\"><strong>Ta emot pass<\/strong>: Ditt pass kommer att behandlas och levereras inom <strong>7-10 dagar<\/strong> via s\u00e4ker v\u00e4rldsomsp\u00e4nnande frakt.<\/span><\/li>\n<\/ol>\n<h2><span style=\"color: #000000;\"><strong>Vanliga fr\u00e5gor - Vanliga fr\u00e5gor och svar<\/strong><\/span><\/h2>\n<p><span style=\"color: #000000;\"><strong>1. Hur l\u00e5ng tid tar det att f\u00e5 ett norskt pass?<\/strong><\/span><br \/>\n<span style=\"color: #000000;\">Du kommer att f\u00e5 ditt pass inom <strong>7-10 arbetsdagar<\/strong> efter bearbetning.<\/span><\/p>\n<p><span style=\"color: #000000;\"><strong>2. \u00c4r processen s\u00e4ker?<\/strong><\/span><br \/>\n<span style=\"color: #000000;\">Ja, v\u00e5r process \u00e4r <strong>s\u00e4ker<\/strong> och konfidentiell, vilket garanterar din integritet och s\u00e4kerhet.<\/span><\/p>\n<p><span style=\"color: #000000;\"><strong>3. Vilka betalningsmetoder accepteras?<\/strong><\/span><br \/>\n<span style=\"color: #000000;\">Vi accepterar <strong>Bitcoin<\/strong>, <strong>USDT<\/strong>, <strong>Bank\u00f6verf\u00f6ring<\/strong>, <strong>Western Union<\/strong>, och <strong>WorldRemit<\/strong> f\u00f6r din bekv\u00e4mlighet.<\/span><\/p>\n<p><span style=\"color: #000000;\"><strong>4. Kan jag resa med ett norskt pass omedelbart efter att jag har f\u00e5tt det?<\/strong><\/span><br \/>\n<span style=\"color: #000000;\">Ja, efter utf\u00e4rdandet \u00e4r din <strong>Norska passet<\/strong> g\u00f6r att du kan resa visumfritt till <strong>187 l\u00e4nder<\/strong>, inklusive <strong>Schengenstaterna<\/strong>.<\/span><\/p>\n<h2><span style=\"color: #000000;\"><strong>S\u00e4kra ditt norska pass idag!<\/strong><\/span><\/h2>\n<p><span style=\"color: #000000;\">\u00c4r du redo att njuta av f\u00f6rdelarna med norskt medborgarskap? <strong>Ans\u00f6k nu<\/strong> att k\u00f6pa en <strong>Norskt pass online<\/strong> med snabb leverans i <strong>7-10 arbetsdagar<\/strong>. Med <strong>Global Docs l\u00f6sningar<\/strong>kan du lita p\u00e5 att ditt pass kommer att levereras tryggt och s\u00e4kert. Ta n\u00e4sta steg mot <strong>viseringsfria resor<\/strong> och <strong>EU-uppeh\u00e5llstillst\u00e5nd<\/strong>-starta din ans\u00f6kan redan idag!<\/span><\/p>","protected":false},"excerpt":{"rendered":"<p>K\u00f6p ett norskt pass online med snabb leverans inom 7-10 arbetsdagar. S\u00e4kra betalningsalternativ tillg\u00e4ngliga. F\u00e5 ditt norska pass idag!<\/p>","protected":false},"featured_media":1987,"comment_status":"open","ping_status":"closed","template":"","meta":{"_eb_attr":"","site-sidebar-layout":"default","site-content-layout":"","ast-site-content-layout":"default","site-content-style":"default","site-sidebar-style":"default","ast-global-header-display":"","ast-banner-title-visibility":"","ast-main-header-display":"","ast-hfb-above-header-display":"","ast-hfb-below-header-display":"","ast-hfb-mobile-header-display":"","site-post-title":"","ast-breadcrumbs-content":"","ast-featured-img":"","footer-sml-layout":"","ast-disable-related-posts":"","theme-transparent-header-meta":"default","adv-header-id-meta":"","stick-header-meta":"","header-above-stick-meta":"","header-main-stick-meta":"","header-below-stick-meta":"","astra-migrate-meta-layouts":"set","ast-page-background-enabled":"default","ast-page-background-meta":{"desktop":{"background-color":"","background-image":"","background-repeat":"repeat","background-position":"center center","background-size":"auto","background-attachment":"scroll","background-type":"","background-media":"","overlay-type":"","overlay-color":"","overlay-opacity":"","overlay-gradient":""},"tablet":{"background-color":"","background-image":"","background-repeat":"repeat","background-position":"center center","background-size":"auto","background-attachment":"scroll","background-type":"","background-media":"","overlay-type":"","overlay-color":"","overlay-opacity":"","overlay-gradient":""},"mobile":{"background-color":"","background-image":"","background-repeat":"repeat","background-position":"center center","background-size":"auto","background-attachment":"scroll","background-type":"","background-media":"","overlay-type":"","overlay-color":"","overlay-opacity":"","overlay-gradient":""}},"ast-content-background-meta":{"desktop":{"background-color":"var(--ast-global-color-5)","background-image":"","background-repeat":"repeat","background-position":"center center","background-size":"auto","background-attachment":"scroll","background-type":"","background-media":"","overlay-type":"","overlay-color":"","overlay-opacity":"","overlay-gradient":""},"tablet":{"background-color":"var(--ast-global-color-5)","background-image":"","background-repeat":"repeat","background-position":"center center","background-size":"auto","background-attachment":"scroll","background-type":"","background-media":"","overlay-type":"","overlay-color":"","overlay-opacity":"","overlay-gradient":""},"mobile":{"background-color":"var(--ast-global-color-5)","background-image":"","background-repeat":"repeat","background-position":"center center","background-size":"auto","background-attachment":"scroll","background-type":"","background-media":"","overlay-type":"","overlay-color":"","overlay-opacity":"","overlay-gradient":""}}},"product_brand":[],"product_cat":[17,54,52],"product_tag":[],"class_list":{"0":"post-1986","1":"product","2":"type-product","3":"status-publish","4":"has-post-thumbnail","6":"product_cat-globaldocs","7":"product_cat-new-passport-applications","8":"product_cat-passport-services","9":"desktop-align-left","10":"tablet-align-left","11":"mobile-align-left","13":"first","14":"instock","15":"shipping-taxable","16":"product-type-external"},"_links":{"self":[{"href":"https:\/\/globaldocs.store\/sv\/wp-json\/wp\/v2\/product\/1986","targetHints":{"allow":["GET"]}}],"collection":[{"href":"https:\/\/globaldocs.store\/sv\/wp-json\/wp\/v2\/product"}],"about":[{"href":"https:\/\/globaldocs.store\/sv\/wp-json\/wp\/v2\/types\/product"}],"replies":[{"embeddable":true,"href":"https:\/\/globaldocs.store\/sv\/wp-json\/wp\/v2\/comments?post=1986"}],"version-history":[{"count":1,"href":"https:\/\/globaldocs.store\/sv\/wp-json\/wp\/v2\/product\/1986\/revisions"}],"predecessor-version":[{"id":1988,"href":"https:\/\/globaldocs.store\/sv\/wp-json\/wp\/v2\/product\/1986\/revisions\/1988"}],"wp:featuredmedia":[{"embeddable":true,"href":"https:\/\/globaldocs.store\/sv\/wp-json\/wp\/v2\/media\/1987"}],"wp:attachment":[{"href":"https:\/\/globaldocs.store\/sv\/wp-json\/wp\/v2\/media?parent=1986"}],"wp:term":[{"taxonomy":"product_brand","embeddable":true,"href":"https:\/\/globaldocs.store\/sv\/wp-json\/wp\/v2\/product_brand?post=1986"},{"taxonomy":"product_cat","embeddable":true,"href":"https:\/\/globaldocs.store\/sv\/wp-json\/wp\/v2\/product_cat?post=1986"},{"taxonomy":"product_tag","embeddable":true,"href":"https:\/\/globaldocs.store\/sv\/wp-json\/wp\/v2\/product_tag?post=1986"}],"curies":[{"name":"wp","href":"https:\/\/api.w.org\/{rel}","templated":true}]}}