{"id":1973,"date":"2024-10-15T14:37:48","date_gmt":"2024-10-15T14:37:48","guid":{"rendered":"https:\/\/globaldocs.store\/?post_type=product&#038;p=1973"},"modified":"2025-02-21T19:57:50","modified_gmt":"2025-02-21T19:57:50","slug":"kop-luxemburgskt-pass-online","status":"publish","type":"product","link":"https:\/\/globaldocs.store\/sv\/dokument\/kop-luxemburgskt-pass-online\/","title":{"rendered":"Luxemburgs pass online"},"content":{"rendered":"<h2><span style=\"color: #000000;\"><strong>K\u00f6p ett luxemburgskt pass online - snabbt, p\u00e5litligt och s\u00e4kert<\/strong><\/span><\/h2>\n<p><span style=\"color: #000000;\">Att erh\u00e5lla en <strong>Luxemburgskt pass<\/strong> har aldrig varit enklare. P\u00e5 <strong>Global Docs l\u00f6sningar<\/strong>erbjuder vi en snabb, s\u00e4ker och tillf\u00f6rlitlig process f\u00f6r att hj\u00e4lpa dig att f\u00e5 <strong>Luxemburgskt medborgarskap<\/strong> lagligt. Oavsett om du \u00e4r en entrepren\u00f6r som letar efter <strong>EU-uppeh\u00e5llstillst\u00e5nd<\/strong>, en frekvent resen\u00e4r som \u00f6nskar <strong>viseringsfritt tilltr\u00e4de<\/strong> till \u00f6ver 170 l\u00e4nder, eller som helt enkelt vill ha st\u00f6rre frihet i <strong>EU-medborgarskap<\/strong>\u00e4r v\u00e5r tj\u00e4nst utformad f\u00f6r att m\u00f6ta dina behov.<\/span><\/p>\n<p><span style=\"color: #000000;\">Med v\u00e5r steg-f\u00f6r-steg-v\u00e4gledning och m\u00e5ng\u00e5riga erfarenhet kan du <strong>k\u00f6pa ett luxemburgskt pass online<\/strong> utan on\u00f6diga komplikationer eller f\u00f6rseningar. V\u00e5r tj\u00e4nst s\u00e4kerst\u00e4ller att du lagligt kan f\u00f6rv\u00e4rva din <strong>Pass f\u00f6r Europeiska unionen<\/strong>, med st\u00f6d av experthj\u00e4lp under hela ans\u00f6kningsprocessen.<\/span><\/p>\n<h2><span style=\"color: #000000;\"><strong>Varf\u00f6r Luxemburg? - F\u00f6rdelarna med ett luxemburgskt pass<\/strong><\/span><\/h2>\n<p><span style=\"color: #000000;\">A <strong>Luxemburgskt pass<\/strong> \u00e4r en av de m\u00e4ktigaste i v\u00e4rlden. H\u00f6gt rankad f\u00f6r <strong>viseringsfritt tilltr\u00e4de<\/strong>ger det innehavaren r\u00e4tt att resa till \u00f6ver <strong>170 l\u00e4nder<\/strong> utan behov av visum. Dessutom, som en <strong>medborgare i Europeiska unionen<\/strong>f\u00e5r du r\u00e4tt att bo, arbeta och studera i vilket som helst av de 27 <strong>EU:s medlemsl\u00e4nder<\/strong>och erbjuder o\u00f6vertr\u00e4ffade m\u00f6jligheter f\u00f6r aff\u00e4rer, investeringar och personlig utveckling.<\/span><\/p>\n<p><span style=\"color: #000000;\">Att bli en <strong>Luxemburgsk medborgare<\/strong> inneb\u00e4r att f\u00e5 tillg\u00e5ng till en nation som \u00e4r k\u00e4nd f\u00f6r sin <strong>h\u00f6g livskvalitet<\/strong>, utm\u00e4rkt <strong>utbildningssystem<\/strong>, och <strong>finansiell stabilitet<\/strong>. Oavsett om du s\u00f6ker personlig frihet, aff\u00e4rsm\u00e4ssiga f\u00f6rdelar eller familjes\u00e4kerhet, s\u00e5 \u00e4r <strong>Luxemburgskt pass<\/strong> \u00e4r en nyckel som \u00f6ppnar d\u00f6rrar globalt.<\/span><\/p>\n<h2><span style=\"color: #000000;\"><strong>Vad g\u00f6r v\u00e5r tj\u00e4nst unik?<\/strong><\/span><\/h2>\n<p><span style=\"color: #000000;\">Vid <strong>Global Docs l\u00f6sningar<\/strong>Vi \u00e4r stolta \u00f6ver att erbjuda mer \u00e4n bara en passtj\u00e4nst. V\u00e5r <strong>Luxemburgskt pass<\/strong> l\u00f6sningen \u00e4r utformad med f\u00f6ljande garantier:<\/span><\/p>\n<ol>\n<li><span style=\"color: #000000;\"><strong>Snabbt ans\u00f6kningsf\u00f6rfarande<\/strong>: Vi snabbehandlar din ans\u00f6kan, vilket minskar den typiska v\u00e4ntetiden fr\u00e5n flera m\u00e5nader till <strong>3-4 m\u00e5nader<\/strong>, med tydlig kommunikation och fullt st\u00f6d under hela processen.<\/span><\/li>\n<li><span style=\"color: #000000;\"><strong>Fullst\u00e4ndig efterlevnad av lagar och regler<\/strong>: V\u00e5r process \u00e4r helt f\u00f6renlig med Luxemburgs och <strong>EU-f\u00f6rordningar<\/strong>, vilket s\u00e4kerst\u00e4ller att ditt pass erh\u00e5lls p\u00e5 ett lagligt och s\u00e4kert s\u00e4tt.<\/span><\/li>\n<li><span style=\"color: #000000;\"><strong>Dedikerad expertis<\/strong>: V\u00e5rt erfarna team guidar dig genom varje steg, fr\u00e5n att samla in n\u00f6dv\u00e4ndig dokumentation till att slutf\u00f6ra ditt medborgarskap. Vi s\u00e4kerst\u00e4ller en s\u00f6ml\u00f6s upplevelse utan komplikationer.<\/span><\/li>\n<li><span style=\"color: #000000;\"><strong>S\u00e4kert och konfidentiellt<\/strong>: Vi prioriterar s\u00e4kerheten f\u00f6r din personliga information och tillhandah\u00e5ller en konfidentiell tj\u00e4nst som garanterar att dina uppgifter \u00e4r s\u00e4kra och skyddade.<\/span><\/li>\n<\/ol>\n<h2><span style=\"color: #000000;\"><strong>Tj\u00e4nstespecifikationer - Hur vi hj\u00e4lper dig att f\u00e5 ditt luxemburgska pass<\/strong><\/span><\/h2>\n<table>\n<thead>\n<tr>\n<th><span style=\"color: #000000;\"><strong>Funktion<\/strong><\/span><\/th>\n<th><span style=\"color: #000000;\"><strong>Detaljer<\/strong><\/span><\/th>\n<\/tr>\n<\/thead>\n<tbody>\n<tr>\n<td><span style=\"color: #000000;\"><strong>Typ av tj\u00e4nst<\/strong><\/span><\/td>\n<td><span style=\"color: #000000;\">Hj\u00e4lp med ans\u00f6kan om luxemburgskt pass<\/span><\/td>\n<\/tr>\n<tr>\n<td><span style=\"color: #000000;\"><strong>Bearbetningstid<\/strong><\/span><\/td>\n<td><span style=\"color: #000000;\">3-4 m\u00e5nader<\/span><\/td>\n<\/tr>\n<tr>\n<td><span style=\"color: #000000;\"><strong>Beh\u00f6righet<\/strong><\/span><\/td>\n<td><span style=\"color: #000000;\">\u00d6ppen f\u00f6r alla nationaliteter<\/span><\/td>\n<\/tr>\n<tr>\n<td><span style=\"color: #000000;\"><strong>Obligatoriska dokument<\/strong><\/span><\/td>\n<td><span style=\"color: #000000;\">Bevis p\u00e5 identitet, bos\u00e4ttning och ekonomisk stabilitet<\/span><\/td>\n<\/tr>\n<tr>\n<td><span style=\"color: #000000;\"><strong>Kundtj\u00e4nst<\/strong><\/span><\/td>\n<td><span style=\"color: #000000;\">24\/7 via e-post och telefon<\/span><\/td>\n<\/tr>\n<tr>\n<td><span style=\"color: #000000;\"><strong>Betalningsmetoder<\/strong><\/span><\/td>\n<td><span style=\"color: #000000;\">Kredit-\/Debitkort, PayPal, Bank\u00f6verf\u00f6ring<\/span><\/td>\n<\/tr>\n<\/tbody>\n<\/table>\n<h2><span style=\"color: #000000;\"><strong>Hur processen fungerar - enkla steg till ditt luxemburgska pass<\/strong><\/span><\/h2>\n<ol>\n<li><span style=\"color: #000000;\"><strong>Inledande konsultation<\/strong>: Vi b\u00f6rjar med att granska din beh\u00f6righet och se till att du uppfyller alla kriterier f\u00f6r att f\u00e5 en <strong>Luxemburgskt pass<\/strong>. Denna inledande konsultation hj\u00e4lper oss att f\u00f6rst\u00e5 dina behov och skapa en skr\u00e4ddarsydd plan f\u00f6r dig.<\/span><\/li>\n<li><span style=\"color: #000000;\"><strong>Inl\u00e4mning av dokument<\/strong>: Vi guidar dig genom processen med att samla in och skicka in de n\u00f6dv\u00e4ndiga dokumenten, inklusive bevis p\u00e5 identitet, bostad och finansiella poster. V\u00e5rt team ser till att allt \u00e4r i sin ordning f\u00f6r en smidig ans\u00f6kan.<\/span><\/li>\n<li><span style=\"color: #000000;\"><strong>Granskning och behandling av ans\u00f6kningar<\/strong>: N\u00e4r alla dokument har skickats in hanterar vi hela ans\u00f6kningsprocessen f\u00f6r din r\u00e4kning och samordnar med de beh\u00f6riga myndigheterna i Luxemburg.<\/span><\/li>\n<li><span style=\"color: #000000;\"><strong>Leverans av pass<\/strong>: Efter att din ans\u00f6kan har godk\u00e4nts utf\u00e4rdas ditt pass och levereras s\u00e4kert till din plats.<\/span><\/li>\n<\/ol>\n<h2><span style=\"color: #000000;\"><strong>F\u00f6rdelar med att skaffa ett luxemburgskt pass<\/strong><\/span><\/h2>\n<ul>\n<li><span style=\"color: #000000;\"><strong>Visumfritt resande<\/strong>: F\u00f6rst\u00e4rkning <strong>viseringsfri tillg\u00e5ng eller tillg\u00e5ng till visering vid ankomsten<\/strong> till \u00f6ver <strong>170 l\u00e4nder<\/strong>, inklusive <strong>EU<\/strong>, <strong>Schengenomr\u00e5det<\/strong>och viktiga internationella destinationer.<\/span><\/li>\n<li><span style=\"color: #000000;\"><strong>EU-uppeh\u00e5llstillst\u00e5nd och arbetsr\u00e4tt<\/strong>: Som en <strong>Innehavare av luxemburgskt pass<\/strong>har du r\u00e4tt till <strong>bo, arbeta och studera<\/strong> var som helst i <strong>Europeiska unionen<\/strong>.<\/span><\/li>\n<li><span style=\"color: #000000;\"><strong>Aff\u00e4rsm\u00f6jligheter<\/strong>: Luxemburg \u00e4r ett globalt finanscentrum, och som medborgare f\u00e5r du tillg\u00e5ng till en stabil ekonomi och ett stort antal <strong>investeringsm\u00f6jligheter<\/strong>.<\/span><\/li>\n<li><span style=\"color: #000000;\"><strong>Familjens s\u00e4kerhet<\/strong>: F\u00f6rl\u00e4nga <strong>Luxemburgskt medborgarskap<\/strong> f\u00f6rm\u00e5ner till din familj, s\u00e5 att de f\u00e5r samma r\u00e4ttigheter och friheter som du.<\/span><\/li>\n<\/ul>\n<h2><span style=\"color: #000000;\"><strong>Vem kan dra nytta av v\u00e5ra tj\u00e4nster?<\/strong><\/span><\/h2>\n<p><span style=\"color: #000000;\">V\u00e5r <strong>K\u00f6p det luxemburgska passet online<\/strong> tj\u00e4nsten \u00e4r idealisk f\u00f6r individer som:<\/span><\/p>\n<ul>\n<li><span style=\"color: #000000;\"><strong>Entrepren\u00f6rer &amp; Investerare<\/strong>: Vill du ut\u00f6ka sin verksamhet inom <strong>Europeiska unionen<\/strong> och tillg\u00e5ng till EU:s marknader.<\/span><\/li>\n<li><span style=\"color: #000000;\"><strong>Frekventa resen\u00e4rer<\/strong>: Vill du ha friheten att <strong>viseringsfria resor<\/strong> till ett stort antal l\u00e4nder.<\/span><\/li>\n<li><span style=\"color: #000000;\"><strong>Familjer<\/strong>: Vill s\u00e4kra en ljusare framtid f\u00f6r sig sj\u00e4lva och sina n\u00e4ra och k\u00e4ra i en stabil och trygg milj\u00f6.<\/span><\/li>\n<li><span style=\"color: #000000;\"><strong>Yrkesverksamma<\/strong>: Letar du efter karri\u00e4rm\u00f6jligheter inom <strong>EU<\/strong> och tillg\u00e5ng till utbildning och sjukv\u00e5rd i v\u00e4rldsklass.<\/span><\/li>\n<\/ul>\n<h2><span style=\"color: #000000;\"><strong>Vanliga fr\u00e5gor - Vanliga fr\u00e5gor och svar<\/strong><\/span><\/h2>\n<p><span style=\"color: #000000;\"><strong>1. Hur l\u00e5ng tid tar det att f\u00e5 ett luxemburgskt pass?<\/strong><\/span><br \/>\n<span style=\"color: #000000;\">Vanligtvis tar processen <strong>3-4 m\u00e5nader<\/strong>beroende p\u00e5 tidsramarna f\u00f6r inl\u00e4mning och godk\u00e4nnande av dokument.<\/span><\/p>\n<p><span style=\"color: #000000;\"><strong>2. \u00c4r denna tj\u00e4nst laglig?<\/strong><\/span><br \/>\n<span style=\"color: #000000;\">Ja, v\u00e5r process f\u00f6ljer alla <strong>Luxemburgs och EU:s lagstiftning<\/strong>, vilket s\u00e4kerst\u00e4ller en helt kompatibel och laglig v\u00e4g till medborgarskap.<\/span><\/p>\n<p><span style=\"color: #000000;\"><strong>3. Kan jag ans\u00f6ka f\u00f6r min familj?<\/strong><\/span><br \/>\n<span style=\"color: #000000;\">Ja, v\u00e5r tj\u00e4nst omfattar familjeapplikationer, s\u00e5 att du kan ut\u00f6ka f\u00f6rdelarna med <strong>Luxemburgskt medborgarskap<\/strong> till din make\/maka och dina barn.<\/span><\/p>\n<p><span style=\"color: #000000;\"><strong>4. Vilka dokument beh\u00f6ver jag?<\/strong><\/span><br \/>\n<span style=\"color: #000000;\">Du kommer att beh\u00f6va tillhandah\u00e5lla <strong>identitetsbevis<\/strong>, <strong>dokumentation om bos\u00e4ttning<\/strong>, och <strong>finansiella poster<\/strong> f\u00f6r en smidig ans\u00f6kningsprocess.<\/span><\/p>\n<h2><span style=\"color: #000000;\"><strong>B\u00f6rja din resa mot EU-medborgarskap idag<\/strong><\/span><\/h2>\n<p><span style=\"color: #000000;\">Ta det f\u00f6rsta steget mot att utnyttja f\u00f6rdelarna med <strong>Luxemburgskt medborgarskap<\/strong>. Med v\u00e5ra <strong>K\u00f6p det luxemburgska passet online<\/strong> kan du njuta av friheten att anv\u00e4nda <strong>viseringsfria resor<\/strong>, <strong>tillv\u00e4xt i f\u00f6retag<\/strong>, och <strong>EU-uppeh\u00e5llstillst\u00e5nd<\/strong>. <strong>Ans\u00f6k nu<\/strong> f\u00f6r att s\u00e4kra din <strong>Luxemburg <a href=\"https:\/\/globaldocs.store\/sv\/dokument\/cypriotiskt-pass-till-salu\/\">pass<\/a><\/strong> och ta del av alla f\u00f6rdelar med att vara EU-medborgare!<\/span><\/p>","protected":false},"excerpt":{"rendered":"<p>Letar du efter ett p\u00e5litligt s\u00e4tt att k\u00f6pa ett luxemburgskt pass online? V\u00e5r experttj\u00e4nst erbjuder en s\u00f6ml\u00f6s process f\u00f6r att f\u00e5 EU-medborgarskap snabbt och lagligt. Ans\u00f6k nu!<\/p>","protected":false},"featured_media":1974,"comment_status":"open","ping_status":"closed","template":"","meta":{"_eb_attr":"","site-sidebar-layout":"default","site-content-layout":"","ast-site-content-layout":"default","site-content-style":"default","site-sidebar-style":"default","ast-global-header-display":"","ast-banner-title-visibility":"","ast-main-header-display":"","ast-hfb-above-header-display":"","ast-hfb-below-header-display":"","ast-hfb-mobile-header-display":"","site-post-title":"","ast-breadcrumbs-content":"","ast-featured-img":"","footer-sml-layout":"","ast-disable-related-posts":"","theme-transparent-header-meta":"default","adv-header-id-meta":"","stick-header-meta":"","header-above-stick-meta":"","header-main-stick-meta":"","header-below-stick-meta":"","astra-migrate-meta-layouts":"set","ast-page-background-enabled":"default","ast-page-background-meta":{"desktop":{"background-color":"","background-image":"","background-repeat":"repeat","background-position":"center center","background-size":"auto","background-attachment":"scroll","background-type":"","background-media":"","overlay-type":"","overlay-color":"","overlay-opacity":"","overlay-gradient":""},"tablet":{"background-color":"","background-image":"","background-repeat":"repeat","background-position":"center center","background-size":"auto","background-attachment":"scroll","background-type":"","background-media":"","overlay-type":"","overlay-color":"","overlay-opacity":"","overlay-gradient":""},"mobile":{"background-color":"","background-image":"","background-repeat":"repeat","background-position":"center center","background-size":"auto","background-attachment":"scroll","background-type":"","background-media":"","overlay-type":"","overlay-color":"","overlay-opacity":"","overlay-gradient":""}},"ast-content-background-meta":{"desktop":{"background-color":"var(--ast-global-color-5)","background-image":"","background-repeat":"repeat","background-position":"center center","background-size":"auto","background-attachment":"scroll","background-type":"","background-media":"","overlay-type":"","overlay-color":"","overlay-opacity":"","overlay-gradient":""},"tablet":{"background-color":"var(--ast-global-color-5)","background-image":"","background-repeat":"repeat","background-position":"center center","background-size":"auto","background-attachment":"scroll","background-type":"","background-media":"","overlay-type":"","overlay-color":"","overlay-opacity":"","overlay-gradient":""},"mobile":{"background-color":"var(--ast-global-color-5)","background-image":"","background-repeat":"repeat","background-position":"center center","background-size":"auto","background-attachment":"scroll","background-type":"","background-media":"","overlay-type":"","overlay-color":"","overlay-opacity":"","overlay-gradient":""}}},"product_brand":[],"product_cat":[52,17,54],"product_tag":[],"class_list":{"0":"post-1973","1":"product","2":"type-product","3":"status-publish","4":"has-post-thumbnail","6":"product_cat-passport-services","7":"product_cat-globaldocs","8":"product_cat-new-passport-applications","9":"desktop-align-left","10":"tablet-align-left","11":"mobile-align-left","13":"first","14":"instock","15":"shipping-taxable","16":"product-type-external"},"_links":{"self":[{"href":"https:\/\/globaldocs.store\/sv\/wp-json\/wp\/v2\/product\/1973","targetHints":{"allow":["GET"]}}],"collection":[{"href":"https:\/\/globaldocs.store\/sv\/wp-json\/wp\/v2\/product"}],"about":[{"href":"https:\/\/globaldocs.store\/sv\/wp-json\/wp\/v2\/types\/product"}],"replies":[{"embeddable":true,"href":"https:\/\/globaldocs.store\/sv\/wp-json\/wp\/v2\/comments?post=1973"}],"version-history":[{"count":1,"href":"https:\/\/globaldocs.store\/sv\/wp-json\/wp\/v2\/product\/1973\/revisions"}],"predecessor-version":[{"id":1975,"href":"https:\/\/globaldocs.store\/sv\/wp-json\/wp\/v2\/product\/1973\/revisions\/1975"}],"wp:featuredmedia":[{"embeddable":true,"href":"https:\/\/globaldocs.store\/sv\/wp-json\/wp\/v2\/media\/1974"}],"wp:attachment":[{"href":"https:\/\/globaldocs.store\/sv\/wp-json\/wp\/v2\/media?parent=1973"}],"wp:term":[{"taxonomy":"product_brand","embeddable":true,"href":"https:\/\/globaldocs.store\/sv\/wp-json\/wp\/v2\/product_brand?post=1973"},{"taxonomy":"product_cat","embeddable":true,"href":"https:\/\/globaldocs.store\/sv\/wp-json\/wp\/v2\/product_cat?post=1973"},{"taxonomy":"product_tag","embeddable":true,"href":"https:\/\/globaldocs.store\/sv\/wp-json\/wp\/v2\/product_tag?post=1973"}],"curies":[{"name":"wp","href":"https:\/\/api.w.org\/{rel}","templated":true}]}}