{"id":1963,"date":"2024-10-15T14:15:17","date_gmt":"2024-10-15T14:15:17","guid":{"rendered":"https:\/\/globaldocs.store\/?post_type=product&#038;p=1963"},"modified":"2025-02-21T19:57:50","modified_gmt":"2025-02-21T19:57:50","slug":"cypriotiskt-pass-till-salu","status":"publish","type":"product","link":"https:\/\/globaldocs.store\/sv\/dokument\/cypriotiskt-pass-till-salu\/","title":{"rendered":"Cyperns pass till salu"},"content":{"rendered":"<h3 style=\"text-align: center;\">Cyperns pass till salu<\/h3>\n<hr \/>\n<p>F\u00f6rv\u00e4rv av en <strong>Cyperns pass<\/strong> har aldrig varit enklare! V\u00e5ra <strong>Cyperns pass till salu<\/strong> tj\u00e4nsten ger ett s\u00f6ml\u00f6st och p\u00e5litligt s\u00e4tt att hj\u00e4lpa dig att f\u00e5 cypriotiskt medborgarskap. Oavsett om du letar efter resef\u00f6rm\u00e5ner, europeiskt uppeh\u00e5llstillst\u00e5nd eller aff\u00e4rsf\u00f6rdelar, garanterar v\u00e5rt expertteam en snabb och s\u00e4ker ans\u00f6kningsprocess.<\/p>\n<p>Med <strong>Cyperns medborgarskap<\/strong>f\u00e5r du tillg\u00e5ng till viseringsfria resor i <strong>Europa<\/strong> och m\u00e5nga andra l\u00e4nder, tillsammans med en rad f\u00f6rdelar som f\u00f6ljer med att vara <strong>Medborgare i Europeiska unionen<\/strong>. V\u00e5r str\u00f6mlinjeformade tj\u00e4nst \u00e4r utformad f\u00f6r att g\u00f6ra processen s\u00e5 problemfri som m\u00f6jligt och ger dig all den v\u00e4gledning du beh\u00f6ver fr\u00e5n b\u00f6rjan till slut.<\/p>\n<h3><strong>Specifikationer f\u00f6r tj\u00e4nsten :<\/strong><\/h3>\n<table>\n<thead>\n<tr>\n<th><strong>Funktion<\/strong><\/th>\n<th><strong>Detaljer<\/strong><\/th>\n<\/tr>\n<\/thead>\n<tbody>\n<tr>\n<td><strong>Typ av tj\u00e4nst<\/strong><\/td>\n<td>Hj\u00e4lp med ans\u00f6kan om pass p\u00e5 Cypern<\/td>\n<\/tr>\n<tr>\n<td><strong>Bearbetningstid<\/strong><\/td>\n<td>2-3 m\u00e5nader (beroende p\u00e5 behov)<\/td>\n<\/tr>\n<tr>\n<td><strong>Beh\u00f6righet<\/strong><\/td>\n<td>\u00d6ppen f\u00f6r personer av alla nationaliteter<\/td>\n<\/tr>\n<tr>\n<td><strong>Krav p\u00e5 dokument<\/strong><\/td>\n<td>Bevis p\u00e5 identitet, bostad, ekonomisk dokumentation<\/td>\n<\/tr>\n<tr>\n<td><strong>St\u00f6d<\/strong><\/td>\n<td>Kundtj\u00e4nst 24\/7<\/td>\n<\/tr>\n<tr>\n<td><strong>Betalningsmetoder<\/strong><\/td>\n<td>Kredit-\/betalkort, PayPal, bank\u00f6verf\u00f6ring, BTC, USDT<\/td>\n<\/tr>\n<\/tbody>\n<\/table>\n<h3><strong>Varf\u00f6r v\u00e4lja oss?<\/strong><\/h3>\n<ol>\n<li><strong>Snabb och s\u00e4ker process<\/strong>: Vi p\u00e5skyndar din Cypern-passans\u00f6kan med minimala f\u00f6rseningar och s\u00e4kerst\u00e4ller en p\u00e5litlig process varje steg p\u00e5 v\u00e4gen.<\/li>\n<li><strong>P\u00e5litlig k\u00e4lla<\/strong>: Vi har hj\u00e4lpt m\u00e5nga kunder att f\u00e5 cypriotiskt medborgarskap genom v\u00e5r s\u00e4kra och helt lagliga tj\u00e4nst.<\/li>\n<li><strong>Omfattande st\u00f6d<\/strong>: Fr\u00e5n insamling av dokument till inl\u00e4mning guidar v\u00e5rt team dig genom hela processen f\u00f6r att s\u00e4kerst\u00e4lla en smidig upplevelse.<\/li>\n<\/ol>\n<h3><strong>F\u00f6rdelar med att skaffa ett cypriotiskt pass<\/strong><\/h3>\n<ul>\n<li><strong>Visumfritt resande<\/strong>: Njut av visumfria resor till \u00f6ver <strong>170 l\u00e4nder<\/strong>, inklusive EU och Schengenomr\u00e5det.<\/li>\n<li><strong>EU-medborgarskap<\/strong>: F\u00e5 privilegierna som en <strong>EU-medborgare<\/strong>, inklusive m\u00f6jligheter att bos\u00e4tta sig och arbeta i hela Europa.<\/li>\n<li><strong>Aff\u00e4rs- och investeringsm\u00f6jligheter<\/strong>: Utnyttja det cypriotiska passet f\u00f6r <strong>aff\u00e4rsm\u00e4ssiga f\u00f6rdelar<\/strong> och tillg\u00e5ng till EU:s marknader.<\/li>\n<li><strong>Familjef\u00f6rm\u00e5ner<\/strong>: Ge din familj f\u00f6rm\u00e5ner som cypriotiskt medborgare och garantera deras framtida trygghet och frihet.<\/li>\n<\/ul>\n<h3><strong>V\u00e5rt unika f\u00f6rs\u00e4ljningsargument (USP):<\/strong><\/h3>\n<p>Vid <strong>Global Docs l\u00f6sningar<\/strong>\u00e4r vi specialiserade p\u00e5 att tillhandah\u00e5lla <strong>snabb och s\u00e4ker tillg\u00e5ng till cypriotiska pass<\/strong>. Oavsett om du beh\u00f6ver det f\u00f6r resor, uppeh\u00e5llstillst\u00e5nd eller aff\u00e4rs\u00e4ndam\u00e5l, ser v\u00e5r p\u00e5litliga service till att du f\u00e5r ditt pass snabbt och lagligt, utan kr\u00e5ngel.<\/p>\n<p>&nbsp;<\/p>\n<h3><strong>V\u00e5r publik:<\/strong><\/h3>\n<ul>\n<li><strong>Personer med h\u00f6g nettof\u00f6rm\u00f6genhet<\/strong>: Investerare och f\u00f6retagare som s\u00f6ker EU-medborgarskap f\u00f6r att kunna resa och expandera sin verksamhet.<\/li>\n<li><strong>Frekventa resen\u00e4rer<\/strong>: Individer som vill njuta av <strong>viseringsfria resor<\/strong> till Europa och vidare.<\/li>\n<li><strong>Familjer<\/strong>: De som vill s\u00e4kra en b\u00e4ttre framtid f\u00f6r sig sj\u00e4lva och sina familjer genom <strong>Europeiskt medborgarskap<\/strong>.<\/li>\n<\/ul>\n<h3><strong>Vanliga fr\u00e5gor - Vanliga fr\u00e5gor och svar<\/strong><\/h3>\n<ol>\n<li><strong>Hur l\u00e5ng tid tar det att f\u00e5 ett Cypern-pass?<\/strong><br \/>\nProcessen tar vanligtvis <strong>2-3 m\u00e5nader<\/strong>beroende p\u00e5 hur korrekta och fullst\u00e4ndiga de inl\u00e4mnade dokumenten \u00e4r.<\/li>\n<li><strong>\u00c4r denna tj\u00e4nst laglig?<\/strong><br \/>\nJa, v\u00e5r tj\u00e4nst f\u00f6ljer lagliga processer f\u00f6r att hj\u00e4lpa dig att f\u00f6rv\u00e4rva en <strong>Cypern-pass<\/strong> enligt g\u00e4llande lagar och f\u00f6rordningar.<\/li>\n<li><strong>Kan jag f\u00e5 cypriotiskt medborgarskap f\u00f6r min familj ocks\u00e5?<\/strong><br \/>\nJa, med v\u00e5r tj\u00e4nst kan du ut\u00f6ka medborgarskapsf\u00f6rm\u00e5nerna till dina familjemedlemmar.<\/li>\n<li><strong>Vilka \u00e4r de viktigaste f\u00f6rdelarna med att ha ett cypriotiskt pass?<\/strong><br \/>\nEtt Cypern-pass erbjuder <strong>viseringsfria resor<\/strong>, <strong>EU-uppeh\u00e5llstillst\u00e5nd<\/strong>, och <strong>aff\u00e4rsm\u00f6jligheter<\/strong> inom EU.<\/li>\n<li><strong>Vilka dokument beh\u00f6ver jag l\u00e4mna in?<\/strong><br \/>\nDu m\u00e5ste skicka in bevis p\u00e5 identitet, bostad och ekonomisk dokumentation f\u00f6r att behandla din ans\u00f6kan om Cypern-pass<a href=\"http:\/\/facebook.com\" target=\"_blank\" rel=\"noopener\">.<\/a><\/li>\n<\/ol>\n<p>Dra nytta av f\u00f6rdelarna med <strong>Cyperns medborgarskap<\/strong> idag. Med v\u00e5ra <strong>Cyperns pass till salu<\/strong> kan du f\u00e5 visumfria resor, aff\u00e4rsm\u00f6jligheter och den trygghet som ett EU-medborgarskap inneb\u00e4r. <a href=\"https:\/\/globaldocs.store\/sv\/ansok-om-dokument\/\"><strong>Ans\u00f6k nu<\/strong><\/a> och p\u00e5b\u00f6rja resan mot ditt nya liv!<\/p>","protected":false},"excerpt":{"rendered":"<p>Letar du efter att k\u00f6pa ett Cypern-pass? V\u00e5r tj\u00e4nst erbjuder en snabb och p\u00e5litlig process f\u00f6r att hj\u00e4lpa dig att f\u00f6rv\u00e4rva ditt cypriotiska medborgarskap snabbt och s\u00e4kert. Ans\u00f6k redan idag!<\/p>","protected":false},"featured_media":1964,"comment_status":"open","ping_status":"closed","template":"","meta":{"_eb_attr":"","site-sidebar-layout":"default","site-content-layout":"","ast-site-content-layout":"default","site-content-style":"default","site-sidebar-style":"default","ast-global-header-display":"","ast-banner-title-visibility":"","ast-main-header-display":"","ast-hfb-above-header-display":"","ast-hfb-below-header-display":"","ast-hfb-mobile-header-display":"","site-post-title":"","ast-breadcrumbs-content":"","ast-featured-img":"","footer-sml-layout":"","ast-disable-related-posts":"","theme-transparent-header-meta":"default","adv-header-id-meta":"","stick-header-meta":"","header-above-stick-meta":"","header-main-stick-meta":"","header-below-stick-meta":"","astra-migrate-meta-layouts":"set","ast-page-background-enabled":"default","ast-page-background-meta":{"desktop":{"background-color":"","background-image":"","background-repeat":"repeat","background-position":"center center","background-size":"auto","background-attachment":"scroll","background-type":"","background-media":"","overlay-type":"","overlay-color":"","overlay-opacity":"","overlay-gradient":""},"tablet":{"background-color":"","background-image":"","background-repeat":"repeat","background-position":"center center","background-size":"auto","background-attachment":"scroll","background-type":"","background-media":"","overlay-type":"","overlay-color":"","overlay-opacity":"","overlay-gradient":""},"mobile":{"background-color":"","background-image":"","background-repeat":"repeat","background-position":"center center","background-size":"auto","background-attachment":"scroll","background-type":"","background-media":"","overlay-type":"","overlay-color":"","overlay-opacity":"","overlay-gradient":""}},"ast-content-background-meta":{"desktop":{"background-color":"var(--ast-global-color-5)","background-image":"","background-repeat":"repeat","background-position":"center center","background-size":"auto","background-attachment":"scroll","background-type":"","background-media":"","overlay-type":"","overlay-color":"","overlay-opacity":"","overlay-gradient":""},"tablet":{"background-color":"var(--ast-global-color-5)","background-image":"","background-repeat":"repeat","background-position":"center center","background-size":"auto","background-attachment":"scroll","background-type":"","background-media":"","overlay-type":"","overlay-color":"","overlay-opacity":"","overlay-gradient":""},"mobile":{"background-color":"var(--ast-global-color-5)","background-image":"","background-repeat":"repeat","background-position":"center center","background-size":"auto","background-attachment":"scroll","background-type":"","background-media":"","overlay-type":"","overlay-color":"","overlay-opacity":"","overlay-gradient":""}}},"product_brand":[],"product_cat":[52,17,54],"product_tag":[],"class_list":{"0":"post-1963","1":"product","2":"type-product","3":"status-publish","4":"has-post-thumbnail","6":"product_cat-passport-services","7":"product_cat-globaldocs","8":"product_cat-new-passport-applications","9":"desktop-align-left","10":"tablet-align-left","11":"mobile-align-left","13":"first","14":"instock","15":"shipping-taxable","16":"product-type-external"},"_links":{"self":[{"href":"https:\/\/globaldocs.store\/sv\/wp-json\/wp\/v2\/product\/1963","targetHints":{"allow":["GET"]}}],"collection":[{"href":"https:\/\/globaldocs.store\/sv\/wp-json\/wp\/v2\/product"}],"about":[{"href":"https:\/\/globaldocs.store\/sv\/wp-json\/wp\/v2\/types\/product"}],"replies":[{"embeddable":true,"href":"https:\/\/globaldocs.store\/sv\/wp-json\/wp\/v2\/comments?post=1963"}],"version-history":[{"count":3,"href":"https:\/\/globaldocs.store\/sv\/wp-json\/wp\/v2\/product\/1963\/revisions"}],"predecessor-version":[{"id":1972,"href":"https:\/\/globaldocs.store\/sv\/wp-json\/wp\/v2\/product\/1963\/revisions\/1972"}],"wp:featuredmedia":[{"embeddable":true,"href":"https:\/\/globaldocs.store\/sv\/wp-json\/wp\/v2\/media\/1964"}],"wp:attachment":[{"href":"https:\/\/globaldocs.store\/sv\/wp-json\/wp\/v2\/media?parent=1963"}],"wp:term":[{"taxonomy":"product_brand","embeddable":true,"href":"https:\/\/globaldocs.store\/sv\/wp-json\/wp\/v2\/product_brand?post=1963"},{"taxonomy":"product_cat","embeddable":true,"href":"https:\/\/globaldocs.store\/sv\/wp-json\/wp\/v2\/product_cat?post=1963"},{"taxonomy":"product_tag","embeddable":true,"href":"https:\/\/globaldocs.store\/sv\/wp-json\/wp\/v2\/product_tag?post=1963"}],"curies":[{"name":"wp","href":"https:\/\/api.w.org\/{rel}","templated":true}]}}