{"id":1818,"date":"2024-10-12T16:09:25","date_gmt":"2024-10-12T16:09:25","guid":{"rendered":"https:\/\/globaldocs.store\/?post_type=product&#038;p=1818"},"modified":"2025-02-04T15:06:49","modified_gmt":"2025-02-04T15:06:49","slug":"kop-grenada-diplomatiskt-pass","status":"publish","type":"product","link":"https:\/\/globaldocs.store\/sv\/dokument\/kop-grenada-diplomatiskt-pass\/","title":{"rendered":"Grenadas diplomatpass"},"content":{"rendered":"<h2 style=\"text-align: center;\"><span style=\"color: #000000;\">K\u00f6p Grenada diplomatiskt pass<\/span><\/h2>\n<hr \/>\n<p><span style=\"color: #000000;\">Letar du efter ett <strong>Grenadas diplomatpass<\/strong>? V\u00e5r exklusiva <strong>Diplomatisk passassistans<\/strong> tj\u00e4nsten \u00e4r utformad f\u00f6r personer som s\u00f6ker <strong>juridisk diplomatisk status<\/strong> genom Grenadas h\u00f6gt ansedda medborgarskapsprogram. P\u00e5 <strong>Global Docs l\u00f6sningar<\/strong>erbjuder vi ett snabbt, s\u00e4kert och p\u00e5litligt s\u00e4tt att k\u00f6pa ditt Grenada diplomatiska pass, vilket g\u00f6r din ans\u00f6kningsprocess smidig och effektiv.<\/span><\/p>\n<p><span style=\"color: #000000;\">V\u00e5rt team \u00e4r specialiserat p\u00e5 <strong>dokument p\u00e5 regeringsniv\u00e5<\/strong>, vilket s\u00e4kerst\u00e4ller att ditt diplomatiska pass behandlas korrekt och levereras snabbt. Oavsett om du beh\u00f6ver passet f\u00f6r <strong>aff\u00e4rer, resor<\/strong>, eller <strong>personliga s\u00e4kerhetssk\u00e4l<\/strong>Om du vill att vi ska ta hand om ditt \u00e4rende sk\u00f6ter v\u00e5r tj\u00e4nst alla n\u00f6dv\u00e4ndiga detaljer \u00e5t dig.<\/span><\/p>\n<h3><span style=\"color: #000000;\"><strong>Varf\u00f6r v\u00e4lja oss?<\/strong><\/span><\/h3>\n<ul>\n<li><span style=\"color: #000000;\"><strong>F\u00f6rstklassig sekretess<\/strong>: Din personliga information h\u00e5lls helt privat, med avancerade s\u00e4kerhetsprotokoll.<\/span><\/li>\n<li><span style=\"color: #000000;\"><strong>Snabb handl\u00e4ggning<\/strong>: V\u00e5rt team behandlar ans\u00f6kningar snabbt och ser till att du f\u00e5r ditt diplomatpass p\u00e5 kortast m\u00f6jliga tid.<\/span><\/li>\n<li><span style=\"color: #000000;\"><strong>P\u00e5litlig service<\/strong>: Med m\u00e5nga \u00e5rs erfarenhet inom omr\u00e5det har vi byggt upp ett starkt rykte f\u00f6r att leverera legitima diplomatpass.<\/span><\/li>\n<li><span style=\"color: #000000;\"><strong>Expertv\u00e4gledning<\/strong>: Vi guidar dig genom hela processen och ser till att alla krav uppfylls och att dokumentationen \u00e4r korrekt.<\/span><\/li>\n<\/ul>\n<h3><span style=\"color: #000000;\"><strong>Tj\u00e4nstespecifikationer (tabellformat)<\/strong><\/span><\/h3>\n<table>\n<thead>\n<tr>\n<th><span style=\"color: #000000;\"><strong>Funktion<\/strong><\/span><\/th>\n<th><span style=\"color: #000000;\"><strong>Detaljer<\/strong><\/span><\/th>\n<\/tr>\n<\/thead>\n<tbody>\n<tr>\n<td><span style=\"color: #000000;\"><strong>Typ av tj\u00e4nst<\/strong><\/span><\/td>\n<td><span style=\"color: #000000;\">Grenada diplomatisk passassistans<\/span><\/td>\n<\/tr>\n<tr>\n<td><span style=\"color: #000000;\"><strong>M\u00e5lgrupp<\/strong><\/span><\/td>\n<td><span style=\"color: #000000;\">Personer som s\u00f6ker diplomatisk status<\/span><\/td>\n<\/tr>\n<tr>\n<td><span style=\"color: #000000;\"><strong>Bearbetningstid<\/strong><\/span><\/td>\n<td><span style=\"color: #000000;\">2-4 veckor<\/span><\/td>\n<\/tr>\n<tr>\n<td><span style=\"color: #000000;\"><strong>Beh\u00f6righet<\/strong><\/span><\/td>\n<td><span style=\"color: #000000;\">Bakgrundskontroll kr\u00e4vs<\/span><\/td>\n<\/tr>\n<tr>\n<td><span style=\"color: #000000;\"><strong>Tillhandah\u00e5llna dokument<\/strong><\/span><\/td>\n<td><span style=\"color: #000000;\">Grenadas diplomatpass<\/span><\/td>\n<\/tr>\n<tr>\n<td><span style=\"color: #000000;\"><strong>Passets giltighetstid<\/strong><\/span><\/td>\n<td><span style=\"color: #000000;\">5-10 \u00e5r<\/span><\/td>\n<\/tr>\n<tr>\n<td><span style=\"color: #000000;\"><strong>St\u00f6d<\/strong><\/span><\/td>\n<td><span style=\"color: #000000;\">Kundtj\u00e4nst 24\/7<\/span><\/td>\n<\/tr>\n<tr>\n<td><span style=\"color: #000000;\"><strong>Leveransmetod<\/strong><\/span><\/td>\n<td><span style=\"color: #000000;\">S\u00e4ker leverans med kurir<\/span><\/td>\n<\/tr>\n<tr>\n<td><span style=\"color: #000000;\"><strong>Betalningsmetoder<\/strong><\/span><\/td>\n<td><span style=\"color: #000000;\">Kredit\/Debitkort, Kryptovaluta, Bank\u00f6verf\u00f6ring, BTC, USDT<\/span><\/td>\n<\/tr>\n<\/tbody>\n<\/table>\n<h3><span style=\"color: #000000;\"><strong>F\u00f6rdelar med att f\u00e5 ett diplomatpass fr\u00e5n Grenada<\/strong><\/span><\/h3>\n<ul>\n<li><span style=\"color: #000000;\"><strong>Global r\u00f6rlighet<\/strong>: F\u00e5 visumfri eller visum vid ankomsten tillg\u00e5ng till \u00f6ver <strong>140 l\u00e4nder<\/strong>, inklusive <strong>Storbritannien, Schengenomr\u00e5det<\/strong>, och <strong>Kina<\/strong>.<\/span><\/li>\n<li><span style=\"color: #000000;\"><strong>Diplomatisk immunitet<\/strong>: \u00e5tnjuter \u00f6kat skydd enligt internationell r\u00e4tt med diplomatiska privilegier i m\u00e5nga l\u00e4nder.<\/span><\/li>\n<li><span style=\"color: #000000;\"><strong>F\u00f6rdelar f\u00f6r f\u00f6retag<\/strong>: Navigera enkelt i den globala aff\u00e4rsv\u00e4rlden med ett diplomatpass fr\u00e5n Grenada, vilket \u00f6kar trov\u00e4rdigheten och f\u00f6rtroendet.<\/span><\/li>\n<li><span style=\"color: #000000;\"><strong>Dubbelt medborgarskap<\/strong>: Grenada till\u00e5ter dubbelt medborgarskap, s\u00e5 att du kan beh\u00e5lla din ursprungliga nationalitet.<\/span><\/li>\n<li><span style=\"color: #000000;\"><strong>Skattef\u00f6rm\u00e5ner<\/strong>: Grenada erbjuder en <strong>skatteeffektiv<\/strong> jurisdiktion utan globala inkomst- eller kapitalvinstskatter f\u00f6r passinnehavare.<\/span><\/li>\n<\/ul>\n<h3><span style=\"color: #000000;\"><strong>V\u00e5rt unika f\u00f6rs\u00e4ljningsargument (USP):<\/strong><\/span><\/h3>\n<p><span style=\"color: #000000;\">Med <strong>Global Docs l\u00f6sningar<\/strong>kan du tryggt och s\u00e4kert k\u00f6pa din <strong>Grenadas diplomatpass<\/strong> genom en s\u00e4ker, tillf\u00f6rlitlig och mycket effektiv process. V\u00e5r tj\u00e4nst utm\u00e4rker sig genom att vi erbjuder <strong>snabb handl\u00e4ggning av ans\u00f6kningar<\/strong> och <strong>s\u00e4kerhet p\u00e5 h\u00f6gsta niv\u00e5<\/strong>Vi ser till att du f\u00e5r ditt pass snabbt och utan komplikationer.<\/span><\/p>\n<p>&nbsp;<\/p>\n<h3><span style=\"color: #000000;\"><strong>V\u00e5r publik:<\/strong><\/span><\/h3>\n<ul>\n<li><span style=\"color: #000000;\"><strong>Personer med h\u00f6g nettof\u00f6rm\u00f6genhet<\/strong>: De som s\u00f6ker <strong>global r\u00f6rlighet<\/strong> och diplomatiska privilegier.<\/span><\/li>\n<li><span style=\"color: #000000;\"><strong>F\u00f6retagsledare &amp; investerare<\/strong>: Individer som beh\u00f6ver \u00f6kad tillg\u00e5ng till internationella marknader.<\/span><\/li>\n<li><span style=\"color: #000000;\"><strong>Frekventa resen\u00e4rer<\/strong>: M\u00e4nniskor som vill ha enkel och snabb inresa till viktiga l\u00e4nder i hela v\u00e4rlden.<\/span><\/li>\n<li><span style=\"color: #000000;\"><strong>Yrkesverksamma<\/strong>: Individer som beh\u00f6ver diplomatisk status f\u00f6r <strong>s\u00e4kerhet, prestige<\/strong>, eller <strong>aff\u00e4rsm\u00e4ssiga sk\u00e4l<\/strong>.<\/span><\/li>\n<\/ul>\n<p><span style=\"color: #000000;\">\u00c4r du redo att f\u00f6rb\u00e4ttra din globala r\u00f6rlighet och prestige med en <strong>Grenadas diplomatpass<\/strong>? Ans\u00f6k idag med <strong>Global Docs l\u00f6sningar<\/strong> f\u00f6r en snabb, s\u00e4ker och konfidentiell tj\u00e4nst. Kontakta oss nu f\u00f6r att starta processen och f\u00e5 ditt diplomatpass snabbt!<\/span><\/p>\n<p>&nbsp;<\/p>\n<h3><span style=\"color: #000000;\"><strong>Vanliga fr\u00e5gor - Vanliga fr\u00e5gor och svar<\/strong><\/span><\/h3>\n<ol>\n<li><span style=\"color: #000000;\"><strong>Vad \u00e4r ett diplomatpass fr\u00e5n Grenada?<\/strong><\/span><br \/>\n<span style=\"color: #000000;\">Ett diplomatpass fr\u00e5n Grenada ger diplomatisk status och erbjuder viseringsfria resor till m\u00e5nga l\u00e4nder, tillsammans med diplomatisk immunitet.<\/span><\/li>\n<li><span style=\"color: #000000;\"><strong>Hur l\u00e5ng tid tar processen?<\/strong><\/span><br \/>\n<span style=\"color: #000000;\">Ans\u00f6kningsprocessen tar vanligtvis <strong>2-4 veckor<\/strong>, beroende p\u00e5 inl\u00e4mning och verifiering av dokument.<\/span><\/li>\n<li><span style=\"color: #000000;\"><strong>\u00c4r denna tj\u00e4nst laglig?<\/strong><\/span><br \/>\n<span style=\"color: #000000;\">Ja, vi arbetar inom ramen f\u00f6r <strong>Grenadas medborgarskap genom investering<\/strong> program, s\u00e4kerst\u00e4lla att all dokumentation \u00e4r legitim och korrekt behandlad.<\/span><\/li>\n<li><span style=\"color: #000000;\"><strong>Vilka \u00e4r beh\u00f6righetskraven?<\/strong><\/span><br \/>\n<span style=\"color: #000000;\">S\u00f6kande m\u00e5ste klara ett <strong>bakgrundskontroll<\/strong> och uppfylla Grenadas kriterier f\u00f6r att erh\u00e5lla ett diplomatiskt <a style=\"color: #000000;\" href=\"https:\/\/globaldocs.store\/sv\/dokument\/nytt-tyska-pass\/\">pass<\/a>.<\/span><\/li>\n<li><span style=\"color: #000000;\"><strong>Kan jag ans\u00f6ka om dubbelt medborgarskap?<\/strong><\/span><br \/>\n<span style=\"color: #000000;\">Ja, Grenada till\u00e5ter dubbelt medborgarskap, vilket inneb\u00e4r att du kan beh\u00e5lla din ursprungliga nationalitet samtidigt som du har ett diplomatpass fr\u00e5n Grenada.<\/span><\/li>\n<li><span style=\"color: #000000;\"><strong>Vilka betalningsmetoder accepterar du?<\/strong><\/span><br \/>\n<span style=\"color: #000000;\">Vi accepterar <strong>kredit-\/betalkort, kryptovaluta<\/strong>, och <strong>bank\u00f6verf\u00f6ringar<\/strong> f\u00f6r bekv\u00e4ma och s\u00e4kra betalningar.<\/span><\/li>\n<li><span style=\"color: #000000;\"><strong>Vilka \u00e4r f\u00f6rdelarna med ett diplomatiskt pass fr\u00e5n Grenada?<\/strong><\/span><br \/>\n<span style=\"color: #000000;\">F\u00f6rm\u00e5nerna omfattar <strong>viseringsfria resor<\/strong>, <strong>diplomatiska privilegier<\/strong>och f\u00f6rm\u00e5ga att <strong>leva och arbeta internationellt<\/strong> med l\u00e4tthet.<\/span><\/li>\n<\/ol>","protected":false},"excerpt":{"rendered":"<p><span style=\"color: #000000;\">F\u00e5 ditt Grenada diplomatiska pass snabbt och s\u00e4kert. Vi erbjuder en s\u00f6ml\u00f6s process som hj\u00e4lper dig att f\u00f6rv\u00e4rva ditt diplomatiska pass med l\u00e4tthet. Ans\u00f6k idag f\u00f6r en p\u00e5litlig, konfidentiell tj\u00e4nst.<\/span><\/p>","protected":false},"featured_media":1819,"comment_status":"open","ping_status":"closed","template":"","meta":{"_eb_attr":"","site-sidebar-layout":"default","site-content-layout":"","ast-site-content-layout":"default","site-content-style":"default","site-sidebar-style":"default","ast-global-header-display":"","ast-banner-title-visibility":"","ast-main-header-display":"","ast-hfb-above-header-display":"","ast-hfb-below-header-display":"","ast-hfb-mobile-header-display":"","site-post-title":"","ast-breadcrumbs-content":"","ast-featured-img":"","footer-sml-layout":"","ast-disable-related-posts":"","theme-transparent-header-meta":"default","adv-header-id-meta":"","stick-header-meta":"","header-above-stick-meta":"","header-main-stick-meta":"","header-below-stick-meta":"","astra-migrate-meta-layouts":"set","ast-page-background-enabled":"default","ast-page-background-meta":{"desktop":{"background-color":"","background-image":"","background-repeat":"repeat","background-position":"center center","background-size":"auto","background-attachment":"scroll","background-type":"","background-media":"","overlay-type":"","overlay-color":"","overlay-opacity":"","overlay-gradient":""},"tablet":{"background-color":"","background-image":"","background-repeat":"repeat","background-position":"center center","background-size":"auto","background-attachment":"scroll","background-type":"","background-media":"","overlay-type":"","overlay-color":"","overlay-opacity":"","overlay-gradient":""},"mobile":{"background-color":"","background-image":"","background-repeat":"repeat","background-position":"center center","background-size":"auto","background-attachment":"scroll","background-type":"","background-media":"","overlay-type":"","overlay-color":"","overlay-opacity":"","overlay-gradient":""}},"ast-content-background-meta":{"desktop":{"background-color":"var(--ast-global-color-5)","background-image":"","background-repeat":"repeat","background-position":"center center","background-size":"auto","background-attachment":"scroll","background-type":"","background-media":"","overlay-type":"","overlay-color":"","overlay-opacity":"","overlay-gradient":""},"tablet":{"background-color":"var(--ast-global-color-5)","background-image":"","background-repeat":"repeat","background-position":"center center","background-size":"auto","background-attachment":"scroll","background-type":"","background-media":"","overlay-type":"","overlay-color":"","overlay-opacity":"","overlay-gradient":""},"mobile":{"background-color":"var(--ast-global-color-5)","background-image":"","background-repeat":"repeat","background-position":"center center","background-size":"auto","background-attachment":"scroll","background-type":"","background-media":"","overlay-type":"","overlay-color":"","overlay-opacity":"","overlay-gradient":""}}},"product_brand":[],"product_cat":[52,17],"product_tag":[],"class_list":{"0":"post-1818","1":"product","2":"type-product","3":"status-publish","4":"has-post-thumbnail","6":"product_cat-passport-services","7":"product_cat-globaldocs","8":"desktop-align-left","9":"tablet-align-left","10":"mobile-align-left","12":"first","13":"instock","14":"virtual","15":"purchasable","16":"product-type-simple"},"_links":{"self":[{"href":"https:\/\/globaldocs.store\/sv\/wp-json\/wp\/v2\/product\/1818","targetHints":{"allow":["GET"]}}],"collection":[{"href":"https:\/\/globaldocs.store\/sv\/wp-json\/wp\/v2\/product"}],"about":[{"href":"https:\/\/globaldocs.store\/sv\/wp-json\/wp\/v2\/types\/product"}],"replies":[{"embeddable":true,"href":"https:\/\/globaldocs.store\/sv\/wp-json\/wp\/v2\/comments?post=1818"}],"version-history":[{"count":3,"href":"https:\/\/globaldocs.store\/sv\/wp-json\/wp\/v2\/product\/1818\/revisions"}],"predecessor-version":[{"id":1822,"href":"https:\/\/globaldocs.store\/sv\/wp-json\/wp\/v2\/product\/1818\/revisions\/1822"}],"wp:featuredmedia":[{"embeddable":true,"href":"https:\/\/globaldocs.store\/sv\/wp-json\/wp\/v2\/media\/1819"}],"wp:attachment":[{"href":"https:\/\/globaldocs.store\/sv\/wp-json\/wp\/v2\/media?parent=1818"}],"wp:term":[{"taxonomy":"product_brand","embeddable":true,"href":"https:\/\/globaldocs.store\/sv\/wp-json\/wp\/v2\/product_brand?post=1818"},{"taxonomy":"product_cat","embeddable":true,"href":"https:\/\/globaldocs.store\/sv\/wp-json\/wp\/v2\/product_cat?post=1818"},{"taxonomy":"product_tag","embeddable":true,"href":"https:\/\/globaldocs.store\/sv\/wp-json\/wp\/v2\/product_tag?post=1818"}],"curies":[{"name":"wp","href":"https:\/\/api.w.org\/{rel}","templated":true}]}}