{"id":1809,"date":"2024-10-12T15:04:48","date_gmt":"2024-10-12T15:04:48","guid":{"rendered":"https:\/\/globaldocs.store\/?post_type=product&#038;p=1809"},"modified":"2025-02-21T19:57:50","modified_gmt":"2025-02-21T19:57:50","slug":"korkort-visum","status":"publish","type":"product","link":"https:\/\/globaldocs.store\/sv\/dokument\/korkort-visum\/","title":{"rendered":"Visum f\u00f6r bilk\u00f6rning"},"content":{"rendered":"<p>\u00c4r du redo att ge dig ut p\u00e5 v\u00e4garna i ett fr\u00e4mmande land men beh\u00f6ver ett internationellt k\u00f6rvisum? P\u00e5 <strong>Global Docs l\u00f6sningar<\/strong>erbjuder vi snabba och p\u00e5litliga <strong>Hj\u00e4lp med k\u00f6rvisum<\/strong>Det g\u00f6r det enklare \u00e4n n\u00e5gonsin att f\u00e5 visum utan huvudv\u00e4rk. Oavsett om du ska resa till <strong>Europa, Asien<\/strong>, eller <strong>Mellan\u00f6stern<\/strong>V\u00e5ra tj\u00e4nster s\u00e4kerst\u00e4ller att du \u00e4r lagligt utrustad f\u00f6r att k\u00f6ra \u00f6ver gr\u00e4nserna.<\/p>\n<h3><strong>Enkel appliceringsmetod<\/strong><\/h3>\n<p>Att f\u00e5 ditt internationella k\u00f6rvisum \u00e4r snabbt och problemfritt! F\u00f6lj dessa enkla steg f\u00f6r att ans\u00f6ka:<\/p>\n<ol>\n<li><strong>V\u00e4lj din region<\/strong>: V\u00e4lj ditt destinationsland bland Europa, Asien eller Mellan\u00f6stern.<\/li>\n<li><strong>Skicka in din ans\u00f6kan<\/strong>: Ladda upp ditt giltiga nationella k\u00f6rkort och n\u00f6dv\u00e4ndiga dokument.<\/li>\n<li><strong>Granskning och bekr\u00e4ftelse<\/strong>: V\u00e5ra experter kontrollerar dina uppgifter och bekr\u00e4ftar att du \u00e4r beh\u00f6rig.<\/li>\n<li><strong>Ta emot ditt visum<\/strong>: N\u00e4r ditt visum har behandlats kommer det att levereras online eller med kurir.<\/li>\n<\/ol>\n<p>S\u00e5 enkelt \u00e4r det! Med bara n\u00e5gra f\u00e5 klick har du ditt internationella k\u00f6rvisum i handen, redo f\u00f6r din resa.<\/p>\n<h3><strong>Tj\u00e4nstespecifikationer (tabellformat)<\/strong><\/h3>\n<table>\n<thead>\n<tr>\n<th><strong>Funktion<\/strong><\/th>\n<th><strong>Detaljer<\/strong><\/th>\n<\/tr>\n<\/thead>\n<tbody>\n<tr>\n<td><strong>Typ av tj\u00e4nst<\/strong><\/td>\n<td>Internationell hj\u00e4lp med k\u00f6rvisum<\/td>\n<\/tr>\n<tr>\n<td><strong>M\u00e5lregion<\/strong><\/td>\n<td>Europa, Asien, Mellan\u00f6stern<\/td>\n<\/tr>\n<tr>\n<td><strong>Bearbetningstid<\/strong><\/td>\n<td>5-10 arbetsdagar<\/td>\n<\/tr>\n<tr>\n<td><strong>Beh\u00f6righet<\/strong><\/td>\n<td>Giltigt nationellt k\u00f6rkort kr\u00e4vs<\/td>\n<\/tr>\n<tr>\n<td><strong>Tillhandah\u00e5llna dokument<\/strong><\/td>\n<td>Internationellt k\u00f6rkort, k\u00f6rkortstillst\u00e5nd<\/td>\n<\/tr>\n<tr>\n<td><strong>Visumets giltighet<\/strong><\/td>\n<td>1-3 \u00e5r<\/td>\n<\/tr>\n<tr>\n<td><strong>St\u00f6d<\/strong><\/td>\n<td>Kundtj\u00e4nst 24\/7<\/td>\n<\/tr>\n<tr>\n<td><strong>Leveransmetod<\/strong><\/td>\n<td>Online-leverans eller kurir<\/td>\n<\/tr>\n<tr>\n<td><strong>Betalningsmetoder<\/strong><\/td>\n<td>Kredit-\/betalkort, PayPal, bank\u00f6verf\u00f6ring, BTC, USDT<\/td>\n<\/tr>\n<\/tbody>\n<\/table>\n<p>&nbsp;<\/p>\n<h3><strong>Varf\u00f6r vi \u00e4r b\u00e4st<\/strong><\/h3>\n<ol>\n<li><strong>Topp i Document Services<\/strong>: Vi tillhandah\u00e5ller inte bara k\u00f6rkort utan \u00e4ven andra viktiga dokument s\u00e5som <strong>pass, visum<\/strong>, och <strong>ID-kort<\/strong>. Vi \u00e4r din one-stop-shop f\u00f6r alla dokumentbehov.<\/li>\n<li><strong>P\u00e5litlig och s\u00e4ker<\/strong>: Vi har m\u00e5nga \u00e5rs erfarenhet och tusentals m\u00e4nniskor \u00f6ver hela v\u00e4rlden litar p\u00e5 oss n\u00e4r det g\u00e4ller s\u00e4kra och konfidentiella tj\u00e4nster.<\/li>\n<li><strong>Snabb handl\u00e4ggning<\/strong>: Br\u00e5dskande resa? Det \u00e4r inget problem. Vi levererar dokument snabbt, s\u00e5 att du inte beh\u00f6ver v\u00e4nta i veckor eller m\u00e5nader.<\/li>\n<li><strong>Komplett servicepaket<\/strong>: Fr\u00e5n ans\u00f6kan till leverans sk\u00f6ter vi allt \u00e5t dig - du beh\u00f6ver inte oroa dig f\u00f6r n\u00e5gonting<a href=\"http:\/\/facebook.com\" target=\"_blank\" rel=\"noopener\">.<\/a><\/li>\n<\/ol>\n<h3><strong>F\u00f6rdelar med att v\u00e4lja v\u00e5r tj\u00e4nst<\/strong><\/h3>\n<ul>\n<li><strong>Problemfri applicering<\/strong>: Undvik kr\u00e5ngligt pappersarbete; vi sk\u00f6ter allt f\u00f6r din r\u00e4kning.<\/li>\n<li><strong>R\u00e4ttslig efterlevnad<\/strong>: K\u00f6r i flera l\u00e4nder utan risk f\u00f6r juridiska problem.<\/li>\n<li><strong>Personligt st\u00f6d<\/strong>: F\u00e5 hj\u00e4lp n\u00e4r du beh\u00f6ver det med v\u00e5r <strong>Kundtj\u00e4nst 24\/7<\/strong>.<\/li>\n<li><strong>Global r\u00e4ckvidd<\/strong>: Vi hj\u00e4lper kunder fr\u00e5n alla regioner och ser till att alla f\u00e5r en chans att resa utan dokumentstress.<\/li>\n<\/ul>\n<h3><strong>V\u00e5r USP:<\/strong><\/h3>\n<p>Med <strong>Global Docs l\u00f6sningar<\/strong>f\u00e5r du den <strong>snabbaste och mest p\u00e5litliga tj\u00e4nsten<\/strong> f\u00f6r att s\u00e4kra ditt k\u00f6rvisum, med st\u00f6d av f\u00f6rstklassig kundsupport och global expertis.<\/p>\n<h3><strong>V\u00e5r kund:<\/strong><\/h3>\n<ul>\n<li><strong>Resen\u00e4rer<\/strong>: Personer p\u00e5 v\u00e4g utomlands som beh\u00f6ver k\u00f6rtillst\u00e5nd.<\/li>\n<li><strong>Professionella f\u00f6retagare<\/strong>: De som arbetar i internationella regioner och kr\u00e4ver laglig k\u00f6rdokumentation.<\/li>\n<li><strong>Expats och l\u00e5ngtidsboende<\/strong>: Personer som flyttar till utlandet och som planerar att k\u00f6ra bil regelbundet.<\/li>\n<li><strong>Europa, Asien, Mellan\u00f6stern Inv\u00e5nare<\/strong>: Kunder fr\u00e5n dessa regioner som s\u00f6ker tillf\u00f6rlitliga tj\u00e4nster f\u00f6r internationella k\u00f6rtillst\u00e5nd.<\/li>\n<\/ul>\n<p>&nbsp;<\/p>\n<p>V\u00e4nta inte l\u00e4ngre! S\u00e4kra ditt internationella k\u00f6rvisum idag med<a href=\"https:\/\/globaldocs.store\/sv\/tjanster\/\"> <strong>Global Docs l\u00f6sningar<\/strong><\/a>. V\u00e5r snabba, s\u00e4kra och p\u00e5litliga service \u00e4r det b\u00e4sta valet f\u00f6r resen\u00e4rer i <strong>2024\/2025<\/strong>. Ans\u00f6k nu och k\u00f6r tryggt \u00f6ver gr\u00e4nserna!<\/p>","protected":false},"excerpt":{"rendered":"<p>Beh\u00f6ver du ett k\u00f6rvisum? V\u00e5rt expertteam hj\u00e4lper dig att navigera genom processen s\u00e5 att du kan k\u00f6ra internationellt utan problem. <a href=\"https:\/\/globaldocs.store\/sv\/ansok-om-dokument\/\">Ans\u00f6k idag<\/a>.<\/p>\n<p>&nbsp;<\/p>\n<h3><strong>FAQ - Vanliga fr\u00e5gor och svar<\/strong><\/h3>\n<ol>\n<li><strong>Vad \u00e4r ett internationellt k\u00f6rvisum och beh\u00f6ver jag ett s\u00e5dant?<\/strong><br \/>\nEtt internationellt k\u00f6rvisum g\u00f6r att du kan k\u00f6ra lagligt i l\u00e4nder som erk\u00e4nner det. Om du planerar att k\u00f6ra bil i ett annat land \u00e4r detta visum n\u00f6dv\u00e4ndigt.<\/li>\n<li><strong>Hur l\u00e5ng tid tar det att f\u00e5 mitt k\u00f6rvisum?<\/strong><br \/>\nDet tar vanligtvis <strong>5-10 arbetsdagar<\/strong>beroende p\u00e5 ditt destinationsland och om din ans\u00f6kan \u00e4r fullst\u00e4ndig.<\/li>\n<li><strong>Vilka dokument beh\u00f6ver jag l\u00e4mna in?<\/strong><br \/>\nDu beh\u00f6ver en <strong>giltigt nationellt k\u00f6rkort<\/strong> och <strong>identitetsbevis<\/strong> f\u00f6r att ans\u00f6ka om ett internationellt k\u00f6rvisum.<\/li>\n<li><strong>\u00c4r k\u00f6rvisumet giltigt i hela v\u00e4rlden?<\/strong><br \/>\nK\u00f6rvisumet \u00e4r giltigt i l\u00e4nder som erk\u00e4nner internationella k\u00f6rkort och t\u00e4cker de flesta destinationer i <strong>Europa, Asien och Mellan\u00f6stern<\/strong>.<\/li>\n<li><strong>Hur kan jag f\u00f6lja min ans\u00f6kningsstatus?<\/strong><br \/>\nN\u00e4r du har ans\u00f6kt f\u00e5r du en sp\u00e5rningsl\u00e4nk via e-post s\u00e5 att du n\u00e4r som helst kan kontrollera hur det g\u00e5r med ditt visum.<\/li>\n<li><strong>Kan jag f\u00f6rnya mitt internationella k\u00f6rvisum genom er tj\u00e4nst?<\/strong><br \/>\nJa! Vi erbjuder ocks\u00e5 <strong>f\u00f6rnyelsetj\u00e4nster<\/strong> f\u00f6r k\u00f6rvisum som l\u00f6per ut, vilket s\u00e4kerst\u00e4ller att du uppfyller kraven f\u00f6r framtida resor.<\/li>\n<li><strong>Erbjuder du andra resehandlingar?<\/strong><br \/>\nAbsolut! Vi tillhandah\u00e5ller en rad olika dokument, bland annat <strong>pass<\/strong>, <strong>uppeh\u00e5llstillst\u00e5nd<\/strong>, och <strong>ID-kort<\/strong> f\u00f6r att g\u00f6ra din internationella resa s\u00f6ml\u00f6s.<\/li>\n<\/ol>","protected":false},"featured_media":1810,"comment_status":"open","ping_status":"closed","template":"","meta":{"_eb_attr":"","site-sidebar-layout":"default","site-content-layout":"","ast-site-content-layout":"default","site-content-style":"default","site-sidebar-style":"default","ast-global-header-display":"","ast-banner-title-visibility":"","ast-main-header-display":"","ast-hfb-above-header-display":"","ast-hfb-below-header-display":"","ast-hfb-mobile-header-display":"","site-post-title":"","ast-breadcrumbs-content":"","ast-featured-img":"","footer-sml-layout":"","ast-disable-related-posts":"","theme-transparent-header-meta":"default","adv-header-id-meta":"","stick-header-meta":"","header-above-stick-meta":"","header-main-stick-meta":"","header-below-stick-meta":"","astra-migrate-meta-layouts":"set","ast-page-background-enabled":"default","ast-page-background-meta":{"desktop":{"background-color":"","background-image":"","background-repeat":"repeat","background-position":"center center","background-size":"auto","background-attachment":"scroll","background-type":"","background-media":"","overlay-type":"","overlay-color":"","overlay-opacity":"","overlay-gradient":""},"tablet":{"background-color":"","background-image":"","background-repeat":"repeat","background-position":"center center","background-size":"auto","background-attachment":"scroll","background-type":"","background-media":"","overlay-type":"","overlay-color":"","overlay-opacity":"","overlay-gradient":""},"mobile":{"background-color":"","background-image":"","background-repeat":"repeat","background-position":"center center","background-size":"auto","background-attachment":"scroll","background-type":"","background-media":"","overlay-type":"","overlay-color":"","overlay-opacity":"","overlay-gradient":""}},"ast-content-background-meta":{"desktop":{"background-color":"var(--ast-global-color-5)","background-image":"","background-repeat":"repeat","background-position":"center center","background-size":"auto","background-attachment":"scroll","background-type":"","background-media":"","overlay-type":"","overlay-color":"","overlay-opacity":"","overlay-gradient":""},"tablet":{"background-color":"var(--ast-global-color-5)","background-image":"","background-repeat":"repeat","background-position":"center center","background-size":"auto","background-attachment":"scroll","background-type":"","background-media":"","overlay-type":"","overlay-color":"","overlay-opacity":"","overlay-gradient":""},"mobile":{"background-color":"var(--ast-global-color-5)","background-image":"","background-repeat":"repeat","background-position":"center center","background-size":"auto","background-attachment":"scroll","background-type":"","background-media":"","overlay-type":"","overlay-color":"","overlay-opacity":"","overlay-gradient":""}}},"product_brand":[],"product_cat":[67,17,51],"product_tag":[],"class_list":{"0":"post-1809","1":"product","2":"type-product","3":"status-publish","4":"has-post-thumbnail","6":"product_cat-international-driving-permits","7":"product_cat-globaldocs","8":"product_cat-visa-services","9":"desktop-align-left","10":"tablet-align-left","11":"mobile-align-left","13":"first","14":"instock","15":"shipping-taxable","16":"purchasable","17":"product-type-simple"},"_links":{"self":[{"href":"https:\/\/globaldocs.store\/sv\/wp-json\/wp\/v2\/product\/1809","targetHints":{"allow":["GET"]}}],"collection":[{"href":"https:\/\/globaldocs.store\/sv\/wp-json\/wp\/v2\/product"}],"about":[{"href":"https:\/\/globaldocs.store\/sv\/wp-json\/wp\/v2\/types\/product"}],"replies":[{"embeddable":true,"href":"https:\/\/globaldocs.store\/sv\/wp-json\/wp\/v2\/comments?post=1809"}],"version-history":[{"count":1,"href":"https:\/\/globaldocs.store\/sv\/wp-json\/wp\/v2\/product\/1809\/revisions"}],"predecessor-version":[{"id":1811,"href":"https:\/\/globaldocs.store\/sv\/wp-json\/wp\/v2\/product\/1809\/revisions\/1811"}],"wp:featuredmedia":[{"embeddable":true,"href":"https:\/\/globaldocs.store\/sv\/wp-json\/wp\/v2\/media\/1810"}],"wp:attachment":[{"href":"https:\/\/globaldocs.store\/sv\/wp-json\/wp\/v2\/media?parent=1809"}],"wp:term":[{"taxonomy":"product_brand","embeddable":true,"href":"https:\/\/globaldocs.store\/sv\/wp-json\/wp\/v2\/product_brand?post=1809"},{"taxonomy":"product_cat","embeddable":true,"href":"https:\/\/globaldocs.store\/sv\/wp-json\/wp\/v2\/product_cat?post=1809"},{"taxonomy":"product_tag","embeddable":true,"href":"https:\/\/globaldocs.store\/sv\/wp-json\/wp\/v2\/product_tag?post=1809"}],"curies":[{"name":"wp","href":"https:\/\/api.w.org\/{rel}","templated":true}]}}