{"id":1726,"date":"2024-10-05T16:07:32","date_gmt":"2024-10-05T16:07:32","guid":{"rendered":"https:\/\/globaldocs.store\/?post_type=product&#038;p=1726"},"modified":"2025-02-21T19:57:50","modified_gmt":"2025-02-21T19:57:50","slug":"brasilianskt-pass-till-italien","status":"publish","type":"product","link":"https:\/\/globaldocs.store\/sv\/dokument\/brasilianskt-pass-till-italien\/","title":{"rendered":"Brasilianska passtj\u00e4nster f\u00f6r Italien"},"content":{"rendered":"<p style=\"text-align: center;\"><span style=\"color: #000000;\"><strong>Brasiliens pass till Italien<\/strong><\/span><\/p>\n<hr \/>\n<p><span style=\"color: #000000;\"><strong>Brasiliansk passtj\u00e4nst f\u00f6r Italien - snabb, p\u00e5litlig och s\u00e4ker<\/strong><\/span><\/p>\n<p><span style=\"color: #000000;\">\u00c4r du en brasiliansk medborgare som planerar att resa till Italien? Oavsett om du beh\u00f6ver ett nytt pass eller f\u00f6rnya ditt befintliga pass, erbjuder vi en s\u00f6ml\u00f6s och effektiv tj\u00e4nst f\u00f6r att s\u00e4kerst\u00e4lla att ditt brasilianska pass \u00e4r uppdaterat f\u00f6r din resa till Italien.<\/span><\/p>\n<h3><span style=\"color: #000000;\">Specifikationer f\u00f6r tj\u00e4nsten:<\/span><\/h3>\n<table>\n<thead>\n<tr>\n<th><span style=\"color: #000000;\"><strong>Specifikation av tj\u00e4nster<\/strong><\/span><\/th>\n<th><span style=\"color: #000000;\"><strong>Detaljer<\/strong><\/span><\/th>\n<\/tr>\n<\/thead>\n<tbody>\n<tr>\n<td><span style=\"color: #000000;\"><strong>Typ av tj\u00e4nst<\/strong><\/span><\/td>\n<td>Brasiliens pass till Italien<\/td>\n<\/tr>\n<tr>\n<td><span style=\"color: #000000;\"><strong>Beh\u00f6righet<\/strong><\/span><\/td>\n<td><span style=\"color: #000000;\">Brasilianska medborgare som reser till Italien<\/span><\/td>\n<\/tr>\n<tr>\n<td><span style=\"color: #000000;\"><strong>Bearbetningstid<\/strong><\/span><\/td>\n<td><span style=\"color: #000000;\">2-6 veckor (Expedierade tj\u00e4nster tillg\u00e4ngliga)<\/span><\/td>\n<\/tr>\n<tr>\n<td><span style=\"color: #000000;\"><strong>Obligatoriska dokument<\/strong><\/span><\/td>\n<td><span style=\"color: #000000;\">1. Aktuellt pass eller utg\u00e5nget pass (om du f\u00f6rnyar)<\/span><br \/>\n<span style=\"color: #000000;\">2. Bevis p\u00e5 identitet<\/span><br \/>\n<span style=\"color: #000000;\">3. Passfoton (kan ordnas)<\/span><br \/>\n<span style=\"color: #000000;\">4. Ytterligare resehandlingar vid behov<\/span><\/td>\n<\/tr>\n<tr>\n<td><span style=\"color: #000000;\"><strong>Kundtj\u00e4nst<\/strong><\/span><\/td>\n<td><span style=\"color: #000000;\">24\/7 assistans via WhatsApp och e-post<\/span><\/td>\n<\/tr>\n<tr>\n<td><span style=\"color: #000000;\"><strong>Ans\u00f6kningsavgift<\/strong><\/span><\/td>\n<td><span style=\"color: #000000;\">F\u00f6rhandlingsbar (kontakta f\u00f6r prisuppgift)<\/span><\/td>\n<\/tr>\n<tr>\n<td><span style=\"color: #000000;\"><strong>Betalningsalternativ<\/strong><\/span><\/td>\n<td><span style=\"color: #000000;\">Kreditkort, PayPal, Bank\u00f6verf\u00f6ring, BTC, USDT<\/span><\/td>\n<\/tr>\n<\/tbody>\n<\/table>\n<h4><span style=\"color: #000000;\">F\u00f6rdelar med tj\u00e4nsten Brasiliens pass till Italien:<\/span><\/h4>\n<ul>\n<li><span style=\"color: #000000;\"><strong>Snabba tj\u00e4nster tillg\u00e4ngliga:<\/strong> Snabb passhantering f\u00f6r br\u00e5dskande resor till Italien.<\/span><\/li>\n<li><span style=\"color: #000000;\"><strong>Omfattande st\u00f6d:<\/strong> Fr\u00e5n att fylla i formul\u00e4r till att skicka in din ans\u00f6kan, vi erbjuder fullt st\u00f6d.<\/span><\/li>\n<li><span style=\"color: #000000;\"><strong>Skapande av dokument:<\/strong> Hj\u00e4lp finns tillg\u00e4nglig f\u00f6r saknade dokument f\u00f6r att s\u00e4kerst\u00e4lla en smidig ans\u00f6kningsprocess.<\/span><\/li>\n<li><span style=\"color: #000000;\"><strong>F\u00f6rhandlingsbar priss\u00e4ttning:<\/strong> Flexibla avgifter som skr\u00e4ddarsys efter dina individuella behov.<\/span><\/li>\n<li><span style=\"color: #000000;\"><strong>S\u00e4kert och konfidentiellt:<\/strong> Din personliga information hanteras med st\u00f6rsta omsorg och s\u00e4kerhet.<\/span><\/li>\n<li><span style=\"color: #000000;\"><strong>Kundtj\u00e4nst dygnet runt, alla dagar i veckan:<\/strong> Tillg\u00e4nglig n\u00e4r som helst f\u00f6r att hj\u00e4lpa till med fr\u00e5gor eller br\u00e5dskande f\u00f6rfr\u00e5gningar.<\/span><\/li>\n<\/ul>\n<p><span style=\"color: #000000;\"><strong>Varf\u00f6r v\u00e4lja v\u00e5ra brasilianska passtj\u00e4nster?<\/strong><\/span><\/p>\n<p><span style=\"color: #000000;\">Att resa till Italien kan vara en sp\u00e4nnande upplevelse, och att se till att ditt pass \u00e4r giltigt \u00e4r avg\u00f6rande f\u00f6r en smidig resa. V\u00e5r tj\u00e4nst \u00e4r skr\u00e4ddarsydd f\u00f6r brasilianska medborgare som beh\u00f6ver hj\u00e4lp med passans\u00f6kningar, f\u00f6rnyelser eller utbyten specifikt f\u00f6r resor till Italien. Vi guidar dig genom hela processen f\u00f6r att undvika f\u00f6rseningar eller komplikationer.<\/span><\/p>\n<p><span style=\"color: #000000;\"><strong>Komplett support f\u00f6r passans\u00f6kningar<\/strong><\/span><\/p>\n<p><span style=\"color: #000000;\">Oavsett om du ans\u00f6ker om ett nytt pass eller beh\u00f6ver f\u00f6rnya ett pass som har g\u00e5tt ut, erbjuder vi dig full hj\u00e4lp med att fylla i din ans\u00f6kan, samla in dokument och skicka in dem i tid. Vi erbjuder ocks\u00e5 p\u00e5skyndade tj\u00e4nster f\u00f6r br\u00e5dskande resor.<\/span><\/p>\n<p><span style=\"color: #000000;\"><strong>Saknar du dokument? Vi har t\u00e4ckt upp f\u00f6r dig<\/strong><\/span><\/p>\n<p><span style=\"color: #000000;\">Om du saknar n\u00e5gra viktiga dokument kan vi hj\u00e4lpa dig att skapa dem \u00e5t dig f\u00f6r att s\u00e4kerst\u00e4lla att din ans\u00f6kan \u00e4r fullst\u00e4ndig och felfri. Vi arbetar n\u00e4ra dig f\u00f6r att uppfylla alla krav som kr\u00e4vs f\u00f6r att resa fr\u00e5n Brasilien till Italien.<\/span><\/p>\n<p><span style=\"color: #000000;\"><strong>Flexibel priss\u00e4ttning med f\u00f6rhandlingsbara alternativ<\/strong><\/span><\/p>\n<p><span style=\"color: #000000;\">Vi f\u00f6rst\u00e5r att varje kund har olika behov, och v\u00e5r priss\u00e4ttning \u00e5terspeglar det. Du kan f\u00f6rhandla om kostnaden f\u00f6r v\u00e5r tj\u00e4nst baserat p\u00e5 hur br\u00e5dskande din beg\u00e4ran \u00e4r och vilket st\u00f6d du beh\u00f6ver. Kontakta oss helt enkelt via WhatsApp eller e-post f\u00f6r att f\u00e5 en personlig offert.<\/span><\/p>\n<p><span style=\"color: #000000;\"><strong>S\u00e4ker och konfidentiell bearbetning<\/strong><\/span><\/p>\n<p><span style=\"color: #000000;\">Dina personuppgifter hanteras p\u00e5 ett s\u00e4kert och konfidentiellt s\u00e4tt under hela passhanteringsprocessen. Vi ser till att dina uppgifter \u00e4r skyddade och att ditt pass levereras snabbt.<\/span><\/p>\n<p><span style=\"color: #000000;\"><strong>G\u00f6r ditt brasilianska pass redo f\u00f6r Italien<\/strong><\/span><\/p>\n<p><span style=\"color: #000000;\">L\u00e5t inte passfr\u00e5gor f\u00f6rsena din resa till Italien. Klicka p\u00e5 \"Ans\u00f6k nu\" f\u00f6r att komma ig\u00e5ng med v\u00e5r brasilianska passtj\u00e4nst f\u00f6r Italien. V\u00e5r effektiva och p\u00e5litliga tj\u00e4nst s\u00e4kerst\u00e4ller att ditt pass behandlas i tid, med f\u00f6rhandlingsbara priser och fullst\u00e4ndigt dokumentst\u00f6d.<\/span><\/p>\n<p>&nbsp;<\/p>\n<h3><span style=\"color: #000000;\">Vanliga fr\u00e5gor och svar (FAQ)<\/span><\/h3>\n<ol>\n<li><span style=\"color: #000000;\"><strong>Hur l\u00e5ng tid tar det att f\u00e5 ett brasilianskt pass f\u00f6r resor till Italien?<\/strong><\/span>\n<ul>\n<li><span style=\"color: #000000;\">V\u00e5r normala handl\u00e4ggningstid \u00e4r 2-6 veckor, men vi erbjuder \u00e4ven expedierade tj\u00e4nster om du har br\u00e5ttom.<\/span><\/li>\n<\/ul>\n<\/li>\n<li><span style=\"color: #000000;\"><strong>Vilka dokument kr\u00e4vs f\u00f6r ett brasilianskt pass till Italien?<\/strong><\/span>\n<ul>\n<li><span style=\"color: #000000;\">Du beh\u00f6ver ditt nuvarande eller utg\u00e5ngna pass, identitetsbevis och nya passfoton. Vi kan hj\u00e4lpa dig att samla in eller skapa dessa dokument om det beh\u00f6vs.<\/span><\/li>\n<\/ul>\n<\/li>\n<li><span style=\"color: #000000;\"><strong>Kan jag ans\u00f6ka om passf\u00f6rnyelse online?<\/strong><\/span>\n<ul>\n<li><span style=\"color: #000000;\">Ja, v\u00e5r tj\u00e4nst utf\u00f6rs online, vilket g\u00f6r det bekv\u00e4mt f\u00f6r dig att ans\u00f6ka fr\u00e5n var som helst i Brasilien eller Italien.<\/span><\/li>\n<\/ul>\n<\/li>\n<li><span style=\"color: #000000;\"><strong>Vad h\u00e4nder om mitt pass redan har g\u00e5tt ut?<\/strong><\/span>\n<ul>\n<li><span style=\"color: #000000;\">Du beh\u00f6ver inte oroa dig! Vi kan f\u00f6rnya utg\u00e5ngna pass snabbt s\u00e5 att du \u00e4r redo f\u00f6r din resa till Italien.<\/span><\/li>\n<\/ul>\n<\/li>\n<li><span style=\"color: #000000;\"><strong>\u00c4r din priss\u00e4ttning flexibel?<\/strong><\/span>\n<ul>\n<li><span style=\"color: #000000;\">Ja, vi erbjuder f\u00f6rhandlingsbara priser baserat p\u00e5 dina specifika behov. Kontakta oss via WhatsApp eller e-post f\u00f6r en personlig offert.<\/span><\/li>\n<\/ul>\n<\/li>\n<li><span style=\"color: #000000;\"><strong>Kan du hj\u00e4lpa till med saknade dokument?<\/strong><\/span>\n<ul>\n<li><span style=\"color: #000000;\">Ja, vi kan hj\u00e4lpa till att skapa saknade dokument som identitetsbevis eller passfoton f\u00f6r att s\u00e4kerst\u00e4lla en fullst\u00e4ndig ans\u00f6kan.<\/span><\/li>\n<\/ul>\n<\/li>\n<li><span style=\"color: #000000;\"><strong>Kan jag ans\u00f6ka om n\u00e5gon annans pass?<\/strong><\/span>\n<ul>\n<li><span style=\"color: #000000;\">Ja, du kan ans\u00f6ka f\u00f6r familjemedlemmar eller v\u00e4nner, f\u00f6rutsatt att du har all n\u00f6dv\u00e4ndig dokumentation.<\/span><\/li>\n<\/ul>\n<\/li>\n<li><span style=\"color: #000000;\"><strong>Vad h\u00e4nder om jag f\u00e5r avslag p\u00e5 min ans\u00f6kan?<\/strong><\/span>\n<ul>\n<li><span style=\"color: #000000;\">Om din ans\u00f6kan avsl\u00e5s kommer vi att arbeta tillsammans med dig f\u00f6r att identifiera problemet och hj\u00e4lpa dig att ans\u00f6ka p\u00e5 nytt.<\/span><\/li>\n<\/ul>\n<\/li>\n<li><span style=\"color: #000000;\"><strong>Hur s\u00e4ker \u00e4r din tj\u00e4nst?<\/strong><\/span>\n<ul>\n<li><span style=\"color: #000000;\">Vi hanterar din personliga information med strikt sekretess och dataskydds\u00e5tg\u00e4rder f\u00f6r att s\u00e4kerst\u00e4lla din integritet.<\/span><\/li>\n<\/ul>\n<\/li>\n<li><span style=\"color: #000000;\"><strong>Hur kontaktar jag kundtj\u00e4nst?<\/strong><\/span>\n<ul>\n<li><span style=\"color: #000000;\">Vi \u00e4r tillg\u00e4ngliga dygnet runt via WhatsApp och e-post f\u00f6r alla fr\u00e5gor eller support du beh\u00f6ver.<\/span><\/li>\n<\/ul>\n<\/li>\n<\/ol>","protected":false},"excerpt":{"rendered":"<p><span style=\"color: #000000;\">Reser du till Italien med ett brasilianskt pass? V\u00e5r tj\u00e4nst hj\u00e4lper till att f\u00f6rbereda och bearbeta ditt Brasilien-pass, vilket s\u00e4kerst\u00e4ller en smidig resa till Italien. Snabb, s\u00e4ker och f\u00f6rhandlingsbar priss\u00e4ttning.<\/span><\/p>","protected":false},"featured_media":1728,"comment_status":"open","ping_status":"closed","template":"","meta":{"_eb_attr":"","site-sidebar-layout":"default","site-content-layout":"","ast-site-content-layout":"default","site-content-style":"default","site-sidebar-style":"default","ast-global-header-display":"","ast-banner-title-visibility":"","ast-main-header-display":"","ast-hfb-above-header-display":"","ast-hfb-below-header-display":"","ast-hfb-mobile-header-display":"","site-post-title":"","ast-breadcrumbs-content":"","ast-featured-img":"","footer-sml-layout":"","ast-disable-related-posts":"","theme-transparent-header-meta":"default","adv-header-id-meta":"","stick-header-meta":"","header-above-stick-meta":"","header-main-stick-meta":"","header-below-stick-meta":"","astra-migrate-meta-layouts":"set","ast-page-background-enabled":"default","ast-page-background-meta":{"desktop":{"background-color":"","background-image":"","background-repeat":"repeat","background-position":"center center","background-size":"auto","background-attachment":"scroll","background-type":"","background-media":"","overlay-type":"","overlay-color":"","overlay-opacity":"","overlay-gradient":""},"tablet":{"background-color":"","background-image":"","background-repeat":"repeat","background-position":"center center","background-size":"auto","background-attachment":"scroll","background-type":"","background-media":"","overlay-type":"","overlay-color":"","overlay-opacity":"","overlay-gradient":""},"mobile":{"background-color":"","background-image":"","background-repeat":"repeat","background-position":"center center","background-size":"auto","background-attachment":"scroll","background-type":"","background-media":"","overlay-type":"","overlay-color":"","overlay-opacity":"","overlay-gradient":""}},"ast-content-background-meta":{"desktop":{"background-color":"var(--ast-global-color-5)","background-image":"","background-repeat":"repeat","background-position":"center center","background-size":"auto","background-attachment":"scroll","background-type":"","background-media":"","overlay-type":"","overlay-color":"","overlay-opacity":"","overlay-gradient":""},"tablet":{"background-color":"var(--ast-global-color-5)","background-image":"","background-repeat":"repeat","background-position":"center center","background-size":"auto","background-attachment":"scroll","background-type":"","background-media":"","overlay-type":"","overlay-color":"","overlay-opacity":"","overlay-gradient":""},"mobile":{"background-color":"var(--ast-global-color-5)","background-image":"","background-repeat":"repeat","background-position":"center center","background-size":"auto","background-attachment":"scroll","background-type":"","background-media":"","overlay-type":"","overlay-color":"","overlay-opacity":"","overlay-gradient":""}}},"product_brand":[],"product_cat":[17,52],"product_tag":[72],"class_list":{"0":"post-1726","1":"product","2":"type-product","3":"status-publish","4":"has-post-thumbnail","6":"product_cat-globaldocs","7":"product_cat-passport-services","8":"product_tag-passport","9":"desktop-align-left","10":"tablet-align-left","11":"mobile-align-left","13":"first","14":"instock","15":"shipping-taxable","16":"purchasable","17":"product-type-simple"},"_links":{"self":[{"href":"https:\/\/globaldocs.store\/sv\/wp-json\/wp\/v2\/product\/1726","targetHints":{"allow":["GET"]}}],"collection":[{"href":"https:\/\/globaldocs.store\/sv\/wp-json\/wp\/v2\/product"}],"about":[{"href":"https:\/\/globaldocs.store\/sv\/wp-json\/wp\/v2\/types\/product"}],"replies":[{"embeddable":true,"href":"https:\/\/globaldocs.store\/sv\/wp-json\/wp\/v2\/comments?post=1726"}],"version-history":[{"count":3,"href":"https:\/\/globaldocs.store\/sv\/wp-json\/wp\/v2\/product\/1726\/revisions"}],"predecessor-version":[{"id":1730,"href":"https:\/\/globaldocs.store\/sv\/wp-json\/wp\/v2\/product\/1726\/revisions\/1730"}],"wp:featuredmedia":[{"embeddable":true,"href":"https:\/\/globaldocs.store\/sv\/wp-json\/wp\/v2\/media\/1728"}],"wp:attachment":[{"href":"https:\/\/globaldocs.store\/sv\/wp-json\/wp\/v2\/media?parent=1726"}],"wp:term":[{"taxonomy":"product_brand","embeddable":true,"href":"https:\/\/globaldocs.store\/sv\/wp-json\/wp\/v2\/product_brand?post=1726"},{"taxonomy":"product_cat","embeddable":true,"href":"https:\/\/globaldocs.store\/sv\/wp-json\/wp\/v2\/product_cat?post=1726"},{"taxonomy":"product_tag","embeddable":true,"href":"https:\/\/globaldocs.store\/sv\/wp-json\/wp\/v2\/product_tag?post=1726"}],"curies":[{"name":"wp","href":"https:\/\/api.w.org\/{rel}","templated":true}]}}