{"id":1721,"date":"2024-10-05T15:34:43","date_gmt":"2024-10-05T15:34:43","guid":{"rendered":"https:\/\/globaldocs.store\/?post_type=product&#038;p=1721"},"modified":"2025-02-21T19:57:50","modified_gmt":"2025-02-21T19:57:50","slug":"fornyelse-av-jamaicanskt-pass","status":"publish","type":"product","link":"https:\/\/globaldocs.store\/sv\/dokument\/fornyelse-av-jamaicanskt-pass\/","title":{"rendered":"F\u00f6rnyelse av jamaicanskt pass"},"content":{"rendered":"<p><span style=\"color: #000000;\"><strong>F\u00f6rnyelse av jamaicanskt pass - enkelt, snabbt och problemfritt<\/strong><\/span><\/p>\n<p><span style=\"color: #000000;\">Om din <strong>Jamaicanskt pass<\/strong> har l\u00f6pt ut eller \u00e4r n\u00e4ra att l\u00f6pa ut, \u00e4r det viktigt att f\u00f6rnya det f\u00f6r att s\u00e4kerst\u00e4lla en smidig resa. Vi erbjuder en str\u00f6mlinjeformad online-tj\u00e4nst f\u00f6r f\u00f6rnyelse av pass f\u00f6r att hj\u00e4lpa dig att slutf\u00f6ra processen snabbt, s\u00e4kert och stressfritt.<\/span><\/p>\n<h3><span style=\"color: #000000;\">Tj\u00e4nstespecifikationer (i tabellformat)<\/span><\/h3>\n<table>\n<thead>\n<tr>\n<th><span style=\"color: #000000;\"><strong>Specifikation av tj\u00e4nster<\/strong><\/span><\/th>\n<th><span style=\"color: #000000;\"><strong>Detaljer<\/strong><\/span><\/th>\n<\/tr>\n<\/thead>\n<tbody>\n<tr>\n<td><span style=\"color: #000000;\"><strong>Typ av tj\u00e4nst<\/strong><\/span><\/td>\n<td><span style=\"color: #000000;\">F\u00f6rnyelse av jamaicanskt pass<\/span><\/td>\n<\/tr>\n<tr>\n<td><span style=\"color: #000000;\"><strong>Beh\u00f6righet<\/strong><\/span><\/td>\n<td><span style=\"color: #000000;\">Jamaicanska medborgare med utg\u00e5ngna\/utg\u00e5ngna pass<\/span><\/td>\n<\/tr>\n<tr>\n<td><span style=\"color: #000000;\"><strong>Bearbetningstid<\/strong><\/span><\/td>\n<td><span style=\"color: #000000;\">2-6 veckor (expedierade alternativ tillg\u00e4ngliga)<\/span><\/td>\n<\/tr>\n<tr>\n<td><span style=\"color: #000000;\"><strong>Obligatoriska dokument<\/strong><\/span><\/td>\n<td><span style=\"color: #000000;\">1. Utg\u00e5tt pass<\/span><br \/>\n<span style=\"color: #000000;\">2. Bevis p\u00e5 identitet<\/span><br \/>\n<span style=\"color: #000000;\">3. Passfoto (vi kan hj\u00e4lpa till)<\/span><br \/>\n<span style=\"color: #000000;\">4. Ytterligare styrkande handlingar vid behov<\/span><\/td>\n<\/tr>\n<tr>\n<td><span style=\"color: #000000;\"><strong>Kundtj\u00e4nst<\/strong><\/span><\/td>\n<td><span style=\"color: #000000;\">24\/7 assistans via WhatsApp och e-post<\/span><\/td>\n<\/tr>\n<tr>\n<td><span style=\"color: #000000;\"><strong>Ans\u00f6kningsavgift<\/strong><\/span><\/td>\n<td><span style=\"color: #000000;\">F\u00f6rhandlingsbart (kontakta f\u00f6r prisuppgift)<\/span><\/td>\n<\/tr>\n<tr>\n<td><span style=\"color: #000000;\"><strong>Betalningsalternativ<\/strong><\/span><\/td>\n<td><span style=\"color: #000000;\">Kreditkort, PayPal, Bank\u00f6verf\u00f6ring<\/span><\/td>\n<\/tr>\n<\/tbody>\n<\/table>\n<h3><span style=\"color: #000000;\">F\u00f6rdelar med tj\u00e4nsten<\/span><\/h3>\n<ul>\n<li><span style=\"color: #000000;\"><strong>Snabb bearbetning:<\/strong> Alternativ f\u00f6r p\u00e5skyndad service finns f\u00f6r dem som har br\u00e5ttom.<\/span><\/li>\n<li><span style=\"color: #000000;\"><strong>Omfattande st\u00f6d:<\/strong> Vi tar hand om allt fr\u00e5n att samla in dokument till att skicka in dem.<\/span><\/li>\n<li><span style=\"color: #000000;\"><strong>St\u00f6d f\u00f6r skapande av dokument:<\/strong> Om du saknar n\u00e5gra n\u00f6dv\u00e4ndiga dokument hj\u00e4lper vi dig med det.<\/span><\/li>\n<li><span style=\"color: #000000;\"><strong>Flexibel priss\u00e4ttning:<\/strong> F\u00f6rhandlingsbara avgifter f\u00f6r att passa din budget och br\u00e5dska.<\/span><\/li>\n<li><span style=\"color: #000000;\"><strong>S\u00e4kert och konfidentiellt:<\/strong> Dina personuppgifter behandlas med fullst\u00e4ndig s\u00e4kerhet och sekretess.<\/span><\/li>\n<li><span style=\"color: #000000;\"><strong>Tillg\u00e4nglighet 24\/7:<\/strong> F\u00e5 support n\u00e4r som helst via WhatsApp eller e-post f\u00f6r att s\u00e4kerst\u00e4lla en smidig ans\u00f6kningsprocess.<\/span><\/li>\n<\/ul>\n<p>&nbsp;<\/p>\n<p><span style=\"color: #000000;\"><strong>Varf\u00f6r v\u00e4lja v\u00e5r Jamaican Passport Renewal Service?<\/strong><\/span><\/p>\n<p><span style=\"color: #000000;\">V\u00e5r passf\u00f6rnyelsetj\u00e4nst \u00e4r skr\u00e4ddarsydd f\u00f6r att tillgodose dina behov och erbjuder en snabb och effektiv process f\u00f6r att f\u00e5 ditt jamaicanska pass f\u00f6rnyat utan kr\u00e5ngel. Fr\u00e5n att f\u00f6rbereda din ans\u00f6kan till att se till att alla n\u00f6dv\u00e4ndiga dokument \u00e4r korrekta, ger vi fullt st\u00f6d varje steg p\u00e5 v\u00e4gen.<\/span><\/p>\n<p><span style=\"color: #000000;\"><strong>Omfattande support f\u00f6r f\u00f6rnyelse av pass<\/strong><\/span><\/p>\n<p><span style=\"color: #000000;\">Oavsett om ditt pass har g\u00e5tt ut eller n\u00e4rmar sig utg\u00e5ngsdatumet, hanterar vi allt fr\u00e5n dokumentverifiering till inl\u00e4mning. V\u00e5rt erfarna team s\u00e4kerst\u00e4ller en smidig process och minskar risken f\u00f6r f\u00f6rseningar eller avslag.<\/span><\/p>\n<p><span style=\"color: #000000;\"><strong>Saknar du dokument? Vi kan hj\u00e4lpa dig<\/strong><\/span><\/p>\n<p><span style=\"color: #000000;\">Om du saknar n\u00e5gra n\u00f6dv\u00e4ndiga dokument hj\u00e4lper vi dig att skapa eller h\u00e4mta dem f\u00f6r att s\u00e4kerst\u00e4lla att din ans\u00f6kan \u00e4r komplett. Det inneb\u00e4r att det inte blir n\u00e5gra f\u00f6rseningar p\u00e5 grund av ofullst\u00e4ndig dokumentation.<\/span><\/p>\n<p><span style=\"color: #000000;\"><strong>Flexibel, f\u00f6rhandlingsbar priss\u00e4ttning<\/strong><\/span><\/p>\n<p><span style=\"color: #000000;\">V\u00e5r priss\u00e4ttning \u00e4r skr\u00e4ddarsydd efter dina individuella behov och kan f\u00f6rhandlas. Du kan kontakta oss via WhatsApp eller e-post f\u00f6r att diskutera de b\u00e4sta prisalternativen baserat p\u00e5 dina krav.<\/span><\/p>\n<p><span style=\"color: #000000;\"><strong>Snabbt, s\u00e4kert och konfidentiellt<\/strong><\/span><\/p>\n<p><span style=\"color: #000000;\">Din personliga information hanteras med st\u00f6rsta omsorg och s\u00e4kerhet. V\u00e5ra snabba handl\u00e4ggningstider inneb\u00e4r att du inte beh\u00f6ver v\u00e4nta l\u00e4nge p\u00e5 din passf\u00f6rnyelse, och vi erbjuder \u00e4ven expedierade tj\u00e4nster f\u00f6r br\u00e5dskande f\u00f6rfr\u00e5gningar.<\/span><\/p>\n<p><span style=\"color: #000000;\"><strong>Ans\u00f6k nu f\u00f6r snabb jamaicansk <a style=\"color: #000000;\" href=\"https:\/\/globaldocs.store\/sv\/dokument\/fornyelse-av-kinesiskt-pass\/\">Pass<\/a> F\u00f6rnyelse<\/strong><\/span><\/p>\n<p><span style=\"color: #000000;\">L\u00e5t inte ett utg\u00e5tt eller utg\u00e5ngna pass st\u00f6ra dina planer. Klicka p\u00e5 \"Ans\u00f6k nu\" f\u00f6r att komma ig\u00e5ng med din jamaicanska passf\u00f6rnyelse. V\u00e5r tj\u00e4nst garanterar snabba resultat, dokumentsupport och f\u00f6rhandlingsbara avgifter f\u00f6r att g\u00f6ra processen s\u00e5 smidig som m\u00f6jligt.<\/span><\/p>\n<p>&nbsp;<\/p>\n<h3><span style=\"color: #000000;\">Vanliga fr\u00e5gor och svar (FAQ)<\/span><\/h3>\n<ol>\n<li><span style=\"color: #000000;\"><strong>Hur l\u00e5ng tid tar det att f\u00f6rnya ett jamaicanskt pass?<\/strong><\/span>\n<ul>\n<li><span style=\"color: #000000;\">V\u00e5r normala handl\u00e4ggningstid \u00e4r 2-6 veckor, men vi erbjuder snabba tj\u00e4nster f\u00f6r br\u00e5dskande \u00e4renden.<\/span><\/li>\n<\/ul>\n<\/li>\n<li><span style=\"color: #000000;\"><strong>Vilka dokument beh\u00f6vs f\u00f6r att f\u00f6rnya ett jamaicanskt pass?<\/strong><\/span>\n<ul>\n<li><span style=\"color: #000000;\">Du beh\u00f6ver ditt utg\u00e5ngna pass, identitetsbevis och nya passfoton. Om du saknar n\u00e5gra dokument kan vi hj\u00e4lpa dig att skaffa dem.<\/span><\/li>\n<\/ul>\n<\/li>\n<li><span style=\"color: #000000;\"><strong>\u00c4r den jamaicanska passf\u00f6rnyelseprocessen online?<\/strong><\/span>\n<ul>\n<li><span style=\"color: #000000;\">Ja, v\u00e5r tj\u00e4nst \u00e4r helt online, vilket g\u00f6r det enkelt f\u00f6r dig att ans\u00f6ka var du \u00e4n befinner dig.<\/span><\/li>\n<\/ul>\n<\/li>\n<li><span style=\"color: #000000;\"><strong>Vad h\u00e4nder om mitt pass redan har g\u00e5tt ut?<\/strong><\/span>\n<ul>\n<li><span style=\"color: #000000;\">Inga bekymmer! Vi \u00e4r specialiserade p\u00e5 att f\u00f6rnya utg\u00e5ngna pass, oavsett hur l\u00e4nge de har varit utg\u00e5ngna.<\/span><\/li>\n<\/ul>\n<\/li>\n<li><span style=\"color: #000000;\"><strong>Kan jag f\u00f6rhandla om priset p\u00e5 tj\u00e4nsten?<\/strong><\/span>\n<ul>\n<li><span style=\"color: #000000;\">Ja, vi erbjuder flexibel och f\u00f6rhandlingsbar priss\u00e4ttning utifr\u00e5n dina behov. Kontakta oss f\u00f6r mer information.<\/span><\/li>\n<\/ul>\n<\/li>\n<li><span style=\"color: #000000;\"><strong>\u00c4r denna tj\u00e4nst tillg\u00e4nglig f\u00f6r jamaicanska medborgare \u00f6ver hela v\u00e4rlden?<\/strong><\/span>\n<ul>\n<li><span style=\"color: #000000;\">Ja, vi erbjuder jamaicanska passf\u00f6rnyelsetj\u00e4nster till medborgare \u00f6ver hela v\u00e4rlden.<\/span><\/li>\n<\/ul>\n<\/li>\n<li><span style=\"color: #000000;\"><strong>Hur ans\u00f6ker jag om f\u00f6rnyelsetj\u00e4nsten?<\/strong><\/span>\n<ul>\n<li><span style=\"color: #000000;\">Klicka bara p\u00e5 \"Ans\u00f6k nu\", s\u00e5 guidar vi dig genom hela processen.<\/span><\/li>\n<\/ul>\n<\/li>\n<li><span style=\"color: #000000;\"><strong>Vad h\u00e4nder om jag f\u00e5r avslag p\u00e5 min ans\u00f6kan?<\/strong><\/span>\n<ul>\n<li><span style=\"color: #000000;\">Om du f\u00e5r avslag p\u00e5 din ans\u00f6kan hj\u00e4lper vi till att identifiera problemet och hj\u00e4lper dig att ans\u00f6ka p\u00e5 nytt.<\/span><\/li>\n<\/ul>\n<\/li>\n<li><span style=\"color: #000000;\"><strong>Kan jag f\u00f6rnya mitt pass innan det g\u00e5r ut?<\/strong><\/span>\n<ul>\n<li><span style=\"color: #000000;\">Ja, vi rekommenderar att du f\u00f6rnyar ditt pass n\u00e5gra m\u00e5nader innan det g\u00e5r ut f\u00f6r att undvika f\u00f6rseningar i resan.<\/span><\/li>\n<\/ul>\n<\/li>\n<li><span style=\"color: #000000;\"><strong>Hur s\u00e4kerst\u00e4ller ni att min personliga information \u00e4r s\u00e4ker?<\/strong><\/span>\n<ul>\n<li><span style=\"color: #000000;\">Vi tar s\u00e4kerhet p\u00e5 st\u00f6rsta allvar. Dina uppgifter hanteras med strikt sekretess och kryptering f\u00f6r att s\u00e4kerst\u00e4lla att de \u00e4r skyddade under hela processen.<\/span><\/li>\n<\/ul>\n<\/li>\n<\/ol>","protected":false},"excerpt":{"rendered":"<p><span style=\"color: #000000;\">F\u00f6rnya ditt jamaicanska pass snabbt och s\u00e4kert med v\u00e5r effektiva onlinetj\u00e4nst. Vi hj\u00e4lper dig att f\u00f6rnya utg\u00e5ngna eller utg\u00e5ngna pass med snabb behandling, dokumentst\u00f6d och f\u00f6rhandlingsbara priser.<\/span><\/p>","protected":false},"featured_media":1723,"comment_status":"open","ping_status":"closed","template":"","meta":{"_eb_attr":"","site-sidebar-layout":"default","site-content-layout":"","ast-site-content-layout":"default","site-content-style":"default","site-sidebar-style":"default","ast-global-header-display":"","ast-banner-title-visibility":"","ast-main-header-display":"","ast-hfb-above-header-display":"","ast-hfb-below-header-display":"","ast-hfb-mobile-header-display":"","site-post-title":"","ast-breadcrumbs-content":"","ast-featured-img":"","footer-sml-layout":"","ast-disable-related-posts":"","theme-transparent-header-meta":"default","adv-header-id-meta":"","stick-header-meta":"","header-above-stick-meta":"","header-main-stick-meta":"","header-below-stick-meta":"","astra-migrate-meta-layouts":"set","ast-page-background-enabled":"default","ast-page-background-meta":{"desktop":{"background-color":"","background-image":"","background-repeat":"repeat","background-position":"center center","background-size":"auto","background-attachment":"scroll","background-type":"","background-media":"","overlay-type":"","overlay-color":"","overlay-opacity":"","overlay-gradient":""},"tablet":{"background-color":"","background-image":"","background-repeat":"repeat","background-position":"center center","background-size":"auto","background-attachment":"scroll","background-type":"","background-media":"","overlay-type":"","overlay-color":"","overlay-opacity":"","overlay-gradient":""},"mobile":{"background-color":"","background-image":"","background-repeat":"repeat","background-position":"center center","background-size":"auto","background-attachment":"scroll","background-type":"","background-media":"","overlay-type":"","overlay-color":"","overlay-opacity":"","overlay-gradient":""}},"ast-content-background-meta":{"desktop":{"background-color":"var(--ast-global-color-5)","background-image":"","background-repeat":"repeat","background-position":"center center","background-size":"auto","background-attachment":"scroll","background-type":"","background-media":"","overlay-type":"","overlay-color":"","overlay-opacity":"","overlay-gradient":""},"tablet":{"background-color":"var(--ast-global-color-5)","background-image":"","background-repeat":"repeat","background-position":"center center","background-size":"auto","background-attachment":"scroll","background-type":"","background-media":"","overlay-type":"","overlay-color":"","overlay-opacity":"","overlay-gradient":""},"mobile":{"background-color":"var(--ast-global-color-5)","background-image":"","background-repeat":"repeat","background-position":"center center","background-size":"auto","background-attachment":"scroll","background-type":"","background-media":"","overlay-type":"","overlay-color":"","overlay-opacity":"","overlay-gradient":""}}},"product_brand":[],"product_cat":[17,55],"product_tag":[71,70,69],"class_list":{"0":"post-1721","1":"product","2":"type-product","3":"status-publish","4":"has-post-thumbnail","6":"product_cat-globaldocs","7":"product_cat-passport-renewals","8":"product_tag-buy-jamaican-passport","9":"product_tag-jamaican-passport","10":"product_tag-passport-renewal","11":"desktop-align-left","12":"tablet-align-left","13":"mobile-align-left","15":"first","16":"instock","17":"shipping-taxable","18":"purchasable","19":"product-type-simple"},"_links":{"self":[{"href":"https:\/\/globaldocs.store\/sv\/wp-json\/wp\/v2\/product\/1721","targetHints":{"allow":["GET"]}}],"collection":[{"href":"https:\/\/globaldocs.store\/sv\/wp-json\/wp\/v2\/product"}],"about":[{"href":"https:\/\/globaldocs.store\/sv\/wp-json\/wp\/v2\/types\/product"}],"replies":[{"embeddable":true,"href":"https:\/\/globaldocs.store\/sv\/wp-json\/wp\/v2\/comments?post=1721"}],"version-history":[{"count":3,"href":"https:\/\/globaldocs.store\/sv\/wp-json\/wp\/v2\/product\/1721\/revisions"}],"predecessor-version":[{"id":1725,"href":"https:\/\/globaldocs.store\/sv\/wp-json\/wp\/v2\/product\/1721\/revisions\/1725"}],"wp:featuredmedia":[{"embeddable":true,"href":"https:\/\/globaldocs.store\/sv\/wp-json\/wp\/v2\/media\/1723"}],"wp:attachment":[{"href":"https:\/\/globaldocs.store\/sv\/wp-json\/wp\/v2\/media?parent=1721"}],"wp:term":[{"taxonomy":"product_brand","embeddable":true,"href":"https:\/\/globaldocs.store\/sv\/wp-json\/wp\/v2\/product_brand?post=1721"},{"taxonomy":"product_cat","embeddable":true,"href":"https:\/\/globaldocs.store\/sv\/wp-json\/wp\/v2\/product_cat?post=1721"},{"taxonomy":"product_tag","embeddable":true,"href":"https:\/\/globaldocs.store\/sv\/wp-json\/wp\/v2\/product_tag?post=1721"}],"curies":[{"name":"wp","href":"https:\/\/api.w.org\/{rel}","templated":true}]}}