{"id":1718,"date":"2024-10-05T14:02:12","date_gmt":"2024-10-05T14:02:12","guid":{"rendered":"https:\/\/globaldocs.store\/?post_type=product&#038;p=1718"},"modified":"2025-02-04T15:06:49","modified_gmt":"2025-02-04T15:06:49","slug":"fornyelse-av-kinesiskt-pass","status":"publish","type":"product","link":"https:\/\/globaldocs.store\/sv\/dokument\/fornyelse-av-kinesiskt-pass\/","title":{"rendered":"F\u00f6rnyelse av pass i Kina"},"content":{"rendered":"<p><span style=\"color: #000000;\"><strong>F\u00f6rnyelse av kinesiska pass - snabbt, p\u00e5litligt och s\u00e4kert<\/strong><\/span><\/p>\n<p><span style=\"color: #000000;\">Om din <strong>Kina pass<\/strong> \u00e4r p\u00e5 v\u00e4g att l\u00f6pa ut eller redan har l\u00f6pt ut, f\u00f6rnyelse \u00e4r avg\u00f6rande f\u00f6r att beh\u00e5lla dina reser\u00e4ttigheter och undvika komplikationer. Vi erbjuder en snabb och effektiv online-f\u00f6rnyelsetj\u00e4nst f\u00f6r Kina-pass och guidar dig genom varje steg i processen.<\/span><\/p>\n<h3><span style=\"color: #000000;\">Tj\u00e4nstespecifikationer (i tabellformat)<\/span><\/h3>\n<table>\n<thead>\n<tr>\n<th><span style=\"color: #000000;\"><strong>Specifikation av tj\u00e4nster<\/strong><\/span><\/th>\n<th><span style=\"color: #000000;\"><strong>Detaljer<\/strong><\/span><\/th>\n<\/tr>\n<\/thead>\n<tbody>\n<tr>\n<td><span style=\"color: #000000;\"><strong>Typ av tj\u00e4nst<\/strong><\/span><\/td>\n<td><span style=\"color: #000000;\">F\u00f6rnyelse av pass i Kina<\/span><\/td>\n<\/tr>\n<tr>\n<td><span style=\"color: #000000;\"><strong>Beh\u00f6righet<\/strong><\/span><\/td>\n<td><span style=\"color: #000000;\">Kinesiska medborgare med pass som har l\u00f6pt ut eller l\u00f6pt ut<\/span><\/td>\n<\/tr>\n<tr>\n<td><span style=\"color: #000000;\"><strong>Bearbetningstid<\/strong><\/span><\/td>\n<td><span style=\"color: #000000;\">2-6 veckor (expedierade alternativ tillg\u00e4ngliga)<\/span><\/td>\n<\/tr>\n<tr>\n<td><span style=\"color: #000000;\"><strong>Obligatoriska dokument<\/strong><\/span><\/td>\n<td><span style=\"color: #000000;\">1. Utg\u00e5tt pass<\/span><br \/>\n<span style=\"color: #000000;\">2. Bevis p\u00e5 identitet<\/span><br \/>\n<span style=\"color: #000000;\">3. Nya passfoton (kan tillhandah\u00e5llas)<\/span><br \/>\n<span style=\"color: #000000;\">4. Ytterligare styrkande handlingar vid behov<\/span><\/td>\n<\/tr>\n<tr>\n<td><span style=\"color: #000000;\"><strong>Kundtj\u00e4nst<\/strong><\/span><\/td>\n<td><span style=\"color: #000000;\">24\/7 assistans via WhatsApp och e-post<\/span><\/td>\n<\/tr>\n<tr>\n<td><span style=\"color: #000000;\"><strong>Ans\u00f6kningsavgift<\/strong><\/span><\/td>\n<td><span style=\"color: #000000;\">F\u00f6rhandlingsbart (kontakta f\u00f6r prisuppgift)<\/span><\/td>\n<\/tr>\n<tr>\n<td><span style=\"color: #000000;\"><strong>Betalningsalternativ<\/strong><\/span><\/td>\n<td><span style=\"color: #000000;\">Kreditkort, PayPal, Bank\u00f6verf\u00f6ring<\/span><\/td>\n<\/tr>\n<\/tbody>\n<\/table>\n<hr \/>\n<h4><span style=\"color: #000000;\">F\u00f6rdelar med tj\u00e4nsten<\/span><\/h4>\n<ul>\n<li><span style=\"color: #000000;\"><strong>Snabb bearbetning:<\/strong> Snabba tj\u00e4nster finns tillg\u00e4ngliga f\u00f6r br\u00e5dskande f\u00f6rnyelser.<\/span><\/li>\n<li><span style=\"color: #000000;\"><strong>Omfattande st\u00f6d:<\/strong> Vi hj\u00e4lper till i varje steg, fr\u00e5n att f\u00f6rbereda dokument till att l\u00e4mna in ans\u00f6kan.<\/span><\/li>\n<li><span style=\"color: #000000;\"><strong>Skapande av dokument:<\/strong> Om du saknar n\u00e5gra dokument hj\u00e4lper vi dig att skapa dem.<\/span><\/li>\n<li><span style=\"color: #000000;\"><strong>Flexibel priss\u00e4ttning:<\/strong> F\u00f6rhandlingsbara priser baserade p\u00e5 dina specifika behov och hur br\u00e5dskande det \u00e4r.<\/span><\/li>\n<li><span style=\"color: #000000;\"><strong>S\u00e4kert och konfidentiellt:<\/strong> Alla personuppgifter hanteras med strikt sekretess.<\/span><\/li>\n<li><span style=\"color: #000000;\"><strong>Tillg\u00e4nglighet 24\/7:<\/strong> Kundtj\u00e4nst finns tillg\u00e4nglig dygnet runt via WhatsApp och e-post.<\/span><\/li>\n<\/ul>\n<p>&nbsp;<\/p>\n<p><span style=\"color: #000000;\"><strong>Varf\u00f6r f\u00f6rnya ditt Kina-pass med oss?<\/strong><\/span><\/p>\n<p><span style=\"color: #000000;\">V\u00e5r tj\u00e4nst \u00e4r utformad f\u00f6r att g\u00f6ra passf\u00f6rnyelseprocessen enkel och stressfri. Med v\u00e5rt expertteam som hanterar din ans\u00f6kan kan du undvika de vanliga f\u00f6rseningarna och komplikationerna i samband med passf\u00f6rnyelser.<\/span><\/p>\n<p><span style=\"color: #000000;\"><strong>Omfattande support f\u00f6r f\u00f6rnyelse av pass<\/strong><\/span><\/p>\n<p><span style=\"color: #000000;\">Oavsett om ditt pass redan har l\u00f6pt ut eller \u00e4r p\u00e5 v\u00e4g att g\u00f6ra det, sk\u00f6ter vi allt fr\u00e5n att f\u00f6rbereda din ans\u00f6kan till att l\u00e4mna in den f\u00f6r din r\u00e4kning. Vi ser ocks\u00e5 till att all n\u00f6dv\u00e4ndig dokumentation \u00e4r fullst\u00e4ndig och korrekt f\u00f6r att p\u00e5skynda godk\u00e4nnandeprocessen.<\/span><\/p>\n<p><span style=\"color: #000000;\"><strong>Saknar du dokument? Inga problem!<\/strong><\/span><\/p>\n<p><span style=\"color: #000000;\">Om du inte har de dokument som kr\u00e4vs f\u00f6r din passf\u00f6rnyelse kan vi hj\u00e4lpa dig att skapa dem \u00e5t dig. V\u00e5rt team arbetar n\u00e4ra dig f\u00f6r att s\u00e4kerst\u00e4lla att allt \u00e4r i ordning innan du skickar in din ans\u00f6kan.<\/span><\/p>\n<p><span style=\"color: #000000;\"><strong>F\u00f6rhandlingsbar priss\u00e4ttning<\/strong><\/span><\/p>\n<p><span style=\"color: #000000;\">V\u00e5ra serviceavgifter \u00e4r flexibla och f\u00f6rhandlingsbara, beroende p\u00e5 dina behov. Kontakta oss via WhatsApp eller e-post f\u00f6r personlig priss\u00e4ttning.<\/span><\/p>\n<p><span style=\"color: #000000;\"><strong>Snabb och s\u00e4ker service<\/strong><\/span><\/p>\n<p><span style=\"color: #000000;\">Vi f\u00f6rst\u00e5r vikten av sekretess och snabbhet n\u00e4r det g\u00e4ller passf\u00f6rnyelser. V\u00e5r tj\u00e4nst s\u00e4kerst\u00e4ller att din personliga information hanteras s\u00e4kert, och vi tillhandah\u00e5ller snabba tj\u00e4nster om du har br\u00e5ttom.<\/span><\/p>\n<p><span style=\"color: #000000;\"><strong>F\u00e5 ditt Kina-pass f\u00f6rnyat idag!<\/strong><\/span><\/p>\n<p><span style=\"color: #000000;\">Redo att f\u00f6rnya ditt Kina-pass? Klicka p\u00e5 \"Ans\u00f6k nu\" f\u00f6r att starta processen. Njut av snabb service, st\u00f6d f\u00f6r att skapa dokument och f\u00f6rhandlingsbara priser som \u00e4r skr\u00e4ddarsydda efter dina behov.<\/span><\/p>","protected":false},"excerpt":{"rendered":"<p>F\u00f6rnya ditt Kina-pass online snabbt och effektivt med v\u00e5r p\u00e5litliga service. Vi hj\u00e4lper till att f\u00f6rnya utg\u00e5ngna pass, vilket ger en problemfri process med f\u00f6rhandlingsbara priser.<\/p>","protected":false},"featured_media":1719,"comment_status":"open","ping_status":"closed","template":"","meta":{"_eb_attr":"","site-sidebar-layout":"default","site-content-layout":"","ast-site-content-layout":"default","site-content-style":"default","site-sidebar-style":"default","ast-global-header-display":"","ast-banner-title-visibility":"","ast-main-header-display":"","ast-hfb-above-header-display":"","ast-hfb-below-header-display":"","ast-hfb-mobile-header-display":"","site-post-title":"","ast-breadcrumbs-content":"","ast-featured-img":"","footer-sml-layout":"","ast-disable-related-posts":"","theme-transparent-header-meta":"default","adv-header-id-meta":"","stick-header-meta":"","header-above-stick-meta":"","header-main-stick-meta":"","header-below-stick-meta":"","astra-migrate-meta-layouts":"set","ast-page-background-enabled":"default","ast-page-background-meta":{"desktop":{"background-color":"","background-image":"","background-repeat":"repeat","background-position":"center center","background-size":"auto","background-attachment":"scroll","background-type":"","background-media":"","overlay-type":"","overlay-color":"","overlay-opacity":"","overlay-gradient":""},"tablet":{"background-color":"","background-image":"","background-repeat":"repeat","background-position":"center center","background-size":"auto","background-attachment":"scroll","background-type":"","background-media":"","overlay-type":"","overlay-color":"","overlay-opacity":"","overlay-gradient":""},"mobile":{"background-color":"","background-image":"","background-repeat":"repeat","background-position":"center center","background-size":"auto","background-attachment":"scroll","background-type":"","background-media":"","overlay-type":"","overlay-color":"","overlay-opacity":"","overlay-gradient":""}},"ast-content-background-meta":{"desktop":{"background-color":"var(--ast-global-color-5)","background-image":"","background-repeat":"repeat","background-position":"center center","background-size":"auto","background-attachment":"scroll","background-type":"","background-media":"","overlay-type":"","overlay-color":"","overlay-opacity":"","overlay-gradient":""},"tablet":{"background-color":"var(--ast-global-color-5)","background-image":"","background-repeat":"repeat","background-position":"center center","background-size":"auto","background-attachment":"scroll","background-type":"","background-media":"","overlay-type":"","overlay-color":"","overlay-opacity":"","overlay-gradient":""},"mobile":{"background-color":"var(--ast-global-color-5)","background-image":"","background-repeat":"repeat","background-position":"center center","background-size":"auto","background-attachment":"scroll","background-type":"","background-media":"","overlay-type":"","overlay-color":"","overlay-opacity":"","overlay-gradient":""}}},"product_brand":[],"product_cat":[55,17],"product_tag":[69],"class_list":{"0":"post-1718","1":"product","2":"type-product","3":"status-publish","4":"has-post-thumbnail","6":"product_cat-passport-renewals","7":"product_cat-globaldocs","8":"product_tag-passport-renewal","9":"desktop-align-left","10":"tablet-align-left","11":"mobile-align-left","13":"first","14":"instock","15":"shipping-taxable","16":"purchasable","17":"product-type-simple"},"_links":{"self":[{"href":"https:\/\/globaldocs.store\/sv\/wp-json\/wp\/v2\/product\/1718","targetHints":{"allow":["GET"]}}],"collection":[{"href":"https:\/\/globaldocs.store\/sv\/wp-json\/wp\/v2\/product"}],"about":[{"href":"https:\/\/globaldocs.store\/sv\/wp-json\/wp\/v2\/types\/product"}],"replies":[{"embeddable":true,"href":"https:\/\/globaldocs.store\/sv\/wp-json\/wp\/v2\/comments?post=1718"}],"version-history":[{"count":1,"href":"https:\/\/globaldocs.store\/sv\/wp-json\/wp\/v2\/product\/1718\/revisions"}],"predecessor-version":[{"id":1720,"href":"https:\/\/globaldocs.store\/sv\/wp-json\/wp\/v2\/product\/1718\/revisions\/1720"}],"wp:featuredmedia":[{"embeddable":true,"href":"https:\/\/globaldocs.store\/sv\/wp-json\/wp\/v2\/media\/1719"}],"wp:attachment":[{"href":"https:\/\/globaldocs.store\/sv\/wp-json\/wp\/v2\/media?parent=1718"}],"wp:term":[{"taxonomy":"product_brand","embeddable":true,"href":"https:\/\/globaldocs.store\/sv\/wp-json\/wp\/v2\/product_brand?post=1718"},{"taxonomy":"product_cat","embeddable":true,"href":"https:\/\/globaldocs.store\/sv\/wp-json\/wp\/v2\/product_cat?post=1718"},{"taxonomy":"product_tag","embeddable":true,"href":"https:\/\/globaldocs.store\/sv\/wp-json\/wp\/v2\/product_tag?post=1718"}],"curies":[{"name":"wp","href":"https:\/\/api.w.org\/{rel}","templated":true}]}}