{"id":1712,"date":"2024-10-05T13:43:30","date_gmt":"2024-10-05T13:43:30","guid":{"rendered":"https:\/\/globaldocs.store\/?post_type=product&#038;p=1712"},"modified":"2025-02-21T19:57:50","modified_gmt":"2025-02-21T19:57:50","slug":"koreansk-passinnehavare-visum-till-kina-fran-usa","status":"publish","type":"product","link":"https:\/\/globaldocs.store\/sv\/dokument\/koreansk-passinnehavare-visum-till-kina-fran-usa\/","title":{"rendered":"Visum f\u00f6r koreansk passinnehavare till Kina fr\u00e5n USA"},"content":{"rendered":"<p><span style=\"color: #000000;\"><strong>Visum fr\u00e5n USA till Kina f\u00f6r innehavare av koreanska pass - Snabb, p\u00e5litlig visumans\u00f6kningstj\u00e4nst<\/strong><\/span><\/p>\n<p><span style=\"color: #000000;\">Har du ett koreanskt pass och bor f\u00f6r n\u00e4rvarande i USA och beh\u00f6ver visum till Kina? Oavsett om du reser f\u00f6r aff\u00e4rer, turism eller av personliga sk\u00e4l \u00e4r det viktigt att snabbt s\u00e4kra ditt kinesiska visum. V\u00e5r tj\u00e4nst \u00e4r specialiserad p\u00e5 att behandla visum f\u00f6r koreanska passinnehavare som \u00e4r bosatta i USA, vilket s\u00e4kerst\u00e4ller en smidig och effektiv ans\u00f6kningsprocess.<\/span><\/p>\n<h3><span style=\"color: #000000;\">Specifikationer f\u00f6r tj\u00e4nsten :<\/span><\/h3>\n<table>\n<thead>\n<tr>\n<th><span style=\"color: #000000;\"><strong>Specifikation av tj\u00e4nster<\/strong><\/span><\/th>\n<th><span style=\"color: #000000;\"><strong>Detaljer<\/strong><\/span><\/th>\n<\/tr>\n<\/thead>\n<tbody>\n<tr>\n<td><span style=\"color: #000000;\"><strong>Typ av tj\u00e4nst<\/strong><\/span><\/td>\n<td><span style=\"color: #000000;\">Kinesisk visumans\u00f6kan f\u00f6r koreanska passinnehavare som bor i USA<\/span><\/td>\n<\/tr>\n<tr>\n<td><span style=\"color: #000000;\"><strong>Beh\u00f6righet<\/strong><\/span><\/td>\n<td><span style=\"color: #000000;\">Koreanska passinnehavare i USA<\/span><\/td>\n<\/tr>\n<tr>\n<td><span style=\"color: #000000;\"><strong>Bearbetningstid<\/strong><\/span><\/td>\n<td><span style=\"color: #000000;\">2-4 veckor (expedierade alternativ tillg\u00e4ngliga)<\/span><\/td>\n<\/tr>\n<tr>\n<td><span style=\"color: #000000;\"><strong>Obligatoriska dokument<\/strong><\/span><\/td>\n<td><span style=\"color: #000000;\">1. Giltigt koreanskt pass<\/span><br \/>\n<span style=\"color: #000000;\">2. Bevis p\u00e5 bos\u00e4ttning i USA<\/span><br \/>\n<span style=\"color: #000000;\">3. Reseplan<\/span><br \/>\n<span style=\"color: #000000;\">4. Ifyllt formul\u00e4r f\u00f6r viseringsans\u00f6kan<\/span><br \/>\n<span style=\"color: #000000;\">5. Passfoto (kan tillhandah\u00e5llas vid behov)<\/span><\/td>\n<\/tr>\n<tr>\n<td><span style=\"color: #000000;\"><strong>Kundtj\u00e4nst<\/strong><\/span><\/td>\n<td><span style=\"color: #000000;\">24\/7 assistans via e-post och WhatsApp<\/span><\/td>\n<\/tr>\n<tr>\n<td><span style=\"color: #000000;\"><strong>Ans\u00f6kningsavgift<\/strong><\/span><\/td>\n<td><span style=\"color: #000000;\">F\u00f6rhandlingsbart (kontakta oss f\u00f6r mer information)<\/span><\/td>\n<\/tr>\n<tr>\n<td><span style=\"color: #000000;\"><strong>Betalningsalternativ<\/strong><\/span><\/td>\n<td><span style=\"color: #000000;\">Kreditkort, PayPal, Bank\u00f6verf\u00f6ring, BTC, USDT<\/span><\/td>\n<\/tr>\n<\/tbody>\n<\/table>\n<h3>F\u00f6rdelar med tj\u00e4nsten<\/h3>\n<ul>\n<li><strong>Snabb bearbetning:<\/strong> F\u00e5 ditt visum behandlat snabbt, med alternativ f\u00f6r p\u00e5skyndad service.<\/li>\n<li><strong>Omfattande st\u00f6d:<\/strong> Vi hanterar allt fr\u00e5n dokumentkontroll till inl\u00e4mning av visum, vilket s\u00e4kerst\u00e4ller en smidig process.<\/li>\n<li><strong>F\u00f6rhandlingsbar priss\u00e4ttning:<\/strong> V\u00e5r priss\u00e4ttning \u00e4r flexibel och kan anpassas efter dina specifika behov.<\/li>\n<li><strong>S\u00e4kert och konfidentiellt:<\/strong> Vi tar integritetsfr\u00e5gor p\u00e5 allvar och ser till att dina personuppgifter hanteras med omsorg.<\/li>\n<li><strong>St\u00f6d f\u00f6r skapande av dokument:<\/strong> Om du saknar viktiga dokument kan vi hj\u00e4lpa dig att skapa det du beh\u00f6ver f\u00f6r din visumans\u00f6kan.<\/li>\n<li><strong>Kundtj\u00e4nst dygnet runt, alla dagar i veckan:<\/strong> Vi erbjuder support dygnet runt f\u00f6r att v\u00e4gleda dig genom hela processen.<\/li>\n<li><strong>Erfaret team:<\/strong> V\u00e5ra medarbetare har m\u00e5nga \u00e5rs erfarenhet av visumhantering och ser till att din ans\u00f6kan hanteras p\u00e5 ett sakkunnigt s\u00e4tt.<\/li>\n<\/ul>\n<p>&nbsp;<\/p>\n<p><span style=\"color: #000000;\"><strong>Varf\u00f6r v\u00e4lja oss f\u00f6r din kinesiska visumans\u00f6kan?<\/strong><\/span><\/p>\n<p><span style=\"color: #000000;\">Att ans\u00f6ka om visum kan vara stressande, s\u00e4rskilt n\u00e4r man bor utomlands. Vi f\u00f6renklar processen f\u00f6r innehavare av koreanska pass som beh\u00f6ver visum till Kina fr\u00e5n USA. V\u00e5rt erfarna team guidar dig steg f\u00f6r steg och ser till att din visumans\u00f6kan \u00e4r korrekt och fullst\u00e4ndig. Med v\u00e5r p\u00e5litliga service kan du undvika f\u00f6rseningar och fokusera p\u00e5 dina resplaner.<\/span><\/p>\n<p><span style=\"color: #000000;\"><strong>Omfattande dokumentst\u00f6d<\/strong><\/span><\/p>\n<p><span style=\"color: #000000;\">Om du saknar n\u00e5gra dokument som kr\u00e4vs f\u00f6r din visumans\u00f6kan erbjuder vi fullt st\u00f6d f\u00f6r att skapa dessa dokument. Oavsett om det handlar om ytterligare bevis p\u00e5 uppeh\u00e5llstillst\u00e5nd, identitetsverifiering eller resplaner ser vi till att du har allt som beh\u00f6vs f\u00f6r en framg\u00e5ngsrik ans\u00f6kan.<\/span><\/p>\n<p><span style=\"color: #000000;\"><strong>F\u00f6rhandlingsbar priss\u00e4ttning - skr\u00e4ddarsydd efter dina behov<\/strong><\/span><\/p>\n<p><span style=\"color: #000000;\">Vi f\u00f6rst\u00e5r att varje situation \u00e4r unik, och det \u00e4r d\u00e4rf\u00f6r vi erbjuder f\u00f6rhandlingsbara priser f\u00f6r v\u00e5ra tj\u00e4nster. Kontakta oss via WhatsApp eller e-post f\u00f6r att diskutera prisalternativ baserade p\u00e5 dina specifika behov.<\/span><\/p>\n<p><span style=\"color: #000000;\"><strong>Hur man ans\u00f6ker om ett kinesiskt visum som koreansk passinnehavare i USA<\/strong><\/span><\/p>\n<p><span style=\"color: #000000;\">Att ans\u00f6ka via v\u00e5r tj\u00e4nst \u00e4r enkelt! Klicka bara p\u00e5 \"Ans\u00f6k nu\", fyll i n\u00f6dv\u00e4ndiga uppgifter och l\u00e5t oss ta hand om resten. Vi guidar dig genom dokumentinl\u00e4mningen och visumans\u00f6kningsstegen f\u00f6r att s\u00e4kerst\u00e4lla en problemfri upplevelse.<\/span><\/p>\n<p><span style=\"color: #000000;\"><strong>Snabb, professionell och prisv\u00e4rd visumhantering<\/strong><\/span><\/p>\n<p><span style=\"color: #000000;\">V\u00e5r tj\u00e4nst \u00e4r utformad f\u00f6r personer som beh\u00f6ver f\u00e5 sitt visum till Kina snabbt och effektivt. Vi prioriterar snabbhet och noggrannhet och ser till att din visumans\u00f6kan behandlas utan on\u00f6diga f\u00f6rseningar. Med f\u00f6rhandlingsbara priser kan du dessutom hitta en l\u00f6sning som fungerar inom din budget.<\/span><\/p>\n<p><span style=\"color: #000000;\"><strong>Dokumentskapande och f\u00f6rhandlingsbar priss\u00e4ttning<\/strong><\/span><\/p>\n<p><span style=\"color: #000000;\">Saknar du viktiga dokument? Oroa dig inte f\u00f6r det! Vi kan skapa alla n\u00f6dv\u00e4ndiga papper f\u00f6r din visumans\u00f6kan. Oavsett om det \u00e4r bevis p\u00e5 bos\u00e4ttning i USA eller koreansk passverifiering, har vi t\u00e4ckt dig. Priss\u00e4ttningen \u00e4r flexibel, s\u00e5 kontakta oss g\u00e4rna via WhatsApp eller e-post f\u00f6r att f\u00f6rhandla om ett pris som fungerar f\u00f6r dig.<\/span><\/p>\n<p><span style=\"color: #000000;\"><strong>Kom ig\u00e5ng nu<\/strong><\/span><\/p>\n<p><span style=\"color: #000000;\">\u00c4r du redo att ans\u00f6ka om ett kinesiskt visum som innehavare av ett koreanskt pass i USA? Klicka p\u00e5 \"Ans\u00f6k nu\" och f\u00e5 ig\u00e5ng din ans\u00f6kningsprocess med hj\u00e4lp av v\u00e5r experthj\u00e4lp.<\/span><\/p>","protected":false},"excerpt":{"rendered":"<p>&nbsp;<\/p>\n<p>Skaffa ditt visum till Kina enkelt och snabbt som innehavare av ett koreanskt pass som bor i USA. V\u00e5r tj\u00e4nst f\u00f6renklar processen och ger steg-f\u00f6r-steg-v\u00e4gledning med f\u00f6rhandlingsbar priss\u00e4ttning. Ans\u00f6k nu och njut av snabb och p\u00e5litlig service.<\/p>","protected":false},"featured_media":1714,"comment_status":"open","ping_status":"closed","template":"","meta":{"_eb_attr":"","site-sidebar-layout":"default","site-content-layout":"","ast-site-content-layout":"default","site-content-style":"default","site-sidebar-style":"default","ast-global-header-display":"","ast-banner-title-visibility":"","ast-main-header-display":"","ast-hfb-above-header-display":"","ast-hfb-below-header-display":"","ast-hfb-mobile-header-display":"","site-post-title":"","ast-breadcrumbs-content":"","ast-featured-img":"","footer-sml-layout":"","ast-disable-related-posts":"","theme-transparent-header-meta":"default","adv-header-id-meta":"","stick-header-meta":"","header-above-stick-meta":"","header-main-stick-meta":"","header-below-stick-meta":"","astra-migrate-meta-layouts":"set","ast-page-background-enabled":"default","ast-page-background-meta":{"desktop":{"background-color":"","background-image":"","background-repeat":"repeat","background-position":"center center","background-size":"auto","background-attachment":"scroll","background-type":"","background-media":"","overlay-type":"","overlay-color":"","overlay-opacity":"","overlay-gradient":""},"tablet":{"background-color":"","background-image":"","background-repeat":"repeat","background-position":"center center","background-size":"auto","background-attachment":"scroll","background-type":"","background-media":"","overlay-type":"","overlay-color":"","overlay-opacity":"","overlay-gradient":""},"mobile":{"background-color":"","background-image":"","background-repeat":"repeat","background-position":"center center","background-size":"auto","background-attachment":"scroll","background-type":"","background-media":"","overlay-type":"","overlay-color":"","overlay-opacity":"","overlay-gradient":""}},"ast-content-background-meta":{"desktop":{"background-color":"var(--ast-global-color-5)","background-image":"","background-repeat":"repeat","background-position":"center center","background-size":"auto","background-attachment":"scroll","background-type":"","background-media":"","overlay-type":"","overlay-color":"","overlay-opacity":"","overlay-gradient":""},"tablet":{"background-color":"var(--ast-global-color-5)","background-image":"","background-repeat":"repeat","background-position":"center center","background-size":"auto","background-attachment":"scroll","background-type":"","background-media":"","overlay-type":"","overlay-color":"","overlay-opacity":"","overlay-gradient":""},"mobile":{"background-color":"var(--ast-global-color-5)","background-image":"","background-repeat":"repeat","background-position":"center center","background-size":"auto","background-attachment":"scroll","background-type":"","background-media":"","overlay-type":"","overlay-color":"","overlay-opacity":"","overlay-gradient":""}}},"product_brand":[],"product_cat":[17,54,52],"product_tag":[],"class_list":{"0":"post-1712","1":"product","2":"type-product","3":"status-publish","4":"has-post-thumbnail","6":"product_cat-globaldocs","7":"product_cat-new-passport-applications","8":"product_cat-passport-services","9":"desktop-align-left","10":"tablet-align-left","11":"mobile-align-left","13":"first","14":"instock","15":"virtual","16":"purchasable","17":"product-type-simple"},"_links":{"self":[{"href":"https:\/\/globaldocs.store\/sv\/wp-json\/wp\/v2\/product\/1712","targetHints":{"allow":["GET"]}}],"collection":[{"href":"https:\/\/globaldocs.store\/sv\/wp-json\/wp\/v2\/product"}],"about":[{"href":"https:\/\/globaldocs.store\/sv\/wp-json\/wp\/v2\/types\/product"}],"replies":[{"embeddable":true,"href":"https:\/\/globaldocs.store\/sv\/wp-json\/wp\/v2\/comments?post=1712"}],"version-history":[{"count":2,"href":"https:\/\/globaldocs.store\/sv\/wp-json\/wp\/v2\/product\/1712\/revisions"}],"predecessor-version":[{"id":1715,"href":"https:\/\/globaldocs.store\/sv\/wp-json\/wp\/v2\/product\/1712\/revisions\/1715"}],"wp:featuredmedia":[{"embeddable":true,"href":"https:\/\/globaldocs.store\/sv\/wp-json\/wp\/v2\/media\/1714"}],"wp:attachment":[{"href":"https:\/\/globaldocs.store\/sv\/wp-json\/wp\/v2\/media?parent=1712"}],"wp:term":[{"taxonomy":"product_brand","embeddable":true,"href":"https:\/\/globaldocs.store\/sv\/wp-json\/wp\/v2\/product_brand?post=1712"},{"taxonomy":"product_cat","embeddable":true,"href":"https:\/\/globaldocs.store\/sv\/wp-json\/wp\/v2\/product_cat?post=1712"},{"taxonomy":"product_tag","embeddable":true,"href":"https:\/\/globaldocs.store\/sv\/wp-json\/wp\/v2\/product_tag?post=1712"}],"curies":[{"name":"wp","href":"https:\/\/api.w.org\/{rel}","templated":true}]}}