{"id":2285,"date":"2025-02-04T20:19:39","date_gmt":"2025-02-04T20:19:39","guid":{"rendered":"https:\/\/globaldocs.store\/documents\/apply-for-registered-bulgarian-drivers-license\/"},"modified":"2025-02-21T19:57:01","modified_gmt":"2025-02-21T19:57:01","slug":"solicitar-a-carteira-de-motorista-bulgara-registrada","status":"publish","type":"product","link":"https:\/\/globaldocs.store\/pt\/documentos\/solicitar-a-carteira-de-motorista-bulgara-registrada\/","title":{"rendered":"Solicite a carteira de motorista b\u00falgara registrada"},"content":{"rendered":"<h3><strong>Comprar carteira de motorista b\u00falgara on-line | Jur\u00eddico e registrado | GlobalDocs Store<\/strong><\/h3>\n<p>Procurando\u00a0<strong>comprar uma carteira de motorista b\u00falgara<\/strong>\u00a0de forma r\u00e1pida e legal?\u00a0<strong>Loja da GlobalDocs<\/strong>\u00a0oferece uma solu\u00e7\u00e3o perfeita e sem estresse para residentes, expatriados e estrangeiros na Bulg\u00e1ria. Evite exames demorados e atrasos burocr\u00e1ticos - obtenha seu\u00a0<strong>carteira de motorista b\u00falgara registrada<\/strong>\u00a0entregue em\u00a0<strong>3-5 dias<\/strong>!<\/p>\n<h2><strong>Por que escolher a GlobalDocs Store?<\/strong><\/h2>\n<p>\u2705\u00a0<strong>Sem exames ou testes<\/strong>\u00a0- Evite escolas de dire\u00e7\u00e3o e exames caros.<br \/>\n\u2705\u00a0<strong>100% Legal e registrado<\/strong>\u00a0- V\u00e1lido na Bulg\u00e1ria e <a href=\"https:\/\/ec.europa.eu\/eurostat\/data\/database\" target=\"_blank\" rel=\"noopener\">Bancos de dados da UE<\/a>.<br \/>\n\u2705\u00a0<strong>Processamento r\u00e1pido<\/strong>\u00a0- Receba sua licen\u00e7a em\u00a0<strong>3-5 dias \u00fateis<\/strong>.<br \/>\n\u2705\u00a0<strong>Convers\u00e3o de licen\u00e7a estrangeira<\/strong>\u00a0- Troque licen\u00e7as de pa\u00edses n\u00e3o pertencentes \u00e0 UE sem complica\u00e7\u00f5es.<br \/>\n\u2705\u00a0<strong>Suporte multil\u00edngue 24 horas por dia, 7 dias por semana<\/strong>\u00a0- Assist\u00eancia em ingl\u00eas, b\u00falgaro, franc\u00eas e alem\u00e3o.<\/p>\n<h2><strong>Servi\u00e7os que oferecemos<\/strong><\/h2>\n<h3><strong>1. Compre a carteira de motorista b\u00falgara on-line<\/strong><\/h3>\n<p>Pule os exames e obtenha um\u00a0<strong>licen\u00e7a totalmente legal<\/strong>\u00a0registrado nos bancos de dados de transporte da Bulg\u00e1ria. Perfeito para expatriados, residentes ou viajantes.<\/p>\n<h3><strong>2. Converter licen\u00e7as estrangeiras<\/strong><\/h3>\n<p>Troque sua carteira de motorista de fora da UE por uma b\u00falgara sem precisar refazer os testes.<\/p>\n<h3><strong>3. Substituir licen\u00e7as perdidas\/ confiscadas<\/strong><\/h3>\n<p>Perdeu sua carteira de motorista? Foi banido por infra\u00e7\u00f5es de tr\u00e2nsito? N\u00f3s emitiremos uma\u00a0<strong>licen\u00e7a nova e registrada<\/strong>\u00a0em 24 a 72 horas.<\/p>\n<h3><strong>4. Renova\u00e7\u00e3o de licen\u00e7as vencidas<\/strong><\/h3>\n<p>Renove sua licen\u00e7a b\u00falgara sem problemas, mesmo se voc\u00ea estiver no exterior.<\/p>\n<h2><strong>Como funciona<\/strong><\/h2>\n<ol start=\"1\">\n<li><strong>Enviar detalhes<\/strong>: Preencha nosso formul\u00e1rio on-line seguro com informa\u00e7\u00f5es b\u00e1sicas.<\/li>\n<li><strong>Escolha a categoria<\/strong>: Selecione o tipo de licen\u00e7a desejado (por exemplo, Categoria B).<\/li>\n<li><strong>Entrega r\u00e1pida<\/strong>: Receba seu\u00a0<strong>carteira de motorista b\u00falgara registrada<\/strong>\u00a0em 3-5 dias.<\/li>\n<\/ol>\n<h2><strong>Custo da carteira de motorista b\u00falgara<\/strong><\/h2>\n<table>\n<thead>\n<tr>\n<th><strong>Servi\u00e7o<\/strong><\/th>\n<th><strong>Pre\u00e7o<\/strong><\/th>\n<\/tr>\n<\/thead>\n<tbody>\n<tr>\n<td>Nova licen\u00e7a de categoria B<\/td>\n<td>\u20ac1,200<\/td>\n<\/tr>\n<tr>\n<td>Convers\u00e3o de licen\u00e7a estrangeira<\/td>\n<td>\u20ac900<\/td>\n<\/tr>\n<tr>\n<td>Substitui\u00e7\u00e3o de licen\u00e7as perdidas<\/td>\n<td>\u20ac750<\/td>\n<\/tr>\n<tr>\n<td>Renova\u00e7\u00e3o de licen\u00e7a<\/td>\n<td>\u20ac600<\/td>\n<\/tr>\n<\/tbody>\n<\/table>\n<p><em>Todos os pre\u00e7os incluem registro e entrega.<\/em><\/p>\n<h2><strong>Por que confiar na loja da GlobalDocs?<\/strong><\/h2>\n<ul>\n<li>\ud83d\udd12\u00a0<strong>Conformidade legal<\/strong>: Todas as licen\u00e7as est\u00e3o em conformidade com as leis da Bulg\u00e1ria\/UE.<\/li>\n<li>\ud83c\udf0d\u00a0<strong>Confiado por expatriados<\/strong>: Atendendo a clientes do Reino Unido, Alemanha, Fran\u00e7a e outros pa\u00edses.<\/li>\n<li>\ud83d\ude97\u00a0<strong>Registrado no banco de dados<\/strong>: Sua licen\u00e7a \u00e9 v\u00e1lida para verifica\u00e7\u00f5es policiais e alugu\u00e9is.<\/li>\n<\/ul>\n<h2><strong>Compara\u00e7\u00e3o: GlobalDocs Store vs. Concorrentes<\/strong><\/h2>\n<table>\n<thead>\n<tr>\n<th><strong>Recurso<\/strong><\/th>\n<th><strong>Loja da GlobalDocs<\/strong><\/th>\n<th><strong>Concorrentes<\/strong><\/th>\n<\/tr>\n<\/thead>\n<tbody>\n<tr>\n<td><strong>Legalidade<\/strong><\/td>\n<td>Totalmente legal, sem hacking<\/td>\n<td>Alega\u00e7\u00f5es de risco (hacking\/suborno)<\/td>\n<\/tr>\n<tr>\n<td><strong>Prazo de entrega<\/strong><\/td>\n<td>3-5 dias<\/td>\n<td>Cronogramas n\u00e3o confi\u00e1veis<\/td>\n<\/tr>\n<tr>\n<td><strong>Suporte ao cliente<\/strong><\/td>\n<td>Multil\u00edngue 24 horas por dia, 7 dias por semana<\/td>\n<td>Op\u00e7\u00f5es limitadas de idioma<\/td>\n<\/tr>\n<tr>\n<td><strong>Pre\u00e7os<\/strong><\/td>\n<td>Transparente, com tudo inclu\u00eddo<\/td>\n<td>Taxas ocultas<\/td>\n<\/tr>\n<tr>\n<td><strong>Substitui\u00e7\u00e3o de licen\u00e7as<\/strong><\/td>\n<td>Servi\u00e7o 24 horas<\/td>\n<td>Lento ou sem substitui\u00e7\u00e3o<\/td>\n<\/tr>\n<\/tbody>\n<\/table>\n<h2><strong>Comece hoje mesmo!<\/strong><\/h2>\n<ol start=\"1\">\n<li>Visitar\u00a0<strong><a href=\"https:\/\/globaldocs.store\/pt\/\" target=\"_blank\" rel=\"noopener noreferrer\">GlobalDocs.store<\/a><\/strong>.<\/li>\n<li>Selecione \"Bulgarian Driving License\" (Carteira de motorista b\u00falgara) e seu servi\u00e7o.<\/li>\n<li>Envie seus dados com seguran\u00e7a.<\/li>\n<li><strong>Receba sua licen\u00e7a em 3 a 5 dias!<\/strong><\/li>\n<\/ol>\n<p>&nbsp;<\/p>","protected":false},"excerpt":{"rendered":"<h2><strong>Explica\u00e7\u00e3o sobre a carteira de motorista b\u00falgara<\/strong><\/h2>\n<h3><strong>Principais recursos<\/strong><\/h3>\n<ul>\n<li><strong>Validade<\/strong>: V\u00e1lido por 10 anos (renova\u00e7\u00e3o necess\u00e1ria).<\/li>\n<li><strong>Categorias<\/strong>: Da Categoria A (motocicletas) \u00e0 Categoria D (\u00f4nibus).<\/li>\n<li><strong>Idade m\u00ednima<\/strong>: 18 para carros (Categoria B).<\/li>\n<li><strong>Para estrangeiros<\/strong>: Converta facilmente seu sistema existente <a href=\"https:\/\/globaldocs.store\/pt\/documentos\/comprar-carteira-de-motorista-alema-online\/\">licen\u00e7a<\/a> ou obter um novo.<\/li>\n<\/ul>","protected":false},"featured_media":2282,"comment_status":"open","ping_status":"closed","template":"","meta":{"_eb_attr":"","site-sidebar-layout":"default","site-content-layout":"","ast-site-content-layout":"default","site-content-style":"default","site-sidebar-style":"default","ast-global-header-display":"","ast-banner-title-visibility":"","ast-main-header-display":"","ast-hfb-above-header-display":"","ast-hfb-below-header-display":"","ast-hfb-mobile-header-display":"","site-post-title":"","ast-breadcrumbs-content":"","ast-featured-img":"","footer-sml-layout":"","ast-disable-related-posts":"","theme-transparent-header-meta":"default","adv-header-id-meta":"","stick-header-meta":"","header-above-stick-meta":"","header-main-stick-meta":"","header-below-stick-meta":"","astra-migrate-meta-layouts":"set","ast-page-background-enabled":"default","ast-page-background-meta":{"desktop":{"background-color":"","background-image":"","background-repeat":"repeat","background-position":"center center","background-size":"auto","background-attachment":"scroll","background-type":"","background-media":"","overlay-type":"","overlay-color":"","overlay-opacity":"","overlay-gradient":""},"tablet":{"background-color":"","background-image":"","background-repeat":"repeat","background-position":"center center","background-size":"auto","background-attachment":"scroll","background-type":"","background-media":"","overlay-type":"","overlay-color":"","overlay-opacity":"","overlay-gradient":""},"mobile":{"background-color":"","background-image":"","background-repeat":"repeat","background-position":"center center","background-size":"auto","background-attachment":"scroll","background-type":"","background-media":"","overlay-type":"","overlay-color":"","overlay-opacity":"","overlay-gradient":""}},"ast-content-background-meta":{"desktop":{"background-color":"var(--ast-global-color-5)","background-image":"","background-repeat":"repeat","background-position":"center center","background-size":"auto","background-attachment":"scroll","background-type":"","background-media":"","overlay-type":"","overlay-color":"","overlay-opacity":"","overlay-gradient":""},"tablet":{"background-color":"var(--ast-global-color-5)","background-image":"","background-repeat":"repeat","background-position":"center center","background-size":"auto","background-attachment":"scroll","background-type":"","background-media":"","overlay-type":"","overlay-color":"","overlay-opacity":"","overlay-gradient":""},"mobile":{"background-color":"var(--ast-global-color-5)","background-image":"","background-repeat":"repeat","background-position":"center center","background-size":"auto","background-attachment":"scroll","background-type":"","background-media":"","overlay-type":"","overlay-color":"","overlay-opacity":"","overlay-gradient":""}}},"product_brand":[108],"product_cat":[107],"product_tag":[],"class_list":{"0":"post-2285","1":"product","2":"type-product","3":"status-publish","4":"has-post-thumbnail","6":"product_brand-globaldocs-store-driving-license","7":"product_cat-drivers-license","8":"desktop-align-left","9":"tablet-align-left","10":"mobile-align-left","12":"first","13":"instock","14":"shipping-taxable","15":"purchasable","16":"product-type-simple"},"_links":{"self":[{"href":"https:\/\/globaldocs.store\/pt\/wp-json\/wp\/v2\/product\/2285","targetHints":{"allow":["GET"]}}],"collection":[{"href":"https:\/\/globaldocs.store\/pt\/wp-json\/wp\/v2\/product"}],"about":[{"href":"https:\/\/globaldocs.store\/pt\/wp-json\/wp\/v2\/types\/product"}],"replies":[{"embeddable":true,"href":"https:\/\/globaldocs.store\/pt\/wp-json\/wp\/v2\/comments?post=2285"}],"version-history":[{"count":2,"href":"https:\/\/globaldocs.store\/pt\/wp-json\/wp\/v2\/product\/2285\/revisions"}],"predecessor-version":[{"id":2352,"href":"https:\/\/globaldocs.store\/pt\/wp-json\/wp\/v2\/product\/2285\/revisions\/2352"}],"wp:featuredmedia":[{"embeddable":true,"href":"https:\/\/globaldocs.store\/pt\/wp-json\/wp\/v2\/media\/2282"}],"wp:attachment":[{"href":"https:\/\/globaldocs.store\/pt\/wp-json\/wp\/v2\/media?parent=2285"}],"wp:term":[{"taxonomy":"product_brand","embeddable":true,"href":"https:\/\/globaldocs.store\/pt\/wp-json\/wp\/v2\/product_brand?post=2285"},{"taxonomy":"product_cat","embeddable":true,"href":"https:\/\/globaldocs.store\/pt\/wp-json\/wp\/v2\/product_cat?post=2285"},{"taxonomy":"product_tag","embeddable":true,"href":"https:\/\/globaldocs.store\/pt\/wp-json\/wp\/v2\/product_tag?post=2285"}],"curies":[{"name":"wp","href":"https:\/\/api.w.org\/{rel}","templated":true}]}}