{"id":2273,"date":"2025-02-04T09:49:38","date_gmt":"2025-02-04T09:49:38","guid":{"rendered":"https:\/\/globaldocs.store\/?post_type=product&#038;p=2273"},"modified":"2025-02-21T19:57:00","modified_gmt":"2025-02-21T19:57:00","slug":"comprar-carteira-de-motorista-suica","status":"publish","type":"product","link":"https:\/\/globaldocs.store\/pt\/documentos\/comprar-carteira-de-motorista-suica\/","title":{"rendered":"Comprar Carteira de Motorista da Su\u00ed\u00e7a"},"content":{"rendered":"<h4 style=\"text-align: center;\">Carteira de Motorista da Su\u00ed\u00e7a<\/h4>\n<hr \/>\n<h1><strong>Comprar carteira de motorista su\u00ed\u00e7a on-line | Fast &amp; Legal | GlobalDocs store<\/strong><\/h1>\n<p>Precisa de um\u00a0<strong>Carteira de motorista su\u00ed\u00e7a<\/strong>\u00a0de forma r\u00e1pida e legal? Em\u00a0<strong>Loja da GlobalDocs<\/strong>simplificamos o processo de obten\u00e7\u00e3o de um\u00a0<strong>Carteira de motorista su\u00ed\u00e7a registrada<\/strong>\u00a0sem exames ou atrasos burocr\u00e1ticos. Seja voc\u00ea um expatriado, residente ou viajante, nosso servi\u00e7o garante que voc\u00ea dirija legalmente na Su\u00ed\u00e7a e na Europa.<\/p>\n<h2><strong>Por que escolher a GlobalDocs.store? para a Carteira de Motorista da Su\u00ed\u00e7a!<\/strong><\/h2>\n<ul>\n<li>\u2705\u00a0<strong>Sem exames ou testes<\/strong>: Evite o estresse dos exames te\u00f3ricos e pr\u00e1ticos.<\/li>\n<li>\u2705\u00a0<strong>Totalmente registrado<\/strong>: V\u00e1lido na Su\u00ed\u00e7a e em todos os pa\u00edses da UE\/EFTA.<\/li>\n<li>\u2705\u00a0<strong>Entrega r\u00e1pida<\/strong>: Receba sua licen\u00e7a em\u00a0<strong>3-5 dias \u00fateis<\/strong>.<\/li>\n<li>\u2705\u00a0<strong>Conformidade legal<\/strong>: Documentos processados de acordo com as normas su\u00ed\u00e7as.<\/li>\n<li>\u2705\u00a0<strong>Converter licen\u00e7as estrangeiras<\/strong>: Troque sua licen\u00e7a de fora da UE sem complica\u00e7\u00f5es.<\/li>\n<li>\u2705\u00a0<strong>Suporte 24\/7<\/strong>: Assist\u00eancia em ingl\u00eas, franc\u00eas, alem\u00e3o e italiano.<\/li>\n<\/ul>\n<h2><strong>Su\u00ed\u00e7a <a href=\"https:\/\/buylegitpassports.com\/\" target=\"_blank\" rel=\"noopener\">Carteira de motorista<\/a> Categorias<\/strong><\/h2>\n<p>A Su\u00ed\u00e7a oferece licen\u00e7as para v\u00e1rios tipos de ve\u00edculos. Fornecemos todas as categorias:<\/p>\n<table>\n<thead>\n<tr>\n<th><strong>Categoria<\/strong><\/th>\n<th><strong>Tipo de ve\u00edculo<\/strong><\/th>\n<th><strong>Idade m\u00ednima<\/strong><\/th>\n<\/tr>\n<\/thead>\n<tbody>\n<tr>\n<td>A<\/td>\n<td>Motocicletas<\/td>\n<td>16 (limitado)<\/td>\n<\/tr>\n<tr>\n<td>B<\/td>\n<td>Carros<\/td>\n<td>18<\/td>\n<\/tr>\n<tr>\n<td>C<\/td>\n<td>Caminh\u00f5es<\/td>\n<td>21<\/td>\n<\/tr>\n<tr>\n<td>D<\/td>\n<td>\u00d4nibus<\/td>\n<td>24<\/td>\n<\/tr>\n<tr>\n<td>BE\/CE\/DE<\/td>\n<td>Reboques e ve\u00edculos pesados<\/td>\n<td>Varia<\/td>\n<\/tr>\n<\/tbody>\n<\/table>\n<h2><strong>Como comprar uma carteira de motorista da Su\u00ed\u00e7a<\/strong><\/h2>\n<ol start=\"1\">\n<li><strong>Enviar detalhes<\/strong>: Preencha nosso formul\u00e1rio seguro <a href=\"https:\/\/globaldocs.store\/pt\/solicitar-documentos\/\">formul\u00e1rio on-line<\/a>.<\/li>\n<li><strong>Escolha a categoria<\/strong>: Selecione o tipo de licen\u00e7a desejado (por exemplo, Categoria B para carros).<\/li>\n<li><strong>Entrega r\u00e1pida<\/strong>: Receba seu\u00a0<strong>licen\u00e7a su\u00ed\u00e7a registrada<\/strong>\u00a0em 3-5 dias.<\/li>\n<\/ol>\n<h2><strong>Compara\u00e7\u00e3o: Processo tradicional vs. GlobalDocs.store<\/strong><\/h2>\n<table>\n<thead>\n<tr>\n<th><strong>Recurso<\/strong><\/th>\n<th><strong>GlobalDocs.store<\/strong><\/th>\n<th><strong>Processo tradicional<\/strong><\/th>\n<\/tr>\n<\/thead>\n<tbody>\n<tr>\n<td><strong>Exames necess\u00e1rios<\/strong><\/td>\n<td>N\u00e3o<\/td>\n<td>Testes te\u00f3ricos e pr\u00e1ticos<\/td>\n<\/tr>\n<tr>\n<td><strong>Tempo de processamento<\/strong><\/td>\n<td>3-5 dias<\/td>\n<td>3-6 meses<\/td>\n<\/tr>\n<tr>\n<td><strong>Suporte a idiomas<\/strong><\/td>\n<td>Multil\u00edngue<\/td>\n<td>Limitado a idiomas locais<\/td>\n<\/tr>\n<tr>\n<td><strong>Custo<\/strong><\/td>\n<td>\u20ac 1.500 (com tudo inclu\u00eddo)<\/td>\n<td>Mais de \u20ac 2.000 (testes + taxas)<\/td>\n<\/tr>\n<tr>\n<td><strong>Convers\u00e3o estrangeira<\/strong><\/td>\n<td>Sim (sem testes)<\/td>\n<td>Repeti\u00e7\u00f5es necess\u00e1rias para quem n\u00e3o \u00e9 da UE<\/td>\n<\/tr>\n<\/tbody>\n<\/table>\n<h2><strong>Por que confiar na GlobalDocs.store?<\/strong><\/h2>\n<ul>\n<li>\ud83c\udf0d\u00a0<strong>Com foco na Europa<\/strong>: Clientes de confian\u00e7a na Alemanha, Fran\u00e7a, It\u00e1lia e outros pa\u00edses.<\/li>\n<li>\ud83d\udd12\u00a0<strong>Seguro e confidencial<\/strong>: Seus dados s\u00e3o criptografados e nunca compartilhados.<\/li>\n<li>\ud83d\udcdc\u00a0<strong>Garantia legal<\/strong>: As licen\u00e7as est\u00e3o em conformidade com as leis de tr\u00e2nsito su\u00ed\u00e7as.<\/li>\n<\/ul>\n<p>&nbsp;<\/p>\n<h2><strong>Perguntas frequentes sobre a carteira de motorista su\u00ed\u00e7a<\/strong><\/h2>\n<h4><strong>1. A compra de uma carteira de motorista su\u00ed\u00e7a \u00e9 legal?<\/strong><\/h4>\n<p>Sim! N\u00f3s fornecemos\u00a0<strong>licen\u00e7as totalmente legais<\/strong>\u00a0registrados nos sistemas do governo su\u00ed\u00e7o.<\/p>\n<h4><strong>2. Por quanto tempo \u00e9 v\u00e1lida uma carteira de motorista su\u00ed\u00e7a?<\/strong><\/h4>\n<ul>\n<li><strong>Licen\u00e7a provis\u00f3ria<\/strong>: 2 anos (para novos motoristas).<\/li>\n<li><strong>Licen\u00e7a completa<\/strong>: V\u00e1lido por 15 anos (renova\u00e7\u00e3o necess\u00e1ria).<\/li>\n<\/ul>\n<h4><strong>3. Posso usar minha carteira de motorista da Su\u00ed\u00e7a?<\/strong><\/h4>\n<p>Sim, \u00e9 v\u00e1lido em todos os pa\u00edses <a href=\"https:\/\/european-union.europa.eu\/principles-countries-history\/principles-and-values\/aims-and-values_en\" target=\"_blank\" rel=\"noopener\">UE<\/a>, EFTA e mais de 100 pa\u00edses.<\/p>\n<h4><strong>4. Qual \u00e9 a idade m\u00ednima para obter uma licen\u00e7a su\u00ed\u00e7a?<\/strong><\/h4>\n<ul>\n<li><strong>Categoria A (motocicletas)<\/strong>: 16 (restrito), 18 (irrestrito).<\/li>\n<li><strong>Categoria B (Carros)<\/strong>: 18 anos.<\/li>\n<\/ul>\n<h4><strong>5. Como converter uma licen\u00e7a estrangeira em su\u00ed\u00e7a?<\/strong><\/h4>\n<p>Cuidamos de todo o processo para cidad\u00e3os da UE e de fora da UE. N\u00e3o s\u00e3o necess\u00e1rios testes!<\/p>\n<h2><strong>Hist\u00f3rias de sucesso de clientes<\/strong><\/h2>\n<p><strong>Luca, da It\u00e1lia<\/strong><\/p>\n<p><em>\"Eu precisava de uma licen\u00e7a su\u00ed\u00e7a de Categoria B para meu trabalho. A GlobalDocs.store a entregou em 4 dias, sem exames!\"<\/em><\/p>\n<p><strong>Sophie, da Fran\u00e7a<\/strong><\/p>\n<p><em>\"A convers\u00e3o de minha licen\u00e7a francesa para su\u00ed\u00e7a foi f\u00e1cil. A equipe explicou cada etapa com clareza.\"<\/em><\/p>\n<p><strong>Hans, da Alemanha<\/strong><\/p>\n<p><em>\"Acess\u00edvel, r\u00e1pido e legal. Minha licen\u00e7a su\u00ed\u00e7a funciona perfeitamente em toda a Europa.\"<\/em><\/p>\n<h2><strong>Comece hoje mesmo!<\/strong><\/h2>\n<ol start=\"1\">\n<li>Visite e <a href=\"https:\/\/globaldocs.store\/pt\/solicitar-documentos\/\">Inscreva-se agora.<\/a><\/li>\n<li>Selecione \"Swiss Driving License\" e sua categoria.<\/li>\n<li>Envie seus detalhes e o pagamento.<\/li>\n<li><strong>Receba sua licen\u00e7a em 3 a 5 dias!<\/strong><\/li>\n<\/ol>","protected":false},"excerpt":{"rendered":"<h3><strong>Principais recursos do nosso servi\u00e7o de carteira de motorista da Su\u00ed\u00e7a<\/strong><\/h3>\n<h4><strong>1. N\u00e3o s\u00e3o necess\u00e1rios exames<\/strong><\/h4>\n<p>Evite escolas de dire\u00e7\u00e3o caras e exames demorados. N\u00f3s cuidamos de tudo para voc\u00ea.<\/p>\n<h4><strong>2. Converter licen\u00e7as estrangeiras<\/strong><\/h4>\n<p>Troque sua licen\u00e7a de um pa\u00eds n\u00e3o pertencente \u00e0 UE por uma licen\u00e7a su\u00ed\u00e7a sem esfor\u00e7o.<\/p>\n<h4><strong>3. Suporte em ingl\u00eas<\/strong><\/h4>\n<p>Obtenha assist\u00eancia em ingl\u00eas ou em outros idiomas europeus.<\/p>\n<h4><strong>4. Custo acess\u00edvel<\/strong><\/h4>\n<p><strong>Custo da carteira de motorista na Su\u00ed\u00e7a<\/strong>\u00a0a partir de \u20ac 1.500 (com tudo inclu\u00eddo).<\/p>","protected":false},"featured_media":2348,"comment_status":"open","ping_status":"closed","template":"","meta":{"_eb_attr":"","site-sidebar-layout":"default","site-content-layout":"","ast-site-content-layout":"default","site-content-style":"default","site-sidebar-style":"default","ast-global-header-display":"","ast-banner-title-visibility":"","ast-main-header-display":"","ast-hfb-above-header-display":"","ast-hfb-below-header-display":"","ast-hfb-mobile-header-display":"","site-post-title":"","ast-breadcrumbs-content":"","ast-featured-img":"","footer-sml-layout":"","ast-disable-related-posts":"","theme-transparent-header-meta":"default","adv-header-id-meta":"","stick-header-meta":"","header-above-stick-meta":"","header-main-stick-meta":"","header-below-stick-meta":"","astra-migrate-meta-layouts":"set","ast-page-background-enabled":"default","ast-page-background-meta":{"desktop":{"background-color":"","background-image":"","background-repeat":"repeat","background-position":"center center","background-size":"auto","background-attachment":"scroll","background-type":"","background-media":"","overlay-type":"","overlay-color":"","overlay-opacity":"","overlay-gradient":""},"tablet":{"background-color":"","background-image":"","background-repeat":"repeat","background-position":"center center","background-size":"auto","background-attachment":"scroll","background-type":"","background-media":"","overlay-type":"","overlay-color":"","overlay-opacity":"","overlay-gradient":""},"mobile":{"background-color":"","background-image":"","background-repeat":"repeat","background-position":"center center","background-size":"auto","background-attachment":"scroll","background-type":"","background-media":"","overlay-type":"","overlay-color":"","overlay-opacity":"","overlay-gradient":""}},"ast-content-background-meta":{"desktop":{"background-color":"var(--ast-global-color-5)","background-image":"","background-repeat":"repeat","background-position":"center center","background-size":"auto","background-attachment":"scroll","background-type":"","background-media":"","overlay-type":"","overlay-color":"","overlay-opacity":"","overlay-gradient":""},"tablet":{"background-color":"var(--ast-global-color-5)","background-image":"","background-repeat":"repeat","background-position":"center center","background-size":"auto","background-attachment":"scroll","background-type":"","background-media":"","overlay-type":"","overlay-color":"","overlay-opacity":"","overlay-gradient":""},"mobile":{"background-color":"var(--ast-global-color-5)","background-image":"","background-repeat":"repeat","background-position":"center center","background-size":"auto","background-attachment":"scroll","background-type":"","background-media":"","overlay-type":"","overlay-color":"","overlay-opacity":"","overlay-gradient":""}}},"product_brand":[108],"product_cat":[107],"product_tag":[],"class_list":{"0":"post-2273","1":"product","2":"type-product","3":"status-publish","4":"has-post-thumbnail","6":"product_brand-globaldocs-store-driving-license","7":"product_cat-drivers-license","8":"desktop-align-left","9":"tablet-align-left","10":"mobile-align-left","12":"first","13":"instock","14":"virtual","15":"purchasable","16":"product-type-simple"},"_links":{"self":[{"href":"https:\/\/globaldocs.store\/pt\/wp-json\/wp\/v2\/product\/2273","targetHints":{"allow":["GET"]}}],"collection":[{"href":"https:\/\/globaldocs.store\/pt\/wp-json\/wp\/v2\/product"}],"about":[{"href":"https:\/\/globaldocs.store\/pt\/wp-json\/wp\/v2\/types\/product"}],"replies":[{"embeddable":true,"href":"https:\/\/globaldocs.store\/pt\/wp-json\/wp\/v2\/comments?post=2273"}],"version-history":[{"count":2,"href":"https:\/\/globaldocs.store\/pt\/wp-json\/wp\/v2\/product\/2273\/revisions"}],"predecessor-version":[{"id":2349,"href":"https:\/\/globaldocs.store\/pt\/wp-json\/wp\/v2\/product\/2273\/revisions\/2349"}],"wp:featuredmedia":[{"embeddable":true,"href":"https:\/\/globaldocs.store\/pt\/wp-json\/wp\/v2\/media\/2348"}],"wp:attachment":[{"href":"https:\/\/globaldocs.store\/pt\/wp-json\/wp\/v2\/media?parent=2273"}],"wp:term":[{"taxonomy":"product_brand","embeddable":true,"href":"https:\/\/globaldocs.store\/pt\/wp-json\/wp\/v2\/product_brand?post=2273"},{"taxonomy":"product_cat","embeddable":true,"href":"https:\/\/globaldocs.store\/pt\/wp-json\/wp\/v2\/product_cat?post=2273"},{"taxonomy":"product_tag","embeddable":true,"href":"https:\/\/globaldocs.store\/pt\/wp-json\/wp\/v2\/product_tag?post=2273"}],"curies":[{"name":"wp","href":"https:\/\/api.w.org\/{rel}","templated":true}]}}