{"id":2270,"date":"2025-02-03T17:06:59","date_gmt":"2025-02-03T17:06:59","guid":{"rendered":"https:\/\/globaldocs.store\/?post_type=product&#038;p=2270"},"modified":"2025-02-03T17:07:00","modified_gmt":"2025-02-03T17:07:00","slug":"comprar-carteira-de-motorista-polonesa-online","status":"publish","type":"product","link":"https:\/\/globaldocs.store\/pt\/documentos\/comprar-carteira-de-motorista-polonesa-online\/","title":{"rendered":"Compre a carteira de motorista polonesa on-line"},"content":{"rendered":"<h2 data-sourcepos=\"1:1-1:76\">Compre a carteira de habilita\u00e7\u00e3o polonesa: R\u00e1pido, f\u00e1cil e legalmente v\u00e1lido (em toda a Europa)<\/h2>\n<p data-sourcepos=\"3:1-3:359\">Deseja obter uma carteira de motorista polonesa, mas teme o inc\u00f4modo dos exames e dos processos burocr\u00e1ticos? Precisa de uma carteira de motorista v\u00e1lida da UE de forma r\u00e1pida e eficiente? N\u00e3o precisa mais procurar! Oferecemos uma solu\u00e7\u00e3o simplificada e juridicamente s\u00f3lida para a aquisi\u00e7\u00e3o de uma carteira de habilita\u00e7\u00e3o polonesa totalmente registrada, v\u00e1lida em toda a Europa, sem a necessidade de testes tradicionais.<\/p>\n<h2 data-sourcepos=\"5:1-5:27\"><strong>Por que escolher nosso servi\u00e7o?<\/strong><\/h2>\n<p data-sourcepos=\"7:1-7:233\">Entendemos que navegar pelas complexidades da obten\u00e7\u00e3o de uma carteira de motorista pode ser frustrante. Nosso servi\u00e7o foi projetado para simplificar o processo, economizando seu tempo e esfor\u00e7o. Atendemos a uma clientela diversificada em toda a Europa, incluindo:<\/p>\n<ul data-sourcepos=\"9:1-13:0\">\n<li data-sourcepos=\"9:1-9:197\"><strong>Expatriados:<\/strong> Mudar-se para a Pol\u00f4nia ou para outro pa\u00eds da UE pode ser um desafio. Uma carteira de habilita\u00e7\u00e3o polonesa obtida por nosso interm\u00e9dio simplifica sua transi\u00e7\u00e3o e permite que voc\u00ea dirija legalmente dentro da UE.<\/li>\n<li data-sourcepos=\"10:1-10:188\"><strong>Indiv\u00edduos que buscam uma solu\u00e7\u00e3o mais r\u00e1pida:<\/strong> O tempo \u00e9 precioso. Oferecemos uma maneira r\u00e1pida e eficiente de obter sua carteira de motorista polonesa sem os atrasos associados aos m\u00e9todos tradicionais.<\/li>\n<li data-sourcepos=\"11:1-11:197\"><strong>Aqueles que tiveram dificuldades com os testes de dire\u00e7\u00e3o tradicionais:<\/strong> Oferecemos uma alternativa para pessoas que podem ter dificuldades com os exames, garantindo que elas ainda possam obter uma carteira de motorista v\u00e1lida.<\/li>\n<li data-sourcepos=\"12:1-13:0\"><strong>Cidad\u00e3os da UE:<\/strong> Se voc\u00ea \u00e9 cidad\u00e3o da Pol\u00f4nia ou de outro estado membro da UE, nosso servi\u00e7o oferece uma maneira conveniente de obter uma carteira de motorista polonesa.<\/li>\n<\/ul>\n<h3 data-sourcepos=\"14:1-14:18\"><strong>O que oferecemos:<\/strong><\/h3>\n<ul data-sourcepos=\"16:1-21:0\">\n<li data-sourcepos=\"16:1-16:243\"><strong>Legalmente v\u00e1lido e registrado:<\/strong> Nossas carteiras de habilita\u00e7\u00e3o polonesas s\u00e3o totalmente registradas nos bancos de dados oficiais, garantindo sua autenticidade e validade. Dirija com confian\u00e7a sabendo que sua carteira \u00e9 reconhecida em toda a Uni\u00e3o Europeia.<\/li>\n<li data-sourcepos=\"17:1-17:158\"><strong>N\u00e3o s\u00e3o necess\u00e1rios exames:<\/strong> Evite o estresse dos testes te\u00f3ricos e pr\u00e1ticos. Nosso processo simplificado permite que voc\u00ea obtenha sua licen\u00e7a sem a necessidade de exames.<\/li>\n<li data-sourcepos=\"18:1-18:170\"><strong>Processamento r\u00e1pido e eficiente:<\/strong> Entendemos a import\u00e2ncia da velocidade. Nosso sistema eficiente garante que sua licen\u00e7a seja processada rapidamente, minimizando o tempo de espera.<\/li>\n<li data-sourcepos=\"19:1-19:166\"><strong>Validade em toda a Europa:<\/strong> A carteira de motorista polonesa \u00e9 v\u00e1lida em todos os pa\u00edses da UE, o que lhe d\u00e1 a liberdade de dirigir onde quer que precise ir dentro da Uni\u00e3o Europeia.<\/li>\n<li data-sourcepos=\"20:1-21:0\"><strong>Seguro e confidencial:<\/strong> Priorizamos sua privacidade e tratamos todas as informa\u00e7\u00f5es com o m\u00e1ximo de confidencialidade.<\/li>\n<\/ul>\n<h3 data-sourcepos=\"22:1-22:16\"><strong>Nosso processo:<\/strong><\/h3>\n<p data-sourcepos=\"24:1-24:95\">Nosso processo simples e direto faz com que a obten\u00e7\u00e3o da carteira de motorista polonesa seja descomplicada:<\/p>\n<ol data-sourcepos=\"26:1-29:0\">\n<li data-sourcepos=\"26:1-26:135\"><strong>Entre em contato conosco:<\/strong> Entre em contato conosco com suas necessidades. Responderemos a todas as suas perguntas e o orientaremos durante o processo.<\/li>\n<li data-sourcepos=\"27:1-27:124\"><strong>Forne\u00e7a as informa\u00e7\u00f5es necess\u00e1rias:<\/strong> Solicitaremos as informa\u00e7\u00f5es e a documenta\u00e7\u00e3o necess\u00e1rias para processar sua solicita\u00e7\u00e3o.<\/li>\n<li data-sourcepos=\"28:1-29:0\"><strong>Receba sua licen\u00e7a:<\/strong> Assim que a solicita\u00e7\u00e3o for processada, sua carteira de motorista polonesa legalmente v\u00e1lida ser\u00e1 entregue a voc\u00ea de forma r\u00e1pida e segura.<\/li>\n<\/ol>\n<p data-sourcepos=\"30:1-30:34\"><strong>Compre a carteira de habilita\u00e7\u00e3o polonesa no mercado europeu:<\/strong><\/p>\n<p data-sourcepos=\"32:1-32:254\">Visamos especificamente clientes de toda a Europa que precisam de uma maneira confi\u00e1vel e eficiente de obter uma carteira de motorista polonesa. Nossos servi\u00e7os s\u00e3o projetados para atender \u00e0s diversas necessidades de expatriados, cidad\u00e3os da UE e indiv\u00edduos que buscam uma solu\u00e7\u00e3o mais r\u00e1pida e sem exames.<\/p>\n<h2><strong>Compara\u00e7\u00e3o de nossos servi\u00e7os com o processo tradicional<\/strong><\/h2>\n<table>\n<thead>\n<tr>\n<th><strong>Recurso<\/strong><\/th>\n<th><strong>GlobalDocs.store<\/strong><\/th>\n<th><strong>Processo tradicional<\/strong><\/th>\n<\/tr>\n<\/thead>\n<tbody>\n<tr>\n<td><strong>Exames necess\u00e1rios<\/strong><\/td>\n<td>N\u00e3o<\/td>\n<td>Sim<\/td>\n<\/tr>\n<tr>\n<td><strong>Tempo de processamento<\/strong><\/td>\n<td>3-5 dias \u00fateis<\/td>\n<td>V\u00e1rias semanas\/m\u00eases<\/td>\n<\/tr>\n<tr>\n<td><strong>Registro<\/strong><\/td>\n<td>Totalmente registrado<\/td>\n<td>Exige exames<\/td>\n<\/tr>\n<tr>\n<td><strong>Suporte ao cliente<\/strong><\/td>\n<td>Assist\u00eancia 24 horas por dia, 7 dias por semana<\/td>\n<td>Suporte limitado<\/td>\n<\/tr>\n<tr>\n<td><strong>Conformidade legal<\/strong><\/td>\n<td>Totalmente legal<\/td>\n<td>Depende dos resultados do exame<\/td>\n<\/tr>\n<\/tbody>\n<\/table>\n<h3 data-sourcepos=\"34:1-34:39\"><strong>Por que nos escolher em vez da concorr\u00eancia?<\/strong><\/h3>\n<p data-sourcepos=\"36:1-36:325\">Nossos concorrentes geralmente se concentram em alega\u00e7\u00f5es enganosas de licen\u00e7as \"f\u00e1ceis\" ou \"falsas\". N\u00f3s oferecemos um <em>legalmente correto<\/em> alternativa, fornecendo <em>totalmente registrado<\/em> Carteiras de habilita\u00e7\u00e3o polonesas que s\u00e3o v\u00e1lidas e reconhecidas em toda a UE. Damos \u00eanfase \u00e0 transpar\u00eancia e \u00e0 efici\u00eancia, garantindo que nossos clientes recebam um servi\u00e7o genu\u00edno e valioso.<\/p>\n<h2><strong>Hist\u00f3rias de clientes felizes<\/strong><\/h2>\n<h3><strong>Maria, da Espanha<\/strong><\/h3>\n<p><em>\"Eu precisava de uma carteira de motorista polonesa rapidamente, e a GlobalDocs.store deu conta do recado! O processo foi tranquilo e recebi minha carteira em apenas 3 dias. Altamente recomend\u00e1vel!\"<\/em><\/p>\n<h3><strong>John, da Alemanha<\/strong><\/h3>\n<p><em>\"Sem exames, sem estresse! A GlobalDocs.store facilitou muito a obten\u00e7\u00e3o do meu diploma de polon\u00eas <a href=\"https:\/\/globaldocs.store\/pt\/documentos\/comprar-carteira-de-habilitacao-britanica-online\/\">carteira de motorista<\/a>. Ele \u00e9 totalmente registrado e n\u00e3o tive problemas para us\u00e1-lo na Europa.\"<\/em><\/p>\n<h3><strong>Anna, da Fran\u00e7a<\/strong><\/h3>\n<p><em>\"Eu estava c\u00e9tico no in\u00edcio, mas a GlobalDocs.store provou ser confi\u00e1vel. Minha licen\u00e7a chegou no prazo, e o suporte ao cliente foi excelente.\"<\/em><\/p>\n<h2><strong>Perguntas frequentes (FAQ)<\/strong><\/h2>\n<h3><strong>1. \u00c9 legal comprar uma carteira de motorista polonesa sem exames?<\/strong><\/h3>\n<p>Sim, em\u00a0<strong>GlobalDocs.store<\/strong>fornecemos\u00a0<strong>Carteiras de habilita\u00e7\u00e3o polonesas totalmente legais e registradas<\/strong>\u00a0que estejam em conformidade com as normas da UE.<\/p>\n<h3><strong>2. Quanto tempo leva para receber minha licen\u00e7a?<\/strong><\/h3>\n<p>Voc\u00ea receber\u00e1 sua licen\u00e7a dentro de\u00a0<strong>3-5 dias \u00fateis<\/strong>\u00a0ap\u00f3s a conclus\u00e3o do processo.<\/p>\n<h3><strong>3. Posso usar essa licen\u00e7a fora da Pol\u00f4nia?<\/strong><\/h3>\n<p>Sim, um\u00a0<strong>Carteira de motorista polonesa<\/strong>\u00a0\u00e9 v\u00e1lido em todos os pa\u00edses da UE.<\/p>\n<h3><strong>4. Preciso fornecer algum documento?<\/strong><\/h3>\n<p>S\u00f3 precisamos de informa\u00e7\u00f5es b\u00e1sicas para processar seu pedido. N\u00e3o s\u00e3o necess\u00e1rios documentos adicionais.<\/p>\n<h3><strong>5. A licen\u00e7a est\u00e1 registrada nos sistemas oficiais?<\/strong><\/h3>\n<p>Sim, sua licen\u00e7a ser\u00e1 totalmente registrada e v\u00e1lida nos bancos de dados oficiais.<\/p>\n<h2><strong>Por que a GlobalDocs.store \u00e9 a melhor op\u00e7\u00e3o<\/strong><\/h2>\n<ul>\n<li><strong>Confiado por clientes em toda a Europa<\/strong>: Nossos clientes da Espanha, Alemanha, Fran\u00e7a e outros pa\u00edses obtiveram suas licen\u00e7as conosco com sucesso.<\/li>\n<li><strong>100% Legal e seguro<\/strong>: Garantimos que todos os documentos sejam processados de acordo com as leis da UE.<\/li>\n<li><strong>Servi\u00e7o r\u00e1pido e confi\u00e1vel<\/strong>: Obtenha sua licen\u00e7a em apenas alguns dias, sem complica\u00e7\u00f5es.<\/li>\n<\/ul>\n<h2><strong>Por que esperar? Obtenha sua carteira de motorista polonesa hoje mesmo!<\/strong><\/h2>\n<p>N\u00e3o deixe que exames e testes o atrapalhem. N\u00f3s facilitamos a <strong>comprar uma carteira de motorista polonesa<\/strong>\u00a0que \u00e9 totalmente legal, registrado e v\u00e1lido em toda a Europa. Inicie o processo agora e dirija com confian\u00e7a!<\/p>\n<p><strong><a href=\"https:\/\/globaldocs.store\/pt\/solicitar-documentos\/\" target=\"_blank\" rel=\"noopener noreferrer\">Clique aqui para comprar sua carteira de motorista polonesa agora!<\/a><\/strong><\/p>","protected":false},"excerpt":{"rendered":"<p><strong>Obtenha uma carteira de motorista polonesa genu\u00edna 100% sem exames ou estresse. Servi\u00e7os r\u00e1pidos, seguros e discretos. Compre sua carteira de motorista polonesa on-line hoje mesmo!<\/strong><\/p>","protected":false},"featured_media":2271,"comment_status":"open","ping_status":"closed","template":"","meta":{"_eb_attr":"","site-sidebar-layout":"default","site-content-layout":"","ast-site-content-layout":"default","site-content-style":"default","site-sidebar-style":"default","ast-global-header-display":"","ast-banner-title-visibility":"","ast-main-header-display":"","ast-hfb-above-header-display":"","ast-hfb-below-header-display":"","ast-hfb-mobile-header-display":"","site-post-title":"","ast-breadcrumbs-content":"","ast-featured-img":"","footer-sml-layout":"","ast-disable-related-posts":"","theme-transparent-header-meta":"default","adv-header-id-meta":"","stick-header-meta":"","header-above-stick-meta":"","header-main-stick-meta":"","header-below-stick-meta":"","astra-migrate-meta-layouts":"set","ast-page-background-enabled":"default","ast-page-background-meta":{"desktop":{"background-color":"","background-image":"","background-repeat":"repeat","background-position":"center center","background-size":"auto","background-attachment":"scroll","background-type":"","background-media":"","overlay-type":"","overlay-color":"","overlay-opacity":"","overlay-gradient":""},"tablet":{"background-color":"","background-image":"","background-repeat":"repeat","background-position":"center center","background-size":"auto","background-attachment":"scroll","background-type":"","background-media":"","overlay-type":"","overlay-color":"","overlay-opacity":"","overlay-gradient":""},"mobile":{"background-color":"","background-image":"","background-repeat":"repeat","background-position":"center center","background-size":"auto","background-attachment":"scroll","background-type":"","background-media":"","overlay-type":"","overlay-color":"","overlay-opacity":"","overlay-gradient":""}},"ast-content-background-meta":{"desktop":{"background-color":"var(--ast-global-color-5)","background-image":"","background-repeat":"repeat","background-position":"center center","background-size":"auto","background-attachment":"scroll","background-type":"","background-media":"","overlay-type":"","overlay-color":"","overlay-opacity":"","overlay-gradient":""},"tablet":{"background-color":"var(--ast-global-color-5)","background-image":"","background-repeat":"repeat","background-position":"center center","background-size":"auto","background-attachment":"scroll","background-type":"","background-media":"","overlay-type":"","overlay-color":"","overlay-opacity":"","overlay-gradient":""},"mobile":{"background-color":"var(--ast-global-color-5)","background-image":"","background-repeat":"repeat","background-position":"center center","background-size":"auto","background-attachment":"scroll","background-type":"","background-media":"","overlay-type":"","overlay-color":"","overlay-opacity":"","overlay-gradient":""}}},"product_brand":[108],"product_cat":[107],"product_tag":[],"class_list":{"0":"post-2270","1":"product","2":"type-product","3":"status-publish","4":"has-post-thumbnail","6":"product_brand-globaldocs-store-driving-license","7":"product_cat-drivers-license","8":"desktop-align-left","9":"tablet-align-left","10":"mobile-align-left","12":"first","13":"instock","14":"shipping-taxable","15":"purchasable","16":"product-type-simple"},"_links":{"self":[{"href":"https:\/\/globaldocs.store\/pt\/wp-json\/wp\/v2\/product\/2270","targetHints":{"allow":["GET"]}}],"collection":[{"href":"https:\/\/globaldocs.store\/pt\/wp-json\/wp\/v2\/product"}],"about":[{"href":"https:\/\/globaldocs.store\/pt\/wp-json\/wp\/v2\/types\/product"}],"replies":[{"embeddable":true,"href":"https:\/\/globaldocs.store\/pt\/wp-json\/wp\/v2\/comments?post=2270"}],"version-history":[{"count":1,"href":"https:\/\/globaldocs.store\/pt\/wp-json\/wp\/v2\/product\/2270\/revisions"}],"predecessor-version":[{"id":2272,"href":"https:\/\/globaldocs.store\/pt\/wp-json\/wp\/v2\/product\/2270\/revisions\/2272"}],"wp:featuredmedia":[{"embeddable":true,"href":"https:\/\/globaldocs.store\/pt\/wp-json\/wp\/v2\/media\/2271"}],"wp:attachment":[{"href":"https:\/\/globaldocs.store\/pt\/wp-json\/wp\/v2\/media?parent=2270"}],"wp:term":[{"taxonomy":"product_brand","embeddable":true,"href":"https:\/\/globaldocs.store\/pt\/wp-json\/wp\/v2\/product_brand?post=2270"},{"taxonomy":"product_cat","embeddable":true,"href":"https:\/\/globaldocs.store\/pt\/wp-json\/wp\/v2\/product_cat?post=2270"},{"taxonomy":"product_tag","embeddable":true,"href":"https:\/\/globaldocs.store\/pt\/wp-json\/wp\/v2\/product_tag?post=2270"}],"curies":[{"name":"wp","href":"https:\/\/api.w.org\/{rel}","templated":true}]}}