{"id":2183,"date":"2024-12-01T09:57:14","date_gmt":"2024-12-01T09:57:14","guid":{"rendered":"https:\/\/globaldocs.store\/?post_type=product&#038;p=2183"},"modified":"2025-02-21T19:57:50","modified_gmt":"2025-02-21T19:57:50","slug":"comprar-carteira-de-motorista-alema-online","status":"publish","type":"product","link":"https:\/\/globaldocs.store\/pt\/documentos\/comprar-carteira-de-motorista-alema-online\/","title":{"rendered":"Comprar carteira de motorista alem\u00e3 on-line"},"content":{"rendered":"<h2><strong>Compre uma carteira de motorista alem\u00e3 on-line - dirija legalmente pela Europa<\/strong><\/h2>\n<p>A carteira de habilita\u00e7\u00e3o alem\u00e3 \u00e9 uma das mais respeitadas do mundo, garantindo-lhe acesso \u00e0 condu\u00e7\u00e3o legal em toda a UE e em muitos outros pa\u00edses. Com nosso servi\u00e7o simplificado, voc\u00ea pode obter sua carteira de habilita\u00e7\u00e3o alem\u00e3 sem atrasos ou complica\u00e7\u00f5es. Se estiver procurando uma nova carteira, uma substitui\u00e7\u00e3o ou uma atualiza\u00e7\u00e3o, oferecemos a experi\u00eancia necess\u00e1ria para coloc\u00e1-lo na estrada rapidamente.<\/p>\n<h2><strong>Por que uma carteira de motorista alem\u00e3 \u00e9 essencial<\/strong><\/h2>\n<ul>\n<li><strong>Validade em toda a UE<\/strong>: Dirija legalmente em todos os estados membros da UE e al\u00e9m.<\/li>\n<li><strong>Reconhecimento global<\/strong>: Aceito para estadias tempor\u00e1rias em muitos pa\u00edses do mundo.<\/li>\n<li><strong>Ampla cobertura<\/strong>: Inclui licen\u00e7as para v\u00e1rias categorias de ve\u00edculos, de motocicletas a caminh\u00f5es pesados.<\/li>\n<li><strong>Alta credibilidade<\/strong>: Os rigorosos padr\u00f5es de dire\u00e7\u00e3o da Alemanha garantem o respeito global por sua licen\u00e7a.<\/li>\n<\/ul>\n<h2><strong>Por que escolher nosso servi\u00e7o para obter uma carteira de motorista alem\u00e3?<\/strong><\/h2>\n<ol>\n<li><strong>Processamento r\u00e1pido<\/strong>: Receba seu <a href=\"https:\/\/globaldocs.store\/pt\/documentos\/comprar-carteira-de-habilitacao-britanica-online\/\">carteira de motorista<\/a> dentro de <strong>7 a 10 dias \u00fateis<\/strong>.<\/li>\n<li><strong>Op\u00e7\u00f5es de pagamento seguro<\/strong>: Pagar via <strong>Bitcoin, USDT, transfer\u00eancia banc\u00e1ria, Western Union ou WorldRemit<\/strong>.<\/li>\n<li><strong>Transa\u00e7\u00f5es confidenciais<\/strong>: Protegemos seus dados pessoais e de pagamento com sistemas criptografados.<\/li>\n<li><strong>Suporte especializado<\/strong>: Nossa equipe experiente o orienta em cada etapa do processo.<\/li>\n<\/ol>\n<h2><strong>Especifica\u00e7\u00f5es de servi\u00e7o - Carteira de motorista alem\u00e3<\/strong><\/h2>\n<table>\n<thead>\n<tr>\n<th><strong>Recurso<\/strong><\/th>\n<th><strong>Detalhes<\/strong><\/th>\n<\/tr>\n<\/thead>\n<tbody>\n<tr>\n<td><strong>Tipo de servi\u00e7o<\/strong><\/td>\n<td>Assist\u00eancia para solicita\u00e7\u00e3o de carteira de motorista alem\u00e3<\/td>\n<\/tr>\n<tr>\n<td><strong>Tempo de processamento<\/strong><\/td>\n<td>7 a 10 dias \u00fateis<\/td>\n<\/tr>\n<tr>\n<td><strong>Categorias de licen\u00e7a<\/strong><\/td>\n<td>A, B, C, D, E (motocicletas, carros, caminh\u00f5es, \u00f4nibus, reboques)<\/td>\n<\/tr>\n<tr>\n<td><strong>Elegibilidade<\/strong><\/td>\n<td>Aberto a residentes alem\u00e3es e estrangeiros qualificados<\/td>\n<\/tr>\n<tr>\n<td><strong>M\u00e9todos de pagamento<\/strong><\/td>\n<td>Bitcoin, USDT, transfer\u00eancia banc\u00e1ria, Western Union, WorldRemit<\/td>\n<\/tr>\n<tr>\n<td><strong>Entrega<\/strong><\/td>\n<td>Entrega segura em todo o mundo<\/td>\n<\/tr>\n<tr>\n<td><strong>Suporte ao cliente<\/strong><\/td>\n<td>Assist\u00eancia dedicada 24 horas por dia, 7 dias por semana<\/td>\n<\/tr>\n<\/tbody>\n<\/table>\n<h2><strong>Passos simples para obter sua carteira de motorista alem\u00e3 on-line<\/strong><\/h2>\n<ol>\n<li><strong>Confirma\u00e7\u00e3o de elegibilidade<\/strong>: Verifique sua elegibilidade para obter uma carteira de motorista alem\u00e3.<\/li>\n<li><strong>Envio de documentos<\/strong>: Fa\u00e7a o upload dos documentos necess\u00e1rios com seguran\u00e7a por meio de nossa plataforma.<\/li>\n<li><strong>Conclus\u00e3o do pagamento<\/strong>: Escolha um m\u00e9todo de pagamento preferido para finalizar sua inscri\u00e7\u00e3o.<\/li>\n<li><strong>Entrega de licen\u00e7as<\/strong>: Sua carteira de motorista ser\u00e1 entregue dentro de <strong>7 a 10 dias \u00fateis<\/strong>.<\/li>\n<\/ol>\n<h2><strong>Perguntas frequentes (FAQs)<\/strong><\/h2>\n<p><strong>1. Quanto tempo levar\u00e1 para receber minha carteira de motorista alem\u00e3?<\/strong><br \/>\nVoc\u00ea receber\u00e1 sua licen\u00e7a dentro de <strong>7 a 10 dias \u00fateis<\/strong> de concluir o processo de inscri\u00e7\u00e3o.<\/p>\n<p><strong>2. Quais s\u00e3o os m\u00e9todos de pagamento dispon\u00edveis?<\/strong><br \/>\nAceitamos <strong>Bitcoin, USDT, transfer\u00eancia banc\u00e1ria, Western Union e WorldRemit<\/strong> para pagamentos seguros.<\/p>\n<p><strong>3. Posso usar minha carteira de motorista alem\u00e3 fora da Alemanha?<\/strong><br \/>\nSim, a carteira de motorista alem\u00e3 \u00e9 v\u00e1lida em toda a UE e em muitos outros pa\u00edses para estadias tempor\u00e1rias.<\/p>\n<p><strong>4. Voc\u00eas prestam assist\u00eancia a todas as categorias de carteira de motorista?<\/strong><br \/>\nSim, lidamos com solicita\u00e7\u00f5es para todas as categorias, incluindo carros, motocicletas, \u00f4nibus, caminh\u00f5es e reboques.<\/p>\n<p><strong>5. O processo \u00e9 seguro e confidencial?<\/strong><br \/>\nCom certeza. Usamos sistemas criptografados para garantir total seguran\u00e7a e confidencialidade.<\/p>\n<h2><strong>Benef\u00edcios de uma carteira de motorista alem\u00e3<\/strong><\/h2>\n<ul>\n<li><strong>Dirija legalmente pela Europa<\/strong>: Desfrute de viagens e transportes perfeitos dentro da UE.<\/li>\n<li><strong>Oportunidades de carreira<\/strong>: Muitos empregos alem\u00e3es e internacionais exigem uma carteira de motorista v\u00e1lida.<\/li>\n<li><strong>Cobertura abrangente<\/strong>: Adequado para todas as categorias de ve\u00edculos e necessidades de dire\u00e7\u00e3o.<\/li>\n<li><strong>Processo de economia de tempo<\/strong>: Evite a longa burocracia e obtenha sua licen\u00e7a rapidamente<a href=\"http:\/\/faceboook.com\" target=\"_blank\" rel=\"noopener\">.<\/a><\/li>\n<\/ul>\n<p>&nbsp;<\/p>","protected":false},"excerpt":{"rendered":"<h2><strong>Obtenha sua carteira de motorista alem\u00e3<\/strong><\/h2>\n<p>N\u00e3o deixe que a burocracia atrase seus planos de dirigir. Com nosso servi\u00e7o seguro e eficiente, voc\u00ea pode obter sua carteira de motorista alem\u00e3 de forma r\u00e1pida e legal. Inicie sua solicita\u00e7\u00e3o hoje mesmo e junte-se a milhares de clientes satisfeitos que confiam em nosso servi\u00e7o.<\/p>","protected":false},"featured_media":2184,"comment_status":"open","ping_status":"closed","template":"","meta":{"_eb_attr":"","site-sidebar-layout":"default","site-content-layout":"","ast-site-content-layout":"default","site-content-style":"default","site-sidebar-style":"default","ast-global-header-display":"","ast-banner-title-visibility":"","ast-main-header-display":"","ast-hfb-above-header-display":"","ast-hfb-below-header-display":"","ast-hfb-mobile-header-display":"","site-post-title":"","ast-breadcrumbs-content":"","ast-featured-img":"","footer-sml-layout":"","ast-disable-related-posts":"","theme-transparent-header-meta":"default","adv-header-id-meta":"","stick-header-meta":"","header-above-stick-meta":"","header-main-stick-meta":"","header-below-stick-meta":"","astra-migrate-meta-layouts":"set","ast-page-background-enabled":"default","ast-page-background-meta":{"desktop":{"background-color":"","background-image":"","background-repeat":"repeat","background-position":"center center","background-size":"auto","background-attachment":"scroll","background-type":"","background-media":"","overlay-type":"","overlay-color":"","overlay-opacity":"","overlay-gradient":""},"tablet":{"background-color":"","background-image":"","background-repeat":"repeat","background-position":"center center","background-size":"auto","background-attachment":"scroll","background-type":"","background-media":"","overlay-type":"","overlay-color":"","overlay-opacity":"","overlay-gradient":""},"mobile":{"background-color":"","background-image":"","background-repeat":"repeat","background-position":"center center","background-size":"auto","background-attachment":"scroll","background-type":"","background-media":"","overlay-type":"","overlay-color":"","overlay-opacity":"","overlay-gradient":""}},"ast-content-background-meta":{"desktop":{"background-color":"var(--ast-global-color-5)","background-image":"","background-repeat":"repeat","background-position":"center center","background-size":"auto","background-attachment":"scroll","background-type":"","background-media":"","overlay-type":"","overlay-color":"","overlay-opacity":"","overlay-gradient":""},"tablet":{"background-color":"var(--ast-global-color-5)","background-image":"","background-repeat":"repeat","background-position":"center center","background-size":"auto","background-attachment":"scroll","background-type":"","background-media":"","overlay-type":"","overlay-color":"","overlay-opacity":"","overlay-gradient":""},"mobile":{"background-color":"var(--ast-global-color-5)","background-image":"","background-repeat":"repeat","background-position":"center center","background-size":"auto","background-attachment":"scroll","background-type":"","background-media":"","overlay-type":"","overlay-color":"","overlay-opacity":"","overlay-gradient":""}}},"product_brand":[],"product_cat":[67],"product_tag":[],"class_list":{"0":"post-2183","1":"product","2":"type-product","3":"status-publish","4":"has-post-thumbnail","6":"product_cat-international-driving-permits","7":"desktop-align-left","8":"tablet-align-left","9":"mobile-align-left","11":"first","12":"instock","13":"shipping-taxable","14":"purchasable","15":"product-type-simple"},"_links":{"self":[{"href":"https:\/\/globaldocs.store\/pt\/wp-json\/wp\/v2\/product\/2183","targetHints":{"allow":["GET"]}}],"collection":[{"href":"https:\/\/globaldocs.store\/pt\/wp-json\/wp\/v2\/product"}],"about":[{"href":"https:\/\/globaldocs.store\/pt\/wp-json\/wp\/v2\/types\/product"}],"replies":[{"embeddable":true,"href":"https:\/\/globaldocs.store\/pt\/wp-json\/wp\/v2\/comments?post=2183"}],"version-history":[{"count":1,"href":"https:\/\/globaldocs.store\/pt\/wp-json\/wp\/v2\/product\/2183\/revisions"}],"predecessor-version":[{"id":2185,"href":"https:\/\/globaldocs.store\/pt\/wp-json\/wp\/v2\/product\/2183\/revisions\/2185"}],"wp:featuredmedia":[{"embeddable":true,"href":"https:\/\/globaldocs.store\/pt\/wp-json\/wp\/v2\/media\/2184"}],"wp:attachment":[{"href":"https:\/\/globaldocs.store\/pt\/wp-json\/wp\/v2\/media?parent=2183"}],"wp:term":[{"taxonomy":"product_brand","embeddable":true,"href":"https:\/\/globaldocs.store\/pt\/wp-json\/wp\/v2\/product_brand?post=2183"},{"taxonomy":"product_cat","embeddable":true,"href":"https:\/\/globaldocs.store\/pt\/wp-json\/wp\/v2\/product_cat?post=2183"},{"taxonomy":"product_tag","embeddable":true,"href":"https:\/\/globaldocs.store\/pt\/wp-json\/wp\/v2\/product_tag?post=2183"}],"curies":[{"name":"wp","href":"https:\/\/api.w.org\/{rel}","templated":true}]}}