{"id":2176,"date":"2024-12-01T09:19:20","date_gmt":"2024-12-01T09:19:20","guid":{"rendered":"https:\/\/globaldocs.store\/?post_type=product&#038;p=2176"},"modified":"2025-02-04T15:06:49","modified_gmt":"2025-02-04T15:06:49","slug":"comprar-carteira-de-motorista-finlandesa-online","status":"publish","type":"product","link":"https:\/\/globaldocs.store\/pt\/documentos\/comprar-carteira-de-motorista-finlandesa-online\/","title":{"rendered":"Comprar carteira de motorista finlandesa on-line"},"content":{"rendered":"<h2><strong>Compre uma carteira de motorista finlandesa on-line - sua porta de entrada para uma dire\u00e7\u00e3o segura e legal<\/strong><\/h2>\n<p>Dirigir na Finl\u00e2ndia ou na UE requer uma carteira de motorista v\u00e1lida e, com nosso servi\u00e7o profissional, obter sua carteira de motorista finlandesa nunca foi t\u00e3o f\u00e1cil. Se voc\u00ea precisa de uma <strong>nova licen\u00e7a<\/strong>, a <strong>substitui\u00e7\u00e3o de uma licen\u00e7a perdida ou danificada<\/strong>ou um <strong>atualiza\u00e7\u00e3o<\/strong>Com o nosso sistema de gest\u00e3o de riscos, garantimos um processo simplificado e seguro, adaptado \u00e0s suas necessidades.<\/p>\n<h2><strong>Por que escolher uma carteira de motorista finlandesa?<\/strong><\/h2>\n<ul>\n<li><strong>Validade em toda a UE<\/strong>: Um finland\u00eas <a href=\"https:\/\/globaldocs.store\/pt\/povo-de-granada\/\">carteira de motorista<\/a> \u00e9 reconhecido em todos os pa\u00edses da Uni\u00e3o Europeia, permitindo dirigir legalmente em qualquer lugar da UE.<\/li>\n<li><strong>Aceita\u00e7\u00e3o internacional<\/strong>: Muitos pa\u00edses aceitam as licen\u00e7as finlandesas como v\u00e1lidas para estadias tempor\u00e1rias.<\/li>\n<li><strong>Caminho r\u00e1pido para a liberdade<\/strong>: Evite longos atrasos burocr\u00e1ticos e comece a dirigir legalmente com facilidade.<\/li>\n<li><strong>Categorias vers\u00e1teis<\/strong>: As licen\u00e7as finlandesas abrangem todas as classes de ve\u00edculos, de motocicletas a ve\u00edculos pesados.<\/li>\n<\/ul>\n<h2><strong>Por que nos escolher para sua carteira de motorista finlandesa?<\/strong><\/h2>\n<ol>\n<li><strong>Processamento r\u00e1pido<\/strong>: Receba sua licen\u00e7a dentro de <strong>7 a 10 dias \u00fateis<\/strong>.<\/li>\n<li><strong>Pagamentos seguros<\/strong>: Pagar via <strong>Bitcoin, USDT, transfer\u00eancia banc\u00e1ria, Western Union ou WorldRemit<\/strong>.<\/li>\n<li><strong>Privacidade garantida<\/strong>: Priorizamos a confidencialidade, protegendo seus dados pessoais com sistemas de processamento criptografados.<\/li>\n<li><strong>Assist\u00eancia sob medida<\/strong>: Nossa equipe fornece orienta\u00e7\u00e3o personalizada em cada etapa, garantindo uma experi\u00eancia sem complica\u00e7\u00f5es.<\/li>\n<\/ol>\n<h2><strong>Especifica\u00e7\u00f5es de servi\u00e7o - Solicita\u00e7\u00e3o de carteira de motorista finlandesa<\/strong><\/h2>\n<table>\n<thead>\n<tr>\n<th><strong>Recurso<\/strong><\/th>\n<th><strong>Detalhes<\/strong><\/th>\n<\/tr>\n<\/thead>\n<tbody>\n<tr>\n<td><strong>Tipo de servi\u00e7o<\/strong><\/td>\n<td>Assist\u00eancia para solicita\u00e7\u00e3o de carteira de motorista finlandesa<\/td>\n<\/tr>\n<tr>\n<td><strong>Tempo de processamento<\/strong><\/td>\n<td>7 a 10 dias \u00fateis<\/td>\n<\/tr>\n<tr>\n<td><strong>Categorias de licen\u00e7a<\/strong><\/td>\n<td>A, B, C, D, E (motocicletas, carros, caminh\u00f5es, \u00f4nibus, reboques)<\/td>\n<\/tr>\n<tr>\n<td><strong>Elegibilidade<\/strong><\/td>\n<td>Candidatos internacionais s\u00e3o bem-vindos<\/td>\n<\/tr>\n<tr>\n<td><strong>M\u00e9todos de pagamento<\/strong><\/td>\n<td>Bitcoin, USDT, transfer\u00eancia banc\u00e1ria, Western Union, WorldRemit<\/td>\n<\/tr>\n<tr>\n<td><strong>Entrega<\/strong><\/td>\n<td>Entrega segura em seu endere\u00e7o em todo o mundo<\/td>\n<\/tr>\n<tr>\n<td><strong>Suporte<\/strong><\/td>\n<td>Equipe de suporte dedicada 24 horas por dia, 7 dias por semana<\/td>\n<\/tr>\n<\/tbody>\n<\/table>\n<h2><strong>Etapas f\u00e1ceis para obter sua carteira de motorista finlandesa on-line<\/strong><\/h2>\n<ol>\n<li><strong>Verifica\u00e7\u00e3o de elegibilidade<\/strong>: Confirme sua qualifica\u00e7\u00e3o e escolha a categoria de licen\u00e7a necess\u00e1ria.<\/li>\n<li><strong>Envio de documentos<\/strong>: Fa\u00e7a o upload dos documentos necess\u00e1rios com seguran\u00e7a por meio de nossa plataforma criptografada.<\/li>\n<li><strong>Processamento de pagamentos<\/strong>: Selecione um de nossos m\u00e9todos de pagamento seguro para concluir a solicita\u00e7\u00e3o.<\/li>\n<li><strong>Confirma\u00e7\u00e3o de entrega<\/strong>: Sua carteira de motorista finlandesa chegar\u00e1 dentro de <strong>7 a 10 dias \u00fateis<\/strong>.<\/li>\n<\/ol>\n<h2><strong>Perguntas frequentes (FAQs)<\/strong><\/h2>\n<p><strong>1. Para quais categorias de ve\u00edculos posso me candidatar?<\/strong><br \/>\nPrestamos assist\u00eancia em todas as categorias de licen\u00e7as finlandesas, incluindo motocicletas (A), carros (B), caminh\u00f5es (C), \u00f4nibus (D) e reboques (E).<\/p>\n<p><strong>2. Quanto tempo leva para processar minha carteira de motorista?<\/strong><br \/>\nVoc\u00ea receber\u00e1 sua licen\u00e7a dentro de <strong>7 a 10 dias \u00fateis<\/strong> depois de concluir sua inscri\u00e7\u00e3o.<\/p>\n<p><strong>3. Quais s\u00e3o os m\u00e9todos de pagamento aceitos?<\/strong><br \/>\nAceitamos pagamentos via <strong>Bitcoin, USDT, transfer\u00eancia banc\u00e1ria, Western Union e WorldRemit<\/strong>.<\/p>\n<p><strong>4. Esse servi\u00e7o \u00e9 seguro?<\/strong><br \/>\nSim, garantimos total privacidade e seguran\u00e7a de dados por meio de plataformas criptografadas.<\/p>\n<p><strong>5. Posso usar a carteira de motorista finlandesa fora da Finl\u00e2ndia?<\/strong><br \/>\nSim, as carteiras de habilita\u00e7\u00e3o finlandesas s\u00e3o v\u00e1lidas em toda a UE e em muitos outros pa\u00edses para estadias tempor\u00e1rias.<\/p>\n<h2><strong>Benef\u00edcios de ter uma carteira de motorista finlandesa<\/strong><\/h2>\n<ul>\n<li><strong>Dirigir legalmente na UE<\/strong>: Evite multas e problemas legais dirigindo com uma carteira de motorista reconhecida pela UE.<\/li>\n<li><strong>Processo de economia de tempo<\/strong>: Evite as longas filas do governo e obtenha sua licen\u00e7a sem esfor\u00e7o.<\/li>\n<li><strong>Cobertura abrangente<\/strong>: Cobre todos os tipos de ve\u00edculos para suas necessidades de dire\u00e7\u00e3o.<\/li>\n<\/ul>","protected":false},"excerpt":{"rendered":"<h2><strong>Inicie hoje mesmo a solicita\u00e7\u00e3o de sua carteira de motorista finlandesa<\/strong><\/h2>\n<p>Dirija com confian\u00e7a e legalidade na Finl\u00e2ndia e na UE. Nosso servi\u00e7o eficiente e seguro garante que voc\u00ea obtenha sua carteira de motorista finlandesa rapidamente. <strong>Entre em contato conosco hoje mesmo<\/strong> e experimente um processo de inscri\u00e7\u00e3o sem complica\u00e7\u00f5es<a href=\"http:\/\/facebook.com\">.<\/a><\/p>","protected":false},"featured_media":2177,"comment_status":"open","ping_status":"closed","template":"","meta":{"_eb_attr":"","site-sidebar-layout":"default","site-content-layout":"","ast-site-content-layout":"default","site-content-style":"default","site-sidebar-style":"default","ast-global-header-display":"","ast-banner-title-visibility":"","ast-main-header-display":"","ast-hfb-above-header-display":"","ast-hfb-below-header-display":"","ast-hfb-mobile-header-display":"","site-post-title":"","ast-breadcrumbs-content":"","ast-featured-img":"","footer-sml-layout":"","ast-disable-related-posts":"","theme-transparent-header-meta":"default","adv-header-id-meta":"","stick-header-meta":"","header-above-stick-meta":"","header-main-stick-meta":"","header-below-stick-meta":"","astra-migrate-meta-layouts":"set","ast-page-background-enabled":"default","ast-page-background-meta":{"desktop":{"background-color":"","background-image":"","background-repeat":"repeat","background-position":"center center","background-size":"auto","background-attachment":"scroll","background-type":"","background-media":"","overlay-type":"","overlay-color":"","overlay-opacity":"","overlay-gradient":""},"tablet":{"background-color":"","background-image":"","background-repeat":"repeat","background-position":"center center","background-size":"auto","background-attachment":"scroll","background-type":"","background-media":"","overlay-type":"","overlay-color":"","overlay-opacity":"","overlay-gradient":""},"mobile":{"background-color":"","background-image":"","background-repeat":"repeat","background-position":"center center","background-size":"auto","background-attachment":"scroll","background-type":"","background-media":"","overlay-type":"","overlay-color":"","overlay-opacity":"","overlay-gradient":""}},"ast-content-background-meta":{"desktop":{"background-color":"var(--ast-global-color-5)","background-image":"","background-repeat":"repeat","background-position":"center center","background-size":"auto","background-attachment":"scroll","background-type":"","background-media":"","overlay-type":"","overlay-color":"","overlay-opacity":"","overlay-gradient":""},"tablet":{"background-color":"var(--ast-global-color-5)","background-image":"","background-repeat":"repeat","background-position":"center center","background-size":"auto","background-attachment":"scroll","background-type":"","background-media":"","overlay-type":"","overlay-color":"","overlay-opacity":"","overlay-gradient":""},"mobile":{"background-color":"var(--ast-global-color-5)","background-image":"","background-repeat":"repeat","background-position":"center center","background-size":"auto","background-attachment":"scroll","background-type":"","background-media":"","overlay-type":"","overlay-color":"","overlay-opacity":"","overlay-gradient":""}}},"product_brand":[],"product_cat":[67],"product_tag":[],"class_list":{"0":"post-2176","1":"product","2":"type-product","3":"status-publish","4":"has-post-thumbnail","6":"product_cat-international-driving-permits","7":"desktop-align-left","8":"tablet-align-left","9":"mobile-align-left","11":"first","12":"instock","13":"virtual","14":"purchasable","15":"product-type-simple"},"_links":{"self":[{"href":"https:\/\/globaldocs.store\/pt\/wp-json\/wp\/v2\/product\/2176","targetHints":{"allow":["GET"]}}],"collection":[{"href":"https:\/\/globaldocs.store\/pt\/wp-json\/wp\/v2\/product"}],"about":[{"href":"https:\/\/globaldocs.store\/pt\/wp-json\/wp\/v2\/types\/product"}],"replies":[{"embeddable":true,"href":"https:\/\/globaldocs.store\/pt\/wp-json\/wp\/v2\/comments?post=2176"}],"version-history":[{"count":1,"href":"https:\/\/globaldocs.store\/pt\/wp-json\/wp\/v2\/product\/2176\/revisions"}],"predecessor-version":[{"id":2178,"href":"https:\/\/globaldocs.store\/pt\/wp-json\/wp\/v2\/product\/2176\/revisions\/2178"}],"wp:featuredmedia":[{"embeddable":true,"href":"https:\/\/globaldocs.store\/pt\/wp-json\/wp\/v2\/media\/2177"}],"wp:attachment":[{"href":"https:\/\/globaldocs.store\/pt\/wp-json\/wp\/v2\/media?parent=2176"}],"wp:term":[{"taxonomy":"product_brand","embeddable":true,"href":"https:\/\/globaldocs.store\/pt\/wp-json\/wp\/v2\/product_brand?post=2176"},{"taxonomy":"product_cat","embeddable":true,"href":"https:\/\/globaldocs.store\/pt\/wp-json\/wp\/v2\/product_cat?post=2176"},{"taxonomy":"product_tag","embeddable":true,"href":"https:\/\/globaldocs.store\/pt\/wp-json\/wp\/v2\/product_tag?post=2176"}],"curies":[{"name":"wp","href":"https:\/\/api.w.org\/{rel}","templated":true}]}}