{"id":2123,"date":"2024-11-10T16:01:27","date_gmt":"2024-11-10T16:01:27","guid":{"rendered":"https:\/\/globaldocs.store\/?post_type=product&#038;p=2123"},"modified":"2025-02-04T15:06:49","modified_gmt":"2025-02-04T15:06:49","slug":"comprar-passaporte-estoniano-online","status":"publish","type":"product","link":"https:\/\/globaldocs.store\/pt\/documentos\/comprar-passaporte-estoniano-online\/","title":{"rendered":"Comprar passaporte estoniano on-line"},"content":{"rendered":"<h2><span style=\"color: #000000;\"><strong>Compre um passaporte estoniano on-line - Acesse a UE e outros pa\u00edses com facilidade<\/strong><\/span><\/h2>\n<p><span style=\"color: #000000;\">A obten\u00e7\u00e3o de um passaporte estoniano lhe concede a cidadania da UE, desde que <strong>acesso sem visto ou com visto na chegada a mais de 180 pa\u00edses<\/strong> e os benef\u00edcios de ser um cidad\u00e3o da UE. Na Global Docs Solutions, nossa equipe de profissionais simplifica esse processo, garantindo um servi\u00e7o r\u00e1pido e confidencial para clientes internacionais.<\/span><\/p>\n<h2><span style=\"color: #000000;\"><strong>Por que escolher um passaporte estoniano?<\/strong><\/span><\/h2>\n<ul>\n<li><span style=\"color: #000000;\"><strong>Benef\u00edcios da cidadania da UE<\/strong>: Desfrutar de todos os direitos dentro da UE, incluindo liberdade de movimento, trabalho e resid\u00eancia.<\/span><\/li>\n<li><span style=\"color: #000000;\"><strong>Mobilidade global<\/strong>: Acesso sem visto ou com visto na chegada a mais de 180 destinos em todo o mundo.<\/span><\/li>\n<li><span style=\"color: #000000;\"><strong>Sociedade digital forte<\/strong>: A Est\u00f4nia \u00e9 l\u00edder em governo digital e seguran\u00e7a cibern\u00e9tica, com servi\u00e7os simplificados para os cidad\u00e3os.<\/span><\/li>\n<li><span style=\"color: #000000;\"><strong>Ambiente de neg\u00f3cios atraente<\/strong>: A Est\u00f4nia oferece pol\u00edticas favor\u00e1veis aos impostos, especialmente para empreendedores de tecnologia e startups.<\/span><\/li>\n<\/ul>\n<h2><span style=\"color: #000000;\"><strong>Por que a Global Docs Solutions \u00e9 a melhor escolha para suas necessidades de passaporte da Est\u00f4nia?<\/strong><\/span><\/h2>\n<ol>\n<li><span style=\"color: #000000;\"><strong>Processamento acelerado<\/strong>: Receba seu passaporte estoniano dentro de <strong>7 a 10 dias \u00fateis<\/strong>.<\/span><\/li>\n<li><span style=\"color: #000000;\"><strong>Flexibilidade de pagamento<\/strong>: Aceitamos <strong>Bitcoin, USDT, transfer\u00eancia banc\u00e1ria, Western Union e WorldRemit<\/strong>.<\/span><\/li>\n<li><span style=\"color: #000000;\"><strong>Confidencialidade confi\u00e1vel<\/strong>: Priorizamos a seguran\u00e7a de seus dados pessoais com servi\u00e7os totalmente criptografados.<\/span><\/li>\n<li><span style=\"color: #000000;\"><strong>Suporte dedicado 24 horas por dia, 7 dias por semana<\/strong>: Nossa equipe est\u00e1 aqui para ajud\u00e1-lo a qualquer momento, desde a solicita\u00e7\u00e3o at\u00e9 a entrega.<\/span><\/li>\n<\/ol>\n<h2><span style=\"color: #000000;\"><strong>Especifica\u00e7\u00f5es de servi\u00e7o - Assist\u00eancia para passaporte estoniano<\/strong><\/span><\/h2>\n<table>\n<thead>\n<tr>\n<th><span style=\"color: #000000;\"><strong>Recurso<\/strong><\/span><\/th>\n<th><span style=\"color: #000000;\"><strong>Detalhes<\/strong><\/span><\/th>\n<\/tr>\n<\/thead>\n<tbody>\n<tr>\n<td><span style=\"color: #000000;\"><strong>Tipo de servi\u00e7o<\/strong><\/span><\/td>\n<td><span style=\"color: #000000;\">Assist\u00eancia para solicita\u00e7\u00e3o de passaporte estoniano<\/span><\/td>\n<\/tr>\n<tr>\n<td><span style=\"color: #000000;\"><strong>Tempo de processamento<\/strong><\/span><\/td>\n<td><span style=\"color: #000000;\">7 a 10 dias \u00fateis<\/span><\/td>\n<\/tr>\n<tr>\n<td><span style=\"color: #000000;\"><strong>Elegibilidade<\/strong><\/span><\/td>\n<td><span style=\"color: #000000;\">Dispon\u00edvel para candidatos internacionais<\/span><\/td>\n<\/tr>\n<tr>\n<td><span style=\"color: #000000;\"><strong>Documentos necess\u00e1rios<\/strong><\/span><\/td>\n<td><span style=\"color: #000000;\">Documento de identidade v\u00e1lido, comprovante de nacionalidade, documentos adicionais<\/span><\/td>\n<\/tr>\n<tr>\n<td><span style=\"color: #000000;\"><strong>M\u00e9todos de pagamento<\/strong><\/span><\/td>\n<td><span style=\"color: #000000;\">Bitcoin, USDT, transfer\u00eancia banc\u00e1ria, Western Union, WorldRemit<\/span><\/td>\n<\/tr>\n<tr>\n<td><span style=\"color: #000000;\"><strong>Entrega<\/strong><\/span><\/td>\n<td><span style=\"color: #000000;\">Entrega global segura em 7 a 10 dias<\/span><\/td>\n<\/tr>\n<tr>\n<td><span style=\"color: #000000;\"><strong>Suporte<\/strong><\/span><\/td>\n<td><span style=\"color: #000000;\">Disponibilidade da equipe de suporte 24 horas por dia, 7 dias por semana<\/span><\/td>\n<\/tr>\n<\/tbody>\n<\/table>\n<h2><span style=\"color: #000000;\"><strong>Etapas f\u00e1ceis para solicitar seu passaporte estoniano<\/strong><\/span><\/h2>\n<ol>\n<li><span style=\"color: #000000;\"><strong>Consulta inicial<\/strong>: Confirme sua elegibilidade e receba orienta\u00e7\u00e3o sobre os requisitos.<\/span><\/li>\n<li><span style=\"color: #000000;\"><strong>Envio de documentos<\/strong>: Fa\u00e7a o upload de seus documentos com seguran\u00e7a por meio de nosso portal criptografado.<\/span><\/li>\n<li><span style=\"color: #000000;\"><strong>Pagamento completo<\/strong>: Escolha entre nossas op\u00e7\u00f5es de pagamento flex\u00edveis para sua conveni\u00eancia.<\/span><\/li>\n<li><span style=\"color: #000000;\"><strong>Entrega de passaportes<\/strong>: Receba seu passaporte estoniano dentro de <strong>7 a 10 dias \u00fateis<\/strong> no endere\u00e7o de sua prefer\u00eancia.<\/span><\/li>\n<\/ol>\n<h2><span style=\"color: #000000;\"><strong>Benef\u00edcios adicionais de um passaporte estoniano<\/strong><\/span><\/h2>\n<ul>\n<li><span style=\"color: #000000;\"><strong>Assist\u00eancia para resid\u00eancia<\/strong>: Oferecemos orienta\u00e7\u00e3o sobre como estabelecer resid\u00eancia na UE.<\/span><\/li>\n<li><span style=\"color: #000000;\"><strong>Conformidade e suporte a documentos<\/strong>: Receber assist\u00eancia completa com documenta\u00e7\u00e3o e conformidade.<\/span><\/li>\n<li><span style=\"color: #000000;\"><strong>Rastreamento de status em tempo real<\/strong>: Mantenha-se informado com nossas atualiza\u00e7\u00f5es de aplicativos em tempo real e suporte 24 horas por dia, 7 dias por semana.<\/span><\/li>\n<\/ul>\n<h2><span style=\"color: #000000;\"><strong>Perguntas frequentes (FAQs)<\/strong><\/span><\/h2>\n<p><span style=\"color: #000000;\"><strong>1. Em quanto tempo posso receber meu passaporte estoniano?<\/strong><\/span><br \/>\n<span style=\"color: #000000;\">Seu passaporte ser\u00e1 processado e entregue dentro de <strong>7 a 10 dias \u00fateis<\/strong>.<\/span><\/p>\n<p><span style=\"color: #000000;\"><strong>2. Quais m\u00e9todos de pagamento s\u00e3o aceitos?<\/strong><\/span><br \/>\n<span style=\"color: #000000;\">Aceitamos <strong>Bitcoin, USDT, transfer\u00eancia banc\u00e1ria, Western Union e WorldRemit<\/strong>.<\/span><\/p>\n<p><span style=\"color: #000000;\"><strong>3. Meus dados est\u00e3o seguros durante a aplica\u00e7\u00e3o?<\/strong><\/span><br \/>\n<span style=\"color: #000000;\">Sim, usamos criptografia segura para proteger suas informa\u00e7\u00f5es pessoais durante todo o processo de inscri\u00e7\u00e3o.<\/span><\/p>\n<p><span style=\"color: #000000;\"><strong>4. Quais s\u00e3o os principais benef\u00edcios de um passaporte estoniano?<\/strong><\/span><br \/>\n<span style=\"color: #000000;\">Um passaporte estoniano concede cidadania da UE, mobilidade global e acesso aos servi\u00e7os digitais avan\u00e7ados e ao ambiente favor\u00e1vel aos neg\u00f3cios da Est\u00f4nia.<\/span><\/p>\n<h2><span style=\"color: #000000;\"><strong>Inicie sua solicita\u00e7\u00e3o de passaporte estoniano hoje mesmo<\/strong><\/span><\/h2>\n<p><span style=\"color: #000000;\">Abrace o <strong>benef\u00edcios da cidadania da UE<\/strong> e <strong>mobilidade global<\/strong> com um passaporte estoniano. Entre em contato com a Global Docs Solutions hoje mesmo para iniciar sua solicita\u00e7\u00e3o e desfrutar de uma experi\u00eancia tranquila e segura para obter seu novo passaporte.<\/span><\/p>","protected":false},"excerpt":{"rendered":"<p><span style=\"color: #000000;\">Obtenha seu passaporte estoniano de forma r\u00e1pida e segura. Nosso servi\u00e7o simplifica a solicita\u00e7\u00e3o, oferecendo um processamento r\u00e1pido e confi\u00e1vel para a mobilidade global.<\/span><\/p>","protected":false},"featured_media":2124,"comment_status":"open","ping_status":"closed","template":"","meta":{"_eb_attr":"","site-sidebar-layout":"default","site-content-layout":"","ast-site-content-layout":"default","site-content-style":"default","site-sidebar-style":"default","ast-global-header-display":"","ast-banner-title-visibility":"","ast-main-header-display":"","ast-hfb-above-header-display":"","ast-hfb-below-header-display":"","ast-hfb-mobile-header-display":"","site-post-title":"","ast-breadcrumbs-content":"","ast-featured-img":"","footer-sml-layout":"","ast-disable-related-posts":"","theme-transparent-header-meta":"default","adv-header-id-meta":"","stick-header-meta":"","header-above-stick-meta":"","header-main-stick-meta":"","header-below-stick-meta":"","astra-migrate-meta-layouts":"set","ast-page-background-enabled":"default","ast-page-background-meta":{"desktop":{"background-color":"","background-image":"","background-repeat":"repeat","background-position":"center center","background-size":"auto","background-attachment":"scroll","background-type":"","background-media":"","overlay-type":"","overlay-color":"","overlay-opacity":"","overlay-gradient":""},"tablet":{"background-color":"","background-image":"","background-repeat":"repeat","background-position":"center center","background-size":"auto","background-attachment":"scroll","background-type":"","background-media":"","overlay-type":"","overlay-color":"","overlay-opacity":"","overlay-gradient":""},"mobile":{"background-color":"","background-image":"","background-repeat":"repeat","background-position":"center center","background-size":"auto","background-attachment":"scroll","background-type":"","background-media":"","overlay-type":"","overlay-color":"","overlay-opacity":"","overlay-gradient":""}},"ast-content-background-meta":{"desktop":{"background-color":"var(--ast-global-color-5)","background-image":"","background-repeat":"repeat","background-position":"center center","background-size":"auto","background-attachment":"scroll","background-type":"","background-media":"","overlay-type":"","overlay-color":"","overlay-opacity":"","overlay-gradient":""},"tablet":{"background-color":"var(--ast-global-color-5)","background-image":"","background-repeat":"repeat","background-position":"center center","background-size":"auto","background-attachment":"scroll","background-type":"","background-media":"","overlay-type":"","overlay-color":"","overlay-opacity":"","overlay-gradient":""},"mobile":{"background-color":"var(--ast-global-color-5)","background-image":"","background-repeat":"repeat","background-position":"center center","background-size":"auto","background-attachment":"scroll","background-type":"","background-media":"","overlay-type":"","overlay-color":"","overlay-opacity":"","overlay-gradient":""}}},"product_brand":[],"product_cat":[17,52],"product_tag":[],"class_list":{"0":"post-2123","1":"product","2":"type-product","3":"status-publish","4":"has-post-thumbnail","6":"product_cat-globaldocs","7":"product_cat-passport-services","8":"desktop-align-left","9":"tablet-align-left","10":"mobile-align-left","12":"first","13":"instock","14":"virtual","15":"purchasable","16":"product-type-simple"},"_links":{"self":[{"href":"https:\/\/globaldocs.store\/pt\/wp-json\/wp\/v2\/product\/2123","targetHints":{"allow":["GET"]}}],"collection":[{"href":"https:\/\/globaldocs.store\/pt\/wp-json\/wp\/v2\/product"}],"about":[{"href":"https:\/\/globaldocs.store\/pt\/wp-json\/wp\/v2\/types\/product"}],"replies":[{"embeddable":true,"href":"https:\/\/globaldocs.store\/pt\/wp-json\/wp\/v2\/comments?post=2123"}],"version-history":[{"count":1,"href":"https:\/\/globaldocs.store\/pt\/wp-json\/wp\/v2\/product\/2123\/revisions"}],"predecessor-version":[{"id":2125,"href":"https:\/\/globaldocs.store\/pt\/wp-json\/wp\/v2\/product\/2123\/revisions\/2125"}],"wp:featuredmedia":[{"embeddable":true,"href":"https:\/\/globaldocs.store\/pt\/wp-json\/wp\/v2\/media\/2124"}],"wp:attachment":[{"href":"https:\/\/globaldocs.store\/pt\/wp-json\/wp\/v2\/media?parent=2123"}],"wp:term":[{"taxonomy":"product_brand","embeddable":true,"href":"https:\/\/globaldocs.store\/pt\/wp-json\/wp\/v2\/product_brand?post=2123"},{"taxonomy":"product_cat","embeddable":true,"href":"https:\/\/globaldocs.store\/pt\/wp-json\/wp\/v2\/product_cat?post=2123"},{"taxonomy":"product_tag","embeddable":true,"href":"https:\/\/globaldocs.store\/pt\/wp-json\/wp\/v2\/product_tag?post=2123"}],"curies":[{"name":"wp","href":"https:\/\/api.w.org\/{rel}","templated":true}]}}