{"id":2120,"date":"2024-11-10T15:53:26","date_gmt":"2024-11-10T15:53:26","guid":{"rendered":"https:\/\/globaldocs.store\/?post_type=product&#038;p=2120"},"modified":"2025-02-21T19:57:50","modified_gmt":"2025-02-21T19:57:50","slug":"comprar-passaporte-da-costa-rica-online","status":"publish","type":"product","link":"https:\/\/globaldocs.store\/pt\/documentos\/comprar-passaporte-da-costa-rica-online\/","title":{"rendered":"Comprar passaporte da Costa Rica on-line"},"content":{"rendered":"<h2><span style=\"color: #000000;\"><strong>Compre um passaporte da Costa Rica on-line - Acesso \u00e0 mobilidade global e resid\u00eancia na Costa Rica<\/strong><\/span><\/h2>\n<p><span style=\"color: #000000;\">O passaporte costa-riquenho \u00e9 um documento de viagem poderoso, que oferece <strong>acesso sem visto ou com visto na chegada a mais de 150 pa\u00edses<\/strong>incluindo o Espa\u00e7o Schengen e a Am\u00e9rica do Sul. Por meio da Global Docs Solutions, a obten\u00e7\u00e3o do seu passaporte costa-riquenho \u00e9 r\u00e1pida, segura e confidencial, facilitando a obten\u00e7\u00e3o dos benef\u00edcios da cidadania costa-riquenha.<\/span><\/p>\n<h2><span style=\"color: #000000;\"><strong>Por que escolher um passaporte costa-riquenho?<\/strong><\/span><\/h2>\n<ul>\n<li><span style=\"color: #000000;\"><strong>Amplo acesso sem visto<\/strong>: Viaje facilmente para v\u00e1rios destinos em todo o mundo, inclusive Europa e Am\u00e9rica do Sul, sem a necessidade de vistos adicionais.<\/span><\/li>\n<li><span style=\"color: #000000;\"><strong>Resid\u00eancia e estilo de vida<\/strong>: A Costa Rica oferece um alto padr\u00e3o de vida com uma forte \u00eanfase na conserva\u00e7\u00e3o ambiental, sa\u00fade e educa\u00e7\u00e3o.<\/span><\/li>\n<li><span style=\"color: #000000;\"><strong>Investimento e benef\u00edcios fiscais<\/strong>: Conhecida por suas pol\u00edticas fiscais atraentes, a Costa Rica oferece aos cidad\u00e3os e residentes in\u00fameros benef\u00edcios para neg\u00f3cios e investimentos pessoais.<\/span><\/li>\n<li><span style=\"color: #000000;\"><strong>Ideal para fam\u00edlias<\/strong>: Estenda as op\u00e7\u00f5es de resid\u00eancia aos membros da fam\u00edlia e explore a comunidade est\u00e1vel e acolhedora da Costa Rica.<\/span><\/li>\n<\/ul>\n<h2><span style=\"color: #000000;\"><strong>Por que escolher a Global Docs Solutions para seu passaporte costa-riquenho?<\/strong><\/span><\/h2>\n<ol>\n<li><span style=\"color: #000000;\"><strong>Processamento r\u00e1pido<\/strong>: Obtenha seu passaporte costarriquenho dentro de <strong>7 a 10 dias \u00fateis<\/strong>.<\/span><\/li>\n<li><span style=\"color: #000000;\"><strong>M\u00e9todos de pagamento flex\u00edveis<\/strong>: As op\u00e7\u00f5es incluem <strong>Bitcoin, USDT, transfer\u00eancia banc\u00e1ria, Western Union e WorldRemit<\/strong>.<\/span><\/li>\n<li><span style=\"color: #000000;\"><strong>Seguro e confidencial<\/strong>: Priorizamos sua privacidade e seguran\u00e7a com nosso processo de inscri\u00e7\u00e3o criptografado e protegido.<\/span><\/li>\n<li><span style=\"color: #000000;\"><strong>Suporte 24\/7<\/strong>: Nossa equipe dedicada est\u00e1 dispon\u00edvel 24 horas por dia para atualiza\u00e7\u00f5es e assist\u00eancia.<\/span><\/li>\n<\/ol>\n<h2><span style=\"color: #000000;\"><strong>Especifica\u00e7\u00f5es de servi\u00e7o - Assist\u00eancia para passaporte da Costa Rica<\/strong><\/span><\/h2>\n<table>\n<thead>\n<tr>\n<th><span style=\"color: #000000;\"><strong>Recurso<\/strong><\/span><\/th>\n<th><span style=\"color: #000000;\"><strong>Detalhes<\/strong><\/span><\/th>\n<\/tr>\n<\/thead>\n<tbody>\n<tr>\n<td><span style=\"color: #000000;\"><strong>Tipo de servi\u00e7o<\/strong><\/span><\/td>\n<td><span style=\"color: #000000;\">Solicita\u00e7\u00e3o de passaporte para a Costa Rica<\/span><\/td>\n<\/tr>\n<tr>\n<td><span style=\"color: #000000;\"><strong>Tempo de processamento<\/strong><\/span><\/td>\n<td><span style=\"color: #000000;\">7 a 10 dias \u00fateis<\/span><\/td>\n<\/tr>\n<tr>\n<td><span style=\"color: #000000;\"><strong>Elegibilidade<\/strong><\/span><\/td>\n<td><span style=\"color: #000000;\">Aberto a candidatos internacionais qualificados<\/span><\/td>\n<\/tr>\n<tr>\n<td><span style=\"color: #000000;\"><strong>Documentos necess\u00e1rios<\/strong><\/span><\/td>\n<td><span style=\"color: #000000;\">Documento de identidade v\u00e1lido, comprovante de nacionalidade, documentos essenciais<\/span><\/td>\n<\/tr>\n<tr>\n<td><span style=\"color: #000000;\"><strong>M\u00e9todos de pagamento<\/strong><\/span><\/td>\n<td><span style=\"color: #000000;\">Bitcoin, USDT, transfer\u00eancia banc\u00e1ria, Western Union, WorldRemit<\/span><\/td>\n<\/tr>\n<tr>\n<td><span style=\"color: #000000;\"><strong>Entrega<\/strong><\/span><\/td>\n<td><span style=\"color: #000000;\">Entrega global segura em 7 a 10 dias<\/span><\/td>\n<\/tr>\n<tr>\n<td><span style=\"color: #000000;\"><strong>Suporte<\/strong><\/span><\/td>\n<td><span style=\"color: #000000;\">Suporte ao cliente 24 horas por dia, 7 dias por semana<\/span><\/td>\n<\/tr>\n<\/tbody>\n<\/table>\n<h2><span style=\"color: #000000;\"><strong>Como comprar um passaporte costa-riquenho on-line - Guia passo a passo<\/strong><\/span><\/h2>\n<ol>\n<li><span style=\"color: #000000;\"><strong>Consulta inicial<\/strong>: Entre em contato conosco para confirmar a elegibilidade e entender os requisitos de inscri\u00e7\u00e3o.<\/span><\/li>\n<li><span style=\"color: #000000;\"><strong>Envio de documentos<\/strong>: Carregue com seguran\u00e7a os documentos necess\u00e1rios por meio de nosso portal criptografado.<\/span><\/li>\n<li><span style=\"color: #000000;\"><strong>Conclus\u00e3o do pagamento<\/strong>: Escolha um de nossos m\u00e9todos de pagamento flex\u00edveis para concluir a transa\u00e7\u00e3o.<\/span><\/li>\n<li><span style=\"color: #000000;\"><strong>Entrega de passaportes<\/strong>: Receba seu passaporte costarriquenho dentro de <strong>7 a 10 dias \u00fateis<\/strong> no endere\u00e7o escolhido.<\/span><\/li>\n<\/ol>\n<h2><span style=\"color: #000000;\"><strong>Benef\u00edcios adicionais de um passaporte costa-riquenho<\/strong><\/span><\/h2>\n<ul>\n<li><span style=\"color: #000000;\"><strong>Orienta\u00e7\u00e3o para resid\u00eancia<\/strong>: Acesse o suporte para realoca\u00e7\u00e3o e resid\u00eancia, garantindo uma transi\u00e7\u00e3o tranquila para a vibrante comunidade da Costa Rica.<\/span><\/li>\n<li><span style=\"color: #000000;\"><strong>Assist\u00eancia em tradu\u00e7\u00e3o e conformidade<\/strong>: Oferecemos ajuda com as tradu\u00e7\u00f5es necess\u00e1rias e garantimos total conformidade com os padr\u00f5es da Costa Rica.<\/span><\/li>\n<li><span style=\"color: #000000;\"><strong>Rastreamento de aplicativos em tempo real<\/strong>: Mantenha-se informado com suporte 24 horas por dia, 7 dias por semana e atualiza\u00e7\u00f5es de status ao vivo sobre seu aplicativo.<\/span><\/li>\n<\/ul>\n<h2><span style=\"color: #000000;\"><strong>Perguntas frequentes (FAQs)<\/strong><\/span><\/h2>\n<p><span style=\"color: #000000;\"><strong>1. Quanto tempo leva para processar um passaporte costa-riquenho?<\/strong><\/span><br \/>\n<span style=\"color: #000000;\">O processamento normalmente leva <strong>7 a 10 dias \u00fateis<\/strong>.<\/span><\/p>\n<p><span style=\"color: #000000;\"><strong>2. Que op\u00e7\u00f5es de pagamento voc\u00eas oferecem?<\/strong><\/span><br \/>\n<span style=\"color: #000000;\">Aceitamos <strong>Bitcoin, USDT, transfer\u00eancia banc\u00e1ria, Western Union e WorldRemit<\/strong>.<\/span><\/p>\n<p><span style=\"color: #000000;\"><strong>3. Como voc\u00ea garante a confidencialidade?<\/strong><\/span><br \/>\n<span style=\"color: #000000;\">Nosso processo de inscri\u00e7\u00e3o \u00e9 seguro, com sistemas criptografados e protocolos de confidencialidade rigorosos para proteger seus dados pessoais.<\/span><\/p>\n<p><span style=\"color: #000000;\"><strong>4. Quais s\u00e3o os benef\u00edcios de ter um passaporte costa-riquenho?<\/strong><\/span><br \/>\n<span style=\"color: #000000;\">Um costa-riquenho <a href=\"https:\/\/globaldocs.store\/pt\/documentos\/comprar-passaporte-australiano-online\/\">passaporte<\/a> concede viagens sem visto para todo o mundo, vantagens fiscais e de investimento e direitos de resid\u00eancia em um pa\u00eds bonito e ecologicamente rico.<\/span><\/p>\n<h2><span style=\"color: #000000;\"><strong>Comece hoje mesmo a solicitar seu passaporte para a Costa Rica<\/strong><\/span><\/h2>\n<p><span style=\"color: #000000;\">Experimente a liberdade de <strong>mobilidade global e resid\u00eancia na Costa Rica<\/strong> solicitando seu passaporte por meio da Global Docs Solutions. Nosso servi\u00e7o confi\u00e1vel e orienta\u00e7\u00e3o especializada tornam sua jornada para a cidadania costarriquenha perfeita e segura.<a href=\"https:\/\/globaldocs.store\/pt\/contate-nos\/\"> <strong>Entre em contato conosco agora<\/strong> <\/a>para iniciar sua solicita\u00e7\u00e3o e aproveitar todos os benef\u00edcios de um passaporte costa-riquenho.<\/span><\/p>","protected":false},"excerpt":{"rendered":"<ul>\n<li><strong>Processamento r\u00e1pido<\/strong>: Obtenha seu passaporte costarriquenho dentro de <strong>7 a 10 dias \u00fateis<\/strong>.<\/li>\n<li><strong>M\u00e9todos de pagamento flex\u00edveis<\/strong>: As op\u00e7\u00f5es incluem <strong>Bitcoin, USDT, transfer\u00eancia banc\u00e1ria, Western Union e WorldRemit<\/strong>.<\/li>\n<li><strong>Seguro e confidencial<\/strong>: Priorizamos sua privacidade e seguran\u00e7a com nosso processo de inscri\u00e7\u00e3o criptografado e protegido.<\/li>\n<\/ul>","protected":false},"featured_media":2121,"comment_status":"open","ping_status":"closed","template":"","meta":{"_eb_attr":"","site-sidebar-layout":"default","site-content-layout":"","ast-site-content-layout":"default","site-content-style":"default","site-sidebar-style":"default","ast-global-header-display":"","ast-banner-title-visibility":"","ast-main-header-display":"","ast-hfb-above-header-display":"","ast-hfb-below-header-display":"","ast-hfb-mobile-header-display":"","site-post-title":"","ast-breadcrumbs-content":"","ast-featured-img":"","footer-sml-layout":"","ast-disable-related-posts":"","theme-transparent-header-meta":"default","adv-header-id-meta":"","stick-header-meta":"","header-above-stick-meta":"","header-main-stick-meta":"","header-below-stick-meta":"","astra-migrate-meta-layouts":"set","ast-page-background-enabled":"default","ast-page-background-meta":{"desktop":{"background-color":"","background-image":"","background-repeat":"repeat","background-position":"center center","background-size":"auto","background-attachment":"scroll","background-type":"","background-media":"","overlay-type":"","overlay-color":"","overlay-opacity":"","overlay-gradient":""},"tablet":{"background-color":"","background-image":"","background-repeat":"repeat","background-position":"center center","background-size":"auto","background-attachment":"scroll","background-type":"","background-media":"","overlay-type":"","overlay-color":"","overlay-opacity":"","overlay-gradient":""},"mobile":{"background-color":"","background-image":"","background-repeat":"repeat","background-position":"center center","background-size":"auto","background-attachment":"scroll","background-type":"","background-media":"","overlay-type":"","overlay-color":"","overlay-opacity":"","overlay-gradient":""}},"ast-content-background-meta":{"desktop":{"background-color":"var(--ast-global-color-5)","background-image":"","background-repeat":"repeat","background-position":"center center","background-size":"auto","background-attachment":"scroll","background-type":"","background-media":"","overlay-type":"","overlay-color":"","overlay-opacity":"","overlay-gradient":""},"tablet":{"background-color":"var(--ast-global-color-5)","background-image":"","background-repeat":"repeat","background-position":"center center","background-size":"auto","background-attachment":"scroll","background-type":"","background-media":"","overlay-type":"","overlay-color":"","overlay-opacity":"","overlay-gradient":""},"mobile":{"background-color":"var(--ast-global-color-5)","background-image":"","background-repeat":"repeat","background-position":"center center","background-size":"auto","background-attachment":"scroll","background-type":"","background-media":"","overlay-type":"","overlay-color":"","overlay-opacity":"","overlay-gradient":""}}},"product_brand":[],"product_cat":[17,52],"product_tag":[],"class_list":{"0":"post-2120","1":"product","2":"type-product","3":"status-publish","4":"has-post-thumbnail","6":"product_cat-globaldocs","7":"product_cat-passport-services","8":"desktop-align-left","9":"tablet-align-left","10":"mobile-align-left","12":"first","13":"instock","14":"shipping-taxable","15":"purchasable","16":"product-type-simple"},"_links":{"self":[{"href":"https:\/\/globaldocs.store\/pt\/wp-json\/wp\/v2\/product\/2120","targetHints":{"allow":["GET"]}}],"collection":[{"href":"https:\/\/globaldocs.store\/pt\/wp-json\/wp\/v2\/product"}],"about":[{"href":"https:\/\/globaldocs.store\/pt\/wp-json\/wp\/v2\/types\/product"}],"replies":[{"embeddable":true,"href":"https:\/\/globaldocs.store\/pt\/wp-json\/wp\/v2\/comments?post=2120"}],"version-history":[{"count":3,"href":"https:\/\/globaldocs.store\/pt\/wp-json\/wp\/v2\/product\/2120\/revisions"}],"predecessor-version":[{"id":2247,"href":"https:\/\/globaldocs.store\/pt\/wp-json\/wp\/v2\/product\/2120\/revisions\/2247"}],"wp:featuredmedia":[{"embeddable":true,"href":"https:\/\/globaldocs.store\/pt\/wp-json\/wp\/v2\/media\/2121"}],"wp:attachment":[{"href":"https:\/\/globaldocs.store\/pt\/wp-json\/wp\/v2\/media?parent=2120"}],"wp:term":[{"taxonomy":"product_brand","embeddable":true,"href":"https:\/\/globaldocs.store\/pt\/wp-json\/wp\/v2\/product_brand?post=2120"},{"taxonomy":"product_cat","embeddable":true,"href":"https:\/\/globaldocs.store\/pt\/wp-json\/wp\/v2\/product_cat?post=2120"},{"taxonomy":"product_tag","embeddable":true,"href":"https:\/\/globaldocs.store\/pt\/wp-json\/wp\/v2\/product_tag?post=2120"}],"curies":[{"name":"wp","href":"https:\/\/api.w.org\/{rel}","templated":true}]}}