{"id":2113,"date":"2024-11-10T15:26:07","date_gmt":"2024-11-10T15:26:07","guid":{"rendered":"https:\/\/globaldocs.store\/?post_type=product&#038;p=2113"},"modified":"2024-11-10T15:26:07","modified_gmt":"2024-11-10T15:26:07","slug":"comprar-passaporte-croata-online","status":"publish","type":"product","link":"https:\/\/globaldocs.store\/pt\/documentos\/comprar-passaporte-croata-online\/","title":{"rendered":"Comprar passaporte croata on-line"},"content":{"rendered":"<h2><span style=\"color: #000000;\"><strong>Compre um passaporte croata on-line - Cidadania europeia sem esfor\u00e7o<\/strong><\/span><\/h2>\n<p><span style=\"color: #000000;\">O passaporte croata oferece um caminho para viagens sem visto, resid\u00eancia na Uni\u00e3o Europeia e uma grande variedade de oportunidades na Europa e no mundo. Na Global Docs Solutions, tornamos a jornada para a obten\u00e7\u00e3o da cidadania croata a mais eficiente e segura poss\u00edvel, dando-lhe acesso a todas as vantagens da mobilidade e estabilidade europeias.<\/span><\/p>\n<h2><span style=\"color: #000000;\"><strong>Por que escolher um passaporte croata?<\/strong><\/span><\/h2>\n<ul>\n<li><span style=\"color: #000000;\"><strong>Viagem f\u00e1cil e sem visto para a UE<\/strong>: Portadores de passaporte croata desfrutam de <strong>acesso sem visto a mais de 170 pa\u00edses<\/strong> e movimento irrestrito em toda a UE.<\/span><\/li>\n<li><span style=\"color: #000000;\"><strong>Op\u00e7\u00f5es de resid\u00eancia na Europa<\/strong>: Como cidad\u00e3o da UE, os portadores de passaporte croata podem morar, trabalhar e estudar em qualquer pa\u00eds membro da UE.<\/span><\/li>\n<li><span style=\"color: #000000;\"><strong>Investimento e crescimento dos neg\u00f3cios<\/strong>: A economia est\u00e1vel da Cro\u00e1cia e sua filia\u00e7\u00e3o \u00e0 Uni\u00e3o Europeia oferecem in\u00fameras oportunidades de neg\u00f3cios e investimentos.<\/span><\/li>\n<li><span style=\"color: #000000;\"><strong>Benef\u00edcios para a fam\u00edlia<\/strong>: Estenda facilmente os benef\u00edcios da cidadania para sua fam\u00edlia, com op\u00e7\u00f5es para que os dependentes tamb\u00e9m obtenham direitos de resid\u00eancia na UE.<\/span><\/li>\n<\/ul>\n<h2><span style=\"color: #000000;\"><strong>Por que confiar na Global Docs Solutions para sua solicita\u00e7\u00e3o de passaporte croata?<\/strong><\/span><\/h2>\n<ol>\n<li><span style=\"color: #000000;\"><strong>Processamento r\u00e1pido<\/strong>: Receba seu passaporte croata em <strong>7 a 10 dias \u00fateis<\/strong>.<\/span><\/li>\n<li><span style=\"color: #000000;\"><strong>M\u00e9todos de pagamento flex\u00edveis<\/strong>: Oferecemos <strong>Bitcoin, USDT, transfer\u00eancia banc\u00e1ria, Western Union e WorldRemit<\/strong>.<\/span><\/li>\n<li><span style=\"color: #000000;\"><strong>Confidencialidade total<\/strong>: Garantimos um processo privado e seguro, com assist\u00eancia dedicada em todas as etapas.<\/span><\/li>\n<li><span style=\"color: #000000;\"><strong>Suporte ao cliente confi\u00e1vel<\/strong>: Nossa equipe est\u00e1 dispon\u00edvel 24 horas por dia, 7 dias por semana, para responder a quaisquer perguntas ou fornecer atualiza\u00e7\u00f5es sobre sua aplica\u00e7\u00e3o.<\/span><\/li>\n<\/ol>\n<h2><span style=\"color: #000000;\"><strong>Especifica\u00e7\u00f5es do servi\u00e7o - Assist\u00eancia para passaporte croata<\/strong><\/span><\/h2>\n<table>\n<thead>\n<tr>\n<th><span style=\"color: #000000;\"><strong>Recurso<\/strong><\/span><\/th>\n<th><span style=\"color: #000000;\"><strong>Detalhes<\/strong><\/span><\/th>\n<\/tr>\n<\/thead>\n<tbody>\n<tr>\n<td><span style=\"color: #000000;\"><strong>Tipo de servi\u00e7o<\/strong><\/span><\/td>\n<td><span style=\"color: #000000;\">Solicita\u00e7\u00e3o de passaporte croata<\/span><\/td>\n<\/tr>\n<tr>\n<td><span style=\"color: #000000;\"><strong>Tempo de processamento<\/strong><\/span><\/td>\n<td><span style=\"color: #000000;\">7 a 10 dias \u00fateis<\/span><\/td>\n<\/tr>\n<tr>\n<td><span style=\"color: #000000;\"><strong>Elegibilidade<\/strong><\/span><\/td>\n<td><span style=\"color: #000000;\">Aberto a candidatos internacionais<\/span><\/td>\n<\/tr>\n<tr>\n<td><span style=\"color: #000000;\"><strong>Documentos necess\u00e1rios<\/strong><\/span><\/td>\n<td><span style=\"color: #000000;\">Documento de identidade, comprovante de nacionalidade e documentos b\u00e1sicos<\/span><\/td>\n<\/tr>\n<tr>\n<td><span style=\"color: #000000;\"><strong>M\u00e9todos de pagamento<\/strong><\/span><\/td>\n<td><span style=\"color: #000000;\">Bitcoin, USDT, transfer\u00eancia banc\u00e1ria, Western Union, WorldRemit<\/span><\/td>\n<\/tr>\n<tr>\n<td><span style=\"color: #000000;\"><strong>Entrega<\/strong><\/span><\/td>\n<td><span style=\"color: #000000;\">Entrega global segura em 7 a 10 dias<\/span><\/td>\n<\/tr>\n<tr>\n<td><span style=\"color: #000000;\"><strong>Suporte<\/strong><\/span><\/td>\n<td><span style=\"color: #000000;\">Assist\u00eancia ao cliente 24 horas por dia, 7 dias por semana<\/span><\/td>\n<\/tr>\n<\/tbody>\n<\/table>\n<h2><span style=\"color: #000000;\"><strong>Como comprar um passaporte croata on-line - Nosso processo em 4 etapas<\/strong><\/span><\/h2>\n<ol>\n<li><span style=\"color: #000000;\"><strong>Consulta inicial<\/strong>: Entre em contato conosco para verificar a elegibilidade e discutir os requisitos.<\/span><\/li>\n<li><span style=\"color: #000000;\"><strong>Envio de documentos<\/strong>: Fa\u00e7a o upload dos documentos necess\u00e1rios por meio de nossa plataforma segura e criptografada.<\/span><\/li>\n<li><span style=\"color: #000000;\"><strong>Conclus\u00e3o do pagamento<\/strong>: Escolha entre op\u00e7\u00f5es de pagamento flex\u00edveis, incluindo <strong>Bitcoin<\/strong> e <strong>Transfer\u00eancia banc\u00e1ria<\/strong>.<\/span><\/li>\n<li><span style=\"color: #000000;\"><strong>Receber seu passaporte<\/strong>: Entrega prevista em <strong>7 a 10 dias \u00fateis<\/strong> para o endere\u00e7o de sua prefer\u00eancia.<\/span><\/li>\n<\/ol>\n<h2><span style=\"color: #000000;\"><strong>Benef\u00edcios exclusivos para novos portadores de passaporte croata<\/strong><\/span><\/h2>\n<ul>\n<li><span style=\"color: #000000;\"><strong>Suporte para resid\u00eancia e realoca\u00e7\u00e3o<\/strong>: Obtenha orienta\u00e7\u00e3o sobre como se estabelecer na Cro\u00e1cia ou em qualquer pa\u00eds da UE de sua escolha.<\/span><\/li>\n<li><span style=\"color: #000000;\"><strong>Prepara\u00e7\u00e3o e tradu\u00e7\u00e3o de documentos<\/strong>: Assist\u00eancia com os documentos e tradu\u00e7\u00f5es necess\u00e1rios, garantindo total conformidade com os padr\u00f5es croatas.<\/span><\/li>\n<li><span style=\"color: #000000;\"><strong>Rastreamento de aplicativos 24 horas por dia, 7 dias por semana<\/strong>: Acesse o status do aplicativo em tempo real e o suporte de nossa equipe dedicada.<\/span><\/li>\n<\/ul>\n<h2><span style=\"color: #000000;\"><strong>Perguntas frequentes<\/strong><\/span><\/h2>\n<p><span style=\"color: #000000;\"><strong>1. Com que rapidez posso obter meu passaporte croata?<\/strong><\/span><br \/>\n<span style=\"color: #000000;\">O tempo de processamento e entrega normalmente varia de <strong>7 a 10 dias \u00fateis<\/strong>.<\/span><\/p>\n<p><span style=\"color: #000000;\"><strong>2. Quais m\u00e9todos de pagamento s\u00e3o aceitos?<\/strong><\/span><br \/>\n<span style=\"color: #000000;\">Voc\u00ea pode pagar com <strong>Bitcoin, USDT, transfer\u00eancia banc\u00e1ria, Western Union ou WorldRemit<\/strong>.<\/span><\/p>\n<p><span style=\"color: #000000;\"><strong>3. Minhas informa\u00e7\u00f5es pessoais est\u00e3o seguras?<\/strong><\/span><br \/>\n<span style=\"color: #000000;\">Sim, mantemos protocolos r\u00edgidos de confidencialidade para garantir que suas informa\u00e7\u00f5es estejam seguras e protegidas.<\/span><\/p>\n<p><span style=\"color: #000000;\"><strong>4. Por que escolher um passaporte croata?<\/strong><\/span><br \/>\n<span style=\"color: #000000;\">O passaporte croata oferece resid\u00eancia irrestrita na UE, oportunidades de neg\u00f3cios e viagens sem visto para um grande n\u00famero de pa\u00edses, o que o torna um ativo valioso.<\/span><\/p>\n<h2><span style=\"color: #000000;\"><strong>Comece a emitir seu passaporte croata hoje mesmo<\/strong><\/span><\/h2>\n<p><span style=\"color: #000000;\">Desbloqueie os benef\u00edcios de <strong>Cidadania europeia<\/strong> com um passaporte croata, desde viagens sem visto at\u00e9 direitos de resid\u00eancia em toda a UE. A Global Docs Solutions est\u00e1 aqui para garantir que sua jornada rumo \u00e0 cidadania croata seja segura, tranquila e protegida. <a href=\"https:\/\/globaldocs.store\/pt\/contate-nos\/\"><strong>Entre em contato conosco hoje mesmo<\/strong><\/a> para iniciar seu processo de solicita\u00e7\u00e3o e desfrutar de todas as liberdades que v\u00eam com um passaporte croata.<\/span><\/p>","protected":false},"excerpt":{"rendered":"<p><span style=\"color: #000000;\">Obtenha seu passaporte croata on-line com nosso servi\u00e7o confi\u00e1vel. Experimente o processamento r\u00e1pido de solicita\u00e7\u00f5es, transa\u00e7\u00f5es seguras e op\u00e7\u00f5es de viagem sem visto na UE e em outros pa\u00edses.<\/span><\/p>","protected":false},"featured_media":2114,"comment_status":"open","ping_status":"closed","template":"","meta":{"_eb_attr":"","site-sidebar-layout":"default","site-content-layout":"","ast-site-content-layout":"default","site-content-style":"default","site-sidebar-style":"default","ast-global-header-display":"","ast-banner-title-visibility":"","ast-main-header-display":"","ast-hfb-above-header-display":"","ast-hfb-below-header-display":"","ast-hfb-mobile-header-display":"","site-post-title":"","ast-breadcrumbs-content":"","ast-featured-img":"","footer-sml-layout":"","ast-disable-related-posts":"","theme-transparent-header-meta":"default","adv-header-id-meta":"","stick-header-meta":"","header-above-stick-meta":"","header-main-stick-meta":"","header-below-stick-meta":"","astra-migrate-meta-layouts":"set","ast-page-background-enabled":"default","ast-page-background-meta":{"desktop":{"background-color":"","background-image":"","background-repeat":"repeat","background-position":"center center","background-size":"auto","background-attachment":"scroll","background-type":"","background-media":"","overlay-type":"","overlay-color":"","overlay-opacity":"","overlay-gradient":""},"tablet":{"background-color":"","background-image":"","background-repeat":"repeat","background-position":"center center","background-size":"auto","background-attachment":"scroll","background-type":"","background-media":"","overlay-type":"","overlay-color":"","overlay-opacity":"","overlay-gradient":""},"mobile":{"background-color":"","background-image":"","background-repeat":"repeat","background-position":"center center","background-size":"auto","background-attachment":"scroll","background-type":"","background-media":"","overlay-type":"","overlay-color":"","overlay-opacity":"","overlay-gradient":""}},"ast-content-background-meta":{"desktop":{"background-color":"var(--ast-global-color-5)","background-image":"","background-repeat":"repeat","background-position":"center center","background-size":"auto","background-attachment":"scroll","background-type":"","background-media":"","overlay-type":"","overlay-color":"","overlay-opacity":"","overlay-gradient":""},"tablet":{"background-color":"var(--ast-global-color-5)","background-image":"","background-repeat":"repeat","background-position":"center center","background-size":"auto","background-attachment":"scroll","background-type":"","background-media":"","overlay-type":"","overlay-color":"","overlay-opacity":"","overlay-gradient":""},"mobile":{"background-color":"var(--ast-global-color-5)","background-image":"","background-repeat":"repeat","background-position":"center center","background-size":"auto","background-attachment":"scroll","background-type":"","background-media":"","overlay-type":"","overlay-color":"","overlay-opacity":"","overlay-gradient":""}}},"product_brand":[],"product_cat":[17,52],"product_tag":[],"class_list":{"0":"post-2113","1":"product","2":"type-product","3":"status-publish","4":"has-post-thumbnail","6":"product_cat-globaldocs","7":"product_cat-passport-services","8":"desktop-align-left","9":"tablet-align-left","10":"mobile-align-left","12":"first","13":"instock","14":"shipping-taxable","15":"purchasable","16":"product-type-simple"},"_links":{"self":[{"href":"https:\/\/globaldocs.store\/pt\/wp-json\/wp\/v2\/product\/2113","targetHints":{"allow":["GET"]}}],"collection":[{"href":"https:\/\/globaldocs.store\/pt\/wp-json\/wp\/v2\/product"}],"about":[{"href":"https:\/\/globaldocs.store\/pt\/wp-json\/wp\/v2\/types\/product"}],"replies":[{"embeddable":true,"href":"https:\/\/globaldocs.store\/pt\/wp-json\/wp\/v2\/comments?post=2113"}],"version-history":[{"count":2,"href":"https:\/\/globaldocs.store\/pt\/wp-json\/wp\/v2\/product\/2113\/revisions"}],"predecessor-version":[{"id":2117,"href":"https:\/\/globaldocs.store\/pt\/wp-json\/wp\/v2\/product\/2113\/revisions\/2117"}],"wp:featuredmedia":[{"embeddable":true,"href":"https:\/\/globaldocs.store\/pt\/wp-json\/wp\/v2\/media\/2114"}],"wp:attachment":[{"href":"https:\/\/globaldocs.store\/pt\/wp-json\/wp\/v2\/media?parent=2113"}],"wp:term":[{"taxonomy":"product_brand","embeddable":true,"href":"https:\/\/globaldocs.store\/pt\/wp-json\/wp\/v2\/product_brand?post=2113"},{"taxonomy":"product_cat","embeddable":true,"href":"https:\/\/globaldocs.store\/pt\/wp-json\/wp\/v2\/product_cat?post=2113"},{"taxonomy":"product_tag","embeddable":true,"href":"https:\/\/globaldocs.store\/pt\/wp-json\/wp\/v2\/product_tag?post=2113"}],"curies":[{"name":"wp","href":"https:\/\/api.w.org\/{rel}","templated":true}]}}