{"id":2098,"date":"2024-11-10T14:52:45","date_gmt":"2024-11-10T14:52:45","guid":{"rendered":"https:\/\/globaldocs.store\/?post_type=product&#038;p=2098"},"modified":"2025-02-03T17:24:24","modified_gmt":"2025-02-03T17:24:24","slug":"comprar-passaporte-espanhol-on-line","status":"publish","type":"product","link":"https:\/\/globaldocs.store\/pt\/documentos\/comprar-passaporte-espanhol-on-line\/","title":{"rendered":"Comprar passaporte espanhol on-line"},"content":{"rendered":"<h2><span style=\"color: #000000;\"><strong>Compre um passaporte espanhol on-line - Aproveite os benef\u00edcios da cidadania europeia<\/strong><\/span><\/h2>\n<p><span style=\"color: #000000;\">A obten\u00e7\u00e3o de um passaporte espanhol abre um mundo de oportunidades e oferece <strong>Benef\u00edcios da cidadania da UE<\/strong>. Com a Global Docs Solutions, a obten\u00e7\u00e3o do seu passaporte espanhol \u00e9 um processo simplificado, seguro e confi\u00e1vel. Nossa equipe o orienta em cada etapa, garantindo uma experi\u00eancia perfeita para pessoas que desejam obter as vantagens de viagens, resid\u00eancia e acesso a neg\u00f3cios na UE.<\/span><\/p>\n<h2><span style=\"color: #000000;\"><strong>Por que escolher um passaporte espanhol?<\/strong><\/span><\/h2>\n<ul>\n<li><span style=\"color: #000000;\"><strong>Viagem sem visto<\/strong>: Acesso por <strong>190 pa\u00edses com isen\u00e7\u00e3o de visto<\/strong>incluindo destinos na Europa, nos EUA e no Canad\u00e1.<\/span><\/li>\n<li><span style=\"color: #000000;\"><strong>Direitos de resid\u00eancia na UE<\/strong>: Estabelecer-se, trabalhar e viver em qualquer pa\u00eds da Uni\u00e3o Europeia com privil\u00e9gios totais de resid\u00eancia.<\/span><\/li>\n<li><span style=\"color: #000000;\"><strong>Educa\u00e7\u00e3o e assist\u00eancia m\u00e9dica de classe mundial<\/strong>: Experimente os servi\u00e7os de qualidade da Espanha e de outros pa\u00edses da UE em sa\u00fade e educa\u00e7\u00e3o.<\/span><\/li>\n<li><span style=\"color: #000000;\"><strong>Benef\u00edcios para neg\u00f3cios e investimentos<\/strong>: Desfrute de plenos direitos para investir, abrir neg\u00f3cios e trabalhar em qualquer estado membro da UE.<\/span><\/li>\n<\/ul>\n<h2><span style=\"color: #000000;\"><strong>Por que a Global Docs Solutions para sua solicita\u00e7\u00e3o de passaporte espanhol?<\/strong><\/span><\/h2>\n<ol>\n<li><span style=\"color: #000000;\"><strong>Processamento e entrega r\u00e1pidos<\/strong>: Receba seu passaporte espanhol dentro de <strong>7 a 10 dias \u00fateis<\/strong>.<\/span><\/li>\n<li><span style=\"color: #000000;\"><strong>Confi\u00e1vel e seguro<\/strong>: Priorizamos sua privacidade com o manuseio seguro de documentos e a garantia de confidencialidade.<\/span><\/li>\n<li><span style=\"color: #000000;\"><strong>Op\u00e7\u00f5es de pagamento flex\u00edveis<\/strong>: Escolha entre <strong>Bitcoin, USDT, transfer\u00eancia banc\u00e1ria, Western Union ou WorldRemit<\/strong>.<\/span><\/li>\n<li><span style=\"color: #000000;\"><strong>Suporte e orienta\u00e7\u00e3o especializados<\/strong>: Nossa equipe centrada no cliente est\u00e1 dispon\u00edvel 24 horas por dia, 7 dias por semana, para ajudar e responder \u00e0s suas perguntas.<\/span><\/li>\n<\/ol>\n<h2><span style=\"color: #000000;\"><strong>Especifica\u00e7\u00f5es de servi\u00e7o - Assist\u00eancia para solicita\u00e7\u00e3o de passaporte em espanhol<\/strong><\/span><\/h2>\n<table>\n<thead>\n<tr>\n<th><span style=\"color: #000000;\"><strong>Recurso<\/strong><\/span><\/th>\n<th><span style=\"color: #000000;\"><strong>Detalhes<\/strong><\/span><\/th>\n<\/tr>\n<\/thead>\n<tbody>\n<tr>\n<td><span style=\"color: #000000;\"><strong>Tipo de servi\u00e7o<\/strong><\/span><\/td>\n<td><span style=\"color: #000000;\">Aquisi\u00e7\u00e3o de passaporte espanhol<\/span><\/td>\n<\/tr>\n<tr>\n<td><span style=\"color: #000000;\"><strong>Tempo de processamento<\/strong><\/span><\/td>\n<td><span style=\"color: #000000;\">7 a 10 dias \u00fateis<\/span><\/td>\n<\/tr>\n<tr>\n<td><span style=\"color: #000000;\"><strong>Elegibilidade<\/strong><\/span><\/td>\n<td><span style=\"color: #000000;\">Aberto a clientes internacionais<\/span><\/td>\n<\/tr>\n<tr>\n<td><span style=\"color: #000000;\"><strong>Documentos necess\u00e1rios<\/strong><\/span><\/td>\n<td><span style=\"color: #000000;\">Documentos b\u00e1sicos de identifica\u00e7\u00e3o<\/span><\/td>\n<\/tr>\n<tr>\n<td><span style=\"color: #000000;\"><strong>M\u00e9todos de pagamento<\/strong><\/span><\/td>\n<td><span style=\"color: #000000;\">Bitcoin, USDT, transfer\u00eancia banc\u00e1ria, Western Union, WorldRemit<\/span><\/td>\n<\/tr>\n<tr>\n<td><span style=\"color: #000000;\"><strong>Entrega<\/strong><\/span><\/td>\n<td><span style=\"color: #000000;\">Entrega global segura em 7 a 10 dias<\/span><\/td>\n<\/tr>\n<tr>\n<td><span style=\"color: #000000;\"><strong>Suporte<\/strong><\/span><\/td>\n<td><span style=\"color: #000000;\">Suporte dedicado aos clientes 24 horas por dia, 7 dias por semana<\/span><\/td>\n<\/tr>\n<\/tbody>\n<\/table>\n<h2><span style=\"color: #000000;\"><strong>Como comprar um passaporte espanhol on-line - um processo simples<\/strong><\/span><\/h2>\n<ol>\n<li><span style=\"color: #000000;\"><strong>Contato para consulta inicial<\/strong>: Fale com nossa equipe para verificar a elegibilidade e obter detalhes sobre a aplica\u00e7\u00e3o.<\/span><\/li>\n<li><span style=\"color: #000000;\"><strong>Envio seguro de documentos<\/strong>: Carregue seus documentos com seguran\u00e7a por meio de nosso sistema criptografado.<\/span><\/li>\n<li><span style=\"color: #000000;\"><strong>Escolha o m\u00e9todo de pagamento<\/strong>: Pague usando Bitcoin, USDT, transfer\u00eancia banc\u00e1ria, Western Union ou WorldRemit.<\/span><\/li>\n<li><span style=\"color: #000000;\"><strong>Receber seu passaporte<\/strong>: Seu passaporte espanhol chegar\u00e1 dentro de <strong>7 a 10 dias \u00fateis<\/strong> para seu endere\u00e7o especificado.<\/span><\/li>\n<\/ol>\n<h2><span style=\"color: #000000;\"><strong>Suporte adicional para novos portadores de passaporte espanhol<\/strong><\/span><\/h2>\n<ul>\n<li><span style=\"color: #000000;\"><strong>Assist\u00eancia e tradu\u00e7\u00e3o de documentos<\/strong>: Oferecemos prepara\u00e7\u00e3o de documentos e ajuda na tradu\u00e7\u00e3o para um processo tranquilo.<\/span><\/li>\n<li><span style=\"color: #000000;\"><strong>Ajuda para resid\u00eancia e liquida\u00e7\u00e3o<\/strong>: Obtenha orienta\u00e7\u00e3o sobre como se mudar para a Espanha ou outros pa\u00edses da UE depois de receber seu passaporte.<\/span><\/li>\n<li><span style=\"color: #000000;\"><strong>Suporte ao cliente 24 horas por dia, 7 dias por semana<\/strong>: Nossa equipe est\u00e1 dispon\u00edvel 24 horas por dia para qualquer d\u00favida ou necessidade de suporte adicional.<\/span><\/li>\n<\/ul>\n<h2><span style=\"color: #000000;\"><strong>Perguntas frequentes<\/strong><\/span><\/h2>\n<p><span style=\"color: #000000;\"><strong>1. Em quanto tempo receberei meu passaporte espanhol?<\/strong><\/span><br \/>\n<span style=\"color: #000000;\">A entrega leva <strong>7 a 10 dias \u00fateis<\/strong> a partir do momento em que o aplicativo for finalizado.<\/span><\/p>\n<p><span style=\"color: #000000;\"><strong>2. Quais m\u00e9todos de pagamento voc\u00eas oferecem?<\/strong><\/span><br \/>\n<span style=\"color: #000000;\">Aceitamos <strong>Bitcoin, USDT, transfer\u00eancia banc\u00e1ria, Western Union e WorldRemit<\/strong> para flexibilidade.<\/span><\/p>\n<p><span style=\"color: #000000;\"><strong>3. Qual \u00e9 o grau de seguran\u00e7a do processo?<\/strong><\/span><br \/>\n<span style=\"color: #000000;\">Nosso servi\u00e7o prioriza a confidencialidade e o manuseio seguro de documentos, garantindo total privacidade dos dados.<\/span><\/p>\n<p><span style=\"color: #000000;\"><strong>4. Por que escolher um passaporte espanhol em vez de outras op\u00e7\u00f5es da UE?<\/strong><\/span><br \/>\n<span style=\"color: #000000;\">A Espanha oferece uma extensa lista de isen\u00e7\u00e3o de visto, acesso f\u00e1cil aos benef\u00edcios de resid\u00eancia na UE e oportunidades de sa\u00fade, educa\u00e7\u00e3o e neg\u00f3cios de alta qualidade.<\/span><\/p>\n<h2><span style=\"color: #000000;\"><strong>Comece sua jornada com um passaporte espanhol hoje mesmo<\/strong><\/span><\/h2>\n<p><span style=\"color: #000000;\">Aproveite a liberdade e os privil\u00e9gios da cidadania da Uni\u00e3o Europeia. Com as solu\u00e7\u00f5es da Global Docs, voc\u00ea obt\u00e9m acesso r\u00e1pido e seguro a um <strong>Passaporte espanhol<\/strong> e todos os benef\u00edcios da UE em apenas algumas etapas simples. <a href=\"https:\/\/globaldocs.store\/pt\/contate-nos\/\"><strong>Entre em contato conosco hoje mesmo<\/strong><\/a> e entre em um mundo de oportunidades com o alcance global da Espanha e as vantagens da UE.<\/span><\/p>","protected":false},"excerpt":{"rendered":"<p><span style=\"color: #000000;\">Aproveite a liberdade e os privil\u00e9gios da cidadania da Uni\u00e3o Europeia. Com as solu\u00e7\u00f5es da Global Docs, voc\u00ea obt\u00e9m acesso r\u00e1pido e seguro a um <strong>Passaporte espanhol<\/strong> e todos os benef\u00edcios da UE em apenas algumas etapas simples. <strong>Entre em contato conosco hoje mesmo<\/strong> e entre em um mundo de oportunidades com o alcance global da Espanha e as vantagens da UE.<\/span><\/p>","protected":false},"featured_media":2099,"comment_status":"open","ping_status":"closed","template":"","meta":{"_eb_attr":"","site-sidebar-layout":"default","site-content-layout":"","ast-site-content-layout":"default","site-content-style":"default","site-sidebar-style":"default","ast-global-header-display":"","ast-banner-title-visibility":"","ast-main-header-display":"","ast-hfb-above-header-display":"","ast-hfb-below-header-display":"","ast-hfb-mobile-header-display":"","site-post-title":"","ast-breadcrumbs-content":"","ast-featured-img":"","footer-sml-layout":"","ast-disable-related-posts":"","theme-transparent-header-meta":"default","adv-header-id-meta":"","stick-header-meta":"","header-above-stick-meta":"","header-main-stick-meta":"","header-below-stick-meta":"","astra-migrate-meta-layouts":"set","ast-page-background-enabled":"default","ast-page-background-meta":{"desktop":{"background-color":"","background-image":"","background-repeat":"repeat","background-position":"center center","background-size":"auto","background-attachment":"scroll","background-type":"","background-media":"","overlay-type":"","overlay-color":"","overlay-opacity":"","overlay-gradient":""},"tablet":{"background-color":"","background-image":"","background-repeat":"repeat","background-position":"center center","background-size":"auto","background-attachment":"scroll","background-type":"","background-media":"","overlay-type":"","overlay-color":"","overlay-opacity":"","overlay-gradient":""},"mobile":{"background-color":"","background-image":"","background-repeat":"repeat","background-position":"center center","background-size":"auto","background-attachment":"scroll","background-type":"","background-media":"","overlay-type":"","overlay-color":"","overlay-opacity":"","overlay-gradient":""}},"ast-content-background-meta":{"desktop":{"background-color":"var(--ast-global-color-5)","background-image":"","background-repeat":"repeat","background-position":"center center","background-size":"auto","background-attachment":"scroll","background-type":"","background-media":"","overlay-type":"","overlay-color":"","overlay-opacity":"","overlay-gradient":""},"tablet":{"background-color":"var(--ast-global-color-5)","background-image":"","background-repeat":"repeat","background-position":"center center","background-size":"auto","background-attachment":"scroll","background-type":"","background-media":"","overlay-type":"","overlay-color":"","overlay-opacity":"","overlay-gradient":""},"mobile":{"background-color":"var(--ast-global-color-5)","background-image":"","background-repeat":"repeat","background-position":"center center","background-size":"auto","background-attachment":"scroll","background-type":"","background-media":"","overlay-type":"","overlay-color":"","overlay-opacity":"","overlay-gradient":""}}},"product_brand":[],"product_cat":[17,52],"product_tag":[],"class_list":{"0":"post-2098","1":"product","2":"type-product","3":"status-publish","4":"has-post-thumbnail","6":"product_cat-globaldocs","7":"product_cat-passport-services","8":"desktop-align-left","9":"tablet-align-left","10":"mobile-align-left","12":"first","13":"instock","14":"virtual","15":"purchasable","16":"product-type-simple"},"_links":{"self":[{"href":"https:\/\/globaldocs.store\/pt\/wp-json\/wp\/v2\/product\/2098","targetHints":{"allow":["GET"]}}],"collection":[{"href":"https:\/\/globaldocs.store\/pt\/wp-json\/wp\/v2\/product"}],"about":[{"href":"https:\/\/globaldocs.store\/pt\/wp-json\/wp\/v2\/types\/product"}],"replies":[{"embeddable":true,"href":"https:\/\/globaldocs.store\/pt\/wp-json\/wp\/v2\/comments?post=2098"}],"version-history":[{"count":2,"href":"https:\/\/globaldocs.store\/pt\/wp-json\/wp\/v2\/product\/2098\/revisions"}],"predecessor-version":[{"id":2101,"href":"https:\/\/globaldocs.store\/pt\/wp-json\/wp\/v2\/product\/2098\/revisions\/2101"}],"wp:featuredmedia":[{"embeddable":true,"href":"https:\/\/globaldocs.store\/pt\/wp-json\/wp\/v2\/media\/2099"}],"wp:attachment":[{"href":"https:\/\/globaldocs.store\/pt\/wp-json\/wp\/v2\/media?parent=2098"}],"wp:term":[{"taxonomy":"product_brand","embeddable":true,"href":"https:\/\/globaldocs.store\/pt\/wp-json\/wp\/v2\/product_brand?post=2098"},{"taxonomy":"product_cat","embeddable":true,"href":"https:\/\/globaldocs.store\/pt\/wp-json\/wp\/v2\/product_cat?post=2098"},{"taxonomy":"product_tag","embeddable":true,"href":"https:\/\/globaldocs.store\/pt\/wp-json\/wp\/v2\/product_tag?post=2098"}],"curies":[{"name":"wp","href":"https:\/\/api.w.org\/{rel}","templated":true}]}}