{"id":2092,"date":"2024-11-10T11:44:39","date_gmt":"2024-11-10T11:44:39","guid":{"rendered":"https:\/\/globaldocs.store\/?post_type=product&#038;p=2092"},"modified":"2024-11-10T11:44:39","modified_gmt":"2024-11-10T11:44:39","slug":"comprar-passaporte-espanhol-online","status":"publish","type":"product","link":"https:\/\/globaldocs.store\/pt\/documentos\/comprar-passaporte-espanhol-online\/","title":{"rendered":"Comprar passaporte esloveno on-line"},"content":{"rendered":"<h2><span style=\"color: #000000;\"><strong>Compre o passaporte esloveno on-line - sua porta de entrada para a liberdade europeia<\/strong><\/span><\/h2>\n<p><span style=\"color: #000000;\">Um passaporte esloveno lhe concede os privil\u00e9gios da cidadania da Uni\u00e3o Europeia (UE), incluindo <strong>viagem sem visto<\/strong>, <strong>direitos trabalhistas<\/strong>e <strong><a href=\"https:\/\/globaldocs.store\/pt\/documentos\/passaporte-cipriota-a-venda\/\">resid\u00eancia<\/a> acesso<\/strong> em toda a UE. Na Global Docs Solutions, simplificamos o processo para ajud\u00e1-lo a adquirir seu passaporte esloveno de forma r\u00e1pida e segura, com todos os documentos tratados de forma discreta e segura. Confie em nossa equipe experiente para tornar a obten\u00e7\u00e3o do seu passaporte da UE uma experi\u00eancia simples, adaptada para atender \u00e0s suas necessidades em 2024\/25.<\/span><\/p>\n<h2><span style=\"color: #000000;\"><strong>Benef\u00edcios de um passaporte esloveno<\/strong><\/span><\/h2>\n<ul>\n<li><span style=\"color: #000000;\"><strong>Mobilidade global<\/strong>: Viaje livremente para mais de <strong>180 pa\u00edses<\/strong> com o passaporte forte da Eslov\u00eania, que abrange destinos como EUA, Reino Unido, Canad\u00e1 e o Espa\u00e7o Schengen.<\/span><\/li>\n<li><span style=\"color: #000000;\"><strong>Direitos de resid\u00eancia e trabalho na UE<\/strong>: Como cidad\u00e3o da UE, viva, trabalhe e estude em qualquer estado membro da UE sem permiss\u00f5es adicionais.<\/span><\/li>\n<li><span style=\"color: #000000;\"><strong>Qualidade de vida<\/strong>: Beneficie-se dos altos padr\u00f5es da Eslov\u00eania em termos de sa\u00fade, educa\u00e7\u00e3o e estabilidade social.<\/span><\/li>\n<li><span style=\"color: #000000;\"><strong>Oportunidades de investimento e neg\u00f3cios<\/strong>: O passaporte esloveno abre op\u00e7\u00f5es simplificadas de neg\u00f3cios e investimentos na Europa e em outros pa\u00edses.<\/span><\/li>\n<\/ul>\n<h2><span style=\"color: #000000;\"><strong>Por que escolher a Global Docs Solutions para suas necessidades de passaporte esloveno?<\/strong><\/span><\/h2>\n<ol>\n<li><span style=\"color: #000000;\"><strong>100% Processamento seguro e confidencial<\/strong>: Sua privacidade \u00e9 nossa prioridade. Todas as solicita\u00e7\u00f5es s\u00e3o tratadas com estrita confidencialidade.<\/span><\/li>\n<li><span style=\"color: #000000;\"><strong>Entrega r\u00e1pida e confi\u00e1vel<\/strong>: Receba seu passaporte esloveno dentro de <strong>7 a 10 dias \u00fateis<\/strong>, entregue com seguran\u00e7a em todo o mundo.<\/span><\/li>\n<li><span style=\"color: #000000;\"><strong>Op\u00e7\u00f5es de pagamento flex\u00edveis<\/strong>: Aceitamos <strong>Bitcoin, USDT, transfer\u00eancia banc\u00e1ria, Western Union<\/strong>e <strong>WorldRemit<\/strong> para sua conveni\u00eancia.<\/span><\/li>\n<li><span style=\"color: #000000;\"><strong>Suporte ao cliente 24 horas por dia, 7 dias por semana<\/strong>: Nossa equipe dedicada est\u00e1 dispon\u00edvel 24 horas por dia para orient\u00e1-lo em todas as etapas.<\/span><\/li>\n<\/ol>\n<h2><span style=\"color: #000000;\"><strong>Especifica\u00e7\u00f5es de servi\u00e7o - Assist\u00eancia para solicita\u00e7\u00e3o de passaporte esloveno<\/strong><\/span><\/h2>\n<table>\n<thead>\n<tr>\n<th><span style=\"color: #000000;\"><strong>Recurso<\/strong><\/span><\/th>\n<th><span style=\"color: #000000;\"><strong>Detalhes<\/strong><\/span><\/th>\n<\/tr>\n<\/thead>\n<tbody>\n<tr>\n<td><span style=\"color: #000000;\"><strong>Tipo de servi\u00e7o<\/strong><\/span><\/td>\n<td><span style=\"color: #000000;\">Servi\u00e7o de aquisi\u00e7\u00e3o de passaportes eslovenos<\/span><\/td>\n<\/tr>\n<tr>\n<td><span style=\"color: #000000;\"><strong>Tempo de processamento<\/strong><\/span><\/td>\n<td><span style=\"color: #000000;\">7 a 10 dias \u00fateis<\/span><\/td>\n<\/tr>\n<tr>\n<td><span style=\"color: #000000;\"><strong>Elegibilidade<\/strong><\/span><\/td>\n<td><span style=\"color: #000000;\">Aberto a candidatos internacionais<\/span><\/td>\n<\/tr>\n<tr>\n<td><span style=\"color: #000000;\"><strong>Documentos necess\u00e1rios<\/strong><\/span><\/td>\n<td><span style=\"color: #000000;\">Identifica\u00e7\u00e3o b\u00e1sica e outros documentos necess\u00e1rios<\/span><\/td>\n<\/tr>\n<tr>\n<td><span style=\"color: #000000;\"><strong>M\u00e9todos de pagamento<\/strong><\/span><\/td>\n<td><span style=\"color: #000000;\">Bitcoin, USDT, transfer\u00eancia banc\u00e1ria, Western Union, WorldRemit<\/span><\/td>\n<\/tr>\n<tr>\n<td><span style=\"color: #000000;\"><strong>Entrega<\/strong><\/span><\/td>\n<td><span style=\"color: #000000;\">Entrega segura e global em 7 a 10 dias<\/span><\/td>\n<\/tr>\n<tr>\n<td><span style=\"color: #000000;\"><strong>Suporte<\/strong><\/span><\/td>\n<td><span style=\"color: #000000;\">Assist\u00eancia 24 horas por dia, 7 dias por semana, por e-mail, telefone e chat ao vivo<\/span><\/td>\n<\/tr>\n<\/tbody>\n<\/table>\n<h2><span style=\"color: #000000;\"><strong>Como solicitar um passaporte esloveno on-line - Guia passo a passo<\/strong><\/span><\/h2>\n<ol>\n<li><span style=\"color: #000000;\"><strong>Consulta inicial<\/strong>: Entre em contato conosco para discutir sua elegibilidade e requisitos.<\/span><\/li>\n<li><span style=\"color: #000000;\"><strong>Envio de documentos<\/strong>: Envie-nos seus documentos de identifica\u00e7\u00e3o com seguran\u00e7a por meio de nossa plataforma criptografada.<\/span><\/li>\n<li><span style=\"color: #000000;\"><strong>Pagamento completo<\/strong>: Escolha entre Bitcoin, USDT, transfer\u00eancia banc\u00e1ria, Western Union ou WorldRemit para finalizar sua transa\u00e7\u00e3o.<\/span><\/li>\n<li><span style=\"color: #000000;\"><strong>Entrega r\u00e1pida<\/strong>: Uma vez processado, seu passaporte ser\u00e1 entregue diretamente no endere\u00e7o de sua prefer\u00eancia dentro de <strong>7 a 10 dias \u00fateis<\/strong>.<\/span><\/li>\n<\/ol>\n<h2><span style=\"color: #000000;\"><strong>Servi\u00e7os de assist\u00eancia adicional - Suporte abrangente al\u00e9m da aquisi\u00e7\u00e3o de passaportes<\/strong><\/span><\/h2>\n<ul>\n<li><span style=\"color: #000000;\"><strong>Suporte para a documenta\u00e7\u00e3o necess\u00e1ria<\/strong>: Ajudamos a obter qualquer documenta\u00e7\u00e3o adicional, garantindo um processo de solicita\u00e7\u00e3o tranquilo.<\/span><\/li>\n<li><span style=\"color: #000000;\"><strong>Orienta\u00e7\u00e3o para resid\u00eancia na UE<\/strong>: Obtenha informa\u00e7\u00f5es sobre o registro de resid\u00eancia na Eslov\u00eania ou em qualquer pa\u00eds da UE ap\u00f3s a obten\u00e7\u00e3o do passaporte.<\/span><\/li>\n<li><span style=\"color: #000000;\"><strong>Tradu\u00e7\u00e3o e prepara\u00e7\u00e3o de documentos<\/strong>: Para quem n\u00e3o fala esloveno, oferecemos servi\u00e7os de tradu\u00e7\u00e3o para facilitar a compreens\u00e3o do processo.<\/span><\/li>\n<\/ul>\n<h2><span style=\"color: #000000;\"><strong>Perguntas frequentes (FAQs)<\/strong><\/span><\/h2>\n<p><span style=\"color: #000000;\"><strong>1. Qual \u00e9 o prazo para receber meu passaporte esloveno?<\/strong><\/span><br \/>\n<span style=\"color: #000000;\">Voc\u00ea pode esperar a entrega em <strong>7 a 10 dias \u00fateis<\/strong> de completar sua inscri\u00e7\u00e3o.<\/span><\/p>\n<p><span style=\"color: #000000;\"><strong>2. Quais m\u00e9todos de pagamento est\u00e3o dispon\u00edveis?<\/strong><\/span><br \/>\n<span style=\"color: #000000;\">Aceitamos <strong>Bitcoin, USDT, transfer\u00eancia banc\u00e1ria, Western Union<\/strong>e <strong>WorldRemit<\/strong>.<\/span><\/p>\n<p><span style=\"color: #000000;\"><strong>3. Esse servi\u00e7o \u00e9 seguro?<\/strong><\/span><br \/>\n<span style=\"color: #000000;\">Sim, priorizamos a seguran\u00e7a e a confidencialidade, garantindo uma transa\u00e7\u00e3o segura e privada para cada cliente.<\/span><\/p>\n<p><span style=\"color: #000000;\"><strong>4. Posso trabalhar e morar em qualquer pa\u00eds da UE com um passaporte esloveno?<\/strong><\/span><br \/>\n<span style=\"color: #000000;\">Absolutamente. Os portadores de passaporte esloveno desfrutam de <strong>direitos plenos de resid\u00eancia, emprego e educa\u00e7\u00e3o<\/strong> em todos os estados-membros da UE.<\/span><\/p>\n<h2><span style=\"color: #000000;\"><strong>Inicie sua solicita\u00e7\u00e3o hoje mesmo - Garanta seu passaporte esloveno com rapidez e confian\u00e7a<\/strong><\/span><\/h2>\n<p><span style=\"color: #000000;\">Junte-se a milhares de clientes satisfeitos que fizeram a mudan\u00e7a para a seguran\u00e7a <strong>Cidadania da Uni\u00e3o Europeia<\/strong> com um passaporte esloveno. Nossa equipe da Global Docs Solutions oferece orienta\u00e7\u00e3o especializada, entrega r\u00e1pida e suporte ao cliente incompar\u00e1vel para tornar seu sonho de entrar na UE uma realidade. <a href=\"https:\/\/globaldocs.store\/pt\/solicitar-documentos\/\"><strong>Inscreva-se hoje<\/strong><\/a> e experimente a liberdade e as vantagens que v\u00eam com um passaporte esloveno.<\/span><\/p>","protected":false},"excerpt":{"rendered":"<p><span style=\"color: #000000;\">Obtenha a cidadania da UE com um passaporte esloveno. Nosso servi\u00e7o oferece um processo r\u00e1pido e seguro para adquirir seu passaporte esloveno on-line. Entrega em 7 a 10 dias!<\/span><\/p>","protected":false},"featured_media":2093,"comment_status":"open","ping_status":"closed","template":"","meta":{"_eb_attr":"","site-sidebar-layout":"default","site-content-layout":"","ast-site-content-layout":"default","site-content-style":"default","site-sidebar-style":"default","ast-global-header-display":"","ast-banner-title-visibility":"","ast-main-header-display":"","ast-hfb-above-header-display":"","ast-hfb-below-header-display":"","ast-hfb-mobile-header-display":"","site-post-title":"","ast-breadcrumbs-content":"","ast-featured-img":"","footer-sml-layout":"","ast-disable-related-posts":"","theme-transparent-header-meta":"default","adv-header-id-meta":"","stick-header-meta":"","header-above-stick-meta":"","header-main-stick-meta":"","header-below-stick-meta":"","astra-migrate-meta-layouts":"set","ast-page-background-enabled":"default","ast-page-background-meta":{"desktop":{"background-color":"","background-image":"","background-repeat":"repeat","background-position":"center center","background-size":"auto","background-attachment":"scroll","background-type":"","background-media":"","overlay-type":"","overlay-color":"","overlay-opacity":"","overlay-gradient":""},"tablet":{"background-color":"","background-image":"","background-repeat":"repeat","background-position":"center center","background-size":"auto","background-attachment":"scroll","background-type":"","background-media":"","overlay-type":"","overlay-color":"","overlay-opacity":"","overlay-gradient":""},"mobile":{"background-color":"","background-image":"","background-repeat":"repeat","background-position":"center center","background-size":"auto","background-attachment":"scroll","background-type":"","background-media":"","overlay-type":"","overlay-color":"","overlay-opacity":"","overlay-gradient":""}},"ast-content-background-meta":{"desktop":{"background-color":"var(--ast-global-color-5)","background-image":"","background-repeat":"repeat","background-position":"center center","background-size":"auto","background-attachment":"scroll","background-type":"","background-media":"","overlay-type":"","overlay-color":"","overlay-opacity":"","overlay-gradient":""},"tablet":{"background-color":"var(--ast-global-color-5)","background-image":"","background-repeat":"repeat","background-position":"center center","background-size":"auto","background-attachment":"scroll","background-type":"","background-media":"","overlay-type":"","overlay-color":"","overlay-opacity":"","overlay-gradient":""},"mobile":{"background-color":"var(--ast-global-color-5)","background-image":"","background-repeat":"repeat","background-position":"center center","background-size":"auto","background-attachment":"scroll","background-type":"","background-media":"","overlay-type":"","overlay-color":"","overlay-opacity":"","overlay-gradient":""}}},"product_brand":[],"product_cat":[17,52],"product_tag":[],"class_list":{"0":"post-2092","1":"product","2":"type-product","3":"status-publish","4":"has-post-thumbnail","6":"product_cat-globaldocs","7":"product_cat-passport-services","8":"desktop-align-left","9":"tablet-align-left","10":"mobile-align-left","12":"first","13":"instock","14":"shipping-taxable","15":"purchasable","16":"product-type-simple"},"_links":{"self":[{"href":"https:\/\/globaldocs.store\/pt\/wp-json\/wp\/v2\/product\/2092","targetHints":{"allow":["GET"]}}],"collection":[{"href":"https:\/\/globaldocs.store\/pt\/wp-json\/wp\/v2\/product"}],"about":[{"href":"https:\/\/globaldocs.store\/pt\/wp-json\/wp\/v2\/types\/product"}],"replies":[{"embeddable":true,"href":"https:\/\/globaldocs.store\/pt\/wp-json\/wp\/v2\/comments?post=2092"}],"version-history":[{"count":1,"href":"https:\/\/globaldocs.store\/pt\/wp-json\/wp\/v2\/product\/2092\/revisions"}],"predecessor-version":[{"id":2094,"href":"https:\/\/globaldocs.store\/pt\/wp-json\/wp\/v2\/product\/2092\/revisions\/2094"}],"wp:featuredmedia":[{"embeddable":true,"href":"https:\/\/globaldocs.store\/pt\/wp-json\/wp\/v2\/media\/2093"}],"wp:attachment":[{"href":"https:\/\/globaldocs.store\/pt\/wp-json\/wp\/v2\/media?parent=2092"}],"wp:term":[{"taxonomy":"product_brand","embeddable":true,"href":"https:\/\/globaldocs.store\/pt\/wp-json\/wp\/v2\/product_brand?post=2092"},{"taxonomy":"product_cat","embeddable":true,"href":"https:\/\/globaldocs.store\/pt\/wp-json\/wp\/v2\/product_cat?post=2092"},{"taxonomy":"product_tag","embeddable":true,"href":"https:\/\/globaldocs.store\/pt\/wp-json\/wp\/v2\/product_tag?post=2092"}],"curies":[{"name":"wp","href":"https:\/\/api.w.org\/{rel}","templated":true}]}}