{"id":2086,"date":"2024-11-10T10:08:01","date_gmt":"2024-11-10T10:08:01","guid":{"rendered":"https:\/\/globaldocs.store\/?post_type=product&#038;p=2086"},"modified":"2024-11-10T10:08:02","modified_gmt":"2024-11-10T10:08:02","slug":"comprar-passaporte-frances-online","status":"publish","type":"product","link":"https:\/\/globaldocs.store\/pt\/documentos\/comprar-passaporte-frances-online\/","title":{"rendered":"Comprar passaporte franc\u00eas on-line"},"content":{"rendered":"<h2><span style=\"color: #000000;\"><strong>Compre um passaporte franc\u00eas on-line - seu caminho confi\u00e1vel para a cidadania da UE<\/strong><\/span><\/h2>\n<p><span style=\"color: #000000;\">Com um passaporte franc\u00eas, voc\u00ea ter\u00e1 os seguintes benef\u00edcios que mudar\u00e3o sua vida <strong>Cidadania da Uni\u00e3o Europeia<\/strong>, de <strong>viagem sem visto<\/strong> para <strong>direitos de resid\u00eancia e trabalho<\/strong> em todos os pa\u00edses da UE. Nosso servi\u00e7o oferece uma maneira confi\u00e1vel e segura de solicitar seu passaporte franc\u00eas, garantindo que cada cliente tenha uma experi\u00eancia simplificada e de apoio do in\u00edcio ao fim. Com a experi\u00eancia e o tratamento discreto da nossa equipe, voc\u00ea pode confiar na Global Docs Solutions para tornar o processo seguro, r\u00e1pido e totalmente compat\u00edvel com as suas necessidades.<\/span><\/p>\n<h2><span style=\"color: #000000;\"><strong>Vantagens de ter um passaporte franc\u00eas<\/strong><\/span><\/h2>\n<ul>\n<li><span style=\"color: #000000;\"><strong>Ampla mobilidade global<\/strong>: Travel to over <strong>180 pa\u00edses<\/strong> sem visto, incluindo a Am\u00e9rica do Norte, o Espa\u00e7o Schengen e partes da \u00c1sia e da Am\u00e9rica do Sul.<\/span><\/li>\n<li><span style=\"color: #000000;\"><strong>Flexibilidade de resid\u00eancia e emprego<\/strong>: A cidadania francesa lhe d\u00e1 a possibilidade de viver, trabalhar e estudar em todas as regi\u00f5es do mundo. <strong>Pa\u00edses da UE<\/strong> sem licen\u00e7as adicionais.<\/span><\/li>\n<li><span style=\"color: #000000;\"><strong>Seguran\u00e7a e qualidade de vida aprimoradas<\/strong>: A cidadania francesa oferece acesso aos altos padr\u00f5es europeus em termos de sa\u00fade, educa\u00e7\u00e3o e servi\u00e7os sociais.<\/span><\/li>\n<li><span style=\"color: #000000;\"><strong>Potencial de neg\u00f3cios e investimentos<\/strong>: Um passaporte franc\u00eas permite oportunidades de neg\u00f3cios simplificadas e acesso a investimentos na UE.<\/span><\/li>\n<\/ul>\n<h2><span style=\"color: #000000;\"><strong>Por que os clientes confiam na Global Docs Solutions para suas necessidades de passaporte franc\u00eas<\/strong><\/span><\/h2>\n<ol>\n<li><span style=\"color: #000000;\"><strong>Processamento seguro e confidencial<\/strong>: Priorizamos sua privacidade e garantimos que todos os documentos sejam tratados de forma discreta e segura.<\/span><\/li>\n<li><span style=\"color: #000000;\"><strong>Entrega r\u00e1pida e cronogramas transparentes<\/strong>: Receba seu passaporte dentro de <strong>7 a 10 dias \u00fateis<\/strong> por meio de um servi\u00e7o de entrega confi\u00e1vel e totalmente rastre\u00e1vel.<\/span><\/li>\n<li><span style=\"color: #000000;\"><strong>Op\u00e7\u00f5es de pagamento flex\u00edveis<\/strong>: Escolha entre <strong>Bitcoin<\/strong>, <strong>USDT<\/strong>, <strong>Transfer\u00eancia banc\u00e1ria<\/strong>, <strong>Western Union<\/strong>e <strong>WorldRemit<\/strong> de acordo com sua prefer\u00eancia.<\/span><\/li>\n<li><span style=\"color: #000000;\"><strong>Suporte personalizado durante todo o processo<\/strong>: Nossa equipe de suporte est\u00e1 dispon\u00edvel 24 horas por dia, 7 dias por semana, oferecendo assist\u00eancia passo a passo para solucionar quaisquer d\u00favidas ou preocupa\u00e7\u00f5es.<\/span><\/li>\n<\/ol>\n<h2><span style=\"color: #000000;\"><strong>Especifica\u00e7\u00f5es de servi\u00e7o - Solicita\u00e7\u00e3o on-line de passaporte franc\u00eas<\/strong><\/span><\/h2>\n<table>\n<thead>\n<tr>\n<th><span style=\"color: #000000;\"><strong>Recurso<\/strong><\/span><\/th>\n<th><span style=\"color: #000000;\"><strong>Detalhes<\/strong><\/span><\/th>\n<\/tr>\n<\/thead>\n<tbody>\n<tr>\n<td><span style=\"color: #000000;\"><strong>Tipo de servi\u00e7o<\/strong><\/span><\/td>\n<td><span style=\"color: #000000;\">Assist\u00eancia para passaporte franc\u00eas<\/span><\/td>\n<\/tr>\n<tr>\n<td><span style=\"color: #000000;\"><strong>Tempo de processamento<\/strong><\/span><\/td>\n<td><span style=\"color: #000000;\">7 a 10 dias \u00fateis<\/span><\/td>\n<\/tr>\n<tr>\n<td><span style=\"color: #000000;\"><strong>Requisitos de elegibilidade<\/strong><\/span><\/td>\n<td><span style=\"color: #000000;\">Aberto a todas as nacionalidades<\/span><\/td>\n<\/tr>\n<tr>\n<td><span style=\"color: #000000;\"><strong>Documentos necess\u00e1rios<\/strong><\/span><\/td>\n<td><span style=\"color: #000000;\">Identifica\u00e7\u00e3o b\u00e1sica, documentos adicionais conforme necess\u00e1rio<\/span><\/td>\n<\/tr>\n<tr>\n<td><span style=\"color: #000000;\"><strong>Op\u00e7\u00f5es de pagamento<\/strong><\/span><\/td>\n<td><span style=\"color: #000000;\">Bitcoin, USDT, transfer\u00eancia banc\u00e1ria, Western Union, WorldRemit<\/span><\/td>\n<\/tr>\n<tr>\n<td><span style=\"color: #000000;\"><strong>M\u00e9todo de entrega<\/strong><\/span><\/td>\n<td><span style=\"color: #000000;\">Entrega segura e global em 7 a 10 dias<\/span><\/td>\n<\/tr>\n<tr>\n<td><span style=\"color: #000000;\"><strong>Disponibilidade de suporte<\/strong><\/span><\/td>\n<td><span style=\"color: #000000;\">Suporte ao cliente 24 horas por dia, 7 dias por semana, por e-mail, telefone ou chat ao vivo<\/span><\/td>\n<\/tr>\n<\/tbody>\n<\/table>\n<h2><span style=\"color: #000000;\"><strong>Como solicitar um passaporte franc\u00eas on-line - Seu guia para um processo simples<\/strong><\/span><\/h2>\n<ol>\n<li><span style=\"color: #000000;\"><strong>Consulta inicial<\/strong>: Entre em contato conosco para saber mais sobre os requisitos e confirmar a elegibilidade.<\/span><\/li>\n<li><span style=\"color: #000000;\"><strong>Envio de documentos<\/strong>: Compartilhe os documentos de identidade necess\u00e1rios com seguran\u00e7a por meio de nossa plataforma.<\/span><\/li>\n<li><span style=\"color: #000000;\"><strong>Conclua seu pagamento<\/strong>: Escolha entre Bitcoin, USDT, transfer\u00eancia banc\u00e1ria, Western Union ou WorldRemit para concluir sua transa\u00e7\u00e3o.<\/span><\/li>\n<li><span style=\"color: #000000;\"><strong>Entrega r\u00e1pida e segura<\/strong>: Assim que seu passaporte for processado, ele ser\u00e1 entregue diretamente a voc\u00ea dentro de <strong>7 a 10 dias \u00fateis<\/strong>.<\/span><\/li>\n<\/ol>\n<h2><span style=\"color: #000000;\"><strong>Servi\u00e7os de assist\u00eancia extra - N\u00f3s vamos at\u00e9 o fim para voc\u00ea<\/strong><\/span><\/h2>\n<p><span style=\"color: #000000;\">Para ajudar ainda mais nossos clientes, oferecemos <strong>suporte adicional<\/strong> para quaisquer requisitos de documentos relacionados. Isso inclui:<\/span><\/p>\n<ul>\n<li><span style=\"color: #000000;\"><strong>Documentos de apoio<\/strong>: Ajuda para garantir a documenta\u00e7\u00e3o de apoio, se exigida pelas autoridades de imigra\u00e7\u00e3o.<\/span><\/li>\n<li><span style=\"color: #000000;\"><strong>Orienta\u00e7\u00e3o sobre pedidos de resid\u00eancia na UE<\/strong>: Depois de receber seu passaporte, oferecemos orienta\u00e7\u00e3o sobre o registro de resid\u00eancia na UE.<\/span><\/li>\n<li><span style=\"color: #000000;\"><strong>Suporte a idiomas e tradu\u00e7\u00f5es<\/strong>: Para quem n\u00e3o fala franc\u00eas, oferecemos servi\u00e7os de tradu\u00e7\u00e3o de documentos para garantir total compreens\u00e3o e conformidade.<\/span><\/li>\n<\/ul>\n<h2><span style=\"color: #000000;\"><strong>Perguntas frequentes (FAQs)<\/strong><\/span><\/h2>\n<p><span style=\"color: #000000;\"><strong>1. Qual \u00e9 o prazo de entrega do passaporte franc\u00eas?<\/strong><\/span><br \/>\n<span style=\"color: #000000;\">Nosso processo garante a entrega do passaporte dentro de <strong>7 a 10 dias \u00fateis<\/strong>.<\/span><\/p>\n<p><span style=\"color: #000000;\"><strong>2. Quais m\u00e9todos de pagamento s\u00e3o aceitos?<\/strong><\/span><br \/>\n<span style=\"color: #000000;\">Aceitamos <strong>Bitcoin, USDT, transfer\u00eancia banc\u00e1ria, Western Union,<\/strong> e <strong>WorldRemit<\/strong> para sua conveni\u00eancia.<\/span><\/p>\n<p><span style=\"color: #000000;\"><strong>3. \u00c9 seguro solicitar um passaporte franc\u00eas dessa forma?<\/strong><\/span><br \/>\n<span style=\"color: #000000;\">Absolutamente. Tratamos todos os aplicativos dos clientes com confidencialidade, garantindo total privacidade e seguran\u00e7a dos dados.<\/span><\/p>\n<p><span style=\"color: #000000;\"><strong>4. Posso viver e trabalhar em toda a UE com um passaporte franc\u00eas?<\/strong><\/span><br \/>\n<span style=\"color: #000000;\">Sim, como portador de um passaporte franc\u00eas, voc\u00ea ter\u00e1 acesso a <strong>direitos de resid\u00eancia, trabalho e viagem<\/strong> em qualquer pa\u00eds da UE.<\/span><\/p>\n<h2><span style=\"color: #000000;\"><strong>D\u00ea o primeiro passo rumo \u00e0 cidadania da UE - Inicie hoje mesmo sua solicita\u00e7\u00e3o de passaporte franc\u00eas<\/strong><\/span><\/h2>\n<p><span style=\"color: #000000;\">Com <strong>Solu\u00e7\u00f5es da Global Docs<\/strong>, assegurando um <strong>Passaporte franc\u00eas<\/strong> n\u00e3o s\u00f3 \u00e9 poss\u00edvel, como tamb\u00e9m \u00e9 seguro e sem estresse. Desde nossa equipe de suporte dedicada at\u00e9 a entrega r\u00e1pida e segura, oferecemos a solu\u00e7\u00e3o perfeita para expandir suas oportunidades de vida na Europa. <a href=\"https:\/\/globaldocs.store\/pt\/solicitar-documentos\/\"><strong>Inscreva-se hoje<\/strong><\/a> e aproveite as vantagens da cidadania europeia com total tranquilidade!<\/span><\/p>","protected":false},"excerpt":{"rendered":"<p>Buy a French Passport Online \u2013 Your Trusted Path to EU Citizenship With a French passport, you\u2019ll gain the life-changing benefits of European Union citizenship, from visa-free travel to residency and work rights across all EU countries. Our service provides a reliable, secure way to apply for your French passport, ensuring that each client has [&hellip;]<\/p>\n","protected":false},"featured_media":2087,"comment_status":"open","ping_status":"closed","template":"","meta":{"_eb_attr":"","site-sidebar-layout":"default","site-content-layout":"","ast-site-content-layout":"default","site-content-style":"default","site-sidebar-style":"default","ast-global-header-display":"","ast-banner-title-visibility":"","ast-main-header-display":"","ast-hfb-above-header-display":"","ast-hfb-below-header-display":"","ast-hfb-mobile-header-display":"","site-post-title":"","ast-breadcrumbs-content":"","ast-featured-img":"","footer-sml-layout":"","ast-disable-related-posts":"","theme-transparent-header-meta":"default","adv-header-id-meta":"","stick-header-meta":"","header-above-stick-meta":"","header-main-stick-meta":"","header-below-stick-meta":"","astra-migrate-meta-layouts":"set","ast-page-background-enabled":"default","ast-page-background-meta":{"desktop":{"background-color":"","background-image":"","background-repeat":"repeat","background-position":"center center","background-size":"auto","background-attachment":"scroll","background-type":"","background-media":"","overlay-type":"","overlay-color":"","overlay-opacity":"","overlay-gradient":""},"tablet":{"background-color":"","background-image":"","background-repeat":"repeat","background-position":"center center","background-size":"auto","background-attachment":"scroll","background-type":"","background-media":"","overlay-type":"","overlay-color":"","overlay-opacity":"","overlay-gradient":""},"mobile":{"background-color":"","background-image":"","background-repeat":"repeat","background-position":"center center","background-size":"auto","background-attachment":"scroll","background-type":"","background-media":"","overlay-type":"","overlay-color":"","overlay-opacity":"","overlay-gradient":""}},"ast-content-background-meta":{"desktop":{"background-color":"var(--ast-global-color-5)","background-image":"","background-repeat":"repeat","background-position":"center center","background-size":"auto","background-attachment":"scroll","background-type":"","background-media":"","overlay-type":"","overlay-color":"","overlay-opacity":"","overlay-gradient":""},"tablet":{"background-color":"var(--ast-global-color-5)","background-image":"","background-repeat":"repeat","background-position":"center center","background-size":"auto","background-attachment":"scroll","background-type":"","background-media":"","overlay-type":"","overlay-color":"","overlay-opacity":"","overlay-gradient":""},"mobile":{"background-color":"var(--ast-global-color-5)","background-image":"","background-repeat":"repeat","background-position":"center center","background-size":"auto","background-attachment":"scroll","background-type":"","background-media":"","overlay-type":"","overlay-color":"","overlay-opacity":"","overlay-gradient":""}}},"product_brand":[],"product_cat":[17,52],"product_tag":[],"class_list":{"0":"post-2086","1":"product","2":"type-product","3":"status-publish","4":"has-post-thumbnail","6":"product_cat-globaldocs","7":"product_cat-passport-services","8":"desktop-align-left","9":"tablet-align-left","10":"mobile-align-left","12":"first","13":"instock","14":"virtual","15":"purchasable","16":"product-type-simple"},"_links":{"self":[{"href":"https:\/\/globaldocs.store\/pt\/wp-json\/wp\/v2\/product\/2086","targetHints":{"allow":["GET"]}}],"collection":[{"href":"https:\/\/globaldocs.store\/pt\/wp-json\/wp\/v2\/product"}],"about":[{"href":"https:\/\/globaldocs.store\/pt\/wp-json\/wp\/v2\/types\/product"}],"replies":[{"embeddable":true,"href":"https:\/\/globaldocs.store\/pt\/wp-json\/wp\/v2\/comments?post=2086"}],"version-history":[{"count":2,"href":"https:\/\/globaldocs.store\/pt\/wp-json\/wp\/v2\/product\/2086\/revisions"}],"predecessor-version":[{"id":2089,"href":"https:\/\/globaldocs.store\/pt\/wp-json\/wp\/v2\/product\/2086\/revisions\/2089"}],"wp:featuredmedia":[{"embeddable":true,"href":"https:\/\/globaldocs.store\/pt\/wp-json\/wp\/v2\/media\/2087"}],"wp:attachment":[{"href":"https:\/\/globaldocs.store\/pt\/wp-json\/wp\/v2\/media?parent=2086"}],"wp:term":[{"taxonomy":"product_brand","embeddable":true,"href":"https:\/\/globaldocs.store\/pt\/wp-json\/wp\/v2\/product_brand?post=2086"},{"taxonomy":"product_cat","embeddable":true,"href":"https:\/\/globaldocs.store\/pt\/wp-json\/wp\/v2\/product_cat?post=2086"},{"taxonomy":"product_tag","embeddable":true,"href":"https:\/\/globaldocs.store\/pt\/wp-json\/wp\/v2\/product_tag?post=2086"}],"curies":[{"name":"wp","href":"https:\/\/api.w.org\/{rel}","templated":true}]}}