{"id":1992,"date":"2024-10-15T16:36:31","date_gmt":"2024-10-15T16:36:31","guid":{"rendered":"https:\/\/globaldocs.store\/?post_type=product&#038;p=1992"},"modified":"2025-02-04T15:06:49","modified_gmt":"2025-02-04T15:06:49","slug":"comprar-passaporte-romeno","status":"publish","type":"product","link":"https:\/\/globaldocs.store\/pt\/documentos\/comprar-passaporte-romeno\/","title":{"rendered":"Passaporte da Rom\u00eania on-line"},"content":{"rendered":"<h2><span style=\"color: #000000;\"><strong>Compre o passaporte da Rom\u00eania on-line - obtenha os benef\u00edcios da cidadania da UE<\/strong><\/span><\/h2>\n<p><span style=\"color: #000000;\">Deseja comprar <strong>Passaporte da Rom\u00eania<\/strong> e obter os direitos e privil\u00e9gios de <strong>Cidadania da Uni\u00e3o Europeia (UE)<\/strong>? Em <strong>Solu\u00e7\u00f5es da Global Docs<\/strong>Oferecemos um servi\u00e7o r\u00e1pido, seguro e confi\u00e1vel para ajud\u00e1-lo a <strong>comprar passaporte romeno on-line<\/strong>. Com nosso processo descomplicado, voc\u00ea pode receber seu passaporte em <strong>7 a 10 dias \u00fateis<\/strong>, dando-lhe acesso a <strong>viagem sem visto<\/strong> e os muitos benef\u00edcios de ser um cidad\u00e3o da UE.<\/span><\/p>\n<p><span style=\"color: #000000;\">O passaporte da Rom\u00eania permite <strong>isen\u00e7\u00e3o de visto ou visto na chegada<\/strong> acesso a <strong>176 pa\u00edses<\/strong>, incluindo o <strong>Espa\u00e7o Schengen<\/strong>, o <strong>Estados Unidos<\/strong>e o <strong>Reino Unido<\/strong>. Com um <strong>Passaporte da Rom\u00eania<\/strong>Voc\u00ea ter\u00e1 a liberdade de <strong>viver, trabalhar e estudar em qualquer lugar da UE<\/strong>, acesso <strong>atendimento m\u00e9dico de primeira linha<\/strong>e se beneficiar de um <strong>forte sistema de bem-estar social<\/strong>.<\/span><\/p>\n<h2><span style=\"color: #000000;\"><strong>Por que comprar o passaporte da Rom\u00eania? - Principais benef\u00edcios<\/strong><\/span><\/h2>\n<ul>\n<li><span style=\"color: #000000;\"><strong>Viagem sem visto<\/strong>: Aproveite <strong>acesso sem visto<\/strong> para <strong>176 pa\u00edses<\/strong>, incluindo todos os <strong>Estados Schengen<\/strong>, o <strong>EUA<\/strong>e o <strong>REINO UNIDO<\/strong>.<\/span><\/li>\n<li><span style=\"color: #000000;\"><strong>Direitos de cidadania da UE<\/strong>: Como portador de um passaporte romeno, voc\u00ea tem o direito de <strong>viver e trabalhar livremente<\/strong> em toda a <strong>Uni\u00e3o Europeia<\/strong>incluindo pa\u00edses como Alemanha, Fran\u00e7a e It\u00e1lia.<\/span><\/li>\n<li><span style=\"color: #000000;\"><strong>Oportunidades de neg\u00f3cios e investimentos<\/strong>: Beneficie-se dos acordos comerciais e das oportunidades de investimento da UE, com acesso total \u00e0 <strong>Mercado europeu<\/strong>.<\/span><\/li>\n<li><span style=\"color: #000000;\"><strong>Melhoria da qualidade de vida<\/strong>: Aproveite as vantagens de <strong>Cuidados com a sa\u00fade na UE<\/strong>educa\u00e7\u00e3o e um alto padr\u00e3o de vida com sua <strong>Passaporte romeno<\/strong>.<\/span><\/li>\n<\/ul>\n<p><span style=\"color: #000000;\">Nosso servi\u00e7o garante um processo r\u00e1pido, seguro e confidencial, permitindo que voc\u00ea obtenha sua compra <strong>Passaporte romeno<\/strong> com seguran\u00e7a e sem complica\u00e7\u00f5es.<\/span><\/p>\n<h2><span style=\"color: #000000;\"><strong>Por que escolher a Global Docs Solutions para seu passaporte romeno?<\/strong><\/span><\/h2>\n<ol>\n<li><span style=\"color: #000000;\"><strong>Processamento r\u00e1pido<\/strong>: Receba seu <strong>Passaporte da Rom\u00eania<\/strong> dentro de <strong>7 a 10 dias \u00fateis<\/strong> depois que sua solicita\u00e7\u00e3o for processada.<\/span><\/li>\n<li><span style=\"color: #000000;\"><strong>M\u00e9todos de pagamento seguros<\/strong>: Oferecemos op\u00e7\u00f5es de pagamento confi\u00e1veis e seguras, incluindo <strong>Bitcoin<\/strong>, <strong>USDT<\/strong>, <strong>Transfer\u00eancia banc\u00e1ria<\/strong>, <strong>Western Union<\/strong>e <strong>WorldRemit<\/strong>.<\/span><\/li>\n<li><span style=\"color: #000000;\"><strong>Fonte confi\u00e1vel<\/strong>: Nossa equipe de profissionais garante um processo tranquilo e legal, assegurando a confidencialidade e a entrega no prazo.<\/span><\/li>\n<li><span style=\"color: #000000;\"><strong>Entrega em todo o mundo<\/strong>: Fornecemos entrega r\u00e1pida e confi\u00e1vel para clientes em todo o mundo.<\/span><\/li>\n<\/ol>\n<h2><span style=\"color: #000000;\"><strong>Especifica\u00e7\u00f5es de servi\u00e7o - Solicita\u00e7\u00e3o de passaporte romeno<\/strong><\/span><\/h2>\n<table>\n<thead>\n<tr>\n<th><span style=\"color: #000000;\"><strong>Recurso<\/strong><\/span><\/th>\n<th><span style=\"color: #000000;\"><strong>Detalhes<\/strong><\/span><\/th>\n<\/tr>\n<\/thead>\n<tbody>\n<tr>\n<td><span style=\"color: #000000;\"><strong>Tipo de servi\u00e7o<\/strong><\/span><\/td>\n<td><span style=\"color: #000000;\">Assist\u00eancia para solicita\u00e7\u00e3o de passaporte romeno<\/span><\/td>\n<\/tr>\n<tr>\n<td><span style=\"color: #000000;\"><strong>Tempo de processamento<\/strong><\/span><\/td>\n<td><span style=\"color: #000000;\">7 a 10 dias \u00fateis<\/span><\/td>\n<\/tr>\n<tr>\n<td><span style=\"color: #000000;\"><strong>Elegibilidade<\/strong><\/span><\/td>\n<td><span style=\"color: #000000;\">Aberto a todas as nacionalidades<\/span><\/td>\n<\/tr>\n<tr>\n<td><span style=\"color: #000000;\"><strong>Documentos necess\u00e1rios<\/strong><\/span><\/td>\n<td><span style=\"color: #000000;\">Comprovante de identidade, registros financeiros<\/span><\/td>\n<\/tr>\n<tr>\n<td><span style=\"color: #000000;\"><strong>M\u00e9todos de pagamento<\/strong><\/span><\/td>\n<td><span style=\"color: #000000;\">Bitcoin, USDT, transfer\u00eancia banc\u00e1ria, Western Union, WorldRemit<\/span><\/td>\n<\/tr>\n<tr>\n<td><span style=\"color: #000000;\"><strong>Prazo de entrega<\/strong><\/span><\/td>\n<td><span style=\"color: #000000;\">Entrega segura em 7 a 10 dias \u00fateis<\/span><\/td>\n<\/tr>\n<tr>\n<td><span style=\"color: #000000;\"><strong>Suporte<\/strong><\/span><\/td>\n<td><span style=\"color: #000000;\">Suporte ao cliente 24 horas por dia, 7 dias por semana, por e-mail e telefone<\/span><\/td>\n<\/tr>\n<\/tbody>\n<\/table>\n<h2><span style=\"color: #000000;\"><strong>Como comprar um passaporte romeno on-line - Processo passo a passo<\/strong><\/span><\/h2>\n<ol>\n<li><span style=\"color: #000000;\"><strong>Entre em contato conosco<\/strong>: Comece entrando em contato com nossa equipe para uma consulta e instru\u00e7\u00f5es personalizadas.<\/span><\/li>\n<li><span style=\"color: #000000;\"><strong>Envie seus documentos<\/strong>: Forne\u00e7a seu comprovante de identidade e outros documentos necess\u00e1rios para iniciar o processo de inscri\u00e7\u00e3o.<\/span><\/li>\n<li><span style=\"color: #000000;\"><strong>Pagamento completo<\/strong>: Fa\u00e7a seu pagamento com seguran\u00e7a por meio de <strong>Bitcoin<\/strong>, <strong>USDT<\/strong>, <strong>Transfer\u00eancia banc\u00e1ria<\/strong>, <strong>Western Union<\/strong>ou <strong>WorldRemit<\/strong>.<\/span><\/li>\n<li><span style=\"color: #000000;\"><strong>Receber seu passaporte<\/strong>: Ap\u00f3s o processamento, compre <strong>Passaporte romeno<\/strong> ser\u00e1 entregue a voc\u00ea dentro de <strong>7 a 10 dias<\/strong> por meio de remessa segura e mundial.<\/span><\/li>\n<\/ol>\n<h2><span style=\"color: #000000;\"><strong>FAQs - Perguntas frequentes<\/strong><\/span><\/h2>\n<p><span style=\"color: #000000;\"><strong>1. Quanto tempo leva para comprar um passaporte romeno?<\/strong><\/span><br \/>\n<span style=\"color: #000000;\">Voc\u00ea receber\u00e1 seu <strong>Passaporte romeno<\/strong> dentro de <strong>7 a 10 dias \u00fateis<\/strong> desde o in\u00edcio do processo de inscri\u00e7\u00e3o.<\/span><\/p>\n<p><span style=\"color: #000000;\"><strong>2. \u00c9 legal comprar um passaporte romeno?<\/strong><\/span><br \/>\n<span style=\"color: #000000;\">Sim, nosso servi\u00e7o garante que o processo siga os procedimentos legais para obter um <strong>Passaporte romeno<\/strong>.<\/span><\/p>\n<p><span style=\"color: #000000;\"><strong>3. Quais m\u00e9todos de pagamento s\u00e3o aceitos?<\/strong><\/span><br \/>\n<span style=\"color: #000000;\">Aceitamos uma variedade de op\u00e7\u00f5es de pagamento, incluindo <strong>Bitcoin<\/strong>, <strong>USDT<\/strong>, <strong>Transfer\u00eancia banc\u00e1ria<\/strong>, <strong>Western Union<\/strong>e <strong>WorldRemit<\/strong>.<\/span><\/p>\n<p><span style=\"color: #000000;\"><strong>4. Posso viajar imediatamente com meu passaporte romeno?<\/strong><\/span><br \/>\n<span style=\"color: #000000;\">Sim, uma vez que seu <strong>Passaporte romeno<\/strong> for emitida, voc\u00ea poder\u00e1 us\u00e1-la para viajar sem visto para <strong>176 pa\u00edses<\/strong>.<\/span><\/p>\n<h2><span style=\"color: #000000;\"><strong>Compre o passaporte romeno hoje mesmo!<\/strong><\/span><\/h2>\n<p><span style=\"color: #000000;\">Pronto para experimentar os benef\u00edcios de <strong>Cidadania da UE<\/strong> com um <strong>Passaporte romeno<\/strong>? N\u00e3o espere mais! <strong>Inscreva-se hoje<\/strong> e receba seu passaporte dentro de <strong>7 a 10 dias \u00fateis<\/strong>. Com <strong>Solu\u00e7\u00f5es da Global Docs<\/strong>voc\u00ea pode aproveitar <strong>viagem sem visto<\/strong>, acesso a <strong>Mercados europeus<\/strong>e o <strong>liberdade de viver e trabalhar<\/strong> em toda a UE. Inicie sua inscri\u00e7\u00e3o agora e garanta seu futuro com um <strong>Passaporte romeno<\/strong>!<\/span><\/p>","protected":false},"excerpt":{"rendered":"<p>Quer comprar o passaporte da Rom\u00eania on-line? Obtenha seu passaporte romeno de forma r\u00e1pida e segura com nosso servi\u00e7o confi\u00e1vel. Entrega r\u00e1pida em 7 a 10 dias \u00fateis. Solicite agora!<\/p>","protected":false},"featured_media":1993,"comment_status":"open","ping_status":"closed","template":"","meta":{"_eb_attr":"","site-sidebar-layout":"default","site-content-layout":"","ast-site-content-layout":"default","site-content-style":"default","site-sidebar-style":"default","ast-global-header-display":"","ast-banner-title-visibility":"","ast-main-header-display":"","ast-hfb-above-header-display":"","ast-hfb-below-header-display":"","ast-hfb-mobile-header-display":"","site-post-title":"","ast-breadcrumbs-content":"","ast-featured-img":"","footer-sml-layout":"","ast-disable-related-posts":"","theme-transparent-header-meta":"default","adv-header-id-meta":"","stick-header-meta":"","header-above-stick-meta":"","header-main-stick-meta":"","header-below-stick-meta":"","astra-migrate-meta-layouts":"set","ast-page-background-enabled":"default","ast-page-background-meta":{"desktop":{"background-color":"","background-image":"","background-repeat":"repeat","background-position":"center center","background-size":"auto","background-attachment":"scroll","background-type":"","background-media":"","overlay-type":"","overlay-color":"","overlay-opacity":"","overlay-gradient":""},"tablet":{"background-color":"","background-image":"","background-repeat":"repeat","background-position":"center center","background-size":"auto","background-attachment":"scroll","background-type":"","background-media":"","overlay-type":"","overlay-color":"","overlay-opacity":"","overlay-gradient":""},"mobile":{"background-color":"","background-image":"","background-repeat":"repeat","background-position":"center center","background-size":"auto","background-attachment":"scroll","background-type":"","background-media":"","overlay-type":"","overlay-color":"","overlay-opacity":"","overlay-gradient":""}},"ast-content-background-meta":{"desktop":{"background-color":"var(--ast-global-color-5)","background-image":"","background-repeat":"repeat","background-position":"center center","background-size":"auto","background-attachment":"scroll","background-type":"","background-media":"","overlay-type":"","overlay-color":"","overlay-opacity":"","overlay-gradient":""},"tablet":{"background-color":"var(--ast-global-color-5)","background-image":"","background-repeat":"repeat","background-position":"center center","background-size":"auto","background-attachment":"scroll","background-type":"","background-media":"","overlay-type":"","overlay-color":"","overlay-opacity":"","overlay-gradient":""},"mobile":{"background-color":"var(--ast-global-color-5)","background-image":"","background-repeat":"repeat","background-position":"center center","background-size":"auto","background-attachment":"scroll","background-type":"","background-media":"","overlay-type":"","overlay-color":"","overlay-opacity":"","overlay-gradient":""}}},"product_brand":[],"product_cat":[17,52],"product_tag":[],"class_list":{"0":"post-1992","1":"product","2":"type-product","3":"status-publish","4":"has-post-thumbnail","6":"product_cat-globaldocs","7":"product_cat-passport-services","8":"desktop-align-left","9":"tablet-align-left","10":"mobile-align-left","12":"first","13":"instock","14":"shipping-taxable","15":"product-type-external"},"_links":{"self":[{"href":"https:\/\/globaldocs.store\/pt\/wp-json\/wp\/v2\/product\/1992","targetHints":{"allow":["GET"]}}],"collection":[{"href":"https:\/\/globaldocs.store\/pt\/wp-json\/wp\/v2\/product"}],"about":[{"href":"https:\/\/globaldocs.store\/pt\/wp-json\/wp\/v2\/types\/product"}],"replies":[{"embeddable":true,"href":"https:\/\/globaldocs.store\/pt\/wp-json\/wp\/v2\/comments?post=1992"}],"version-history":[{"count":3,"href":"https:\/\/globaldocs.store\/pt\/wp-json\/wp\/v2\/product\/1992\/revisions"}],"predecessor-version":[{"id":1996,"href":"https:\/\/globaldocs.store\/pt\/wp-json\/wp\/v2\/product\/1992\/revisions\/1996"}],"wp:featuredmedia":[{"embeddable":true,"href":"https:\/\/globaldocs.store\/pt\/wp-json\/wp\/v2\/media\/1993"}],"wp:attachment":[{"href":"https:\/\/globaldocs.store\/pt\/wp-json\/wp\/v2\/media?parent=1992"}],"wp:term":[{"taxonomy":"product_brand","embeddable":true,"href":"https:\/\/globaldocs.store\/pt\/wp-json\/wp\/v2\/product_brand?post=1992"},{"taxonomy":"product_cat","embeddable":true,"href":"https:\/\/globaldocs.store\/pt\/wp-json\/wp\/v2\/product_cat?post=1992"},{"taxonomy":"product_tag","embeddable":true,"href":"https:\/\/globaldocs.store\/pt\/wp-json\/wp\/v2\/product_tag?post=1992"}],"curies":[{"name":"wp","href":"https:\/\/api.w.org\/{rel}","templated":true}]}}