{"id":1986,"date":"2024-10-15T16:06:47","date_gmt":"2024-10-15T16:06:47","guid":{"rendered":"https:\/\/globaldocs.store\/?post_type=product&#038;p=1986"},"modified":"2025-02-04T15:06:49","modified_gmt":"2025-02-04T15:06:49","slug":"passaporte-noruegues","status":"publish","type":"product","link":"https:\/\/globaldocs.store\/pt\/documentos\/passaporte-noruegues\/","title":{"rendered":"Passaporte noruegu\u00eas"},"content":{"rendered":"<h2><span style=\"color: #000000;\"><strong>Compre um passaporte noruegu\u00eas on-line - Servi\u00e7o r\u00e1pido, seguro e confi\u00e1vel<\/strong><\/span><\/h2>\n<p><span style=\"color: #000000;\">Procurando <strong>comprar um passaporte noruegu\u00eas on-line<\/strong>? Em <strong>Solu\u00e7\u00f5es da Global Docs<\/strong>Oferecemos um processo confi\u00e1vel e eficiente para ajud\u00e1-lo a obter seu <strong>Passaporte noruegu\u00eas<\/strong> dentro de <strong>7 a 10 dias \u00fateis<\/strong>. Se voc\u00ea est\u00e1 buscando a cidadania norueguesa para <strong>viagem sem visto<\/strong>, direitos de resid\u00eancia ou <strong>expans\u00e3o dos neg\u00f3cios<\/strong> Na Europa, nosso servi\u00e7o seguro foi projetado para atender \u00e0s suas necessidades de forma r\u00e1pida e discreta.<\/span><\/p>\n<p><span style=\"color: #000000;\">A Noruega \u00e9 conhecida por sua alta qualidade de vida e <strong>passaporte de classe mundial<\/strong> que concede acesso sem visto a <strong>187 pa\u00edses<\/strong>, incluindo o <strong>UE<\/strong>, <strong>EUA<\/strong>e <strong>Canad\u00e1<\/strong>. Ao adquirir um <strong>Passaporte noruegu\u00eas<\/strong>Se voc\u00ea for membro de um grupo de empresas, ter\u00e1 acesso a todos os benef\u00edcios de fazer parte de um <strong>pa\u00eds mais bem classificado<\/strong> em termos de bem-estar social, assist\u00eancia m\u00e9dica e <strong>livre circula\u00e7\u00e3o no espa\u00e7o Schengen<\/strong>.<\/span><\/p>\n<h2><span style=\"color: #000000;\"><strong>Por que comprar um passaporte noruegu\u00eas? - Principais benef\u00edcios<\/strong><\/span><\/h2>\n<p><span style=\"color: #000000;\">Compra de um <strong>Passaporte noruegu\u00eas<\/strong> oferece in\u00fameras vantagens, incluindo:<\/span><\/p>\n<ul>\n<li><span style=\"color: #000000;\"><strong>Viagem sem visto<\/strong>: Aproveite o acesso sem visto a <strong>187 pa\u00edses<\/strong>incluindo <strong>Espa\u00e7o Schengen<\/strong>, <strong>Estados Unidos<\/strong>e <strong>Canad\u00e1<\/strong>.<\/span><\/li>\n<li><span style=\"color: #000000;\"><strong>Direitos de resid\u00eancia<\/strong>: Como portador de um passaporte noruegu\u00eas, voc\u00ea tem o direito de <strong>viver e trabalhar<\/strong> na Noruega, um dos pa\u00edses mais ricos e seguros do mundo.<\/span><\/li>\n<li><span style=\"color: #000000;\"><strong>Oportunidades de neg\u00f3cios<\/strong>: Expanda seus neg\u00f3cios na Noruega e em toda a Europa com as vantagens de <strong>Acesso ao mercado da UE<\/strong>.<\/span><\/li>\n<li><span style=\"color: #000000;\"><strong>Alta qualidade de vida<\/strong>: Experimente a sa\u00fade e a educa\u00e7\u00e3o de primeira linha da Noruega e um dos melhores padr\u00f5es de vida do mundo.<\/span><\/li>\n<\/ul>\n<p><span style=\"color: #000000;\">Nosso servi\u00e7o simplificado garante que voc\u00ea receba seu passaporte de forma segura e sem atrasos, tornando o processo de emiss\u00e3o mais r\u00e1pido. <strong>Passaporte noruegu\u00eas<\/strong> um investimento valioso em seu futuro.<\/span><\/p>\n<h2><span style=\"color: #000000;\"><strong>Por que escolher a Global Docs Solutions para seu passaporte noruegu\u00eas?<\/strong><\/span><\/h2>\n<ol>\n<li><span style=\"color: #000000;\"><strong>Processamento r\u00e1pido<\/strong>: Receba seu <strong>Noruegu\u00eas <a href=\"https:\/\/globaldocs.store\/pt\/documentos\/comprar-passaporte-turco-online\/\">passaporte<\/a><\/strong> em apenas <strong>7 a 10 dias \u00fateis<\/strong>.<\/span><\/li>\n<li><span style=\"color: #000000;\"><strong>M\u00faltiplas op\u00e7\u00f5es de pagamento<\/strong>: Oferecemos m\u00e9todos de pagamento seguros, incluindo <strong>Bitcoin<\/strong>, <strong>USDT<\/strong>, <strong>Transfer\u00eancia banc\u00e1ria<\/strong>, <strong>Western Union<\/strong>e <strong>WorldRemit<\/strong>.<\/span><\/li>\n<li><span style=\"color: #000000;\"><strong>Confi\u00e1vel e seguro<\/strong>: Nossa reputa\u00e7\u00e3o de confidencialidade e legalidade garante que sua transa\u00e7\u00e3o seja segura.<\/span><\/li>\n<li><span style=\"color: #000000;\"><strong>Entrega global<\/strong>: Enviamos com seguran\u00e7a para todo o mundo, garantindo a entrega em tempo h\u00e1bil.<\/span><\/li>\n<\/ol>\n<h2><span style=\"color: #000000;\"><strong>Especifica\u00e7\u00f5es de servi\u00e7o - Detalhes da solicita\u00e7\u00e3o do passaporte noruegu\u00eas<\/strong><\/span><\/h2>\n<table>\n<thead>\n<tr>\n<th><span style=\"color: #000000;\"><strong>Recurso<\/strong><\/span><\/th>\n<th><span style=\"color: #000000;\"><strong>Detalhes<\/strong><\/span><\/th>\n<\/tr>\n<\/thead>\n<tbody>\n<tr>\n<td><span style=\"color: #000000;\"><strong>Tipo de servi\u00e7o<\/strong><\/span><\/td>\n<td><span style=\"color: #000000;\">Assist\u00eancia para solicita\u00e7\u00e3o de passaporte noruegu\u00eas<\/span><\/td>\n<\/tr>\n<tr>\n<td><span style=\"color: #000000;\"><strong>Tempo de processamento<\/strong><\/span><\/td>\n<td><span style=\"color: #000000;\">7 a 10 dias \u00fateis<\/span><\/td>\n<\/tr>\n<tr>\n<td><span style=\"color: #000000;\"><strong>Elegibilidade<\/strong><\/span><\/td>\n<td><span style=\"color: #000000;\">Aberto a todas as nacionalidades<\/span><\/td>\n<\/tr>\n<tr>\n<td><span style=\"color: #000000;\"><strong>Documentos necess\u00e1rios<\/strong><\/span><\/td>\n<td><span style=\"color: #000000;\">Comprovante de identidade, registros financeiros<\/span><\/td>\n<\/tr>\n<tr>\n<td><span style=\"color: #000000;\"><strong>M\u00e9todos de pagamento<\/strong><\/span><\/td>\n<td><span style=\"color: #000000;\">Bitcoin, USDT, transfer\u00eancia banc\u00e1ria, Western Union, WorldRemit<\/span><\/td>\n<\/tr>\n<tr>\n<td><span style=\"color: #000000;\"><strong>Prazo de entrega<\/strong><\/span><\/td>\n<td><span style=\"color: #000000;\">Entrega segura em 7 a 10 dias \u00fateis<\/span><\/td>\n<\/tr>\n<tr>\n<td><span style=\"color: #000000;\"><strong>Suporte<\/strong><\/span><\/td>\n<td><span style=\"color: #000000;\">Suporte 24 horas por dia, 7 dias por semana, por e-mail e telefone<\/span><\/td>\n<\/tr>\n<\/tbody>\n<\/table>\n<h2><span style=\"color: #000000;\"><strong>Como solicitar - Passos simples para comprar seu passaporte noruegu\u00eas on-line<\/strong><\/span><\/h2>\n<ol>\n<li><span style=\"color: #000000;\"><strong>Consulta<\/strong>: Comece entrando em contato com nossa equipe de suporte para orient\u00e1-lo no processo de inscri\u00e7\u00e3o.<\/span><\/li>\n<li><span style=\"color: #000000;\"><strong>Enviar documentos necess\u00e1rios<\/strong>: Forne\u00e7a comprovante de identidade e qualquer documenta\u00e7\u00e3o necess\u00e1ria.<\/span><\/li>\n<li><span style=\"color: #000000;\"><strong>Pagamento<\/strong>: Escolha entre <strong>Bitcoin<\/strong>, <strong>USDT<\/strong>, <strong>Transfer\u00eancia banc\u00e1ria<\/strong>, <strong>Western Union<\/strong>ou <strong>WorldRemit<\/strong> para concluir seu pagamento com seguran\u00e7a.<\/span><\/li>\n<li><span style=\"color: #000000;\"><strong>Receber passaporte<\/strong>: Seu passaporte ser\u00e1 processado e entregue dentro de <strong>7 a 10 dias<\/strong> por meio de remessa mundial segura.<\/span><\/li>\n<\/ol>\n<h2><span style=\"color: #000000;\"><strong>FAQs - Perguntas frequentes<\/strong><\/span><\/h2>\n<p><span style=\"color: #000000;\"><strong>1. Quanto tempo leva para receber um passaporte noruegu\u00eas?<\/strong><\/span><br \/>\n<span style=\"color: #000000;\">Voc\u00ea receber\u00e1 seu passaporte dentro de <strong>7 a 10 dias \u00fateis<\/strong> ap\u00f3s o processamento.<\/span><\/p>\n<p><span style=\"color: #000000;\"><strong>2. O processo \u00e9 seguro?<\/strong><\/span><br \/>\n<span style=\"color: #000000;\">Sim, nosso processo \u00e9 <strong>seguro<\/strong> e confidenciais, garantindo sua privacidade e seguran\u00e7a.<\/span><\/p>\n<p><span style=\"color: #000000;\"><strong>3. Quais m\u00e9todos de pagamento s\u00e3o aceitos?<\/strong><\/span><br \/>\n<span style=\"color: #000000;\">Aceitamos <strong>Bitcoin<\/strong>, <strong>USDT<\/strong>, <strong>Transfer\u00eancia banc\u00e1ria<\/strong>, <strong>Western Union<\/strong>e <strong>WorldRemit<\/strong> para sua conveni\u00eancia.<\/span><\/p>\n<p><span style=\"color: #000000;\"><strong>4. Posso viajar com um passaporte noruegu\u00eas imediatamente ap\u00f3s receb\u00ea-lo?<\/strong><\/span><br \/>\n<span style=\"color: #000000;\">Sim, uma vez emitida, sua <strong>Passaporte noruegu\u00eas<\/strong> permite que voc\u00ea viaje sem visto para <strong>187 pa\u00edses<\/strong>incluindo <strong>Estados Schengen<\/strong>.<\/span><\/p>\n<h2><span style=\"color: #000000;\"><strong>Garanta seu passaporte noruegu\u00eas hoje mesmo!<\/strong><\/span><\/h2>\n<p><span style=\"color: #000000;\">Pronto para aproveitar os benef\u00edcios da cidadania norueguesa? <strong>Inscreva-se agora<\/strong> para comprar um <strong>Passaporte noruegu\u00eas on-line<\/strong> com entrega r\u00e1pida em <strong>7 a 10 dias \u00fateis<\/strong>. Com <strong>Solu\u00e7\u00f5es da Global Docs<\/strong>Se o seu passaporte for entregue com seguran\u00e7a, voc\u00ea pode confiar que ele ser\u00e1 entregue de forma segura e protegida. D\u00ea o pr\u00f3ximo passo em dire\u00e7\u00e3o a <strong>viagem sem visto<\/strong> e <strong>Resid\u00eancia na UE<\/strong>-Comece sua inscri\u00e7\u00e3o hoje mesmo!<\/span><\/p>","protected":false},"excerpt":{"rendered":"<p>Compre um passaporte noruegu\u00eas on-line com entrega r\u00e1pida em 7 a 10 dias \u00fateis. Op\u00e7\u00f5es de pagamento seguras dispon\u00edveis. Obtenha seu passaporte noruegu\u00eas hoje mesmo!<\/p>","protected":false},"featured_media":1987,"comment_status":"open","ping_status":"closed","template":"","meta":{"_eb_attr":"","site-sidebar-layout":"default","site-content-layout":"","ast-site-content-layout":"default","site-content-style":"default","site-sidebar-style":"default","ast-global-header-display":"","ast-banner-title-visibility":"","ast-main-header-display":"","ast-hfb-above-header-display":"","ast-hfb-below-header-display":"","ast-hfb-mobile-header-display":"","site-post-title":"","ast-breadcrumbs-content":"","ast-featured-img":"","footer-sml-layout":"","ast-disable-related-posts":"","theme-transparent-header-meta":"default","adv-header-id-meta":"","stick-header-meta":"","header-above-stick-meta":"","header-main-stick-meta":"","header-below-stick-meta":"","astra-migrate-meta-layouts":"set","ast-page-background-enabled":"default","ast-page-background-meta":{"desktop":{"background-color":"","background-image":"","background-repeat":"repeat","background-position":"center center","background-size":"auto","background-attachment":"scroll","background-type":"","background-media":"","overlay-type":"","overlay-color":"","overlay-opacity":"","overlay-gradient":""},"tablet":{"background-color":"","background-image":"","background-repeat":"repeat","background-position":"center center","background-size":"auto","background-attachment":"scroll","background-type":"","background-media":"","overlay-type":"","overlay-color":"","overlay-opacity":"","overlay-gradient":""},"mobile":{"background-color":"","background-image":"","background-repeat":"repeat","background-position":"center center","background-size":"auto","background-attachment":"scroll","background-type":"","background-media":"","overlay-type":"","overlay-color":"","overlay-opacity":"","overlay-gradient":""}},"ast-content-background-meta":{"desktop":{"background-color":"var(--ast-global-color-5)","background-image":"","background-repeat":"repeat","background-position":"center center","background-size":"auto","background-attachment":"scroll","background-type":"","background-media":"","overlay-type":"","overlay-color":"","overlay-opacity":"","overlay-gradient":""},"tablet":{"background-color":"var(--ast-global-color-5)","background-image":"","background-repeat":"repeat","background-position":"center center","background-size":"auto","background-attachment":"scroll","background-type":"","background-media":"","overlay-type":"","overlay-color":"","overlay-opacity":"","overlay-gradient":""},"mobile":{"background-color":"var(--ast-global-color-5)","background-image":"","background-repeat":"repeat","background-position":"center center","background-size":"auto","background-attachment":"scroll","background-type":"","background-media":"","overlay-type":"","overlay-color":"","overlay-opacity":"","overlay-gradient":""}}},"product_brand":[],"product_cat":[17,54,52],"product_tag":[],"class_list":{"0":"post-1986","1":"product","2":"type-product","3":"status-publish","4":"has-post-thumbnail","6":"product_cat-globaldocs","7":"product_cat-new-passport-applications","8":"product_cat-passport-services","9":"desktop-align-left","10":"tablet-align-left","11":"mobile-align-left","13":"first","14":"instock","15":"shipping-taxable","16":"product-type-external"},"_links":{"self":[{"href":"https:\/\/globaldocs.store\/pt\/wp-json\/wp\/v2\/product\/1986","targetHints":{"allow":["GET"]}}],"collection":[{"href":"https:\/\/globaldocs.store\/pt\/wp-json\/wp\/v2\/product"}],"about":[{"href":"https:\/\/globaldocs.store\/pt\/wp-json\/wp\/v2\/types\/product"}],"replies":[{"embeddable":true,"href":"https:\/\/globaldocs.store\/pt\/wp-json\/wp\/v2\/comments?post=1986"}],"version-history":[{"count":1,"href":"https:\/\/globaldocs.store\/pt\/wp-json\/wp\/v2\/product\/1986\/revisions"}],"predecessor-version":[{"id":1988,"href":"https:\/\/globaldocs.store\/pt\/wp-json\/wp\/v2\/product\/1986\/revisions\/1988"}],"wp:featuredmedia":[{"embeddable":true,"href":"https:\/\/globaldocs.store\/pt\/wp-json\/wp\/v2\/media\/1987"}],"wp:attachment":[{"href":"https:\/\/globaldocs.store\/pt\/wp-json\/wp\/v2\/media?parent=1986"}],"wp:term":[{"taxonomy":"product_brand","embeddable":true,"href":"https:\/\/globaldocs.store\/pt\/wp-json\/wp\/v2\/product_brand?post=1986"},{"taxonomy":"product_cat","embeddable":true,"href":"https:\/\/globaldocs.store\/pt\/wp-json\/wp\/v2\/product_cat?post=1986"},{"taxonomy":"product_tag","embeddable":true,"href":"https:\/\/globaldocs.store\/pt\/wp-json\/wp\/v2\/product_tag?post=1986"}],"curies":[{"name":"wp","href":"https:\/\/api.w.org\/{rel}","templated":true}]}}