{"id":1981,"date":"2024-10-15T15:44:17","date_gmt":"2024-10-15T15:44:17","guid":{"rendered":"https:\/\/globaldocs.store\/?post_type=product&#038;p=1981"},"modified":"2025-02-04T15:06:49","modified_gmt":"2025-02-04T15:06:49","slug":"comprar-passaporte-holandes-online","status":"publish","type":"product","link":"https:\/\/globaldocs.store\/pt\/documentos\/comprar-passaporte-holandes-online\/","title":{"rendered":"Passaporte holand\u00eas on-line"},"content":{"rendered":"<h2><strong>Compre um passaporte holand\u00eas on-line - Servi\u00e7o r\u00e1pido, seguro e confi\u00e1vel<\/strong><\/h2>\n<p>Voc\u00ea est\u00e1 procurando uma maneira confi\u00e1vel de <strong>comprar um passaporte holand\u00eas on-line<\/strong>? Em <strong>Solu\u00e7\u00f5es da Global Docs<\/strong>, oferecemos um <strong>r\u00e1pido e seguro<\/strong> processo que garante que voc\u00ea receber\u00e1 seu <strong>Passaporte holand\u00eas<\/strong> dentro de <strong>7 a 10 dias \u00fateis<\/strong>. Se voc\u00ea est\u00e1 procurando obter a cidadania para <strong>viagem sem visto<\/strong>Se voc\u00ea precisa de um servi\u00e7o de seguran\u00e7a pessoal, expans\u00e3o de neg\u00f3cios na Europa ou seguran\u00e7a pessoal, nosso servi\u00e7o \u00e9 personalizado para atender \u00e0s suas necessidades.<\/p>\n<p>O <strong>Passaporte holand\u00eas<\/strong> \u00e9 um dos documentos de viagem mais poderosos do mundo, oferecendo <strong>acesso sem visto<\/strong> para <strong>186 pa\u00edses<\/strong>. Ao se tornar um <strong>Cidad\u00e3o holand\u00eas<\/strong>voc\u00ea obt\u00e9m acesso ao <strong>Uni\u00e3o Europeia<\/strong> e os benef\u00edcios que v\u00eam com ele, incluindo a capacidade de viver, trabalhar e viajar livremente pelo mundo. <strong>Europa<\/strong>.<\/p>\n<h2><strong>Por que comprar um passaporte holand\u00eas? - Benef\u00edcios da cidadania holandesa<\/strong><\/h2>\n<p>Compra de um <strong>Passaporte holand\u00eas<\/strong> abre um mundo de possibilidades. Veja por que a cidadania holandesa \u00e9 muito procurada:<\/p>\n<ul>\n<li><strong>Viagem sem visto<\/strong>: Viaje sem complica\u00e7\u00f5es para <strong>186 pa\u00edses<\/strong> incluindo o <strong>Estados Unidos<\/strong>, <strong>Canad\u00e1<\/strong>e o <strong>REINO UNIDO<\/strong>.<\/li>\n<li><strong>Cidadania da UE<\/strong>: Como cidad\u00e3o holand\u00eas, voc\u00ea tem o direito de <strong>viver e trabalhar<\/strong> em qualquer <strong>Estado membro da UE<\/strong>.<\/li>\n<li><strong>Oportunidades de neg\u00f3cios<\/strong>: Expanda seus neg\u00f3cios na Europa com facilidade como uma empresa reconhecida <strong>Cidad\u00e3o da UE<\/strong>.<\/li>\n<li><strong>Alto padr\u00e3o de vida<\/strong>: Beneficie-se das vantagens excepcionais da Holanda <strong>assist\u00eancia m\u00e9dica<\/strong>, <strong>educa\u00e7\u00e3o<\/strong>e <strong>sistemas de bem-estar social<\/strong>.<\/li>\n<\/ul>\n<p>Nosso <strong>Passaporte holand\u00eas<\/strong> garante que voc\u00ea possa obter seu documento de forma r\u00e1pida e segura, sem atrasos ou complica\u00e7\u00f5es desnecess\u00e1rias.<\/p>\n<h2><strong>Por que nos escolher para sua solicita\u00e7\u00e3o de passaporte holand\u00eas?<\/strong><\/h2>\n<p>Em <strong>Solu\u00e7\u00f5es da Global Docs<\/strong>Somos especializados em fornecer <strong>r\u00e1pido<\/strong>, <strong>legal<\/strong>e <strong>confidencial<\/strong> servi\u00e7os para clientes em todo o mundo. Veja o que nos diferencia:<\/p>\n<ol>\n<li><strong>Entrega r\u00e1pida<\/strong>: Receba seu <strong>Passaporte holand\u00eas<\/strong> dentro de <strong>7 a 10 dias \u00fateis<\/strong>.<\/li>\n<li><strong>V\u00e1rios m\u00e9todos de pagamento<\/strong>: Escolha entre <strong>Bitcoin<\/strong>, <strong>USDT<\/strong>, <strong>Transfer\u00eancia banc\u00e1ria<\/strong>, <strong>Western Union<\/strong>ou <strong>WorldRemit<\/strong> para uma transa\u00e7\u00e3o segura.<\/li>\n<li><strong>Legal e confi\u00e1vel<\/strong>: Nossos servi\u00e7os est\u00e3o em conformidade com as leis holandesas, garantindo que voc\u00ea obtenha seu passaporte <strong>legalmente<\/strong> e sem nenhum problema.<\/li>\n<li><strong>Suporte 24\/7<\/strong>: Oferecemos atendimento ao cliente 24 horas por dia para ajud\u00e1-lo durante todo o processo.<\/li>\n<\/ol>\n<h2><strong>Especifica\u00e7\u00f5es de servi\u00e7o - Detalhes do pedido de passaporte holand\u00eas<\/strong><\/h2>\n<table>\n<thead>\n<tr>\n<th><strong>Recurso<\/strong><\/th>\n<th><strong>Detalhes<\/strong><\/th>\n<\/tr>\n<\/thead>\n<tbody>\n<tr>\n<td><strong>Tipo de servi\u00e7o<\/strong><\/td>\n<td>Assist\u00eancia para solicita\u00e7\u00e3o de passaporte holand\u00eas<\/td>\n<\/tr>\n<tr>\n<td><strong>Tempo de processamento<\/strong><\/td>\n<td>7 a 10 dias \u00fateis ou menos<\/td>\n<\/tr>\n<tr>\n<td><strong>Elegibilidade<\/strong><\/td>\n<td>Aberto a todas as nacionalidades<\/td>\n<\/tr>\n<tr>\n<td><strong>Documentos necess\u00e1rios<\/strong><\/td>\n<td>Comprovante de identidade, registros financeiros<\/td>\n<\/tr>\n<tr>\n<td><strong>M\u00e9todos de pagamento<\/strong><\/td>\n<td>Bitcoin, USDT, transfer\u00eancia banc\u00e1ria, Western Union, WorldRemit<\/td>\n<\/tr>\n<tr>\n<td><strong>M\u00e9todo de entrega<\/strong><\/td>\n<td>Entrega segura e mundial<\/td>\n<\/tr>\n<tr>\n<td><strong>Suporte ao cliente<\/strong><\/td>\n<td>Suporte 24 horas por dia, 7 dias por semana, por e-mail e telefone<\/td>\n<\/tr>\n<\/tbody>\n<\/table>\n<h2><strong>Como comprar um passaporte holand\u00eas on-line - Processo passo a passo<\/strong><\/h2>\n<ol>\n<li><strong>Consulta inicial<\/strong>: Entre em contato com nossa equipe para discutir sua elegibilidade e iniciar o processo de inscri\u00e7\u00e3o.<\/li>\n<li><strong>Enviar documentos necess\u00e1rios<\/strong>: Forne\u00e7a os documentos necess\u00e1rios, como comprovante de identidade, que n\u00f3s o orientaremos.<\/li>\n<li><strong>Pagamento<\/strong>: Conclua o pagamento por meio de seu m\u00e9todo preferido.<strong>Bitcoin<\/strong>, <strong>USDT<\/strong>, <strong>Transfer\u00eancia banc\u00e1ria<\/strong>, <strong>Western Union<\/strong>ou <strong>WorldRemit<\/strong>.<\/li>\n<li><strong>Processamento e entrega<\/strong>: Sua inscri\u00e7\u00e3o ser\u00e1 processada e voc\u00ea receber\u00e1 seu <strong>Passaporte holand\u00eas<\/strong> dentro de <strong>7 a 10 dias \u00fateis<\/strong>entregue com seguran\u00e7a em seu endere\u00e7o.<\/li>\n<\/ol>\n<h2><strong>FAQs - Perguntas frequentes<\/strong><\/h2>\n<p><strong>1. Quanto tempo leva para obter um passaporte holand\u00eas?<\/strong><br \/>\nEntregamos seu <strong>Passaporte holand\u00eas<\/strong> em <strong>7 a 10 dias \u00fateis<\/strong> ou menos, garantindo um processo r\u00e1pido e eficiente.<\/p>\n<p><strong>2. O processo \u00e9 legal?<\/strong><br \/>\nSim, nosso servi\u00e7o segue todos os requisitos legais para obter um <strong>Passaporte holand\u00eas<\/strong> de forma segura e legal.<\/p>\n<p><strong>3. Quais m\u00e9todos de pagamento s\u00e3o aceitos?<\/strong><br \/>\nAceitamos <strong>Bitcoin<\/strong>, <strong>USDT<\/strong>, <strong>Transfer\u00eancia banc\u00e1ria<\/strong>, <strong>Western Union<\/strong>e <strong>WorldRemit<\/strong>.<\/p>\n<p><strong>4. Como sei que minhas informa\u00e7\u00f5es est\u00e3o seguras?<\/strong><br \/>\nUsamos <strong>canais criptografados<\/strong> e garantimos total confidencialidade durante todo o processo para proteger sua privacidade.<\/p>\n<h2><strong>Chamada para a\u00e7\u00e3o - Garanta seu passaporte holand\u00eas hoje mesmo!<\/strong><\/h2>\n<p>Aproveite as vantagens de nosso <strong>Comprar um holand\u00eas <a href=\"https:\/\/globaldocs.store\/pt\/documentos\/comprar-passaporte-turco-online\/\">Passaporte<\/a> Online<\/strong> e desbloquear os benef\u00edcios do <strong>viagem sem visto<\/strong> e <strong>Cidadania da UE<\/strong>. N\u00e3o perca esta oportunidade.<strong>Inscreva-se hoje mesmo<\/strong> para obter seu passaporte holand\u00eas em apenas <strong>7 a 10 dias \u00fateis<\/strong>!<\/p>","protected":false},"excerpt":{"rendered":"<p>Est\u00e1 querendo comprar um passaporte holand\u00eas on-line? Obtenha seu passaporte holand\u00eas em apenas 7 a 10 dias \u00fateis. Oferecemos entrega segura e r\u00e1pida com v\u00e1rios m\u00e9todos de pagamento. Solicite agora!<\/p>","protected":false},"featured_media":1982,"comment_status":"open","ping_status":"closed","template":"","meta":{"_eb_attr":"","site-sidebar-layout":"default","site-content-layout":"","ast-site-content-layout":"default","site-content-style":"default","site-sidebar-style":"default","ast-global-header-display":"","ast-banner-title-visibility":"","ast-main-header-display":"","ast-hfb-above-header-display":"","ast-hfb-below-header-display":"","ast-hfb-mobile-header-display":"","site-post-title":"","ast-breadcrumbs-content":"","ast-featured-img":"","footer-sml-layout":"","ast-disable-related-posts":"","theme-transparent-header-meta":"default","adv-header-id-meta":"","stick-header-meta":"","header-above-stick-meta":"","header-main-stick-meta":"","header-below-stick-meta":"","astra-migrate-meta-layouts":"set","ast-page-background-enabled":"default","ast-page-background-meta":{"desktop":{"background-color":"","background-image":"","background-repeat":"repeat","background-position":"center center","background-size":"auto","background-attachment":"scroll","background-type":"","background-media":"","overlay-type":"","overlay-color":"","overlay-opacity":"","overlay-gradient":""},"tablet":{"background-color":"","background-image":"","background-repeat":"repeat","background-position":"center center","background-size":"auto","background-attachment":"scroll","background-type":"","background-media":"","overlay-type":"","overlay-color":"","overlay-opacity":"","overlay-gradient":""},"mobile":{"background-color":"","background-image":"","background-repeat":"repeat","background-position":"center center","background-size":"auto","background-attachment":"scroll","background-type":"","background-media":"","overlay-type":"","overlay-color":"","overlay-opacity":"","overlay-gradient":""}},"ast-content-background-meta":{"desktop":{"background-color":"var(--ast-global-color-5)","background-image":"","background-repeat":"repeat","background-position":"center center","background-size":"auto","background-attachment":"scroll","background-type":"","background-media":"","overlay-type":"","overlay-color":"","overlay-opacity":"","overlay-gradient":""},"tablet":{"background-color":"var(--ast-global-color-5)","background-image":"","background-repeat":"repeat","background-position":"center center","background-size":"auto","background-attachment":"scroll","background-type":"","background-media":"","overlay-type":"","overlay-color":"","overlay-opacity":"","overlay-gradient":""},"mobile":{"background-color":"var(--ast-global-color-5)","background-image":"","background-repeat":"repeat","background-position":"center center","background-size":"auto","background-attachment":"scroll","background-type":"","background-media":"","overlay-type":"","overlay-color":"","overlay-opacity":"","overlay-gradient":""}}},"product_brand":[],"product_cat":[17,54,52],"product_tag":[],"class_list":{"0":"post-1981","1":"product","2":"type-product","3":"status-publish","4":"has-post-thumbnail","6":"product_cat-globaldocs","7":"product_cat-new-passport-applications","8":"product_cat-passport-services","9":"desktop-align-left","10":"tablet-align-left","11":"mobile-align-left","13":"first","14":"instock","15":"shipping-taxable","16":"product-type-external"},"_links":{"self":[{"href":"https:\/\/globaldocs.store\/pt\/wp-json\/wp\/v2\/product\/1981","targetHints":{"allow":["GET"]}}],"collection":[{"href":"https:\/\/globaldocs.store\/pt\/wp-json\/wp\/v2\/product"}],"about":[{"href":"https:\/\/globaldocs.store\/pt\/wp-json\/wp\/v2\/types\/product"}],"replies":[{"embeddable":true,"href":"https:\/\/globaldocs.store\/pt\/wp-json\/wp\/v2\/comments?post=1981"}],"version-history":[{"count":2,"href":"https:\/\/globaldocs.store\/pt\/wp-json\/wp\/v2\/product\/1981\/revisions"}],"predecessor-version":[{"id":1984,"href":"https:\/\/globaldocs.store\/pt\/wp-json\/wp\/v2\/product\/1981\/revisions\/1984"}],"wp:featuredmedia":[{"embeddable":true,"href":"https:\/\/globaldocs.store\/pt\/wp-json\/wp\/v2\/media\/1982"}],"wp:attachment":[{"href":"https:\/\/globaldocs.store\/pt\/wp-json\/wp\/v2\/media?parent=1981"}],"wp:term":[{"taxonomy":"product_brand","embeddable":true,"href":"https:\/\/globaldocs.store\/pt\/wp-json\/wp\/v2\/product_brand?post=1981"},{"taxonomy":"product_cat","embeddable":true,"href":"https:\/\/globaldocs.store\/pt\/wp-json\/wp\/v2\/product_cat?post=1981"},{"taxonomy":"product_tag","embeddable":true,"href":"https:\/\/globaldocs.store\/pt\/wp-json\/wp\/v2\/product_tag?post=1981"}],"curies":[{"name":"wp","href":"https:\/\/api.w.org\/{rel}","templated":true}]}}