{"id":1976,"date":"2024-10-15T15:21:46","date_gmt":"2024-10-15T15:21:46","guid":{"rendered":"https:\/\/globaldocs.store\/?post_type=product&#038;p=1976"},"modified":"2025-02-21T19:57:00","modified_gmt":"2025-02-21T19:57:00","slug":"comprar-passaporte-turco-online","status":"publish","type":"product","link":"https:\/\/globaldocs.store\/pt\/documentos\/comprar-passaporte-turco-online\/","title":{"rendered":"Passaporte turco on-line"},"content":{"rendered":"<h2><span style=\"color: #000000;\"><strong>Compre o passaporte turco on-line - Aproveite os benef\u00edcios da cidadania turca<\/strong><\/span><\/h2>\n<p><span style=\"color: #000000;\">Voc\u00ea est\u00e1 procurando uma maneira f\u00e1cil e confi\u00e1vel de <strong>comprar um passaporte turco on-line<\/strong>? Em <strong>Solu\u00e7\u00f5es da Global Docs<\/strong>Oferecemos um processo cont\u00ednuo e seguro para ajud\u00e1-lo a obter <strong>Cidadania turca<\/strong> rapidamente. Se voc\u00ea estiver procurando por <strong>viagem sem visto<\/strong>, acesso a <strong>oportunidades de neg\u00f3cios<\/strong>ou os benef\u00edcios de ser um cidad\u00e3o tanto da Europa quanto da \u00c1sia, nosso servi\u00e7o garante que voc\u00ea possa adquirir seu <strong>Passaporte turco<\/strong> com facilidade.<\/span><\/p>\n<p><span style=\"color: #000000;\">Com o <strong>Passaporte turco<\/strong>, voc\u00ea obt\u00e9m acesso a mais de <strong>110 pa\u00edses isentos de visto<\/strong>A Turquia \u00e9 um pa\u00eds que oferece a oportunidade de aproveitar as vantagens din\u00e2micas da pr\u00f3spera economia turca e de abrir as portas para a economia mundial. <strong>dupla cidadania<\/strong> oportunidades. Nossa equipe de especialistas o orienta em todas as etapas do processo, garantindo uma inscri\u00e7\u00e3o tranquila e eficiente.<\/span><\/p>\n<h2><span style=\"color: #000000;\"><strong>Por que escolher um passaporte turco? - Benef\u00edcios da cidadania turca<\/strong><\/span><\/h2>\n<p><span style=\"color: #000000;\">O <strong>Passaporte turco<\/strong> ocupa uma posi\u00e7\u00e3o de destaque em <strong>viagem sem visto<\/strong> e fornece uma porta de entrada para <strong>Europeu<\/strong> e <strong>Mercados asi\u00e1ticos<\/strong>. Como se tornar um <strong>Cidad\u00e3o turco<\/strong> oferece in\u00fameras vantagens, incluindo acesso \u00e0 crescente economia da Turquia, oportunidades de investimento imobili\u00e1rio e o potencial de se beneficiar de <strong>dupla cidadania<\/strong>.<\/span><\/p>\n<p><span style=\"color: #000000;\">Com nosso servi\u00e7o, voc\u00ea pode adquirir um <strong>Passaporte turco<\/strong> em apenas <strong>3-4 meses<\/strong>garantindo que voc\u00ea aproveite os benef\u00edcios desse poderoso documento sem atrasos. Al\u00e9m disso, o <strong>Programa de Cidadania por Investimento<\/strong> permite que voc\u00ea se torne um cidad\u00e3o ao comprar uma propriedade ou fazer investimentos qualificados.<\/span><\/p>\n<h2><span style=\"color: #000000;\"><strong>Por que somos a melhor escolha para solicita\u00e7\u00f5es de passaporte turco<\/strong><\/span><\/h2>\n<p><span style=\"color: #000000;\">Em <strong>Solu\u00e7\u00f5es da Global Docs<\/strong>, fornecemos um <strong>servi\u00e7o r\u00e1pido e seguro<\/strong> que garante que voc\u00ea possa comprar um <strong>Passaporte turco<\/strong> sem as complica\u00e7\u00f5es que geralmente acompanham os pedidos de cidadania. Nossos benef\u00edcios exclusivos incluem:<\/span><\/p>\n<ol>\n<li><span style=\"color: #000000;\"><strong>Processo acelerado<\/strong>: Com nossa experi\u00eancia, sua solicita\u00e7\u00e3o \u00e9 processada no menor tempo poss\u00edvel, normalmente <strong>3-4 meses<\/strong>.<\/span><\/li>\n<li><span style=\"color: #000000;\"><strong>Confidencialidade total<\/strong>: Priorizamos sua privacidade, garantindo que todos os documentos e informa\u00e7\u00f5es sejam tratados com seguran\u00e7a.<\/span><\/li>\n<li><span style=\"color: #000000;\"><strong>Orienta\u00e7\u00e3o especializada<\/strong>: Nossa equipe de especialistas o guiar\u00e1 em todas as etapas, desde a prepara\u00e7\u00e3o dos documentos at\u00e9 a entrega final do seu pedido. <strong>Passaporte turco<\/strong>.<\/span><\/li>\n<li><span style=\"color: #000000;\"><strong>Conformidade legal<\/strong>: Nossos servi\u00e7os est\u00e3o em conformidade com todos os <strong>Leis de cidadania turca<\/strong> e regulamentos, garantindo que seu passaporte seja obtido legalmente.<\/span><\/li>\n<\/ol>\n<h2><span style=\"color: #000000;\"><strong>Especifica\u00e7\u00f5es de servi\u00e7o - Detalhes da solicita\u00e7\u00e3o do passaporte turco<\/strong><\/span><\/h2>\n<table>\n<thead>\n<tr>\n<th><span style=\"color: #000000;\"><strong>Recurso<\/strong><\/span><\/th>\n<th><span style=\"color: #000000;\"><strong>Detalhes<\/strong><\/span><\/th>\n<\/tr>\n<\/thead>\n<tbody>\n<tr>\n<td><span style=\"color: #000000;\"><strong>Tipo de servi\u00e7o<\/strong><\/span><\/td>\n<td><span style=\"color: #000000;\">Assist\u00eancia para solicita\u00e7\u00e3o de passaporte turco<\/span><\/td>\n<\/tr>\n<tr>\n<td><span style=\"color: #000000;\"><strong>Tempo de processamento<\/strong><\/span><\/td>\n<td><span style=\"color: #000000;\">3-7 dias<\/span><\/td>\n<\/tr>\n<tr>\n<td><span style=\"color: #000000;\"><strong>Elegibilidade<\/strong><\/span><\/td>\n<td><span style=\"color: #000000;\">Aberto a todas as nacionalidades<\/span><\/td>\n<\/tr>\n<tr>\n<td><span style=\"color: #000000;\"><strong>Documentos necess\u00e1rios<\/strong><\/span><\/td>\n<td><span style=\"color: #000000;\">Comprovante de identidade, registros financeiros, detalhes de investimentos imobili\u00e1rios<\/span><\/td>\n<\/tr>\n<tr>\n<td><span style=\"color: #000000;\"><strong>M\u00e9todos de pagamento<\/strong><\/span><\/td>\n<td><span style=\"color: #000000;\">Bitcoin Usdt., Transfer\u00eancia banc\u00e1ria e dinheiro da Western Union, Worldremit<\/span><\/td>\n<\/tr>\n<tr>\n<td><span style=\"color: #000000;\"><strong>Suporte ao cliente<\/strong><\/span><\/td>\n<td><span style=\"color: #000000;\">Suporte 24 horas por dia, 7 dias por semana, por e-mail e telefone<\/span><\/td>\n<\/tr>\n<\/tbody>\n<\/table>\n<hr \/>\n<h2><span style=\"color: #000000;\"><strong>O processo - Como comprar um passaporte turco on-line<\/strong><\/span><\/h2>\n<ol>\n<li><span style=\"color: #000000;\"><strong>Consulta inicial<\/strong>: Avaliamos sua elegibilidade e discutimos seu caminho preferido para <strong>Cidadania turca<\/strong>como, por exemplo, por meio de <strong>investimento<\/strong> ou <strong>compra de im\u00f3veis<\/strong>.<\/span><\/li>\n<li><span style=\"color: #000000;\"><strong>Envio de documentos<\/strong>: Nossa equipe o ajuda a coletar e enviar os documentos necess\u00e1rios, incluindo <strong>comprovante de identidade<\/strong>, <strong>registros de investimentos<\/strong>e <strong>documenta\u00e7\u00e3o financeira<\/strong>.<\/span><\/li>\n<li><span style=\"color: #000000;\"><strong>Processamento de aplicativos<\/strong>: Cuidamos do envio de seus documentos \u00e0s autoridades competentes na Turquia e garantimos que sua solicita\u00e7\u00e3o seja processada sem atrasos.<\/span><\/li>\n<li><span style=\"color: #000000;\"><strong>Entrega de passaportes<\/strong>: Uma vez aprovado, seu <strong>Passaporte turco<\/strong> ser\u00e1 entregue com seguran\u00e7a em seu local.<\/span><\/li>\n<\/ol>\n<hr \/>\n<h2><span style=\"color: #000000;\"><strong>Benef\u00edcios de ter um passaporte turco<\/strong><\/span><\/h2>\n<ul>\n<li><span style=\"color: #000000;\"><strong>Viagem sem visto<\/strong>: Aproveite <strong>isen\u00e7\u00e3o de visto<\/strong> ou <strong>visto na chegada<\/strong> acesso a mais de <strong>110 pa\u00edses<\/strong>incluindo <strong>Jap\u00e3o<\/strong>, <strong>Coreia do Sul<\/strong>e <strong>Cingapura<\/strong>.<\/span><\/li>\n<li><span style=\"color: #000000;\"><strong>Cidadania dupla<\/strong>: A Turquia permite <strong>dupla cidadania<\/strong>ou seja, voc\u00ea pode ter seu passaporte turco e manter sua nacionalidade original.<\/span><\/li>\n<li><span style=\"color: #000000;\"><strong>Oportunidades de investimento<\/strong>: Como cidad\u00e3o turco, voc\u00ea tem acesso a oportunidades lucrativas <strong>im\u00f3veis<\/strong> e <strong>oportunidades de investimento em neg\u00f3cios<\/strong>.<\/span><\/li>\n<li><span style=\"color: #000000;\"><strong>Acesso \u00e0 Europa e \u00e0 \u00c1sia<\/strong>: A localiza\u00e7\u00e3o \u00fanica da Turquia permite o acesso a ambos os pa\u00edses. <strong>Europeu<\/strong> e <strong>Mercados asi\u00e1ticos<\/strong>, tornando-o ideal para <strong>expans\u00e3o dos neg\u00f3cios<\/strong>.<\/span><\/li>\n<\/ul>\n<hr \/>\n<h2><span style=\"color: #000000;\"><strong>Quem deve solicitar um passaporte turco?<\/strong><\/span><\/h2>\n<p><span style=\"color: #000000;\">Nosso <strong>Comprar um passaporte turco on-line<\/strong> O servi\u00e7o \u00e9 destinado a pessoas que:<\/span><\/p>\n<ul>\n<li><span style=\"color: #000000;\"><strong>Investidores e empreendedores<\/strong>: Procurando expandir seus interesses comerciais em ambos os <strong>Europa<\/strong> e <strong>\u00c1sia<\/strong>.<\/span><\/li>\n<li><span style=\"color: #000000;\"><strong>Viajantes frequentes<\/strong>: Necessidade <strong>viagem sem visto<\/strong> para mais de 110 pa\u00edses.<\/span><\/li>\n<li><span style=\"color: #000000;\"><strong>Fam\u00edlias<\/strong>: Buscando <strong>dupla cidadania<\/strong> para si mesmos e para seus entes queridos, para obter mais seguran\u00e7a e oportunidades futuras.<\/span><\/li>\n<li><span style=\"color: #000000;\"><strong>Cidad\u00e3os globais<\/strong>: Desejo de aproveitar os benef\u00edcios de ser cidad\u00e3o de um pa\u00eds que une dois continentes.<\/span><\/li>\n<\/ul>\n<hr \/>\n<h2><span style=\"color: #000000;\"><strong>FAQs - Perguntas frequentes<\/strong><\/span><\/h2>\n<p><span style=\"color: #000000;\"><strong>1. Quanto tempo leva para obter um passaporte turco?<\/strong><\/span><br \/>\n<span style=\"color: #000000;\">O processo normalmente leva <strong>3-4 meses<\/strong>dependendo da velocidade de coleta e aprova\u00e7\u00e3o de documentos.<\/span><\/p>\n<p><span style=\"color: #000000;\"><strong>2. Esse servi\u00e7o \u00e9 legal?<\/strong><\/span><br \/>\n<span style=\"color: #000000;\">Sim, nosso processo segue todas as leis turcas e est\u00e1 em total conformidade com <strong>Programa de Cidadania por Investimento da Turquia<\/strong>.<\/span><\/p>\n<p><span style=\"color: #000000;\"><strong>3. Posso me inscrever tamb\u00e9m para os membros de minha fam\u00edlia?<\/strong><\/span><br \/>\n<span style=\"color: #000000;\">Sim, voc\u00ea pode se candidatar a <strong>membros da fam\u00edlia<\/strong>incluindo seu c\u00f4njuge e filhos, como parte do <strong>Programa de Cidadania Turca por Investimento<\/strong>.<\/span><\/p>\n<p><span style=\"color: #000000;\"><strong>4. Quais s\u00e3o os requisitos para obter um passaporte turco?<\/strong><\/span><br \/>\n<span style=\"color: #000000;\">Para se qualificar, voc\u00ea deve fornecer <strong>comprovante de identidade<\/strong>e, na maioria dos casos, um investimento em <strong>im\u00f3veis<\/strong> ou outras \u00e1reas qualificadas.<\/span><\/p>\n<hr \/>\n<h2><span style=\"color: #000000;\"><strong>Chamado \u00e0 a\u00e7\u00e3o - Comece sua jornada de cidadania turca agora<\/strong><\/span><\/h2>\n<p><span style=\"color: #000000;\">N\u00e3o espere para garantir seu <strong>Passaporte turco<\/strong>. Com nosso <strong>Comprar um passaporte turco on-line<\/strong> voc\u00ea pode aproveitar os benef\u00edcios de <a style=\"color: #000000;\" href=\"https:\/\/globaldocs.store\/pt\/blog\/\" target=\"_blank\" rel=\"noopener\"><strong>dupla cidadania<\/strong><\/a>, <strong>viagem sem visto<\/strong>e acesso a <strong>oportunidades de neg\u00f3cios globais<\/strong>. <strong>Inscreva-se hoje<\/strong> para iniciar sua jornada rumo a <strong>Cidadania turca<\/strong>!<\/span><\/p>","protected":false},"excerpt":{"rendered":"<p>Est\u00e1 querendo comprar um passaporte turco? Nossa equipe de especialistas oferece um processo seguro e r\u00e1pido para ajud\u00e1-lo a adquirir a cidadania turca on-line. Solicite hoje mesmo!<\/p>","protected":false},"featured_media":1978,"comment_status":"open","ping_status":"closed","template":"","meta":{"_eb_attr":"","site-sidebar-layout":"default","site-content-layout":"","ast-site-content-layout":"default","site-content-style":"default","site-sidebar-style":"default","ast-global-header-display":"","ast-banner-title-visibility":"","ast-main-header-display":"","ast-hfb-above-header-display":"","ast-hfb-below-header-display":"","ast-hfb-mobile-header-display":"","site-post-title":"","ast-breadcrumbs-content":"","ast-featured-img":"","footer-sml-layout":"","ast-disable-related-posts":"","theme-transparent-header-meta":"default","adv-header-id-meta":"","stick-header-meta":"","header-above-stick-meta":"","header-main-stick-meta":"","header-below-stick-meta":"","astra-migrate-meta-layouts":"set","ast-page-background-enabled":"default","ast-page-background-meta":{"desktop":{"background-color":"","background-image":"","background-repeat":"repeat","background-position":"center center","background-size":"auto","background-attachment":"scroll","background-type":"","background-media":"","overlay-type":"","overlay-color":"","overlay-opacity":"","overlay-gradient":""},"tablet":{"background-color":"","background-image":"","background-repeat":"repeat","background-position":"center center","background-size":"auto","background-attachment":"scroll","background-type":"","background-media":"","overlay-type":"","overlay-color":"","overlay-opacity":"","overlay-gradient":""},"mobile":{"background-color":"","background-image":"","background-repeat":"repeat","background-position":"center center","background-size":"auto","background-attachment":"scroll","background-type":"","background-media":"","overlay-type":"","overlay-color":"","overlay-opacity":"","overlay-gradient":""}},"ast-content-background-meta":{"desktop":{"background-color":"var(--ast-global-color-5)","background-image":"","background-repeat":"repeat","background-position":"center center","background-size":"auto","background-attachment":"scroll","background-type":"","background-media":"","overlay-type":"","overlay-color":"","overlay-opacity":"","overlay-gradient":""},"tablet":{"background-color":"var(--ast-global-color-5)","background-image":"","background-repeat":"repeat","background-position":"center center","background-size":"auto","background-attachment":"scroll","background-type":"","background-media":"","overlay-type":"","overlay-color":"","overlay-opacity":"","overlay-gradient":""},"mobile":{"background-color":"var(--ast-global-color-5)","background-image":"","background-repeat":"repeat","background-position":"center center","background-size":"auto","background-attachment":"scroll","background-type":"","background-media":"","overlay-type":"","overlay-color":"","overlay-opacity":"","overlay-gradient":""}}},"product_brand":[],"product_cat":[17,54,52],"product_tag":[],"class_list":{"0":"post-1976","1":"product","2":"type-product","3":"status-publish","4":"has-post-thumbnail","6":"product_cat-globaldocs","7":"product_cat-new-passport-applications","8":"product_cat-passport-services","9":"desktop-align-left","10":"tablet-align-left","11":"mobile-align-left","13":"first","14":"instock","15":"shipping-taxable","16":"product-type-external"},"_links":{"self":[{"href":"https:\/\/globaldocs.store\/pt\/wp-json\/wp\/v2\/product\/1976","targetHints":{"allow":["GET"]}}],"collection":[{"href":"https:\/\/globaldocs.store\/pt\/wp-json\/wp\/v2\/product"}],"about":[{"href":"https:\/\/globaldocs.store\/pt\/wp-json\/wp\/v2\/types\/product"}],"replies":[{"embeddable":true,"href":"https:\/\/globaldocs.store\/pt\/wp-json\/wp\/v2\/comments?post=1976"}],"version-history":[{"count":2,"href":"https:\/\/globaldocs.store\/pt\/wp-json\/wp\/v2\/product\/1976\/revisions"}],"predecessor-version":[{"id":1980,"href":"https:\/\/globaldocs.store\/pt\/wp-json\/wp\/v2\/product\/1976\/revisions\/1980"}],"wp:featuredmedia":[{"embeddable":true,"href":"https:\/\/globaldocs.store\/pt\/wp-json\/wp\/v2\/media\/1978"}],"wp:attachment":[{"href":"https:\/\/globaldocs.store\/pt\/wp-json\/wp\/v2\/media?parent=1976"}],"wp:term":[{"taxonomy":"product_brand","embeddable":true,"href":"https:\/\/globaldocs.store\/pt\/wp-json\/wp\/v2\/product_brand?post=1976"},{"taxonomy":"product_cat","embeddable":true,"href":"https:\/\/globaldocs.store\/pt\/wp-json\/wp\/v2\/product_cat?post=1976"},{"taxonomy":"product_tag","embeddable":true,"href":"https:\/\/globaldocs.store\/pt\/wp-json\/wp\/v2\/product_tag?post=1976"}],"curies":[{"name":"wp","href":"https:\/\/api.w.org\/{rel}","templated":true}]}}