{"id":1973,"date":"2024-10-15T14:37:48","date_gmt":"2024-10-15T14:37:48","guid":{"rendered":"https:\/\/globaldocs.store\/?post_type=product&#038;p=1973"},"modified":"2025-02-21T19:57:50","modified_gmt":"2025-02-21T19:57:50","slug":"comprar-passaporte-luxemburgues-online","status":"publish","type":"product","link":"https:\/\/globaldocs.store\/pt\/documentos\/comprar-passaporte-luxemburgues-online\/","title":{"rendered":"Passaporte de Luxemburgo on-line"},"content":{"rendered":"<h2><span style=\"color: #000000;\"><strong>Compre um passaporte de Luxemburgo on-line - r\u00e1pido, confi\u00e1vel e seguro<\/strong><\/span><\/h2>\n<p><span style=\"color: #000000;\">Obten\u00e7\u00e3o de um <strong>Passaporte de Luxemburgo<\/strong> nunca foi t\u00e3o f\u00e1cil. Em <strong>Solu\u00e7\u00f5es da Global Docs<\/strong>Para obter o certificado de seguro de sa\u00fade, oferecemos um processo r\u00e1pido, seguro e confi\u00e1vel para ajud\u00e1-lo a obter <strong>Cidadania luxemburguesa<\/strong> legalmente. Se voc\u00ea \u00e9 um empres\u00e1rio em busca de <strong>Resid\u00eancia na UE<\/strong>, um viajante frequente que deseja <strong>acesso sem visto<\/strong> para mais de 170 pa\u00edses, ou simplesmente buscando as liberdades aprimoradas de <strong>Cidadania da UE<\/strong>Se voc\u00ea n\u00e3o tiver uma empresa de servi\u00e7os, nosso servi\u00e7o \u00e9 projetado para atender \u00e0s suas necessidades.<\/span><\/p>\n<p><span style=\"color: #000000;\">Com nossa orienta\u00e7\u00e3o passo a passo e anos de experi\u00eancia, voc\u00ea pode <strong>comprar um passaporte de Luxemburgo on-line<\/strong> sem complica\u00e7\u00f5es ou atrasos desnecess\u00e1rios. Nosso servi\u00e7o garante que voc\u00ea possa adquirir legalmente seu <strong>Passaporte da Uni\u00e3o Europeia<\/strong>com o apoio de suporte especializado durante todo o processo de candidatura.<\/span><\/p>\n<h2><span style=\"color: #000000;\"><strong>Por que Luxemburgo? - Os benef\u00edcios de um passaporte de Luxemburgo<\/strong><\/span><\/h2>\n<p><span style=\"color: #000000;\">A <strong>Passaporte de Luxemburgo<\/strong> \u00e9 uma das mais poderosas do mundo. Classificada em primeiro lugar por <strong>acesso sem visto<\/strong>O cart\u00e3o permite que os titulares viajem para mais de <strong>170 pa\u00edses<\/strong> sem a necessidade de visto. Al\u00e9m disso, como um <strong>cidad\u00e3o da Uni\u00e3o Europeia<\/strong>Se voc\u00ea for um estudante, ter\u00e1 o direito de morar, trabalhar e estudar em qualquer um dos 27 pa\u00edses da Am\u00e9rica Latina. <strong>Estados membros da UE<\/strong>A empresa \u00e9 uma das maiores do mundo, oferecendo oportunidades inigual\u00e1veis de neg\u00f3cios, investimentos e crescimento pessoal.<\/span><\/p>\n<p><span style=\"color: #000000;\">Como se tornar um <strong>Cidad\u00e3o de Luxemburgo<\/strong> significa obter acesso a uma na\u00e7\u00e3o conhecida por suas <strong>alta qualidade de vida<\/strong>excelente <strong>sistema educacional<\/strong>e <strong>estabilidade financeira<\/strong>. Se voc\u00ea est\u00e1 buscando liberdade pessoal, vantagens comerciais ou seguran\u00e7a familiar, o <strong>Passaporte de Luxemburgo<\/strong> \u00e9 uma chave que abre portas em n\u00edvel global.<\/span><\/p>\n<h2><span style=\"color: #000000;\"><strong>O que torna nosso servi\u00e7o \u00fanico?<\/strong><\/span><\/h2>\n<p><span style=\"color: #000000;\">Em <strong>Solu\u00e7\u00f5es da Global Docs<\/strong>Na Birmingham, nos orgulhamos de oferecer mais do que apenas um servi\u00e7o de passaporte. Nossos <strong>Passaporte de Luxemburgo<\/strong> \u00e9 criada com as seguintes garantias:<\/span><\/p>\n<ol>\n<li><span style=\"color: #000000;\"><strong>Processo de inscri\u00e7\u00e3o r\u00e1pido<\/strong>: Aceleramos sua solicita\u00e7\u00e3o, reduzindo o tempo de espera t\u00edpico de v\u00e1rios meses para <strong>3-4 meses<\/strong>A empresa \u00e9 uma empresa de comunica\u00e7\u00e3o, com comunica\u00e7\u00e3o clara e suporte total durante todo o processo.<\/span><\/li>\n<li><span style=\"color: #000000;\"><strong>Conformidade legal total<\/strong>: Nosso processo est\u00e1 totalmente em conformidade com as normas de Luxemburgo e <strong>Regulamentos da UE<\/strong>A empresa garante que seu passaporte seja obtido de forma legal e segura.<\/span><\/li>\n<li><span style=\"color: #000000;\"><strong>Conhecimento especializado dedicado<\/strong>: Nossa equipe experiente o acompanha em todas as etapas, desde a coleta da documenta\u00e7\u00e3o necess\u00e1ria at\u00e9 a finaliza\u00e7\u00e3o da sua cidadania. Garantimos uma experi\u00eancia perfeita, sem complica\u00e7\u00f5es.<\/span><\/li>\n<li><span style=\"color: #000000;\"><strong>Seguro e confidencial<\/strong>: Priorizamos a seguran\u00e7a de suas informa\u00e7\u00f5es pessoais, oferecendo um servi\u00e7o confidencial que garante que seus dados estejam seguros e protegidos.<\/span><\/li>\n<\/ol>\n<h2><span style=\"color: #000000;\"><strong>Especifica\u00e7\u00f5es do servi\u00e7o - Como ajudamos voc\u00ea a obter seu passaporte de Luxemburgo<\/strong><\/span><\/h2>\n<table>\n<thead>\n<tr>\n<th><span style=\"color: #000000;\"><strong>Recurso<\/strong><\/span><\/th>\n<th><span style=\"color: #000000;\"><strong>Detalhes<\/strong><\/span><\/th>\n<\/tr>\n<\/thead>\n<tbody>\n<tr>\n<td><span style=\"color: #000000;\"><strong>Tipo de servi\u00e7o<\/strong><\/span><\/td>\n<td><span style=\"color: #000000;\">Assist\u00eancia para solicita\u00e7\u00e3o de passaporte de Luxemburgo<\/span><\/td>\n<\/tr>\n<tr>\n<td><span style=\"color: #000000;\"><strong>Tempo de processamento<\/strong><\/span><\/td>\n<td><span style=\"color: #000000;\">3-4 meses<\/span><\/td>\n<\/tr>\n<tr>\n<td><span style=\"color: #000000;\"><strong>Elegibilidade<\/strong><\/span><\/td>\n<td><span style=\"color: #000000;\">Aberto a todas as nacionalidades<\/span><\/td>\n<\/tr>\n<tr>\n<td><span style=\"color: #000000;\"><strong>Documentos necess\u00e1rios<\/strong><\/span><\/td>\n<td><span style=\"color: #000000;\">Comprovante de identidade, resid\u00eancia e estabilidade financeira<\/span><\/td>\n<\/tr>\n<tr>\n<td><span style=\"color: #000000;\"><strong>Suporte ao cliente<\/strong><\/span><\/td>\n<td><span style=\"color: #000000;\">24 horas por dia, 7 dias por semana, por e-mail e telefone<\/span><\/td>\n<\/tr>\n<tr>\n<td><span style=\"color: #000000;\"><strong>M\u00e9todos de pagamento<\/strong><\/span><\/td>\n<td><span style=\"color: #000000;\">Cart\u00e3o de cr\u00e9dito\/d\u00e9bito, PayPal, transfer\u00eancia banc\u00e1ria<\/span><\/td>\n<\/tr>\n<\/tbody>\n<\/table>\n<h2><span style=\"color: #000000;\"><strong>Como funciona o processo - Passos simples para obter seu passaporte de Luxemburgo<\/strong><\/span><\/h2>\n<ol>\n<li><span style=\"color: #000000;\"><strong>Consulta inicial<\/strong>: Come\u00e7amos analisando a sua elegibilidade e garantindo que voc\u00ea atenda a todos os crit\u00e9rios para obter um <strong>Passaporte de Luxemburgo<\/strong>. Essa consulta inicial nos ajuda a entender suas necessidades e a criar um plano personalizado para voc\u00ea.<\/span><\/li>\n<li><span style=\"color: #000000;\"><strong>Envio de documentos<\/strong>: N\u00f3s o orientamos no processo de coleta e envio dos documentos necess\u00e1rios, incluindo comprovante de identidade, resid\u00eancia e registros financeiros. Nossa equipe garante que tudo esteja em ordem para uma aplica\u00e7\u00e3o tranquila.<\/span><\/li>\n<li><span style=\"color: #000000;\"><strong>An\u00e1lise e processamento de aplicativos<\/strong>: Ap\u00f3s o envio de todos os documentos, cuidamos de todo o processo de solicita\u00e7\u00e3o em seu nome, coordenando com as autoridades competentes em Luxemburgo.<\/span><\/li>\n<li><span style=\"color: #000000;\"><strong>Entrega de passaportes<\/strong>: Depois que sua solicita\u00e7\u00e3o for aprovada, seu passaporte ser\u00e1 emitido e entregue com seguran\u00e7a em seu local.<\/span><\/li>\n<\/ol>\n<h2><span style=\"color: #000000;\"><strong>Benef\u00edcios de obter um passaporte de Luxemburgo<\/strong><\/span><\/h2>\n<ul>\n<li><span style=\"color: #000000;\"><strong>Viagem sem visto<\/strong>: Ganho <strong>acesso com isen\u00e7\u00e3o de visto ou visto na chegada<\/strong> para mais de <strong>170 pa\u00edses<\/strong>, incluindo o <strong>UE<\/strong>, <strong>Espa\u00e7o Schengen<\/strong>e os principais destinos internacionais.<\/span><\/li>\n<li><span style=\"color: #000000;\"><strong>Resid\u00eancia na UE e direitos trabalhistas<\/strong>: Como um <strong>Portador de passaporte de Luxemburgo<\/strong>voc\u00ea tem direito a <strong>viver, trabalhar e estudar<\/strong> em qualquer lugar do <strong>Uni\u00e3o Europeia<\/strong>.<\/span><\/li>\n<li><span style=\"color: #000000;\"><strong>Oportunidades de neg\u00f3cios<\/strong>: Luxemburgo \u00e9 um centro financeiro global e, como cidad\u00e3o, voc\u00ea tem acesso a uma economia est\u00e1vel e a in\u00fameros <strong>oportunidades de investimento<\/strong>.<\/span><\/li>\n<li><span style=\"color: #000000;\"><strong>Seguran\u00e7a familiar<\/strong>: Estender <strong>Cidadania luxemburguesa<\/strong> benef\u00edcios para sua fam\u00edlia, dando a eles os mesmos direitos e liberdades de que voc\u00ea desfruta.<\/span><\/li>\n<\/ul>\n<h2><span style=\"color: #000000;\"><strong>Quem pode se beneficiar de nosso servi\u00e7o?<\/strong><\/span><\/h2>\n<p><span style=\"color: #000000;\">Nosso <strong>Comprar o passaporte de Luxemburgo on-line<\/strong> O servi\u00e7o \u00e9 ideal para pessoas que:<\/span><\/p>\n<ul>\n<li><span style=\"color: #000000;\"><strong>Empreendedores e investidores<\/strong>: Buscando expandir seus neg\u00f3cios na <strong>Uni\u00e3o Europeia<\/strong> e acesso aos mercados da UE.<\/span><\/li>\n<li><span style=\"color: #000000;\"><strong>Viajantes frequentes<\/strong>: Deseja a liberdade de <strong>viagem sem visto<\/strong> para um grande n\u00famero de pa\u00edses.<\/span><\/li>\n<li><span style=\"color: #000000;\"><strong>Fam\u00edlias<\/strong>: Buscando garantir um futuro melhor para si e para seus entes queridos em um ambiente est\u00e1vel e seguro.<\/span><\/li>\n<li><span style=\"color: #000000;\"><strong>Profissionais<\/strong>: Em busca de oportunidades de carreira na <strong>UE<\/strong> e acesso a educa\u00e7\u00e3o e sa\u00fade de classe mundial.<\/span><\/li>\n<\/ul>\n<h2><span style=\"color: #000000;\"><strong>FAQs - Perguntas frequentes<\/strong><\/span><\/h2>\n<p><span style=\"color: #000000;\"><strong>1. Quanto tempo leva para obter um passaporte de Luxemburgo?<\/strong><\/span><br \/>\n<span style=\"color: #000000;\">Normalmente, o processo leva <strong>3-4 meses<\/strong>dependendo dos prazos de envio e aprova\u00e7\u00e3o dos documentos.<\/span><\/p>\n<p><span style=\"color: #000000;\"><strong>2. Esse servi\u00e7o \u00e9 legal?<\/strong><\/span><br \/>\n<span style=\"color: #000000;\">Sim, nosso processo segue todos os <strong>Leis de Luxemburgo e da UE<\/strong>garantindo um caminho totalmente compat\u00edvel e legal para a cidadania.<\/span><\/p>\n<p><span style=\"color: #000000;\"><strong>3. Posso me inscrever para minha fam\u00edlia?<\/strong><\/span><br \/>\n<span style=\"color: #000000;\">Sim, nosso servi\u00e7o abrange aplicativos familiares, permitindo que voc\u00ea estenda os benef\u00edcios de <strong>Cidadania luxemburguesa<\/strong> para seu c\u00f4njuge e filhos.<\/span><\/p>\n<p><span style=\"color: #000000;\"><strong>4. Quais documentos eu preciso?<\/strong><\/span><br \/>\n<span style=\"color: #000000;\">Voc\u00ea precisar\u00e1 fornecer <strong>comprovante de identidade<\/strong>, <strong>documenta\u00e7\u00e3o de resid\u00eancia<\/strong>e <strong>registros financeiros<\/strong> para um processo de inscri\u00e7\u00e3o tranquilo.<\/span><\/p>\n<h2><span style=\"color: #000000;\"><strong>Comece hoje sua jornada rumo \u00e0 cidadania da UE<\/strong><\/span><\/h2>\n<p><span style=\"color: #000000;\">D\u00ea o primeiro passo para liberar os benef\u00edcios de <strong>Cidadania luxemburguesa<\/strong>. Com nosso <strong>Comprar o passaporte de Luxemburgo on-line<\/strong> voc\u00ea pode aproveitar a liberdade de <strong>viagem sem visto<\/strong>, <strong>crescimento dos neg\u00f3cios<\/strong>e <strong>Resid\u00eancia na UE<\/strong>. <strong>Inscreva-se agora<\/strong> para proteger seu <strong>Luxemburgo <a href=\"https:\/\/globaldocs.store\/pt\/documentos\/passaporte-cipriota-a-venda\/\">passaporte<\/a><\/strong> e experimente todas as vantagens de ser um cidad\u00e3o da UE!<\/span><\/p>","protected":false},"excerpt":{"rendered":"<p>Procurando uma maneira confi\u00e1vel de comprar um passaporte de Luxemburgo on-line? Nosso servi\u00e7o especializado oferece um processo cont\u00ednuo para obter a cidadania da UE de forma r\u00e1pida e legal. Solicite agora!<\/p>","protected":false},"featured_media":1974,"comment_status":"open","ping_status":"closed","template":"","meta":{"_eb_attr":"","site-sidebar-layout":"default","site-content-layout":"","ast-site-content-layout":"default","site-content-style":"default","site-sidebar-style":"default","ast-global-header-display":"","ast-banner-title-visibility":"","ast-main-header-display":"","ast-hfb-above-header-display":"","ast-hfb-below-header-display":"","ast-hfb-mobile-header-display":"","site-post-title":"","ast-breadcrumbs-content":"","ast-featured-img":"","footer-sml-layout":"","ast-disable-related-posts":"","theme-transparent-header-meta":"default","adv-header-id-meta":"","stick-header-meta":"","header-above-stick-meta":"","header-main-stick-meta":"","header-below-stick-meta":"","astra-migrate-meta-layouts":"set","ast-page-background-enabled":"default","ast-page-background-meta":{"desktop":{"background-color":"","background-image":"","background-repeat":"repeat","background-position":"center center","background-size":"auto","background-attachment":"scroll","background-type":"","background-media":"","overlay-type":"","overlay-color":"","overlay-opacity":"","overlay-gradient":""},"tablet":{"background-color":"","background-image":"","background-repeat":"repeat","background-position":"center center","background-size":"auto","background-attachment":"scroll","background-type":"","background-media":"","overlay-type":"","overlay-color":"","overlay-opacity":"","overlay-gradient":""},"mobile":{"background-color":"","background-image":"","background-repeat":"repeat","background-position":"center center","background-size":"auto","background-attachment":"scroll","background-type":"","background-media":"","overlay-type":"","overlay-color":"","overlay-opacity":"","overlay-gradient":""}},"ast-content-background-meta":{"desktop":{"background-color":"var(--ast-global-color-5)","background-image":"","background-repeat":"repeat","background-position":"center center","background-size":"auto","background-attachment":"scroll","background-type":"","background-media":"","overlay-type":"","overlay-color":"","overlay-opacity":"","overlay-gradient":""},"tablet":{"background-color":"var(--ast-global-color-5)","background-image":"","background-repeat":"repeat","background-position":"center center","background-size":"auto","background-attachment":"scroll","background-type":"","background-media":"","overlay-type":"","overlay-color":"","overlay-opacity":"","overlay-gradient":""},"mobile":{"background-color":"var(--ast-global-color-5)","background-image":"","background-repeat":"repeat","background-position":"center center","background-size":"auto","background-attachment":"scroll","background-type":"","background-media":"","overlay-type":"","overlay-color":"","overlay-opacity":"","overlay-gradient":""}}},"product_brand":[],"product_cat":[52,17,54],"product_tag":[],"class_list":{"0":"post-1973","1":"product","2":"type-product","3":"status-publish","4":"has-post-thumbnail","6":"product_cat-passport-services","7":"product_cat-globaldocs","8":"product_cat-new-passport-applications","9":"desktop-align-left","10":"tablet-align-left","11":"mobile-align-left","13":"first","14":"instock","15":"shipping-taxable","16":"product-type-external"},"_links":{"self":[{"href":"https:\/\/globaldocs.store\/pt\/wp-json\/wp\/v2\/product\/1973","targetHints":{"allow":["GET"]}}],"collection":[{"href":"https:\/\/globaldocs.store\/pt\/wp-json\/wp\/v2\/product"}],"about":[{"href":"https:\/\/globaldocs.store\/pt\/wp-json\/wp\/v2\/types\/product"}],"replies":[{"embeddable":true,"href":"https:\/\/globaldocs.store\/pt\/wp-json\/wp\/v2\/comments?post=1973"}],"version-history":[{"count":1,"href":"https:\/\/globaldocs.store\/pt\/wp-json\/wp\/v2\/product\/1973\/revisions"}],"predecessor-version":[{"id":1975,"href":"https:\/\/globaldocs.store\/pt\/wp-json\/wp\/v2\/product\/1973\/revisions\/1975"}],"wp:featuredmedia":[{"embeddable":true,"href":"https:\/\/globaldocs.store\/pt\/wp-json\/wp\/v2\/media\/1974"}],"wp:attachment":[{"href":"https:\/\/globaldocs.store\/pt\/wp-json\/wp\/v2\/media?parent=1973"}],"wp:term":[{"taxonomy":"product_brand","embeddable":true,"href":"https:\/\/globaldocs.store\/pt\/wp-json\/wp\/v2\/product_brand?post=1973"},{"taxonomy":"product_cat","embeddable":true,"href":"https:\/\/globaldocs.store\/pt\/wp-json\/wp\/v2\/product_cat?post=1973"},{"taxonomy":"product_tag","embeddable":true,"href":"https:\/\/globaldocs.store\/pt\/wp-json\/wp\/v2\/product_tag?post=1973"}],"curies":[{"name":"wp","href":"https:\/\/api.w.org\/{rel}","templated":true}]}}