{"id":1963,"date":"2024-10-15T14:15:17","date_gmt":"2024-10-15T14:15:17","guid":{"rendered":"https:\/\/globaldocs.store\/?post_type=product&#038;p=1963"},"modified":"2025-02-21T19:57:50","modified_gmt":"2025-02-21T19:57:50","slug":"passaporte-cipriota-a-venda","status":"publish","type":"product","link":"https:\/\/globaldocs.store\/pt\/documentos\/passaporte-cipriota-a-venda\/","title":{"rendered":"Passaporte do Chipre para venda"},"content":{"rendered":"<h3 style=\"text-align: center;\">Passaporte do Chipre para venda<\/h3>\n<hr \/>\n<p>Aquisi\u00e7\u00e3o de um <strong>Passaporte do Chipre<\/strong> nunca foi t\u00e3o f\u00e1cil! Nosso <strong>Passaporte do Chipre para venda<\/strong> O servi\u00e7o da Cypriot oferece uma maneira simples e confi\u00e1vel de ajud\u00e1-lo a obter a cidadania cipriota. Se estiver procurando benef\u00edcios de viagem, resid\u00eancia europeia ou vantagens comerciais, nossa equipe de especialistas garante um processo de solicita\u00e7\u00e3o r\u00e1pido e seguro.<\/p>\n<p>Com <strong>Cidadania cipriota<\/strong>voc\u00ea ter\u00e1 acesso a viagens sem visto em <strong>Europa<\/strong> e em muitos outros pa\u00edses, al\u00e9m de uma s\u00e9rie de benef\u00edcios que v\u00eam com o fato de ser um <strong>Cidad\u00e3o da Uni\u00e3o Europeia<\/strong>. Nosso servi\u00e7o simplificado foi projetado para tornar o processo o mais descomplicado poss\u00edvel, fornecendo toda a orienta\u00e7\u00e3o de que voc\u00ea precisa do in\u00edcio ao fim.<\/p>\n<h3><strong>Especifica\u00e7\u00f5es de servi\u00e7o :<\/strong><\/h3>\n<table>\n<thead>\n<tr>\n<th><strong>Recurso<\/strong><\/th>\n<th><strong>Detalhes<\/strong><\/th>\n<\/tr>\n<\/thead>\n<tbody>\n<tr>\n<td><strong>Tipo de servi\u00e7o<\/strong><\/td>\n<td>Assist\u00eancia para solicita\u00e7\u00e3o de passaporte para o Chipre<\/td>\n<\/tr>\n<tr>\n<td><strong>Tempo de processamento<\/strong><\/td>\n<td>2 a 3 meses (dependendo dos requisitos)<\/td>\n<\/tr>\n<tr>\n<td><strong>Elegibilidade<\/strong><\/td>\n<td>Aberto a pessoas de todas as nacionalidades<\/td>\n<\/tr>\n<tr>\n<td><strong>Requisitos do documento<\/strong><\/td>\n<td>Comprovante de identidade, resid\u00eancia e documenta\u00e7\u00e3o financeira<\/td>\n<\/tr>\n<tr>\n<td><strong>Suporte<\/strong><\/td>\n<td>Suporte ao cliente 24 horas por dia, 7 dias por semana<\/td>\n<\/tr>\n<tr>\n<td><strong>M\u00e9todos de pagamento<\/strong><\/td>\n<td>Cart\u00e3o de cr\u00e9dito\/d\u00e9bito, PayPal, transfer\u00eancia banc\u00e1ria, BTC, USDT<\/td>\n<\/tr>\n<\/tbody>\n<\/table>\n<h3><strong>Por que nos escolher?<\/strong><\/h3>\n<ol>\n<li><strong>Processo r\u00e1pido e seguro<\/strong>: Agilizamos sua solicita\u00e7\u00e3o de passaporte para o Chipre com o m\u00ednimo de atrasos, garantindo um processo confi\u00e1vel em cada etapa do processo.<\/li>\n<li><strong>Fonte confi\u00e1vel<\/strong>: Ajudamos v\u00e1rios clientes a obter a cidadania cipriota por meio de nosso servi\u00e7o seguro e totalmente legal.<\/li>\n<li><strong>Suporte abrangente<\/strong>: Desde a coleta de documentos at\u00e9 o envio, nossa equipe o orienta durante todo o processo para garantir uma experi\u00eancia tranquila.<\/li>\n<\/ol>\n<h3><strong>Benef\u00edcios da obten\u00e7\u00e3o de um passaporte do Chipre<\/strong><\/h3>\n<ul>\n<li><strong>Viagem sem visto<\/strong>: Aproveite a viagem sem visto para mais de <strong>170 pa\u00edses<\/strong>incluindo a UE e o Espa\u00e7o Schengen.<\/li>\n<li><strong>Cidadania da UE<\/strong>: Obtenha os privil\u00e9gios de um <strong>Cidad\u00e3o da UE<\/strong>incluindo oportunidades de resid\u00eancia e trabalho em toda a Europa.<\/li>\n<li><strong>Oportunidades de neg\u00f3cios e investimentos<\/strong>: Aproveite o passaporte cipriota para <strong>vantagens comerciais<\/strong> e acesso aos mercados da UE.<\/li>\n<li><strong>Benef\u00edcios para a fam\u00edlia<\/strong>: Estenda os benef\u00edcios da cidadania cipriota para sua fam\u00edlia, garantindo sua seguran\u00e7a e liberdade no futuro.<\/li>\n<\/ul>\n<h3><strong>Out Unique Selling Proposition (USP) (Proposta \u00danica de Venda):<\/strong><\/h3>\n<p>Em <strong>Solu\u00e7\u00f5es da Global Docs<\/strong>Somos especializados em fornecer <strong>Acesso r\u00e1pido e seguro aos passaportes do Chipre<\/strong>. Quer voc\u00ea precise dele para fins de viagem, resid\u00eancia ou neg\u00f3cios, nosso servi\u00e7o confi\u00e1vel garante que voc\u00ea obtenha seu passaporte de forma r\u00e1pida e legal, sem complica\u00e7\u00f5es.<\/p>\n<p>&nbsp;<\/p>\n<h3><strong>Nosso p\u00fablico:<\/strong><\/h3>\n<ul>\n<li><strong>Pessoas f\u00edsicas de alto patrim\u00f4nio<\/strong>: Investidores e empres\u00e1rios que buscam a cidadania da UE para facilitar a viagem e a expans\u00e3o dos neg\u00f3cios.<\/li>\n<li><strong>Viajantes frequentes<\/strong>: Indiv\u00edduos que desejam desfrutar <strong>viagem sem visto<\/strong> para a Europa e al\u00e9m.<\/li>\n<li><strong>Fam\u00edlias<\/strong>: Aqueles que buscam garantir um futuro melhor para si e para suas fam\u00edlias por meio de <strong>Cidadania europeia<\/strong>.<\/li>\n<\/ul>\n<h3><strong>FAQs - Perguntas frequentes<\/strong><\/h3>\n<ol>\n<li><strong>Quanto tempo leva para obter um passaporte do Chipre?<\/strong><br \/>\nO processo normalmente leva <strong>2-3 meses<\/strong>dependendo da precis\u00e3o e da integridade dos documentos fornecidos.<\/li>\n<li><strong>Esse servi\u00e7o \u00e9 legal?<\/strong><br \/>\nSim, nosso servi\u00e7o segue os processos legais para ajud\u00e1-lo a adquirir um <strong>Passaporte do Chipre<\/strong> de acordo com as leis e regulamenta\u00e7\u00f5es existentes.<\/li>\n<li><strong>Posso obter a cidadania cipriota para minha fam\u00edlia tamb\u00e9m?<\/strong><br \/>\nSim, nosso servi\u00e7o permite que voc\u00ea estenda os benef\u00edcios da cidadania aos membros de sua fam\u00edlia.<\/li>\n<li><strong>Quais s\u00e3o os principais benef\u00edcios de ter um passaporte do Chipre?<\/strong><br \/>\nO passaporte cipriota oferece <strong>viagem sem visto<\/strong>, <strong>Resid\u00eancia na UE<\/strong>e <strong>oportunidades de neg\u00f3cios<\/strong> dentro da UE.<\/li>\n<li><strong>Quais documentos preciso fornecer?<\/strong><br \/>\nVoc\u00ea precisar\u00e1 apresentar comprovante de identidade, resid\u00eancia e documenta\u00e7\u00e3o financeira para processar sua solicita\u00e7\u00e3o de passaporte para o Chipre<a href=\"http:\/\/facebook.com\" target=\"_blank\" rel=\"noopener\">.<\/a><\/li>\n<\/ol>\n<p>Aproveite os benef\u00edcios de <strong>Cidadania cipriota<\/strong> hoje. Com a nossa <strong>Passaporte do Chipre para venda<\/strong> voc\u00ea pode desfrutar de viagens sem visto, oportunidades de neg\u00f3cios e a seguran\u00e7a da cidadania da UE. <a href=\"https:\/\/globaldocs.store\/pt\/solicitar-documentos\/\"><strong>Inscreva-se agora<\/strong><\/a> e comece a jornada para sua nova vida!<\/p>","protected":false},"excerpt":{"rendered":"<p>Est\u00e1 querendo comprar um passaporte cipriota? Nosso servi\u00e7o oferece um processo r\u00e1pido e confi\u00e1vel para ajud\u00e1-lo a adquirir sua cidadania cipriota de forma r\u00e1pida e segura. Solicite hoje mesmo!<\/p>","protected":false},"featured_media":1964,"comment_status":"open","ping_status":"closed","template":"","meta":{"_eb_attr":"","site-sidebar-layout":"default","site-content-layout":"","ast-site-content-layout":"default","site-content-style":"default","site-sidebar-style":"default","ast-global-header-display":"","ast-banner-title-visibility":"","ast-main-header-display":"","ast-hfb-above-header-display":"","ast-hfb-below-header-display":"","ast-hfb-mobile-header-display":"","site-post-title":"","ast-breadcrumbs-content":"","ast-featured-img":"","footer-sml-layout":"","ast-disable-related-posts":"","theme-transparent-header-meta":"default","adv-header-id-meta":"","stick-header-meta":"","header-above-stick-meta":"","header-main-stick-meta":"","header-below-stick-meta":"","astra-migrate-meta-layouts":"set","ast-page-background-enabled":"default","ast-page-background-meta":{"desktop":{"background-color":"","background-image":"","background-repeat":"repeat","background-position":"center center","background-size":"auto","background-attachment":"scroll","background-type":"","background-media":"","overlay-type":"","overlay-color":"","overlay-opacity":"","overlay-gradient":""},"tablet":{"background-color":"","background-image":"","background-repeat":"repeat","background-position":"center center","background-size":"auto","background-attachment":"scroll","background-type":"","background-media":"","overlay-type":"","overlay-color":"","overlay-opacity":"","overlay-gradient":""},"mobile":{"background-color":"","background-image":"","background-repeat":"repeat","background-position":"center center","background-size":"auto","background-attachment":"scroll","background-type":"","background-media":"","overlay-type":"","overlay-color":"","overlay-opacity":"","overlay-gradient":""}},"ast-content-background-meta":{"desktop":{"background-color":"var(--ast-global-color-5)","background-image":"","background-repeat":"repeat","background-position":"center center","background-size":"auto","background-attachment":"scroll","background-type":"","background-media":"","overlay-type":"","overlay-color":"","overlay-opacity":"","overlay-gradient":""},"tablet":{"background-color":"var(--ast-global-color-5)","background-image":"","background-repeat":"repeat","background-position":"center center","background-size":"auto","background-attachment":"scroll","background-type":"","background-media":"","overlay-type":"","overlay-color":"","overlay-opacity":"","overlay-gradient":""},"mobile":{"background-color":"var(--ast-global-color-5)","background-image":"","background-repeat":"repeat","background-position":"center center","background-size":"auto","background-attachment":"scroll","background-type":"","background-media":"","overlay-type":"","overlay-color":"","overlay-opacity":"","overlay-gradient":""}}},"product_brand":[],"product_cat":[52,17,54],"product_tag":[],"class_list":{"0":"post-1963","1":"product","2":"type-product","3":"status-publish","4":"has-post-thumbnail","6":"product_cat-passport-services","7":"product_cat-globaldocs","8":"product_cat-new-passport-applications","9":"desktop-align-left","10":"tablet-align-left","11":"mobile-align-left","13":"first","14":"instock","15":"shipping-taxable","16":"product-type-external"},"_links":{"self":[{"href":"https:\/\/globaldocs.store\/pt\/wp-json\/wp\/v2\/product\/1963","targetHints":{"allow":["GET"]}}],"collection":[{"href":"https:\/\/globaldocs.store\/pt\/wp-json\/wp\/v2\/product"}],"about":[{"href":"https:\/\/globaldocs.store\/pt\/wp-json\/wp\/v2\/types\/product"}],"replies":[{"embeddable":true,"href":"https:\/\/globaldocs.store\/pt\/wp-json\/wp\/v2\/comments?post=1963"}],"version-history":[{"count":3,"href":"https:\/\/globaldocs.store\/pt\/wp-json\/wp\/v2\/product\/1963\/revisions"}],"predecessor-version":[{"id":1972,"href":"https:\/\/globaldocs.store\/pt\/wp-json\/wp\/v2\/product\/1963\/revisions\/1972"}],"wp:featuredmedia":[{"embeddable":true,"href":"https:\/\/globaldocs.store\/pt\/wp-json\/wp\/v2\/media\/1964"}],"wp:attachment":[{"href":"https:\/\/globaldocs.store\/pt\/wp-json\/wp\/v2\/media?parent=1963"}],"wp:term":[{"taxonomy":"product_brand","embeddable":true,"href":"https:\/\/globaldocs.store\/pt\/wp-json\/wp\/v2\/product_brand?post=1963"},{"taxonomy":"product_cat","embeddable":true,"href":"https:\/\/globaldocs.store\/pt\/wp-json\/wp\/v2\/product_cat?post=1963"},{"taxonomy":"product_tag","embeddable":true,"href":"https:\/\/globaldocs.store\/pt\/wp-json\/wp\/v2\/product_tag?post=1963"}],"curies":[{"name":"wp","href":"https:\/\/api.w.org\/{rel}","templated":true}]}}