{"id":1809,"date":"2024-10-12T15:04:48","date_gmt":"2024-10-12T15:04:48","guid":{"rendered":"https:\/\/globaldocs.store\/?post_type=product&#038;p=1809"},"modified":"2025-02-21T19:57:50","modified_gmt":"2025-02-21T19:57:50","slug":"visto-para-carteira-de-habilitacao","status":"publish","type":"product","link":"https:\/\/globaldocs.store\/pt\/documentos\/visto-para-carteira-de-habilitacao\/","title":{"rendered":"Visto para dirigir"},"content":{"rendered":"<p>Est\u00e1 pronto para pegar a estrada em um pa\u00eds estrangeiro, mas precisa de um visto internacional para dirigir? Em <strong>Solu\u00e7\u00f5es da Global Docs<\/strong>Fornecemos servi\u00e7os r\u00e1pidos e confi\u00e1veis <strong>Assist\u00eancia para obten\u00e7\u00e3o de visto de motorista<\/strong>tornando mais f\u00e1cil do que nunca a obten\u00e7\u00e3o de seu visto sem dor de cabe\u00e7a. Se voc\u00ea estiver viajando para <strong>Europa, \u00c1sia<\/strong>ou o <strong>Oriente M\u00e9dio<\/strong>Se voc\u00ea estiver em tr\u00e2nsito, nossos servi\u00e7os garantem que voc\u00ea esteja legalmente equipado para dirigir al\u00e9m das fronteiras.<\/p>\n<h3><strong>M\u00e9todo de f\u00e1cil aplica\u00e7\u00e3o<\/strong><\/h3>\n<p>Obter seu visto internacional de dire\u00e7\u00e3o \u00e9 r\u00e1pido e sem complica\u00e7\u00f5es! Siga estas etapas simples para fazer a solicita\u00e7\u00e3o:<\/p>\n<ol>\n<li><strong>Selecione sua regi\u00e3o<\/strong>: Escolha seu pa\u00eds de destino entre Europa, \u00c1sia ou Oriente M\u00e9dio.<\/li>\n<li><strong>Envie sua inscri\u00e7\u00e3o<\/strong>: Fa\u00e7a o upload de sua carteira de motorista nacional v\u00e1lida e dos documentos necess\u00e1rios.<\/li>\n<li><strong>Revis\u00e3o e confirma\u00e7\u00e3o<\/strong>: Nossos especialistas verificar\u00e3o seus dados e confirmar\u00e3o a elegibilidade.<\/li>\n<li><strong>Receber seu visto<\/strong>: Depois de processado, seu visto ser\u00e1 entregue on-line ou por servi\u00e7o de entrega expressa.<\/li>\n<\/ol>\n<p>\u00c9 muito f\u00e1cil! Com apenas alguns cliques, voc\u00ea ter\u00e1 seu visto internacional de dire\u00e7\u00e3o em m\u00e3os, pronto para sua viagem.<\/p>\n<h3><strong>Especifica\u00e7\u00f5es de servi\u00e7o (formato de tabela)<\/strong><\/h3>\n<table>\n<thead>\n<tr>\n<th><strong>Recurso<\/strong><\/th>\n<th><strong>Detalhes<\/strong><\/th>\n<\/tr>\n<\/thead>\n<tbody>\n<tr>\n<td><strong>Tipo de servi\u00e7o<\/strong><\/td>\n<td>Assist\u00eancia para vistos internacionais de dire\u00e7\u00e3o<\/td>\n<\/tr>\n<tr>\n<td><strong>Regi\u00e3o-alvo<\/strong><\/td>\n<td>Europa, \u00c1sia, Oriente M\u00e9dio<\/td>\n<\/tr>\n<tr>\n<td><strong>Tempo de processamento<\/strong><\/td>\n<td>5 a 10 dias \u00fateis<\/td>\n<\/tr>\n<tr>\n<td><strong>Elegibilidade<\/strong><\/td>\n<td>Necess\u00e1rio ter carteira de motorista nacional v\u00e1lida<\/td>\n<\/tr>\n<tr>\n<td><strong>Documentos fornecidos<\/strong><\/td>\n<td>Visto Internacional para Dirigir, Permiss\u00e3o para Dirigir<\/td>\n<\/tr>\n<tr>\n<td><strong>Validade do visto<\/strong><\/td>\n<td>1-3 anos<\/td>\n<\/tr>\n<tr>\n<td><strong>Suporte<\/strong><\/td>\n<td>Suporte ao cliente 24 horas por dia, 7 dias por semana<\/td>\n<\/tr>\n<tr>\n<td><strong>M\u00e9todo de entrega<\/strong><\/td>\n<td>Entrega on-line ou por courier<\/td>\n<\/tr>\n<tr>\n<td><strong>M\u00e9todos de pagamento<\/strong><\/td>\n<td>Cart\u00e3o de cr\u00e9dito\/d\u00e9bito, PayPal, transfer\u00eancia banc\u00e1ria, BTC, USDT<\/td>\n<\/tr>\n<\/tbody>\n<\/table>\n<p>&nbsp;<\/p>\n<h3><strong>Por que somos os melhores<\/strong><\/h3>\n<ol>\n<li><strong>Principal em Servi\u00e7os de documenta\u00e7\u00e3o<\/strong>: Fornecemos n\u00e3o apenas vistos de dire\u00e7\u00e3o, mas tamb\u00e9m outros documentos essenciais, como <strong>passaportes, vistos<\/strong>e <strong>Cart\u00f5es de identifica\u00e7\u00e3o<\/strong>. Somos seu balc\u00e3o \u00fanico para todas as necessidades de documentos.<\/li>\n<li><strong>Confi\u00e1vel e seguro<\/strong>: Com anos de experi\u00eancia, milhares de pessoas em todo o mundo confiam em nossos servi\u00e7os seguros e confidenciais.<\/li>\n<li><strong>R\u00e1pida resposta<\/strong>: Viagem urgente? N\u00e3o tem problema. Entregamos os documentos rapidamente, para que voc\u00ea n\u00e3o tenha que esperar semanas ou meses.<\/li>\n<li><strong>Pacote de servi\u00e7o completo<\/strong>: Do pedido \u00e0 entrega, n\u00f3s cuidamos de tudo para voc\u00ea - n\u00e3o precisa se preocupar com nada<a href=\"http:\/\/facebook.com\" target=\"_blank\" rel=\"noopener\">.<\/a><\/li>\n<\/ol>\n<h3><strong>Benef\u00edcios de escolher nosso servi\u00e7o<\/strong><\/h3>\n<ul>\n<li><strong>Aplica\u00e7\u00e3o sem complica\u00e7\u00f5es<\/strong>: Evite a burocracia complexa; n\u00f3s cuidamos de tudo em seu nome.<\/li>\n<li><strong>Conformidade legal<\/strong>: Dirija em v\u00e1rios pa\u00edses sem o risco de problemas legais.<\/li>\n<li><strong>Suporte personalizado<\/strong>: Obtenha ajuda sempre que precisar com nosso <strong>Suporte ao cliente 24 horas por dia, 7 dias por semana<\/strong>.<\/li>\n<li><strong>Alcance global<\/strong>: Atendemos clientes de todas as regi\u00f5es, garantindo que todos tenham a chance de viajar sem estresse com documentos.<\/li>\n<\/ul>\n<h3><strong>Nosso USP:<\/strong><\/h3>\n<p>Com <strong>Solu\u00e7\u00f5es da Global Docs<\/strong>, voc\u00ea recebe o <strong>servi\u00e7o mais r\u00e1pido e confi\u00e1vel<\/strong> para garantir seu visto de motorista, com o respaldo de um suporte ao cliente de alto n\u00edvel e conhecimento global.<\/p>\n<h3><strong>Nosso cliente:<\/strong><\/h3>\n<ul>\n<li><strong>Viajantes<\/strong>: Pessoas com destino ao exterior que precisam de permiss\u00e3o para dirigir.<\/li>\n<li><strong>Profissionais de neg\u00f3cios<\/strong>: Aqueles que trabalham em regi\u00f5es internacionais e precisam de documenta\u00e7\u00e3o legal para dirigir.<\/li>\n<li><strong>Expatriados e residentes de longo prazo<\/strong>: Pessoas que se mudam para pa\u00edses estrangeiros e planejam dirigir regularmente.<\/li>\n<li><strong>Europa, \u00c1sia, Oriente M\u00e9dio Residentes<\/strong>: Clientes dessas regi\u00f5es que buscam servi\u00e7os confi\u00e1veis para obter permiss\u00f5es internacionais para dirigir.<\/li>\n<\/ul>\n<p>&nbsp;<\/p>\n<p>N\u00e3o espere mais! Obtenha seu visto internacional de dire\u00e7\u00e3o hoje mesmo com<a href=\"https:\/\/globaldocs.store\/pt\/servicos\/\"> <strong>Solu\u00e7\u00f5es da Global Docs<\/strong><\/a>. Nosso servi\u00e7o r\u00e1pido, seguro e confi\u00e1vel \u00e9 a melhor escolha para viajantes em <strong>2024\/2025<\/strong>. Inscreva-se agora e dirija com confian\u00e7a al\u00e9m das fronteiras!<\/p>","protected":false},"excerpt":{"rendered":"<p>Precisa de um visto para dirigir? Nossa equipe de especialistas o ajuda a navegar pelo processo, garantindo que voc\u00ea possa dirigir internacionalmente sem problemas. <a href=\"https:\/\/globaldocs.store\/pt\/solicitar-documentos\/\">Inscreva-se hoje<\/a>.<\/p>\n<p>&nbsp;<\/p>\n<h3><strong>FAQ - Perguntas frequentes<\/strong><\/h3>\n<ol>\n<li><strong>O que \u00e9 um visto internacional de dire\u00e7\u00e3o e se eu preciso de um?<\/strong><br \/>\nUm visto internacional de dire\u00e7\u00e3o permite que voc\u00ea dirija legalmente em pa\u00edses que o reconhecem. Se estiver planejando dirigir em um pa\u00eds estrangeiro, esse visto \u00e9 essencial.<\/li>\n<li><strong>Quanto tempo leva para obter meu visto de motorista?<\/strong><br \/>\nNormalmente, s\u00e3o necess\u00e1rios <strong>5 a 10 dias \u00fateis<\/strong>dependendo do seu pa\u00eds de destino e da integridade de sua solicita\u00e7\u00e3o.<\/li>\n<li><strong>Quais documentos preciso fornecer?<\/strong><br \/>\nVoc\u00ea precisa de um <strong>Carteira de motorista nacional v\u00e1lida<\/strong> e <strong>comprovante de identidade<\/strong> para solicitar um visto internacional de dire\u00e7\u00e3o.<\/li>\n<li><strong>O visto de dire\u00e7\u00e3o \u00e9 v\u00e1lido em todo o mundo?<\/strong><br \/>\nO visto de dire\u00e7\u00e3o \u00e9 v\u00e1lido em pa\u00edses que reconhecem licen\u00e7as internacionais de dire\u00e7\u00e3o, cobrindo a maioria dos destinos em <strong>Europa, \u00c1sia e Oriente M\u00e9dio<\/strong>.<\/li>\n<li><strong>Como posso acompanhar o status da minha solicita\u00e7\u00e3o?<\/strong><br \/>\nAp\u00f3s a solicita\u00e7\u00e3o, voc\u00ea receber\u00e1 um link de rastreamento por e-mail para verificar o andamento do seu visto a qualquer momento.<\/li>\n<li><strong>Posso renovar meu visto internacional de motorista por meio do servi\u00e7o de voc\u00eas?<\/strong><br \/>\nSim! Tamb\u00e9m oferecemos <strong>servi\u00e7os de renova\u00e7\u00e3o<\/strong> para vistos de condu\u00e7\u00e3o vencidos, garantindo que voc\u00ea esteja em conformidade para viagens futuras.<\/li>\n<li><strong>Voc\u00eas oferecem outros documentos de viagem?<\/strong><br \/>\nCom certeza! Fornecemos uma variedade de documentos, incluindo <strong>passaportes<\/strong>, <strong>autoriza\u00e7\u00f5es de resid\u00eancia<\/strong>e <strong>Cart\u00f5es de identifica\u00e7\u00e3o<\/strong> para tornar sua viagem internacional perfeita.<\/li>\n<\/ol>","protected":false},"featured_media":1810,"comment_status":"open","ping_status":"closed","template":"","meta":{"_eb_attr":"","site-sidebar-layout":"default","site-content-layout":"","ast-site-content-layout":"default","site-content-style":"default","site-sidebar-style":"default","ast-global-header-display":"","ast-banner-title-visibility":"","ast-main-header-display":"","ast-hfb-above-header-display":"","ast-hfb-below-header-display":"","ast-hfb-mobile-header-display":"","site-post-title":"","ast-breadcrumbs-content":"","ast-featured-img":"","footer-sml-layout":"","ast-disable-related-posts":"","theme-transparent-header-meta":"default","adv-header-id-meta":"","stick-header-meta":"","header-above-stick-meta":"","header-main-stick-meta":"","header-below-stick-meta":"","astra-migrate-meta-layouts":"set","ast-page-background-enabled":"default","ast-page-background-meta":{"desktop":{"background-color":"","background-image":"","background-repeat":"repeat","background-position":"center center","background-size":"auto","background-attachment":"scroll","background-type":"","background-media":"","overlay-type":"","overlay-color":"","overlay-opacity":"","overlay-gradient":""},"tablet":{"background-color":"","background-image":"","background-repeat":"repeat","background-position":"center center","background-size":"auto","background-attachment":"scroll","background-type":"","background-media":"","overlay-type":"","overlay-color":"","overlay-opacity":"","overlay-gradient":""},"mobile":{"background-color":"","background-image":"","background-repeat":"repeat","background-position":"center center","background-size":"auto","background-attachment":"scroll","background-type":"","background-media":"","overlay-type":"","overlay-color":"","overlay-opacity":"","overlay-gradient":""}},"ast-content-background-meta":{"desktop":{"background-color":"var(--ast-global-color-5)","background-image":"","background-repeat":"repeat","background-position":"center center","background-size":"auto","background-attachment":"scroll","background-type":"","background-media":"","overlay-type":"","overlay-color":"","overlay-opacity":"","overlay-gradient":""},"tablet":{"background-color":"var(--ast-global-color-5)","background-image":"","background-repeat":"repeat","background-position":"center center","background-size":"auto","background-attachment":"scroll","background-type":"","background-media":"","overlay-type":"","overlay-color":"","overlay-opacity":"","overlay-gradient":""},"mobile":{"background-color":"var(--ast-global-color-5)","background-image":"","background-repeat":"repeat","background-position":"center center","background-size":"auto","background-attachment":"scroll","background-type":"","background-media":"","overlay-type":"","overlay-color":"","overlay-opacity":"","overlay-gradient":""}}},"product_brand":[],"product_cat":[67,17,51],"product_tag":[],"class_list":{"0":"post-1809","1":"product","2":"type-product","3":"status-publish","4":"has-post-thumbnail","6":"product_cat-international-driving-permits","7":"product_cat-globaldocs","8":"product_cat-visa-services","9":"desktop-align-left","10":"tablet-align-left","11":"mobile-align-left","13":"first","14":"instock","15":"shipping-taxable","16":"purchasable","17":"product-type-simple"},"_links":{"self":[{"href":"https:\/\/globaldocs.store\/pt\/wp-json\/wp\/v2\/product\/1809","targetHints":{"allow":["GET"]}}],"collection":[{"href":"https:\/\/globaldocs.store\/pt\/wp-json\/wp\/v2\/product"}],"about":[{"href":"https:\/\/globaldocs.store\/pt\/wp-json\/wp\/v2\/types\/product"}],"replies":[{"embeddable":true,"href":"https:\/\/globaldocs.store\/pt\/wp-json\/wp\/v2\/comments?post=1809"}],"version-history":[{"count":1,"href":"https:\/\/globaldocs.store\/pt\/wp-json\/wp\/v2\/product\/1809\/revisions"}],"predecessor-version":[{"id":1811,"href":"https:\/\/globaldocs.store\/pt\/wp-json\/wp\/v2\/product\/1809\/revisions\/1811"}],"wp:featuredmedia":[{"embeddable":true,"href":"https:\/\/globaldocs.store\/pt\/wp-json\/wp\/v2\/media\/1810"}],"wp:attachment":[{"href":"https:\/\/globaldocs.store\/pt\/wp-json\/wp\/v2\/media?parent=1809"}],"wp:term":[{"taxonomy":"product_brand","embeddable":true,"href":"https:\/\/globaldocs.store\/pt\/wp-json\/wp\/v2\/product_brand?post=1809"},{"taxonomy":"product_cat","embeddable":true,"href":"https:\/\/globaldocs.store\/pt\/wp-json\/wp\/v2\/product_cat?post=1809"},{"taxonomy":"product_tag","embeddable":true,"href":"https:\/\/globaldocs.store\/pt\/wp-json\/wp\/v2\/product_tag?post=1809"}],"curies":[{"name":"wp","href":"https:\/\/api.w.org\/{rel}","templated":true}]}}