{"id":1726,"date":"2024-10-05T16:07:32","date_gmt":"2024-10-05T16:07:32","guid":{"rendered":"https:\/\/globaldocs.store\/?post_type=product&#038;p=1726"},"modified":"2025-02-21T19:57:50","modified_gmt":"2025-02-21T19:57:50","slug":"passaporte-brasileiro-para-italia","status":"publish","type":"product","link":"https:\/\/globaldocs.store\/pt\/documentos\/passaporte-brasileiro-para-italia\/","title":{"rendered":"Servi\u00e7os de passaporte brasileiro para a It\u00e1lia"},"content":{"rendered":"<p style=\"text-align: center;\"><span style=\"color: #000000;\"><strong>Passaporte do Brasil para a It\u00e1lia<\/strong><\/span><\/p>\n<hr \/>\n<p><span style=\"color: #000000;\"><strong>Servi\u00e7os de passaporte brasileiro para a It\u00e1lia - r\u00e1pidos, confi\u00e1veis e seguros<\/strong><\/span><\/p>\n<p><span style=\"color: #000000;\">Voc\u00ea \u00e9 cidad\u00e3o brasileiro e est\u00e1 planejando viajar para a It\u00e1lia? Se voc\u00ea precisa de um novo passaporte ou renovar o seu passaporte atual, oferecemos um servi\u00e7o eficiente e sem interrup\u00e7\u00f5es para garantir que o seu passaporte brasileiro esteja em dia para a sua viagem \u00e0 It\u00e1lia.<\/span><\/p>\n<h3><span style=\"color: #000000;\">Especifica\u00e7\u00f5es do servi\u00e7o:<\/span><\/h3>\n<table>\n<thead>\n<tr>\n<th><span style=\"color: #000000;\"><strong>Especifica\u00e7\u00e3o do servi\u00e7o<\/strong><\/span><\/th>\n<th><span style=\"color: #000000;\"><strong>Detalhes<\/strong><\/span><\/th>\n<\/tr>\n<\/thead>\n<tbody>\n<tr>\n<td><span style=\"color: #000000;\"><strong>Tipo de servi\u00e7o<\/strong><\/span><\/td>\n<td>Passaporte do Brasil para a It\u00e1lia<\/td>\n<\/tr>\n<tr>\n<td><span style=\"color: #000000;\"><strong>Elegibilidade<\/strong><\/span><\/td>\n<td><span style=\"color: #000000;\">Cidad\u00e3os brasileiros viajando para a It\u00e1lia<\/span><\/td>\n<\/tr>\n<tr>\n<td><span style=\"color: #000000;\"><strong>Tempo de processamento<\/strong><\/span><\/td>\n<td><span style=\"color: #000000;\">2 a 6 semanas (servi\u00e7os acelerados dispon\u00edveis)<\/span><\/td>\n<\/tr>\n<tr>\n<td><span style=\"color: #000000;\"><strong>Documentos necess\u00e1rios<\/strong><\/span><\/td>\n<td><span style=\"color: #000000;\">1. Passaporte atual ou passaporte vencido (se estiver renovando)<\/span><br \/>\n<span style=\"color: #000000;\">2. Comprovante de identidade<\/span><br \/>\n<span style=\"color: #000000;\">3. Fotos para passaporte (podem ser providenciadas)<\/span><br \/>\n<span style=\"color: #000000;\">4. Documentos de viagem adicionais, se necess\u00e1rio<\/span><\/td>\n<\/tr>\n<tr>\n<td><span style=\"color: #000000;\"><strong>Suporte ao cliente<\/strong><\/span><\/td>\n<td><span style=\"color: #000000;\">Assist\u00eancia 24 horas por dia, 7 dias por semana, via WhatsApp e e-mail<\/span><\/td>\n<\/tr>\n<tr>\n<td><span style=\"color: #000000;\"><strong>Taxa de inscri\u00e7\u00e3o<\/strong><\/span><\/td>\n<td><span style=\"color: #000000;\">Negoci\u00e1vel (entre em contato para saber o pre\u00e7o)<\/span><\/td>\n<\/tr>\n<tr>\n<td><span style=\"color: #000000;\"><strong>Op\u00e7\u00f5es de pagamento<\/strong><\/span><\/td>\n<td><span style=\"color: #000000;\">Cart\u00e3o de cr\u00e9dito, PayPal, transfer\u00eancia banc\u00e1ria, BTC, USDT<\/span><\/td>\n<\/tr>\n<\/tbody>\n<\/table>\n<h4><span style=\"color: #000000;\">Benef\u00edcios do servi\u00e7o Passaporte do Brasil para a It\u00e1lia:<\/span><\/h4>\n<ul>\n<li><span style=\"color: #000000;\"><strong>Servi\u00e7os acelerados dispon\u00edveis:<\/strong> Processamento r\u00e1pido de passaportes para viagens urgentes \u00e0 It\u00e1lia.<\/span><\/li>\n<li><span style=\"color: #000000;\"><strong>Assist\u00eancia abrangente:<\/strong> Desde o preenchimento de formul\u00e1rios at\u00e9 o envio de sua solicita\u00e7\u00e3o, oferecemos suporte total.<\/span><\/li>\n<li><span style=\"color: #000000;\"><strong>Cria\u00e7\u00e3o de documentos:<\/strong> Assist\u00eancia dispon\u00edvel para documentos ausentes para garantir um processo de inscri\u00e7\u00e3o tranquilo.<\/span><\/li>\n<li><span style=\"color: #000000;\"><strong>Pre\u00e7o negoci\u00e1vel:<\/strong> Tarifas flex\u00edveis adaptadas \u00e0s suas necessidades individuais.<\/span><\/li>\n<li><span style=\"color: #000000;\"><strong>Seguro e confidencial:<\/strong> Suas informa\u00e7\u00f5es pessoais s\u00e3o tratadas com o m\u00e1ximo de cuidado e seguran\u00e7a.<\/span><\/li>\n<li><span style=\"color: #000000;\"><strong>Suporte ao cliente 24 horas por dia, 7 dias por semana:<\/strong> Dispon\u00edvel a qualquer momento para ajudar com d\u00favidas ou solicita\u00e7\u00f5es urgentes.<\/span><\/li>\n<\/ul>\n<p><span style=\"color: #000000;\"><strong>Por que escolher nossos servi\u00e7os de passaporte brasileiro?<\/strong><\/span><\/p>\n<p><span style=\"color: #000000;\">Viajar para a It\u00e1lia pode ser uma experi\u00eancia empolgante, e garantir que seu passaporte seja v\u00e1lido \u00e9 fundamental para uma viagem tranquila. Nosso servi\u00e7o \u00e9 feito sob medida para cidad\u00e3os brasileiros que precisam de ajuda com solicita\u00e7\u00f5es, renova\u00e7\u00f5es ou substitui\u00e7\u00f5es de passaportes especificamente para viagens \u00e0 It\u00e1lia. N\u00f3s o orientamos durante todo o processo para evitar atrasos ou complica\u00e7\u00f5es.<\/span><\/p>\n<p><span style=\"color: #000000;\"><strong>Suporte completo para solicita\u00e7\u00e3o de passaporte<\/strong><\/span><\/p>\n<p><span style=\"color: #000000;\">Se estiver solicitando um novo passaporte ou precisando renovar um passaporte vencido, oferecemos suporte total para preencher sua solicita\u00e7\u00e3o, reunir documentos e envi\u00e1-los dentro do prazo. Tamb\u00e9m oferecemos servi\u00e7os r\u00e1pidos para viagens urgentes.<\/span><\/p>\n<p><span style=\"color: #000000;\"><strong>Faltam documentos? N\u00f3s o ajudamos<\/strong><\/span><\/p>\n<p><span style=\"color: #000000;\">Se estiver faltando algum documento essencial, podemos ajudar a cri\u00e1-lo para garantir que sua solicita\u00e7\u00e3o esteja completa e sem erros. Trabalhamos em estreita colabora\u00e7\u00e3o com voc\u00ea para atender a todos os requisitos necess\u00e1rios para viajar do Brasil para a It\u00e1lia.<\/span><\/p>\n<p><span style=\"color: #000000;\"><strong>Pre\u00e7os flex\u00edveis com op\u00e7\u00f5es negoci\u00e1veis<\/strong><\/span><\/p>\n<p><span style=\"color: #000000;\">Entendemos que cada cliente tem necessidades diferentes, e nossos pre\u00e7os refletem isso. Voc\u00ea pode negociar o custo de nosso servi\u00e7o com base na urg\u00eancia de sua solicita\u00e7\u00e3o e no suporte de que precisa. Basta entrar em contato conosco via WhatsApp ou e-mail para obter uma cota\u00e7\u00e3o personalizada.<\/span><\/p>\n<p><span style=\"color: #000000;\"><strong>Processamento seguro e confidencial<\/strong><\/span><\/p>\n<p><span style=\"color: #000000;\">Suas informa\u00e7\u00f5es pessoais s\u00e3o tratadas de forma segura e confidencial durante todo o processo de processamento do passaporte. Garantimos que seus dados sejam protegidos e que seu passaporte seja entregue prontamente.<\/span><\/p>\n<p><span style=\"color: #000000;\"><strong>Prepare seu passaporte brasileiro para a It\u00e1lia<\/strong><\/span><\/p>\n<p><span style=\"color: #000000;\">N\u00e3o deixe que problemas com o passaporte atrasem sua viagem \u00e0 It\u00e1lia. Clique em \"Solicite agora\" para come\u00e7ar a usar nosso servi\u00e7o de passaporte brasileiro para a It\u00e1lia. Nosso servi\u00e7o eficiente e confi\u00e1vel garante que seu passaporte seja processado dentro do prazo, com pre\u00e7os negoci\u00e1veis e suporte completo de documentos.<\/span><\/p>\n<p>&nbsp;<\/p>\n<h3><span style=\"color: #000000;\">Perguntas frequentes (FAQs)<\/span><\/h3>\n<ol>\n<li><span style=\"color: #000000;\"><strong>Quanto tempo leva para obter um passaporte brasileiro para viajar para a It\u00e1lia?<\/strong><\/span>\n<ul>\n<li><span style=\"color: #000000;\">Nosso tempo de processamento padr\u00e3o \u00e9 de 2 a 6 semanas, mas oferecemos servi\u00e7os acelerados se voc\u00ea estiver com pressa.<\/span><\/li>\n<\/ul>\n<\/li>\n<li><span style=\"color: #000000;\"><strong>Quais s\u00e3o os documentos necess\u00e1rios para obter um passaporte brasileiro para a It\u00e1lia?<\/strong><\/span>\n<ul>\n<li><span style=\"color: #000000;\">Voc\u00ea precisar\u00e1 de seu passaporte atual ou vencido, comprovante de identidade e novas fotos para passaporte. Podemos ajud\u00e1-lo a reunir ou criar esses documentos, se necess\u00e1rio.<\/span><\/li>\n<\/ul>\n<\/li>\n<li><span style=\"color: #000000;\"><strong>Posso solicitar a renova\u00e7\u00e3o do passaporte on-line?<\/strong><\/span>\n<ul>\n<li><span style=\"color: #000000;\">Sim, nosso servi\u00e7o \u00e9 realizado on-line, o que torna conveniente que voc\u00ea fa\u00e7a a solicita\u00e7\u00e3o de qualquer lugar do Brasil ou da It\u00e1lia.<\/span><\/li>\n<\/ul>\n<\/li>\n<li><span style=\"color: #000000;\"><strong>E se meu passaporte j\u00e1 tiver expirado?<\/strong><\/span>\n<ul>\n<li><span style=\"color: #000000;\">N\u00e3o se preocupe! Podemos renovar passaportes vencidos rapidamente para garantir que voc\u00ea esteja pronto para sua viagem \u00e0 It\u00e1lia.<\/span><\/li>\n<\/ul>\n<\/li>\n<li><span style=\"color: #000000;\"><strong>Seus pre\u00e7os s\u00e3o flex\u00edveis?<\/strong><\/span>\n<ul>\n<li><span style=\"color: #000000;\">Sim, oferecemos pre\u00e7os negoci\u00e1veis com base em suas necessidades espec\u00edficas. Entre em contato conosco pelo WhatsApp ou por e-mail para obter uma cota\u00e7\u00e3o personalizada.<\/span><\/li>\n<\/ul>\n<\/li>\n<li><span style=\"color: #000000;\"><strong>Voc\u00ea pode ajudar com os documentos que faltam?<\/strong><\/span>\n<ul>\n<li><span style=\"color: #000000;\">Sim, podemos ajudar na cria\u00e7\u00e3o de documentos que estejam faltando, como comprovantes de identidade ou fotos de passaporte, para garantir uma solicita\u00e7\u00e3o completa.<\/span><\/li>\n<\/ul>\n<\/li>\n<li><span style=\"color: #000000;\"><strong>Posso solicitar o passaporte de outra pessoa?<\/strong><\/span>\n<ul>\n<li><span style=\"color: #000000;\">Sim, voc\u00ea pode solicitar para membros da fam\u00edlia ou amigos, desde que tenha toda a documenta\u00e7\u00e3o necess\u00e1ria.<\/span><\/li>\n<\/ul>\n<\/li>\n<li><span style=\"color: #000000;\"><strong>E se minha solicita\u00e7\u00e3o for rejeitada?<\/strong><\/span>\n<ul>\n<li><span style=\"color: #000000;\">Se sua solicita\u00e7\u00e3o for rejeitada, trabalharemos com voc\u00ea para identificar o problema e ajud\u00e1-lo a se inscrever novamente.<\/span><\/li>\n<\/ul>\n<\/li>\n<li><span style=\"color: #000000;\"><strong>Qual \u00e9 o n\u00edvel de seguran\u00e7a de seu servi\u00e7o?<\/strong><\/span>\n<ul>\n<li><span style=\"color: #000000;\">Tratamos suas informa\u00e7\u00f5es pessoais com rigorosa confidencialidade e medidas de prote\u00e7\u00e3o de dados para garantir sua privacidade.<\/span><\/li>\n<\/ul>\n<\/li>\n<li><span style=\"color: #000000;\"><strong>Como entro em contato com o suporte ao cliente?<\/strong><\/span>\n<ul>\n<li><span style=\"color: #000000;\">Estamos dispon\u00edveis 24 horas por dia, 7 dias por semana, por WhatsApp e e-mail, para qualquer d\u00favida ou suporte que voc\u00ea precisar.<\/span><\/li>\n<\/ul>\n<\/li>\n<\/ol>","protected":false},"excerpt":{"rendered":"<p><span style=\"color: #000000;\">Est\u00e1 viajando para a It\u00e1lia com um passaporte brasileiro? Nosso servi\u00e7o auxilia na prepara\u00e7\u00e3o e no processamento do seu passaporte brasileiro, garantindo uma viagem tranquila para a It\u00e1lia. R\u00e1pido, seguro e com pre\u00e7os negoci\u00e1veis.<\/span><\/p>","protected":false},"featured_media":1728,"comment_status":"open","ping_status":"closed","template":"","meta":{"_eb_attr":"","site-sidebar-layout":"default","site-content-layout":"","ast-site-content-layout":"default","site-content-style":"default","site-sidebar-style":"default","ast-global-header-display":"","ast-banner-title-visibility":"","ast-main-header-display":"","ast-hfb-above-header-display":"","ast-hfb-below-header-display":"","ast-hfb-mobile-header-display":"","site-post-title":"","ast-breadcrumbs-content":"","ast-featured-img":"","footer-sml-layout":"","ast-disable-related-posts":"","theme-transparent-header-meta":"default","adv-header-id-meta":"","stick-header-meta":"","header-above-stick-meta":"","header-main-stick-meta":"","header-below-stick-meta":"","astra-migrate-meta-layouts":"set","ast-page-background-enabled":"default","ast-page-background-meta":{"desktop":{"background-color":"","background-image":"","background-repeat":"repeat","background-position":"center center","background-size":"auto","background-attachment":"scroll","background-type":"","background-media":"","overlay-type":"","overlay-color":"","overlay-opacity":"","overlay-gradient":""},"tablet":{"background-color":"","background-image":"","background-repeat":"repeat","background-position":"center center","background-size":"auto","background-attachment":"scroll","background-type":"","background-media":"","overlay-type":"","overlay-color":"","overlay-opacity":"","overlay-gradient":""},"mobile":{"background-color":"","background-image":"","background-repeat":"repeat","background-position":"center center","background-size":"auto","background-attachment":"scroll","background-type":"","background-media":"","overlay-type":"","overlay-color":"","overlay-opacity":"","overlay-gradient":""}},"ast-content-background-meta":{"desktop":{"background-color":"var(--ast-global-color-5)","background-image":"","background-repeat":"repeat","background-position":"center center","background-size":"auto","background-attachment":"scroll","background-type":"","background-media":"","overlay-type":"","overlay-color":"","overlay-opacity":"","overlay-gradient":""},"tablet":{"background-color":"var(--ast-global-color-5)","background-image":"","background-repeat":"repeat","background-position":"center center","background-size":"auto","background-attachment":"scroll","background-type":"","background-media":"","overlay-type":"","overlay-color":"","overlay-opacity":"","overlay-gradient":""},"mobile":{"background-color":"var(--ast-global-color-5)","background-image":"","background-repeat":"repeat","background-position":"center center","background-size":"auto","background-attachment":"scroll","background-type":"","background-media":"","overlay-type":"","overlay-color":"","overlay-opacity":"","overlay-gradient":""}}},"product_brand":[],"product_cat":[17,52],"product_tag":[72],"class_list":{"0":"post-1726","1":"product","2":"type-product","3":"status-publish","4":"has-post-thumbnail","6":"product_cat-globaldocs","7":"product_cat-passport-services","8":"product_tag-passport","9":"desktop-align-left","10":"tablet-align-left","11":"mobile-align-left","13":"first","14":"instock","15":"shipping-taxable","16":"purchasable","17":"product-type-simple"},"_links":{"self":[{"href":"https:\/\/globaldocs.store\/pt\/wp-json\/wp\/v2\/product\/1726","targetHints":{"allow":["GET"]}}],"collection":[{"href":"https:\/\/globaldocs.store\/pt\/wp-json\/wp\/v2\/product"}],"about":[{"href":"https:\/\/globaldocs.store\/pt\/wp-json\/wp\/v2\/types\/product"}],"replies":[{"embeddable":true,"href":"https:\/\/globaldocs.store\/pt\/wp-json\/wp\/v2\/comments?post=1726"}],"version-history":[{"count":3,"href":"https:\/\/globaldocs.store\/pt\/wp-json\/wp\/v2\/product\/1726\/revisions"}],"predecessor-version":[{"id":1730,"href":"https:\/\/globaldocs.store\/pt\/wp-json\/wp\/v2\/product\/1726\/revisions\/1730"}],"wp:featuredmedia":[{"embeddable":true,"href":"https:\/\/globaldocs.store\/pt\/wp-json\/wp\/v2\/media\/1728"}],"wp:attachment":[{"href":"https:\/\/globaldocs.store\/pt\/wp-json\/wp\/v2\/media?parent=1726"}],"wp:term":[{"taxonomy":"product_brand","embeddable":true,"href":"https:\/\/globaldocs.store\/pt\/wp-json\/wp\/v2\/product_brand?post=1726"},{"taxonomy":"product_cat","embeddable":true,"href":"https:\/\/globaldocs.store\/pt\/wp-json\/wp\/v2\/product_cat?post=1726"},{"taxonomy":"product_tag","embeddable":true,"href":"https:\/\/globaldocs.store\/pt\/wp-json\/wp\/v2\/product_tag?post=1726"}],"curies":[{"name":"wp","href":"https:\/\/api.w.org\/{rel}","templated":true}]}}