{"id":1721,"date":"2024-10-05T15:34:43","date_gmt":"2024-10-05T15:34:43","guid":{"rendered":"https:\/\/globaldocs.store\/?post_type=product&#038;p=1721"},"modified":"2025-02-21T19:57:50","modified_gmt":"2025-02-21T19:57:50","slug":"renovacao-de-passaporte-jamaicano","status":"publish","type":"product","link":"https:\/\/globaldocs.store\/pt\/documentos\/renovacao-de-passaporte-jamaicano\/","title":{"rendered":"Renova\u00e7\u00e3o do passaporte jamaicano"},"content":{"rendered":"<p><span style=\"color: #000000;\"><strong>Renova\u00e7\u00e3o do passaporte jamaicano - simples, r\u00e1pida e sem complica\u00e7\u00f5es<\/strong><\/span><\/p>\n<p><span style=\"color: #000000;\">Se o seu <strong>Passaporte jamaicano<\/strong> expirou ou est\u00e1 prestes a expirar, renov\u00e1-lo \u00e9 essencial para garantir uma viagem tranquila. Oferecemos um servi\u00e7o simplificado de renova\u00e7\u00e3o de passaportes on-line para ajud\u00e1-lo a concluir o processo de forma r\u00e1pida, segura e sem estresse.<\/span><\/p>\n<h3><span style=\"color: #000000;\">Especifica\u00e7\u00f5es de servi\u00e7o (em formato de tabela)<\/span><\/h3>\n<table>\n<thead>\n<tr>\n<th><span style=\"color: #000000;\"><strong>Especifica\u00e7\u00e3o do servi\u00e7o<\/strong><\/span><\/th>\n<th><span style=\"color: #000000;\"><strong>Detalhes<\/strong><\/span><\/th>\n<\/tr>\n<\/thead>\n<tbody>\n<tr>\n<td><span style=\"color: #000000;\"><strong>Tipo de servi\u00e7o<\/strong><\/span><\/td>\n<td><span style=\"color: #000000;\">Renova\u00e7\u00e3o do passaporte jamaicano<\/span><\/td>\n<\/tr>\n<tr>\n<td><span style=\"color: #000000;\"><strong>Elegibilidade<\/strong><\/span><\/td>\n<td><span style=\"color: #000000;\">Cidad\u00e3os jamaicanos com passaportes vencidos\/expirados<\/span><\/td>\n<\/tr>\n<tr>\n<td><span style=\"color: #000000;\"><strong>Tempo de processamento<\/strong><\/span><\/td>\n<td><span style=\"color: #000000;\">2 a 6 semanas (op\u00e7\u00f5es de envio r\u00e1pido dispon\u00edveis)<\/span><\/td>\n<\/tr>\n<tr>\n<td><span style=\"color: #000000;\"><strong>Documentos necess\u00e1rios<\/strong><\/span><\/td>\n<td><span style=\"color: #000000;\">1. Passaporte vencido<\/span><br \/>\n<span style=\"color: #000000;\">2. Comprovante de identidade<\/span><br \/>\n<span style=\"color: #000000;\">3. Fotos para passaporte (podemos fornecer assist\u00eancia)<\/span><br \/>\n<span style=\"color: #000000;\">4. Documentos de apoio adicionais, se necess\u00e1rio<\/span><\/td>\n<\/tr>\n<tr>\n<td><span style=\"color: #000000;\"><strong>Suporte ao cliente<\/strong><\/span><\/td>\n<td><span style=\"color: #000000;\">Assist\u00eancia 24 horas por dia, 7 dias por semana, via WhatsApp e e-mail<\/span><\/td>\n<\/tr>\n<tr>\n<td><span style=\"color: #000000;\"><strong>Taxa de inscri\u00e7\u00e3o<\/strong><\/span><\/td>\n<td><span style=\"color: #000000;\">Negoci\u00e1vel (entre em contato para saber o pre\u00e7o)<\/span><\/td>\n<\/tr>\n<tr>\n<td><span style=\"color: #000000;\"><strong>Op\u00e7\u00f5es de pagamento<\/strong><\/span><\/td>\n<td><span style=\"color: #000000;\">Cart\u00e3o de cr\u00e9dito, PayPal, transfer\u00eancia banc\u00e1ria<\/span><\/td>\n<\/tr>\n<\/tbody>\n<\/table>\n<h3><span style=\"color: #000000;\">Benef\u00edcios do servi\u00e7o<\/span><\/h3>\n<ul>\n<li><span style=\"color: #000000;\"><strong>Processamento r\u00e1pido:<\/strong> Op\u00e7\u00f5es de servi\u00e7o acelerado dispon\u00edveis para quem est\u00e1 com pressa.<\/span><\/li>\n<li><span style=\"color: #000000;\"><strong>Assist\u00eancia abrangente:<\/strong> Desde a coleta de documentos at\u00e9 o envio, n\u00f3s cuidamos de tudo.<\/span><\/li>\n<li><span style=\"color: #000000;\"><strong>Suporte \u00e0 cria\u00e7\u00e3o de documentos:<\/strong> Se estiver faltando algum documento necess\u00e1rio, oferecemos assist\u00eancia completa.<\/span><\/li>\n<li><span style=\"color: #000000;\"><strong>Pre\u00e7os flex\u00edveis:<\/strong> Taxas negoci\u00e1veis para se adequar ao seu or\u00e7amento e \u00e0 sua urg\u00eancia.<\/span><\/li>\n<li><span style=\"color: #000000;\"><strong>Seguro e confidencial:<\/strong> Seus dados pessoais s\u00e3o tratados com total seguran\u00e7a e confidencialidade.<\/span><\/li>\n<li><span style=\"color: #000000;\"><strong>Disponibilidade 24 horas por dia, 7 dias por semana:<\/strong> Obtenha suporte a qualquer momento via WhatsApp ou e-mail para garantir um processo de inscri\u00e7\u00e3o tranquilo.<\/span><\/li>\n<\/ul>\n<p>&nbsp;<\/p>\n<p><span style=\"color: #000000;\"><strong>Por que escolher nosso servi\u00e7o de renova\u00e7\u00e3o de passaporte jamaicano?<\/strong><\/span><\/p>\n<p><span style=\"color: #000000;\">Nosso servi\u00e7o de renova\u00e7\u00e3o de passaportes \u00e9 feito sob medida para atender \u00e0s suas necessidades, oferecendo um processo r\u00e1pido e eficiente para renovar seu passaporte jamaicano sem complica\u00e7\u00f5es. Desde a prepara\u00e7\u00e3o de sua solicita\u00e7\u00e3o at\u00e9 a garantia de que todos os documentos necess\u00e1rios estejam corretos, oferecemos suporte total em todas as etapas do processo.<\/span><\/p>\n<p><span style=\"color: #000000;\"><strong>Suporte abrangente para renova\u00e7\u00e3o de passaportes<\/strong><\/span><\/p>\n<p><span style=\"color: #000000;\">Se o seu passaporte estiver vencido ou prestes a vencer, gerenciamos tudo, desde a verifica\u00e7\u00e3o do documento at\u00e9 o envio. Nossa equipe experiente garante um processo tranquilo e reduz as chances de atrasos ou rejei\u00e7\u00f5es.<\/span><\/p>\n<p><span style=\"color: #000000;\"><strong>Faltam documentos? N\u00f3s podemos ajudar<\/strong><\/span><\/p>\n<p><span style=\"color: #000000;\">Se estiver faltando algum documento necess\u00e1rio, ajudaremos a cri\u00e1-lo ou a recuper\u00e1-lo para garantir que sua solicita\u00e7\u00e3o esteja completa. Isso significa que n\u00e3o haver\u00e1 atrasos devido \u00e0 documenta\u00e7\u00e3o incompleta.<\/span><\/p>\n<p><span style=\"color: #000000;\"><strong>Pre\u00e7os flex\u00edveis e negoci\u00e1veis<\/strong><\/span><\/p>\n<p><span style=\"color: #000000;\">Nossos pre\u00e7os s\u00e3o adaptados \u00e0s suas necessidades individuais e podem ser negociados. Voc\u00ea pode entrar em contato via WhatsApp ou e-mail para discutir as melhores op\u00e7\u00f5es de pre\u00e7os com base em suas necessidades.<\/span><\/p>\n<p><span style=\"color: #000000;\"><strong>R\u00e1pido, seguro e confidencial<\/strong><\/span><\/p>\n<p><span style=\"color: #000000;\">Suas informa\u00e7\u00f5es pessoais s\u00e3o tratadas com o m\u00e1ximo de cuidado e seguran\u00e7a. Nossos tempos de processamento r\u00e1pidos significam que voc\u00ea n\u00e3o precisar\u00e1 esperar muito pela renova\u00e7\u00e3o do seu passaporte, e tamb\u00e9m oferecemos servi\u00e7os acelerados para solicita\u00e7\u00f5es urgentes.<\/span><\/p>\n<p><span style=\"color: #000000;\"><strong>Inscreva-se agora para o Fast Jamaican <a style=\"color: #000000;\" href=\"https:\/\/globaldocs.store\/pt\/documentos\/renovacao-de-passaporte-chines\/\">Passaporte<\/a> Renova\u00e7\u00e3o<\/strong><\/span><\/p>\n<p><span style=\"color: #000000;\">N\u00e3o deixe que um passaporte vencido ou a vencer atrapalhe seus planos. Clique em \"Apply Now\" para come\u00e7ar a renovar seu passaporte jamaicano. Nosso servi\u00e7o garante resultados r\u00e1pidos, suporte a documentos e taxas negoci\u00e1veis para tornar o processo o mais tranquilo poss\u00edvel.<\/span><\/p>\n<p>&nbsp;<\/p>\n<h3><span style=\"color: #000000;\">Perguntas frequentes (FAQs)<\/span><\/h3>\n<ol>\n<li><span style=\"color: #000000;\"><strong>Quanto tempo leva para renovar um passaporte jamaicano?<\/strong><\/span>\n<ul>\n<li><span style=\"color: #000000;\">Nosso tempo de processamento padr\u00e3o \u00e9 de 2 a 6 semanas, mas oferecemos servi\u00e7os acelerados para casos urgentes.<\/span><\/li>\n<\/ul>\n<\/li>\n<li><span style=\"color: #000000;\"><strong>Quais documentos s\u00e3o necess\u00e1rios para renovar um passaporte jamaicano?<\/strong><\/span>\n<ul>\n<li><span style=\"color: #000000;\">Voc\u00ea precisar\u00e1 de seu passaporte vencido, comprovante de identidade e novas fotos para passaporte. Se estiver faltando algum documento, podemos ajud\u00e1-lo a obt\u00ea-lo.<\/span><\/li>\n<\/ul>\n<\/li>\n<li><span style=\"color: #000000;\"><strong>O processo de renova\u00e7\u00e3o do passaporte jamaicano \u00e9 on-line?<\/strong><\/span>\n<ul>\n<li><span style=\"color: #000000;\">Sim, nosso servi\u00e7o \u00e9 totalmente on-line, o que facilita a solicita\u00e7\u00e3o de qualquer lugar.<\/span><\/li>\n<\/ul>\n<\/li>\n<li><span style=\"color: #000000;\"><strong>O que acontece se meu passaporte j\u00e1 estiver vencido?<\/strong><\/span>\n<ul>\n<li><span style=\"color: #000000;\">N\u00e3o se preocupe! Somos especializados na renova\u00e7\u00e3o de passaportes vencidos, n\u00e3o importa h\u00e1 quanto tempo estejam vencidos.<\/span><\/li>\n<\/ul>\n<\/li>\n<li><span style=\"color: #000000;\"><strong>Posso negociar o pre\u00e7o do servi\u00e7o?<\/strong><\/span>\n<ul>\n<li><span style=\"color: #000000;\">Sim, oferecemos pre\u00e7os flex\u00edveis e negoci\u00e1veis de acordo com suas necessidades. Entre em contato conosco para obter mais detalhes.<\/span><\/li>\n<\/ul>\n<\/li>\n<li><span style=\"color: #000000;\"><strong>Esse servi\u00e7o est\u00e1 dispon\u00edvel para cidad\u00e3os jamaicanos em todo o mundo?<\/strong><\/span>\n<ul>\n<li><span style=\"color: #000000;\">Sim, oferecemos servi\u00e7os de renova\u00e7\u00e3o de passaporte jamaicano para cidad\u00e3os de todo o mundo.<\/span><\/li>\n<\/ul>\n<\/li>\n<li><span style=\"color: #000000;\"><strong>Como fa\u00e7o para solicitar o servi\u00e7o de renova\u00e7\u00e3o?<\/strong><\/span>\n<ul>\n<li><span style=\"color: #000000;\">Basta clicar em \"Apply Now\" e n\u00f3s o orientaremos durante todo o processo.<\/span><\/li>\n<\/ul>\n<\/li>\n<li><span style=\"color: #000000;\"><strong>E se minha solicita\u00e7\u00e3o for rejeitada?<\/strong><\/span>\n<ul>\n<li><span style=\"color: #000000;\">Se sua solicita\u00e7\u00e3o for rejeitada, ajudaremos a identificar o problema e auxiliaremos na reaplica\u00e7\u00e3o.<\/span><\/li>\n<\/ul>\n<\/li>\n<li><span style=\"color: #000000;\"><strong>Posso renovar meu passaporte antes do vencimento?<\/strong><\/span>\n<ul>\n<li><span style=\"color: #000000;\">Sim, recomendamos renovar seu passaporte alguns meses antes do vencimento para evitar atrasos na viagem.<\/span><\/li>\n<\/ul>\n<\/li>\n<li><span style=\"color: #000000;\"><strong>Como voc\u00eas garantem que minhas informa\u00e7\u00f5es pessoais est\u00e3o seguras?<\/strong><\/span>\n<ul>\n<li><span style=\"color: #000000;\">Levamos a seguran\u00e7a muito a s\u00e9rio. Seus dados s\u00e3o tratados com estrita confidencialidade e criptografia para garantir sua prote\u00e7\u00e3o durante todo o processo.<\/span><\/li>\n<\/ul>\n<\/li>\n<\/ol>","protected":false},"excerpt":{"rendered":"<p><span style=\"color: #000000;\">Renove seu passaporte jamaicano de forma r\u00e1pida e segura com nosso eficiente servi\u00e7o on-line. Ajudamos voc\u00ea a renovar passaportes vencidos ou a vencer com processamento r\u00e1pido, suporte a documentos e pre\u00e7os negoci\u00e1veis.<\/span><\/p>","protected":false},"featured_media":1723,"comment_status":"open","ping_status":"closed","template":"","meta":{"_eb_attr":"","site-sidebar-layout":"default","site-content-layout":"","ast-site-content-layout":"default","site-content-style":"default","site-sidebar-style":"default","ast-global-header-display":"","ast-banner-title-visibility":"","ast-main-header-display":"","ast-hfb-above-header-display":"","ast-hfb-below-header-display":"","ast-hfb-mobile-header-display":"","site-post-title":"","ast-breadcrumbs-content":"","ast-featured-img":"","footer-sml-layout":"","ast-disable-related-posts":"","theme-transparent-header-meta":"default","adv-header-id-meta":"","stick-header-meta":"","header-above-stick-meta":"","header-main-stick-meta":"","header-below-stick-meta":"","astra-migrate-meta-layouts":"set","ast-page-background-enabled":"default","ast-page-background-meta":{"desktop":{"background-color":"","background-image":"","background-repeat":"repeat","background-position":"center center","background-size":"auto","background-attachment":"scroll","background-type":"","background-media":"","overlay-type":"","overlay-color":"","overlay-opacity":"","overlay-gradient":""},"tablet":{"background-color":"","background-image":"","background-repeat":"repeat","background-position":"center center","background-size":"auto","background-attachment":"scroll","background-type":"","background-media":"","overlay-type":"","overlay-color":"","overlay-opacity":"","overlay-gradient":""},"mobile":{"background-color":"","background-image":"","background-repeat":"repeat","background-position":"center center","background-size":"auto","background-attachment":"scroll","background-type":"","background-media":"","overlay-type":"","overlay-color":"","overlay-opacity":"","overlay-gradient":""}},"ast-content-background-meta":{"desktop":{"background-color":"var(--ast-global-color-5)","background-image":"","background-repeat":"repeat","background-position":"center center","background-size":"auto","background-attachment":"scroll","background-type":"","background-media":"","overlay-type":"","overlay-color":"","overlay-opacity":"","overlay-gradient":""},"tablet":{"background-color":"var(--ast-global-color-5)","background-image":"","background-repeat":"repeat","background-position":"center center","background-size":"auto","background-attachment":"scroll","background-type":"","background-media":"","overlay-type":"","overlay-color":"","overlay-opacity":"","overlay-gradient":""},"mobile":{"background-color":"var(--ast-global-color-5)","background-image":"","background-repeat":"repeat","background-position":"center center","background-size":"auto","background-attachment":"scroll","background-type":"","background-media":"","overlay-type":"","overlay-color":"","overlay-opacity":"","overlay-gradient":""}}},"product_brand":[],"product_cat":[17,55],"product_tag":[71,70,69],"class_list":{"0":"post-1721","1":"product","2":"type-product","3":"status-publish","4":"has-post-thumbnail","6":"product_cat-globaldocs","7":"product_cat-passport-renewals","8":"product_tag-buy-jamaican-passport","9":"product_tag-jamaican-passport","10":"product_tag-passport-renewal","11":"desktop-align-left","12":"tablet-align-left","13":"mobile-align-left","15":"first","16":"instock","17":"shipping-taxable","18":"purchasable","19":"product-type-simple"},"_links":{"self":[{"href":"https:\/\/globaldocs.store\/pt\/wp-json\/wp\/v2\/product\/1721","targetHints":{"allow":["GET"]}}],"collection":[{"href":"https:\/\/globaldocs.store\/pt\/wp-json\/wp\/v2\/product"}],"about":[{"href":"https:\/\/globaldocs.store\/pt\/wp-json\/wp\/v2\/types\/product"}],"replies":[{"embeddable":true,"href":"https:\/\/globaldocs.store\/pt\/wp-json\/wp\/v2\/comments?post=1721"}],"version-history":[{"count":3,"href":"https:\/\/globaldocs.store\/pt\/wp-json\/wp\/v2\/product\/1721\/revisions"}],"predecessor-version":[{"id":1725,"href":"https:\/\/globaldocs.store\/pt\/wp-json\/wp\/v2\/product\/1721\/revisions\/1725"}],"wp:featuredmedia":[{"embeddable":true,"href":"https:\/\/globaldocs.store\/pt\/wp-json\/wp\/v2\/media\/1723"}],"wp:attachment":[{"href":"https:\/\/globaldocs.store\/pt\/wp-json\/wp\/v2\/media?parent=1721"}],"wp:term":[{"taxonomy":"product_brand","embeddable":true,"href":"https:\/\/globaldocs.store\/pt\/wp-json\/wp\/v2\/product_brand?post=1721"},{"taxonomy":"product_cat","embeddable":true,"href":"https:\/\/globaldocs.store\/pt\/wp-json\/wp\/v2\/product_cat?post=1721"},{"taxonomy":"product_tag","embeddable":true,"href":"https:\/\/globaldocs.store\/pt\/wp-json\/wp\/v2\/product_tag?post=1721"}],"curies":[{"name":"wp","href":"https:\/\/api.w.org\/{rel}","templated":true}]}}