{"id":1718,"date":"2024-10-05T14:02:12","date_gmt":"2024-10-05T14:02:12","guid":{"rendered":"https:\/\/globaldocs.store\/?post_type=product&#038;p=1718"},"modified":"2025-02-04T15:06:49","modified_gmt":"2025-02-04T15:06:49","slug":"renovacao-de-passaporte-chines","status":"publish","type":"product","link":"https:\/\/globaldocs.store\/pt\/documentos\/renovacao-de-passaporte-chines\/","title":{"rendered":"Renova\u00e7\u00e3o de passaporte da China"},"content":{"rendered":"<p><span style=\"color: #000000;\"><strong>Servi\u00e7o de renova\u00e7\u00e3o de passaporte da China - r\u00e1pido, confi\u00e1vel e seguro<\/strong><\/span><\/p>\n<p><span style=\"color: #000000;\">Se o seu <strong>Passaporte da China<\/strong> est\u00e1 prestes a expirar ou j\u00e1 expirou, renov\u00e1-lo \u00e9 fundamental para manter seus direitos de viagem e evitar complica\u00e7\u00f5es. Oferecemos um servi\u00e7o on-line r\u00e1pido e eficiente de renova\u00e7\u00e3o do passaporte da China, orientando voc\u00ea em todas as etapas do processo.<\/span><\/p>\n<h3><span style=\"color: #000000;\">Especifica\u00e7\u00f5es de servi\u00e7o (em formato de tabela)<\/span><\/h3>\n<table>\n<thead>\n<tr>\n<th><span style=\"color: #000000;\"><strong>Especifica\u00e7\u00e3o do servi\u00e7o<\/strong><\/span><\/th>\n<th><span style=\"color: #000000;\"><strong>Detalhes<\/strong><\/span><\/th>\n<\/tr>\n<\/thead>\n<tbody>\n<tr>\n<td><span style=\"color: #000000;\"><strong>Tipo de servi\u00e7o<\/strong><\/span><\/td>\n<td><span style=\"color: #000000;\">Renova\u00e7\u00e3o de passaporte da China<\/span><\/td>\n<\/tr>\n<tr>\n<td><span style=\"color: #000000;\"><strong>Elegibilidade<\/strong><\/span><\/td>\n<td><span style=\"color: #000000;\">Cidad\u00e3os chineses com passaportes vencidos ou a vencer<\/span><\/td>\n<\/tr>\n<tr>\n<td><span style=\"color: #000000;\"><strong>Tempo de processamento<\/strong><\/span><\/td>\n<td><span style=\"color: #000000;\">2 a 6 semanas (op\u00e7\u00f5es de envio r\u00e1pido dispon\u00edveis)<\/span><\/td>\n<\/tr>\n<tr>\n<td><span style=\"color: #000000;\"><strong>Documentos necess\u00e1rios<\/strong><\/span><\/td>\n<td><span style=\"color: #000000;\">1. Passaporte vencido<\/span><br \/>\n<span style=\"color: #000000;\">2. Comprovante de identidade<\/span><br \/>\n<span style=\"color: #000000;\">3. Fotos do novo passaporte (podem ser fornecidas)<\/span><br \/>\n<span style=\"color: #000000;\">4. Documentos de apoio adicionais, se necess\u00e1rio<\/span><\/td>\n<\/tr>\n<tr>\n<td><span style=\"color: #000000;\"><strong>Suporte ao cliente<\/strong><\/span><\/td>\n<td><span style=\"color: #000000;\">Assist\u00eancia 24 horas por dia, 7 dias por semana, via WhatsApp e e-mail<\/span><\/td>\n<\/tr>\n<tr>\n<td><span style=\"color: #000000;\"><strong>Taxa de inscri\u00e7\u00e3o<\/strong><\/span><\/td>\n<td><span style=\"color: #000000;\">Negoci\u00e1vel (entre em contato para saber o pre\u00e7o)<\/span><\/td>\n<\/tr>\n<tr>\n<td><span style=\"color: #000000;\"><strong>Op\u00e7\u00f5es de pagamento<\/strong><\/span><\/td>\n<td><span style=\"color: #000000;\">Cart\u00e3o de cr\u00e9dito, PayPal, transfer\u00eancia banc\u00e1ria<\/span><\/td>\n<\/tr>\n<\/tbody>\n<\/table>\n<hr \/>\n<h4><span style=\"color: #000000;\">Benef\u00edcios do servi\u00e7o<\/span><\/h4>\n<ul>\n<li><span style=\"color: #000000;\"><strong>Processamento r\u00e1pido:<\/strong> Servi\u00e7os acelerados dispon\u00edveis para renova\u00e7\u00f5es urgentes.<\/span><\/li>\n<li><span style=\"color: #000000;\"><strong>Suporte abrangente:<\/strong> Desde a prepara\u00e7\u00e3o de documentos at\u00e9 o envio da solicita\u00e7\u00e3o, auxiliamos em todas as etapas.<\/span><\/li>\n<li><span style=\"color: #000000;\"><strong>Cria\u00e7\u00e3o de documentos:<\/strong> Se estiver faltando algum documento, oferecemos assist\u00eancia para cri\u00e1-lo.<\/span><\/li>\n<li><span style=\"color: #000000;\"><strong>Pre\u00e7os flex\u00edveis:<\/strong> Pre\u00e7os negoci\u00e1veis com base em suas necessidades espec\u00edficas e urg\u00eancia.<\/span><\/li>\n<li><span style=\"color: #000000;\"><strong>Seguro e confidencial:<\/strong> Todos os dados pessoais s\u00e3o tratados com estrita confidencialidade.<\/span><\/li>\n<li><span style=\"color: #000000;\"><strong>Disponibilidade 24 horas por dia, 7 dias por semana:<\/strong> O suporte ao cliente est\u00e1 dispon\u00edvel 24 horas por dia pelo WhatsApp e por e-mail.<\/span><\/li>\n<\/ul>\n<p>&nbsp;<\/p>\n<p><span style=\"color: #000000;\"><strong>Por que renovar seu passaporte da China conosco?<\/strong><\/span><\/p>\n<p><span style=\"color: #000000;\">Nosso servi\u00e7o foi desenvolvido para tornar o processo de renova\u00e7\u00e3o de passaportes simples e sem estresse. Com a nossa equipe de especialistas cuidando da sua solicita\u00e7\u00e3o, voc\u00ea pode evitar os atrasos e complica\u00e7\u00f5es comuns associados \u00e0 renova\u00e7\u00e3o de passaportes.<\/span><\/p>\n<p><span style=\"color: #000000;\"><strong>Suporte abrangente para renova\u00e7\u00e3o de passaportes<\/strong><\/span><\/p>\n<p><span style=\"color: #000000;\">Independentemente de o seu passaporte j\u00e1 ter expirado ou estar prestes a expirar, cuidamos de tudo, desde a prepara\u00e7\u00e3o da solicita\u00e7\u00e3o at\u00e9 o envio em seu nome. Tamb\u00e9m garantimos que toda a documenta\u00e7\u00e3o necess\u00e1ria esteja completa e precisa para acelerar o processo de aprova\u00e7\u00e3o.<\/span><\/p>\n<p><span style=\"color: #000000;\"><strong>Faltam documentos? Sem problemas!<\/strong><\/span><\/p>\n<p><span style=\"color: #000000;\">Se voc\u00ea n\u00e3o tiver os documentos necess\u00e1rios para a renova\u00e7\u00e3o do seu passaporte, podemos ajudar a cri\u00e1-los para voc\u00ea. Nossa equipe trabalha junto com voc\u00ea para garantir que tudo esteja em ordem antes de enviar sua solicita\u00e7\u00e3o.<\/span><\/p>\n<p><span style=\"color: #000000;\"><strong>Pre\u00e7os negoci\u00e1veis<\/strong><\/span><\/p>\n<p><span style=\"color: #000000;\">Nossas taxas de servi\u00e7o s\u00e3o flex\u00edveis e negoci\u00e1veis, dependendo de suas necessidades. Entre em contato conosco pelo WhatsApp ou por e-mail para obter pre\u00e7os personalizados.<\/span><\/p>\n<p><span style=\"color: #000000;\"><strong>Servi\u00e7o r\u00e1pido e seguro<\/strong><\/span><\/p>\n<p><span style=\"color: #000000;\">Entendemos a import\u00e2ncia da confidencialidade e da rapidez quando se trata de renova\u00e7\u00e3o de passaportes. Nosso servi\u00e7o garante que suas informa\u00e7\u00f5es pessoais sejam tratadas com seguran\u00e7a e oferecemos servi\u00e7os r\u00e1pidos se voc\u00ea estiver com pressa.<\/span><\/p>\n<p><span style=\"color: #000000;\"><strong>Renove seu passaporte da China hoje mesmo!<\/strong><\/span><\/p>\n<p><span style=\"color: #000000;\">Pronto para renovar seu passaporte da China? Clique em \"Apply Now\" para iniciar o processo. Aproveite o servi\u00e7o r\u00e1pido, o suporte \u00e0 cria\u00e7\u00e3o de documentos e os pre\u00e7os negoci\u00e1veis adaptados \u00e0s suas necessidades.<\/span><\/p>","protected":false},"excerpt":{"rendered":"<p>Renove seu passaporte da China on-line de forma r\u00e1pida e eficiente com nosso servi\u00e7o confi\u00e1vel. Ajudamos na renova\u00e7\u00e3o de passaportes vencidos, oferecendo um processo sem complica\u00e7\u00f5es e com pre\u00e7os negoci\u00e1veis.<\/p>","protected":false},"featured_media":1719,"comment_status":"open","ping_status":"closed","template":"","meta":{"_eb_attr":"","site-sidebar-layout":"default","site-content-layout":"","ast-site-content-layout":"default","site-content-style":"default","site-sidebar-style":"default","ast-global-header-display":"","ast-banner-title-visibility":"","ast-main-header-display":"","ast-hfb-above-header-display":"","ast-hfb-below-header-display":"","ast-hfb-mobile-header-display":"","site-post-title":"","ast-breadcrumbs-content":"","ast-featured-img":"","footer-sml-layout":"","ast-disable-related-posts":"","theme-transparent-header-meta":"default","adv-header-id-meta":"","stick-header-meta":"","header-above-stick-meta":"","header-main-stick-meta":"","header-below-stick-meta":"","astra-migrate-meta-layouts":"set","ast-page-background-enabled":"default","ast-page-background-meta":{"desktop":{"background-color":"","background-image":"","background-repeat":"repeat","background-position":"center center","background-size":"auto","background-attachment":"scroll","background-type":"","background-media":"","overlay-type":"","overlay-color":"","overlay-opacity":"","overlay-gradient":""},"tablet":{"background-color":"","background-image":"","background-repeat":"repeat","background-position":"center center","background-size":"auto","background-attachment":"scroll","background-type":"","background-media":"","overlay-type":"","overlay-color":"","overlay-opacity":"","overlay-gradient":""},"mobile":{"background-color":"","background-image":"","background-repeat":"repeat","background-position":"center center","background-size":"auto","background-attachment":"scroll","background-type":"","background-media":"","overlay-type":"","overlay-color":"","overlay-opacity":"","overlay-gradient":""}},"ast-content-background-meta":{"desktop":{"background-color":"var(--ast-global-color-5)","background-image":"","background-repeat":"repeat","background-position":"center center","background-size":"auto","background-attachment":"scroll","background-type":"","background-media":"","overlay-type":"","overlay-color":"","overlay-opacity":"","overlay-gradient":""},"tablet":{"background-color":"var(--ast-global-color-5)","background-image":"","background-repeat":"repeat","background-position":"center center","background-size":"auto","background-attachment":"scroll","background-type":"","background-media":"","overlay-type":"","overlay-color":"","overlay-opacity":"","overlay-gradient":""},"mobile":{"background-color":"var(--ast-global-color-5)","background-image":"","background-repeat":"repeat","background-position":"center center","background-size":"auto","background-attachment":"scroll","background-type":"","background-media":"","overlay-type":"","overlay-color":"","overlay-opacity":"","overlay-gradient":""}}},"product_brand":[],"product_cat":[55,17],"product_tag":[69],"class_list":{"0":"post-1718","1":"product","2":"type-product","3":"status-publish","4":"has-post-thumbnail","6":"product_cat-passport-renewals","7":"product_cat-globaldocs","8":"product_tag-passport-renewal","9":"desktop-align-left","10":"tablet-align-left","11":"mobile-align-left","13":"first","14":"instock","15":"shipping-taxable","16":"purchasable","17":"product-type-simple"},"_links":{"self":[{"href":"https:\/\/globaldocs.store\/pt\/wp-json\/wp\/v2\/product\/1718","targetHints":{"allow":["GET"]}}],"collection":[{"href":"https:\/\/globaldocs.store\/pt\/wp-json\/wp\/v2\/product"}],"about":[{"href":"https:\/\/globaldocs.store\/pt\/wp-json\/wp\/v2\/types\/product"}],"replies":[{"embeddable":true,"href":"https:\/\/globaldocs.store\/pt\/wp-json\/wp\/v2\/comments?post=1718"}],"version-history":[{"count":1,"href":"https:\/\/globaldocs.store\/pt\/wp-json\/wp\/v2\/product\/1718\/revisions"}],"predecessor-version":[{"id":1720,"href":"https:\/\/globaldocs.store\/pt\/wp-json\/wp\/v2\/product\/1718\/revisions\/1720"}],"wp:featuredmedia":[{"embeddable":true,"href":"https:\/\/globaldocs.store\/pt\/wp-json\/wp\/v2\/media\/1719"}],"wp:attachment":[{"href":"https:\/\/globaldocs.store\/pt\/wp-json\/wp\/v2\/media?parent=1718"}],"wp:term":[{"taxonomy":"product_brand","embeddable":true,"href":"https:\/\/globaldocs.store\/pt\/wp-json\/wp\/v2\/product_brand?post=1718"},{"taxonomy":"product_cat","embeddable":true,"href":"https:\/\/globaldocs.store\/pt\/wp-json\/wp\/v2\/product_cat?post=1718"},{"taxonomy":"product_tag","embeddable":true,"href":"https:\/\/globaldocs.store\/pt\/wp-json\/wp\/v2\/product_tag?post=1718"}],"curies":[{"name":"wp","href":"https:\/\/api.w.org\/{rel}","templated":true}]}}