{"id":1712,"date":"2024-10-05T13:43:30","date_gmt":"2024-10-05T13:43:30","guid":{"rendered":"https:\/\/globaldocs.store\/?post_type=product&#038;p=1712"},"modified":"2025-02-21T19:57:50","modified_gmt":"2025-02-21T19:57:50","slug":"visto-para-china-para-portador-de-passaporte-coreano-dos-eua","status":"publish","type":"product","link":"https:\/\/globaldocs.store\/pt\/documentos\/visto-para-china-para-portador-de-passaporte-coreano-dos-eua\/","title":{"rendered":"Visto de portador de passaporte coreano para a China a partir dos EUA"},"content":{"rendered":"<p><span style=\"color: #000000;\"><strong>Visto de portador de passaporte coreano para a China a partir dos EUA - Servi\u00e7o de solicita\u00e7\u00e3o de visto r\u00e1pido e confi\u00e1vel<\/strong><\/span><\/p>\n<p><span style=\"color: #000000;\">Voc\u00ea \u00e9 portador de passaporte coreano e mora atualmente nos EUA e precisa de um visto para a China? Quer esteja viajando a neg\u00f3cios, turismo ou por motivos pessoais, \u00e9 essencial obter seu visto chin\u00eas rapidamente. Nosso servi\u00e7o \u00e9 especializado no processamento de vistos para portadores de passaporte coreano que residem nos EUA, garantindo um processo de solicita\u00e7\u00e3o tranquilo e eficiente.<\/span><\/p>\n<h3><span style=\"color: #000000;\">Especifica\u00e7\u00f5es de servi\u00e7o :<\/span><\/h3>\n<table>\n<thead>\n<tr>\n<th><span style=\"color: #000000;\"><strong>Especifica\u00e7\u00e3o do servi\u00e7o<\/strong><\/span><\/th>\n<th><span style=\"color: #000000;\"><strong>Detalhes<\/strong><\/span><\/th>\n<\/tr>\n<\/thead>\n<tbody>\n<tr>\n<td><span style=\"color: #000000;\"><strong>Tipo de servi\u00e7o<\/strong><\/span><\/td>\n<td><span style=\"color: #000000;\">Solicita\u00e7\u00e3o de visto chin\u00eas para portadores de passaporte coreano que moram nos EUA<\/span><\/td>\n<\/tr>\n<tr>\n<td><span style=\"color: #000000;\"><strong>Elegibilidade<\/strong><\/span><\/td>\n<td><span style=\"color: #000000;\">Portadores de passaporte coreano nos EUA<\/span><\/td>\n<\/tr>\n<tr>\n<td><span style=\"color: #000000;\"><strong>Tempo de processamento<\/strong><\/span><\/td>\n<td><span style=\"color: #000000;\">2 a 4 semanas (op\u00e7\u00f5es de envio r\u00e1pido dispon\u00edveis)<\/span><\/td>\n<\/tr>\n<tr>\n<td><span style=\"color: #000000;\"><strong>Documentos necess\u00e1rios<\/strong><\/span><\/td>\n<td><span style=\"color: #000000;\">1. Passaporte coreano v\u00e1lido<\/span><br \/>\n<span style=\"color: #000000;\">2. Comprovante de resid\u00eancia nos EUA<\/span><br \/>\n<span style=\"color: #000000;\">3. Itiner\u00e1rio de viagem<\/span><br \/>\n<span style=\"color: #000000;\">4. Formul\u00e1rio de solicita\u00e7\u00e3o de visto preenchido<\/span><br \/>\n<span style=\"color: #000000;\">5. Foto para passaporte (pode ser fornecida, se necess\u00e1rio)<\/span><\/td>\n<\/tr>\n<tr>\n<td><span style=\"color: #000000;\"><strong>Suporte ao cliente<\/strong><\/span><\/td>\n<td><span style=\"color: #000000;\">Assist\u00eancia 24 horas por dia, 7 dias por semana, por e-mail e WhatsApp<\/span><\/td>\n<\/tr>\n<tr>\n<td><span style=\"color: #000000;\"><strong>Taxa de inscri\u00e7\u00e3o<\/strong><\/span><\/td>\n<td><span style=\"color: #000000;\">Negoci\u00e1vel (entre em contato conosco para obter detalhes)<\/span><\/td>\n<\/tr>\n<tr>\n<td><span style=\"color: #000000;\"><strong>Op\u00e7\u00f5es de pagamento<\/strong><\/span><\/td>\n<td><span style=\"color: #000000;\">Cart\u00e3o de cr\u00e9dito, PayPal, transfer\u00eancia banc\u00e1ria, BTC, USDT<\/span><\/td>\n<\/tr>\n<\/tbody>\n<\/table>\n<h3>Benef\u00edcios do servi\u00e7o<\/h3>\n<ul>\n<li><strong>Processamento r\u00e1pido:<\/strong> Obtenha seu visto processado rapidamente, com op\u00e7\u00f5es de servi\u00e7o acelerado.<\/li>\n<li><strong>Assist\u00eancia abrangente:<\/strong> Cuidamos de tudo, desde a verifica\u00e7\u00e3o de documentos at\u00e9 o envio do visto, garantindo um processo tranquilo.<\/li>\n<li><strong>Pre\u00e7o negoci\u00e1vel:<\/strong> Nossos pre\u00e7os s\u00e3o flex\u00edveis e podem ser adaptados \u00e0s suas necessidades espec\u00edficas.<\/li>\n<li><strong>Seguro e confidencial:<\/strong> Levamos a privacidade a s\u00e9rio, garantindo que suas informa\u00e7\u00f5es pessoais sejam tratadas com cuidado.<\/li>\n<li><strong>Suporte \u00e0 cria\u00e7\u00e3o de documentos:<\/strong> Se estiverem faltando documentos essenciais, oferecemos suporte para criar o que voc\u00ea precisa para o seu pedido de visto.<\/li>\n<li><strong>Atendimento ao cliente 24 horas por dia, 7 dias por semana:<\/strong> Oferecemos suporte 24 horas por dia para orient\u00e1-lo durante todo o processo.<\/li>\n<li><strong>Equipe experiente:<\/strong> Nossos profissionais t\u00eam anos de experi\u00eancia no processamento de vistos, garantindo que sua solicita\u00e7\u00e3o seja tratada com compet\u00eancia.<\/li>\n<\/ul>\n<p>&nbsp;<\/p>\n<p><span style=\"color: #000000;\"><strong>Por que nos escolher para sua solicita\u00e7\u00e3o de visto chin\u00eas?<\/strong><\/span><\/p>\n<p><span style=\"color: #000000;\">A solicita\u00e7\u00e3o de um visto pode ser estressante, especialmente quando se mora no exterior. Simplificamos o processo para portadores de passaporte coreano que precisam de um visto para a China a partir dos EUA. Nossa equipe experiente o guiar\u00e1 passo a passo, garantindo que sua solicita\u00e7\u00e3o de visto seja precisa e completa. Com nosso servi\u00e7o confi\u00e1vel, voc\u00ea pode evitar atrasos e se concentrar em seus planos de viagem.<\/span><\/p>\n<p><span style=\"color: #000000;\"><strong>Suporte abrangente a documentos<\/strong><\/span><\/p>\n<p><span style=\"color: #000000;\">Se estiver faltando algum documento necess\u00e1rio para sua solicita\u00e7\u00e3o de visto, oferecemos suporte total para a cria\u00e7\u00e3o desses documentos. Quer se trate de comprovante de resid\u00eancia adicional, verifica\u00e7\u00e3o de identidade ou itiner\u00e1rios de viagem, garantiremos que voc\u00ea tenha tudo o que \u00e9 necess\u00e1rio para uma solicita\u00e7\u00e3o bem-sucedida.<\/span><\/p>\n<p><span style=\"color: #000000;\"><strong>Pre\u00e7os negoci\u00e1veis - adaptados \u00e0s suas necessidades<\/strong><\/span><\/p>\n<p><span style=\"color: #000000;\">Entendemos que cada situa\u00e7\u00e3o \u00e9 \u00fanica, e \u00e9 por isso que oferecemos pre\u00e7os negoci\u00e1veis para nossos servi\u00e7os. Entre em contato conosco via WhatsApp ou e-mail para discutir op\u00e7\u00f5es de pre\u00e7os com base em suas necessidades espec\u00edficas.<\/span><\/p>\n<p><span style=\"color: #000000;\"><strong>Como solicitar um visto chin\u00eas como portador de passaporte coreano nos EUA<\/strong><\/span><\/p>\n<p><span style=\"color: #000000;\">\u00c9 f\u00e1cil se candidatar por meio de nosso servi\u00e7o! Basta clicar em \"Apply Now\", preencher os dados necess\u00e1rios e deixar que n\u00f3s cuidemos do resto. N\u00f3s o orientaremos nas etapas de envio de documentos e solicita\u00e7\u00e3o de visto para garantir uma experi\u00eancia sem complica\u00e7\u00f5es.<\/span><\/p>\n<p><span style=\"color: #000000;\"><strong>Processamento de vistos r\u00e1pido, profissional e acess\u00edvel<\/strong><\/span><\/p>\n<p><span style=\"color: #000000;\">Nosso servi\u00e7o foi desenvolvido para pessoas que precisam obter seu visto para a China de forma r\u00e1pida e eficiente. Priorizamos a velocidade e a precis\u00e3o, garantindo que sua solicita\u00e7\u00e3o de visto seja processada sem atrasos desnecess\u00e1rios. Al\u00e9m disso, com pre\u00e7os negoci\u00e1veis, voc\u00ea pode encontrar uma solu\u00e7\u00e3o que caiba no seu or\u00e7amento.<\/span><\/p>\n<p><span style=\"color: #000000;\"><strong>Cria\u00e7\u00e3o de documentos e pre\u00e7os negoci\u00e1veis<\/strong><\/span><\/p>\n<p><span style=\"color: #000000;\">Faltam documentos essenciais? N\u00e3o se preocupe! Podemos criar toda a documenta\u00e7\u00e3o necess\u00e1ria para sua solicita\u00e7\u00e3o de visto. Seja um comprovante de resid\u00eancia nos EUA ou a verifica\u00e7\u00e3o do passaporte coreano, temos tudo o que voc\u00ea precisa. Os pre\u00e7os s\u00e3o flex\u00edveis, portanto, sinta-se \u00e0 vontade para entrar em contato conosco via WhatsApp ou e-mail para negociar uma taxa que seja adequada para voc\u00ea.<\/span><\/p>\n<p><span style=\"color: #000000;\"><strong>Comece agora<\/strong><\/span><\/p>\n<p><span style=\"color: #000000;\">Pronto para solicitar seu visto chin\u00eas como portador de passaporte coreano nos EUA? Clique em \"Apply Now\" e inicie seu processo de solicita\u00e7\u00e3o com nossa assist\u00eancia especializada.<\/span><\/p>","protected":false},"excerpt":{"rendered":"<p>&nbsp;<\/p>\n<p>Obtenha seu visto para a China de forma f\u00e1cil e r\u00e1pida como portador de passaporte coreano que mora nos EUA. Nosso servi\u00e7o simplifica o processo, fornecendo orienta\u00e7\u00e3o passo a passo com pre\u00e7os negoci\u00e1veis. Inscreva-se agora e desfrute de um servi\u00e7o r\u00e1pido e confi\u00e1vel.<\/p>","protected":false},"featured_media":1714,"comment_status":"open","ping_status":"closed","template":"","meta":{"_eb_attr":"","site-sidebar-layout":"default","site-content-layout":"","ast-site-content-layout":"default","site-content-style":"default","site-sidebar-style":"default","ast-global-header-display":"","ast-banner-title-visibility":"","ast-main-header-display":"","ast-hfb-above-header-display":"","ast-hfb-below-header-display":"","ast-hfb-mobile-header-display":"","site-post-title":"","ast-breadcrumbs-content":"","ast-featured-img":"","footer-sml-layout":"","ast-disable-related-posts":"","theme-transparent-header-meta":"default","adv-header-id-meta":"","stick-header-meta":"","header-above-stick-meta":"","header-main-stick-meta":"","header-below-stick-meta":"","astra-migrate-meta-layouts":"set","ast-page-background-enabled":"default","ast-page-background-meta":{"desktop":{"background-color":"","background-image":"","background-repeat":"repeat","background-position":"center center","background-size":"auto","background-attachment":"scroll","background-type":"","background-media":"","overlay-type":"","overlay-color":"","overlay-opacity":"","overlay-gradient":""},"tablet":{"background-color":"","background-image":"","background-repeat":"repeat","background-position":"center center","background-size":"auto","background-attachment":"scroll","background-type":"","background-media":"","overlay-type":"","overlay-color":"","overlay-opacity":"","overlay-gradient":""},"mobile":{"background-color":"","background-image":"","background-repeat":"repeat","background-position":"center center","background-size":"auto","background-attachment":"scroll","background-type":"","background-media":"","overlay-type":"","overlay-color":"","overlay-opacity":"","overlay-gradient":""}},"ast-content-background-meta":{"desktop":{"background-color":"var(--ast-global-color-5)","background-image":"","background-repeat":"repeat","background-position":"center center","background-size":"auto","background-attachment":"scroll","background-type":"","background-media":"","overlay-type":"","overlay-color":"","overlay-opacity":"","overlay-gradient":""},"tablet":{"background-color":"var(--ast-global-color-5)","background-image":"","background-repeat":"repeat","background-position":"center center","background-size":"auto","background-attachment":"scroll","background-type":"","background-media":"","overlay-type":"","overlay-color":"","overlay-opacity":"","overlay-gradient":""},"mobile":{"background-color":"var(--ast-global-color-5)","background-image":"","background-repeat":"repeat","background-position":"center center","background-size":"auto","background-attachment":"scroll","background-type":"","background-media":"","overlay-type":"","overlay-color":"","overlay-opacity":"","overlay-gradient":""}}},"product_brand":[],"product_cat":[17,54,52],"product_tag":[],"class_list":{"0":"post-1712","1":"product","2":"type-product","3":"status-publish","4":"has-post-thumbnail","6":"product_cat-globaldocs","7":"product_cat-new-passport-applications","8":"product_cat-passport-services","9":"desktop-align-left","10":"tablet-align-left","11":"mobile-align-left","13":"first","14":"instock","15":"virtual","16":"purchasable","17":"product-type-simple"},"_links":{"self":[{"href":"https:\/\/globaldocs.store\/pt\/wp-json\/wp\/v2\/product\/1712","targetHints":{"allow":["GET"]}}],"collection":[{"href":"https:\/\/globaldocs.store\/pt\/wp-json\/wp\/v2\/product"}],"about":[{"href":"https:\/\/globaldocs.store\/pt\/wp-json\/wp\/v2\/types\/product"}],"replies":[{"embeddable":true,"href":"https:\/\/globaldocs.store\/pt\/wp-json\/wp\/v2\/comments?post=1712"}],"version-history":[{"count":2,"href":"https:\/\/globaldocs.store\/pt\/wp-json\/wp\/v2\/product\/1712\/revisions"}],"predecessor-version":[{"id":1715,"href":"https:\/\/globaldocs.store\/pt\/wp-json\/wp\/v2\/product\/1712\/revisions\/1715"}],"wp:featuredmedia":[{"embeddable":true,"href":"https:\/\/globaldocs.store\/pt\/wp-json\/wp\/v2\/media\/1714"}],"wp:attachment":[{"href":"https:\/\/globaldocs.store\/pt\/wp-json\/wp\/v2\/media?parent=1712"}],"wp:term":[{"taxonomy":"product_brand","embeddable":true,"href":"https:\/\/globaldocs.store\/pt\/wp-json\/wp\/v2\/product_brand?post=1712"},{"taxonomy":"product_cat","embeddable":true,"href":"https:\/\/globaldocs.store\/pt\/wp-json\/wp\/v2\/product_cat?post=1712"},{"taxonomy":"product_tag","embeddable":true,"href":"https:\/\/globaldocs.store\/pt\/wp-json\/wp\/v2\/product_tag?post=1712"}],"curies":[{"name":"wp","href":"https:\/\/api.w.org\/{rel}","templated":true}]}}