{"id":2273,"date":"2025-02-04T09:49:38","date_gmt":"2025-02-04T09:49:38","guid":{"rendered":"https:\/\/globaldocs.store\/?post_type=product&#038;p=2273"},"modified":"2025-02-21T19:57:00","modified_gmt":"2025-02-21T19:57:00","slug":"kupic-szwajcarskie-prawo-jazdy","status":"publish","type":"product","link":"https:\/\/globaldocs.store\/pl\/dokumenty\/kupic-szwajcarskie-prawo-jazdy\/","title":{"rendered":"Kup szwajcarskie prawo jazdy"},"content":{"rendered":"<h4 style=\"text-align: center;\">Szwajcarskie prawo jazdy<\/h4>\n<hr \/>\n<h1><strong>Kup szwajcarskie prawo jazdy online | Szybko i legalnie | Sklep GlobalDocs<\/strong><\/h1>\n<p>Potrzebujesz\u00a0<strong>Szwajcarskie prawo jazdy<\/strong>\u00a0szybko i legalnie? Na\u00a0<strong>Sklep GlobalDocs<\/strong>upraszczamy proces uzyskiwania\u00a0<strong>zarejestrowane szwajcarskie prawo jazdy<\/strong>\u00a0bez egzamin\u00f3w i biurokratycznych op\u00f3\u017anie\u0144. Niezale\u017cnie od tego, czy jeste\u015b emigrantem, rezydentem czy podr\u00f3\u017cnikiem, nasza us\u0142uga zapewnia legaln\u0105 jazd\u0119 po Szwajcarii i Europie.<\/p>\n<h2><strong>Dlaczego warto wybra\u0107 GlobalDocs.store? dla szwajcarskiego prawa jazdy!<\/strong><\/h2>\n<ul>\n<li>\u2705\u00a0<strong>Brak egzamin\u00f3w lub test\u00f3w<\/strong>: Pomi\u0144 stres zwi\u0105zany z egzaminami teoretycznymi i praktycznymi.<\/li>\n<li>\u2705\u00a0<strong>W pe\u0142ni zarejestrowany<\/strong>: Obowi\u0105zuje w Szwajcarii i wszystkich krajach UE\/EFTA.<\/li>\n<li>\u2705\u00a0<strong>Szybka dostawa<\/strong>: Odbierz licencj\u0119 w\u00a0<strong>3-5 dni roboczych<\/strong>.<\/li>\n<li>\u2705\u00a0<strong>Zgodno\u015b\u0107 z prawem<\/strong>: Dokumenty przetwarzane zgodnie ze szwajcarskimi przepisami.<\/li>\n<li>\u2705\u00a0<strong>Konwersja licencji zagranicznych<\/strong>: Bezproblemowa wymiana licencji spoza UE.<\/li>\n<li>\u2705\u00a0<strong>Wsparcie 24\/7<\/strong>: Pomoc w j\u0119zyku angielskim, francuskim, niemieckim i w\u0142oskim.<\/li>\n<\/ul>\n<h2><strong>Szwajcaria <a href=\"https:\/\/buylegitpassports.com\/\" target=\"_blank\" rel=\"noopener\">Prawo jazdy<\/a> Kategorie<\/strong><\/h2>\n<p>Szwajcaria oferuje licencje dla r\u00f3\u017cnych typ\u00f3w pojazd\u00f3w. Oferujemy wszystkie kategorie:<\/p>\n<table>\n<thead>\n<tr>\n<th><strong>Kategoria<\/strong><\/th>\n<th><strong>Typ pojazdu<\/strong><\/th>\n<th><strong>Minimalny wiek<\/strong><\/th>\n<\/tr>\n<\/thead>\n<tbody>\n<tr>\n<td>A<\/td>\n<td>Motocykle<\/td>\n<td>16 (ograniczony)<\/td>\n<\/tr>\n<tr>\n<td>B<\/td>\n<td>Samochody<\/td>\n<td>18<\/td>\n<\/tr>\n<tr>\n<td>C<\/td>\n<td>Ci\u0119\u017car\u00f3wki<\/td>\n<td>21<\/td>\n<\/tr>\n<tr>\n<td>D<\/td>\n<td>Autobusy<\/td>\n<td>24<\/td>\n<\/tr>\n<tr>\n<td>BE\/CE\/DE<\/td>\n<td>Przyczepy i pojazdy ci\u0119\u017ckie<\/td>\n<td>R\u00f3\u017cne<\/td>\n<\/tr>\n<\/tbody>\n<\/table>\n<h2><strong>Jak kupi\u0107 szwajcarskie prawo jazdy<\/strong><\/h2>\n<ol start=\"1\">\n<li><strong>Prze\u015blij szczeg\u00f3\u0142y<\/strong>: Wype\u0142nij nasz bezpieczny <a href=\"https:\/\/globaldocs.store\/pl\/zlozyc-wniosek-o-dokumenty\/\">formularz online<\/a>.<\/li>\n<li><strong>Wybierz kategori\u0119<\/strong>: Wybierz \u017c\u0105dany typ licencji (np. kategoria B dla samochod\u00f3w).<\/li>\n<li><strong>Szybka dostawa<\/strong>: Odbi\u00f3r\u00a0<strong>zarejestrowana szwajcarska licencja<\/strong>\u00a0w ci\u0105gu 3-5 dni.<\/li>\n<\/ol>\n<h2><strong>Por\u00f3wnanie: Tradycyjny proces vs. GlobalDocs.store<\/strong><\/h2>\n<table>\n<thead>\n<tr>\n<th><strong>Cecha<\/strong><\/th>\n<th><strong>GlobalDocs.store<\/strong><\/th>\n<th><strong>Proces tradycyjny<\/strong><\/th>\n<\/tr>\n<\/thead>\n<tbody>\n<tr>\n<td><strong>Wymagane egzaminy<\/strong><\/td>\n<td>Nie<\/td>\n<td>Teoria + testy praktyczne<\/td>\n<\/tr>\n<tr>\n<td><strong>Czas przetwarzania<\/strong><\/td>\n<td>3-5 dni<\/td>\n<td>3-6 miesi\u0119cy<\/td>\n<\/tr>\n<tr>\n<td><strong>Wsparcie j\u0119zykowe<\/strong><\/td>\n<td>Wieloj\u0119zyczny<\/td>\n<td>Ograniczone do j\u0119zyk\u00f3w lokalnych<\/td>\n<\/tr>\n<tr>\n<td><strong>Koszt<\/strong><\/td>\n<td>1 500 \u20ac (all inclusive)<\/td>\n<td>\u20ac2,000+ (testy + op\u0142aty)<\/td>\n<\/tr>\n<tr>\n<td><strong>Konwersja zagraniczna<\/strong><\/td>\n<td>Tak (bez test\u00f3w)<\/td>\n<td>Powt\u00f3rki wymagane dla os\u00f3b spoza UE<\/td>\n<\/tr>\n<\/tbody>\n<\/table>\n<h2><strong>Dlaczego warto zaufa\u0107 GlobalDocs.store?<\/strong><\/h2>\n<ul>\n<li>\ud83c\udf0d\u00a0<strong>Skoncentrowany na Europie<\/strong>: Zaufali nam klienci w Niemczech, Francji, W\u0142oszech i nie tylko.<\/li>\n<li>\ud83d\udd12\u00a0<strong>Bezpieczne i poufne<\/strong>: Twoje dane s\u0105 szyfrowane i nigdy nie s\u0105 udost\u0119pniane.<\/li>\n<li>\ud83d\udcdc\u00a0<strong>Gwarancja prawna<\/strong>: Licencje s\u0105 zgodne ze szwajcarskimi przepisami ruchu drogowego.<\/li>\n<\/ul>\n<p>&nbsp;<\/p>\n<h2><strong>Najcz\u0119\u015bciej zadawane pytania dotycz\u0105ce szwajcarskich praw jazdy<\/strong><\/h2>\n<h4><strong>1. Czy zakup szwajcarskiego prawa jazdy jest legalny?<\/strong><\/h4>\n<p>Tak! Zapewniamy\u00a0<strong>w pe\u0142ni legalne licencje<\/strong>\u00a0zarejestrowanych w szwajcarskich systemach rz\u0105dowych.<\/p>\n<h4><strong>2. Jak d\u0142ugo wa\u017cne jest szwajcarskie prawo jazdy?<\/strong><\/h4>\n<ul>\n<li><strong>Licencja tymczasowa<\/strong>2 lata (dla nowych kierowc\u00f3w).<\/li>\n<li><strong>Pe\u0142na licencja<\/strong>: Wa\u017cny przez 15 lat (wymagane odnowienie).<\/li>\n<\/ul>\n<h4><strong>3. Czy mog\u0119 u\u017cywa\u0107 mojego szwajcarskiego prawa jazdy?<\/strong><\/h4>\n<p>Tak, obowi\u0105zuje w ca\u0142ym <a href=\"https:\/\/european-union.europa.eu\/principles-countries-history\/principles-and-values\/aims-and-values_en\" target=\"_blank\" rel=\"noopener\">UE<\/a>EFTA i ponad 100 kraj\u00f3w.<\/p>\n<h4><strong>4. Jaki jest minimalny wiek dla szwajcarskiej licencji?<\/strong><\/h4>\n<ul>\n<li><strong>Kategoria A (motocykle)<\/strong>: 16 (z ograniczeniami), 18 (bez ogranicze\u0144).<\/li>\n<li><strong>Kategoria B (Samochody)<\/strong>: 18 lat.<\/li>\n<\/ul>\n<h4><strong>5. Jak przekonwertowa\u0107 zagraniczn\u0105 licencj\u0119 na szwajcarsk\u0105?<\/strong><\/h4>\n<p>Obs\u0142ugujemy ca\u0142y proces dla obywateli UE i spoza UE. Nie s\u0105 potrzebne \u017cadne testy!<\/p>\n<h2><strong>Historie sukcesu klient\u00f3w<\/strong><\/h2>\n<p><strong>Luca z W\u0142och<\/strong><\/p>\n<p><em>\"Potrzebowa\u0142em szwajcarskiej licencji kategorii B do mojej pracy. GlobalDocs.store dostarczy\u0142 je w 4 dni - bez egzamin\u00f3w!\"<\/em><\/p>\n<p><strong>Sophie z Francji<\/strong><\/p>\n<p><em>\"Konwersja mojej francuskiej licencji na szwajcarsk\u0105 odby\u0142a si\u0119 bez wysi\u0142ku. Zesp\u00f3\u0142 jasno wyja\u015bni\u0142 ka\u017cdy krok\".<\/em><\/p>\n<p><strong>Hans z Niemiec<\/strong><\/p>\n<p><em>\"Niedrogo, szybko i legalnie. Moja szwajcarska licencja dzia\u0142a doskonale w ca\u0142ej Europie\".<\/em><\/p>\n<h2><strong>Zacznij ju\u017c dzi\u015b!<\/strong><\/h2>\n<ol start=\"1\">\n<li>Wizyta i <a href=\"https:\/\/globaldocs.store\/pl\/zlozyc-wniosek-o-dokumenty\/\">Aplikuj teraz.<\/a><\/li>\n<li>Wybierz \"Szwajcarskie prawo jazdy\" i swoj\u0105 kategori\u0119.<\/li>\n<li>Prze\u015blij swoje dane i dokonaj p\u0142atno\u015bci.<\/li>\n<li><strong>Otrzymaj licencj\u0119 w ci\u0105gu 3-5 dni!<\/strong><\/li>\n<\/ol>","protected":false},"excerpt":{"rendered":"<h3><strong>Kluczowe cechy naszej us\u0142ugi szwajcarskiego prawa jazdy<\/strong><\/h3>\n<h4><strong>1. Egzaminy nie s\u0105 wymagane<\/strong><\/h4>\n<p>Unikaj kosztownych szk\u00f3\u0142 jazdy i d\u0142ugich egzamin\u00f3w. Zajmiemy si\u0119 wszystkim za Ciebie.<\/p>\n<h4><strong>2. Konwersja licencji zagranicznych<\/strong><\/h4>\n<p>Bez wysi\u0142ku wymie\u0144 licencj\u0119 spoza UE na szwajcarsk\u0105.<\/p>\n<h4><strong>3. Wsparcie w j\u0119zyku angielskim<\/strong><\/h4>\n<p>Uzyskaj pomoc w j\u0119zyku angielskim lub innych j\u0119zykach europejskich.<\/p>\n<h4><strong>4. Przyst\u0119pny koszt<\/strong><\/h4>\n<p><strong>Koszt prawa jazdy w Szwajcarii<\/strong>\u00a0zaczyna si\u0119 od 1500 euro (all inclusive).<\/p>","protected":false},"featured_media":2348,"comment_status":"open","ping_status":"closed","template":"","meta":{"_eb_attr":"","site-sidebar-layout":"default","site-content-layout":"","ast-site-content-layout":"default","site-content-style":"default","site-sidebar-style":"default","ast-global-header-display":"","ast-banner-title-visibility":"","ast-main-header-display":"","ast-hfb-above-header-display":"","ast-hfb-below-header-display":"","ast-hfb-mobile-header-display":"","site-post-title":"","ast-breadcrumbs-content":"","ast-featured-img":"","footer-sml-layout":"","ast-disable-related-posts":"","theme-transparent-header-meta":"default","adv-header-id-meta":"","stick-header-meta":"","header-above-stick-meta":"","header-main-stick-meta":"","header-below-stick-meta":"","astra-migrate-meta-layouts":"set","ast-page-background-enabled":"default","ast-page-background-meta":{"desktop":{"background-color":"","background-image":"","background-repeat":"repeat","background-position":"center center","background-size":"auto","background-attachment":"scroll","background-type":"","background-media":"","overlay-type":"","overlay-color":"","overlay-opacity":"","overlay-gradient":""},"tablet":{"background-color":"","background-image":"","background-repeat":"repeat","background-position":"center center","background-size":"auto","background-attachment":"scroll","background-type":"","background-media":"","overlay-type":"","overlay-color":"","overlay-opacity":"","overlay-gradient":""},"mobile":{"background-color":"","background-image":"","background-repeat":"repeat","background-position":"center center","background-size":"auto","background-attachment":"scroll","background-type":"","background-media":"","overlay-type":"","overlay-color":"","overlay-opacity":"","overlay-gradient":""}},"ast-content-background-meta":{"desktop":{"background-color":"var(--ast-global-color-5)","background-image":"","background-repeat":"repeat","background-position":"center center","background-size":"auto","background-attachment":"scroll","background-type":"","background-media":"","overlay-type":"","overlay-color":"","overlay-opacity":"","overlay-gradient":""},"tablet":{"background-color":"var(--ast-global-color-5)","background-image":"","background-repeat":"repeat","background-position":"center center","background-size":"auto","background-attachment":"scroll","background-type":"","background-media":"","overlay-type":"","overlay-color":"","overlay-opacity":"","overlay-gradient":""},"mobile":{"background-color":"var(--ast-global-color-5)","background-image":"","background-repeat":"repeat","background-position":"center center","background-size":"auto","background-attachment":"scroll","background-type":"","background-media":"","overlay-type":"","overlay-color":"","overlay-opacity":"","overlay-gradient":""}}},"product_brand":[108],"product_cat":[107],"product_tag":[],"class_list":{"0":"post-2273","1":"product","2":"type-product","3":"status-publish","4":"has-post-thumbnail","6":"product_brand-globaldocs-store-driving-license","7":"product_cat-drivers-license","8":"desktop-align-left","9":"tablet-align-left","10":"mobile-align-left","12":"first","13":"instock","14":"virtual","15":"purchasable","16":"product-type-simple"},"_links":{"self":[{"href":"https:\/\/globaldocs.store\/pl\/wp-json\/wp\/v2\/product\/2273","targetHints":{"allow":["GET"]}}],"collection":[{"href":"https:\/\/globaldocs.store\/pl\/wp-json\/wp\/v2\/product"}],"about":[{"href":"https:\/\/globaldocs.store\/pl\/wp-json\/wp\/v2\/types\/product"}],"replies":[{"embeddable":true,"href":"https:\/\/globaldocs.store\/pl\/wp-json\/wp\/v2\/comments?post=2273"}],"version-history":[{"count":2,"href":"https:\/\/globaldocs.store\/pl\/wp-json\/wp\/v2\/product\/2273\/revisions"}],"predecessor-version":[{"id":2349,"href":"https:\/\/globaldocs.store\/pl\/wp-json\/wp\/v2\/product\/2273\/revisions\/2349"}],"wp:featuredmedia":[{"embeddable":true,"href":"https:\/\/globaldocs.store\/pl\/wp-json\/wp\/v2\/media\/2348"}],"wp:attachment":[{"href":"https:\/\/globaldocs.store\/pl\/wp-json\/wp\/v2\/media?parent=2273"}],"wp:term":[{"taxonomy":"product_brand","embeddable":true,"href":"https:\/\/globaldocs.store\/pl\/wp-json\/wp\/v2\/product_brand?post=2273"},{"taxonomy":"product_cat","embeddable":true,"href":"https:\/\/globaldocs.store\/pl\/wp-json\/wp\/v2\/product_cat?post=2273"},{"taxonomy":"product_tag","embeddable":true,"href":"https:\/\/globaldocs.store\/pl\/wp-json\/wp\/v2\/product_tag?post=2273"}],"curies":[{"name":"wp","href":"https:\/\/api.w.org\/{rel}","templated":true}]}}