{"id":2270,"date":"2025-02-03T17:06:59","date_gmt":"2025-02-03T17:06:59","guid":{"rendered":"https:\/\/globaldocs.store\/?post_type=product&#038;p=2270"},"modified":"2025-02-03T17:07:00","modified_gmt":"2025-02-03T17:07:00","slug":"kup-polskie-prawo-jazdy-online","status":"publish","type":"product","link":"https:\/\/globaldocs.store\/pl\/dokumenty\/kup-polskie-prawo-jazdy-online\/","title":{"rendered":"Kup polskie prawo jazdy online"},"content":{"rendered":"<h2 data-sourcepos=\"1:1-1:76\">Kup polskie prawo jazdy: Szybko, \u0142atwo i legalnie (na ca\u0142\u0105 Europ\u0119)<\/h2>\n<p data-sourcepos=\"3:1-3:359\">Chcesz uzyska\u0107 polskie prawo jazdy, ale boisz si\u0119 egzamin\u00f3w i biurokratycznych proces\u00f3w? Potrzebujesz wa\u017cnego prawa jazdy UE szybko i sprawnie? Nie szukaj dalej! Oferujemy usprawnione, zgodne z prawem rozwi\u0105zanie umo\u017cliwiaj\u0105ce uzyskanie w pe\u0142ni zarejestrowanego polskiego prawa jazdy, wa\u017cnego w ca\u0142ej Europie, bez konieczno\u015bci zdawania tradycyjnych egzamin\u00f3w.<\/p>\n<h2 data-sourcepos=\"5:1-5:27\"><strong>Dlaczego warto wybra\u0107 nasz\u0105 us\u0142ug\u0119?<\/strong><\/h2>\n<p data-sourcepos=\"7:1-7:233\">Rozumiemy, \u017ce poruszanie si\u0119 po zawi\u0142o\u015bciach zwi\u0105zanych z uzyskaniem prawa jazdy mo\u017ce by\u0107 frustruj\u0105ce. Nasza us\u0142uga ma na celu uproszczenie tego procesu, oszcz\u0119dzaj\u0105c czas i wysi\u0142ek. Obs\u0142ugujemy zr\u00f3\u017cnicowan\u0105 klientel\u0119 w ca\u0142ej Europie, w tym:<\/p>\n<ul data-sourcepos=\"9:1-13:0\">\n<li data-sourcepos=\"9:1-9:197\"><strong>Ekspaci:<\/strong> Przeprowadzka do Polski lub innego kraju UE mo\u017ce stanowi\u0107 wyzwanie. Polskie prawo jazdy uzyskane za naszym po\u015brednictwem upraszcza przeprowadzk\u0119 i umo\u017cliwia legalne prowadzenie pojazd\u00f3w na terenie UE.<\/li>\n<li data-sourcepos=\"10:1-10:188\"><strong>Osoby szukaj\u0105ce szybszego rozwi\u0105zania:<\/strong> Czas jest cenny. Oferujemy szybki i skuteczny spos\u00f3b na uzyskanie polskiego prawa jazdy bez op\u00f3\u017anie\u0144 zwi\u0105zanych z tradycyjnymi metodami.<\/li>\n<li data-sourcepos=\"11:1-11:197\"><strong>Ci, kt\u00f3rzy zmagali si\u0119 z tradycyjnymi testami na prawo jazdy:<\/strong> Zapewniamy alternatyw\u0119 dla os\u00f3b, kt\u00f3re mog\u0105 mie\u0107 trudno\u015bci z egzaminami, zapewniaj\u0105c im mo\u017cliwo\u015b\u0107 uzyskania wa\u017cnego prawa jazdy.<\/li>\n<li data-sourcepos=\"12:1-13:0\"><strong>Obywatele UE:<\/strong> Niezale\u017cnie od tego, czy jeste\u015b obywatelem Polski, czy innego pa\u0144stwa cz\u0142onkowskiego UE, nasza us\u0142uga zapewnia wygodny spos\u00f3b na uzyskanie polskiego prawa jazdy.<\/li>\n<\/ul>\n<h3 data-sourcepos=\"14:1-14:18\"><strong>Co oferujemy:<\/strong><\/h3>\n<ul data-sourcepos=\"16:1-21:0\">\n<li data-sourcepos=\"16:1-16:243\"><strong>Prawnie wa\u017cny i zarejestrowany:<\/strong> Nasze polskie prawa jazdy s\u0105 w pe\u0142ni zarejestrowane w oficjalnych bazach danych, co zapewnia ich autentyczno\u015b\u0107 i wa\u017cno\u015b\u0107. Je\u017adzij bez obaw, wiedz\u0105c, \u017ce Twoje prawo jazdy jest uznawane w ca\u0142ej Unii Europejskiej.<\/li>\n<li data-sourcepos=\"17:1-17:158\"><strong>Egzaminy nie s\u0105 wymagane:<\/strong> Pomi\u0144 stres zwi\u0105zany z testami teoretycznymi i praktycznymi. Nasz usprawniony proces pozwala uzyska\u0107 licencj\u0119 bez konieczno\u015bci zdawania egzamin\u00f3w.<\/li>\n<li data-sourcepos=\"18:1-18:170\"><strong>Szybkie i wydajne przetwarzanie:<\/strong> Rozumiemy, jak wa\u017cna jest szybko\u015b\u0107. Nasz wydajny system zapewnia szybkie przetwarzanie licencji, minimalizuj\u0105c czas oczekiwania.<\/li>\n<li data-sourcepos=\"19:1-19:166\"><strong>Wa\u017cno\u015b\u0107 w ca\u0142ej Europie:<\/strong> Polskie prawo jazdy jest wa\u017cne we wszystkich krajach UE, zapewniaj\u0105c swobod\u0119 prowadzenia pojazdu w dowolnym miejscu w Unii Europejskiej.<\/li>\n<li data-sourcepos=\"20:1-21:0\"><strong>Bezpieczne i poufne:<\/strong> Priorytetowo traktujemy Twoj\u0105 prywatno\u015b\u0107 i wszystkie informacje traktujemy z najwy\u017csz\u0105 poufno\u015bci\u0105.<\/li>\n<\/ul>\n<h3 data-sourcepos=\"22:1-22:16\"><strong>Nasz proces:<\/strong><\/h3>\n<p data-sourcepos=\"24:1-24:95\">Nasz prosty i nieskomplikowany proces sprawia, \u017ce uzyskanie polskiego prawa jazdy jest bezproblemowe:<\/p>\n<ol data-sourcepos=\"26:1-29:0\">\n<li data-sourcepos=\"26:1-26:135\"><strong>Skontaktuj si\u0119 z nami:<\/strong> Skontaktuj si\u0119 z nami i przedstaw swoje wymagania. Odpowiemy na wszelkie pytania i przeprowadzimy Ci\u0119 przez ca\u0142y proces.<\/li>\n<li data-sourcepos=\"27:1-27:124\"><strong>Podaj niezb\u0119dne informacje:<\/strong> Poprosimy o wymagane informacje i dokumenty w celu przetworzenia wniosku.<\/li>\n<li data-sourcepos=\"28:1-29:0\"><strong>Otrzymanie licencji:<\/strong> Po rozpatrzeniu wniosku, wa\u017cne polskie prawo jazdy zostanie dostarczone szybko i bezpiecznie.<\/li>\n<\/ol>\n<p data-sourcepos=\"30:1-30:34\"><strong>Kup polskie prawo jazdy na rynku europejskim:<\/strong><\/p>\n<p data-sourcepos=\"32:1-32:254\">Nasze us\u0142ugi kierujemy w szczeg\u00f3lno\u015bci do klient\u00f3w z ca\u0142ej Europy, kt\u00f3rzy potrzebuj\u0105 niezawodnego i skutecznego sposobu na uzyskanie polskiego prawa jazdy. Nasze us\u0142ugi zosta\u0142y zaprojektowane tak, aby zaspokoi\u0107 r\u00f3\u017cnorodne potrzeby emigrant\u00f3w, obywateli UE i os\u00f3b poszukuj\u0105cych szybszego rozwi\u0105zania bez egzamin\u00f3w.<\/p>\n<h2><strong>Por\u00f3wnanie naszych us\u0142ug z tradycyjnym procesem<\/strong><\/h2>\n<table>\n<thead>\n<tr>\n<th><strong>Cecha<\/strong><\/th>\n<th><strong>GlobalDocs.store<\/strong><\/th>\n<th><strong>Proces tradycyjny<\/strong><\/th>\n<\/tr>\n<\/thead>\n<tbody>\n<tr>\n<td><strong>Wymagane egzaminy<\/strong><\/td>\n<td>Nie<\/td>\n<td>Tak<\/td>\n<\/tr>\n<tr>\n<td><strong>Czas przetwarzania<\/strong><\/td>\n<td>3-5 dni roboczych<\/td>\n<td>Kilka tygodni\/miesi\u0119cy<\/td>\n<\/tr>\n<tr>\n<td><strong>Rejestracja<\/strong><\/td>\n<td>W pe\u0142ni zarejestrowany<\/td>\n<td>Wymaga egzamin\u00f3w<\/td>\n<\/tr>\n<tr>\n<td><strong>Obs\u0142uga klienta<\/strong><\/td>\n<td>Pomoc 24\/7<\/td>\n<td>Ograniczone wsparcie<\/td>\n<\/tr>\n<tr>\n<td><strong>Zgodno\u015b\u0107 z prawem<\/strong><\/td>\n<td>W pe\u0142ni legalne<\/td>\n<td>Zale\u017cy od wynik\u00f3w egzaminu<\/td>\n<\/tr>\n<\/tbody>\n<\/table>\n<h3 data-sourcepos=\"34:1-34:39\"><strong>Dlaczego warto wybra\u0107 nas zamiast konkurencji?<\/strong><\/h3>\n<p data-sourcepos=\"36:1-36:325\">Nasi konkurenci cz\u0119sto skupiaj\u0105 si\u0119 na wprowadzaj\u0105cych w b\u0142\u0105d twierdzeniach o \"\u0142atwych\" lub \"fa\u0142szywych\" licencjach. My oferujemy <em>zgodny z prawem d\u017awi\u0119k<\/em> alternatyw\u0119, zapewniaj\u0105c <em>w pe\u0142ni zarejestrowany<\/em> Polskie prawa jazdy, kt\u00f3re s\u0105 wa\u017cne i uznawane w ca\u0142ej UE. K\u0142adziemy nacisk na przejrzysto\u015b\u0107 i skuteczno\u015b\u0107, zapewniaj\u0105c naszym klientom autentyczn\u0105 i warto\u015bciow\u0105 obs\u0142ug\u0119.<\/p>\n<h2><strong>Historie zadowolonych klient\u00f3w<\/strong><\/h2>\n<h3><strong>Maria z Hiszpanii<\/strong><\/h3>\n<p><em>\"Potrzebowa\u0142em szybko polskiego prawa jazdy, a GlobalDocs.store spe\u0142ni\u0142o moje oczekiwania! Proces przebiega\u0142 sprawnie, a prawo jazdy otrzyma\u0142em w zaledwie 3 dni. Gor\u0105co polecam!\"<\/em><\/p>\n<h3><strong>John z Niemiec<\/strong><\/h3>\n<p><em>\"Bez egzamin\u00f3w, bez stresu! GlobalDocs.store bardzo u\u0142atwi\u0142 mi zdobycie polskiego <a href=\"https:\/\/globaldocs.store\/pl\/dokumenty\/kup-brytyjskie-prawo-jazdy-online\/\">prawo jazdy<\/a>. Jest w pe\u0142ni zarejestrowany i nie mia\u0142em \u017cadnych problem\u00f3w z korzystaniem z niego w ca\u0142ej Europie\".<\/em><\/p>\n<h3><strong>Anna z Francji<\/strong><\/h3>\n<p><em>\"Na pocz\u0105tku by\u0142em sceptyczny, ale GlobalDocs.store okaza\u0142 si\u0119 godny zaufania. Moja licencja dotar\u0142a na czas, a obs\u0142uga klienta by\u0142a doskona\u0142a.\"<\/em><\/p>\n<h2><strong>Cz\u0119sto zadawane pytania (FAQ)<\/strong><\/h2>\n<h3><strong>1. Czy mo\u017cna kupi\u0107 polskie prawo jazdy bez egzamin\u00f3w?<\/strong><\/h3>\n<p>Tak, w\u00a0<strong>GlobalDocs.store<\/strong>zapewniamy\u00a0<strong>w pe\u0142ni legalne i zarejestrowane polskie prawo jazdy<\/strong>\u00a0kt\u00f3re s\u0105 zgodne z przepisami UE.<\/p>\n<h3><strong>2. Jak d\u0142ugo trwa oczekiwanie na licencj\u0119?<\/strong><\/h3>\n<p>Licencj\u0119 otrzymasz w ci\u0105gu\u00a0<strong>3-5 dni roboczych<\/strong>\u00a0po zako\u0144czeniu procesu.<\/p>\n<h3><strong>3. Czy mog\u0119 u\u017cywa\u0107 tej licencji poza Polsk\u0105?<\/strong><\/h3>\n<p>Tak\u00a0<strong>Polskie prawo jazdy<\/strong>\u00a0obowi\u0105zuje we wszystkich krajach UE.<\/p>\n<h3><strong>4. Czy musz\u0119 dostarczy\u0107 jakie\u015b dokumenty?<\/strong><\/h3>\n<p>Wymagamy tylko podstawowych informacji do przetworzenia zam\u00f3wienia. Nie s\u0105 wymagane \u017cadne dodatkowe dokumenty.<\/p>\n<h3><strong>5. Czy licencja jest zarejestrowana w oficjalnych systemach?<\/strong><\/h3>\n<p>Tak, licencja b\u0119dzie w pe\u0142ni zarejestrowana i wa\u017cna w oficjalnych bazach danych.<\/p>\n<h2><strong>Dlaczego GlobalDocs.store jest najlepszym wyborem?<\/strong><\/h2>\n<ul>\n<li><strong>Zaufanie klient\u00f3w w ca\u0142ej Europie<\/strong>: Nasi klienci z Hiszpanii, Niemiec, Francji i innych kraj\u00f3w z powodzeniem uzyskali z nami swoje licencje.<\/li>\n<li><strong>100% Legalny i bezpieczny<\/strong>: Zapewniamy, \u017ce wszystkie dokumenty s\u0105 przetwarzane zgodnie z przepisami UE.<\/li>\n<li><strong>Szybka i niezawodna obs\u0142uga<\/strong>: Uzyskaj licencj\u0119 w ci\u0105gu zaledwie kilku dni bez \u017cadnych k\u0142opot\u00f3w.<\/li>\n<\/ul>\n<h2><strong>Po co czeka\u0107? Zdob\u0105d\u017a polskie prawo jazdy ju\u017c dzi\u015b!<\/strong><\/h2>\n<p>Nie pozw\u00f3l, aby egzaminy i testy Ci\u0119 powstrzyma\u0142y. U\u0142atwiamy <strong>kupi\u0107 polskie prawo jazdy<\/strong>\u00a0kt\u00f3ry jest w pe\u0142ni legalny, zarejestrowany i wa\u017cny w ca\u0142ej Europie. Rozpocznij proces ju\u017c teraz i prowad\u017a bez obaw!<\/p>\n<p><strong><a href=\"https:\/\/globaldocs.store\/pl\/zlozyc-wniosek-o-dokumenty\/\" target=\"_blank\" rel=\"noopener noreferrer\">Kliknij tutaj, aby kupi\u0107 polskie prawo jazdy ju\u017c teraz!<\/a><\/strong><\/p>","protected":false},"excerpt":{"rendered":"<p><strong>Zdob\u0105d\u017a oryginalne polskie prawo jazdy 100% bez egzamin\u00f3w i stresu. Szybkie, bezpieczne i dyskretne us\u0142ugi. Kup polskie prawo jazdy online ju\u017c dzi\u015b!<\/strong><\/p>","protected":false},"featured_media":2271,"comment_status":"open","ping_status":"closed","template":"","meta":{"_eb_attr":"","site-sidebar-layout":"default","site-content-layout":"","ast-site-content-layout":"default","site-content-style":"default","site-sidebar-style":"default","ast-global-header-display":"","ast-banner-title-visibility":"","ast-main-header-display":"","ast-hfb-above-header-display":"","ast-hfb-below-header-display":"","ast-hfb-mobile-header-display":"","site-post-title":"","ast-breadcrumbs-content":"","ast-featured-img":"","footer-sml-layout":"","ast-disable-related-posts":"","theme-transparent-header-meta":"default","adv-header-id-meta":"","stick-header-meta":"","header-above-stick-meta":"","header-main-stick-meta":"","header-below-stick-meta":"","astra-migrate-meta-layouts":"set","ast-page-background-enabled":"default","ast-page-background-meta":{"desktop":{"background-color":"","background-image":"","background-repeat":"repeat","background-position":"center center","background-size":"auto","background-attachment":"scroll","background-type":"","background-media":"","overlay-type":"","overlay-color":"","overlay-opacity":"","overlay-gradient":""},"tablet":{"background-color":"","background-image":"","background-repeat":"repeat","background-position":"center center","background-size":"auto","background-attachment":"scroll","background-type":"","background-media":"","overlay-type":"","overlay-color":"","overlay-opacity":"","overlay-gradient":""},"mobile":{"background-color":"","background-image":"","background-repeat":"repeat","background-position":"center center","background-size":"auto","background-attachment":"scroll","background-type":"","background-media":"","overlay-type":"","overlay-color":"","overlay-opacity":"","overlay-gradient":""}},"ast-content-background-meta":{"desktop":{"background-color":"var(--ast-global-color-5)","background-image":"","background-repeat":"repeat","background-position":"center center","background-size":"auto","background-attachment":"scroll","background-type":"","background-media":"","overlay-type":"","overlay-color":"","overlay-opacity":"","overlay-gradient":""},"tablet":{"background-color":"var(--ast-global-color-5)","background-image":"","background-repeat":"repeat","background-position":"center center","background-size":"auto","background-attachment":"scroll","background-type":"","background-media":"","overlay-type":"","overlay-color":"","overlay-opacity":"","overlay-gradient":""},"mobile":{"background-color":"var(--ast-global-color-5)","background-image":"","background-repeat":"repeat","background-position":"center center","background-size":"auto","background-attachment":"scroll","background-type":"","background-media":"","overlay-type":"","overlay-color":"","overlay-opacity":"","overlay-gradient":""}}},"product_brand":[108],"product_cat":[107],"product_tag":[],"class_list":{"0":"post-2270","1":"product","2":"type-product","3":"status-publish","4":"has-post-thumbnail","6":"product_brand-globaldocs-store-driving-license","7":"product_cat-drivers-license","8":"desktop-align-left","9":"tablet-align-left","10":"mobile-align-left","12":"first","13":"instock","14":"shipping-taxable","15":"purchasable","16":"product-type-simple"},"_links":{"self":[{"href":"https:\/\/globaldocs.store\/pl\/wp-json\/wp\/v2\/product\/2270","targetHints":{"allow":["GET"]}}],"collection":[{"href":"https:\/\/globaldocs.store\/pl\/wp-json\/wp\/v2\/product"}],"about":[{"href":"https:\/\/globaldocs.store\/pl\/wp-json\/wp\/v2\/types\/product"}],"replies":[{"embeddable":true,"href":"https:\/\/globaldocs.store\/pl\/wp-json\/wp\/v2\/comments?post=2270"}],"version-history":[{"count":1,"href":"https:\/\/globaldocs.store\/pl\/wp-json\/wp\/v2\/product\/2270\/revisions"}],"predecessor-version":[{"id":2272,"href":"https:\/\/globaldocs.store\/pl\/wp-json\/wp\/v2\/product\/2270\/revisions\/2272"}],"wp:featuredmedia":[{"embeddable":true,"href":"https:\/\/globaldocs.store\/pl\/wp-json\/wp\/v2\/media\/2271"}],"wp:attachment":[{"href":"https:\/\/globaldocs.store\/pl\/wp-json\/wp\/v2\/media?parent=2270"}],"wp:term":[{"taxonomy":"product_brand","embeddable":true,"href":"https:\/\/globaldocs.store\/pl\/wp-json\/wp\/v2\/product_brand?post=2270"},{"taxonomy":"product_cat","embeddable":true,"href":"https:\/\/globaldocs.store\/pl\/wp-json\/wp\/v2\/product_cat?post=2270"},{"taxonomy":"product_tag","embeddable":true,"href":"https:\/\/globaldocs.store\/pl\/wp-json\/wp\/v2\/product_tag?post=2270"}],"curies":[{"name":"wp","href":"https:\/\/api.w.org\/{rel}","templated":true}]}}