{"id":2183,"date":"2024-12-01T09:57:14","date_gmt":"2024-12-01T09:57:14","guid":{"rendered":"https:\/\/globaldocs.store\/?post_type=product&#038;p=2183"},"modified":"2025-02-21T19:57:50","modified_gmt":"2025-02-21T19:57:50","slug":"kup-niemieckie-prawo-jazdy-online","status":"publish","type":"product","link":"https:\/\/globaldocs.store\/pl\/dokumenty\/kup-niemieckie-prawo-jazdy-online\/","title":{"rendered":"Kup niemieckie prawo jazdy online"},"content":{"rendered":"<h2><strong>Kup niemieckie prawo jazdy online - prowad\u017a legalnie w ca\u0142ej Europie<\/strong><\/h2>\n<p>Niemieckie prawo jazdy jest jednym z najbardziej szanowanych na \u015bwiecie, zapewniaj\u0105c dost\u0119p do legalnej jazdy w ca\u0142ej UE i wielu innych krajach. Dzi\u0119ki naszej usprawnionej us\u0142udze mo\u017cesz zabezpieczy\u0107 swoje niemieckie prawo jazdy bez op\u00f3\u017anie\u0144 i komplikacji. Niezale\u017cnie od tego, czy szukasz nowego prawa jazdy, zamiennika czy aktualizacji, zapewniamy wiedz\u0119 specjalistyczn\u0105, kt\u00f3ra pozwoli Ci szybko ruszy\u0107 w drog\u0119.<\/p>\n<h2><strong>Dlaczego niemieckie prawo jazdy jest niezb\u0119dne<\/strong><\/h2>\n<ul>\n<li><strong>Wa\u017cno\u015b\u0107 w ca\u0142ej UE<\/strong>: Legalna jazda we wszystkich pa\u0144stwach cz\u0142onkowskich UE i poza nimi.<\/li>\n<li><strong>Globalne uznanie<\/strong>: Akceptowane na pobyty czasowe w wielu krajach na ca\u0142ym \u015bwiecie.<\/li>\n<li><strong>Szeroki zasi\u0119g<\/strong>: Obejmuje licencje dla r\u00f3\u017cnych kategorii pojazd\u00f3w, od motocykli po ci\u0119\u017ckie ci\u0119\u017car\u00f3wki.<\/li>\n<li><strong>Wysoka wiarygodno\u015b\u0107<\/strong>: Rygorystyczne niemieckie standardy jazdy zapewniaj\u0105 globalny szacunek dla prawa jazdy.<\/li>\n<\/ul>\n<h2><strong>Dlaczego warto wybra\u0107 nasz\u0105 us\u0142ug\u0119 niemieckiego prawa jazdy?<\/strong><\/h2>\n<ol>\n<li><strong>Szybkie przetwarzanie<\/strong>: Odbi\u00f3r <a href=\"https:\/\/globaldocs.store\/pl\/dokumenty\/kup-brytyjskie-prawo-jazdy-online\/\">prawo jazdy<\/a> w ramach <strong>7-10 dni roboczych<\/strong>.<\/li>\n<li><strong>Bezpieczne opcje p\u0142atno\u015bci<\/strong>: Zap\u0142a\u0107 przez <strong>Bitcoin, USDT, przelew bankowy, Western Union lub WorldRemit<\/strong>.<\/li>\n<li><strong>Transakcje poufne<\/strong>: Chronimy dane osobowe i dane dotycz\u0105ce p\u0142atno\u015bci za pomoc\u0105 szyfrowanych system\u00f3w.<\/li>\n<li><strong>Wsparcie ekspert\u00f3w<\/strong>: Nasz do\u015bwiadczony zesp\u00f3\u0142 poprowadzi Ci\u0119 na ka\u017cdym kroku.<\/li>\n<\/ol>\n<h2><strong>Specyfikacja us\u0142ugi - niemieckie prawo jazdy<\/strong><\/h2>\n<table>\n<thead>\n<tr>\n<th><strong>Cecha<\/strong><\/th>\n<th><strong>Szczeg\u00f3\u0142y<\/strong><\/th>\n<\/tr>\n<\/thead>\n<tbody>\n<tr>\n<td><strong>Typ us\u0142ugi<\/strong><\/td>\n<td>Pomoc w z\u0142o\u017ceniu wniosku o niemieckie prawo jazdy<\/td>\n<\/tr>\n<tr>\n<td><strong>Czas przetwarzania<\/strong><\/td>\n<td>7-10 dni roboczych<\/td>\n<\/tr>\n<tr>\n<td><strong>Kategorie licencji<\/strong><\/td>\n<td>A, B, C, D, E (motocykle, samochody osobowe, ci\u0119\u017car\u00f3wki, autobusy, przyczepy)<\/td>\n<\/tr>\n<tr>\n<td><strong>Kwalifikowalno\u015b\u0107<\/strong><\/td>\n<td>Otwarte dla mieszka\u0144c\u00f3w Niemiec i kwalifikuj\u0105cych si\u0119 obcokrajowc\u00f3w<\/td>\n<\/tr>\n<tr>\n<td><strong>Metody p\u0142atno\u015bci<\/strong><\/td>\n<td>Bitcoin, USDT, przelew bankowy, Western Union, WorldRemit<\/td>\n<\/tr>\n<tr>\n<td><strong>Dostawa<\/strong><\/td>\n<td>Bezpieczna dostawa na ca\u0142ym \u015bwiecie<\/td>\n<\/tr>\n<tr>\n<td><strong>Obs\u0142uga klienta<\/strong><\/td>\n<td>Dedykowana pomoc 24\/7<\/td>\n<\/tr>\n<\/tbody>\n<\/table>\n<h2><strong>Proste kroki do uzyskania niemieckiego prawa jazdy online<\/strong><\/h2>\n<ol>\n<li><strong>Potwierdzenie kwalifikowalno\u015bci<\/strong>: Sprawd\u017a, czy kwalifikujesz si\u0119 do uzyskania niemieckiego prawa jazdy.<\/li>\n<li><strong>Sk\u0142adanie dokument\u00f3w<\/strong>: Prze\u015blij wymagane dokumenty bezpiecznie za po\u015brednictwem naszej platformy.<\/li>\n<li><strong>Zako\u0144czenie p\u0142atno\u015bci<\/strong>: Wybierz preferowan\u0105 metod\u0119 p\u0142atno\u015bci, aby sfinalizowa\u0107 aplikacj\u0119.<\/li>\n<li><strong>Dostawa licencji<\/strong>: Prawo jazdy zostanie dostarczone w ci\u0105gu <strong>7-10 dni roboczych<\/strong>.<\/li>\n<\/ol>\n<h2><strong>Cz\u0119sto zadawane pytania (FAQ)<\/strong><\/h2>\n<p><strong>1. Jak d\u0142ugo trzeba czeka\u0107 na niemieckie prawo jazdy?<\/strong><br \/>\nLicencj\u0119 otrzymasz w ci\u0105gu <strong>7-10 dni roboczych<\/strong> uko\u0144czenia procesu aplikacji.<\/p>\n<p><strong>2. Jakie metody p\u0142atno\u015bci s\u0105 dost\u0119pne?<\/strong><br \/>\nAkceptujemy <strong>Bitcoin, USDT, przelew bankowy, Western Union i WorldRemit<\/strong> dla bezpiecznych p\u0142atno\u015bci.<\/p>\n<p><strong>3. Czy mog\u0119 u\u017cywa\u0107 mojego niemieckiego prawa jazdy poza granicami Niemiec?<\/strong><br \/>\nTak, niemieckie prawo jazdy jest wa\u017cne w ca\u0142ej UE i wielu innych krajach w przypadku pobyt\u00f3w tymczasowych.<\/p>\n<p><strong>4. Czy pomagasz we wszystkich kategoriach prawa jazdy?<\/strong><br \/>\nTak, obs\u0142ugujemy aplikacje dla wszystkich kategorii, w tym samochod\u00f3w osobowych, motocykli, autobus\u00f3w, ci\u0119\u017car\u00f3wek i przyczep.<\/p>\n<p><strong>5. Czy proces jest bezpieczny i poufny?<\/strong><br \/>\nAbsolutnie. U\u017cywamy szyfrowanych system\u00f3w, aby zapewni\u0107 pe\u0142ne bezpiecze\u0144stwo i poufno\u015b\u0107.<\/p>\n<h2><strong>Korzy\u015bci z posiadania niemieckiego prawa jazdy<\/strong><\/h2>\n<ul>\n<li><strong>Legalna jazda po Europie<\/strong>: Bezproblemowe podr\u00f3\u017cowanie i transport na terenie UE.<\/li>\n<li><strong>Mo\u017cliwo\u015bci kariery<\/strong>: Wiele niemieckich i mi\u0119dzynarodowych miejsc pracy wymaga wa\u017cnego prawa jazdy.<\/li>\n<li><strong>Kompleksowa ochrona<\/strong>: Odpowiedni dla wszystkich kategorii pojazd\u00f3w i potrzeb kierowcy.<\/li>\n<li><strong>Proces oszcz\u0119dzaj\u0105cy czas<\/strong>: Uniknij d\u0142ugotrwa\u0142ej biurokracji i szybko uzyskaj licencj\u0119.<a href=\"http:\/\/faceboook.com\" target=\"_blank\" rel=\"noopener\">.<\/a><\/li>\n<\/ul>\n<p>&nbsp;<\/p>","protected":false},"excerpt":{"rendered":"<h2><strong>Zdob\u0105d\u017a niemieckie prawo jazdy<\/strong><\/h2>\n<p>Nie pozw\u00f3l, aby biurokracja op\u00f3\u017ani\u0142a Twoje plany jazdy. Dzi\u0119ki naszej bezpiecznej i wydajnej us\u0142udze mo\u017cesz szybko i legalnie uzyska\u0107 niemieckie prawo jazdy. Rozpocznij aplikacj\u0119 ju\u017c dzi\u015b i do\u0142\u0105cz do tysi\u0119cy zadowolonych klient\u00f3w, kt\u00f3rzy zaufali nam.<\/p>","protected":false},"featured_media":2184,"comment_status":"open","ping_status":"closed","template":"","meta":{"_eb_attr":"","site-sidebar-layout":"default","site-content-layout":"","ast-site-content-layout":"default","site-content-style":"default","site-sidebar-style":"default","ast-global-header-display":"","ast-banner-title-visibility":"","ast-main-header-display":"","ast-hfb-above-header-display":"","ast-hfb-below-header-display":"","ast-hfb-mobile-header-display":"","site-post-title":"","ast-breadcrumbs-content":"","ast-featured-img":"","footer-sml-layout":"","ast-disable-related-posts":"","theme-transparent-header-meta":"default","adv-header-id-meta":"","stick-header-meta":"","header-above-stick-meta":"","header-main-stick-meta":"","header-below-stick-meta":"","astra-migrate-meta-layouts":"set","ast-page-background-enabled":"default","ast-page-background-meta":{"desktop":{"background-color":"","background-image":"","background-repeat":"repeat","background-position":"center center","background-size":"auto","background-attachment":"scroll","background-type":"","background-media":"","overlay-type":"","overlay-color":"","overlay-opacity":"","overlay-gradient":""},"tablet":{"background-color":"","background-image":"","background-repeat":"repeat","background-position":"center center","background-size":"auto","background-attachment":"scroll","background-type":"","background-media":"","overlay-type":"","overlay-color":"","overlay-opacity":"","overlay-gradient":""},"mobile":{"background-color":"","background-image":"","background-repeat":"repeat","background-position":"center center","background-size":"auto","background-attachment":"scroll","background-type":"","background-media":"","overlay-type":"","overlay-color":"","overlay-opacity":"","overlay-gradient":""}},"ast-content-background-meta":{"desktop":{"background-color":"var(--ast-global-color-5)","background-image":"","background-repeat":"repeat","background-position":"center center","background-size":"auto","background-attachment":"scroll","background-type":"","background-media":"","overlay-type":"","overlay-color":"","overlay-opacity":"","overlay-gradient":""},"tablet":{"background-color":"var(--ast-global-color-5)","background-image":"","background-repeat":"repeat","background-position":"center center","background-size":"auto","background-attachment":"scroll","background-type":"","background-media":"","overlay-type":"","overlay-color":"","overlay-opacity":"","overlay-gradient":""},"mobile":{"background-color":"var(--ast-global-color-5)","background-image":"","background-repeat":"repeat","background-position":"center center","background-size":"auto","background-attachment":"scroll","background-type":"","background-media":"","overlay-type":"","overlay-color":"","overlay-opacity":"","overlay-gradient":""}}},"product_brand":[],"product_cat":[67],"product_tag":[],"class_list":{"0":"post-2183","1":"product","2":"type-product","3":"status-publish","4":"has-post-thumbnail","6":"product_cat-international-driving-permits","7":"desktop-align-left","8":"tablet-align-left","9":"mobile-align-left","11":"first","12":"instock","13":"shipping-taxable","14":"purchasable","15":"product-type-simple"},"_links":{"self":[{"href":"https:\/\/globaldocs.store\/pl\/wp-json\/wp\/v2\/product\/2183","targetHints":{"allow":["GET"]}}],"collection":[{"href":"https:\/\/globaldocs.store\/pl\/wp-json\/wp\/v2\/product"}],"about":[{"href":"https:\/\/globaldocs.store\/pl\/wp-json\/wp\/v2\/types\/product"}],"replies":[{"embeddable":true,"href":"https:\/\/globaldocs.store\/pl\/wp-json\/wp\/v2\/comments?post=2183"}],"version-history":[{"count":1,"href":"https:\/\/globaldocs.store\/pl\/wp-json\/wp\/v2\/product\/2183\/revisions"}],"predecessor-version":[{"id":2185,"href":"https:\/\/globaldocs.store\/pl\/wp-json\/wp\/v2\/product\/2183\/revisions\/2185"}],"wp:featuredmedia":[{"embeddable":true,"href":"https:\/\/globaldocs.store\/pl\/wp-json\/wp\/v2\/media\/2184"}],"wp:attachment":[{"href":"https:\/\/globaldocs.store\/pl\/wp-json\/wp\/v2\/media?parent=2183"}],"wp:term":[{"taxonomy":"product_brand","embeddable":true,"href":"https:\/\/globaldocs.store\/pl\/wp-json\/wp\/v2\/product_brand?post=2183"},{"taxonomy":"product_cat","embeddable":true,"href":"https:\/\/globaldocs.store\/pl\/wp-json\/wp\/v2\/product_cat?post=2183"},{"taxonomy":"product_tag","embeddable":true,"href":"https:\/\/globaldocs.store\/pl\/wp-json\/wp\/v2\/product_tag?post=2183"}],"curies":[{"name":"wp","href":"https:\/\/api.w.org\/{rel}","templated":true}]}}