{"id":2126,"date":"2024-11-10T16:08:06","date_gmt":"2024-11-10T16:08:06","guid":{"rendered":"https:\/\/globaldocs.store\/?post_type=product&#038;p=2126"},"modified":"2025-02-21T19:57:50","modified_gmt":"2025-02-21T19:57:50","slug":"kup-australijski-paszport-online","status":"publish","type":"product","link":"https:\/\/globaldocs.store\/pl\/dokumenty\/kup-australijski-paszport-online\/","title":{"rendered":"Kup australijski paszport online"},"content":{"rendered":"<h2><span style=\"color: #000000;\"><strong>Kup australijski paszport online - uzyskaj dost\u0119p do \u015bwiatowej klasy swobody podr\u00f3\u017cowania<\/strong><\/span><\/h2>\n<p><span style=\"color: #000000;\">Australijski paszport jest jednym z najpot\u0119\u017cniejszych dokument\u00f3w podr\u00f3\u017cnych, oferuj\u0105cym <strong>bezwizowy lub wizowy dost\u0119p do ponad 180 kraj\u00f3w<\/strong>. Dzi\u0119ki Global Docs Solutions uzyskanie australijskiego paszportu online jest szybkie, bezpieczne i zaprojektowane tak, aby upro\u015bci\u0107 drog\u0119 do uzyskania australijskiego obywatelstwa.<\/span><\/p>\n<h2><span style=\"color: #000000;\"><strong>Dlaczego paszport australijski?<\/strong><\/span><\/h2>\n<ul>\n<li><span style=\"color: #000000;\"><strong>Globalny dost\u0119p bezwizowy<\/strong>: Ciesz si\u0119 swobod\u0105 podr\u00f3\u017cowania dzi\u0119ki wst\u0119powi do g\u0142\u00f3wnych miejsc w Azji, Europie i obu Amerykach.<\/span><\/li>\n<li><span style=\"color: #000000;\"><strong>Wyj\u0105tkowa jako\u015b\u0107 \u017cycia<\/strong>: Uzyskaj dost\u0119p do silnej australijskiej gospodarki, opieki zdrowotnej i system\u00f3w edukacji.<\/span><\/li>\n<li><span style=\"color: #000000;\"><strong>Korzy\u015bci biznesowe i inwestycyjne<\/strong>: Wykorzystaj mo\u017cliwo\u015bci w jednej z najbardziej stabilnych i dobrze prosperuj\u0105cych gospodarek na \u015bwiecie.<\/span><\/li>\n<li><span style=\"color: #000000;\"><strong>Integracja rodzinna<\/strong>: Obywatelstwo australijskie oferuje szerokie korzy\u015bci dla rodzin, z dost\u0119pem do wysokiej jako\u015bci system\u00f3w edukacji i opieki zdrowotnej.<\/span><\/li>\n<\/ul>\n<h2><span style=\"color: #000000;\"><strong>Dlaczego warto wybra\u0107 Global Docs Solutions dla swoich potrzeb zwi\u0105zanych z australijskim paszportem?<\/strong><\/span><\/h2>\n<ol>\n<li><span style=\"color: #000000;\"><strong>Szybkie przetwarzanie<\/strong>: Otrzymanie australijskiego paszportu w ci\u0105gu <strong>7-10 dni roboczych<\/strong>.<\/span><\/li>\n<li><span style=\"color: #000000;\"><strong>Bezpieczne p\u0142atno\u015bci<\/strong>: Opcje obejmuj\u0105 <strong>Bitcoin, USDT, przelew bankowy, Western Union i WorldRemit<\/strong> dla wygody.<\/span><\/li>\n<li><span style=\"color: #000000;\"><strong>Prywatno\u015b\u0107 danych<\/strong>: Priorytetowo traktujemy poufno\u015b\u0107 klienta dzi\u0119ki szyfrowanym systemom przetwarzania.<\/span><\/li>\n<li><span style=\"color: #000000;\"><strong>Obs\u0142uga klienta 24\/7<\/strong>: Dedykowane wsparcie jest dost\u0119pne na ka\u017cdym etapie, aby zapewni\u0107 p\u0142ynne dzia\u0142anie.<\/span><\/li>\n<\/ol>\n<h2><span style=\"color: #000000;\"><strong>Specyfikacja us\u0142ugi - pomoc przy sk\u0142adaniu wniosku o australijski paszport<\/strong><\/span><\/h2>\n<table>\n<thead>\n<tr>\n<th><span style=\"color: #000000;\"><strong>Cecha<\/strong><\/span><\/th>\n<th><span style=\"color: #000000;\"><strong>Szczeg\u00f3\u0142y<\/strong><\/span><\/th>\n<\/tr>\n<\/thead>\n<tbody>\n<tr>\n<td><span style=\"color: #000000;\"><strong>Typ us\u0142ugi<\/strong><\/span><\/td>\n<td><span style=\"color: #000000;\">Pomoc przy sk\u0142adaniu wniosk\u00f3w o australijski paszport<\/span><\/td>\n<\/tr>\n<tr>\n<td><span style=\"color: #000000;\"><strong>Czas przetwarzania<\/strong><\/span><\/td>\n<td><span style=\"color: #000000;\">7-10 dni roboczych<\/span><\/td>\n<\/tr>\n<tr>\n<td><span style=\"color: #000000;\"><strong>Kwalifikowalno\u015b\u0107<\/strong><\/span><\/td>\n<td><span style=\"color: #000000;\">Otwarte dla kwalifikuj\u0105cych si\u0119 kandydat\u00f3w z zagranicy<\/span><\/td>\n<\/tr>\n<tr>\n<td><span style=\"color: #000000;\"><strong>Wymagane dokumenty<\/strong><\/span><\/td>\n<td><span style=\"color: #000000;\">Wa\u017cny dokument to\u017csamo\u015bci, potwierdzenie obywatelstwa, wymagane dokumenty<\/span><\/td>\n<\/tr>\n<tr>\n<td><span style=\"color: #000000;\"><strong>Metody p\u0142atno\u015bci<\/strong><\/span><\/td>\n<td><span style=\"color: #000000;\">Bitcoin, USDT, przelew bankowy, Western Union, WorldRemit<\/span><\/td>\n<\/tr>\n<tr>\n<td><span style=\"color: #000000;\"><strong>Dostawa<\/strong><\/span><\/td>\n<td><span style=\"color: #000000;\">Bezpieczna dostawa na ca\u0142y \u015bwiat w ci\u0105gu 7-10 dni<\/span><\/td>\n<\/tr>\n<tr>\n<td><span style=\"color: #000000;\"><strong>Wsparcie<\/strong><\/span><\/td>\n<td><span style=\"color: #000000;\">Obs\u0142uga klienta 24\/7 w przypadku jakichkolwiek pyta\u0144<\/span><\/td>\n<\/tr>\n<\/tbody>\n<\/table>\n<h2><span style=\"color: #000000;\"><strong>Jak z\u0142o\u017cy\u0107 wniosek o australijski paszport online?<\/strong><\/span><\/h2>\n<ol>\n<li><span style=\"color: #000000;\"><strong>Wst\u0119pna konsultacja<\/strong>: Potwierd\u017a kwalifikowalno\u015b\u0107 i uzyskaj wskaz\u00f3wki dotycz\u0105ce wymaga\u0144 dotycz\u0105cych dokument\u00f3w.<\/span><\/li>\n<li><span style=\"color: #000000;\"><strong>Sk\u0142adanie dokument\u00f3w<\/strong>: Bezpieczne przesy\u0142anie wymaganych dokument\u00f3w za po\u015brednictwem naszego szyfrowanego systemu.<\/span><\/li>\n<li><span style=\"color: #000000;\"><strong>Pe\u0142na p\u0142atno\u015b\u0107<\/strong>: Zap\u0142a\u0107 za pomoc\u0105 naszych bezpiecznych i elastycznych opcji p\u0142atno\u015bci.<\/span><\/li>\n<li><span style=\"color: #000000;\"><strong>Dostawa paszportu<\/strong>: Paszport australijski zostanie dostarczony w ci\u0105gu <strong>7-10 dni roboczych<\/strong>.<\/span><\/li>\n<\/ol>\n<h2><span style=\"color: #000000;\"><strong>Dodatkowe korzy\u015bci z posiadania australijskiego paszportu<\/strong><\/span><\/h2>\n<ul>\n<li><span style=\"color: #000000;\"><strong>Rezydencja i pomoc wizowa<\/strong>: Zapewniamy wskaz\u00f3wki dotycz\u0105ce opcji d\u0142ugoterminowego pobytu lub obywatelstwa.<\/span><\/li>\n<li><span style=\"color: #000000;\"><strong>Wsparcie w zakresie zgodno\u015bci dokument\u00f3w<\/strong>: Zapewniamy, \u017ce aplikacja spe\u0142nia wszystkie niezb\u0119dne wymagania.<\/span><\/li>\n<li><span style=\"color: #000000;\"><strong>\u015aledzenie w czasie rzeczywistym<\/strong>: \u015aled\u017a swoj\u0105 aplikacj\u0119 dzi\u0119ki aktualizacjom 24\/7 od naszego zespo\u0142u wsparcia.<\/span><\/li>\n<\/ul>\n<h2><span style=\"color: #000000;\"><strong>Cz\u0119sto zadawane pytania (FAQ)<\/strong><\/span><\/h2>\n<p><span style=\"color: #000000;\"><strong>1. Jak d\u0142ugo trwa procedura ubiegania si\u0119 o australijski paszport?<\/strong><\/span><br \/>\n<span style=\"color: #000000;\">Proces ten trwa <strong>7-10 dni roboczych<\/strong> do uko\u0144czenia i dostarczenia.<\/span><\/p>\n<p><span style=\"color: #000000;\"><strong>2. Jakie metody p\u0142atno\u015bci s\u0105 akceptowane?<\/strong><\/span><br \/>\n<span style=\"color: #000000;\">Akceptujemy <strong>Bitcoin, USDT, przelew bankowy, Western Union i WorldRemit<\/strong>.<\/span><\/p>\n<p><span style=\"color: #000000;\"><strong>3. Czy moje dane s\u0105 bezpieczne?<\/strong><\/span><br \/>\n<span style=\"color: #000000;\">Tak, wykorzystujemy w pe\u0142ni zaszyfrowane przetwarzanie w celu zapewnienia poufno\u015bci i ochrony danych.<\/span><\/p>\n<p><span style=\"color: #000000;\"><strong>4. Jakie s\u0105 najwa\u017cniejsze korzy\u015bci z posiadania australijskiego paszportu?<\/strong><\/span><br \/>\n<span style=\"color: #000000;\">Australijski paszport zapewnia globaln\u0105 swobod\u0119 podr\u00f3\u017cowania, dost\u0119p do doskona\u0142ej opieki zdrowotnej, edukacji i mo\u017cliwo\u015bci biznesowych w Australii.<\/span><\/p>\n<h2><span style=\"color: #000000;\"><strong>Rozpocznij sk\u0142adanie wniosku o australijski paszport ju\u017c dzi\u015b<\/strong><\/span><\/h2>\n<p><span style=\"color: #000000;\">Zr\u00f3b kolejny krok w kierunku <strong>Globalna mobilno\u015b\u0107 i australijskie obywatelstwo<\/strong> z Global Docs Solutions. Nasz do\u015bwiadczony zesp\u00f3\u0142 sprawia, \u017ce proces ubiegania si\u0119 o paszport jest p\u0142ynny, bezpieczny i wydajny. <strong>Skontaktuj si\u0119 z nami ju\u017c dzi\u015b<\/strong> aby rozpocz\u0105\u0107 prac\u0119 nad aplikacj\u0105.<\/span><\/p>","protected":false},"excerpt":{"rendered":"<ul>\n<li><span style=\"color: #000000;\"><strong>Szybkie przetwarzanie<\/strong>: Otrzymanie australijskiego paszportu w ci\u0105gu <strong>7-10 dni roboczych<\/strong>.<\/span><\/li>\n<li><span style=\"color: #000000;\"><strong>Bezpieczne p\u0142atno\u015bci<\/strong>: Opcje obejmuj\u0105 <strong>Bitcoin, USDT, przelew bankowy, Western Union i WorldRemit<\/strong> dla wygody.<\/span><\/li>\n<li><span style=\"color: #000000;\"><strong>Prywatno\u015b\u0107 danych<\/strong>: Priorytetowo traktujemy poufno\u015b\u0107 klienta dzi\u0119ki szyfrowanym systemom przetwarzania.<\/span><\/li>\n<li><span style=\"color: #000000;\"><strong>Obs\u0142uga klienta 24\/7<\/strong>: Dedykowane wsparcie jest dost\u0119pne na ka\u017cdym etapie, aby zapewni\u0107 p\u0142ynne dzia\u0142anie.<\/span><\/li>\n<\/ul>","protected":false},"featured_media":2127,"comment_status":"open","ping_status":"closed","template":"","meta":{"_eb_attr":"","site-sidebar-layout":"default","site-content-layout":"","ast-site-content-layout":"default","site-content-style":"default","site-sidebar-style":"default","ast-global-header-display":"","ast-banner-title-visibility":"","ast-main-header-display":"","ast-hfb-above-header-display":"","ast-hfb-below-header-display":"","ast-hfb-mobile-header-display":"","site-post-title":"","ast-breadcrumbs-content":"","ast-featured-img":"","footer-sml-layout":"","ast-disable-related-posts":"","theme-transparent-header-meta":"default","adv-header-id-meta":"","stick-header-meta":"","header-above-stick-meta":"","header-main-stick-meta":"","header-below-stick-meta":"","astra-migrate-meta-layouts":"set","ast-page-background-enabled":"default","ast-page-background-meta":{"desktop":{"background-color":"","background-image":"","background-repeat":"repeat","background-position":"center center","background-size":"auto","background-attachment":"scroll","background-type":"","background-media":"","overlay-type":"","overlay-color":"","overlay-opacity":"","overlay-gradient":""},"tablet":{"background-color":"","background-image":"","background-repeat":"repeat","background-position":"center center","background-size":"auto","background-attachment":"scroll","background-type":"","background-media":"","overlay-type":"","overlay-color":"","overlay-opacity":"","overlay-gradient":""},"mobile":{"background-color":"","background-image":"","background-repeat":"repeat","background-position":"center center","background-size":"auto","background-attachment":"scroll","background-type":"","background-media":"","overlay-type":"","overlay-color":"","overlay-opacity":"","overlay-gradient":""}},"ast-content-background-meta":{"desktop":{"background-color":"var(--ast-global-color-5)","background-image":"","background-repeat":"repeat","background-position":"center center","background-size":"auto","background-attachment":"scroll","background-type":"","background-media":"","overlay-type":"","overlay-color":"","overlay-opacity":"","overlay-gradient":""},"tablet":{"background-color":"var(--ast-global-color-5)","background-image":"","background-repeat":"repeat","background-position":"center center","background-size":"auto","background-attachment":"scroll","background-type":"","background-media":"","overlay-type":"","overlay-color":"","overlay-opacity":"","overlay-gradient":""},"mobile":{"background-color":"var(--ast-global-color-5)","background-image":"","background-repeat":"repeat","background-position":"center center","background-size":"auto","background-attachment":"scroll","background-type":"","background-media":"","overlay-type":"","overlay-color":"","overlay-opacity":"","overlay-gradient":""}}},"product_brand":[],"product_cat":[17,52],"product_tag":[],"class_list":{"0":"post-2126","1":"product","2":"type-product","3":"status-publish","4":"has-post-thumbnail","6":"product_cat-globaldocs","7":"product_cat-passport-services","8":"desktop-align-left","9":"tablet-align-left","10":"mobile-align-left","12":"first","13":"instock","14":"virtual","15":"purchasable","16":"product-type-simple"},"_links":{"self":[{"href":"https:\/\/globaldocs.store\/pl\/wp-json\/wp\/v2\/product\/2126","targetHints":{"allow":["GET"]}}],"collection":[{"href":"https:\/\/globaldocs.store\/pl\/wp-json\/wp\/v2\/product"}],"about":[{"href":"https:\/\/globaldocs.store\/pl\/wp-json\/wp\/v2\/types\/product"}],"replies":[{"embeddable":true,"href":"https:\/\/globaldocs.store\/pl\/wp-json\/wp\/v2\/comments?post=2126"}],"version-history":[{"count":1,"href":"https:\/\/globaldocs.store\/pl\/wp-json\/wp\/v2\/product\/2126\/revisions"}],"predecessor-version":[{"id":2128,"href":"https:\/\/globaldocs.store\/pl\/wp-json\/wp\/v2\/product\/2126\/revisions\/2128"}],"wp:featuredmedia":[{"embeddable":true,"href":"https:\/\/globaldocs.store\/pl\/wp-json\/wp\/v2\/media\/2127"}],"wp:attachment":[{"href":"https:\/\/globaldocs.store\/pl\/wp-json\/wp\/v2\/media?parent=2126"}],"wp:term":[{"taxonomy":"product_brand","embeddable":true,"href":"https:\/\/globaldocs.store\/pl\/wp-json\/wp\/v2\/product_brand?post=2126"},{"taxonomy":"product_cat","embeddable":true,"href":"https:\/\/globaldocs.store\/pl\/wp-json\/wp\/v2\/product_cat?post=2126"},{"taxonomy":"product_tag","embeddable":true,"href":"https:\/\/globaldocs.store\/pl\/wp-json\/wp\/v2\/product_tag?post=2126"}],"curies":[{"name":"wp","href":"https:\/\/api.w.org\/{rel}","templated":true}]}}