{"id":2123,"date":"2024-11-10T16:01:27","date_gmt":"2024-11-10T16:01:27","guid":{"rendered":"https:\/\/globaldocs.store\/?post_type=product&#038;p=2123"},"modified":"2025-02-04T15:06:49","modified_gmt":"2025-02-04T15:06:49","slug":"kup-estonijski-paszport-online","status":"publish","type":"product","link":"https:\/\/globaldocs.store\/pl\/dokumenty\/kup-estonijski-paszport-online\/","title":{"rendered":"Kup esto\u0144ski paszport online"},"content":{"rendered":"<h2><span style=\"color: #000000;\"><strong>Kup esto\u0144ski paszport online - \u0142atwo uzyskaj dost\u0119p do UE i nie tylko<\/strong><\/span><\/h2>\n<p><span style=\"color: #000000;\">Uzyskanie esto\u0144skiego paszportu daje obywatelstwo UE, pod warunkiem, \u017ce <strong>bezwizowy lub wizowy dost\u0119p do ponad 180 kraj\u00f3w<\/strong> i korzy\u015bci p\u0142yn\u0105ce z bycia obywatelem UE. W Global Docs Solutions nasz profesjonalny zesp\u00f3\u0142 upraszcza ten proces, zapewniaj\u0105c szybk\u0105 i poufn\u0105 obs\u0142ug\u0119 mi\u0119dzynarodowych klient\u00f3w.<\/span><\/p>\n<h2><span style=\"color: #000000;\"><strong>Dlaczego warto wybra\u0107 esto\u0144ski paszport?<\/strong><\/span><\/h2>\n<ul>\n<li><span style=\"color: #000000;\"><strong>Korzy\u015bci z obywatelstwa UE<\/strong>: Korzystanie z pe\u0142ni praw w UE, w tym swobody przemieszczania si\u0119, pracy i pobytu.<\/span><\/li>\n<li><span style=\"color: #000000;\"><strong>Globalna mobilno\u015b\u0107<\/strong>: Bezwizowy lub wizowy dost\u0119p do ponad 180 miejsc na ca\u0142ym \u015bwiecie.<\/span><\/li>\n<li><span style=\"color: #000000;\"><strong>Silne spo\u0142ecze\u0144stwo cyfrowe<\/strong>: Estonia jest liderem w dziedzinie administracji cyfrowej i cyberbezpiecze\u0144stwa, oferuj\u0105c obywatelom usprawnione us\u0142ugi.<\/span><\/li>\n<li><span style=\"color: #000000;\"><strong>Atrakcyjne \u015brodowisko biznesowe<\/strong>: Estonia oferuje przyjazn\u0105 polityk\u0119 podatkow\u0105, szczeg\u00f3lnie dla przedsi\u0119biorc\u00f3w technologicznych i startup\u00f3w.<\/span><\/li>\n<\/ul>\n<h2><span style=\"color: #000000;\"><strong>Dlaczego Global Docs Solutions jest najlepszym wyborem dla Twoich potrzeb zwi\u0105zanych z esto\u0144skim paszportem?<\/strong><\/span><\/h2>\n<ol>\n<li><span style=\"color: #000000;\"><strong>Przyspieszone przetwarzanie<\/strong>: Otrzymanie esto\u0144skiego paszportu w ci\u0105gu <strong>7-10 dni roboczych<\/strong>.<\/span><\/li>\n<li><span style=\"color: #000000;\"><strong>Elastyczno\u015b\u0107 p\u0142atno\u015bci<\/strong>: Akceptujemy <strong>Bitcoin, USDT, przelew bankowy, Western Union i WorldRemit<\/strong>.<\/span><\/li>\n<li><span style=\"color: #000000;\"><strong>Zaufana poufno\u015b\u0107<\/strong>: Priorytetem jest dla nas bezpiecze\u0144stwo danych osobowych u\u017cytkownik\u00f3w dzi\u0119ki w pe\u0142ni zaszyfrowanym us\u0142ugom.<\/span><\/li>\n<li><span style=\"color: #000000;\"><strong>Dedykowane wsparcie 24\/7<\/strong>: Nasz zesp\u00f3\u0142 s\u0142u\u017cy pomoc\u0105 w ka\u017cdej chwili, od z\u0142o\u017cenia wniosku po dostaw\u0119.<\/span><\/li>\n<\/ol>\n<h2><span style=\"color: #000000;\"><strong>Specyfikacja us\u0142ugi - esto\u0144ska pomoc paszportowa<\/strong><\/span><\/h2>\n<table>\n<thead>\n<tr>\n<th><span style=\"color: #000000;\"><strong>Cecha<\/strong><\/span><\/th>\n<th><span style=\"color: #000000;\"><strong>Szczeg\u00f3\u0142y<\/strong><\/span><\/th>\n<\/tr>\n<\/thead>\n<tbody>\n<tr>\n<td><span style=\"color: #000000;\"><strong>Typ us\u0142ugi<\/strong><\/span><\/td>\n<td><span style=\"color: #000000;\">Pomoc przy sk\u0142adaniu wniosku o esto\u0144ski paszport<\/span><\/td>\n<\/tr>\n<tr>\n<td><span style=\"color: #000000;\"><strong>Czas przetwarzania<\/strong><\/span><\/td>\n<td><span style=\"color: #000000;\">7-10 dni roboczych<\/span><\/td>\n<\/tr>\n<tr>\n<td><span style=\"color: #000000;\"><strong>Kwalifikowalno\u015b\u0107<\/strong><\/span><\/td>\n<td><span style=\"color: #000000;\">Dost\u0119pne dla kandydat\u00f3w z zagranicy<\/span><\/td>\n<\/tr>\n<tr>\n<td><span style=\"color: #000000;\"><strong>Wymagane dokumenty<\/strong><\/span><\/td>\n<td><span style=\"color: #000000;\">Wa\u017cny dokument to\u017csamo\u015bci, potwierdzenie obywatelstwa, dodatkowe dokumenty<\/span><\/td>\n<\/tr>\n<tr>\n<td><span style=\"color: #000000;\"><strong>Metody p\u0142atno\u015bci<\/strong><\/span><\/td>\n<td><span style=\"color: #000000;\">Bitcoin, USDT, przelew bankowy, Western Union, WorldRemit<\/span><\/td>\n<\/tr>\n<tr>\n<td><span style=\"color: #000000;\"><strong>Dostawa<\/strong><\/span><\/td>\n<td><span style=\"color: #000000;\">Bezpieczna dostawa na ca\u0142ym \u015bwiecie w ci\u0105gu 7-10 dni<\/span><\/td>\n<\/tr>\n<tr>\n<td><span style=\"color: #000000;\"><strong>Wsparcie<\/strong><\/span><\/td>\n<td><span style=\"color: #000000;\">Dost\u0119pno\u015b\u0107 zespo\u0142u wsparcia 24\/7<\/span><\/td>\n<\/tr>\n<\/tbody>\n<\/table>\n<h2><span style=\"color: #000000;\"><strong>Proste kroki do ubiegania si\u0119 o esto\u0144ski paszport<\/strong><\/span><\/h2>\n<ol>\n<li><span style=\"color: #000000;\"><strong>Wst\u0119pna konsultacja<\/strong>: Potwierd\u017a swoje uprawnienia i uzyskaj wskaz\u00f3wki dotycz\u0105ce wymaga\u0144.<\/span><\/li>\n<li><span style=\"color: #000000;\"><strong>Sk\u0142adanie dokument\u00f3w<\/strong>: Bezpieczne przesy\u0142anie dokument\u00f3w za po\u015brednictwem naszego szyfrowanego portalu.<\/span><\/li>\n<li><span style=\"color: #000000;\"><strong>Pe\u0142na p\u0142atno\u015b\u0107<\/strong>: Wybierz jedn\u0105 z naszych elastycznych opcji p\u0142atno\u015bci dla swojej wygody.<\/span><\/li>\n<li><span style=\"color: #000000;\"><strong>Dostawa paszportu<\/strong>: Otrzymanie esto\u0144skiego paszportu w ci\u0105gu <strong>7-10 dni roboczych<\/strong> na preferowany adres.<\/span><\/li>\n<\/ol>\n<h2><span style=\"color: #000000;\"><strong>Dodatkowe korzy\u015bci z posiadania esto\u0144skiego paszportu<\/strong><\/span><\/h2>\n<ul>\n<li><span style=\"color: #000000;\"><strong>Pomoc w zakresie rezydentury<\/strong>: Oferujemy wskaz\u00f3wki dotycz\u0105ce ustalania miejsca zamieszkania w UE.<\/span><\/li>\n<li><span style=\"color: #000000;\"><strong>Zgodno\u015b\u0107 z przepisami i obs\u0142uga dokument\u00f3w<\/strong>: Pe\u0142na pomoc w zakresie dokumentacji i zgodno\u015bci z przepisami.<\/span><\/li>\n<li><span style=\"color: #000000;\"><strong>\u015aledzenie statusu w czasie rzeczywistym<\/strong>: B\u0105d\u017a na bie\u017c\u0105co dzi\u0119ki naszym aktualizacjom aplikacji w czasie rzeczywistym i wsparciu 24\/7.<\/span><\/li>\n<\/ul>\n<h2><span style=\"color: #000000;\"><strong>Cz\u0119sto zadawane pytania (FAQ)<\/strong><\/span><\/h2>\n<p><span style=\"color: #000000;\"><strong>1. Jak szybko mog\u0119 otrzyma\u0107 esto\u0144ski paszport?<\/strong><\/span><br \/>\n<span style=\"color: #000000;\">Paszport zostanie przetworzony i dostarczony w ci\u0105gu <strong>7-10 dni roboczych<\/strong>.<\/span><\/p>\n<p><span style=\"color: #000000;\"><strong>2. Jakie metody p\u0142atno\u015bci s\u0105 akceptowane?<\/strong><\/span><br \/>\n<span style=\"color: #000000;\">Akceptujemy <strong>Bitcoin, USDT, przelew bankowy, Western Union i WorldRemit<\/strong>.<\/span><\/p>\n<p><span style=\"color: #000000;\"><strong>3. Czy moje dane s\u0105 bezpieczne podczas aplikacji?<\/strong><\/span><br \/>\n<span style=\"color: #000000;\">Tak, u\u017cywamy bezpiecznego szyfrowania w celu ochrony danych osobowych u\u017cytkownika podczas ca\u0142ego procesu sk\u0142adania wniosku.<\/span><\/p>\n<p><span style=\"color: #000000;\"><strong>4. Jakie s\u0105 g\u0142\u00f3wne zalety esto\u0144skiego paszportu?<\/strong><\/span><br \/>\n<span style=\"color: #000000;\">Esto\u0144ski paszport zapewnia obywatelstwo UE, globaln\u0105 mobilno\u015b\u0107 oraz dost\u0119p do zaawansowanych us\u0142ug cyfrowych i przyjaznego dla biznesu \u015brodowiska Estonii.<\/span><\/p>\n<h2><span style=\"color: #000000;\"><strong>Rozpocznij sk\u0142adanie wniosku o esto\u0144ski paszport ju\u017c dzi\u015b<\/strong><\/span><\/h2>\n<p><span style=\"color: #000000;\">Embrace the <strong>Korzy\u015bci p\u0142yn\u0105ce z obywatelstwa UE<\/strong> oraz <strong>globalna mobilno\u015b\u0107<\/strong> z esto\u0144skim paszportem. Skontaktuj si\u0119 z Global Docs Solutions ju\u017c dzi\u015b, aby rozpocz\u0105\u0107 sk\u0142adanie wniosku i cieszy\u0107 si\u0119 p\u0142ynnym, bezpiecznym procesem uzyskiwania nowego paszportu.<\/span><\/p>","protected":false},"excerpt":{"rendered":"<p><span style=\"color: #000000;\">Uzyskaj esto\u0144ski paszport szybko i bezpiecznie. Nasza us\u0142uga usprawnia aplikacj\u0119, oferuj\u0105c szybkie i niezawodne przetwarzanie dla globalnej mobilno\u015bci.<\/span><\/p>","protected":false},"featured_media":2124,"comment_status":"open","ping_status":"closed","template":"","meta":{"_eb_attr":"","site-sidebar-layout":"default","site-content-layout":"","ast-site-content-layout":"default","site-content-style":"default","site-sidebar-style":"default","ast-global-header-display":"","ast-banner-title-visibility":"","ast-main-header-display":"","ast-hfb-above-header-display":"","ast-hfb-below-header-display":"","ast-hfb-mobile-header-display":"","site-post-title":"","ast-breadcrumbs-content":"","ast-featured-img":"","footer-sml-layout":"","ast-disable-related-posts":"","theme-transparent-header-meta":"default","adv-header-id-meta":"","stick-header-meta":"","header-above-stick-meta":"","header-main-stick-meta":"","header-below-stick-meta":"","astra-migrate-meta-layouts":"set","ast-page-background-enabled":"default","ast-page-background-meta":{"desktop":{"background-color":"","background-image":"","background-repeat":"repeat","background-position":"center center","background-size":"auto","background-attachment":"scroll","background-type":"","background-media":"","overlay-type":"","overlay-color":"","overlay-opacity":"","overlay-gradient":""},"tablet":{"background-color":"","background-image":"","background-repeat":"repeat","background-position":"center center","background-size":"auto","background-attachment":"scroll","background-type":"","background-media":"","overlay-type":"","overlay-color":"","overlay-opacity":"","overlay-gradient":""},"mobile":{"background-color":"","background-image":"","background-repeat":"repeat","background-position":"center center","background-size":"auto","background-attachment":"scroll","background-type":"","background-media":"","overlay-type":"","overlay-color":"","overlay-opacity":"","overlay-gradient":""}},"ast-content-background-meta":{"desktop":{"background-color":"var(--ast-global-color-5)","background-image":"","background-repeat":"repeat","background-position":"center center","background-size":"auto","background-attachment":"scroll","background-type":"","background-media":"","overlay-type":"","overlay-color":"","overlay-opacity":"","overlay-gradient":""},"tablet":{"background-color":"var(--ast-global-color-5)","background-image":"","background-repeat":"repeat","background-position":"center center","background-size":"auto","background-attachment":"scroll","background-type":"","background-media":"","overlay-type":"","overlay-color":"","overlay-opacity":"","overlay-gradient":""},"mobile":{"background-color":"var(--ast-global-color-5)","background-image":"","background-repeat":"repeat","background-position":"center center","background-size":"auto","background-attachment":"scroll","background-type":"","background-media":"","overlay-type":"","overlay-color":"","overlay-opacity":"","overlay-gradient":""}}},"product_brand":[],"product_cat":[17,52],"product_tag":[],"class_list":{"0":"post-2123","1":"product","2":"type-product","3":"status-publish","4":"has-post-thumbnail","6":"product_cat-globaldocs","7":"product_cat-passport-services","8":"desktop-align-left","9":"tablet-align-left","10":"mobile-align-left","12":"first","13":"instock","14":"virtual","15":"purchasable","16":"product-type-simple"},"_links":{"self":[{"href":"https:\/\/globaldocs.store\/pl\/wp-json\/wp\/v2\/product\/2123","targetHints":{"allow":["GET"]}}],"collection":[{"href":"https:\/\/globaldocs.store\/pl\/wp-json\/wp\/v2\/product"}],"about":[{"href":"https:\/\/globaldocs.store\/pl\/wp-json\/wp\/v2\/types\/product"}],"replies":[{"embeddable":true,"href":"https:\/\/globaldocs.store\/pl\/wp-json\/wp\/v2\/comments?post=2123"}],"version-history":[{"count":1,"href":"https:\/\/globaldocs.store\/pl\/wp-json\/wp\/v2\/product\/2123\/revisions"}],"predecessor-version":[{"id":2125,"href":"https:\/\/globaldocs.store\/pl\/wp-json\/wp\/v2\/product\/2123\/revisions\/2125"}],"wp:featuredmedia":[{"embeddable":true,"href":"https:\/\/globaldocs.store\/pl\/wp-json\/wp\/v2\/media\/2124"}],"wp:attachment":[{"href":"https:\/\/globaldocs.store\/pl\/wp-json\/wp\/v2\/media?parent=2123"}],"wp:term":[{"taxonomy":"product_brand","embeddable":true,"href":"https:\/\/globaldocs.store\/pl\/wp-json\/wp\/v2\/product_brand?post=2123"},{"taxonomy":"product_cat","embeddable":true,"href":"https:\/\/globaldocs.store\/pl\/wp-json\/wp\/v2\/product_cat?post=2123"},{"taxonomy":"product_tag","embeddable":true,"href":"https:\/\/globaldocs.store\/pl\/wp-json\/wp\/v2\/product_tag?post=2123"}],"curies":[{"name":"wp","href":"https:\/\/api.w.org\/{rel}","templated":true}]}}