{"id":2109,"date":"2024-11-10T15:13:21","date_gmt":"2024-11-10T15:13:21","guid":{"rendered":"https:\/\/globaldocs.store\/?post_type=product&#038;p=2109"},"modified":"2024-11-10T15:13:21","modified_gmt":"2024-11-10T15:13:21","slug":"kup-chilijski-paszport-online","status":"publish","type":"product","link":"https:\/\/globaldocs.store\/pl\/dokumenty\/kup-chilijski-paszport-online\/","title":{"rendered":"Kup paszport Chile online"},"content":{"rendered":"<h2><span style=\"color: #000000;\"><strong>Kup paszport Chile online - Tw\u00f3j dost\u0119p do globalnych podr\u00f3\u017cy i chilijskiego obywatelstwa<\/strong><\/span><\/h2>\n<p><span style=\"color: #000000;\">Chilijski paszport oferuje fantastyczne korzy\u015bci, od <strong>ruch bezwizowy<\/strong> do ulepszonych opcji pobytu w Ameryce Po\u0142udniowej i poza ni\u0105. Dzi\u0119ki Global Docs Solutions uzyskanie paszportu Chile jest p\u0142ynnym, bezpiecznym i w pe\u0142ni prowadzonym do\u015bwiadczeniem, zaprojektowanym tak, aby podr\u00f3\u017c do obywatelstwa by\u0142a p\u0142ynna.<\/span><\/p>\n<h2><span style=\"color: #000000;\"><strong>Dlaczego warto wybra\u0107 paszport Chile?<\/strong><\/span><\/h2>\n<ul>\n<li><span style=\"color: #000000;\"><strong>Dost\u0119p bezwizowy i bezwizowy po przyje\u017adzie<\/strong>: Enjoy <strong>bezwizowy lub wizowy wjazd do ponad 130 kraj\u00f3w<\/strong>, w tym UE, Wielkiej Brytanii i cz\u0119\u015bci Azji.<\/span><\/li>\n<li><span style=\"color: #000000;\"><strong>Mo\u017cliwo\u015bci rezydencji w Ameryce Po\u0142udniowej<\/strong>: Uzyskaj dost\u0119p do silnej gospodarki Chile, stabilnego rz\u0105du i wysokiej jako\u015bci \u017cycia.<\/span><\/li>\n<li><span style=\"color: #000000;\"><strong>Potencja\u0142 biznesowy i inwestycyjny<\/strong>: Dobrze prosperuj\u0105ca gospodarka Chile oferuje przyjazne dla biznesu zasady i mo\u017cliwo\u015bci inwestycyjne dla posiadaczy paszport\u00f3w.<\/span><\/li>\n<li><span style=\"color: #000000;\"><strong>Przyjazny dla podw\u00f3jnego obywatelstwa<\/strong>: Chile zezwala na posiadanie podw\u00f3jnego obywatelstwa, co daje wi\u0119ksz\u0105 elastyczno\u015b\u0107 w zakresie globalnego pobytu.<\/span><\/li>\n<\/ul>\n<h2><span style=\"color: #000000;\"><strong>Dlaczego warto zaufa\u0107 Global Docs Solutions w kwestii paszportu Chile?<\/strong><\/span><\/h2>\n<ol>\n<li><span style=\"color: #000000;\"><strong>Szybkie przetwarzanie<\/strong>: Otrzymanie paszportu Chile w ci\u0105gu <strong>7-10 dni roboczych<\/strong>.<\/span><\/li>\n<li><span style=\"color: #000000;\"><strong>Elastyczne opcje p\u0142atno\u015bci<\/strong>: Do wyboru <strong>Bitcoin, USDT, przelew bankowy, Western Union lub WorldRemit<\/strong>.<\/span><\/li>\n<li><span style=\"color: #000000;\"><strong>Profesjonalne wsparcie<\/strong>: Nasz zesp\u00f3\u0142 24\/7 jest gotowy poprowadzi\u0107 Ci\u0119 przez ka\u017cdy etap procesu.<\/span><\/li>\n<li><span style=\"color: #000000;\"><strong>Pe\u0142na poufno\u015b\u0107<\/strong>: Priorytetowo traktujemy prywatno\u015b\u0107 u\u017cytkownik\u00f3w, zapewniaj\u0105c bezpieczne zarz\u0105dzanie ich danymi.<\/span><\/li>\n<\/ol>\n<h2><span style=\"color: #000000;\"><strong>Specyfikacja us\u0142ugi - pomoc paszportowa w Chile<\/strong><\/span><\/h2>\n<table>\n<thead>\n<tr>\n<th><span style=\"color: #000000;\"><strong>Cecha<\/strong><\/span><\/th>\n<th><span style=\"color: #000000;\"><strong>Szczeg\u00f3\u0142y<\/strong><\/span><\/th>\n<\/tr>\n<\/thead>\n<tbody>\n<tr>\n<td><span style=\"color: #000000;\"><strong>Typ us\u0142ugi<\/strong><\/span><\/td>\n<td><span style=\"color: #000000;\">Wniosek o paszport Chile<\/span><\/td>\n<\/tr>\n<tr>\n<td><span style=\"color: #000000;\"><strong>Czas przetwarzania<\/strong><\/span><\/td>\n<td><span style=\"color: #000000;\">7-10 dni roboczych<\/span><\/td>\n<\/tr>\n<tr>\n<td><span style=\"color: #000000;\"><strong>Kwalifikowalno\u015b\u0107<\/strong><\/span><\/td>\n<td><span style=\"color: #000000;\">Otwarte dla kandydat\u00f3w z zagranicy<\/span><\/td>\n<\/tr>\n<tr>\n<td><span style=\"color: #000000;\"><strong>Wymagane dokumenty<\/strong><\/span><\/td>\n<td><span style=\"color: #000000;\">Dokument to\u017csamo\u015bci, dow\u00f3d obywatelstwa i podstawowe informacje<\/span><\/td>\n<\/tr>\n<tr>\n<td><span style=\"color: #000000;\"><strong>Metody p\u0142atno\u015bci<\/strong><\/span><\/td>\n<td><span style=\"color: #000000;\">Bitcoin, USDT, przelew bankowy, Western Union, WorldRemit<\/span><\/td>\n<\/tr>\n<tr>\n<td><span style=\"color: #000000;\"><strong>Dostawa<\/strong><\/span><\/td>\n<td><span style=\"color: #000000;\">Bezpieczna dostawa na ca\u0142ym \u015bwiecie w ci\u0105gu 7-10 dni<\/span><\/td>\n<\/tr>\n<tr>\n<td><span style=\"color: #000000;\"><strong>Wsparcie<\/strong><\/span><\/td>\n<td><span style=\"color: #000000;\">Obs\u0142uga klienta 24\/7<\/span><\/td>\n<\/tr>\n<\/tbody>\n<\/table>\n<h2><span style=\"color: #000000;\"><strong>Jak kupi\u0107 paszport Chile online - prosty proces<\/strong><\/span><\/h2>\n<ol>\n<li><span style=\"color: #000000;\"><strong>Konsultacje<\/strong>: Skontaktuj si\u0119 z nami, aby potwierdzi\u0107 kwalifikowalno\u015b\u0107 i om\u00f3wi\u0107 swoj\u0105 aplikacj\u0119.<\/span><\/li>\n<li><span style=\"color: #000000;\"><strong>Sk\u0142adanie dokument\u00f3w<\/strong>: Prze\u015blij swoje dokumenty za po\u015brednictwem naszego bezpiecznego portalu.<\/span><\/li>\n<li><span style=\"color: #000000;\"><strong>Zako\u0144czenie p\u0142atno\u015bci<\/strong>: Wybierz jedn\u0105 z naszych elastycznych opcji p\u0142atno\u015bci.<\/span><\/li>\n<li><span style=\"color: #000000;\"><strong>Otrzymanie paszportu<\/strong>: Paszport Chile zostanie dostarczony w ci\u0105gu <strong>7-10 dni roboczych<\/strong> w okre\u015blonej lokalizacji.<\/span><\/li>\n<\/ol>\n<h2><span style=\"color: #000000;\"><strong>Dodatkowe korzy\u015bci dla posiadaczy paszport\u00f3w Chile<\/strong><\/span><\/h2>\n<ul>\n<li><span style=\"color: #000000;\"><strong>Przygotowanie i t\u0142umaczenie dokument\u00f3w na wy\u0142\u0105czno\u015b\u0107<\/strong>: Pomagamy we wszelkich wymaganych t\u0142umaczeniach dla unikalnych wymaga\u0144 dotycz\u0105cych dokument\u00f3w w Chile.<\/span><\/li>\n<li><span style=\"color: #000000;\"><strong>Wskaz\u00f3wki dotycz\u0105ce relokacji i pobytu<\/strong>: Uzyskaj wsparcie w zakresie relokacji lub ustanowienia miejsca zamieszkania w Chile.<\/span><\/li>\n<li><span style=\"color: #000000;\"><strong>\u015aledzenie aplikacji 24\/7<\/strong>: Monitoruj post\u0119p aplikacji dzi\u0119ki aktualizacjom w czasie rzeczywistym i wsparciu 24\/7.<\/span><\/li>\n<\/ul>\n<h2><span style=\"color: #000000;\"><strong>Najcz\u0119\u015bciej zadawane pytania<\/strong><\/span><\/h2>\n<p><span style=\"color: #000000;\"><strong>1. Jak szybko otrzymam paszport do Chile?<\/strong><\/span><br \/>\n<span style=\"color: #000000;\">Zazwyczaj przetwarzanie i dostawa trwaj\u0105 <strong>7-10 dni roboczych<\/strong>.<\/span><\/p>\n<p><span style=\"color: #000000;\"><strong>2. Jakie opcje p\u0142atno\u015bci oferujecie?<\/strong><\/span><br \/>\n<span style=\"color: #000000;\">Akceptujemy <strong>Bitcoin, USDT, przelew bankowy, Western Union i WorldRemit<\/strong>.<\/span><\/p>\n<p><span style=\"color: #000000;\"><strong>3. Czy ta us\u0142uga jest poufna?<\/strong><\/span><br \/>\n<span style=\"color: #000000;\">Absolutnie. Nasz proces jest prywatny i bezpieczny, zapewniaj\u0105c pe\u0142n\u0105 poufno\u015b\u0107 wszystkim klientom.<\/span><\/p>\n<p><span style=\"color: #000000;\"><strong>4. Dlaczego powinienem rozwa\u017cy\u0107 paszport Chile?<\/strong><\/span><br \/>\n<span style=\"color: #000000;\">Paszport Chile oferuje ruch bezwizowy, mo\u017cliwo\u015bci ekonomiczne i elastyczno\u015b\u0107 pobytu, co czyni go bardzo cennym dokumentem dla globalnej mobilno\u015bci.<\/span><\/p>\n<h2><span style=\"color: #000000;\"><strong>Rozpocznij aplikacj\u0119 paszportow\u0105 Chile ju\u017c dzi\u015b<\/strong><\/span><\/h2>\n<p><span style=\"color: #000000;\">Odblokuj korzy\u015bci p\u0142yn\u0105ce z <strong>Globalne podr\u00f3\u017ce i rozszerzone opcje pobytu<\/strong> z chilijskim paszportem. Global Docs Solutions oferuje szybk\u0105 i bezpieczn\u0105 \u015bcie\u017ck\u0119 do chilijskiego obywatelstwa, dzi\u0119ki czemu mo\u017cesz rozpocz\u0105\u0107 now\u0105 podr\u00f3\u017c z pewno\u015bci\u0105 siebie. <a href=\"https:\/\/globaldocs.store\/pl\/kontakt-z-nami\/\"><strong>Skontaktuj si\u0119 z nami ju\u017c dzi\u015b<\/strong><\/a> aby z\u0142o\u017cy\u0107 wniosek i cieszy\u0107 si\u0119 swobodami paszportu Chile.<\/span><\/p>","protected":false},"excerpt":{"rendered":"<p><span style=\"color: #000000;\">Uzyskaj paszport Chile online dzi\u0119ki naszej szybkiej i poufnej us\u0142udze. Odblokuj globalne podr\u00f3\u017ce, opcje pobytu i mo\u017cliwo\u015bci ekonomiczne w Ameryce Po\u0142udniowej.<\/span><\/p>","protected":false},"featured_media":2110,"comment_status":"open","ping_status":"closed","template":"","meta":{"_eb_attr":"","site-sidebar-layout":"default","site-content-layout":"","ast-site-content-layout":"default","site-content-style":"default","site-sidebar-style":"default","ast-global-header-display":"","ast-banner-title-visibility":"","ast-main-header-display":"","ast-hfb-above-header-display":"","ast-hfb-below-header-display":"","ast-hfb-mobile-header-display":"","site-post-title":"","ast-breadcrumbs-content":"","ast-featured-img":"","footer-sml-layout":"","ast-disable-related-posts":"","theme-transparent-header-meta":"default","adv-header-id-meta":"","stick-header-meta":"","header-above-stick-meta":"","header-main-stick-meta":"","header-below-stick-meta":"","astra-migrate-meta-layouts":"set","ast-page-background-enabled":"default","ast-page-background-meta":{"desktop":{"background-color":"","background-image":"","background-repeat":"repeat","background-position":"center center","background-size":"auto","background-attachment":"scroll","background-type":"","background-media":"","overlay-type":"","overlay-color":"","overlay-opacity":"","overlay-gradient":""},"tablet":{"background-color":"","background-image":"","background-repeat":"repeat","background-position":"center center","background-size":"auto","background-attachment":"scroll","background-type":"","background-media":"","overlay-type":"","overlay-color":"","overlay-opacity":"","overlay-gradient":""},"mobile":{"background-color":"","background-image":"","background-repeat":"repeat","background-position":"center center","background-size":"auto","background-attachment":"scroll","background-type":"","background-media":"","overlay-type":"","overlay-color":"","overlay-opacity":"","overlay-gradient":""}},"ast-content-background-meta":{"desktop":{"background-color":"var(--ast-global-color-5)","background-image":"","background-repeat":"repeat","background-position":"center center","background-size":"auto","background-attachment":"scroll","background-type":"","background-media":"","overlay-type":"","overlay-color":"","overlay-opacity":"","overlay-gradient":""},"tablet":{"background-color":"var(--ast-global-color-5)","background-image":"","background-repeat":"repeat","background-position":"center center","background-size":"auto","background-attachment":"scroll","background-type":"","background-media":"","overlay-type":"","overlay-color":"","overlay-opacity":"","overlay-gradient":""},"mobile":{"background-color":"var(--ast-global-color-5)","background-image":"","background-repeat":"repeat","background-position":"center center","background-size":"auto","background-attachment":"scroll","background-type":"","background-media":"","overlay-type":"","overlay-color":"","overlay-opacity":"","overlay-gradient":""}}},"product_brand":[],"product_cat":[17,52],"product_tag":[],"class_list":{"0":"post-2109","1":"product","2":"type-product","3":"status-publish","4":"has-post-thumbnail","6":"product_cat-globaldocs","7":"product_cat-passport-services","8":"desktop-align-left","9":"tablet-align-left","10":"mobile-align-left","12":"first","13":"instock","14":"virtual","15":"purchasable","16":"product-type-simple"},"_links":{"self":[{"href":"https:\/\/globaldocs.store\/pl\/wp-json\/wp\/v2\/product\/2109","targetHints":{"allow":["GET"]}}],"collection":[{"href":"https:\/\/globaldocs.store\/pl\/wp-json\/wp\/v2\/product"}],"about":[{"href":"https:\/\/globaldocs.store\/pl\/wp-json\/wp\/v2\/types\/product"}],"replies":[{"embeddable":true,"href":"https:\/\/globaldocs.store\/pl\/wp-json\/wp\/v2\/comments?post=2109"}],"version-history":[{"count":2,"href":"https:\/\/globaldocs.store\/pl\/wp-json\/wp\/v2\/product\/2109\/revisions"}],"predecessor-version":[{"id":2112,"href":"https:\/\/globaldocs.store\/pl\/wp-json\/wp\/v2\/product\/2109\/revisions\/2112"}],"wp:featuredmedia":[{"embeddable":true,"href":"https:\/\/globaldocs.store\/pl\/wp-json\/wp\/v2\/media\/2110"}],"wp:attachment":[{"href":"https:\/\/globaldocs.store\/pl\/wp-json\/wp\/v2\/media?parent=2109"}],"wp:term":[{"taxonomy":"product_brand","embeddable":true,"href":"https:\/\/globaldocs.store\/pl\/wp-json\/wp\/v2\/product_brand?post=2109"},{"taxonomy":"product_cat","embeddable":true,"href":"https:\/\/globaldocs.store\/pl\/wp-json\/wp\/v2\/product_cat?post=2109"},{"taxonomy":"product_tag","embeddable":true,"href":"https:\/\/globaldocs.store\/pl\/wp-json\/wp\/v2\/product_tag?post=2109"}],"curies":[{"name":"wp","href":"https:\/\/api.w.org\/{rel}","templated":true}]}}